{"id":92242,"date":"2024-01-03T23:54:15","date_gmt":"2024-01-03T22:54:15","guid":{"rendered":"https:\/\/swissraft.xyanzkdne.eu\/product\/introduzione-allelicottero-di-granges-robinson-r22-a-partire-da-chf-47500\/"},"modified":"2026-02-06T22:32:43","modified_gmt":"2026-02-06T21:32:43","slug":"introduzione-elicottero-granges-robinson-rh22","status":"publish","type":"product","link":"https:\/\/www.swissraft.ch\/it\/prodotto\/introduzione-elicottero-granges-robinson-rh22\/","title":{"rendered":"Introduzione all&#8217;elicottero di GRANGES &#8211; ROBINSON RH22 &#8211; A partire da CHF 495.00"},"content":{"rendered":"\t\t<div data-elementor-type=\"wp-post\" data-elementor-id=\"92242\" class=\"elementor elementor-92242 elementor-56176\">\n\t\t\t\t\t\t\t\t\t<section class=\"elementor-section elementor-top-section elementor-element elementor-element-3303a7e3 elementor-section-boxed elementor-section-height-default elementor-section-height-default\" data-id=\"3303a7e3\" data-element_type=\"section\">\n\t\t\t\t\t\t<div class=\"elementor-container elementor-column-gap-default\">\n\t\t\t\t\t<div class=\"elementor-column elementor-col-100 elementor-top-column elementor-element elementor-element-16d72dbf\" data-id=\"16d72dbf\" data-element_type=\"column\">\n\t\t\t<div class=\"elementor-widget-wrap elementor-element-populated\">\n\t\t\t\t\t\t\t\t<div class=\"elementor-element elementor-element-d743c03 elementor-widget elementor-widget-text-editor\" data-id=\"d743c03\" data-element_type=\"widget\" data-widget_type=\"text-editor.default\">\n\t\t\t\t<div class=\"elementor-widget-container\">\n\t\t\t\t\t\t\t<h2>SCEGLI LA TUA ATTIVIT\u00c0 QUI SOTTO PER OFFRIRE BUONI REGALO\/BIGLIETTI O EFFETTUARE UNA PRENOTAZIONE<\/h2><table border=\"0\" width=\"580\" cellspacing=\"10\" cellpadding=\"10\"><tbody><tr><td width=\"50%\"><strong>IINTRODUZIONE SU ROBINSON RH22 &#8211; 1 ALUNNO &#8211; Da 30 min.<\/strong><\/td><td><strong>A partire da CHF 513.00 per volo<span class=\"productPrice\"><br \/><\/span><\/strong><\/td><\/tr><tr><td>Informazioni aggiuntive<\/td><td>&#8211; L&#8217;elicottero \u00e8 a vostra esclusiva disposizione<br \/>&#8211; Voi determinate la data e l&#8217;ora di partenza<br \/>&#8211; Peso massimo : 95 kg<br \/>&#8211; Massimo 1 pers.<\/td><\/tr><tr><td>Aerodromo<\/td><td><a href=\"https:\/\/www.google.com\/maps\/place\/47%C2%B010'58.8%22N+7%C2%B024'45.2%22E\/@47.1842958,7.3756682,6136m\/data=!3m1!1e3!4m4!3m3!8m2!3d47.183!4d7.4125556?entry=ttu\" target=\"_blank\" rel=\"noopener\">Granges<\/a><\/td><\/tr><tr><td>Scelta dei tempi di volo<\/td><td>30 \/ 40 \/ 50 \/ 60 \/ 90 min.<\/td><\/tr><tr><td>Durata totale<\/td><td>da 1h15 a 2h15 circa, a seconda del numero di minuti.<\/td><\/tr><tr><td>Appuntamento<\/td><td>Per telefono<\/td><\/tr><tr><td><button class=\"elementor-button\" type=\"button\"><a href=\"https:\/\/swissraft.outdoorbooking.ch\/fo\/products\/1448?base_id=99&amp;category_id=4&amp;order_type=gift_voucher&amp;lang=it\" target=\"_blank\" rel=\"noopener\">ACQUISTO BUONO REGALO \/ BIGLIETTO<\/a><\/button><\/td><td><strong>CHF 513.00 &#8211; 30 min. di volo <\/strong><\/td><\/tr><tr><td><button class=\"elementor-button\" type=\"button\"><a href=\"https:\/\/swissraft.outdoorbooking.ch\/fo\/products\/1018?base_id=99&amp;category_id=4&amp;order_type=gift_voucher&amp;lang=itr\" target=\"_blank\" rel=\"noopener\">ACQUISTO BUONO REGALO \/ BIGLIETTO<\/a><\/button><\/td><td><strong>CHF 600.00 &#8211; 40 min. di volo <\/strong><\/td><\/tr><tr><td><button class=\"elementor-button\" type=\"button\"><a href=\"https:\/\/swissraft.outdoorbooking.ch\/fo\/products\/1019?base_id=99&amp;category_id=4&amp;order_type=gift_voucher&amp;lang=it\" target=\"_blank\" rel=\"noopener\">ACQUISTO BUONO REGALO \/ BIGLIETTO<\/a><\/button><\/td><td><strong>CHF 754.00 &#8211; 50 min. di volo<\/strong><\/td><\/tr><tr><td><a href=\"https:\/\/swissraft.outdoorbooking.ch\/fo\/products\/1020?base_id=99&amp;category_id=4&amp;order_type=gift_voucher&amp;lang=it\"><button class=\"elementor-button\" type=\"button\">ACQUISTO BUONO REGALO \/ BIGLIETTO<\/button><\/a><\/td><td><strong>CHF 910.00 &#8211; 60 min. di volo <\/strong><\/td><\/tr><tr><td><button class=\"elementor-button\" type=\"button\"><a href=\"https:\/\/swissraft.outdoorbooking.ch\/fo\/products\/1865?base_id=29&amp;category_id=4&amp;order_type=gift_voucher&amp;lang=it\" target=\"_blank\" rel=\"noopener\">ACQUISTO BUONO REGALO \/ BIGLETTO<\/a><\/button><\/td><td><strong>CHF 1&#8217;250.00 &#8211; 90 min. di volo <\/strong><\/td><\/tr><tr><td>\u00a0<\/td><td><span class=\"patt\" style=\"font-family: inherit; font-size: inherit;\"><span class=\"plbl\"><strong><em>IMPORTANTE !<\/em><\/strong><br \/><em>Per prenotare, chiamate il numero che si trova in alto a sinistra sul buono regalo\/biglietto.<\/em><\/span><\/span><\/td><\/tr><\/tbody><\/table>\t\t\t\t\t\t<\/div>\n\t\t\t\t<\/div>\n\t\t\t\t\t<\/div>\n\t\t<\/div>\n\t\t\t\t\t\t\t<\/div>\n\t\t<\/section>\n\t\t\t\t\t\t\t<\/div>\n\t\t","protected":false},"excerpt":{"rendered":"<div align=\"justify\">\n<h2 align=\"justify\">Dall&#8217;aeroporto di Grenchen, nel cantone di Soletta, hai scelto un volo introduttivo sul ROBINSON RH22.<\/h2>\n<h3>Il ROBINSON RH22 pu\u00f2 trasportare due persone. Con il suo motore a pistoni, \u00e8 estremamente affidabile ed \u00e8 probabilmente uno dei modelli pi\u00f9 venduti dai clienti privati.<\/h3>\n<\/div>\n<div align=\"justify\">\n<p>Il nostro istruttore ti incontrer\u00e0 all&#8217;aeroporto di Granges. Per prima cosa il tuo istruttore ti dar\u00e0 una rapida introduzione al volo in elicottero.<br \/>\nRaggiungerai quindi il tuo elicottero sulla pista. Ti mostra quali parti meccaniche dell&#8217;elicottero devi controllare per volare in sicurezza.<br \/>\nPoi sali a bordo e prendi il sedile di destra, in quanto sei il pilota. L&#8217;istruttore si siede alla tua sinistra e ti spiega la funzione di ogni quadrante del cruscotto. Contattaci! L&#8217;autorizzazione al decollo viene data e il rotore raggiunge i 520 giri al minuto. Usa la mano sinistra per attivare il lancio generale e decolla dolcemente in hovering. Ora eseguirai una serie di manovre sotto l&#8217;occhio vigile del tuo istruttore, che ha il doppio controllo.<\/p>\n<h3>Al campo di volo di Grenchen abbiamo 3 diversi tipi di elicotteri per un&#8217;introduzione al volo. Non esitare a chiamarci per qualsiasi domanda.<\/h3>\n<p id=\"textarea\" style=\"display: none;\">\nOffriamo voli introduttivi in elicottero dall&#8217;aeroporto internazionale di Berna-Belp. Offriamo anche corsi di formazione per elicotteri dall&#8217;aeroporto di Speck-Fehraltorf. Offriamo anche voli introduttivi dall&#8217;aeroporto di \u00c9pagny, nel cantone di Friburgo. Da un lato, offriamo voli introduttivi in elicottero da Buttwil, nel cantone di Argovia. Offriamo anche voli introduttivi in elicottero vicino a Lucerna, con partenza dall&#8217;eliporto di Pfaffnau. Offriamo anche corsi di formazione in Liechtenstein, con partenza dall&#8217;eliporto di Balzers. Offriamo anche voli introduttivi in elicottero dall&#8217;aeroporto di Sitterdorf, nella Svizzera orientale. Ci sono anche voli introduttivi in elicottero dagli eliporti di St. Moritz e St. Da St. Moritz e Untervaz e dall&#8217;aerodromo di Samedan. Offriamo anche voli introduttivi in elicottero da Locarno-Magadino e Lodrino in Ticino.\n<\/p>\n<p><a id=\"seeMore\" onclick=\"toggleSeeMore()\" href=\"javascript:void(0);\">Leggi tutto<\/a><\/p>\n","protected":false},"featured_media":89282,"comment_status":"open","ping_status":"closed","template":"","meta":{"inline_featured_image":false,"_mi_skip_tracking":false},"product_cat":[410,386,406],"product_tag":[],"class_list":["post-92242","product","type-product","status-publish","has-post-thumbnail","hentry","product_cat-iniziazione-dellelicottero-granges","product_cat-pilotare-se-stessi","product_cat-pilotare-un-elicottero"],"yoast_head":"<!-- This site is optimized with the Yoast SEO plugin v23.6 - https:\/\/yoast.com\/wordpress\/plugins\/seo\/ -->\n<title>Introduzione Robinson RH22 a Granges<\/title>\n<meta name=\"description\" content=\"Introduzione Robinson RH22 a Granges. Prendi il controllo dell&#039;elicottero con un istruttore al tuo fianco, senza ulteriori formalit\u00e0.\" \/>\n<meta name=\"robots\" content=\"index, follow, max-snippet:-1, max-image-preview:large, max-video-preview:-1\" \/>\n<link rel=\"canonical\" href=\"https:\/\/www.swissraft.ch\/it\/prodotto\/introduzione-elicottero-granges-robinson-rh22\/\" \/>\n<meta property=\"og:locale\" content=\"it_IT\" \/>\n<meta property=\"og:type\" content=\"article\" \/>\n<meta property=\"og:title\" content=\"Introduzione Robinson RH22 a Granges\" \/>\n<meta property=\"og:description\" content=\"Introduzione Robinson RH22 a Granges. Prendi il controllo dell&#039;elicottero con un istruttore al tuo fianco, senza ulteriori formalit\u00e0.\" \/>\n<meta property=\"og:url\" content=\"https:\/\/www.swissraft.ch\/it\/prodotto\/introduzione-elicottero-granges-robinson-rh22\/\" \/>\n<meta property=\"og:site_name\" content=\"Swissraft\" \/>\n<meta property=\"article:modified_time\" content=\"2026-02-06T21:32:43+00:00\" \/>\n<meta property=\"og:image\" content=\"https:\/\/www.swissraft.ch\/wp-content\/uploads\/2024\/01\/1-Robinson-rh22-776x776-1-1.jpg\" \/>\n\t<meta property=\"og:image:width\" content=\"776\" \/>\n\t<meta property=\"og:image:height\" content=\"776\" \/>\n\t<meta property=\"og:image:type\" content=\"image\/jpeg\" \/>\n<meta name=\"twitter:card\" content=\"summary_large_image\" \/>\n<meta name=\"twitter:label1\" content=\"Tempo di lettura stimato\" \/>\n\t<meta name=\"twitter:data1\" content=\"1 minuto\" \/>\n<script type=\"application\/ld+json\" class=\"yoast-schema-graph\">{\"@context\":\"https:\/\/schema.org\",\"@graph\":[{\"@type\":\"WebPage\",\"@id\":\"https:\/\/www.swissraft.ch\/it\/prodotto\/introduzione-elicottero-granges-robinson-rh22\/\",\"url\":\"https:\/\/www.swissraft.ch\/it\/prodotto\/introduzione-elicottero-granges-robinson-rh22\/\",\"name\":\"Introduzione Robinson RH22 a Granges\",\"isPartOf\":{\"@id\":\"https:\/\/www.swissraft.ch\/it\/#website\"},\"primaryImageOfPage\":{\"@id\":\"https:\/\/www.swissraft.ch\/it\/prodotto\/introduzione-elicottero-granges-robinson-rh22\/#primaryimage\"},\"image\":{\"@id\":\"https:\/\/www.swissraft.ch\/it\/prodotto\/introduzione-elicottero-granges-robinson-rh22\/#primaryimage\"},\"thumbnailUrl\":\"https:\/\/www.swissraft.ch\/wp-content\/uploads\/2024\/01\/1-Robinson-rh22-776x776-1-1.jpg\",\"datePublished\":\"2024-01-03T22:54:15+00:00\",\"dateModified\":\"2026-02-06T21:32:43+00:00\",\"description\":\"Introduzione Robinson RH22 a Granges. Prendi il controllo dell'elicottero con un istruttore al tuo fianco, senza ulteriori formalit\u00e0.\",\"breadcrumb\":{\"@id\":\"https:\/\/www.swissraft.ch\/it\/prodotto\/introduzione-elicottero-granges-robinson-rh22\/#breadcrumb\"},\"inLanguage\":\"it-IT\",\"potentialAction\":[{\"@type\":\"ReadAction\",\"target\":[\"https:\/\/www.swissraft.ch\/it\/prodotto\/introduzione-elicottero-granges-robinson-rh22\/\"]}]},{\"@type\":\"ImageObject\",\"inLanguage\":\"it-IT\",\"@id\":\"https:\/\/www.swissraft.ch\/it\/prodotto\/introduzione-elicottero-granges-robinson-rh22\/#primaryimage\",\"url\":\"https:\/\/www.swissraft.ch\/wp-content\/uploads\/2024\/01\/1-Robinson-rh22-776x776-1-1.jpg\",\"contentUrl\":\"https:\/\/www.swissraft.ch\/wp-content\/uploads\/2024\/01\/1-Robinson-rh22-776x776-1-1.jpg\",\"width\":776,\"height\":776,\"caption\":\"Introduzione Robinson RH22 di Granges\"},{\"@type\":\"BreadcrumbList\",\"@id\":\"https:\/\/www.swissraft.ch\/it\/prodotto\/introduzione-elicottero-granges-robinson-rh22\/#breadcrumb\",\"itemListElement\":[{\"@type\":\"ListItem\",\"position\":1,\"name\":\"Accueil\",\"item\":\"https:\/\/www.swissraft.ch\/it\/\"},{\"@type\":\"ListItem\",\"position\":2,\"name\":\"Negozio\",\"item\":\"https:\/\/www.swissraft.ch\/it\/negozio\/\"},{\"@type\":\"ListItem\",\"position\":3,\"name\":\"Introduzione all&rsquo;elicottero di GRANGES &#8211; ROBINSON RH22 &#8211; A partire da CHF 495.00\"}]},{\"@type\":\"WebSite\",\"@id\":\"https:\/\/www.swissraft.ch\/it\/#website\",\"url\":\"https:\/\/www.swissraft.ch\/it\/\",\"name\":\"Swissraft\",\"description\":\"To enjoy nature as it is\",\"publisher\":{\"@id\":\"https:\/\/www.swissraft.ch\/it\/#organization\"},\"potentialAction\":[{\"@type\":\"SearchAction\",\"target\":{\"@type\":\"EntryPoint\",\"urlTemplate\":\"https:\/\/www.swissraft.ch\/it\/?s={search_term_string}\"},\"query-input\":{\"@type\":\"PropertyValueSpecification\",\"valueRequired\":true,\"valueName\":\"search_term_string\"}}],\"inLanguage\":\"it-IT\"},{\"@type\":\"Organization\",\"@id\":\"https:\/\/www.swissraft.ch\/it\/#organization\",\"name\":\"Swissraft\",\"url\":\"https:\/\/www.swissraft.ch\/it\/\",\"logo\":{\"@type\":\"ImageObject\",\"inLanguage\":\"it-IT\",\"@id\":\"https:\/\/www.swissraft.ch\/it\/#\/schema\/logo\/image\/\",\"url\":\"https:\/\/www.swissraft.ch\/wp-content\/uploads\/2025\/09\/Capture.jpg\",\"contentUrl\":\"https:\/\/www.swissraft.ch\/wp-content\/uploads\/2025\/09\/Capture.jpg\",\"width\":293,\"height\":108,\"caption\":\"Swissraft\"},\"image\":{\"@id\":\"https:\/\/www.swissraft.ch\/it\/#\/schema\/logo\/image\/\"}}]}<\/script>\n<!-- \/ Yoast SEO plugin. -->","yoast_head_json":{"title":"Introduzione Robinson RH22 a Granges","description":"Introduzione Robinson RH22 a Granges. Prendi il controllo dell'elicottero con un istruttore al tuo fianco, senza ulteriori formalit\u00e0.","robots":{"index":"index","follow":"follow","max-snippet":"max-snippet:-1","max-image-preview":"max-image-preview:large","max-video-preview":"max-video-preview:-1"},"canonical":"https:\/\/www.swissraft.ch\/it\/prodotto\/introduzione-elicottero-granges-robinson-rh22\/","og_locale":"it_IT","og_type":"article","og_title":"Introduzione Robinson RH22 a Granges","og_description":"Introduzione Robinson RH22 a Granges. Prendi il controllo dell'elicottero con un istruttore al tuo fianco, senza ulteriori formalit\u00e0.","og_url":"https:\/\/www.swissraft.ch\/it\/prodotto\/introduzione-elicottero-granges-robinson-rh22\/","og_site_name":"Swissraft","article_modified_time":"2026-02-06T21:32:43+00:00","og_image":[{"width":776,"height":776,"url":"https:\/\/www.swissraft.ch\/wp-content\/uploads\/2024\/01\/1-Robinson-rh22-776x776-1-1.jpg","type":"image\/jpeg"}],"twitter_card":"summary_large_image","twitter_misc":{"Tempo di lettura stimato":"1 minuto"},"schema":{"@context":"https:\/\/schema.org","@graph":[{"@type":"WebPage","@id":"https:\/\/www.swissraft.ch\/it\/prodotto\/introduzione-elicottero-granges-robinson-rh22\/","url":"https:\/\/www.swissraft.ch\/it\/prodotto\/introduzione-elicottero-granges-robinson-rh22\/","name":"Introduzione Robinson RH22 a Granges","isPartOf":{"@id":"https:\/\/www.swissraft.ch\/it\/#website"},"primaryImageOfPage":{"@id":"https:\/\/www.swissraft.ch\/it\/prodotto\/introduzione-elicottero-granges-robinson-rh22\/#primaryimage"},"image":{"@id":"https:\/\/www.swissraft.ch\/it\/prodotto\/introduzione-elicottero-granges-robinson-rh22\/#primaryimage"},"thumbnailUrl":"https:\/\/www.swissraft.ch\/wp-content\/uploads\/2024\/01\/1-Robinson-rh22-776x776-1-1.jpg","datePublished":"2024-01-03T22:54:15+00:00","dateModified":"2026-02-06T21:32:43+00:00","description":"Introduzione Robinson RH22 a Granges. Prendi il controllo dell'elicottero con un istruttore al tuo fianco, senza ulteriori formalit\u00e0.","breadcrumb":{"@id":"https:\/\/www.swissraft.ch\/it\/prodotto\/introduzione-elicottero-granges-robinson-rh22\/#breadcrumb"},"inLanguage":"it-IT","potentialAction":[{"@type":"ReadAction","target":["https:\/\/www.swissraft.ch\/it\/prodotto\/introduzione-elicottero-granges-robinson-rh22\/"]}]},{"@type":"ImageObject","inLanguage":"it-IT","@id":"https:\/\/www.swissraft.ch\/it\/prodotto\/introduzione-elicottero-granges-robinson-rh22\/#primaryimage","url":"https:\/\/www.swissraft.ch\/wp-content\/uploads\/2024\/01\/1-Robinson-rh22-776x776-1-1.jpg","contentUrl":"https:\/\/www.swissraft.ch\/wp-content\/uploads\/2024\/01\/1-Robinson-rh22-776x776-1-1.jpg","width":776,"height":776,"caption":"Introduzione Robinson RH22 di Granges"},{"@type":"BreadcrumbList","@id":"https:\/\/www.swissraft.ch\/it\/prodotto\/introduzione-elicottero-granges-robinson-rh22\/#breadcrumb","itemListElement":[{"@type":"ListItem","position":1,"name":"Accueil","item":"https:\/\/www.swissraft.ch\/it\/"},{"@type":"ListItem","position":2,"name":"Negozio","item":"https:\/\/www.swissraft.ch\/it\/negozio\/"},{"@type":"ListItem","position":3,"name":"Introduzione all&rsquo;elicottero di GRANGES &#8211; ROBINSON RH22 &#8211; A partire da CHF 495.00"}]},{"@type":"WebSite","@id":"https:\/\/www.swissraft.ch\/it\/#website","url":"https:\/\/www.swissraft.ch\/it\/","name":"Swissraft","description":"To enjoy nature as it is","publisher":{"@id":"https:\/\/www.swissraft.ch\/it\/#organization"},"potentialAction":[{"@type":"SearchAction","target":{"@type":"EntryPoint","urlTemplate":"https:\/\/www.swissraft.ch\/it\/?s={search_term_string}"},"query-input":{"@type":"PropertyValueSpecification","valueRequired":true,"valueName":"search_term_string"}}],"inLanguage":"it-IT"},{"@type":"Organization","@id":"https:\/\/www.swissraft.ch\/it\/#organization","name":"Swissraft","url":"https:\/\/www.swissraft.ch\/it\/","logo":{"@type":"ImageObject","inLanguage":"it-IT","@id":"https:\/\/www.swissraft.ch\/it\/#\/schema\/logo\/image\/","url":"https:\/\/www.swissraft.ch\/wp-content\/uploads\/2025\/09\/Capture.jpg","contentUrl":"https:\/\/www.swissraft.ch\/wp-content\/uploads\/2025\/09\/Capture.jpg","width":293,"height":108,"caption":"Swissraft"},"image":{"@id":"https:\/\/www.swissraft.ch\/it\/#\/schema\/logo\/image\/"}}]}},"_links":{"self":[{"href":"https:\/\/www.swissraft.ch\/it\/wp-json\/wp\/v2\/product\/92242","targetHints":{"allow":["GET"]}}],"collection":[{"href":"https:\/\/www.swissraft.ch\/it\/wp-json\/wp\/v2\/product"}],"about":[{"href":"https:\/\/www.swissraft.ch\/it\/wp-json\/wp\/v2\/types\/product"}],"replies":[{"embeddable":true,"href":"https:\/\/www.swissraft.ch\/it\/wp-json\/wp\/v2\/comments?post=92242"}],"version-history":[{"count":10,"href":"https:\/\/www.swissraft.ch\/it\/wp-json\/wp\/v2\/product\/92242\/revisions"}],"predecessor-version":[{"id":129586,"href":"https:\/\/www.swissraft.ch\/it\/wp-json\/wp\/v2\/product\/92242\/revisions\/129586"}],"wp:featuredmedia":[{"embeddable":true,"href":"https:\/\/www.swissraft.ch\/it\/wp-json\/wp\/v2\/media\/89282"}],"wp:attachment":[{"href":"https:\/\/www.swissraft.ch\/it\/wp-json\/wp\/v2\/media?parent=92242"}],"wp:term":[{"taxonomy":"product_cat","embeddable":true,"href":"https:\/\/www.swissraft.ch\/it\/wp-json\/wp\/v2\/product_cat?post=92242"},{"taxonomy":"product_tag","embeddable":true,"href":"https:\/\/www.swissraft.ch\/it\/wp-json\/wp\/v2\/product_tag?post=92242"}],"curies":[{"name":"wp","href":"https:\/\/api.w.org\/{rel}","templated":true}]}}