{"id":92219,"date":"2023-12-29T17:24:20","date_gmt":"2023-12-29T16:24:20","guid":{"rendered":"https:\/\/swissraft.xyanzkdne.eu\/product\/introduzione-a-un-elicottero-pfaffnau-colibri-h120-a-partire-da-chf-83000\/"},"modified":"2024-11-20T09:41:26","modified_gmt":"2024-11-20T08:41:26","slug":"introduzione-a-un-elicottero-pfaffnau-colibri-h120-a-partire-da-chf-83000","status":"publish","type":"product","link":"https:\/\/www.swissraft.ch\/it\/prodotto\/introduzione-a-un-elicottero-pfaffnau-colibri-h120-a-partire-da-chf-83000\/","title":{"rendered":"Introduzione a un elicottero PFAFFNAU &#8211; COLIBRI H120 &#8211; A partire da CHF 830,00"},"content":{"rendered":"\t\t<div data-elementor-type=\"wp-post\" data-elementor-id=\"92219\" class=\"elementor elementor-92219 elementor-55775\">\n\t\t\t\t\t\t\t\t\t<section class=\"elementor-section elementor-top-section elementor-element elementor-element-3303a7e3 elementor-section-boxed elementor-section-height-default elementor-section-height-default\" data-id=\"3303a7e3\" data-element_type=\"section\">\n\t\t\t\t\t\t<div class=\"elementor-container elementor-column-gap-default\">\n\t\t\t\t\t<div class=\"elementor-column elementor-col-100 elementor-top-column elementor-element elementor-element-16d72dbf\" data-id=\"16d72dbf\" data-element_type=\"column\">\n\t\t\t<div class=\"elementor-widget-wrap elementor-element-populated\">\n\t\t\t\t\t\t\t\t<div class=\"elementor-element elementor-element-d743c03 elementor-widget elementor-widget-text-editor\" data-id=\"d743c03\" data-element_type=\"widget\" data-widget_type=\"text-editor.default\">\n\t\t\t\t<div class=\"elementor-widget-container\">\n\t\t\t\t\t\t\t<h2>SCEGLI LA TUA ATTIVIT\u00c0 QUI SOTTO PER OFFRIRE BUONI REGALO\/BIGLIETTI O EFFETTUARE UNA PRENOTAZIONE<\/h2>\n<table border=\"0\" width=\"580\" cellspacing=\"10\" cellpadding=\"10\">\n<tbody>\n<tr>\n<td width=\"50%\"><strong>INIZIAZIONE CON COLIBRI H120 &#8211; 1 ALUNNO &#8211; Da 30 minuti.<\/strong><\/td>\n<td><strong>CHF 830,00 per volo<span class=\"productPrice\"><br \/><\/span><\/strong><\/td>\n<\/tr>\n<tr>\n<td>Informazioni aggiuntive<\/td>\n<td>\n<p>&#8211; Utilizzi l&#8217;elicottero esclusivamente per te &#8211; Decidi tu la data e l&#8217;ora di partenza &#8211; Massimo 1 persona.<\/td>\n<\/tr>\n<tr>\n<td>Eliporto<\/td>\n<td><a href=\"https:\/\/www.google.com\/maps\/place\/47%C2%B014'05.9%22N+7%C2%B054'34.3%22E\/@47.2351812,7.9050044,758m\/data=!3m1!1e3!4m4!3m3!8m2!3d47.2349722!4d7.9095278?entry=ttu\" target=\"_blank\" rel=\"noopener\">Pfaffnau<\/a><\/td>\n<\/tr>\n<tr>\n<td>Scelta dei tempi di volo<\/td>\n<td>30 \/ 40 minuti.<\/td>\n<\/tr>\n<tr>\n<td>Durata totale<\/td>\n<td>da 1h15 a 1h30 circa, a seconda del numero di minuti.<\/td>\n<\/tr>\n<tr>\n<td>Appuntamento<\/td>\n<td>Per telefono<\/td>\n<\/tr>\n<tr>\n<td><button class=\"elementor-button\" type=\"button\"><a href=\"https:\/\/swissraft.outdoorbooking.ch\/fo\/products\/1354?base_id=11&amp;category_id=4&amp;order_type=gift_voucher&amp;lang=it\" target=\"_blank\" rel=\"noopener\">BUONO REGALO<\/a><\/button><\/td>\n<td><strong>CHF 830,00 &#8211; 30 min. per volo <\/strong><\/td>\n<\/tr>\n<tr>\n<td><button class=\"elementor-button\" type=\"button\"><a href=\"https:\/\/swissraft.outdoorbooking.ch\/fo\/products\/1355?base_id=11&amp;category_id=4&amp;order_type=gift_voucher&amp;lang=it\" target=\"_blank\" rel=\"noopener\">BUONO REGALO<\/a><\/button><\/td>\n<td><strong>CHF 1&#8217;100.00 &#8211; 40 min. per volo <\/strong><\/td>\n<\/tr>\n<tr>\n<td> <\/td>\n<td>Per effettuare una prenotazione <span class=\"patt\" style=\"font-family: inherit; font-size: inherit;\"><span class=\"plbl\"><span class=\"patt\"><a href=\"https:\/\/www.swissraft.ch\/it\/contattaci\/\">contattaci<\/a><\/span><\/span><\/span><\/td>\n<\/tr>\n<\/tbody>\n<\/table>\n\t\t\t\t\t\t<\/div>\n\t\t\t\t<\/div>\n\t\t\t\t\t<\/div>\n\t\t<\/div>\n\t\t\t\t\t\t\t<\/div>\n\t\t<\/section>\n\t\t\t\t\t\t\t<\/div>\n\t\t","protected":false},"excerpt":{"rendered":"<div align=\"justify\">\n<h2 align=\"justify\">Partendo dall&#8217;eliporto di Pfaffnau, vicino a Lucerna, ti verr\u00e0 presentata la COLIBRI H120.<\/h2>\n<h3>Il COLIBRI H120 ha 5 posti, compreso quello del pilota. Elicottero ad alte prestazioni e silenzioso grazie alla carenatura del rotore di coda <\/h3>\n<\/div>\n<div align=\"justify\">\n<p>Il Colibr\u00ec H120 pu\u00f2 operare fino a 6.000 metri di altitudine. Ha un&#8217;autonomia di 730 km. Il tuo istruttore ti dar\u00e0 una rapida lezione teorica sull&#8217;elicottero prima di dirigerti verso la pista per raggiungere il tuo elicottero. Insieme ispezionate l&#8217;aereo e l&#8217;istruttore vi mostra le aree cruciali da controllare per un volo sicuro. Ora sali a bordo e prendi posto sul sedile destro come pilota dell&#8217;elicottero. Il tuo istruttore siede sul sedile di sinistra. Si avvia la turbina con il suo caratteristico fischio e il rotore inizia a girare fino a raggiungere i 412 giri al minuto. Ricevi quindi l&#8217;autorizzazione al decollo dalla torre di controllo e attivi il passo generale (collettivo) per lasciare lentamente la pista.<\/p>\n<h3>Swissraft pu\u00f2 fornirti diversi tipi di elicotteri per introdurti al volo. Non esitare a chiamarci. <\/h3>\n<p id=\"textarea\" style=\"display: none;\">\nOffriamo voli introduttivi in elicottero dall&#8217;aeroporto di Berna-Belp. Ma anche dall&#8217;aerodromo di Fehraltorf, sempre nel cantone di Zurigo. Offriamo anche corsi di formazione nel cantone di Friburgo en Gruy\u00e8re a \u00c9pagny. Nel cantone di Argovia, offriamo anche voli introduttivi in elicottero dall&#8217;aeroporto di Buttwil. Inoltre, nel cantone di Soletta abbiamo voli introduttivi in partenza da Grenchen. Da un lato, offriamo voli introduttivi in elicottero da Balzers al Liechtenstein. E nella Svizzera orientale dall&#8217;aerodromo di Sitterdorf. Ci saranno anche dei corsi introduttivi presso gli eliporti di Untervaz, St. Moritz e l&#8217;aerodromo di Samedan nei Grigioni. Offriamo anche voli introduttivi in elicottero in Ticino da Locarno e Lodrino.\n<\/p>\n<p><a id=\"seeMore\" onclick=\"toggleSeeMore()\" href=\"javascript:void(0);\">Leggi tutto<\/a><\/p>\n","protected":false},"featured_media":89159,"comment_status":"open","ping_status":"closed","template":"","meta":{"inline_featured_image":false,"_mi_skip_tracking":false},"product_cat":[453,386,406],"product_tag":[],"class_list":["post-92219","product","type-product","status-publish","has-post-thumbnail","hentry","product_cat-iniziazione-dellelicottero-pfaffnau","product_cat-pilotare-se-stessi","product_cat-pilotare-un-elicottero"],"yoast_head":"<!-- This site is optimized with the Yoast SEO plugin v23.6 - https:\/\/yoast.com\/wordpress\/plugins\/seo\/ -->\n<title>Introduzione al Colibr\u00ec H120 di Pfaffnau. Un elicottero molto silenzioso<\/title>\n<meta name=\"description\" content=\"Introduzione al Colibr\u00ec H120 a Pfaffnau. Prendi i comandi del tuo elicottero Colibri H120 seduto alla destra del tuo istruttore.\" \/>\n<meta name=\"robots\" content=\"index, follow, max-snippet:-1, max-image-preview:large, max-video-preview:-1\" \/>\n<link rel=\"canonical\" href=\"https:\/\/www.swissraft.ch\/it\/prodotto\/introduzione-a-un-elicottero-pfaffnau-colibri-h120-a-partire-da-chf-83000\/\" \/>\n<meta property=\"og:locale\" content=\"it_IT\" \/>\n<meta property=\"og:type\" content=\"article\" \/>\n<meta property=\"og:title\" content=\"Introduzione al Colibr\u00ec H120 di Pfaffnau. Un elicottero molto silenzioso\" \/>\n<meta property=\"og:description\" content=\"Introduzione al Colibr\u00ec H120 a Pfaffnau. Prendi i comandi del tuo elicottero Colibri H120 seduto alla destra del tuo istruttore.\" \/>\n<meta property=\"og:url\" content=\"https:\/\/www.swissraft.ch\/it\/prodotto\/introduzione-a-un-elicottero-pfaffnau-colibri-h120-a-partire-da-chf-83000\/\" \/>\n<meta property=\"og:site_name\" content=\"Swissraft\" \/>\n<meta property=\"article:modified_time\" content=\"2024-11-20T08:41:26+00:00\" \/>\n<meta property=\"og:image\" content=\"https:\/\/www.swissraft.ch\/wp-content\/uploads\/2023\/12\/1-COLIBRI-H120-776x776-1.jpg\" \/>\n\t<meta property=\"og:image:width\" content=\"776\" \/>\n\t<meta property=\"og:image:height\" content=\"776\" \/>\n\t<meta property=\"og:image:type\" content=\"image\/jpeg\" \/>\n<meta name=\"twitter:card\" content=\"summary_large_image\" \/>\n<script type=\"application\/ld+json\" class=\"yoast-schema-graph\">{\"@context\":\"https:\/\/schema.org\",\"@graph\":[{\"@type\":\"WebPage\",\"@id\":\"https:\/\/www.swissraft.ch\/it\/prodotto\/introduzione-a-un-elicottero-pfaffnau-colibri-h120-a-partire-da-chf-83000\/\",\"url\":\"https:\/\/www.swissraft.ch\/it\/prodotto\/introduzione-a-un-elicottero-pfaffnau-colibri-h120-a-partire-da-chf-83000\/\",\"name\":\"Introduzione al Colibr\u00ec H120 di Pfaffnau. Un elicottero molto silenzioso\",\"isPartOf\":{\"@id\":\"https:\/\/www.swissraft.ch\/it\/#website\"},\"primaryImageOfPage\":{\"@id\":\"https:\/\/www.swissraft.ch\/it\/prodotto\/introduzione-a-un-elicottero-pfaffnau-colibri-h120-a-partire-da-chf-83000\/#primaryimage\"},\"image\":{\"@id\":\"https:\/\/www.swissraft.ch\/it\/prodotto\/introduzione-a-un-elicottero-pfaffnau-colibri-h120-a-partire-da-chf-83000\/#primaryimage\"},\"thumbnailUrl\":\"https:\/\/www.swissraft.ch\/wp-content\/uploads\/2023\/12\/1-COLIBRI-H120-776x776-1.jpg\",\"datePublished\":\"2023-12-29T16:24:20+00:00\",\"dateModified\":\"2024-11-20T08:41:26+00:00\",\"description\":\"Introduzione al Colibr\u00ec H120 a Pfaffnau. Prendi i comandi del tuo elicottero Colibri H120 seduto alla destra del tuo istruttore.\",\"breadcrumb\":{\"@id\":\"https:\/\/www.swissraft.ch\/it\/prodotto\/introduzione-a-un-elicottero-pfaffnau-colibri-h120-a-partire-da-chf-83000\/#breadcrumb\"},\"inLanguage\":\"it-IT\",\"potentialAction\":[{\"@type\":\"ReadAction\",\"target\":[\"https:\/\/www.swissraft.ch\/it\/prodotto\/introduzione-a-un-elicottero-pfaffnau-colibri-h120-a-partire-da-chf-83000\/\"]}]},{\"@type\":\"ImageObject\",\"inLanguage\":\"it-IT\",\"@id\":\"https:\/\/www.swissraft.ch\/it\/prodotto\/introduzione-a-un-elicottero-pfaffnau-colibri-h120-a-partire-da-chf-83000\/#primaryimage\",\"url\":\"https:\/\/www.swissraft.ch\/wp-content\/uploads\/2023\/12\/1-COLIBRI-H120-776x776-1.jpg\",\"contentUrl\":\"https:\/\/www.swissraft.ch\/wp-content\/uploads\/2023\/12\/1-COLIBRI-H120-776x776-1.jpg\",\"width\":776,\"height\":776,\"caption\":\"Introduzione al volo con un Colibri H12 di Pfaffnau\"},{\"@type\":\"BreadcrumbList\",\"@id\":\"https:\/\/www.swissraft.ch\/it\/prodotto\/introduzione-a-un-elicottero-pfaffnau-colibri-h120-a-partire-da-chf-83000\/#breadcrumb\",\"itemListElement\":[{\"@type\":\"ListItem\",\"position\":1,\"name\":\"Accueil\",\"item\":\"https:\/\/www.swissraft.ch\/it\/\"},{\"@type\":\"ListItem\",\"position\":2,\"name\":\"Negozio\",\"item\":\"https:\/\/www.swissraft.ch\/it\/negozio\/\"},{\"@type\":\"ListItem\",\"position\":3,\"name\":\"Introduzione a un elicottero PFAFFNAU &#8211; COLIBRI H120 &#8211; A partire da CHF 830,00\"}]},{\"@type\":\"WebSite\",\"@id\":\"https:\/\/www.swissraft.ch\/it\/#website\",\"url\":\"https:\/\/www.swissraft.ch\/it\/\",\"name\":\"Swissraft\",\"description\":\"To enjoy nature as it is\",\"publisher\":{\"@id\":\"https:\/\/www.swissraft.ch\/it\/#organization\"},\"potentialAction\":[{\"@type\":\"SearchAction\",\"target\":{\"@type\":\"EntryPoint\",\"urlTemplate\":\"https:\/\/www.swissraft.ch\/it\/?s={search_term_string}\"},\"query-input\":{\"@type\":\"PropertyValueSpecification\",\"valueRequired\":true,\"valueName\":\"search_term_string\"}}],\"inLanguage\":\"it-IT\"},{\"@type\":\"Organization\",\"@id\":\"https:\/\/www.swissraft.ch\/it\/#organization\",\"name\":\"Swissraft\",\"url\":\"https:\/\/www.swissraft.ch\/it\/\",\"logo\":{\"@type\":\"ImageObject\",\"inLanguage\":\"it-IT\",\"@id\":\"https:\/\/www.swissraft.ch\/it\/#\/schema\/logo\/image\/\",\"url\":\"https:\/\/www.swissraft.ch\/wp-content\/uploads\/2025\/09\/Capture.jpg\",\"contentUrl\":\"https:\/\/www.swissraft.ch\/wp-content\/uploads\/2025\/09\/Capture.jpg\",\"width\":293,\"height\":108,\"caption\":\"Swissraft\"},\"image\":{\"@id\":\"https:\/\/www.swissraft.ch\/it\/#\/schema\/logo\/image\/\"}}]}<\/script>\n<!-- \/ Yoast SEO plugin. -->","yoast_head_json":{"title":"Introduzione al Colibr\u00ec H120 di Pfaffnau. Un elicottero molto silenzioso","description":"Introduzione al Colibr\u00ec H120 a Pfaffnau. Prendi i comandi del tuo elicottero Colibri H120 seduto alla destra del tuo istruttore.","robots":{"index":"index","follow":"follow","max-snippet":"max-snippet:-1","max-image-preview":"max-image-preview:large","max-video-preview":"max-video-preview:-1"},"canonical":"https:\/\/www.swissraft.ch\/it\/prodotto\/introduzione-a-un-elicottero-pfaffnau-colibri-h120-a-partire-da-chf-83000\/","og_locale":"it_IT","og_type":"article","og_title":"Introduzione al Colibr\u00ec H120 di Pfaffnau. Un elicottero molto silenzioso","og_description":"Introduzione al Colibr\u00ec H120 a Pfaffnau. Prendi i comandi del tuo elicottero Colibri H120 seduto alla destra del tuo istruttore.","og_url":"https:\/\/www.swissraft.ch\/it\/prodotto\/introduzione-a-un-elicottero-pfaffnau-colibri-h120-a-partire-da-chf-83000\/","og_site_name":"Swissraft","article_modified_time":"2024-11-20T08:41:26+00:00","og_image":[{"width":776,"height":776,"url":"https:\/\/www.swissraft.ch\/wp-content\/uploads\/2023\/12\/1-COLIBRI-H120-776x776-1.jpg","type":"image\/jpeg"}],"twitter_card":"summary_large_image","schema":{"@context":"https:\/\/schema.org","@graph":[{"@type":"WebPage","@id":"https:\/\/www.swissraft.ch\/it\/prodotto\/introduzione-a-un-elicottero-pfaffnau-colibri-h120-a-partire-da-chf-83000\/","url":"https:\/\/www.swissraft.ch\/it\/prodotto\/introduzione-a-un-elicottero-pfaffnau-colibri-h120-a-partire-da-chf-83000\/","name":"Introduzione al Colibr\u00ec H120 di Pfaffnau. Un elicottero molto silenzioso","isPartOf":{"@id":"https:\/\/www.swissraft.ch\/it\/#website"},"primaryImageOfPage":{"@id":"https:\/\/www.swissraft.ch\/it\/prodotto\/introduzione-a-un-elicottero-pfaffnau-colibri-h120-a-partire-da-chf-83000\/#primaryimage"},"image":{"@id":"https:\/\/www.swissraft.ch\/it\/prodotto\/introduzione-a-un-elicottero-pfaffnau-colibri-h120-a-partire-da-chf-83000\/#primaryimage"},"thumbnailUrl":"https:\/\/www.swissraft.ch\/wp-content\/uploads\/2023\/12\/1-COLIBRI-H120-776x776-1.jpg","datePublished":"2023-12-29T16:24:20+00:00","dateModified":"2024-11-20T08:41:26+00:00","description":"Introduzione al Colibr\u00ec H120 a Pfaffnau. Prendi i comandi del tuo elicottero Colibri H120 seduto alla destra del tuo istruttore.","breadcrumb":{"@id":"https:\/\/www.swissraft.ch\/it\/prodotto\/introduzione-a-un-elicottero-pfaffnau-colibri-h120-a-partire-da-chf-83000\/#breadcrumb"},"inLanguage":"it-IT","potentialAction":[{"@type":"ReadAction","target":["https:\/\/www.swissraft.ch\/it\/prodotto\/introduzione-a-un-elicottero-pfaffnau-colibri-h120-a-partire-da-chf-83000\/"]}]},{"@type":"ImageObject","inLanguage":"it-IT","@id":"https:\/\/www.swissraft.ch\/it\/prodotto\/introduzione-a-un-elicottero-pfaffnau-colibri-h120-a-partire-da-chf-83000\/#primaryimage","url":"https:\/\/www.swissraft.ch\/wp-content\/uploads\/2023\/12\/1-COLIBRI-H120-776x776-1.jpg","contentUrl":"https:\/\/www.swissraft.ch\/wp-content\/uploads\/2023\/12\/1-COLIBRI-H120-776x776-1.jpg","width":776,"height":776,"caption":"Introduzione al volo con un Colibri H12 di Pfaffnau"},{"@type":"BreadcrumbList","@id":"https:\/\/www.swissraft.ch\/it\/prodotto\/introduzione-a-un-elicottero-pfaffnau-colibri-h120-a-partire-da-chf-83000\/#breadcrumb","itemListElement":[{"@type":"ListItem","position":1,"name":"Accueil","item":"https:\/\/www.swissraft.ch\/it\/"},{"@type":"ListItem","position":2,"name":"Negozio","item":"https:\/\/www.swissraft.ch\/it\/negozio\/"},{"@type":"ListItem","position":3,"name":"Introduzione a un elicottero PFAFFNAU &#8211; COLIBRI H120 &#8211; A partire da CHF 830,00"}]},{"@type":"WebSite","@id":"https:\/\/www.swissraft.ch\/it\/#website","url":"https:\/\/www.swissraft.ch\/it\/","name":"Swissraft","description":"To enjoy nature as it is","publisher":{"@id":"https:\/\/www.swissraft.ch\/it\/#organization"},"potentialAction":[{"@type":"SearchAction","target":{"@type":"EntryPoint","urlTemplate":"https:\/\/www.swissraft.ch\/it\/?s={search_term_string}"},"query-input":{"@type":"PropertyValueSpecification","valueRequired":true,"valueName":"search_term_string"}}],"inLanguage":"it-IT"},{"@type":"Organization","@id":"https:\/\/www.swissraft.ch\/it\/#organization","name":"Swissraft","url":"https:\/\/www.swissraft.ch\/it\/","logo":{"@type":"ImageObject","inLanguage":"it-IT","@id":"https:\/\/www.swissraft.ch\/it\/#\/schema\/logo\/image\/","url":"https:\/\/www.swissraft.ch\/wp-content\/uploads\/2025\/09\/Capture.jpg","contentUrl":"https:\/\/www.swissraft.ch\/wp-content\/uploads\/2025\/09\/Capture.jpg","width":293,"height":108,"caption":"Swissraft"},"image":{"@id":"https:\/\/www.swissraft.ch\/it\/#\/schema\/logo\/image\/"}}]}},"_links":{"self":[{"href":"https:\/\/www.swissraft.ch\/it\/wp-json\/wp\/v2\/product\/92219","targetHints":{"allow":["GET"]}}],"collection":[{"href":"https:\/\/www.swissraft.ch\/it\/wp-json\/wp\/v2\/product"}],"about":[{"href":"https:\/\/www.swissraft.ch\/it\/wp-json\/wp\/v2\/types\/product"}],"replies":[{"embeddable":true,"href":"https:\/\/www.swissraft.ch\/it\/wp-json\/wp\/v2\/comments?post=92219"}],"version-history":[{"count":0,"href":"https:\/\/www.swissraft.ch\/it\/wp-json\/wp\/v2\/product\/92219\/revisions"}],"wp:featuredmedia":[{"embeddable":true,"href":"https:\/\/www.swissraft.ch\/it\/wp-json\/wp\/v2\/media\/89159"}],"wp:attachment":[{"href":"https:\/\/www.swissraft.ch\/it\/wp-json\/wp\/v2\/media?parent=92219"}],"wp:term":[{"taxonomy":"product_cat","embeddable":true,"href":"https:\/\/www.swissraft.ch\/it\/wp-json\/wp\/v2\/product_cat?post=92219"},{"taxonomy":"product_tag","embeddable":true,"href":"https:\/\/www.swissraft.ch\/it\/wp-json\/wp\/v2\/product_tag?post=92219"}],"curies":[{"name":"wp","href":"https:\/\/api.w.org\/{rel}","templated":true}]}}