{"id":92215,"date":"2023-12-25T22:16:38","date_gmt":"2023-12-25T21:16:38","guid":{"rendered":"https:\/\/swissraft.xyanzkdne.eu\/product\/introduzione-a-un-elicottero-da-berne-belp-ecureuil-h125-a-partire-da-chf-1590-00\/"},"modified":"2025-02-06T22:24:06","modified_gmt":"2025-02-06T21:24:06","slug":"introduzione-a-un-elicottero-da-berne-belp-ecureuil-h125-a-partire-da-chf-1590-00","status":"publish","type":"product","link":"https:\/\/www.swissraft.ch\/it\/prodotto\/introduzione-a-un-elicottero-da-berne-belp-ecureuil-h125-a-partire-da-chf-1590-00\/","title":{"rendered":"Introduzione a un elicottero da BERNE-BELP &#8211; ECUREUIL H125 &#8211; A partire da CHF 1&#8217;332.00"},"content":{"rendered":"\t\t<div data-elementor-type=\"wp-post\" data-elementor-id=\"92215\" class=\"elementor elementor-92215 elementor-55541\">\n\t\t\t\t\t\t\t\t\t<section class=\"elementor-section elementor-top-section elementor-element elementor-element-3303a7e3 elementor-section-boxed elementor-section-height-default elementor-section-height-default\" data-id=\"3303a7e3\" data-element_type=\"section\">\n\t\t\t\t\t\t<div class=\"elementor-container elementor-column-gap-default\">\n\t\t\t\t\t<div class=\"elementor-column elementor-col-100 elementor-top-column elementor-element elementor-element-16d72dbf\" data-id=\"16d72dbf\" data-element_type=\"column\">\n\t\t\t<div class=\"elementor-widget-wrap elementor-element-populated\">\n\t\t\t\t\t\t\t\t<div class=\"elementor-element elementor-element-d743c03 elementor-widget elementor-widget-text-editor\" data-id=\"d743c03\" data-element_type=\"widget\" data-widget_type=\"text-editor.default\">\n\t\t\t\t<div class=\"elementor-widget-container\">\n\t\t\t\t\t\t\t<h2>SCEGLI LA TUA ATTIVIT\u00c0 QUI SOTTO PER OFFRIRE BUONI REGALO\/BIGLIETTI O EFFETTUARE UNA PRENOTAZIONE<\/h2><table border=\"0\" width=\"580\" cellspacing=\"10\" cellpadding=\"10\"><tbody><tr><td width=\"50%\"><strong>INIZIAZIONE ALLO SCOIATTOLO H125 &#8211; 1 STUDENTE + 2 PERS. &#8211; Da 30 min. <\/strong><\/td><td><strong>A partire da CHF 1&#8217;332.00 per volo<span class=\"productPrice\"><br \/><\/span><\/strong><\/td><\/tr><tr><td>Informazioni aggiuntive<\/td><td>&#8211; Potete utilizzare l&#8217;elicottero esclusivamente per voi stessi<br \/>&#8211; Si impostano la data e l&#8217;ora di partenza<br \/>&#8211; Massimo 3 pers.<\/td><\/tr><tr><td>Aeroporto<\/td><td><a href=\"https:\/\/www.google.ch\/maps\/place\/Flugplatzstrasse+9,+3123+Belp\/@46.9110741,7.5014815,384m\/data=!3m1!1e3!4m6!3m5!1s0x478e364abf3cd12d:0x66533198ed658320!8m2!3d46.9109935!4d7.5040993!16s%2Fg%2F11c2cjv1zm?hl=fr&amp;entry=ttu\" target=\"_blank\" rel=\"noopener\">Berna-Belp<\/a><\/td><\/tr><tr><td>Scelta dei tempi di volo<\/td><td>30 \/ 40 \/ 50 \/ 60 \/ 90 min.<\/td><\/tr><tr><td>Durata totale<\/td><td>da 1h20 a 2h15 circa, a seconda del numero di minuti.<\/td><\/tr><tr><td>Appuntamento<\/td><td>Per telefono<\/td><\/tr><tr><td><button class=\"elementor-button\" type=\"button\"><a href=\"https:\/\/swissraft.outdoorbooking.ch\/fo\/products\/1869?base_id=29&amp;category_id=4&amp;order_type=gift_voucher&amp;lang=it\" target=\"_blank\" rel=\"noopener\">ACQUISTARE UN BUONO REGALO<\/a><\/button><\/td><td><strong>CHF 1&#8217;332.00 &#8211; 30 min. di volo <\/strong><\/td><\/tr><tr><td><button class=\"elementor-button\" type=\"button\"><a href=\"https:\/\/swissraft.outdoorbooking.ch\/fo\/products\/375?base_id=29&amp;category_id=4&amp;order_type=gift_voucher&amp;lang=it\" target=\"_blank\" rel=\"noopener\">ACQUISTARE UN BUONO REGALO<\/a><\/button><\/td><td><strong>CHF 1&#8217;574.00 &#8211;\u00a0 40 min. di volo<\/strong><\/td><\/tr><tr><td><button class=\"elementor-button\" type=\"button\"><a href=\"https:\/\/swissraft.outdoorbooking.ch\/fo\/products\/1450?base_id=29&amp;category_id=4&amp;order_type=gift_voucher&amp;lang=it\" target=\"_blank\" rel=\"noopener\">ACQUISTARE UN BUONO REGALO<\/a><\/button><\/td><td><strong>CHF 2&#8217;043.00 &#8211; 50 min. di volo <\/strong><\/td><\/tr><tr><td><button class=\"elementor-button\" type=\"button\"><a href=\"https:\/\/swissraft.outdoorbooking.ch\/fo\/products\/381?base_id=29&amp;category_id=4&amp;order_type=gift_voucher&amp;lang=it\" target=\"_blank\" rel=\"noopener\">ACQUISTARE UN BUONO REGALO<\/a><\/button><\/td><td><strong>CHF 2&#8217;512.00 &#8211; 60 min. di volo <\/strong><\/td><\/tr><tr><td><button class=\"elementor-button\" type=\"button\"><a href=\"https:\/\/swissraft.outdoorbooking.ch\/fo\/products\/2048?base_id=29&amp;category_id=4&amp;order_type=gift_voucher&amp;lang=it\" target=\"_blank\" rel=\"noopener\">ACQUISTARE UN BUONO REGALO<\/a><\/button><\/td><td><strong>CHF 3&#8217;480.00 &#8211; 90 min. di volo <\/strong><\/td><\/tr><tr><td>\u00a0<\/td><td><span class=\"patt\" style=\"font-family: inherit; font-size: inherit;\"><span class=\"plbl\"><span class=\"patt\">Per prenotare una data : <a href=\"https:\/\/www.swissraft.ch\/it\/contattaci\/\">Contattaci<\/a><\/span><\/span><\/span><\/td><\/tr><\/tbody><\/table>\t\t\t\t\t\t<\/div>\n\t\t\t\t<\/div>\n\t\t\t\t\t<\/div>\n\t\t<\/div>\n\t\t\t\t\t\t\t<\/div>\n\t\t<\/section>\n\t\t\t\t\t\t\t<\/div>\n\t\t","protected":false},"excerpt":{"rendered":"<div align=\"justify\">\n<h2 align=\"justify\">Dall&#8217;aeroporto di Berna Belp, fai un&#8217;introduzione all&#8217;ECUREUIL H125 e porta con te due amici come passeggeri.<\/h2>\n<h3>L&#8217;ECUREUIL H125 \u00e8 un elicottero a 6 posti, compreso il pilota. \u00c8 un elicottero potente, progettato anche per il trasporto di merci in alta montagna. <\/h3>\n<\/div>\n<div align=\"justify\">\n<p>Fai divertire due persone della tua cerchia con questa introduzione al volo di un elicottero Ecureuil H125. Il tuo istruttore ti d\u00e0 il benvenuto. Poi si va in sala riunioni per una lezione teorica sull&#8217;elicottero e sull&#8217;aerodinamica. Il volo di un elicottero \u00e8 pi\u00f9 complesso di quello di un aereo e richiede una grande abilit\u00e0. In particolare per il decollo o l&#8217;hovering, devi coordinare 4 comandi contemporaneamente. In primo luogo il collettivo con l&#8217;aggiunta della manetta, in secondo luogo il ciclico e infine il timone ai piedi. Dopo questa breve lezione teorica sul pilotaggio, ti dirigerai verso il tuo elicottero sulla pista. Il tuo istruttore ti invita a ispezionare l&#8217;elicottero con lui. Tutto \u00e8 in ordine e ora puoi prendere posto a bordo come capitano. Contattaci! Avvia la turbina, che all&#8217;avvio emette un caratteristico fischio. Il rotore inizia quindi a salire di giri fino a raggiungere i 395 giri al minuto. Hai appena ricevuto l&#8217;autorizzazione al decollo dalla torre di controllo. Ci siamo, attiva il passo generale (il collettivo) e decolla dolcemente.<\/p>\n<h3>Dall&#8217;aeroporto di Berna-Belp Swissraft ti offre 6 modelli di elicottero da pilotare personalmente.<\/h3>\n<p id=\"textarea\" style=\"display: none;\">\nOffriamo anche voli introduttivi in elicottero dall&#8217;aeroporto di Fehraltorf. Offriamo anche voli introduttivi nel cantone di Friburgo da \u00c9pagny en Gruy\u00e8re. Offriamo anche voli introduttivi in elicottero a Buttwil, nel Canton Argovia. E a Grenchen, nel cantone di Soletta. Inoltre, abbiamo un&#8217;iniziazione in elicottero dall&#8217;eliporto di Pfaffnau e da Balzers in Liechtenstein. Inoltre, nella Svizzera orientale offriamo corsi di formazione dall&#8217;aeroporto di Sitterdorf. Ma anche nei Grigioni dagli eliporti di Samedan, St. Moritz e St. Moritz e Untervaz.\n<\/p>\n<p><a id=\"seeMore\" onclick=\"toggleSeeMore()\" href=\"javascript:void(0);\">Leggi tutto<\/a><\/p>\n","protected":false},"featured_media":89126,"comment_status":"open","ping_status":"closed","template":"","meta":{"inline_featured_image":false,"_mi_skip_tracking":false},"product_cat":[451,386,406],"product_tag":[],"class_list":["post-92215","product","type-product","status-publish","has-post-thumbnail","hentry","product_cat-iniziazione-allelicottero-berne-belp","product_cat-pilotare-se-stessi","product_cat-pilotare-un-elicottero"],"yoast_head":"<!-- This site is optimized with the Yoast SEO plugin v23.6 - https:\/\/yoast.com\/wordpress\/plugins\/seo\/ -->\n<title>Introduzione all&#039;Ecureuil H125 di Belp. L&#039;elicottero pi\u00f9 venduto<\/title>\n<meta name=\"description\" content=\"Introduzione allo Scoiattolo H125 a Belp. Prendi i comandi del tuo elicottero Airbus H125 insieme al tuo istruttore, che ti supervisiona.\" \/>\n<meta name=\"robots\" content=\"index, follow, max-snippet:-1, max-image-preview:large, max-video-preview:-1\" \/>\n<link rel=\"canonical\" href=\"https:\/\/www.swissraft.ch\/it\/prodotto\/introduzione-a-un-elicottero-da-berne-belp-ecureuil-h125-a-partire-da-chf-1590-00\/\" \/>\n<meta property=\"og:locale\" content=\"it_IT\" \/>\n<meta property=\"og:type\" content=\"article\" \/>\n<meta property=\"og:title\" content=\"Introduzione all&#039;Ecureuil H125 di Belp. L&#039;elicottero pi\u00f9 venduto\" \/>\n<meta property=\"og:description\" content=\"Introduzione allo Scoiattolo H125 a Belp. Prendi i comandi del tuo elicottero Airbus H125 insieme al tuo istruttore, che ti supervisiona.\" \/>\n<meta property=\"og:url\" content=\"https:\/\/www.swissraft.ch\/it\/prodotto\/introduzione-a-un-elicottero-da-berne-belp-ecureuil-h125-a-partire-da-chf-1590-00\/\" \/>\n<meta property=\"og:site_name\" content=\"Swissraft\" \/>\n<meta property=\"article:modified_time\" content=\"2025-02-06T21:24:06+00:00\" \/>\n<meta property=\"og:image\" content=\"https:\/\/www.swissraft.ch\/wp-content\/uploads\/2023\/12\/5-ECUREUIL-H125-776X776.jpg\" \/>\n\t<meta property=\"og:image:width\" content=\"776\" \/>\n\t<meta property=\"og:image:height\" content=\"776\" \/>\n\t<meta property=\"og:image:type\" content=\"image\/jpeg\" \/>\n<meta name=\"twitter:card\" content=\"summary_large_image\" \/>\n<meta name=\"twitter:label1\" content=\"Tempo di lettura stimato\" \/>\n\t<meta name=\"twitter:data1\" content=\"1 minuto\" \/>\n<script type=\"application\/ld+json\" class=\"yoast-schema-graph\">{\"@context\":\"https:\/\/schema.org\",\"@graph\":[{\"@type\":\"WebPage\",\"@id\":\"https:\/\/www.swissraft.ch\/it\/prodotto\/introduzione-a-un-elicottero-da-berne-belp-ecureuil-h125-a-partire-da-chf-1590-00\/\",\"url\":\"https:\/\/www.swissraft.ch\/it\/prodotto\/introduzione-a-un-elicottero-da-berne-belp-ecureuil-h125-a-partire-da-chf-1590-00\/\",\"name\":\"Introduzione all'Ecureuil H125 di Belp. L'elicottero pi\u00f9 venduto\",\"isPartOf\":{\"@id\":\"https:\/\/www.swissraft.ch\/it\/#website\"},\"primaryImageOfPage\":{\"@id\":\"https:\/\/www.swissraft.ch\/it\/prodotto\/introduzione-a-un-elicottero-da-berne-belp-ecureuil-h125-a-partire-da-chf-1590-00\/#primaryimage\"},\"image\":{\"@id\":\"https:\/\/www.swissraft.ch\/it\/prodotto\/introduzione-a-un-elicottero-da-berne-belp-ecureuil-h125-a-partire-da-chf-1590-00\/#primaryimage\"},\"thumbnailUrl\":\"https:\/\/www.swissraft.ch\/wp-content\/uploads\/2023\/12\/5-ECUREUIL-H125-776X776.jpg\",\"datePublished\":\"2023-12-25T21:16:38+00:00\",\"dateModified\":\"2025-02-06T21:24:06+00:00\",\"description\":\"Introduzione allo Scoiattolo H125 a Belp. Prendi i comandi del tuo elicottero Airbus H125 insieme al tuo istruttore, che ti supervisiona.\",\"breadcrumb\":{\"@id\":\"https:\/\/www.swissraft.ch\/it\/prodotto\/introduzione-a-un-elicottero-da-berne-belp-ecureuil-h125-a-partire-da-chf-1590-00\/#breadcrumb\"},\"inLanguage\":\"it-IT\",\"potentialAction\":[{\"@type\":\"ReadAction\",\"target\":[\"https:\/\/www.swissraft.ch\/it\/prodotto\/introduzione-a-un-elicottero-da-berne-belp-ecureuil-h125-a-partire-da-chf-1590-00\/\"]}]},{\"@type\":\"ImageObject\",\"inLanguage\":\"it-IT\",\"@id\":\"https:\/\/www.swissraft.ch\/it\/prodotto\/introduzione-a-un-elicottero-da-berne-belp-ecureuil-h125-a-partire-da-chf-1590-00\/#primaryimage\",\"url\":\"https:\/\/www.swissraft.ch\/wp-content\/uploads\/2023\/12\/5-ECUREUIL-H125-776X776.jpg\",\"contentUrl\":\"https:\/\/www.swissraft.ch\/wp-content\/uploads\/2023\/12\/5-ECUREUIL-H125-776X776.jpg\",\"width\":776,\"height\":776,\"caption\":\"Introduzione al volo di un Ecureuil H125 da Bern-Belp\"},{\"@type\":\"BreadcrumbList\",\"@id\":\"https:\/\/www.swissraft.ch\/it\/prodotto\/introduzione-a-un-elicottero-da-berne-belp-ecureuil-h125-a-partire-da-chf-1590-00\/#breadcrumb\",\"itemListElement\":[{\"@type\":\"ListItem\",\"position\":1,\"name\":\"Accueil\",\"item\":\"https:\/\/www.swissraft.ch\/it\/\"},{\"@type\":\"ListItem\",\"position\":2,\"name\":\"Negozio\",\"item\":\"https:\/\/www.swissraft.ch\/it\/negozio\/\"},{\"@type\":\"ListItem\",\"position\":3,\"name\":\"Introduzione a un elicottero da BERNE-BELP &#8211; ECUREUIL H125 &#8211; A partire da CHF 1&rsquo;332.00\"}]},{\"@type\":\"WebSite\",\"@id\":\"https:\/\/www.swissraft.ch\/it\/#website\",\"url\":\"https:\/\/www.swissraft.ch\/it\/\",\"name\":\"Swissraft\",\"description\":\"To enjoy nature as it is\",\"publisher\":{\"@id\":\"https:\/\/www.swissraft.ch\/it\/#organization\"},\"potentialAction\":[{\"@type\":\"SearchAction\",\"target\":{\"@type\":\"EntryPoint\",\"urlTemplate\":\"https:\/\/www.swissraft.ch\/it\/?s={search_term_string}\"},\"query-input\":{\"@type\":\"PropertyValueSpecification\",\"valueRequired\":true,\"valueName\":\"search_term_string\"}}],\"inLanguage\":\"it-IT\"},{\"@type\":\"Organization\",\"@id\":\"https:\/\/www.swissraft.ch\/it\/#organization\",\"name\":\"Swissraft\",\"url\":\"https:\/\/www.swissraft.ch\/it\/\",\"logo\":{\"@type\":\"ImageObject\",\"inLanguage\":\"it-IT\",\"@id\":\"https:\/\/www.swissraft.ch\/it\/#\/schema\/logo\/image\/\",\"url\":\"https:\/\/www.swissraft.ch\/wp-content\/uploads\/2025\/09\/Capture.jpg\",\"contentUrl\":\"https:\/\/www.swissraft.ch\/wp-content\/uploads\/2025\/09\/Capture.jpg\",\"width\":293,\"height\":108,\"caption\":\"Swissraft\"},\"image\":{\"@id\":\"https:\/\/www.swissraft.ch\/it\/#\/schema\/logo\/image\/\"}}]}<\/script>\n<!-- \/ Yoast SEO plugin. -->","yoast_head_json":{"title":"Introduzione all'Ecureuil H125 di Belp. L'elicottero pi\u00f9 venduto","description":"Introduzione allo Scoiattolo H125 a Belp. Prendi i comandi del tuo elicottero Airbus H125 insieme al tuo istruttore, che ti supervisiona.","robots":{"index":"index","follow":"follow","max-snippet":"max-snippet:-1","max-image-preview":"max-image-preview:large","max-video-preview":"max-video-preview:-1"},"canonical":"https:\/\/www.swissraft.ch\/it\/prodotto\/introduzione-a-un-elicottero-da-berne-belp-ecureuil-h125-a-partire-da-chf-1590-00\/","og_locale":"it_IT","og_type":"article","og_title":"Introduzione all'Ecureuil H125 di Belp. L'elicottero pi\u00f9 venduto","og_description":"Introduzione allo Scoiattolo H125 a Belp. Prendi i comandi del tuo elicottero Airbus H125 insieme al tuo istruttore, che ti supervisiona.","og_url":"https:\/\/www.swissraft.ch\/it\/prodotto\/introduzione-a-un-elicottero-da-berne-belp-ecureuil-h125-a-partire-da-chf-1590-00\/","og_site_name":"Swissraft","article_modified_time":"2025-02-06T21:24:06+00:00","og_image":[{"width":776,"height":776,"url":"https:\/\/www.swissraft.ch\/wp-content\/uploads\/2023\/12\/5-ECUREUIL-H125-776X776.jpg","type":"image\/jpeg"}],"twitter_card":"summary_large_image","twitter_misc":{"Tempo di lettura stimato":"1 minuto"},"schema":{"@context":"https:\/\/schema.org","@graph":[{"@type":"WebPage","@id":"https:\/\/www.swissraft.ch\/it\/prodotto\/introduzione-a-un-elicottero-da-berne-belp-ecureuil-h125-a-partire-da-chf-1590-00\/","url":"https:\/\/www.swissraft.ch\/it\/prodotto\/introduzione-a-un-elicottero-da-berne-belp-ecureuil-h125-a-partire-da-chf-1590-00\/","name":"Introduzione all'Ecureuil H125 di Belp. L'elicottero pi\u00f9 venduto","isPartOf":{"@id":"https:\/\/www.swissraft.ch\/it\/#website"},"primaryImageOfPage":{"@id":"https:\/\/www.swissraft.ch\/it\/prodotto\/introduzione-a-un-elicottero-da-berne-belp-ecureuil-h125-a-partire-da-chf-1590-00\/#primaryimage"},"image":{"@id":"https:\/\/www.swissraft.ch\/it\/prodotto\/introduzione-a-un-elicottero-da-berne-belp-ecureuil-h125-a-partire-da-chf-1590-00\/#primaryimage"},"thumbnailUrl":"https:\/\/www.swissraft.ch\/wp-content\/uploads\/2023\/12\/5-ECUREUIL-H125-776X776.jpg","datePublished":"2023-12-25T21:16:38+00:00","dateModified":"2025-02-06T21:24:06+00:00","description":"Introduzione allo Scoiattolo H125 a Belp. Prendi i comandi del tuo elicottero Airbus H125 insieme al tuo istruttore, che ti supervisiona.","breadcrumb":{"@id":"https:\/\/www.swissraft.ch\/it\/prodotto\/introduzione-a-un-elicottero-da-berne-belp-ecureuil-h125-a-partire-da-chf-1590-00\/#breadcrumb"},"inLanguage":"it-IT","potentialAction":[{"@type":"ReadAction","target":["https:\/\/www.swissraft.ch\/it\/prodotto\/introduzione-a-un-elicottero-da-berne-belp-ecureuil-h125-a-partire-da-chf-1590-00\/"]}]},{"@type":"ImageObject","inLanguage":"it-IT","@id":"https:\/\/www.swissraft.ch\/it\/prodotto\/introduzione-a-un-elicottero-da-berne-belp-ecureuil-h125-a-partire-da-chf-1590-00\/#primaryimage","url":"https:\/\/www.swissraft.ch\/wp-content\/uploads\/2023\/12\/5-ECUREUIL-H125-776X776.jpg","contentUrl":"https:\/\/www.swissraft.ch\/wp-content\/uploads\/2023\/12\/5-ECUREUIL-H125-776X776.jpg","width":776,"height":776,"caption":"Introduzione al volo di un Ecureuil H125 da Bern-Belp"},{"@type":"BreadcrumbList","@id":"https:\/\/www.swissraft.ch\/it\/prodotto\/introduzione-a-un-elicottero-da-berne-belp-ecureuil-h125-a-partire-da-chf-1590-00\/#breadcrumb","itemListElement":[{"@type":"ListItem","position":1,"name":"Accueil","item":"https:\/\/www.swissraft.ch\/it\/"},{"@type":"ListItem","position":2,"name":"Negozio","item":"https:\/\/www.swissraft.ch\/it\/negozio\/"},{"@type":"ListItem","position":3,"name":"Introduzione a un elicottero da BERNE-BELP &#8211; ECUREUIL H125 &#8211; A partire da CHF 1&rsquo;332.00"}]},{"@type":"WebSite","@id":"https:\/\/www.swissraft.ch\/it\/#website","url":"https:\/\/www.swissraft.ch\/it\/","name":"Swissraft","description":"To enjoy nature as it is","publisher":{"@id":"https:\/\/www.swissraft.ch\/it\/#organization"},"potentialAction":[{"@type":"SearchAction","target":{"@type":"EntryPoint","urlTemplate":"https:\/\/www.swissraft.ch\/it\/?s={search_term_string}"},"query-input":{"@type":"PropertyValueSpecification","valueRequired":true,"valueName":"search_term_string"}}],"inLanguage":"it-IT"},{"@type":"Organization","@id":"https:\/\/www.swissraft.ch\/it\/#organization","name":"Swissraft","url":"https:\/\/www.swissraft.ch\/it\/","logo":{"@type":"ImageObject","inLanguage":"it-IT","@id":"https:\/\/www.swissraft.ch\/it\/#\/schema\/logo\/image\/","url":"https:\/\/www.swissraft.ch\/wp-content\/uploads\/2025\/09\/Capture.jpg","contentUrl":"https:\/\/www.swissraft.ch\/wp-content\/uploads\/2025\/09\/Capture.jpg","width":293,"height":108,"caption":"Swissraft"},"image":{"@id":"https:\/\/www.swissraft.ch\/it\/#\/schema\/logo\/image\/"}}]}},"_links":{"self":[{"href":"https:\/\/www.swissraft.ch\/it\/wp-json\/wp\/v2\/product\/92215","targetHints":{"allow":["GET"]}}],"collection":[{"href":"https:\/\/www.swissraft.ch\/it\/wp-json\/wp\/v2\/product"}],"about":[{"href":"https:\/\/www.swissraft.ch\/it\/wp-json\/wp\/v2\/types\/product"}],"replies":[{"embeddable":true,"href":"https:\/\/www.swissraft.ch\/it\/wp-json\/wp\/v2\/comments?post=92215"}],"version-history":[{"count":0,"href":"https:\/\/www.swissraft.ch\/it\/wp-json\/wp\/v2\/product\/92215\/revisions"}],"wp:featuredmedia":[{"embeddable":true,"href":"https:\/\/www.swissraft.ch\/it\/wp-json\/wp\/v2\/media\/89126"}],"wp:attachment":[{"href":"https:\/\/www.swissraft.ch\/it\/wp-json\/wp\/v2\/media?parent=92215"}],"wp:term":[{"taxonomy":"product_cat","embeddable":true,"href":"https:\/\/www.swissraft.ch\/it\/wp-json\/wp\/v2\/product_cat?post=92215"},{"taxonomy":"product_tag","embeddable":true,"href":"https:\/\/www.swissraft.ch\/it\/wp-json\/wp\/v2\/product_tag?post=92215"}],"curies":[{"name":"wp","href":"https:\/\/api.w.org\/{rel}","templated":true}]}}