{"id":92199,"date":"2023-12-25T05:40:20","date_gmt":"2023-12-25T04:40:20","guid":{"rendered":"https:\/\/swissraft.xyanzkdne.eu\/product\/iniziazione-su-un-elicottero-da-berne-belp-robinson-r44-da-chf-670-00\/"},"modified":"2026-02-08T03:35:44","modified_gmt":"2026-02-08T02:35:44","slug":"iniziazione-elicottero-berna-belp-robinson-rh44","status":"publish","type":"product","link":"https:\/\/www.swissraft.ch\/it\/prodotto\/iniziazione-elicottero-berna-belp-robinson-rh44\/","title":{"rendered":"Iniziazione su un elicottero da BERNA-BELP &#8211; ROBINSON RH44 &#8211; Da CHF 710.00"},"content":{"rendered":"\t\t<div data-elementor-type=\"wp-post\" data-elementor-id=\"92199\" class=\"elementor elementor-92199 elementor-55462\">\n\t\t\t\t\t\t\t\t\t<section class=\"elementor-section elementor-top-section elementor-element elementor-element-3303a7e3 elementor-section-boxed elementor-section-height-default elementor-section-height-default\" data-id=\"3303a7e3\" data-element_type=\"section\">\n\t\t\t\t\t\t<div class=\"elementor-container elementor-column-gap-default\">\n\t\t\t\t\t<div class=\"elementor-column elementor-col-100 elementor-top-column elementor-element elementor-element-16d72dbf\" data-id=\"16d72dbf\" data-element_type=\"column\">\n\t\t\t<div class=\"elementor-widget-wrap elementor-element-populated\">\n\t\t\t\t\t\t\t\t<div class=\"elementor-element elementor-element-d743c03 elementor-widget elementor-widget-text-editor\" data-id=\"d743c03\" data-element_type=\"widget\" data-widget_type=\"text-editor.default\">\n\t\t\t\t<div class=\"elementor-widget-container\">\n\t\t\t\t\t\t\t<h2>SCEGLI LA TUA ATTIVIT\u00c0 QUI SOTTO PER OFFRIRE BUONI REGALO\/BIGLIETTI O EFFETTUARE UNA PRENOTAZIONE<\/h2><table border=\"0\" width=\"580\" cellspacing=\"10\" cellpadding=\"10\"><tbody><tr><td width=\"50%\"><strong>INIZIAZIONE SU ROBINSON R44 &#8211; 1 ALUNNO + 1 PERS. &#8211; Da 30 min. <\/strong><\/td><td><strong>A partire da CHF 710.00 per volo<span class=\"productPrice\"><br \/><\/span><\/strong><\/td><\/tr><tr><td>Informazioni aggiuntive<\/td><td>&#8211; L&#8217;elicottero \u00e8 a vostra esclusiva disposizione<br \/>&#8211; Voi determinate la data e l&#8217;ora di partenza<br \/>&#8211; Massimo 2 pers.<\/td><\/tr><tr><td>Aeroporto<\/td><td><a href=\"https:\/\/www.google.ch\/maps\/place\/Flugplatzstrasse+9,+3123+Belp\/@46.9110741,7.5014815,384m\/data=!3m1!1e3!4m6!3m5!1s0x478e364abf3cd12d:0x66533198ed658320!8m2!3d46.9109935!4d7.5040993!16s%2Fg%2F11c2cjv1zm?hl=fr&amp;entry=ttu\" target=\"_blank\" rel=\"noopener\">Berna-Belp<\/a><\/td><\/tr><tr><td>Scelta dei tempi di volo<\/td><td>30 \/ 40 \/ 50 \/ 60 \/ 90 min.<\/td><\/tr><tr><td>Durata totale<\/td><td>da 1h10 a 2h15 circa, a seconda del numero di minuti.<\/td><\/tr><tr><td>Appuntamento<\/td><td>Per telefono<\/td><\/tr><tr><td><button class=\"elementor-button\" type=\"button\"><a href=\"https:\/\/swissraft.outdoorbooking.ch\/fo\/products\/1021?base_id=29&amp;category_id=4&amp;order_type=gift_voucher&amp;lang=it\" target=\"_blank\" rel=\"noopener\">ACQUISTO BUONO REGALO \/ BIGLIETTO<\/a><\/button><\/td><td><strong>CHF 710.00 &#8211; 30 min. di volo <\/strong><\/td><\/tr><tr><td><button class=\"elementor-button\" type=\"button\"><a href=\"https:\/\/swissraft.outdoorbooking.ch\/fo\/products\/376?base_id=29&amp;category_id=4&amp;order_type=gift_voucher&amp;lang=it\" target=\"_blank\" rel=\"noopener\">ACQUISTO BUONO REGALO \/ BIGLIETTO<\/a><\/button><\/td><td><strong>CHF 830.00 &#8211; 40 min. di volo <\/strong><\/td><\/tr><tr><td><button class=\"elementor-button\" type=\"button\"><a href=\"https:\/\/swissraft.outdoorbooking.ch\/fo\/products\/379?base_id=29&amp;category_id=4&amp;order_type=gift_voucher&amp;lang=it\" target=\"_blank\" rel=\"noopener\">ACQUISTO BUONO REGALO \/ BIGLIETTO<\/a><\/button><\/td><td><strong>CHF 1&#8217;058.00 &#8211; 50 min. di volo <\/strong><\/td><\/tr><tr><td><button class=\"elementor-button\" type=\"button\"><a href=\"https:\/\/swissraft.outdoorbooking.ch\/fo\/products\/382?base_id=29&amp;category_id=4&amp;order_type=gift_voucher&amp;lang=it\" target=\"_blank\" rel=\"noopener\">ACQUISTO BUONO REGALO \/ BIGLIETTO<\/a><\/button><\/td><td><strong>CHF 1&#8217;283.00 &#8211; 60 min. di volo <\/strong><\/td><\/tr><tr><td><button class=\"elementor-button\" type=\"button\"><a href=\"https:\/\/swissraft.outdoorbooking.ch\/fo\/products\/2046?base_id=29&amp;category_id=4&amp;order_type=gift_voucher&amp;lang=it\" target=\"_blank\" rel=\"noopener\">ACQUISTO BUONO REGALO \/ BIGLIETTO<\/a><\/button><\/td><td><strong>CHF 1&#8217;768.00 &#8211; 90 min. di volo<\/strong><\/td><\/tr><tr><td>\u00a0<\/td><td><span class=\"patt\" style=\"font-family: inherit; font-size: inherit;\"><span class=\"plbl\"><strong><em>IMPORTANTE !<\/em><\/strong><br \/><em>Per prenotare, chiamate il numero che si trova in alto a sinistra sul buono regalo\/biglietto.<\/em><\/span><\/span><\/td><\/tr><\/tbody><\/table>\t\t\t\t\t\t<\/div>\n\t\t\t\t<\/div>\n\t\t\t\t\t<\/div>\n\t\t<\/div>\n\t\t\t\t\t\t\t<\/div>\n\t\t<\/section>\n\t\t\t\t\t\t\t<\/div>\n\t\t","protected":false},"excerpt":{"rendered":"<div align=\"justify\">\n<h2 align=\"justify\">Hai scelto di volare in elicottero con un ROBINSON RH44 dall&#8217;aeroporto di Berna-Belp.<\/h2>\n<h3>Il ROBINSON RH44 \u00e8 un elicottero a 4 posti, compreso il pilota. Questo tipo di elicottero \u00e8 molto popolare negli Stati Uniti.<\/h3>\n<\/div>\n<div align=\"justify\">\n<p>Arrivi in aeroporto e il tuo istruttore ti accoglie con un caff\u00e8 o una minerale. Poi arriva una rapida lezione teorica sul volo dell&#8217;elicottero e sull&#8217;aerodinamica. Sei pieno di aspettative ed \u00e8 ora di dirigersi verso l&#8217;elicottero che ti aspetta sulla pista. Prima di prendere i comandi, ispeziona l&#8217;elicottero. Il tuo istruttore ti mostrer\u00e0 i punti cruciali da controllare prima di decollare in elicottero. Poi sali a bordo e ti siedi sul sedile del pilota a destra. Il controllore ti d\u00e0 l&#8217;autorizzazione al decollo. Attiva il passo generale (il passo collettivo) alla tua sinistra per decollare. La velocit\u00e0 del rotore aumenta fino a raggiungere i 395 giri al minuto per il decollo. La concentrazione \u00e8 al massimo. L&#8217;avventura inizia e tu ti rilassi perch\u00e9 il tuo istruttore \u00e8 al tuo fianco e ti corregge se necessario.<\/p>\n<h3>Volare con un elicottero e conoscere il ROBINSON RH44 \u00e8 il sogno di molte persone. Swissraft \u00e8 qui per aiutarti a realizzarlo.<\/h3>\n<p id=\"textarea\" style=\"display: none;\">\nOffriamo voli introduttivi in elicottero dall&#8217;aerodromo di \u00c9pagny en Gruy\u00e8re. Offriamo anche voli introduttivi in elicottero dall&#8217;aeroporto di Fehraltorf, nel cantone di Zurigo. Offriamo anche voli introduttivi in elicottero da Buttwil. Ma anche dall&#8217;aeroporto di Grenchen, nel cantone di Soletta. Offriamo anche voli introduttivi vicino a Lucerna dall&#8217;eliporto di Pfaffnau. Abbiamo poi dei voli introduttivi dall&#8217;eliporto di Balzers in Liechtenstein. Offriamo anche voli introduttivi in elicottero dall&#8217;aeroporto di Sitterdorf, nella Svizzera orientale. Allo stesso tempo, gli eliporti di Samedan, St. Moritz e St. Moritz nei Grigioni sono stati utilizzati per una serie di progetti. A St. Moritz e Untervaz offriamo voli introduttivi. Offriamo anche voli introduttivi da Locarno-Magadino e Lodrino.\n<\/p>\n<p><a id=\"seeMore\" onclick=\"toggleSeeMore()\" href=\"javascript:void(0);\">Leggi tutto<\/a><\/p>\n","protected":false},"featured_media":91148,"comment_status":"open","ping_status":"closed","template":"","meta":{"inline_featured_image":false,"_mi_skip_tracking":false},"product_cat":[451,386,406],"product_tag":[],"class_list":["post-92199","product","type-product","status-publish","has-post-thumbnail","hentry","product_cat-iniziazione-allelicottero-berne-belp","product_cat-pilotare-se-stessi","product_cat-pilotare-un-elicottero"],"yoast_head":"<!-- This site is optimized with the Yoast SEO plugin v23.6 - https:\/\/yoast.com\/wordpress\/plugins\/seo\/ -->\n<title>Iniziazione al Robinson RH44 a Belp. Un elicottero molto popolare<\/title>\n<meta name=\"description\" content=\"Iniziazione al Robinson RH44 a Belp. Prendi i comandi del tuo elicottero Robinson RH44 con il tuo istruttore al tuo fianco per guidarti.\" \/>\n<meta name=\"robots\" content=\"index, follow, max-snippet:-1, max-image-preview:large, max-video-preview:-1\" \/>\n<link rel=\"canonical\" href=\"https:\/\/www.swissraft.ch\/it\/prodotto\/iniziazione-elicottero-berna-belp-robinson-rh44\/\" \/>\n<meta property=\"og:locale\" content=\"it_IT\" \/>\n<meta property=\"og:type\" content=\"article\" \/>\n<meta property=\"og:title\" content=\"Iniziazione al Robinson RH44 a Belp. Un elicottero molto popolare\" \/>\n<meta property=\"og:description\" content=\"Iniziazione al Robinson RH44 a Belp. Prendi i comandi del tuo elicottero Robinson RH44 con il tuo istruttore al tuo fianco per guidarti.\" \/>\n<meta property=\"og:url\" content=\"https:\/\/www.swissraft.ch\/it\/prodotto\/iniziazione-elicottero-berna-belp-robinson-rh44\/\" \/>\n<meta property=\"og:site_name\" content=\"Swissraft\" \/>\n<meta property=\"article:modified_time\" content=\"2026-02-08T02:35:44+00:00\" \/>\n<meta property=\"og:image\" content=\"https:\/\/www.swissraft.ch\/wp-content\/uploads\/2023\/12\/Robinson-r44_776x776.jpg\" \/>\n\t<meta property=\"og:image:width\" content=\"776\" \/>\n\t<meta property=\"og:image:height\" content=\"776\" \/>\n\t<meta property=\"og:image:type\" content=\"image\/jpeg\" \/>\n<meta name=\"twitter:card\" content=\"summary_large_image\" \/>\n<meta name=\"twitter:label1\" content=\"Tempo di lettura stimato\" \/>\n\t<meta name=\"twitter:data1\" content=\"1 minuto\" \/>\n<script type=\"application\/ld+json\" class=\"yoast-schema-graph\">{\"@context\":\"https:\/\/schema.org\",\"@graph\":[{\"@type\":\"WebPage\",\"@id\":\"https:\/\/www.swissraft.ch\/it\/prodotto\/iniziazione-elicottero-berna-belp-robinson-rh44\/\",\"url\":\"https:\/\/www.swissraft.ch\/it\/prodotto\/iniziazione-elicottero-berna-belp-robinson-rh44\/\",\"name\":\"Iniziazione al Robinson RH44 a Belp. Un elicottero molto popolare\",\"isPartOf\":{\"@id\":\"https:\/\/www.swissraft.ch\/it\/#website\"},\"primaryImageOfPage\":{\"@id\":\"https:\/\/www.swissraft.ch\/it\/prodotto\/iniziazione-elicottero-berna-belp-robinson-rh44\/#primaryimage\"},\"image\":{\"@id\":\"https:\/\/www.swissraft.ch\/it\/prodotto\/iniziazione-elicottero-berna-belp-robinson-rh44\/#primaryimage\"},\"thumbnailUrl\":\"https:\/\/www.swissraft.ch\/wp-content\/uploads\/2023\/12\/Robinson-r44_776x776.jpg\",\"datePublished\":\"2023-12-25T04:40:20+00:00\",\"dateModified\":\"2026-02-08T02:35:44+00:00\",\"description\":\"Iniziazione al Robinson RH44 a Belp. Prendi i comandi del tuo elicottero Robinson RH44 con il tuo istruttore al tuo fianco per guidarti.\",\"breadcrumb\":{\"@id\":\"https:\/\/www.swissraft.ch\/it\/prodotto\/iniziazione-elicottero-berna-belp-robinson-rh44\/#breadcrumb\"},\"inLanguage\":\"it-IT\",\"potentialAction\":[{\"@type\":\"ReadAction\",\"target\":[\"https:\/\/www.swissraft.ch\/it\/prodotto\/iniziazione-elicottero-berna-belp-robinson-rh44\/\"]}]},{\"@type\":\"ImageObject\",\"inLanguage\":\"it-IT\",\"@id\":\"https:\/\/www.swissraft.ch\/it\/prodotto\/iniziazione-elicottero-berna-belp-robinson-rh44\/#primaryimage\",\"url\":\"https:\/\/www.swissraft.ch\/wp-content\/uploads\/2023\/12\/Robinson-r44_776x776.jpg\",\"contentUrl\":\"https:\/\/www.swissraft.ch\/wp-content\/uploads\/2023\/12\/Robinson-r44_776x776.jpg\",\"width\":776,\"height\":776,\"caption\":\"Iniziazione al Robinson RH44 da Berna-Belp\"},{\"@type\":\"BreadcrumbList\",\"@id\":\"https:\/\/www.swissraft.ch\/it\/prodotto\/iniziazione-elicottero-berna-belp-robinson-rh44\/#breadcrumb\",\"itemListElement\":[{\"@type\":\"ListItem\",\"position\":1,\"name\":\"Accueil\",\"item\":\"https:\/\/www.swissraft.ch\/it\/\"},{\"@type\":\"ListItem\",\"position\":2,\"name\":\"Negozio\",\"item\":\"https:\/\/www.swissraft.ch\/it\/negozio\/\"},{\"@type\":\"ListItem\",\"position\":3,\"name\":\"Iniziazione su un elicottero da BERNA-BELP &#8211; ROBINSON RH44 &#8211; Da CHF 710.00\"}]},{\"@type\":\"WebSite\",\"@id\":\"https:\/\/www.swissraft.ch\/it\/#website\",\"url\":\"https:\/\/www.swissraft.ch\/it\/\",\"name\":\"Swissraft\",\"description\":\"To enjoy nature as it is\",\"publisher\":{\"@id\":\"https:\/\/www.swissraft.ch\/it\/#organization\"},\"potentialAction\":[{\"@type\":\"SearchAction\",\"target\":{\"@type\":\"EntryPoint\",\"urlTemplate\":\"https:\/\/www.swissraft.ch\/it\/?s={search_term_string}\"},\"query-input\":{\"@type\":\"PropertyValueSpecification\",\"valueRequired\":true,\"valueName\":\"search_term_string\"}}],\"inLanguage\":\"it-IT\"},{\"@type\":\"Organization\",\"@id\":\"https:\/\/www.swissraft.ch\/it\/#organization\",\"name\":\"Swissraft\",\"url\":\"https:\/\/www.swissraft.ch\/it\/\",\"logo\":{\"@type\":\"ImageObject\",\"inLanguage\":\"it-IT\",\"@id\":\"https:\/\/www.swissraft.ch\/it\/#\/schema\/logo\/image\/\",\"url\":\"https:\/\/www.swissraft.ch\/wp-content\/uploads\/2025\/09\/Capture.jpg\",\"contentUrl\":\"https:\/\/www.swissraft.ch\/wp-content\/uploads\/2025\/09\/Capture.jpg\",\"width\":293,\"height\":108,\"caption\":\"Swissraft\"},\"image\":{\"@id\":\"https:\/\/www.swissraft.ch\/it\/#\/schema\/logo\/image\/\"}}]}<\/script>\n<!-- \/ Yoast SEO plugin. -->","yoast_head_json":{"title":"Iniziazione al Robinson RH44 a Belp. Un elicottero molto popolare","description":"Iniziazione al Robinson RH44 a Belp. Prendi i comandi del tuo elicottero Robinson RH44 con il tuo istruttore al tuo fianco per guidarti.","robots":{"index":"index","follow":"follow","max-snippet":"max-snippet:-1","max-image-preview":"max-image-preview:large","max-video-preview":"max-video-preview:-1"},"canonical":"https:\/\/www.swissraft.ch\/it\/prodotto\/iniziazione-elicottero-berna-belp-robinson-rh44\/","og_locale":"it_IT","og_type":"article","og_title":"Iniziazione al Robinson RH44 a Belp. Un elicottero molto popolare","og_description":"Iniziazione al Robinson RH44 a Belp. Prendi i comandi del tuo elicottero Robinson RH44 con il tuo istruttore al tuo fianco per guidarti.","og_url":"https:\/\/www.swissraft.ch\/it\/prodotto\/iniziazione-elicottero-berna-belp-robinson-rh44\/","og_site_name":"Swissraft","article_modified_time":"2026-02-08T02:35:44+00:00","og_image":[{"width":776,"height":776,"url":"https:\/\/www.swissraft.ch\/wp-content\/uploads\/2023\/12\/Robinson-r44_776x776.jpg","type":"image\/jpeg"}],"twitter_card":"summary_large_image","twitter_misc":{"Tempo di lettura stimato":"1 minuto"},"schema":{"@context":"https:\/\/schema.org","@graph":[{"@type":"WebPage","@id":"https:\/\/www.swissraft.ch\/it\/prodotto\/iniziazione-elicottero-berna-belp-robinson-rh44\/","url":"https:\/\/www.swissraft.ch\/it\/prodotto\/iniziazione-elicottero-berna-belp-robinson-rh44\/","name":"Iniziazione al Robinson RH44 a Belp. Un elicottero molto popolare","isPartOf":{"@id":"https:\/\/www.swissraft.ch\/it\/#website"},"primaryImageOfPage":{"@id":"https:\/\/www.swissraft.ch\/it\/prodotto\/iniziazione-elicottero-berna-belp-robinson-rh44\/#primaryimage"},"image":{"@id":"https:\/\/www.swissraft.ch\/it\/prodotto\/iniziazione-elicottero-berna-belp-robinson-rh44\/#primaryimage"},"thumbnailUrl":"https:\/\/www.swissraft.ch\/wp-content\/uploads\/2023\/12\/Robinson-r44_776x776.jpg","datePublished":"2023-12-25T04:40:20+00:00","dateModified":"2026-02-08T02:35:44+00:00","description":"Iniziazione al Robinson RH44 a Belp. Prendi i comandi del tuo elicottero Robinson RH44 con il tuo istruttore al tuo fianco per guidarti.","breadcrumb":{"@id":"https:\/\/www.swissraft.ch\/it\/prodotto\/iniziazione-elicottero-berna-belp-robinson-rh44\/#breadcrumb"},"inLanguage":"it-IT","potentialAction":[{"@type":"ReadAction","target":["https:\/\/www.swissraft.ch\/it\/prodotto\/iniziazione-elicottero-berna-belp-robinson-rh44\/"]}]},{"@type":"ImageObject","inLanguage":"it-IT","@id":"https:\/\/www.swissraft.ch\/it\/prodotto\/iniziazione-elicottero-berna-belp-robinson-rh44\/#primaryimage","url":"https:\/\/www.swissraft.ch\/wp-content\/uploads\/2023\/12\/Robinson-r44_776x776.jpg","contentUrl":"https:\/\/www.swissraft.ch\/wp-content\/uploads\/2023\/12\/Robinson-r44_776x776.jpg","width":776,"height":776,"caption":"Iniziazione al Robinson RH44 da Berna-Belp"},{"@type":"BreadcrumbList","@id":"https:\/\/www.swissraft.ch\/it\/prodotto\/iniziazione-elicottero-berna-belp-robinson-rh44\/#breadcrumb","itemListElement":[{"@type":"ListItem","position":1,"name":"Accueil","item":"https:\/\/www.swissraft.ch\/it\/"},{"@type":"ListItem","position":2,"name":"Negozio","item":"https:\/\/www.swissraft.ch\/it\/negozio\/"},{"@type":"ListItem","position":3,"name":"Iniziazione su un elicottero da BERNA-BELP &#8211; ROBINSON RH44 &#8211; Da CHF 710.00"}]},{"@type":"WebSite","@id":"https:\/\/www.swissraft.ch\/it\/#website","url":"https:\/\/www.swissraft.ch\/it\/","name":"Swissraft","description":"To enjoy nature as it is","publisher":{"@id":"https:\/\/www.swissraft.ch\/it\/#organization"},"potentialAction":[{"@type":"SearchAction","target":{"@type":"EntryPoint","urlTemplate":"https:\/\/www.swissraft.ch\/it\/?s={search_term_string}"},"query-input":{"@type":"PropertyValueSpecification","valueRequired":true,"valueName":"search_term_string"}}],"inLanguage":"it-IT"},{"@type":"Organization","@id":"https:\/\/www.swissraft.ch\/it\/#organization","name":"Swissraft","url":"https:\/\/www.swissraft.ch\/it\/","logo":{"@type":"ImageObject","inLanguage":"it-IT","@id":"https:\/\/www.swissraft.ch\/it\/#\/schema\/logo\/image\/","url":"https:\/\/www.swissraft.ch\/wp-content\/uploads\/2025\/09\/Capture.jpg","contentUrl":"https:\/\/www.swissraft.ch\/wp-content\/uploads\/2025\/09\/Capture.jpg","width":293,"height":108,"caption":"Swissraft"},"image":{"@id":"https:\/\/www.swissraft.ch\/it\/#\/schema\/logo\/image\/"}}]}},"_links":{"self":[{"href":"https:\/\/www.swissraft.ch\/it\/wp-json\/wp\/v2\/product\/92199","targetHints":{"allow":["GET"]}}],"collection":[{"href":"https:\/\/www.swissraft.ch\/it\/wp-json\/wp\/v2\/product"}],"about":[{"href":"https:\/\/www.swissraft.ch\/it\/wp-json\/wp\/v2\/types\/product"}],"replies":[{"embeddable":true,"href":"https:\/\/www.swissraft.ch\/it\/wp-json\/wp\/v2\/comments?post=92199"}],"version-history":[{"count":19,"href":"https:\/\/www.swissraft.ch\/it\/wp-json\/wp\/v2\/product\/92199\/revisions"}],"predecessor-version":[{"id":129785,"href":"https:\/\/www.swissraft.ch\/it\/wp-json\/wp\/v2\/product\/92199\/revisions\/129785"}],"wp:featuredmedia":[{"embeddable":true,"href":"https:\/\/www.swissraft.ch\/it\/wp-json\/wp\/v2\/media\/91148"}],"wp:attachment":[{"href":"https:\/\/www.swissraft.ch\/it\/wp-json\/wp\/v2\/media?parent=92199"}],"wp:term":[{"taxonomy":"product_cat","embeddable":true,"href":"https:\/\/www.swissraft.ch\/it\/wp-json\/wp\/v2\/product_cat?post=92199"},{"taxonomy":"product_tag","embeddable":true,"href":"https:\/\/www.swissraft.ch\/it\/wp-json\/wp\/v2\/product_tag?post=92199"}],"curies":[{"name":"wp","href":"https:\/\/api.w.org\/{rel}","templated":true}]}}