{"id":92195,"date":"2023-12-23T16:26:14","date_gmt":"2023-12-23T15:26:14","guid":{"rendered":"https:\/\/swissraft.xyanzkdne.eu\/product\/introduzione-a-un-elicottero-lodrino-colibri-ec120-a-partire-da-chf-780-00\/"},"modified":"2024-11-20T09:40:46","modified_gmt":"2024-11-20T08:40:46","slug":"introduzione-a-un-elicottero-lodrino-colibri-ec120-a-partire-da-chf-780-00","status":"publish","type":"product","link":"https:\/\/www.swissraft.ch\/it\/prodotto\/introduzione-a-un-elicottero-lodrino-colibri-ec120-a-partire-da-chf-780-00\/","title":{"rendered":"Introduzione a un elicottero LODRINO &#8211; COLIBRI EC120 &#8211; A partire da CHF 780.00"},"content":{"rendered":"\t\t<div data-elementor-type=\"wp-post\" data-elementor-id=\"92195\" class=\"elementor elementor-92195 elementor-55285\">\n\t\t\t\t\t\t\t\t\t<section class=\"elementor-section elementor-top-section elementor-element elementor-element-3303a7e3 elementor-section-boxed elementor-section-height-default elementor-section-height-default\" data-id=\"3303a7e3\" data-element_type=\"section\">\n\t\t\t\t\t\t<div class=\"elementor-container elementor-column-gap-default\">\n\t\t\t\t\t<div class=\"elementor-column elementor-col-100 elementor-top-column elementor-element elementor-element-16d72dbf\" data-id=\"16d72dbf\" data-element_type=\"column\">\n\t\t\t<div class=\"elementor-widget-wrap elementor-element-populated\">\n\t\t\t\t\t\t\t\t<div class=\"elementor-element elementor-element-d743c03 elementor-widget elementor-widget-text-editor\" data-id=\"d743c03\" data-element_type=\"widget\" data-widget_type=\"text-editor.default\">\n\t\t\t\t<div class=\"elementor-widget-container\">\n\t\t\t\t\t\t\t<h2>SCEGLI LA TUA ATTIVIT\u00c0 QUI SOTTO PER OFFRIRE BUONI REGALO\/BIGLIETTI O EFFETTUARE UNA PRENOTAZIONE<\/h2>\n<table border=\"0\" width=\"580\" cellspacing=\"10\" cellpadding=\"10\">\n<tbody>\n<tr>\n<td width=\"50%\"><strong>INIZIAZIONE SU COLIBRI EC120 &#8211; 1 STUDENTE + 3 PERS. &#8211; Da 30 min. <\/strong><\/td>\n<td><strong>A partire da CHF 780,00 per volo<span class=\"productPrice\"><br \/><\/span><\/strong><\/td>\n<\/tr>\n<tr>\n<td>Informazioni aggiuntive<\/td>\n<td>\n<p>&#8211; Utilizzi l&#8217;elicottero esclusivamente per te &#8211; Scegli la data e l&#8217;ora di partenza &#8211; Massimo 4 persone.<\/td>\n<\/tr>\n<tr>\n<td>Aerodromo<\/td>\n<td>Lodrino<\/td>\n<\/tr>\n<tr>\n<td>Scelta dei tempi di volo<\/td>\n<td>30 \/ 40 minuti.<\/td>\n<\/tr>\n<tr>\n<td>Durata totale<\/td>\n<td>da 1h15 a 1h30 circa, a seconda del numero di minuti.<\/td>\n<\/tr>\n<tr>\n<td>Appuntamento<\/td>\n<td>Per telefono<\/td>\n<\/tr>\n<tr>\n<td><button class=\"elementor-button\" type=\"button\"><a href=\"https:\/\/swissraft.outdoorbooking.ch\/fo\/products\/1406?base_id=218&amp;category_id=4&amp;order_type=gift_voucher&amp;lang=it\" target=\"_blank\" rel=\"noopener\">BUONO REGALO<\/a><\/button><\/td>\n<td><strong>CHF 780,00 &#8211; 30 minuti per volo <\/strong><\/td>\n<\/tr>\n<tr>\n<td><button class=\"elementor-button\" type=\"button\"><a href=\"https:\/\/swissraft.outdoorbooking.ch\/fo\/products\/1407?base_id=218&amp;category_id=4&amp;order_type=gift_voucher&amp;lang=it\" target=\"_blank\" rel=\"noopener\">BUONO REGALO<\/a><\/button><\/td>\n<td><strong>CHF 1.040,00 &#8211; 40 min. per volo <\/strong><\/td>\n<\/tr>\n<tr>\n<td> <\/td>\n<td>Per effettuare una prenotazione <span class=\"patt\" style=\"font-family: inherit; font-size: inherit;\"><span class=\"plbl\"><span class=\"patt\"><a href=\"https:\/\/www.swissraft.ch\/it\/contattaci\/\">contattaci<\/a><\/span><\/span><\/span><\/td>\n<\/tr>\n<\/tbody>\n<\/table>\n\t\t\t\t\t\t<\/div>\n\t\t\t\t<\/div>\n\t\t\t\t\t<\/div>\n\t\t<\/div>\n\t\t\t\t\t\t\t<\/div>\n\t\t<\/section>\n\t\t\t\t\t\t\t<\/div>\n\t\t","protected":false},"excerpt":{"rendered":"<div align=\"justify\">\n<h2 align=\"justify\">Impara a pilotare un elicottero da Lodrino in Ticino su un COLIBRI EC120 con amici come passeggeri.<\/h2>\n<h3>Il COLIBRI EC120 \u00e8 un elicottero con 4 posti passeggeri pi\u00f9 1 pilota. Se lo desideri, puoi portare con te 3 persone gratuitamente. <\/h3>\n<\/div>\n<div align=\"justify\">\n<p>Il volo introduttivo inizia con una breve lezione teorica sul volo dell&#8217;elicottero e sull&#8217;aerodinamica. Poi vai in pista per raggiungere il tuo elicottero. I passeggeri prendono posto a bordo. Per quanto riguarda te, hai una visita tecnica con il tuo istruttore di elicottero.<br \/>\nPoi toccher\u00e0 a te salire a bordo e prendere il controllo dell&#8217;elicottero.<br \/>\nChiedi alla torre di controllo l&#8217;autorizzazione al decollo. Dopo aver ricevuto l&#8217;OK, usa la mano sinistra per attivare il passo generale e accelerare la rotazione del rotore. Raggiunge i 395 giri al minuto e puoi decollare tirando delicatamente il passo generale verso l&#8217;alto. Ora sei in hovering e tutto ci\u00f2 che devi fare \u00e8 spingere il ciclico (lo stick) leggermente in avanti per guadagnare velocit\u00e0.<\/p>\n<h3>Volare con un Colibr\u00ec EC120 da Lodrino \u00e8 facile. Chiamaci se hai domande su questo volo introduttivo o se vuoi seguire un corso di formazione in elicottero. <\/h3>\n<p id=\"textarea\" style=\"display: none;\">\nOffriamo anche voli introduttivi da Locarno-Magadino. Cos\u00ec come nel cantone di Friburgo, con partenza dall&#8217;aerodromo di \u00c9pagny. Offriamo anche voli di lancio dall&#8217;aeroporto internazionale di Berna-Belp. Offriamo anche voli introduttivi in elicottero dall&#8217;aeroporto di Fehraltorf. Offriamo anche voli introduttivi dagli aeroporti di Buttwil e Grenchen. Offriamo anche voli introduttivi in elicottero nel cantone di Lucerna dall&#8217;eliporto di Pfaffnau. Allo stesso tempo, offriamo voli introduttivi in elicottero presso l&#8217;eliporto di Balzers in Liechtenstein. Ma anche nella Svizzera orientale, con partenza dall&#8217;aeroporto di Sitterdorf. Poi faremo dei voli introduttivi in elicottero dagli eliporti di Samedan, St. Moritz e St. Moritz e Untervaz nei Grigioni.\n<\/p>\n<p><a id=\"seeMore\" onclick=\"toggleSeeMore()\" href=\"javascript:void(0);\">Leggi tutto<\/a><\/p>\n","protected":false},"featured_media":89030,"comment_status":"open","ping_status":"closed","template":"","meta":{"inline_featured_image":false,"_mi_skip_tracking":false},"product_cat":[448,386,406],"product_tag":[],"class_list":["post-92195","product","type-product","status-publish","has-post-thumbnail","hentry","product_cat-iniziazione-dellelicottero-lodrino","product_cat-pilotare-se-stessi","product_cat-pilotare-un-elicottero"],"yoast_head":"<!-- This site is optimized with the Yoast SEO plugin v23.6 - https:\/\/yoast.com\/wordpress\/plugins\/seo\/ -->\n<title>Iniziazione del Colibr\u00ec EC120 da Lodrino senza ulteriori formalit\u00e0<\/title>\n<meta name=\"description\" content=\"Iniziazione sul Colibr\u00ec EC120 di Lodrino senza alcuna formalit\u00e0 preliminare. Prendi i comandi dell&#039;elicottero insieme all&#039;istruttore.\" \/>\n<meta name=\"robots\" content=\"index, follow, max-snippet:-1, max-image-preview:large, max-video-preview:-1\" \/>\n<link rel=\"canonical\" href=\"https:\/\/www.swissraft.ch\/it\/prodotto\/introduzione-a-un-elicottero-lodrino-colibri-ec120-a-partire-da-chf-780-00\/\" \/>\n<meta property=\"og:locale\" content=\"it_IT\" \/>\n<meta property=\"og:type\" content=\"article\" \/>\n<meta property=\"og:title\" content=\"Iniziazione del Colibr\u00ec EC120 da Lodrino senza ulteriori formalit\u00e0\" \/>\n<meta property=\"og:description\" content=\"Iniziazione sul Colibr\u00ec EC120 di Lodrino senza alcuna formalit\u00e0 preliminare. Prendi i comandi dell&#039;elicottero insieme all&#039;istruttore.\" \/>\n<meta property=\"og:url\" content=\"https:\/\/www.swissraft.ch\/it\/prodotto\/introduzione-a-un-elicottero-lodrino-colibri-ec120-a-partire-da-chf-780-00\/\" \/>\n<meta property=\"og:site_name\" content=\"Swissraft\" \/>\n<meta property=\"article:modified_time\" content=\"2024-11-20T08:40:46+00:00\" \/>\n<meta property=\"og:image\" content=\"https:\/\/www.swissraft.ch\/wp-content\/uploads\/2023\/12\/2-COLIBRI-EC120-776x776-1.jpg\" \/>\n\t<meta property=\"og:image:width\" content=\"776\" \/>\n\t<meta property=\"og:image:height\" content=\"776\" \/>\n\t<meta property=\"og:image:type\" content=\"image\/jpeg\" \/>\n<meta name=\"twitter:card\" content=\"summary_large_image\" \/>\n<script type=\"application\/ld+json\" class=\"yoast-schema-graph\">{\"@context\":\"https:\/\/schema.org\",\"@graph\":[{\"@type\":\"WebPage\",\"@id\":\"https:\/\/www.swissraft.ch\/it\/prodotto\/introduzione-a-un-elicottero-lodrino-colibri-ec120-a-partire-da-chf-780-00\/\",\"url\":\"https:\/\/www.swissraft.ch\/it\/prodotto\/introduzione-a-un-elicottero-lodrino-colibri-ec120-a-partire-da-chf-780-00\/\",\"name\":\"Iniziazione del Colibr\u00ec EC120 da Lodrino senza ulteriori formalit\u00e0\",\"isPartOf\":{\"@id\":\"https:\/\/www.swissraft.ch\/it\/#website\"},\"primaryImageOfPage\":{\"@id\":\"https:\/\/www.swissraft.ch\/it\/prodotto\/introduzione-a-un-elicottero-lodrino-colibri-ec120-a-partire-da-chf-780-00\/#primaryimage\"},\"image\":{\"@id\":\"https:\/\/www.swissraft.ch\/it\/prodotto\/introduzione-a-un-elicottero-lodrino-colibri-ec120-a-partire-da-chf-780-00\/#primaryimage\"},\"thumbnailUrl\":\"https:\/\/www.swissraft.ch\/wp-content\/uploads\/2023\/12\/2-COLIBRI-EC120-776x776-1.jpg\",\"datePublished\":\"2023-12-23T15:26:14+00:00\",\"dateModified\":\"2024-11-20T08:40:46+00:00\",\"description\":\"Iniziazione sul Colibr\u00ec EC120 di Lodrino senza alcuna formalit\u00e0 preliminare. Prendi i comandi dell'elicottero insieme all'istruttore.\",\"breadcrumb\":{\"@id\":\"https:\/\/www.swissraft.ch\/it\/prodotto\/introduzione-a-un-elicottero-lodrino-colibri-ec120-a-partire-da-chf-780-00\/#breadcrumb\"},\"inLanguage\":\"it-IT\",\"potentialAction\":[{\"@type\":\"ReadAction\",\"target\":[\"https:\/\/www.swissraft.ch\/it\/prodotto\/introduzione-a-un-elicottero-lodrino-colibri-ec120-a-partire-da-chf-780-00\/\"]}]},{\"@type\":\"ImageObject\",\"inLanguage\":\"it-IT\",\"@id\":\"https:\/\/www.swissraft.ch\/it\/prodotto\/introduzione-a-un-elicottero-lodrino-colibri-ec120-a-partire-da-chf-780-00\/#primaryimage\",\"url\":\"https:\/\/www.swissraft.ch\/wp-content\/uploads\/2023\/12\/2-COLIBRI-EC120-776x776-1.jpg\",\"contentUrl\":\"https:\/\/www.swissraft.ch\/wp-content\/uploads\/2023\/12\/2-COLIBRI-EC120-776x776-1.jpg\",\"width\":776,\"height\":776,\"caption\":\"Iniziazione su Colibri EC120 di Lodrino\"},{\"@type\":\"BreadcrumbList\",\"@id\":\"https:\/\/www.swissraft.ch\/it\/prodotto\/introduzione-a-un-elicottero-lodrino-colibri-ec120-a-partire-da-chf-780-00\/#breadcrumb\",\"itemListElement\":[{\"@type\":\"ListItem\",\"position\":1,\"name\":\"Accueil\",\"item\":\"https:\/\/www.swissraft.ch\/it\/\"},{\"@type\":\"ListItem\",\"position\":2,\"name\":\"Negozio\",\"item\":\"https:\/\/www.swissraft.ch\/it\/negozio\/\"},{\"@type\":\"ListItem\",\"position\":3,\"name\":\"Introduzione a un elicottero LODRINO &#8211; COLIBRI EC120 &#8211; A partire da CHF 780.00\"}]},{\"@type\":\"WebSite\",\"@id\":\"https:\/\/www.swissraft.ch\/it\/#website\",\"url\":\"https:\/\/www.swissraft.ch\/it\/\",\"name\":\"Swissraft\",\"description\":\"To enjoy nature as it is\",\"publisher\":{\"@id\":\"https:\/\/www.swissraft.ch\/it\/#organization\"},\"potentialAction\":[{\"@type\":\"SearchAction\",\"target\":{\"@type\":\"EntryPoint\",\"urlTemplate\":\"https:\/\/www.swissraft.ch\/it\/?s={search_term_string}\"},\"query-input\":{\"@type\":\"PropertyValueSpecification\",\"valueRequired\":true,\"valueName\":\"search_term_string\"}}],\"inLanguage\":\"it-IT\"},{\"@type\":\"Organization\",\"@id\":\"https:\/\/www.swissraft.ch\/it\/#organization\",\"name\":\"Swissraft\",\"url\":\"https:\/\/www.swissraft.ch\/it\/\",\"logo\":{\"@type\":\"ImageObject\",\"inLanguage\":\"it-IT\",\"@id\":\"https:\/\/www.swissraft.ch\/it\/#\/schema\/logo\/image\/\",\"url\":\"https:\/\/www.swissraft.ch\/wp-content\/uploads\/2025\/09\/Capture.jpg\",\"contentUrl\":\"https:\/\/www.swissraft.ch\/wp-content\/uploads\/2025\/09\/Capture.jpg\",\"width\":293,\"height\":108,\"caption\":\"Swissraft\"},\"image\":{\"@id\":\"https:\/\/www.swissraft.ch\/it\/#\/schema\/logo\/image\/\"}}]}<\/script>\n<!-- \/ Yoast SEO plugin. -->","yoast_head_json":{"title":"Iniziazione del Colibr\u00ec EC120 da Lodrino senza ulteriori formalit\u00e0","description":"Iniziazione sul Colibr\u00ec EC120 di Lodrino senza alcuna formalit\u00e0 preliminare. Prendi i comandi dell'elicottero insieme all'istruttore.","robots":{"index":"index","follow":"follow","max-snippet":"max-snippet:-1","max-image-preview":"max-image-preview:large","max-video-preview":"max-video-preview:-1"},"canonical":"https:\/\/www.swissraft.ch\/it\/prodotto\/introduzione-a-un-elicottero-lodrino-colibri-ec120-a-partire-da-chf-780-00\/","og_locale":"it_IT","og_type":"article","og_title":"Iniziazione del Colibr\u00ec EC120 da Lodrino senza ulteriori formalit\u00e0","og_description":"Iniziazione sul Colibr\u00ec EC120 di Lodrino senza alcuna formalit\u00e0 preliminare. Prendi i comandi dell'elicottero insieme all'istruttore.","og_url":"https:\/\/www.swissraft.ch\/it\/prodotto\/introduzione-a-un-elicottero-lodrino-colibri-ec120-a-partire-da-chf-780-00\/","og_site_name":"Swissraft","article_modified_time":"2024-11-20T08:40:46+00:00","og_image":[{"width":776,"height":776,"url":"https:\/\/www.swissraft.ch\/wp-content\/uploads\/2023\/12\/2-COLIBRI-EC120-776x776-1.jpg","type":"image\/jpeg"}],"twitter_card":"summary_large_image","schema":{"@context":"https:\/\/schema.org","@graph":[{"@type":"WebPage","@id":"https:\/\/www.swissraft.ch\/it\/prodotto\/introduzione-a-un-elicottero-lodrino-colibri-ec120-a-partire-da-chf-780-00\/","url":"https:\/\/www.swissraft.ch\/it\/prodotto\/introduzione-a-un-elicottero-lodrino-colibri-ec120-a-partire-da-chf-780-00\/","name":"Iniziazione del Colibr\u00ec EC120 da Lodrino senza ulteriori formalit\u00e0","isPartOf":{"@id":"https:\/\/www.swissraft.ch\/it\/#website"},"primaryImageOfPage":{"@id":"https:\/\/www.swissraft.ch\/it\/prodotto\/introduzione-a-un-elicottero-lodrino-colibri-ec120-a-partire-da-chf-780-00\/#primaryimage"},"image":{"@id":"https:\/\/www.swissraft.ch\/it\/prodotto\/introduzione-a-un-elicottero-lodrino-colibri-ec120-a-partire-da-chf-780-00\/#primaryimage"},"thumbnailUrl":"https:\/\/www.swissraft.ch\/wp-content\/uploads\/2023\/12\/2-COLIBRI-EC120-776x776-1.jpg","datePublished":"2023-12-23T15:26:14+00:00","dateModified":"2024-11-20T08:40:46+00:00","description":"Iniziazione sul Colibr\u00ec EC120 di Lodrino senza alcuna formalit\u00e0 preliminare. Prendi i comandi dell'elicottero insieme all'istruttore.","breadcrumb":{"@id":"https:\/\/www.swissraft.ch\/it\/prodotto\/introduzione-a-un-elicottero-lodrino-colibri-ec120-a-partire-da-chf-780-00\/#breadcrumb"},"inLanguage":"it-IT","potentialAction":[{"@type":"ReadAction","target":["https:\/\/www.swissraft.ch\/it\/prodotto\/introduzione-a-un-elicottero-lodrino-colibri-ec120-a-partire-da-chf-780-00\/"]}]},{"@type":"ImageObject","inLanguage":"it-IT","@id":"https:\/\/www.swissraft.ch\/it\/prodotto\/introduzione-a-un-elicottero-lodrino-colibri-ec120-a-partire-da-chf-780-00\/#primaryimage","url":"https:\/\/www.swissraft.ch\/wp-content\/uploads\/2023\/12\/2-COLIBRI-EC120-776x776-1.jpg","contentUrl":"https:\/\/www.swissraft.ch\/wp-content\/uploads\/2023\/12\/2-COLIBRI-EC120-776x776-1.jpg","width":776,"height":776,"caption":"Iniziazione su Colibri EC120 di Lodrino"},{"@type":"BreadcrumbList","@id":"https:\/\/www.swissraft.ch\/it\/prodotto\/introduzione-a-un-elicottero-lodrino-colibri-ec120-a-partire-da-chf-780-00\/#breadcrumb","itemListElement":[{"@type":"ListItem","position":1,"name":"Accueil","item":"https:\/\/www.swissraft.ch\/it\/"},{"@type":"ListItem","position":2,"name":"Negozio","item":"https:\/\/www.swissraft.ch\/it\/negozio\/"},{"@type":"ListItem","position":3,"name":"Introduzione a un elicottero LODRINO &#8211; COLIBRI EC120 &#8211; A partire da CHF 780.00"}]},{"@type":"WebSite","@id":"https:\/\/www.swissraft.ch\/it\/#website","url":"https:\/\/www.swissraft.ch\/it\/","name":"Swissraft","description":"To enjoy nature as it is","publisher":{"@id":"https:\/\/www.swissraft.ch\/it\/#organization"},"potentialAction":[{"@type":"SearchAction","target":{"@type":"EntryPoint","urlTemplate":"https:\/\/www.swissraft.ch\/it\/?s={search_term_string}"},"query-input":{"@type":"PropertyValueSpecification","valueRequired":true,"valueName":"search_term_string"}}],"inLanguage":"it-IT"},{"@type":"Organization","@id":"https:\/\/www.swissraft.ch\/it\/#organization","name":"Swissraft","url":"https:\/\/www.swissraft.ch\/it\/","logo":{"@type":"ImageObject","inLanguage":"it-IT","@id":"https:\/\/www.swissraft.ch\/it\/#\/schema\/logo\/image\/","url":"https:\/\/www.swissraft.ch\/wp-content\/uploads\/2025\/09\/Capture.jpg","contentUrl":"https:\/\/www.swissraft.ch\/wp-content\/uploads\/2025\/09\/Capture.jpg","width":293,"height":108,"caption":"Swissraft"},"image":{"@id":"https:\/\/www.swissraft.ch\/it\/#\/schema\/logo\/image\/"}}]}},"_links":{"self":[{"href":"https:\/\/www.swissraft.ch\/it\/wp-json\/wp\/v2\/product\/92195","targetHints":{"allow":["GET"]}}],"collection":[{"href":"https:\/\/www.swissraft.ch\/it\/wp-json\/wp\/v2\/product"}],"about":[{"href":"https:\/\/www.swissraft.ch\/it\/wp-json\/wp\/v2\/types\/product"}],"replies":[{"embeddable":true,"href":"https:\/\/www.swissraft.ch\/it\/wp-json\/wp\/v2\/comments?post=92195"}],"version-history":[{"count":0,"href":"https:\/\/www.swissraft.ch\/it\/wp-json\/wp\/v2\/product\/92195\/revisions"}],"wp:featuredmedia":[{"embeddable":true,"href":"https:\/\/www.swissraft.ch\/it\/wp-json\/wp\/v2\/media\/89030"}],"wp:attachment":[{"href":"https:\/\/www.swissraft.ch\/it\/wp-json\/wp\/v2\/media?parent=92195"}],"wp:term":[{"taxonomy":"product_cat","embeddable":true,"href":"https:\/\/www.swissraft.ch\/it\/wp-json\/wp\/v2\/product_cat?post=92195"},{"taxonomy":"product_tag","embeddable":true,"href":"https:\/\/www.swissraft.ch\/it\/wp-json\/wp\/v2\/product_tag?post=92195"}],"curies":[{"name":"wp","href":"https:\/\/api.w.org\/{rel}","templated":true}]}}