{"id":92182,"date":"2023-12-22T17:23:26","date_gmt":"2023-12-22T16:23:26","guid":{"rendered":"https:\/\/swissraft.xyanzkdne.eu\/product\/introduzione-a-un-elicottero-di-epagny-cabri-g2-chf-550-00\/"},"modified":"2024-11-20T09:40:35","modified_gmt":"2024-11-20T08:40:35","slug":"introduzione-a-un-elicottero-di-epagny-cabri-g2-chf-550-00","status":"publish","type":"product","link":"https:\/\/www.swissraft.ch\/it\/prodotto\/introduzione-a-un-elicottero-di-epagny-cabri-g2-chf-550-00\/","title":{"rendered":"Introduzione a un elicottero di \u00c9PAGNY &#8211; CABRI G2 &#8211; CHF 550.00"},"content":{"rendered":"\t\t<div data-elementor-type=\"wp-post\" data-elementor-id=\"92182\" class=\"elementor elementor-92182 elementor-55166\">\n\t\t\t\t\t\t\t\t\t<section class=\"elementor-section elementor-top-section elementor-element elementor-element-3303a7e3 elementor-section-boxed elementor-section-height-default elementor-section-height-default\" data-id=\"3303a7e3\" data-element_type=\"section\">\n\t\t\t\t\t\t<div class=\"elementor-container elementor-column-gap-default\">\n\t\t\t\t\t<div class=\"elementor-column elementor-col-100 elementor-top-column elementor-element elementor-element-16d72dbf\" data-id=\"16d72dbf\" data-element_type=\"column\">\n\t\t\t<div class=\"elementor-widget-wrap elementor-element-populated\">\n\t\t\t\t\t\t\t\t<div class=\"elementor-element elementor-element-d743c03 elementor-widget elementor-widget-text-editor\" data-id=\"d743c03\" data-element_type=\"widget\" data-widget_type=\"text-editor.default\">\n\t\t\t\t<div class=\"elementor-widget-container\">\n\t\t\t\t\t\t\t<h2>SCEGLI LA TUA ATTIVIT\u00c0 QUI SOTTO PER OFFRIRE BUONI REGALO\/BIGLIETTI O EFFETTUARE UNA PRENOTAZIONE<\/h2>\n<table border=\"0\" width=\"580\" cellspacing=\"10\" cellpadding=\"10\">\n<tbody>\n<tr>\n<td width=\"50%\"><strong>INIZIAZIONE AL CABRI G2 &#8211; 1 STUDENTE &#8211; 40 min.<\/strong><\/td>\n<td><strong>CHF 550,00 per volo<span class=\"productPrice\"><br \/><\/span><\/strong><\/td>\n<\/tr>\n<tr>\n<td>Informazioni aggiuntive<\/td>\n<td>\n<p>&#8211; Utilizzi l&#8217;elicottero esclusivamente per te &#8211; Decidi tu la data e l&#8217;ora di partenza &#8211; Peso massimo: 100 kg &#8211; Massimo 1 persona.<\/td>\n<\/tr>\n<tr>\n<td>Aerodromo<\/td>\n<td><a href=\"https:\/\/www.google.com\/maps\/place\/A%C3%A9rodrome+de+la+Gruy%C3%A8re\/@46.5952055,7.0843047,1551m\/data=!3m1!1e3!4m6!3m5!1s0x478e89f722c3d039:0xd4423e0e6ea8594d!8m2!3d46.5948613!4d7.0933586!16s%2Fg%2F120t9782?entry=ttu\" target=\"_blank\" rel=\"noopener\">\u00c9pagny<\/a><\/td>\n<\/tr>\n<tr>\n<td>Tempo di volo<\/td>\n<td>40 min.<\/td>\n<\/tr>\n<tr>\n<td>Durata totale<\/td>\n<td>circa 1h30<\/td>\n<\/tr>\n<tr>\n<td>Appuntamento<\/td>\n<td>Per telefono<\/td>\n<\/tr>\n<tr>\n<td><button class=\"elementor-button\" type=\"button\"><a href=\"https:\/\/swissraft.outdoorbooking.ch\/fo\/products\/308?base_id=8&amp;category_id=4&amp;order_type=gift_voucher&amp;lang=it\" target=\"_blank\" rel=\"noopener\">BUONO REGALO<\/a><\/button><\/td>\n<td>Per prenotare <span class=\"patt\" style=\"font-family: inherit; font-size: inherit;\"><span class=\"plbl\"><span class=\"patt\"><a href=\"https:\/\/www.swissraft.ch\/it\/contattaci\/\">contattaci<\/a><\/span><\/span><\/span><\/td>\n<\/tr>\n<\/tbody>\n<\/table>\n\t\t\t\t\t\t<\/div>\n\t\t\t\t<\/div>\n\t\t\t\t\t<\/div>\n\t\t<\/div>\n\t\t\t\t\t\t\t<\/div>\n\t\t<\/section>\n\t\t\t\t\t\t\t<\/div>\n\t\t","protected":false},"excerpt":{"rendered":"<div align=\"justify\">\n<h2 align=\"justify\">Dall&#8217;aerodromo di \u00c9pagny en Gruy\u00e8re, ti verr\u00e0 presentata un&#8217;introduzione a un elicottero CABRI G2.<\/h2>\n<h3>Il CABRI G2 \u00e8 un piccolo elicottero biposto ideale per l&#8217;addestramento.<\/h3>\n<\/div>\n<div align=\"justify\">\n<p>Il tuo istruttore ti accoglier\u00e0 all&#8217;aeroporto di \u00c9pagny. Dopo una breve lezione teorica sul volo e sull&#8217;aerodinamica, raggiungerai il tuo elicottero sulla pista. Insieme al tuo istruttore, effettuerai un&#8217;ispezione tecnica, controllando alcune parti importanti dell&#8217;elicottero per la tua sicurezza. Un elicottero \u00e8 pi\u00f9 complesso di qualsiasi altro velivolo e richiede un&#8217;attenzione particolare. Poi prendi posto ai comandi del tuo elicottero Cabri G2. La torre di controllo ti dar\u00e0 l&#8217;autorizzazione al decollo. Attiva il passo generale tirandolo delicatamente verso l&#8217;alto e decolla dolcemente. Gira a sinistra sul tuo asse e l&#8217;iniziazione dell&#8217;elicottero pu\u00f2 iniziare.<\/p>\n<h3>Swissraft offre diversi tipi di elicotteri con posti da 1 a 4 passeggeri, che puoi utilizzare per un volo introduttivo.<\/h3>\n<p id=\"textarea\" style=\"display: none;\">\nAbbiamo voli introduttivi dall&#8217;aeroporto di Berna-Belp. Lo stesso vale per Speck-Fehraltorf, nel cantone di Zurigo. Ma anche dall&#8217;aeroporto di Buttwil, ad Argovia, sull&#8217;altopiano svizzero. Offriamo anche voli introduttivi in elicottero da Grenchen, nel Canton Soletta. Abbiamo anche dei voli introduttivi nella Svizzera centrale a Pfaffnau, nel cantone di Lucerna. Poi abbiamo dei voli introduttivi in elicottero nel Liechtenstein presso l&#8217;eliporto di Balzers. A Sitterdorf, nella Svizzera orientale, nel cantone di Thurgau, offriamo anche voli introduttivi in elicottero. Inoltre, nei Grigioni, sono possibili partenze dagli eliporti di Samedan, St. A St. Moritz e Untervaz stiamo facendo un&#8217;iniziazione. Offriamo anche voli introduttivi in elicottero in Ticino dagli aeroporti di Lodrino e Locarno.\n<\/p>\n<p><a id=\"seeMore\" onclick=\"toggleSeeMore()\" href=\"javascript:void(0);\">Leggi tutto<\/a><\/p>\n","protected":false},"featured_media":88976,"comment_status":"open","ping_status":"closed","template":"","meta":{"inline_featured_image":false,"_mi_skip_tracking":false},"product_cat":[446,386,406],"product_tag":[],"class_list":["post-92182","product","type-product","status-publish","has-post-thumbnail","hentry","product_cat-iniziazione-allelicottero-epagny","product_cat-pilotare-se-stessi","product_cat-pilotare-un-elicottero"],"yoast_head":"<!-- This site is optimized with the Yoast SEO plugin v23.6 - https:\/\/yoast.com\/wordpress\/plugins\/seo\/ -->\n<title>Introduzione a Cabri all&#039;aeroporto di \u00c9pagny<\/title>\n<meta name=\"description\" content=\"Prendi i comandi di un elicottero senza alcuna formalit\u00e0 preliminare. Una grande esperienza\" \/>\n<meta name=\"robots\" content=\"index, follow, max-snippet:-1, max-image-preview:large, max-video-preview:-1\" \/>\n<link rel=\"canonical\" href=\"https:\/\/www.swissraft.ch\/it\/prodotto\/introduzione-a-un-elicottero-di-epagny-cabri-g2-chf-550-00\/\" \/>\n<meta property=\"og:locale\" content=\"it_IT\" \/>\n<meta property=\"og:type\" content=\"article\" \/>\n<meta property=\"og:title\" content=\"Introduzione a Cabri all&#039;aeroporto di \u00c9pagny\" \/>\n<meta property=\"og:description\" content=\"Prendi i comandi di un elicottero senza alcuna formalit\u00e0 preliminare. Una grande esperienza\" \/>\n<meta property=\"og:url\" content=\"https:\/\/www.swissraft.ch\/it\/prodotto\/introduzione-a-un-elicottero-di-epagny-cabri-g2-chf-550-00\/\" \/>\n<meta property=\"og:site_name\" content=\"Swissraft\" \/>\n<meta property=\"article:modified_time\" content=\"2024-11-20T08:40:35+00:00\" \/>\n<meta property=\"og:image\" content=\"https:\/\/www.swissraft.ch\/wp-content\/uploads\/2023\/12\/1-CABRI-G2-776x776-2.jpg\" \/>\n\t<meta property=\"og:image:width\" content=\"776\" \/>\n\t<meta property=\"og:image:height\" content=\"776\" \/>\n\t<meta property=\"og:image:type\" content=\"image\/jpeg\" \/>\n<meta name=\"twitter:card\" content=\"summary_large_image\" \/>\n<script type=\"application\/ld+json\" class=\"yoast-schema-graph\">{\"@context\":\"https:\/\/schema.org\",\"@graph\":[{\"@type\":\"WebPage\",\"@id\":\"https:\/\/www.swissraft.ch\/it\/prodotto\/introduzione-a-un-elicottero-di-epagny-cabri-g2-chf-550-00\/\",\"url\":\"https:\/\/www.swissraft.ch\/it\/prodotto\/introduzione-a-un-elicottero-di-epagny-cabri-g2-chf-550-00\/\",\"name\":\"Introduzione a Cabri all'aeroporto di \u00c9pagny\",\"isPartOf\":{\"@id\":\"https:\/\/www.swissraft.ch\/it\/#website\"},\"primaryImageOfPage\":{\"@id\":\"https:\/\/www.swissraft.ch\/it\/prodotto\/introduzione-a-un-elicottero-di-epagny-cabri-g2-chf-550-00\/#primaryimage\"},\"image\":{\"@id\":\"https:\/\/www.swissraft.ch\/it\/prodotto\/introduzione-a-un-elicottero-di-epagny-cabri-g2-chf-550-00\/#primaryimage\"},\"thumbnailUrl\":\"https:\/\/www.swissraft.ch\/wp-content\/uploads\/2023\/12\/1-CABRI-G2-776x776-2.jpg\",\"datePublished\":\"2023-12-22T16:23:26+00:00\",\"dateModified\":\"2024-11-20T08:40:35+00:00\",\"description\":\"Prendi i comandi di un elicottero senza alcuna formalit\u00e0 preliminare. Una grande esperienza\",\"breadcrumb\":{\"@id\":\"https:\/\/www.swissraft.ch\/it\/prodotto\/introduzione-a-un-elicottero-di-epagny-cabri-g2-chf-550-00\/#breadcrumb\"},\"inLanguage\":\"it-IT\",\"potentialAction\":[{\"@type\":\"ReadAction\",\"target\":[\"https:\/\/www.swissraft.ch\/it\/prodotto\/introduzione-a-un-elicottero-di-epagny-cabri-g2-chf-550-00\/\"]}]},{\"@type\":\"ImageObject\",\"inLanguage\":\"it-IT\",\"@id\":\"https:\/\/www.swissraft.ch\/it\/prodotto\/introduzione-a-un-elicottero-di-epagny-cabri-g2-chf-550-00\/#primaryimage\",\"url\":\"https:\/\/www.swissraft.ch\/wp-content\/uploads\/2023\/12\/1-CABRI-G2-776x776-2.jpg\",\"contentUrl\":\"https:\/\/www.swissraft.ch\/wp-content\/uploads\/2023\/12\/1-CABRI-G2-776x776-2.jpg\",\"width\":776,\"height\":776,\"caption\":\"Introduzione alla guida di un Cabri G2 di \u00c9pagny\"},{\"@type\":\"BreadcrumbList\",\"@id\":\"https:\/\/www.swissraft.ch\/it\/prodotto\/introduzione-a-un-elicottero-di-epagny-cabri-g2-chf-550-00\/#breadcrumb\",\"itemListElement\":[{\"@type\":\"ListItem\",\"position\":1,\"name\":\"Accueil\",\"item\":\"https:\/\/www.swissraft.ch\/it\/\"},{\"@type\":\"ListItem\",\"position\":2,\"name\":\"Negozio\",\"item\":\"https:\/\/www.swissraft.ch\/it\/negozio\/\"},{\"@type\":\"ListItem\",\"position\":3,\"name\":\"Introduzione a un elicottero di \u00c9PAGNY &#8211; CABRI G2 &#8211; CHF 550.00\"}]},{\"@type\":\"WebSite\",\"@id\":\"https:\/\/www.swissraft.ch\/it\/#website\",\"url\":\"https:\/\/www.swissraft.ch\/it\/\",\"name\":\"Swissraft\",\"description\":\"To enjoy nature as it is\",\"publisher\":{\"@id\":\"https:\/\/www.swissraft.ch\/it\/#organization\"},\"potentialAction\":[{\"@type\":\"SearchAction\",\"target\":{\"@type\":\"EntryPoint\",\"urlTemplate\":\"https:\/\/www.swissraft.ch\/it\/?s={search_term_string}\"},\"query-input\":{\"@type\":\"PropertyValueSpecification\",\"valueRequired\":true,\"valueName\":\"search_term_string\"}}],\"inLanguage\":\"it-IT\"},{\"@type\":\"Organization\",\"@id\":\"https:\/\/www.swissraft.ch\/it\/#organization\",\"name\":\"Swissraft\",\"url\":\"https:\/\/www.swissraft.ch\/it\/\",\"logo\":{\"@type\":\"ImageObject\",\"inLanguage\":\"it-IT\",\"@id\":\"https:\/\/www.swissraft.ch\/it\/#\/schema\/logo\/image\/\",\"url\":\"https:\/\/www.swissraft.ch\/wp-content\/uploads\/2025\/09\/Capture.jpg\",\"contentUrl\":\"https:\/\/www.swissraft.ch\/wp-content\/uploads\/2025\/09\/Capture.jpg\",\"width\":293,\"height\":108,\"caption\":\"Swissraft\"},\"image\":{\"@id\":\"https:\/\/www.swissraft.ch\/it\/#\/schema\/logo\/image\/\"}}]}<\/script>\n<!-- \/ Yoast SEO plugin. -->","yoast_head_json":{"title":"Introduzione a Cabri all'aeroporto di \u00c9pagny","description":"Prendi i comandi di un elicottero senza alcuna formalit\u00e0 preliminare. Una grande esperienza","robots":{"index":"index","follow":"follow","max-snippet":"max-snippet:-1","max-image-preview":"max-image-preview:large","max-video-preview":"max-video-preview:-1"},"canonical":"https:\/\/www.swissraft.ch\/it\/prodotto\/introduzione-a-un-elicottero-di-epagny-cabri-g2-chf-550-00\/","og_locale":"it_IT","og_type":"article","og_title":"Introduzione a Cabri all'aeroporto di \u00c9pagny","og_description":"Prendi i comandi di un elicottero senza alcuna formalit\u00e0 preliminare. Una grande esperienza","og_url":"https:\/\/www.swissraft.ch\/it\/prodotto\/introduzione-a-un-elicottero-di-epagny-cabri-g2-chf-550-00\/","og_site_name":"Swissraft","article_modified_time":"2024-11-20T08:40:35+00:00","og_image":[{"width":776,"height":776,"url":"https:\/\/www.swissraft.ch\/wp-content\/uploads\/2023\/12\/1-CABRI-G2-776x776-2.jpg","type":"image\/jpeg"}],"twitter_card":"summary_large_image","schema":{"@context":"https:\/\/schema.org","@graph":[{"@type":"WebPage","@id":"https:\/\/www.swissraft.ch\/it\/prodotto\/introduzione-a-un-elicottero-di-epagny-cabri-g2-chf-550-00\/","url":"https:\/\/www.swissraft.ch\/it\/prodotto\/introduzione-a-un-elicottero-di-epagny-cabri-g2-chf-550-00\/","name":"Introduzione a Cabri all'aeroporto di \u00c9pagny","isPartOf":{"@id":"https:\/\/www.swissraft.ch\/it\/#website"},"primaryImageOfPage":{"@id":"https:\/\/www.swissraft.ch\/it\/prodotto\/introduzione-a-un-elicottero-di-epagny-cabri-g2-chf-550-00\/#primaryimage"},"image":{"@id":"https:\/\/www.swissraft.ch\/it\/prodotto\/introduzione-a-un-elicottero-di-epagny-cabri-g2-chf-550-00\/#primaryimage"},"thumbnailUrl":"https:\/\/www.swissraft.ch\/wp-content\/uploads\/2023\/12\/1-CABRI-G2-776x776-2.jpg","datePublished":"2023-12-22T16:23:26+00:00","dateModified":"2024-11-20T08:40:35+00:00","description":"Prendi i comandi di un elicottero senza alcuna formalit\u00e0 preliminare. Una grande esperienza","breadcrumb":{"@id":"https:\/\/www.swissraft.ch\/it\/prodotto\/introduzione-a-un-elicottero-di-epagny-cabri-g2-chf-550-00\/#breadcrumb"},"inLanguage":"it-IT","potentialAction":[{"@type":"ReadAction","target":["https:\/\/www.swissraft.ch\/it\/prodotto\/introduzione-a-un-elicottero-di-epagny-cabri-g2-chf-550-00\/"]}]},{"@type":"ImageObject","inLanguage":"it-IT","@id":"https:\/\/www.swissraft.ch\/it\/prodotto\/introduzione-a-un-elicottero-di-epagny-cabri-g2-chf-550-00\/#primaryimage","url":"https:\/\/www.swissraft.ch\/wp-content\/uploads\/2023\/12\/1-CABRI-G2-776x776-2.jpg","contentUrl":"https:\/\/www.swissraft.ch\/wp-content\/uploads\/2023\/12\/1-CABRI-G2-776x776-2.jpg","width":776,"height":776,"caption":"Introduzione alla guida di un Cabri G2 di \u00c9pagny"},{"@type":"BreadcrumbList","@id":"https:\/\/www.swissraft.ch\/it\/prodotto\/introduzione-a-un-elicottero-di-epagny-cabri-g2-chf-550-00\/#breadcrumb","itemListElement":[{"@type":"ListItem","position":1,"name":"Accueil","item":"https:\/\/www.swissraft.ch\/it\/"},{"@type":"ListItem","position":2,"name":"Negozio","item":"https:\/\/www.swissraft.ch\/it\/negozio\/"},{"@type":"ListItem","position":3,"name":"Introduzione a un elicottero di \u00c9PAGNY &#8211; CABRI G2 &#8211; CHF 550.00"}]},{"@type":"WebSite","@id":"https:\/\/www.swissraft.ch\/it\/#website","url":"https:\/\/www.swissraft.ch\/it\/","name":"Swissraft","description":"To enjoy nature as it is","publisher":{"@id":"https:\/\/www.swissraft.ch\/it\/#organization"},"potentialAction":[{"@type":"SearchAction","target":{"@type":"EntryPoint","urlTemplate":"https:\/\/www.swissraft.ch\/it\/?s={search_term_string}"},"query-input":{"@type":"PropertyValueSpecification","valueRequired":true,"valueName":"search_term_string"}}],"inLanguage":"it-IT"},{"@type":"Organization","@id":"https:\/\/www.swissraft.ch\/it\/#organization","name":"Swissraft","url":"https:\/\/www.swissraft.ch\/it\/","logo":{"@type":"ImageObject","inLanguage":"it-IT","@id":"https:\/\/www.swissraft.ch\/it\/#\/schema\/logo\/image\/","url":"https:\/\/www.swissraft.ch\/wp-content\/uploads\/2025\/09\/Capture.jpg","contentUrl":"https:\/\/www.swissraft.ch\/wp-content\/uploads\/2025\/09\/Capture.jpg","width":293,"height":108,"caption":"Swissraft"},"image":{"@id":"https:\/\/www.swissraft.ch\/it\/#\/schema\/logo\/image\/"}}]}},"_links":{"self":[{"href":"https:\/\/www.swissraft.ch\/it\/wp-json\/wp\/v2\/product\/92182","targetHints":{"allow":["GET"]}}],"collection":[{"href":"https:\/\/www.swissraft.ch\/it\/wp-json\/wp\/v2\/product"}],"about":[{"href":"https:\/\/www.swissraft.ch\/it\/wp-json\/wp\/v2\/types\/product"}],"replies":[{"embeddable":true,"href":"https:\/\/www.swissraft.ch\/it\/wp-json\/wp\/v2\/comments?post=92182"}],"version-history":[{"count":0,"href":"https:\/\/www.swissraft.ch\/it\/wp-json\/wp\/v2\/product\/92182\/revisions"}],"wp:featuredmedia":[{"embeddable":true,"href":"https:\/\/www.swissraft.ch\/it\/wp-json\/wp\/v2\/media\/88976"}],"wp:attachment":[{"href":"https:\/\/www.swissraft.ch\/it\/wp-json\/wp\/v2\/media?parent=92182"}],"wp:term":[{"taxonomy":"product_cat","embeddable":true,"href":"https:\/\/www.swissraft.ch\/it\/wp-json\/wp\/v2\/product_cat?post=92182"},{"taxonomy":"product_tag","embeddable":true,"href":"https:\/\/www.swissraft.ch\/it\/wp-json\/wp\/v2\/product_tag?post=92182"}],"curies":[{"name":"wp","href":"https:\/\/api.w.org\/{rel}","templated":true}]}}