{"id":92126,"date":"2024-01-18T03:08:08","date_gmt":"2024-01-18T02:08:08","guid":{"rendered":"https:\/\/swissraft.xyanzkdne.eu\/product\/simulatore-di-volo-a-niederbuchsiten-robinson-r22-da-chf-210-00\/"},"modified":"2024-11-20T09:57:15","modified_gmt":"2024-11-20T08:57:15","slug":"simulatore-di-volo-a-niederbuchsiten-robinson-r22-da-chf-210-00","status":"publish","type":"product","link":"https:\/\/www.swissraft.ch\/it\/prodotto\/simulatore-di-volo-a-niederbuchsiten-robinson-r22-da-chf-210-00\/","title":{"rendered":"Simulatore di volo a NIEDERBUCHSITEN &#8211; ROBINSON R22 &#8211; Da CHF 210.00"},"content":{"rendered":"\t\t<div data-elementor-type=\"wp-post\" data-elementor-id=\"92126\" class=\"elementor elementor-92126 elementor-57417\">\n\t\t\t\t\t\t\t\t\t<section class=\"elementor-section elementor-top-section elementor-element elementor-element-3303a7e3 elementor-section-boxed elementor-section-height-default elementor-section-height-default\" data-id=\"3303a7e3\" data-element_type=\"section\">\n\t\t\t\t\t\t<div class=\"elementor-container elementor-column-gap-default\">\n\t\t\t\t\t<div class=\"elementor-column elementor-col-100 elementor-top-column elementor-element elementor-element-16d72dbf\" data-id=\"16d72dbf\" data-element_type=\"column\">\n\t\t\t<div class=\"elementor-widget-wrap elementor-element-populated\">\n\t\t\t\t\t\t\t\t<div class=\"elementor-element elementor-element-d743c03 elementor-widget elementor-widget-text-editor\" data-id=\"d743c03\" data-element_type=\"widget\" data-widget_type=\"text-editor.default\">\n\t\t\t\t<div class=\"elementor-widget-container\">\n\t\t\t\t\t\t\t<h2>SCEGLI LA TUA ATTIVIT\u00c0 QUI SOTTO PER OFFRIRE BUONI REGALO\/BIGLIETTI O EFFETTUARE UNA PRENOTAZIONE<\/h2>\n<table border=\"0\" width=\"580\" cellspacing=\"10\" cellpadding=\"10\">\n<tbody>\n<tr>\n<td width=\"50%\"><strong>SIMULATORE DI VOLO ROBINSON R22 (1+1 pers.) &#8211; 1h45<\/strong><\/td>\n<td><strong>A partire da CHF 210,00 per volo<span class=\"productPrice\">\n<\/span><\/strong><\/td>\n<\/tr>\n<tr>\n<td>Ulteriori informazioni<\/td>\n<td><span class=\"patt\">&#8211; Altezza minima: 1m50\n&#8211; Altezza massima: 1m90\n&#8211; Massimo 1 passeggero<\/span><\/td>\n<\/tr>\n<tr>\n<td>Luogo di incontro<\/td>\n<td><a href=\"https:\/\/www.google.com\/maps\/place\/Neumatt+10,+4626+Niederbuchsiten\/@47.299586,7.7636308,765m\/data=!3m1!1e3!4m15!1m8!3m7!1s0x47902cee9313adc5:0x3bc860cf7acb8ca9!2s4626+Niederbuchsiten!3b1!8m2!3d47.2970819!4d7.7713269!16zL20vMGc0cWZr!3m5!1s0x47902cdebaa4f57d:0x8b7c89acc4bff888!8m2!3d47.2994157!4d7.7681568!16s%2Fg%2F11gmfv3jv0?entry=ttu\" target=\"_blank\" rel=\"noopener\">Niederbuchsiten<\/a><\/td>\n<\/tr>\n<tr>\n<td>Scelta della durata del volo<\/td>\n<td>1h45 \/ 2h \/ 3h<\/td>\n<\/tr>\n<tr>\n<td>Durata totale<\/td>\n<td>da 2h a 3h15 circa, a seconda del numero di minuti.<\/td>\n<\/tr>\n<tr>\n<td>Appuntamenti<\/td>\n<td>Per telefono<\/td>\n<\/tr>\n<tr>\n<td><button class=\"elementor-button\" type=\"button\"><a href=\"https:\/\/swissraft.outdoorbooking.ch\/fo\/products\/2039?base_id=35&amp;category_id=21&amp;order_type=gift_voucher&amp;lang=it\" target=\"_blank\" rel=\"noopener\">BUONO REGALO<\/a><\/button><\/td>\n<td><strong>CHF 210,00 &#8211; 1h45 di volo<\/strong><\/td>\n<\/tr>\n<tr>\n<td><button class=\"elementor-button\" type=\"button\"><a href=\"https:\/\/swissraft.outdoorbooking.ch\/fo\/products\/150?base_id=35&amp;category_id=21&amp;order_type=gift_voucher&amp;lang=it\" target=\"_blank\" rel=\"noopener\">BUONO REGALO<\/a><\/button><\/td>\n<td><strong>CHF 250,00 &#8211; volo di 2 ore<\/strong><\/td>\n<\/tr>\n<tr>\n<td><button class=\"elementor-button\" type=\"button\"><a href=\"https:\/\/swissraft.outdoorbooking.ch\/fo\/products\/176?base_id=35&amp;category_id=21&amp;order_type=gift_voucher&amp;lang=it\" target=\"_blank\" rel=\"noopener\">BUONO REGALO<\/a><\/button><\/td>\n<td><strong>CHF 320,00 &#8211; 3h di volo<\/strong><\/td>\n<\/tr>\n<tr>\n<td><\/td>\n<td>Per effettuare una prenotazione <span class=\"patt\" style=\"font-family: inherit; font-size: inherit;\"><span class=\"plbl\"><span class=\"patt\"><a href=\"https:\/\/www.swissraft.ch\/it\/contattaci\/\">contattaci<\/a><\/span><\/span><\/span><\/td>\n<\/tr>\n<\/tbody>\n<\/table>\t\t\t\t\t\t<\/div>\n\t\t\t\t<\/div>\n\t\t\t\t\t<\/div>\n\t\t<\/div>\n\t\t\t\t\t\t\t<\/div>\n\t\t<\/section>\n\t\t\t\t\t\t\t<\/div>\n\t\t","protected":false},"excerpt":{"rendered":"<div align=\"justify\">\n<h2 align=\"justify\">Unisciti a noi a bordo del simulatore di volo ROBINSON R22 a Niederbuchsiten, accompagnato da un passeggero. Condividi questa esperienza virtuale eccezionalmente realistica <\/h2>\n<h3>Prendi il volo con l&#8217;elicottero ROBINSON R22 per un volo in coppia. Vivete insieme ogni momento di questo affascinante volo. <\/h3>\n<\/div>\n<div align=\"justify\">\n<p>Mettiti al posto di pilotaggio del Robinson R22 e parti per un volo emozionante. Il simulatore di elicottero Robinson R22 offre un&#8217;esperienza di volo reale. Ti consigliamo vivamente di seguire un corso introduttivo con un istruttore per padroneggiare i comandi. L&#8217;autentica cabina di pilotaggio del simulatore Robinson R22 incorpora strumenti che ti permettono di controllare attentamente i parametri prima del decollo. I movimenti del simulatore riflettono accuratamente tutte le sensazioni del volo con il Robinson R22. Creano un senso di immersione tale da farti dimenticare di essere in un simulatore. I rumori e le vibrazioni del motore sono riprodotti in modo impeccabile e contribuiscono al realismo dell&#8217;esperienza. La qualit\u00e0 visiva \u00e8 garantita da proiettori HD, che offrono una profondit\u00e0 di campo per una visione incredibilmente realistica.       <\/p>\n<h3>Per maggiori informazioni o per prenotare una sessione sul simulatore di volo Robinson R22, non esitare a contattarci telefonicamente.<\/h3>\n<p id=\"textarea\" style=\"display: none;\">\nAbbiamo anche un simulatore di volo Cessna 172 e un simulatore Boeing 737-800 NG a Niederbuchsiten. Anche a Zurigo abbiamo un simulatore di volo Boeing B777. Allo stesso modo, all&#8217;aeroporto La Bl\u00e9cherette di Losanna, offriamo un simulatore di volo Boeing 737-700. Ad Attikon\/Winterthur abbiamo un simulatore di volo per elicotteri EC135 e un simulatore di volo per Boeing 737 FSC. A Pf\u00e4ffikon abbiamo un simulatore di volo per elicotteri EC135. E a Villars-Les-Moines abbiamo un simulatore di volo Airbus A320 ad alte prestazioni.\n<\/p>\n<p><a id=\"seeMore\" onclick=\"toggleSeeMore()\" href=\"javascript:void(0);\">Leggi tutto<\/a><\/p>\n","protected":false},"featured_media":89489,"comment_status":"open","ping_status":"closed","template":"","meta":{"inline_featured_image":false,"_mi_skip_tracking":false},"product_cat":[415,418],"product_tag":[],"class_list":["post-92126","product","type-product","status-publish","has-post-thumbnail","hentry","product_cat-simulatore-di-volo","product_cat-simulatore-di-volo-niederbuchsiten"],"yoast_head":"<!-- This site is optimized with the Yoast SEO plugin v23.6 - https:\/\/yoast.com\/wordpress\/plugins\/seo\/ -->\n<title>Simulatore di volo Robinson R22 in Niederbuchsiten. Vola con un elicottero<\/title>\n<meta name=\"description\" content=\"Simulatore di volo Robinson R22 in Niederbuchsiten. Sei ai comandi di un elicottero. Il tuo istruttore ti assiste durante il volo\" \/>\n<meta name=\"robots\" content=\"index, follow, max-snippet:-1, max-image-preview:large, max-video-preview:-1\" \/>\n<link rel=\"canonical\" href=\"https:\/\/www.swissraft.ch\/it\/prodotto\/simulatore-di-volo-a-niederbuchsiten-robinson-r22-da-chf-210-00\/\" \/>\n<meta property=\"og:locale\" content=\"it_IT\" \/>\n<meta property=\"og:type\" content=\"article\" \/>\n<meta property=\"og:title\" content=\"Simulatore di volo Robinson R22 in Niederbuchsiten. Vola con un elicottero\" \/>\n<meta property=\"og:description\" content=\"Simulatore di volo Robinson R22 in Niederbuchsiten. Sei ai comandi di un elicottero. Il tuo istruttore ti assiste durante il volo\" \/>\n<meta property=\"og:url\" content=\"https:\/\/www.swissraft.ch\/it\/prodotto\/simulatore-di-volo-a-niederbuchsiten-robinson-r22-da-chf-210-00\/\" \/>\n<meta property=\"og:site_name\" content=\"Swissraft\" \/>\n<meta property=\"article:modified_time\" content=\"2024-11-20T08:57:15+00:00\" \/>\n<meta property=\"og:image\" content=\"https:\/\/www.swissraft.ch\/wp-content\/uploads\/2024\/01\/ROBINSON-R22-776x776-1.jpg\" \/>\n\t<meta property=\"og:image:width\" content=\"776\" \/>\n\t<meta property=\"og:image:height\" content=\"776\" \/>\n\t<meta property=\"og:image:type\" content=\"image\/jpeg\" \/>\n<meta name=\"twitter:card\" content=\"summary_large_image\" \/>\n<script type=\"application\/ld+json\" class=\"yoast-schema-graph\">{\"@context\":\"https:\/\/schema.org\",\"@graph\":[{\"@type\":\"WebPage\",\"@id\":\"https:\/\/www.swissraft.ch\/it\/prodotto\/simulatore-di-volo-a-niederbuchsiten-robinson-r22-da-chf-210-00\/\",\"url\":\"https:\/\/www.swissraft.ch\/it\/prodotto\/simulatore-di-volo-a-niederbuchsiten-robinson-r22-da-chf-210-00\/\",\"name\":\"Simulatore di volo Robinson R22 in Niederbuchsiten. Vola con un elicottero\",\"isPartOf\":{\"@id\":\"https:\/\/www.swissraft.ch\/it\/#website\"},\"primaryImageOfPage\":{\"@id\":\"https:\/\/www.swissraft.ch\/it\/prodotto\/simulatore-di-volo-a-niederbuchsiten-robinson-r22-da-chf-210-00\/#primaryimage\"},\"image\":{\"@id\":\"https:\/\/www.swissraft.ch\/it\/prodotto\/simulatore-di-volo-a-niederbuchsiten-robinson-r22-da-chf-210-00\/#primaryimage\"},\"thumbnailUrl\":\"https:\/\/www.swissraft.ch\/wp-content\/uploads\/2024\/01\/ROBINSON-R22-776x776-1.jpg\",\"datePublished\":\"2024-01-18T02:08:08+00:00\",\"dateModified\":\"2024-11-20T08:57:15+00:00\",\"description\":\"Simulatore di volo Robinson R22 in Niederbuchsiten. Sei ai comandi di un elicottero. Il tuo istruttore ti assiste durante il volo\",\"breadcrumb\":{\"@id\":\"https:\/\/www.swissraft.ch\/it\/prodotto\/simulatore-di-volo-a-niederbuchsiten-robinson-r22-da-chf-210-00\/#breadcrumb\"},\"inLanguage\":\"it-IT\",\"potentialAction\":[{\"@type\":\"ReadAction\",\"target\":[\"https:\/\/www.swissraft.ch\/it\/prodotto\/simulatore-di-volo-a-niederbuchsiten-robinson-r22-da-chf-210-00\/\"]}]},{\"@type\":\"ImageObject\",\"inLanguage\":\"it-IT\",\"@id\":\"https:\/\/www.swissraft.ch\/it\/prodotto\/simulatore-di-volo-a-niederbuchsiten-robinson-r22-da-chf-210-00\/#primaryimage\",\"url\":\"https:\/\/www.swissraft.ch\/wp-content\/uploads\/2024\/01\/ROBINSON-R22-776x776-1.jpg\",\"contentUrl\":\"https:\/\/www.swissraft.ch\/wp-content\/uploads\/2024\/01\/ROBINSON-R22-776x776-1.jpg\",\"width\":776,\"height\":776,\"caption\":\"Simulatore di volo Robinson R22 in Niederbuchsiten\"},{\"@type\":\"BreadcrumbList\",\"@id\":\"https:\/\/www.swissraft.ch\/it\/prodotto\/simulatore-di-volo-a-niederbuchsiten-robinson-r22-da-chf-210-00\/#breadcrumb\",\"itemListElement\":[{\"@type\":\"ListItem\",\"position\":1,\"name\":\"Accueil\",\"item\":\"https:\/\/www.swissraft.ch\/it\/\"},{\"@type\":\"ListItem\",\"position\":2,\"name\":\"Negozio\",\"item\":\"https:\/\/www.swissraft.ch\/it\/negozio\/\"},{\"@type\":\"ListItem\",\"position\":3,\"name\":\"Simulatore di volo a NIEDERBUCHSITEN &#8211; ROBINSON R22 &#8211; Da CHF 210.00\"}]},{\"@type\":\"WebSite\",\"@id\":\"https:\/\/www.swissraft.ch\/it\/#website\",\"url\":\"https:\/\/www.swissraft.ch\/it\/\",\"name\":\"Swissraft\",\"description\":\"To enjoy nature as it is\",\"publisher\":{\"@id\":\"https:\/\/www.swissraft.ch\/it\/#organization\"},\"potentialAction\":[{\"@type\":\"SearchAction\",\"target\":{\"@type\":\"EntryPoint\",\"urlTemplate\":\"https:\/\/www.swissraft.ch\/it\/?s={search_term_string}\"},\"query-input\":{\"@type\":\"PropertyValueSpecification\",\"valueRequired\":true,\"valueName\":\"search_term_string\"}}],\"inLanguage\":\"it-IT\"},{\"@type\":\"Organization\",\"@id\":\"https:\/\/www.swissraft.ch\/it\/#organization\",\"name\":\"Swissraft\",\"url\":\"https:\/\/www.swissraft.ch\/it\/\",\"logo\":{\"@type\":\"ImageObject\",\"inLanguage\":\"it-IT\",\"@id\":\"https:\/\/www.swissraft.ch\/it\/#\/schema\/logo\/image\/\",\"url\":\"https:\/\/www.swissraft.ch\/wp-content\/uploads\/2025\/09\/Capture.jpg\",\"contentUrl\":\"https:\/\/www.swissraft.ch\/wp-content\/uploads\/2025\/09\/Capture.jpg\",\"width\":293,\"height\":108,\"caption\":\"Swissraft\"},\"image\":{\"@id\":\"https:\/\/www.swissraft.ch\/it\/#\/schema\/logo\/image\/\"}}]}<\/script>\n<!-- \/ Yoast SEO plugin. -->","yoast_head_json":{"title":"Simulatore di volo Robinson R22 in Niederbuchsiten. Vola con un elicottero","description":"Simulatore di volo Robinson R22 in Niederbuchsiten. Sei ai comandi di un elicottero. Il tuo istruttore ti assiste durante il volo","robots":{"index":"index","follow":"follow","max-snippet":"max-snippet:-1","max-image-preview":"max-image-preview:large","max-video-preview":"max-video-preview:-1"},"canonical":"https:\/\/www.swissraft.ch\/it\/prodotto\/simulatore-di-volo-a-niederbuchsiten-robinson-r22-da-chf-210-00\/","og_locale":"it_IT","og_type":"article","og_title":"Simulatore di volo Robinson R22 in Niederbuchsiten. Vola con un elicottero","og_description":"Simulatore di volo Robinson R22 in Niederbuchsiten. Sei ai comandi di un elicottero. Il tuo istruttore ti assiste durante il volo","og_url":"https:\/\/www.swissraft.ch\/it\/prodotto\/simulatore-di-volo-a-niederbuchsiten-robinson-r22-da-chf-210-00\/","og_site_name":"Swissraft","article_modified_time":"2024-11-20T08:57:15+00:00","og_image":[{"width":776,"height":776,"url":"https:\/\/www.swissraft.ch\/wp-content\/uploads\/2024\/01\/ROBINSON-R22-776x776-1.jpg","type":"image\/jpeg"}],"twitter_card":"summary_large_image","schema":{"@context":"https:\/\/schema.org","@graph":[{"@type":"WebPage","@id":"https:\/\/www.swissraft.ch\/it\/prodotto\/simulatore-di-volo-a-niederbuchsiten-robinson-r22-da-chf-210-00\/","url":"https:\/\/www.swissraft.ch\/it\/prodotto\/simulatore-di-volo-a-niederbuchsiten-robinson-r22-da-chf-210-00\/","name":"Simulatore di volo Robinson R22 in Niederbuchsiten. Vola con un elicottero","isPartOf":{"@id":"https:\/\/www.swissraft.ch\/it\/#website"},"primaryImageOfPage":{"@id":"https:\/\/www.swissraft.ch\/it\/prodotto\/simulatore-di-volo-a-niederbuchsiten-robinson-r22-da-chf-210-00\/#primaryimage"},"image":{"@id":"https:\/\/www.swissraft.ch\/it\/prodotto\/simulatore-di-volo-a-niederbuchsiten-robinson-r22-da-chf-210-00\/#primaryimage"},"thumbnailUrl":"https:\/\/www.swissraft.ch\/wp-content\/uploads\/2024\/01\/ROBINSON-R22-776x776-1.jpg","datePublished":"2024-01-18T02:08:08+00:00","dateModified":"2024-11-20T08:57:15+00:00","description":"Simulatore di volo Robinson R22 in Niederbuchsiten. Sei ai comandi di un elicottero. Il tuo istruttore ti assiste durante il volo","breadcrumb":{"@id":"https:\/\/www.swissraft.ch\/it\/prodotto\/simulatore-di-volo-a-niederbuchsiten-robinson-r22-da-chf-210-00\/#breadcrumb"},"inLanguage":"it-IT","potentialAction":[{"@type":"ReadAction","target":["https:\/\/www.swissraft.ch\/it\/prodotto\/simulatore-di-volo-a-niederbuchsiten-robinson-r22-da-chf-210-00\/"]}]},{"@type":"ImageObject","inLanguage":"it-IT","@id":"https:\/\/www.swissraft.ch\/it\/prodotto\/simulatore-di-volo-a-niederbuchsiten-robinson-r22-da-chf-210-00\/#primaryimage","url":"https:\/\/www.swissraft.ch\/wp-content\/uploads\/2024\/01\/ROBINSON-R22-776x776-1.jpg","contentUrl":"https:\/\/www.swissraft.ch\/wp-content\/uploads\/2024\/01\/ROBINSON-R22-776x776-1.jpg","width":776,"height":776,"caption":"Simulatore di volo Robinson R22 in Niederbuchsiten"},{"@type":"BreadcrumbList","@id":"https:\/\/www.swissraft.ch\/it\/prodotto\/simulatore-di-volo-a-niederbuchsiten-robinson-r22-da-chf-210-00\/#breadcrumb","itemListElement":[{"@type":"ListItem","position":1,"name":"Accueil","item":"https:\/\/www.swissraft.ch\/it\/"},{"@type":"ListItem","position":2,"name":"Negozio","item":"https:\/\/www.swissraft.ch\/it\/negozio\/"},{"@type":"ListItem","position":3,"name":"Simulatore di volo a NIEDERBUCHSITEN &#8211; ROBINSON R22 &#8211; Da CHF 210.00"}]},{"@type":"WebSite","@id":"https:\/\/www.swissraft.ch\/it\/#website","url":"https:\/\/www.swissraft.ch\/it\/","name":"Swissraft","description":"To enjoy nature as it is","publisher":{"@id":"https:\/\/www.swissraft.ch\/it\/#organization"},"potentialAction":[{"@type":"SearchAction","target":{"@type":"EntryPoint","urlTemplate":"https:\/\/www.swissraft.ch\/it\/?s={search_term_string}"},"query-input":{"@type":"PropertyValueSpecification","valueRequired":true,"valueName":"search_term_string"}}],"inLanguage":"it-IT"},{"@type":"Organization","@id":"https:\/\/www.swissraft.ch\/it\/#organization","name":"Swissraft","url":"https:\/\/www.swissraft.ch\/it\/","logo":{"@type":"ImageObject","inLanguage":"it-IT","@id":"https:\/\/www.swissraft.ch\/it\/#\/schema\/logo\/image\/","url":"https:\/\/www.swissraft.ch\/wp-content\/uploads\/2025\/09\/Capture.jpg","contentUrl":"https:\/\/www.swissraft.ch\/wp-content\/uploads\/2025\/09\/Capture.jpg","width":293,"height":108,"caption":"Swissraft"},"image":{"@id":"https:\/\/www.swissraft.ch\/it\/#\/schema\/logo\/image\/"}}]}},"_links":{"self":[{"href":"https:\/\/www.swissraft.ch\/it\/wp-json\/wp\/v2\/product\/92126","targetHints":{"allow":["GET"]}}],"collection":[{"href":"https:\/\/www.swissraft.ch\/it\/wp-json\/wp\/v2\/product"}],"about":[{"href":"https:\/\/www.swissraft.ch\/it\/wp-json\/wp\/v2\/types\/product"}],"replies":[{"embeddable":true,"href":"https:\/\/www.swissraft.ch\/it\/wp-json\/wp\/v2\/comments?post=92126"}],"version-history":[{"count":0,"href":"https:\/\/www.swissraft.ch\/it\/wp-json\/wp\/v2\/product\/92126\/revisions"}],"wp:featuredmedia":[{"embeddable":true,"href":"https:\/\/www.swissraft.ch\/it\/wp-json\/wp\/v2\/media\/89489"}],"wp:attachment":[{"href":"https:\/\/www.swissraft.ch\/it\/wp-json\/wp\/v2\/media?parent=92126"}],"wp:term":[{"taxonomy":"product_cat","embeddable":true,"href":"https:\/\/www.swissraft.ch\/it\/wp-json\/wp\/v2\/product_cat?post=92126"},{"taxonomy":"product_tag","embeddable":true,"href":"https:\/\/www.swissraft.ch\/it\/wp-json\/wp\/v2\/product_tag?post=92126"}],"curies":[{"name":"wp","href":"https:\/\/api.w.org\/{rel}","templated":true}]}}