{"id":92123,"date":"2024-01-19T21:54:44","date_gmt":"2024-01-19T20:54:44","guid":{"rendered":"https:\/\/swissraft.xyanzkdne.eu\/product\/bungee-jumping-a-tessin-verzasca-007-goldeneye-a-partire-da-chf-195-00\/"},"modified":"2026-03-12T04:24:46","modified_gmt":"2026-03-12T03:24:46","slug":"bungee-jumping-a-tessin-verzasca-007-goldeneye-a-partire-da-chf-195-00","status":"publish","type":"product","link":"https:\/\/www.swissraft.ch\/it\/prodotto\/bungee-jumping-a-tessin-verzasca-007-goldeneye-a-partire-da-chf-195-00\/","title":{"rendered":"Bungee jumping o Bungy jump in TICINO &#8211; VERZASCA &#8211; 007 Goldeneye &#8211; 220m &#8211; Da CHF 195.00"},"content":{"rendered":"\t\t<div data-elementor-type=\"wp-post\" data-elementor-id=\"92123\" class=\"elementor elementor-92123 elementor-57679\">\n\t\t\t\t\t\t\t\t\t<section class=\"elementor-section elementor-top-section elementor-element elementor-element-3303a7e3 elementor-section-boxed elementor-section-height-default elementor-section-height-default\" data-id=\"3303a7e3\" data-element_type=\"section\">\n\t\t\t\t\t\t<div class=\"elementor-container elementor-column-gap-default\">\n\t\t\t\t\t<div class=\"elementor-column elementor-col-100 elementor-top-column elementor-element elementor-element-16d72dbf\" data-id=\"16d72dbf\" data-element_type=\"column\">\n\t\t\t<div class=\"elementor-widget-wrap elementor-element-populated\">\n\t\t\t\t\t\t\t\t<div class=\"elementor-element elementor-element-d743c03 elementor-widget elementor-widget-text-editor\" data-id=\"d743c03\" data-element_type=\"widget\" data-widget_type=\"text-editor.default\">\n\t\t\t\t<div class=\"elementor-widget-container\">\n\t\t\t\t\t\t\t<h2>SCEGLI LA TUA ATTIVIT\u00c0 QUI SOTTO PER OFFRIRE BUONI REGALO \/ BIGLIETTI O EFFETTUARE UNA PRENOTAZIONE<\/h2><table border=\"0\" width=\"580\" cellspacing=\"10\" cellpadding=\"10\"><tbody><tr><td width=\"50%\"><strong>1) BUNGEE JUMPING &#8211; BUNGY JUMP &#8211; TICINO &#8211; VERZASCA &#8211; 220m<\/strong><\/td><td><strong>CHF 255.00 a persona<span class=\"productPrice\"><br \/><\/span><\/strong><\/td><\/tr><tr><td>Informazioni aggiuntive<\/td><td><span class=\"patt\">&#8211; Prezzo giovani : <strong>CHF 195.00<\/strong>\/pers. fino a 18 anni<br \/>&#8211; Prezzo studente : <strong>CHF 195.00<\/strong>\/pers. con carta dello studente<br \/>&#8211; Gruppi possibili fuori stagione su richiesta<br \/>&#8211; I minori devono avere il consenso scritto dei genitori<br \/>&#8211; A partire dai 65 anni \u00e8 necessario un certificato medico<br \/>&#8211; Gopro <strong>CHF 39.00<\/strong> da pagare in loco<\/span><\/td><\/tr><tr><td>Durata della caduta<\/td><td>circa 5 sec.<\/td><\/tr><tr><td>Durata totale<\/td><td>circa 20 min.<\/td><\/tr><tr><td>Appuntamento<\/td><td><a href=\"https:\/\/www.google.com\/maps\/place\/46%C2%B011'41.4%22N+8%C2%B051'02.0%22E\/@46.1949579,8.8483246,391m\/data=!3m1!1e3!4m4!3m3!8m2!3d46.1948333!4d8.8505556?entry=ttu\" target=\"_blank\" rel=\"noopener\">Diga di Contra<\/a><\/td><\/tr><tr><td><a href=\"https:\/\/swissraft.outdoorbooking.ch\/fo\/products\/1911?base_id=5&amp;category_id=15&amp;order_type=gift_voucher&amp;lang=it\" target=\"_blank\" rel=\"noopener\"> <button class=\"elementor-button\" type=\"button\">ACQUISTO BUONO REGALO \/ BIGLIETTO<\/button> <\/a><\/td><td><a href=\"https:\/\/swissraft.outdoorbooking.ch\/fo\/products\/1911?base_id=5&amp;category_id=15&amp;order_type=event&amp;lang=it\" target=\"_blank\" rel=\"noopener\">PRENOTA UNA DATA<\/a> \u00a0<strong>CHF 255.00<\/strong>\/pers.<\/td><\/tr><\/tbody><\/table><table border=\"0\" width=\"580\" cellspacing=\"10\" cellpadding=\"10\"><tbody><tr><td width=\"50%\"><strong>2) BUNGEE JUMPING &#8211; BUNGY JUMP &#8211; TICINO &#8211; VERZASCA &#8211; 220m &#8211; 2 SALTI<\/strong><\/td><td><strong>CHF 380.00 a persona (2 salti)<span class=\"productPrice\"><br \/><\/span><\/strong><\/td><\/tr><tr><td>Informazioni aggiuntive<\/td><td><span class=\"patt\">&#8211; Prezzo giovani : <strong>CHF 320.00<\/strong>\/pers. fino a 18 anni<br \/>&#8211; Prezzo studente : <strong>CHF 320.00<\/strong>\/pers. con carta dello studente<br \/>&#8211; Appuntamenti disponibili per gruppi fuori stagione<br \/>&#8211; I minori devono avere il consenso scritto dei genitori<br \/>&#8211; A partire dai 65 anni \u00e8 necessario un certificato medico<br \/>&#8211; Gopro <strong>CHF 39.00<\/strong> da pagare in loco<\/span><\/td><\/tr><tr><td>Durata della caduta<\/td><td>circa 5 sec.<\/td><\/tr><tr><td>Durata totale<\/td><td>circa 50 min.<\/td><\/tr><tr><td>Appuntamento<\/td><td><a href=\"https:\/\/www.google.com\/maps\/place\/46%C2%B011'41.4%22N+8%C2%B051'02.0%22E\/@46.1949579,8.8483246,391m\/data=!3m1!1e3!4m4!3m3!8m2!3d46.1948333!4d8.8505556?entry=ttu\" target=\"_blank\" rel=\"noopener\">Diga di Contra<\/a><\/td><\/tr><tr><td><a href=\"https:\/\/swissraft.outdoorbooking.ch\/fo\/products\/1912?base_id=5&amp;category_id=15&amp;order_type=gift_voucher&amp;lang=it\" target=\"_blank\" rel=\"noopener\"><button class=\"elementor-button\" type=\"button\">ACQUISTO BUONO REGALO \/ BIGLIETTO<\/button><\/a><\/td><td><a href=\"https:\/\/swissraft.outdoorbooking.ch\/fo\/products\/1912?base_id=5&amp;category_id=15&amp;order_type=event&amp;lang=it\" target=\"_blank\" rel=\"noopener\">PRENOTA UNA DATA<\/a> \u00a0<strong>CHF 380.00<\/strong>\/pers. (2 salti)<\/td><\/tr><\/tbody><\/table><table border=\"0\" width=\"580\" cellspacing=\"10\" cellpadding=\"10\"><tbody><tr><td width=\"50%\"><strong>3) BUNGEE JUMPING &#8211; BUNGY JUMP &#8211; TICINO &#8211; VERZASCA &#8211; 220m<\/strong><\/td><td><strong>CHF 705.00 per 3 persone<span class=\"productPrice\"><br \/><\/span><\/strong><\/td><\/tr><tr><td>Informazioni aggiuntive<\/td><td><span class=\"patt\">&#8211; Prezzo giovani : <strong>CHF 585.00<\/strong>\/pers. fino a 18 anni<br \/>&#8211; Prezzo studenti : <strong>CHF 585.00<\/strong>\/pers. con carta dello studente<br \/>&#8211; Per pi\u00f9 di 3 persone, <a href=\"https:\/\/www.swissraft.ch\/it\/contattaci\/\">contattaci<\/a><br \/>&#8211; Appuntamenti disponibili per gruppi fuori stagione<br \/>&#8211; I minori devono avere il consenso scritto dei genitori<br \/>&#8211; A partire dai 65 anni \u00e8 necessario un certificato medico<br \/>&#8211; Gopro <strong>CHF 39.00<\/strong> da pagare in loco<br \/><\/span><\/td><\/tr><tr><td>Durata della caduta<\/td><td>circa 5 sec.<\/td><\/tr><tr><td>Durata totale<\/td><td>circa 1h<\/td><\/tr><tr><td>Appuntamento<\/td><td><a href=\"https:\/\/www.google.com\/maps\/place\/46%C2%B011'41.4%22N+8%C2%B051'02.0%22E\/@46.1949579,8.8483246,391m\/data=!3m1!1e3!4m4!3m3!8m2!3d46.1948333!4d8.8505556?entry=ttu\" target=\"_blank\" rel=\"noopener\">Diga di Contra<\/a><\/td><\/tr><tr><td><a href=\"https:\/\/swissraft.outdoorbooking.ch\/fo\/products\/1913?base_id=5&amp;category_id=15&amp;order_type=gift_voucher&amp;lang=it\" target=\"_blank\" rel=\"noopener\"> <button class=\"elementor-button\" type=\"button\">ACQUISTO BUONO RAGALO \/ BIGLIETTO<\/button> <\/a><\/td><td><a href=\"https:\/\/swissraft.outdoorbooking.ch\/fo\/products\/1913?base_id=5&amp;category_id=15&amp;order_type=event&amp;lang=it\" target=\"_blank\" rel=\"noopener\">PRENOTA UNA DATE<\/a> \u00a0<strong>CHF 705.00<\/strong>\/3 pers.<\/td><\/tr><\/tbody><\/table>\t\t\t\t\t\t<\/div>\n\t\t\t\t<\/div>\n\t\t\t\t\t<\/div>\n\t\t<\/div>\n\t\t\t\t\t\t\t<\/div>\n\t\t<\/section>\n\t\t\t\t<section class=\"elementor-section elementor-top-section elementor-element elementor-element-a8b4717 elementor-section-boxed elementor-section-height-default elementor-section-height-default\" data-id=\"a8b4717\" data-element_type=\"section\">\n\t\t\t\t\t\t<div class=\"elementor-container elementor-column-gap-default\">\n\t\t\t\t\t<div class=\"elementor-column elementor-col-100 elementor-top-column elementor-element elementor-element-d8ee42a\" data-id=\"d8ee42a\" data-element_type=\"column\">\n\t\t\t<div class=\"elementor-widget-wrap elementor-element-populated\">\n\t\t\t\t\t\t\t\t<div class=\"elementor-element elementor-element-8c211fb elementor-widget elementor-widget-text-editor\" data-id=\"8c211fb\" data-element_type=\"widget\" data-widget_type=\"text-editor.default\">\n\t\t\t\t<div class=\"elementor-widget-container\">\n\t\t\t\t\t\t\t<h2>SCEGLI LA TUA ATTIVIT\u00c0 QUI SOTTO PER OFFRIRE BUONI REGALO \/ BIGLIETTI O EFFETTUARE UNA PRENOTAZIONE<\/h2>\n\t\t\t\t\t\t<\/div>\n\t\t\t\t<\/div>\n\t\t\t\t\t<\/div>\n\t\t<\/div>\n\t\t\t\t\t\t\t<\/div>\n\t\t<\/section>\n\t\t\t\t\t\t\t<\/div>\n\t\t","protected":false},"excerpt":{"rendered":"<div align=\"justify\">\n<h2 align=\"justify\">Bungee jumping o Bungy jump in Val Verzasca in Ticino: pura follia<\/h2>\n<h3>Nessuna foto o video pu\u00f2 catturare ci\u00f2 che stai per vivere. Un salto unico di 220 metri dalla diga della Verzasca, nota anche come diga di Contra. Il salto pi\u00f9 alto d&#8217;Europa  <\/h3>\n<\/div>\n<div align=\"justify\">\n<p>Prima di tutto, riceverai un caloroso benvenuto dal nostro team. Poi il tuo istruttore esperto ti guider\u00e0 nell&#8217;emozionante processo di bungee jumping. Prima di tutto, riceverai istruzioni dettagliate sulla sicurezza. Poi il tuo istruttore di sicurezza ti far\u00e0 indossare un&#8217;imbracatura. Mentre l&#8217;eccitazione cresce, arriva il momento tanto atteso del salto. Fai un respiro profondo, sii audace e lasciati trasportare dalla caduta libera. In questa discesa vertiginosa, ogni secondo sembra un&#8217;eternit\u00e0. Sensazioni pure e intense ti travolgono, creando ricordi indimenticabili. Inoltre, la salita con l&#8217;argano offre una transizione graduale, riportando delicatamente l&#8217;adrenalina a livelli pi\u00f9 ragionevoli.<\/p>\n<h3>Swissraft offre altri siti di salto in Svizzera e all&#8217;estero. Non esitare a contattarci telefonicamente per ulteriori informazioni. <\/h3>\n<p id=\"textarea\" style=\"display: none;\">\nPuoi anche saltare da una funivia nell&#8217;Oberland Bernese, con le Alpi Bernesi sullo sfondo. Ma anche da una piattaforma sopra il canyon di Grindelwald. Scopri il brivido del salto con l&#8217;altalena, una variante del bungee jumping, mentre salti sulla L\u00fctschine nera. Bungee jumping anche nel Vallese e in tutta la Svizzera da un picker (infrastruttura mobile soggetta ad autorizzazione).\n<\/p>\n<p><a id=\"seeMore\" onclick=\"toggleSeeMore()\" href=\"javascript:void(0);\">Leggi tutto<\/a><\/p>\n","protected":false},"featured_media":89531,"comment_status":"open","ping_status":"closed","template":"","meta":{"inline_featured_image":false,"_mi_skip_tracking":false},"product_cat":[399,421],"product_tag":[],"class_list":["post-92123","product","type-product","status-publish","has-post-thumbnail","hentry","product_cat-outdoor","product_cat-bungee-jumping"],"yoast_head":"<!-- This site is optimized with the Yoast SEO plugin v23.6 - https:\/\/yoast.com\/wordpress\/plugins\/seo\/ -->\n<title>Bungee jumping dalla diga della Verzasca in Ticino<\/title>\n<meta name=\"description\" content=\"Bungee jumping in Ticino. La diga della Verzasca \u00e8 il bungee jumping pi\u00f9 alto d&#039;Europa. Il salto di 007 Goldeneye \u00e8 alto 220 metri.\" \/>\n<meta name=\"robots\" content=\"index, follow, max-snippet:-1, max-image-preview:large, max-video-preview:-1\" \/>\n<link rel=\"canonical\" href=\"https:\/\/www.swissraft.ch\/it\/prodotto\/bungee-jumping-a-tessin-verzasca-007-goldeneye-a-partire-da-chf-195-00\/\" \/>\n<meta property=\"og:locale\" content=\"it_IT\" \/>\n<meta property=\"og:type\" content=\"article\" \/>\n<meta property=\"og:title\" content=\"Bungee jumping dalla diga della Verzasca in Ticino\" \/>\n<meta property=\"og:description\" content=\"Bungee jumping in Ticino. La diga della Verzasca \u00e8 il bungee jumping pi\u00f9 alto d&#039;Europa. Il salto di 007 Goldeneye \u00e8 alto 220 metri.\" \/>\n<meta property=\"og:url\" content=\"https:\/\/www.swissraft.ch\/it\/prodotto\/bungee-jumping-a-tessin-verzasca-007-goldeneye-a-partire-da-chf-195-00\/\" \/>\n<meta property=\"og:site_name\" content=\"Swissraft\" \/>\n<meta property=\"article:modified_time\" content=\"2026-03-12T03:24:46+00:00\" \/>\n<meta property=\"og:image\" content=\"https:\/\/www.swissraft.ch\/wp-content\/uploads\/2024\/01\/1-Verzasca-776x776-1.jpg\" \/>\n\t<meta property=\"og:image:width\" content=\"776\" \/>\n\t<meta property=\"og:image:height\" content=\"776\" \/>\n\t<meta property=\"og:image:type\" content=\"image\/jpeg\" \/>\n<meta name=\"twitter:card\" content=\"summary_large_image\" \/>\n<meta name=\"twitter:label1\" content=\"Tempo di lettura stimato\" \/>\n\t<meta name=\"twitter:data1\" content=\"2 minuti\" \/>\n<script type=\"application\/ld+json\" class=\"yoast-schema-graph\">{\"@context\":\"https:\/\/schema.org\",\"@graph\":[{\"@type\":\"WebPage\",\"@id\":\"https:\/\/www.swissraft.ch\/it\/prodotto\/bungee-jumping-a-tessin-verzasca-007-goldeneye-a-partire-da-chf-195-00\/\",\"url\":\"https:\/\/www.swissraft.ch\/it\/prodotto\/bungee-jumping-a-tessin-verzasca-007-goldeneye-a-partire-da-chf-195-00\/\",\"name\":\"Bungee jumping dalla diga della Verzasca in Ticino\",\"isPartOf\":{\"@id\":\"https:\/\/www.swissraft.ch\/it\/#website\"},\"primaryImageOfPage\":{\"@id\":\"https:\/\/www.swissraft.ch\/it\/prodotto\/bungee-jumping-a-tessin-verzasca-007-goldeneye-a-partire-da-chf-195-00\/#primaryimage\"},\"image\":{\"@id\":\"https:\/\/www.swissraft.ch\/it\/prodotto\/bungee-jumping-a-tessin-verzasca-007-goldeneye-a-partire-da-chf-195-00\/#primaryimage\"},\"thumbnailUrl\":\"https:\/\/www.swissraft.ch\/wp-content\/uploads\/2024\/01\/1-Verzasca-776x776-1.jpg\",\"datePublished\":\"2024-01-19T20:54:44+00:00\",\"dateModified\":\"2026-03-12T03:24:46+00:00\",\"description\":\"Bungee jumping in Ticino. La diga della Verzasca \u00e8 il bungee jumping pi\u00f9 alto d'Europa. Il salto di 007 Goldeneye \u00e8 alto 220 metri.\",\"breadcrumb\":{\"@id\":\"https:\/\/www.swissraft.ch\/it\/prodotto\/bungee-jumping-a-tessin-verzasca-007-goldeneye-a-partire-da-chf-195-00\/#breadcrumb\"},\"inLanguage\":\"it-IT\",\"potentialAction\":[{\"@type\":\"ReadAction\",\"target\":[\"https:\/\/www.swissraft.ch\/it\/prodotto\/bungee-jumping-a-tessin-verzasca-007-goldeneye-a-partire-da-chf-195-00\/\"]}]},{\"@type\":\"ImageObject\",\"inLanguage\":\"it-IT\",\"@id\":\"https:\/\/www.swissraft.ch\/it\/prodotto\/bungee-jumping-a-tessin-verzasca-007-goldeneye-a-partire-da-chf-195-00\/#primaryimage\",\"url\":\"https:\/\/www.swissraft.ch\/wp-content\/uploads\/2024\/01\/1-Verzasca-776x776-1.jpg\",\"contentUrl\":\"https:\/\/www.swissraft.ch\/wp-content\/uploads\/2024\/01\/1-Verzasca-776x776-1.jpg\",\"width\":776,\"height\":776,\"caption\":\"Bungee jumping dalla diga della Verzasca in Ticino\"},{\"@type\":\"BreadcrumbList\",\"@id\":\"https:\/\/www.swissraft.ch\/it\/prodotto\/bungee-jumping-a-tessin-verzasca-007-goldeneye-a-partire-da-chf-195-00\/#breadcrumb\",\"itemListElement\":[{\"@type\":\"ListItem\",\"position\":1,\"name\":\"Accueil\",\"item\":\"https:\/\/www.swissraft.ch\/it\/\"},{\"@type\":\"ListItem\",\"position\":2,\"name\":\"Negozio\",\"item\":\"https:\/\/www.swissraft.ch\/it\/negozio\/\"},{\"@type\":\"ListItem\",\"position\":3,\"name\":\"Bungee jumping o Bungy jump in TICINO &#8211; VERZASCA &#8211; 007 Goldeneye &#8211; 220m &#8211; Da CHF 195.00\"}]},{\"@type\":\"WebSite\",\"@id\":\"https:\/\/www.swissraft.ch\/it\/#website\",\"url\":\"https:\/\/www.swissraft.ch\/it\/\",\"name\":\"Swissraft\",\"description\":\"To enjoy nature as it is\",\"publisher\":{\"@id\":\"https:\/\/www.swissraft.ch\/it\/#organization\"},\"potentialAction\":[{\"@type\":\"SearchAction\",\"target\":{\"@type\":\"EntryPoint\",\"urlTemplate\":\"https:\/\/www.swissraft.ch\/it\/?s={search_term_string}\"},\"query-input\":{\"@type\":\"PropertyValueSpecification\",\"valueRequired\":true,\"valueName\":\"search_term_string\"}}],\"inLanguage\":\"it-IT\"},{\"@type\":\"Organization\",\"@id\":\"https:\/\/www.swissraft.ch\/it\/#organization\",\"name\":\"Swissraft\",\"url\":\"https:\/\/www.swissraft.ch\/it\/\",\"logo\":{\"@type\":\"ImageObject\",\"inLanguage\":\"it-IT\",\"@id\":\"https:\/\/www.swissraft.ch\/it\/#\/schema\/logo\/image\/\",\"url\":\"https:\/\/www.swissraft.ch\/wp-content\/uploads\/2025\/09\/Capture.jpg\",\"contentUrl\":\"https:\/\/www.swissraft.ch\/wp-content\/uploads\/2025\/09\/Capture.jpg\",\"width\":293,\"height\":108,\"caption\":\"Swissraft\"},\"image\":{\"@id\":\"https:\/\/www.swissraft.ch\/it\/#\/schema\/logo\/image\/\"}}]}<\/script>\n<!-- \/ Yoast SEO plugin. -->","yoast_head_json":{"title":"Bungee jumping dalla diga della Verzasca in Ticino","description":"Bungee jumping in Ticino. La diga della Verzasca \u00e8 il bungee jumping pi\u00f9 alto d'Europa. Il salto di 007 Goldeneye \u00e8 alto 220 metri.","robots":{"index":"index","follow":"follow","max-snippet":"max-snippet:-1","max-image-preview":"max-image-preview:large","max-video-preview":"max-video-preview:-1"},"canonical":"https:\/\/www.swissraft.ch\/it\/prodotto\/bungee-jumping-a-tessin-verzasca-007-goldeneye-a-partire-da-chf-195-00\/","og_locale":"it_IT","og_type":"article","og_title":"Bungee jumping dalla diga della Verzasca in Ticino","og_description":"Bungee jumping in Ticino. La diga della Verzasca \u00e8 il bungee jumping pi\u00f9 alto d'Europa. Il salto di 007 Goldeneye \u00e8 alto 220 metri.","og_url":"https:\/\/www.swissraft.ch\/it\/prodotto\/bungee-jumping-a-tessin-verzasca-007-goldeneye-a-partire-da-chf-195-00\/","og_site_name":"Swissraft","article_modified_time":"2026-03-12T03:24:46+00:00","og_image":[{"width":776,"height":776,"url":"https:\/\/www.swissraft.ch\/wp-content\/uploads\/2024\/01\/1-Verzasca-776x776-1.jpg","type":"image\/jpeg"}],"twitter_card":"summary_large_image","twitter_misc":{"Tempo di lettura stimato":"2 minuti"},"schema":{"@context":"https:\/\/schema.org","@graph":[{"@type":"WebPage","@id":"https:\/\/www.swissraft.ch\/it\/prodotto\/bungee-jumping-a-tessin-verzasca-007-goldeneye-a-partire-da-chf-195-00\/","url":"https:\/\/www.swissraft.ch\/it\/prodotto\/bungee-jumping-a-tessin-verzasca-007-goldeneye-a-partire-da-chf-195-00\/","name":"Bungee jumping dalla diga della Verzasca in Ticino","isPartOf":{"@id":"https:\/\/www.swissraft.ch\/it\/#website"},"primaryImageOfPage":{"@id":"https:\/\/www.swissraft.ch\/it\/prodotto\/bungee-jumping-a-tessin-verzasca-007-goldeneye-a-partire-da-chf-195-00\/#primaryimage"},"image":{"@id":"https:\/\/www.swissraft.ch\/it\/prodotto\/bungee-jumping-a-tessin-verzasca-007-goldeneye-a-partire-da-chf-195-00\/#primaryimage"},"thumbnailUrl":"https:\/\/www.swissraft.ch\/wp-content\/uploads\/2024\/01\/1-Verzasca-776x776-1.jpg","datePublished":"2024-01-19T20:54:44+00:00","dateModified":"2026-03-12T03:24:46+00:00","description":"Bungee jumping in Ticino. La diga della Verzasca \u00e8 il bungee jumping pi\u00f9 alto d'Europa. Il salto di 007 Goldeneye \u00e8 alto 220 metri.","breadcrumb":{"@id":"https:\/\/www.swissraft.ch\/it\/prodotto\/bungee-jumping-a-tessin-verzasca-007-goldeneye-a-partire-da-chf-195-00\/#breadcrumb"},"inLanguage":"it-IT","potentialAction":[{"@type":"ReadAction","target":["https:\/\/www.swissraft.ch\/it\/prodotto\/bungee-jumping-a-tessin-verzasca-007-goldeneye-a-partire-da-chf-195-00\/"]}]},{"@type":"ImageObject","inLanguage":"it-IT","@id":"https:\/\/www.swissraft.ch\/it\/prodotto\/bungee-jumping-a-tessin-verzasca-007-goldeneye-a-partire-da-chf-195-00\/#primaryimage","url":"https:\/\/www.swissraft.ch\/wp-content\/uploads\/2024\/01\/1-Verzasca-776x776-1.jpg","contentUrl":"https:\/\/www.swissraft.ch\/wp-content\/uploads\/2024\/01\/1-Verzasca-776x776-1.jpg","width":776,"height":776,"caption":"Bungee jumping dalla diga della Verzasca in Ticino"},{"@type":"BreadcrumbList","@id":"https:\/\/www.swissraft.ch\/it\/prodotto\/bungee-jumping-a-tessin-verzasca-007-goldeneye-a-partire-da-chf-195-00\/#breadcrumb","itemListElement":[{"@type":"ListItem","position":1,"name":"Accueil","item":"https:\/\/www.swissraft.ch\/it\/"},{"@type":"ListItem","position":2,"name":"Negozio","item":"https:\/\/www.swissraft.ch\/it\/negozio\/"},{"@type":"ListItem","position":3,"name":"Bungee jumping o Bungy jump in TICINO &#8211; VERZASCA &#8211; 007 Goldeneye &#8211; 220m &#8211; Da CHF 195.00"}]},{"@type":"WebSite","@id":"https:\/\/www.swissraft.ch\/it\/#website","url":"https:\/\/www.swissraft.ch\/it\/","name":"Swissraft","description":"To enjoy nature as it is","publisher":{"@id":"https:\/\/www.swissraft.ch\/it\/#organization"},"potentialAction":[{"@type":"SearchAction","target":{"@type":"EntryPoint","urlTemplate":"https:\/\/www.swissraft.ch\/it\/?s={search_term_string}"},"query-input":{"@type":"PropertyValueSpecification","valueRequired":true,"valueName":"search_term_string"}}],"inLanguage":"it-IT"},{"@type":"Organization","@id":"https:\/\/www.swissraft.ch\/it\/#organization","name":"Swissraft","url":"https:\/\/www.swissraft.ch\/it\/","logo":{"@type":"ImageObject","inLanguage":"it-IT","@id":"https:\/\/www.swissraft.ch\/it\/#\/schema\/logo\/image\/","url":"https:\/\/www.swissraft.ch\/wp-content\/uploads\/2025\/09\/Capture.jpg","contentUrl":"https:\/\/www.swissraft.ch\/wp-content\/uploads\/2025\/09\/Capture.jpg","width":293,"height":108,"caption":"Swissraft"},"image":{"@id":"https:\/\/www.swissraft.ch\/it\/#\/schema\/logo\/image\/"}}]}},"_links":{"self":[{"href":"https:\/\/www.swissraft.ch\/it\/wp-json\/wp\/v2\/product\/92123","targetHints":{"allow":["GET"]}}],"collection":[{"href":"https:\/\/www.swissraft.ch\/it\/wp-json\/wp\/v2\/product"}],"about":[{"href":"https:\/\/www.swissraft.ch\/it\/wp-json\/wp\/v2\/types\/product"}],"replies":[{"embeddable":true,"href":"https:\/\/www.swissraft.ch\/it\/wp-json\/wp\/v2\/comments?post=92123"}],"version-history":[{"count":25,"href":"https:\/\/www.swissraft.ch\/it\/wp-json\/wp\/v2\/product\/92123\/revisions"}],"predecessor-version":[{"id":132493,"href":"https:\/\/www.swissraft.ch\/it\/wp-json\/wp\/v2\/product\/92123\/revisions\/132493"}],"wp:featuredmedia":[{"embeddable":true,"href":"https:\/\/www.swissraft.ch\/it\/wp-json\/wp\/v2\/media\/89531"}],"wp:attachment":[{"href":"https:\/\/www.swissraft.ch\/it\/wp-json\/wp\/v2\/media?parent=92123"}],"wp:term":[{"taxonomy":"product_cat","embeddable":true,"href":"https:\/\/www.swissraft.ch\/it\/wp-json\/wp\/v2\/product_cat?post=92123"},{"taxonomy":"product_tag","embeddable":true,"href":"https:\/\/www.swissraft.ch\/it\/wp-json\/wp\/v2\/product_tag?post=92123"}],"curies":[{"name":"wp","href":"https:\/\/api.w.org\/{rel}","templated":true}]}}