{"id":92111,"date":"2024-01-11T20:47:56","date_gmt":"2024-01-11T19:47:56","guid":{"rendered":"https:\/\/swissraft.xyanzkdne.eu\/product\/volo-in-elicottero-da-balzers-break-gastronomico-60-min-a-partire-da-chf-1245-00\/"},"modified":"2024-11-19T21:45:20","modified_gmt":"2024-11-19T20:45:20","slug":"volo-in-elicottero-da-balzers-break-gastronomico-60-min-a-partire-da-chf-1245-00","status":"publish","type":"product","link":"https:\/\/www.swissraft.ch\/it\/prodotto\/volo-in-elicottero-da-balzers-break-gastronomico-60-min-a-partire-da-chf-1245-00\/","title":{"rendered":"Volo in elicottero da BALZERS &#8211; BREAK GASTRONOMICO &#8211; 60 min. &#8211; A partire da CHF 1&#8217;245.00"},"content":{"rendered":"\t\t<div data-elementor-type=\"wp-post\" data-elementor-id=\"92111\" class=\"elementor elementor-92111 elementor-56540\">\n\t\t\t\t\t\t\t\t\t<section class=\"elementor-section elementor-top-section elementor-element elementor-element-3303a7e3 elementor-section-boxed elementor-section-height-default elementor-section-height-default\" data-id=\"3303a7e3\" data-element_type=\"section\">\n\t\t\t\t\t\t<div class=\"elementor-container elementor-column-gap-default\">\n\t\t\t\t\t<div class=\"elementor-column elementor-col-100 elementor-top-column elementor-element elementor-element-16d72dbf\" data-id=\"16d72dbf\" data-element_type=\"column\">\n\t\t\t<div class=\"elementor-widget-wrap elementor-element-populated\">\n\t\t\t\t\t\t\t\t<div class=\"elementor-element elementor-element-d743c03 elementor-widget elementor-widget-text-editor\" data-id=\"d743c03\" data-element_type=\"widget\" data-widget_type=\"text-editor.default\">\n\t\t\t\t<div class=\"elementor-widget-container\">\n\t\t\t\t\t\t\t<h2>SCEGLI LA TUA ATTIVIT\u00c0 QUI SOTTO PER OFFRIRE BUONI REGALO\/BIGLIETTI O EFFETTUARE UNA PRENOTAZIONE<\/h2>\n<table border=\"0\" width=\"580\" cellspacing=\"10\" cellpadding=\"10\">\n<tbody>\n<tr>\n<td width=\"50%\"><strong>BREAK GASTRONOMICO &#8211; VOLO PRIVATO (1-4 pers.) &#8211; 60 min.<\/strong><\/td>\n<td><strong>A partire da CHF <span class=\"productPrice\">1&#8217;245.00 per volo privato\n<\/span><\/strong><\/td>\n<\/tr>\n<tr>\n<td>Ulteriori informazioni<\/td>\n<td>&#8211; Puoi utilizzare l&#8217;elicottero esclusivamente per te stesso\n&#8211; Imposta la data e l&#8217;ora di partenza\n&#8211; Massimo 4 persone.\n&#8211; Pasti e bevande non inclusi<\/td>\n<\/tr>\n<tr>\n<td>Eliporto<\/td>\n<td><a href=\"https:\/\/www.google.com\/maps\/place\/47%C2%B004'05.9%22N+9%C2%B028'54.3%22E\/@47.0684676,9.4773295,769m\/data=!3m1!1e3!4m4!3m3!8m2!3d47.0683056!4d9.48175?entry=ttu\" target=\"_blank\" rel=\"noopener\">Balzer<\/a><\/td>\n<\/tr>\n<tr>\n<td>Tempo di volo<\/td>\n<td>60 min.<\/td>\n<\/tr>\n<tr>\n<td>Durata totale<\/td>\n<td>circa 3 ore<\/td>\n<\/tr>\n<tr>\n<td>Appuntamenti<\/td>\n<td>Per telefono<\/td>\n<\/tr>\n<tr>\n<td><button class=\"elementor-button\" type=\"button\"><a href=\"https:\/\/swissraft.outdoorbooking.ch\/fo\/products\/2033?base_id=183&amp;category_id=6&amp;order_type=gift_voucher&amp;lang=it\" target=\"_blank\" rel=\"noopener\">BUONO REGALO<\/a><\/button><\/td>\n<td><strong>CHF 1&#8217;245.00 &#8211; volo privato (1-3 pers.)<\/strong><\/td>\n<\/tr>\n<tr>\n<td><button class=\"elementor-button\" type=\"button\"><a href=\"https:\/\/swissraft.outdoorbooking.ch\/fo\/products\/2034?base_id=184&amp;category_id=6&amp;order_type=gift_voucher&amp;lang=it\" target=\"_blank\" rel=\"noopener\">BUONO REGALO<\/a><\/button><\/td>\n<td><strong>CHF 1&#8217;660.00 &#8211; volo privato (4 pers.)<\/strong><\/td>\n<\/tr>\n<tr>\n<td><\/td>\n<td>Per effettuare una prenotazione <span class=\"patt\" style=\"font-family: inherit; font-size: inherit;\"><span class=\"plbl\"><span class=\"patt\"><a href=\"https:\/\/www.swissraft.ch\/it\/contattaci\/\">contattaci<\/a><\/span><\/span><\/span><\/td>\n<\/tr>\n<\/tbody>\n<\/table>\t\t\t\t\t\t<\/div>\n\t\t\t\t<\/div>\n\t\t\t\t\t<\/div>\n\t\t<\/div>\n\t\t\t\t\t\t\t<\/div>\n\t\t<\/section>\n\t\t\t\t\t\t\t<\/div>\n\t\t","protected":false},"excerpt":{"rendered":"<div align=\"justify\">\n<h2 align=\"justify\">Un volo in elicottero di 60 minuti da Balzers, intervallato da una pausa gastronomica in un ristorante di tua scelta<\/h2>\n<h3>A bordo del nostro elicottero Robinson, sorvola le montagne svizzere prima di effettuare un atterraggio intermedio per una pausa culinaria.<\/h3>\n<\/div>\n<p>Gastronomia e volo in elicottero, la combinazione perfetta. Dopo un superbo volo sulle Alpi svizzere, atterri vicino a un ristorante. Decidi tu l&#8217;indirizzo se conosci un posto particolare. Combinare un volo in elicottero con un pasto \u00e8 qualcosa di speciale. Inoltre, dopo questo eccellente pasto, continuerai il volo per tornare ad atterrare all&#8217;eliporto di Balzers.    <\/p>\n<h3>Swissraft \u00e8 qui per aiutarti a scegliere il tuo ristorante. Chiamaci e ti consiglieremo <\/h3>\n<p id=\"textarea\" style=\"display: none;\">\nSituati nel cuore delle Alpi svizzere, offriamo partenze da diverse destinazioni. Sia dall&#8217;eliporto invernale di St. Moritz che da quello annuale di Samedan, i nostri voli promettono un&#8217;esperienza unica. Ci sono anche partenze dagli eliporti di Tavanasa, Flims e Untervaz. Nel Canton Turgovia i nostri voli partono dall&#8217;aerodromo di Sitterdorf, che offre viste spettacolari. Gli aeroporti internazionali di Zurigo-Kloten e Berna-Belp ospitano i nostri voli turistici. Per chi \u00e8 alla ricerca del fascino alpino, l&#8217;aerodromo di Gstaad-Grund e quello di Saanen nel Gstaad-Saanenland sono punti di partenza idilliaci. Gli eliporti di Lenk-Simmental, Schattenhalb-Meiringen, Interlaken-Gsteigwiler e Lauterbrunnen aggiungono una dimensione alpina alla nostra offerta. I cantoni di Lucerna e Uri non sono da meno, con partenze da Pfaffnau e Erstfeld. Buttwil nel Canton Argovia offre itinerari incantevoli, cos\u00ec come K\u00fcssnacht nel Canton Svitto e Grenchen nel Canton Soletta. Le alture della Gruy\u00e8re offrono tour da \u00c9pagny, mentre il Vallese offre panorami mozzafiato con partenze dagli eliporti di Gampel e Collombey, oltre che dall&#8217;aeroporto di Sion. Esplora il Ticino con le nostre partenze dagli aeroporti di Locarno e Lodrino.\n<\/p>\n<p><a id=\"seeMore\" onclick=\"toggleSeeMore()\" href=\"javascript:void(0);\">Leggi tutto<\/a><\/p>\n","protected":false},"featured_media":89351,"comment_status":"open","ping_status":"closed","template":"","meta":{"inline_featured_image":false,"_mi_skip_tracking":false},"product_cat":[392,414],"product_tag":[],"class_list":["post-92111","product","type-product","status-publish","has-post-thumbnail","hentry","product_cat-volo-in-elicottero","product_cat-elicottero-balzers"],"yoast_head":"<!-- This site is optimized with the Yoast SEO plugin v23.6 - https:\/\/yoast.com\/wordpress\/plugins\/seo\/ -->\n<title>Viaggio in elicottero da Balzers per un pasto gourmet<\/title>\n<meta name=\"description\" content=\"Pausa gastronomica da Balzers in elicottero per un pasto. Un volo di 60 minuti intervallato da un pasto gourmet in un accogliente ristorante.\" \/>\n<meta name=\"robots\" content=\"index, follow, max-snippet:-1, max-image-preview:large, max-video-preview:-1\" \/>\n<link rel=\"canonical\" href=\"https:\/\/www.swissraft.ch\/it\/prodotto\/volo-in-elicottero-da-balzers-break-gastronomico-60-min-a-partire-da-chf-1245-00\/\" \/>\n<meta property=\"og:locale\" content=\"it_IT\" \/>\n<meta property=\"og:type\" content=\"article\" \/>\n<meta property=\"og:title\" content=\"Viaggio in elicottero da Balzers per un pasto gourmet\" \/>\n<meta property=\"og:description\" content=\"Pausa gastronomica da Balzers in elicottero per un pasto. Un volo di 60 minuti intervallato da un pasto gourmet in un accogliente ristorante.\" \/>\n<meta property=\"og:url\" content=\"https:\/\/www.swissraft.ch\/it\/prodotto\/volo-in-elicottero-da-balzers-break-gastronomico-60-min-a-partire-da-chf-1245-00\/\" \/>\n<meta property=\"og:site_name\" content=\"Swissraft\" \/>\n<meta property=\"article:modified_time\" content=\"2024-11-19T20:45:20+00:00\" \/>\n<meta property=\"og:image\" content=\"https:\/\/www.swissraft.ch\/wp-content\/uploads\/2024\/01\/16-GOURMET-776x776-1.jpg\" \/>\n\t<meta property=\"og:image:width\" content=\"776\" \/>\n\t<meta property=\"og:image:height\" content=\"776\" \/>\n\t<meta property=\"og:image:type\" content=\"image\/jpeg\" \/>\n<meta name=\"twitter:card\" content=\"summary_large_image\" \/>\n<script type=\"application\/ld+json\" class=\"yoast-schema-graph\">{\"@context\":\"https:\/\/schema.org\",\"@graph\":[{\"@type\":\"WebPage\",\"@id\":\"https:\/\/www.swissraft.ch\/it\/prodotto\/volo-in-elicottero-da-balzers-break-gastronomico-60-min-a-partire-da-chf-1245-00\/\",\"url\":\"https:\/\/www.swissraft.ch\/it\/prodotto\/volo-in-elicottero-da-balzers-break-gastronomico-60-min-a-partire-da-chf-1245-00\/\",\"name\":\"Viaggio in elicottero da Balzers per un pasto gourmet\",\"isPartOf\":{\"@id\":\"https:\/\/www.swissraft.ch\/it\/#website\"},\"primaryImageOfPage\":{\"@id\":\"https:\/\/www.swissraft.ch\/it\/prodotto\/volo-in-elicottero-da-balzers-break-gastronomico-60-min-a-partire-da-chf-1245-00\/#primaryimage\"},\"image\":{\"@id\":\"https:\/\/www.swissraft.ch\/it\/prodotto\/volo-in-elicottero-da-balzers-break-gastronomico-60-min-a-partire-da-chf-1245-00\/#primaryimage\"},\"thumbnailUrl\":\"https:\/\/www.swissraft.ch\/wp-content\/uploads\/2024\/01\/16-GOURMET-776x776-1.jpg\",\"datePublished\":\"2024-01-11T19:47:56+00:00\",\"dateModified\":\"2024-11-19T20:45:20+00:00\",\"description\":\"Pausa gastronomica da Balzers in elicottero per un pasto. Un volo di 60 minuti intervallato da un pasto gourmet in un accogliente ristorante.\",\"breadcrumb\":{\"@id\":\"https:\/\/www.swissraft.ch\/it\/prodotto\/volo-in-elicottero-da-balzers-break-gastronomico-60-min-a-partire-da-chf-1245-00\/#breadcrumb\"},\"inLanguage\":\"it-IT\",\"potentialAction\":[{\"@type\":\"ReadAction\",\"target\":[\"https:\/\/www.swissraft.ch\/it\/prodotto\/volo-in-elicottero-da-balzers-break-gastronomico-60-min-a-partire-da-chf-1245-00\/\"]}]},{\"@type\":\"ImageObject\",\"inLanguage\":\"it-IT\",\"@id\":\"https:\/\/www.swissraft.ch\/it\/prodotto\/volo-in-elicottero-da-balzers-break-gastronomico-60-min-a-partire-da-chf-1245-00\/#primaryimage\",\"url\":\"https:\/\/www.swissraft.ch\/wp-content\/uploads\/2024\/01\/16-GOURMET-776x776-1.jpg\",\"contentUrl\":\"https:\/\/www.swissraft.ch\/wp-content\/uploads\/2024\/01\/16-GOURMET-776x776-1.jpg\",\"width\":776,\"height\":776,\"caption\":\"Volo gourmet in elicottero da Balzers\"},{\"@type\":\"BreadcrumbList\",\"@id\":\"https:\/\/www.swissraft.ch\/it\/prodotto\/volo-in-elicottero-da-balzers-break-gastronomico-60-min-a-partire-da-chf-1245-00\/#breadcrumb\",\"itemListElement\":[{\"@type\":\"ListItem\",\"position\":1,\"name\":\"Accueil\",\"item\":\"https:\/\/www.swissraft.ch\/it\/\"},{\"@type\":\"ListItem\",\"position\":2,\"name\":\"Negozio\",\"item\":\"https:\/\/www.swissraft.ch\/it\/negozio\/\"},{\"@type\":\"ListItem\",\"position\":3,\"name\":\"Volo in elicottero da BALZERS &#8211; BREAK GASTRONOMICO &#8211; 60 min. &#8211; A partire da CHF 1&#8217;245.00\"}]},{\"@type\":\"WebSite\",\"@id\":\"https:\/\/www.swissraft.ch\/it\/#website\",\"url\":\"https:\/\/www.swissraft.ch\/it\/\",\"name\":\"Swissraft\",\"description\":\"To enjoy nature as it is\",\"publisher\":{\"@id\":\"https:\/\/www.swissraft.ch\/it\/#organization\"},\"potentialAction\":[{\"@type\":\"SearchAction\",\"target\":{\"@type\":\"EntryPoint\",\"urlTemplate\":\"https:\/\/www.swissraft.ch\/it\/?s={search_term_string}\"},\"query-input\":{\"@type\":\"PropertyValueSpecification\",\"valueRequired\":true,\"valueName\":\"search_term_string\"}}],\"inLanguage\":\"it-IT\"},{\"@type\":\"Organization\",\"@id\":\"https:\/\/www.swissraft.ch\/it\/#organization\",\"name\":\"Swissraft\",\"url\":\"https:\/\/www.swissraft.ch\/it\/\",\"logo\":{\"@type\":\"ImageObject\",\"inLanguage\":\"it-IT\",\"@id\":\"https:\/\/www.swissraft.ch\/it\/#\/schema\/logo\/image\/\",\"url\":\"https:\/\/www.swissraft.ch\/wp-content\/uploads\/2025\/09\/Capture.jpg\",\"contentUrl\":\"https:\/\/www.swissraft.ch\/wp-content\/uploads\/2025\/09\/Capture.jpg\",\"width\":293,\"height\":108,\"caption\":\"Swissraft\"},\"image\":{\"@id\":\"https:\/\/www.swissraft.ch\/it\/#\/schema\/logo\/image\/\"}}]}<\/script>\n<!-- \/ Yoast SEO plugin. -->","yoast_head_json":{"title":"Viaggio in elicottero da Balzers per un pasto gourmet","description":"Pausa gastronomica da Balzers in elicottero per un pasto. Un volo di 60 minuti intervallato da un pasto gourmet in un accogliente ristorante.","robots":{"index":"index","follow":"follow","max-snippet":"max-snippet:-1","max-image-preview":"max-image-preview:large","max-video-preview":"max-video-preview:-1"},"canonical":"https:\/\/www.swissraft.ch\/it\/prodotto\/volo-in-elicottero-da-balzers-break-gastronomico-60-min-a-partire-da-chf-1245-00\/","og_locale":"it_IT","og_type":"article","og_title":"Viaggio in elicottero da Balzers per un pasto gourmet","og_description":"Pausa gastronomica da Balzers in elicottero per un pasto. Un volo di 60 minuti intervallato da un pasto gourmet in un accogliente ristorante.","og_url":"https:\/\/www.swissraft.ch\/it\/prodotto\/volo-in-elicottero-da-balzers-break-gastronomico-60-min-a-partire-da-chf-1245-00\/","og_site_name":"Swissraft","article_modified_time":"2024-11-19T20:45:20+00:00","og_image":[{"width":776,"height":776,"url":"https:\/\/www.swissraft.ch\/wp-content\/uploads\/2024\/01\/16-GOURMET-776x776-1.jpg","type":"image\/jpeg"}],"twitter_card":"summary_large_image","schema":{"@context":"https:\/\/schema.org","@graph":[{"@type":"WebPage","@id":"https:\/\/www.swissraft.ch\/it\/prodotto\/volo-in-elicottero-da-balzers-break-gastronomico-60-min-a-partire-da-chf-1245-00\/","url":"https:\/\/www.swissraft.ch\/it\/prodotto\/volo-in-elicottero-da-balzers-break-gastronomico-60-min-a-partire-da-chf-1245-00\/","name":"Viaggio in elicottero da Balzers per un pasto gourmet","isPartOf":{"@id":"https:\/\/www.swissraft.ch\/it\/#website"},"primaryImageOfPage":{"@id":"https:\/\/www.swissraft.ch\/it\/prodotto\/volo-in-elicottero-da-balzers-break-gastronomico-60-min-a-partire-da-chf-1245-00\/#primaryimage"},"image":{"@id":"https:\/\/www.swissraft.ch\/it\/prodotto\/volo-in-elicottero-da-balzers-break-gastronomico-60-min-a-partire-da-chf-1245-00\/#primaryimage"},"thumbnailUrl":"https:\/\/www.swissraft.ch\/wp-content\/uploads\/2024\/01\/16-GOURMET-776x776-1.jpg","datePublished":"2024-01-11T19:47:56+00:00","dateModified":"2024-11-19T20:45:20+00:00","description":"Pausa gastronomica da Balzers in elicottero per un pasto. Un volo di 60 minuti intervallato da un pasto gourmet in un accogliente ristorante.","breadcrumb":{"@id":"https:\/\/www.swissraft.ch\/it\/prodotto\/volo-in-elicottero-da-balzers-break-gastronomico-60-min-a-partire-da-chf-1245-00\/#breadcrumb"},"inLanguage":"it-IT","potentialAction":[{"@type":"ReadAction","target":["https:\/\/www.swissraft.ch\/it\/prodotto\/volo-in-elicottero-da-balzers-break-gastronomico-60-min-a-partire-da-chf-1245-00\/"]}]},{"@type":"ImageObject","inLanguage":"it-IT","@id":"https:\/\/www.swissraft.ch\/it\/prodotto\/volo-in-elicottero-da-balzers-break-gastronomico-60-min-a-partire-da-chf-1245-00\/#primaryimage","url":"https:\/\/www.swissraft.ch\/wp-content\/uploads\/2024\/01\/16-GOURMET-776x776-1.jpg","contentUrl":"https:\/\/www.swissraft.ch\/wp-content\/uploads\/2024\/01\/16-GOURMET-776x776-1.jpg","width":776,"height":776,"caption":"Volo gourmet in elicottero da Balzers"},{"@type":"BreadcrumbList","@id":"https:\/\/www.swissraft.ch\/it\/prodotto\/volo-in-elicottero-da-balzers-break-gastronomico-60-min-a-partire-da-chf-1245-00\/#breadcrumb","itemListElement":[{"@type":"ListItem","position":1,"name":"Accueil","item":"https:\/\/www.swissraft.ch\/it\/"},{"@type":"ListItem","position":2,"name":"Negozio","item":"https:\/\/www.swissraft.ch\/it\/negozio\/"},{"@type":"ListItem","position":3,"name":"Volo in elicottero da BALZERS &#8211; BREAK GASTRONOMICO &#8211; 60 min. &#8211; A partire da CHF 1&#8217;245.00"}]},{"@type":"WebSite","@id":"https:\/\/www.swissraft.ch\/it\/#website","url":"https:\/\/www.swissraft.ch\/it\/","name":"Swissraft","description":"To enjoy nature as it is","publisher":{"@id":"https:\/\/www.swissraft.ch\/it\/#organization"},"potentialAction":[{"@type":"SearchAction","target":{"@type":"EntryPoint","urlTemplate":"https:\/\/www.swissraft.ch\/it\/?s={search_term_string}"},"query-input":{"@type":"PropertyValueSpecification","valueRequired":true,"valueName":"search_term_string"}}],"inLanguage":"it-IT"},{"@type":"Organization","@id":"https:\/\/www.swissraft.ch\/it\/#organization","name":"Swissraft","url":"https:\/\/www.swissraft.ch\/it\/","logo":{"@type":"ImageObject","inLanguage":"it-IT","@id":"https:\/\/www.swissraft.ch\/it\/#\/schema\/logo\/image\/","url":"https:\/\/www.swissraft.ch\/wp-content\/uploads\/2025\/09\/Capture.jpg","contentUrl":"https:\/\/www.swissraft.ch\/wp-content\/uploads\/2025\/09\/Capture.jpg","width":293,"height":108,"caption":"Swissraft"},"image":{"@id":"https:\/\/www.swissraft.ch\/it\/#\/schema\/logo\/image\/"}}]}},"_links":{"self":[{"href":"https:\/\/www.swissraft.ch\/it\/wp-json\/wp\/v2\/product\/92111","targetHints":{"allow":["GET"]}}],"collection":[{"href":"https:\/\/www.swissraft.ch\/it\/wp-json\/wp\/v2\/product"}],"about":[{"href":"https:\/\/www.swissraft.ch\/it\/wp-json\/wp\/v2\/types\/product"}],"replies":[{"embeddable":true,"href":"https:\/\/www.swissraft.ch\/it\/wp-json\/wp\/v2\/comments?post=92111"}],"version-history":[{"count":0,"href":"https:\/\/www.swissraft.ch\/it\/wp-json\/wp\/v2\/product\/92111\/revisions"}],"wp:featuredmedia":[{"embeddable":true,"href":"https:\/\/www.swissraft.ch\/it\/wp-json\/wp\/v2\/media\/89351"}],"wp:attachment":[{"href":"https:\/\/www.swissraft.ch\/it\/wp-json\/wp\/v2\/media?parent=92111"}],"wp:term":[{"taxonomy":"product_cat","embeddable":true,"href":"https:\/\/www.swissraft.ch\/it\/wp-json\/wp\/v2\/product_cat?post=92111"},{"taxonomy":"product_tag","embeddable":true,"href":"https:\/\/www.swissraft.ch\/it\/wp-json\/wp\/v2\/product_tag?post=92111"}],"curies":[{"name":"wp","href":"https:\/\/api.w.org\/{rel}","templated":true}]}}