{"id":92083,"date":"2024-08-13T10:18:03","date_gmt":"2024-08-13T08:18:03","guid":{"rendered":"https:\/\/swissraft.xyanzkdne.eu\/product\/ricorda-su-un-dam-amdem-a-partire-da-chf-30-00\/"},"modified":"2024-11-20T10:16:11","modified_gmt":"2024-11-20T09:16:11","slug":"ricorda-su-un-dam-amdem-a-partire-da-chf-30-00","status":"publish","type":"product","link":"https:\/\/www.swissraft.ch\/it\/prodotto\/ricorda-su-un-dam-amdem-a-partire-da-chf-30-00\/","title":{"rendered":"RICORDA SU UN DAM &#8211; AMDEM &#8211; A partire da CHF 30.00"},"content":{"rendered":"\t\t<div data-elementor-type=\"wp-post\" data-elementor-id=\"92083\" class=\"elementor elementor-92083 elementor-76110\">\n\t\t\t\t\t\t\t\t\t<section class=\"elementor-section elementor-top-section elementor-element elementor-element-3303a7e3 elementor-section-boxed elementor-section-height-default elementor-section-height-default\" data-id=\"3303a7e3\" data-element_type=\"section\">\n\t\t\t\t\t\t<div class=\"elementor-container elementor-column-gap-default\">\n\t\t\t\t\t<div class=\"elementor-column elementor-col-100 elementor-top-column elementor-element elementor-element-16d72dbf\" data-id=\"16d72dbf\" data-element_type=\"column\">\n\t\t\t<div class=\"elementor-widget-wrap elementor-element-populated\">\n\t\t\t\t\t\t\t\t<div class=\"elementor-element elementor-element-d743c03 elementor-widget elementor-widget-text-editor\" data-id=\"d743c03\" data-element_type=\"widget\" data-widget_type=\"text-editor.default\">\n\t\t\t\t<div class=\"elementor-widget-container\">\n\t\t\t\t\t\t\t<h2>SCEGLI LA TUA ATTIVIT\u00c0 QUI SOTTO PER OFFRIRE BUONI REGALO\/BIGLIETTI O EFFETTUARE UNA PRENOTAZIONE<\/h2>\n<table border=\"0\" width=\"580\" cellspacing=\"10\" cellpadding=\"10\">\n<tbody>\n<tr>\n<td width=\"50%\"><strong>DISCESA IN CORDA DOPPIA SU UNA DIGA &#8211; AMDEN<\/strong><\/td>\n<td><strong>40,00 a persona<span class=\"productPrice\"><br \/><\/span><\/strong><\/td>\n<\/tr>\n<tr>\n<td>Ulteriori informazioni<\/td>\n<td>\n<p>&#8211; <span class=\"plbl\"> Premio per i giovani<\/span>:  <span class=\"patt\"><strong>CHF 30,00\/pers<\/strong>. fino a 18 anni<br \/><\/span>&#8211; Et\u00e0 minima: 7 anni<br \/>&#8211; Abbigliamento stagionale<\/p>\n<p><strong><span class=\"patt\">Questo servizio include<\/span><\/strong><br \/>&#8211; <span class=\"patt\">Assicurazione di responsabilit\u00e0 civile<\/span><br \/>&#8211; Attrezzatura completa per la discesa in corda doppia<br \/>&#8211; Guide di arrampicata qualificate<br \/>&#8211; Foto ricordo su Dropbox<br \/>&#8211; Autorizzazioni di SAK Proprietario della centrale elettrica<br \/>&#8211; Standard ISO 21101 certificato da SGS-ISO<\/p>\n<\/td>\n<\/tr>\n<tr>\n<td>Punto d&#8217;incontro<\/td>\n<td><a href=\"https:\/\/www.google.com\/maps\/place\/47%C2%B008'27.9%22N+9%C2%B007'56.6%22E\/@47.1411493,9.130152,384m\/data=!3m1!1e3!4m4!3m3!8m2!3d47.14108!4d9.132389?entry=ttu\" target=\"_blank\" rel=\"noopener\">Fermata dell&#8217;autobus di Lehni<\/a><\/td>\n<\/tr>\n<tr>\n<td>Durata<\/td>\n<td>circa 1 ora e 45 minuti<\/td>\n<\/tr>\n<tr>\n<td>Durata totale<\/td>\n<td>circa 2 ore<\/td>\n<\/tr>\n<tr>\n<td>Livello di difficolt\u00e0<\/td>\n<td>1<\/td>\n<\/tr>\n<tr>\n<td><a href=\"https:\/\/swissraft.outdoorbooking.ch\/fo\/products\/gift_vouchers?base_id=4&amp;category_id=8&amp;id=2106&amp;lang=it\" target=\"_blank\" rel=\"noopener\"><button class=\"elementor-button\" type=\"button\">BUONO REGALO<\/button><\/a><\/td>\n<td><span class=\"patt\" style=\"font-family: inherit; font-size: inherit;\"><span class=\"plbl\"><span class=\"patt\"><strong>CHF 40,00\/persona<\/strong> <strong>&#8211; (adulti)<\/strong><br \/><\/span><\/span><\/span><\/td>\n<\/tr>\n<tr>\n<td><a href=\"https:\/\/swissraft.outdoorbooking.ch\/fo\/products\/99?base_id=4&amp;category_id=8&amp;order_type=gift_voucher&amp;lang=it\" target=\"_blank\" rel=\"noopener\"><button class=\"elementor-button\" type=\"button\">BUONO REGALO<\/button><\/a><\/td>\n<td><span class=\"patt\" style=\"font-family: inherit; font-size: inherit;\"><span class=\"plbl\"><span class=\"patt\"><strong>Pacchetto CHF 400,00 &#8211; (10 pers.)<\/strong><br \/><\/span><\/span><\/span><\/td>\n<\/tr>\n<tr>\n<td> <\/td>\n<td>Per prenotare, <a href=\"https:\/\/www.swissraft.ch\/it\/contattaci\/\">contattaci<\/a><\/td>\n<\/tr>\n<\/tbody>\n<\/table>\n\t\t\t\t\t\t<\/div>\n\t\t\t\t<\/div>\n\t\t\t\t\t<\/div>\n\t\t<\/div>\n\t\t\t\t\t\t\t<\/div>\n\t\t<\/section>\n\t\t\t\t<section class=\"elementor-section elementor-top-section elementor-element elementor-element-0a7b4e2 elementor-section-boxed elementor-section-height-default elementor-section-height-default\" data-id=\"0a7b4e2\" data-element_type=\"section\">\n\t\t\t\t\t\t<div class=\"elementor-container elementor-column-gap-default\">\n\t\t\t\t\t<div class=\"elementor-column elementor-col-100 elementor-top-column elementor-element elementor-element-24989b7\" data-id=\"24989b7\" data-element_type=\"column\">\n\t\t\t<div class=\"elementor-widget-wrap elementor-element-populated\">\n\t\t\t\t\t\t\t\t<div class=\"elementor-element elementor-element-1e76d42 elementor-widget elementor-widget-text-editor\" data-id=\"1e76d42\" data-element_type=\"widget\" data-widget_type=\"text-editor.default\">\n\t\t\t\t<div class=\"elementor-widget-container\">\n\t\t\t\t\t\t\t<h2>SCEGLI LA TUA ATTIVIT\u00c0 QUI SOTTO PER OFFRIRE BUONI REGALO\/BIGLIETTI O EFFETTUARE UNA PRENOTAZIONE<\/h2>\n\t\t\t\t\t\t<\/div>\n\t\t\t\t<\/div>\n\t\t\t\t\t<\/div>\n\t\t<\/div>\n\t\t\t\t\t\t\t<\/div>\n\t\t<\/section>\n\t\t\t\t\t\t\t<\/div>\n\t\t","protected":false},"excerpt":{"rendered":"<div align=\"justify\">\n<h2 align=\"justify\">La discesa in corda doppia lungo la diga di Amden \u00e8 impressionante<\/h2>\n<h3>Con un&#8217;altezza di 40 metri, puoi scendere in corda doppia per 1 ora e 45 minuti se lo desideri.<\/h3>\n<\/div>\n<div align=\"justify\">\n<p>Il richiamo lungo la diga di Amden, nel cantone di San Gallo, \u00e8 stato completato. Gall, offre un&#8217;avventura unica. Situata in un contesto magnifico, questa discesa in corda doppia di 40 metri piacer\u00e0 a grandi e piccini. Famiglie, scolaresche e aziende troveranno un&#8217;esperienza indimenticabile. Innanzitutto, i partecipanti si attrezzano sotto la supervisione di istruttori qualificati. Riceveranno poi istruzioni chiare per garantire la loro sicurezza. I professionisti sono a disposizione in ogni fase del processo.<br \/>\nSia i bambini che gli adulti sono sorpresi dall&#8217;intensa emozione del vuoto. Qualunque sia la tua et\u00e0 o la tua esperienza, questa attivit\u00e0 \u00e8 accessibile. La fiducia \u00e8 cresciuta rapidamente e tutti si sono divertiti a scendere la diga. Alla fine il gruppo si riun\u00ec ai piedi del muro, soddisfatto e orgoglioso. La discesa in corda doppia ad Amden combina adrenalina e sicurezza, creando ricordi indelebili per tutti. Non esitare, provaci!<\/p>\n<h3>Swissraft offre un&#8217;ampia gamma di attivit\u00e0 nel parco avventura e nel parco avventura.<\/h3>\n<p id=\"textarea\" style=\"display: none;\">\nA Hoch-Ybrig, ad esempio, abbiamo la zip line pi\u00f9 lunga d&#8217;Europa, che misura 2,3 km. A Flims, nei Grigioni, un magnifico giardino di corda. Ma c&#8217;\u00e8 anche Interlaken nell&#8217;Oberland Bernese e Crans-Montana nel Vallese.\n<\/p>\n<p><a id=\"seeMore\" onclick=\"toggleSeeMore()\" href=\"javascript:void(0);\">Leggi tutto<\/a><\/p>\n","protected":false},"featured_media":90689,"comment_status":"open","ping_status":"closed","template":"","meta":{"inline_featured_image":false,"_mi_skip_tracking":false},"product_cat":[399,398],"product_tag":[],"class_list":["post-92083","product","type-product","status-publish","has-post-thumbnail","hentry","product_cat-outdoor","product_cat-parco-avventura"],"yoast_head":"<!-- This site is optimized with the Yoast SEO plugin v23.6 - https:\/\/yoast.com\/wordpress\/plugins\/seo\/ -->\n<title>Discesa in corda doppia su una diga ad Amden. Una discesa in corda doppia alta 40 metri<\/title>\n<meta name=\"description\" content=\"Discesa in corda doppia su una diga ad Amden. Questa discesa in corda doppia a 40 metri di altezza richiede una normale forma fisica. Giovani e anziani, \u00e8 un&#039;attivit\u00e0 adatta a tutti.\" \/>\n<meta name=\"robots\" content=\"index, follow, max-snippet:-1, max-image-preview:large, max-video-preview:-1\" \/>\n<link rel=\"canonical\" href=\"https:\/\/www.swissraft.ch\/it\/prodotto\/ricorda-su-un-dam-amdem-a-partire-da-chf-30-00\/\" \/>\n<meta property=\"og:locale\" content=\"it_IT\" \/>\n<meta property=\"og:type\" content=\"article\" \/>\n<meta property=\"og:title\" content=\"Discesa in corda doppia su una diga ad Amden. Una discesa in corda doppia alta 40 metri\" \/>\n<meta property=\"og:description\" content=\"Discesa in corda doppia su una diga ad Amden. Questa discesa in corda doppia a 40 metri di altezza richiede una normale forma fisica. Giovani e anziani, \u00e8 un&#039;attivit\u00e0 adatta a tutti.\" \/>\n<meta property=\"og:url\" content=\"https:\/\/www.swissraft.ch\/it\/prodotto\/ricorda-su-un-dam-amdem-a-partire-da-chf-30-00\/\" \/>\n<meta property=\"og:site_name\" content=\"Swissraft\" \/>\n<meta property=\"article:modified_time\" content=\"2024-11-20T09:16:11+00:00\" \/>\n<meta property=\"og:image\" content=\"https:\/\/www.swissraft.ch\/wp-content\/uploads\/2024\/08\/1-1-Amden-rappel-776x776-1.jpg\" \/>\n\t<meta property=\"og:image:width\" content=\"776\" \/>\n\t<meta property=\"og:image:height\" content=\"776\" \/>\n\t<meta property=\"og:image:type\" content=\"image\/jpeg\" \/>\n<meta name=\"twitter:card\" content=\"summary_large_image\" \/>\n<meta name=\"twitter:label1\" content=\"Tempo di lettura stimato\" \/>\n\t<meta name=\"twitter:data1\" content=\"1 minuto\" \/>\n<script type=\"application\/ld+json\" class=\"yoast-schema-graph\">{\"@context\":\"https:\/\/schema.org\",\"@graph\":[{\"@type\":\"WebPage\",\"@id\":\"https:\/\/www.swissraft.ch\/it\/prodotto\/ricorda-su-un-dam-amdem-a-partire-da-chf-30-00\/\",\"url\":\"https:\/\/www.swissraft.ch\/it\/prodotto\/ricorda-su-un-dam-amdem-a-partire-da-chf-30-00\/\",\"name\":\"Discesa in corda doppia su una diga ad Amden. Una discesa in corda doppia alta 40 metri\",\"isPartOf\":{\"@id\":\"https:\/\/www.swissraft.ch\/it\/#website\"},\"primaryImageOfPage\":{\"@id\":\"https:\/\/www.swissraft.ch\/it\/prodotto\/ricorda-su-un-dam-amdem-a-partire-da-chf-30-00\/#primaryimage\"},\"image\":{\"@id\":\"https:\/\/www.swissraft.ch\/it\/prodotto\/ricorda-su-un-dam-amdem-a-partire-da-chf-30-00\/#primaryimage\"},\"thumbnailUrl\":\"https:\/\/www.swissraft.ch\/wp-content\/uploads\/2024\/08\/1-1-Amden-rappel-776x776-1.jpg\",\"datePublished\":\"2024-08-13T08:18:03+00:00\",\"dateModified\":\"2024-11-20T09:16:11+00:00\",\"description\":\"Discesa in corda doppia su una diga ad Amden. Questa discesa in corda doppia a 40 metri di altezza richiede una normale forma fisica. Giovani e anziani, \u00e8 un'attivit\u00e0 adatta a tutti.\",\"breadcrumb\":{\"@id\":\"https:\/\/www.swissraft.ch\/it\/prodotto\/ricorda-su-un-dam-amdem-a-partire-da-chf-30-00\/#breadcrumb\"},\"inLanguage\":\"it-IT\",\"potentialAction\":[{\"@type\":\"ReadAction\",\"target\":[\"https:\/\/www.swissraft.ch\/it\/prodotto\/ricorda-su-un-dam-amdem-a-partire-da-chf-30-00\/\"]}]},{\"@type\":\"ImageObject\",\"inLanguage\":\"it-IT\",\"@id\":\"https:\/\/www.swissraft.ch\/it\/prodotto\/ricorda-su-un-dam-amdem-a-partire-da-chf-30-00\/#primaryimage\",\"url\":\"https:\/\/www.swissraft.ch\/wp-content\/uploads\/2024\/08\/1-1-Amden-rappel-776x776-1.jpg\",\"contentUrl\":\"https:\/\/www.swissraft.ch\/wp-content\/uploads\/2024\/08\/1-1-Amden-rappel-776x776-1.jpg\",\"width\":776,\"height\":776,\"caption\":\"Un ricordo della diga di Amden\"},{\"@type\":\"BreadcrumbList\",\"@id\":\"https:\/\/www.swissraft.ch\/it\/prodotto\/ricorda-su-un-dam-amdem-a-partire-da-chf-30-00\/#breadcrumb\",\"itemListElement\":[{\"@type\":\"ListItem\",\"position\":1,\"name\":\"Accueil\",\"item\":\"https:\/\/www.swissraft.ch\/it\/\"},{\"@type\":\"ListItem\",\"position\":2,\"name\":\"Negozio\",\"item\":\"https:\/\/www.swissraft.ch\/it\/negozio\/\"},{\"@type\":\"ListItem\",\"position\":3,\"name\":\"RICORDA SU UN DAM &#8211; AMDEM &#8211; A partire da CHF 30.00\"}]},{\"@type\":\"WebSite\",\"@id\":\"https:\/\/www.swissraft.ch\/it\/#website\",\"url\":\"https:\/\/www.swissraft.ch\/it\/\",\"name\":\"Swissraft\",\"description\":\"To enjoy nature as it is\",\"publisher\":{\"@id\":\"https:\/\/www.swissraft.ch\/it\/#organization\"},\"potentialAction\":[{\"@type\":\"SearchAction\",\"target\":{\"@type\":\"EntryPoint\",\"urlTemplate\":\"https:\/\/www.swissraft.ch\/it\/?s={search_term_string}\"},\"query-input\":{\"@type\":\"PropertyValueSpecification\",\"valueRequired\":true,\"valueName\":\"search_term_string\"}}],\"inLanguage\":\"it-IT\"},{\"@type\":\"Organization\",\"@id\":\"https:\/\/www.swissraft.ch\/it\/#organization\",\"name\":\"Swissraft\",\"url\":\"https:\/\/www.swissraft.ch\/it\/\",\"logo\":{\"@type\":\"ImageObject\",\"inLanguage\":\"it-IT\",\"@id\":\"https:\/\/www.swissraft.ch\/it\/#\/schema\/logo\/image\/\",\"url\":\"https:\/\/www.swissraft.ch\/wp-content\/uploads\/2025\/09\/Capture.jpg\",\"contentUrl\":\"https:\/\/www.swissraft.ch\/wp-content\/uploads\/2025\/09\/Capture.jpg\",\"width\":293,\"height\":108,\"caption\":\"Swissraft\"},\"image\":{\"@id\":\"https:\/\/www.swissraft.ch\/it\/#\/schema\/logo\/image\/\"}}]}<\/script>\n<!-- \/ Yoast SEO plugin. -->","yoast_head_json":{"title":"Discesa in corda doppia su una diga ad Amden. Una discesa in corda doppia alta 40 metri","description":"Discesa in corda doppia su una diga ad Amden. Questa discesa in corda doppia a 40 metri di altezza richiede una normale forma fisica. Giovani e anziani, \u00e8 un'attivit\u00e0 adatta a tutti.","robots":{"index":"index","follow":"follow","max-snippet":"max-snippet:-1","max-image-preview":"max-image-preview:large","max-video-preview":"max-video-preview:-1"},"canonical":"https:\/\/www.swissraft.ch\/it\/prodotto\/ricorda-su-un-dam-amdem-a-partire-da-chf-30-00\/","og_locale":"it_IT","og_type":"article","og_title":"Discesa in corda doppia su una diga ad Amden. Una discesa in corda doppia alta 40 metri","og_description":"Discesa in corda doppia su una diga ad Amden. Questa discesa in corda doppia a 40 metri di altezza richiede una normale forma fisica. Giovani e anziani, \u00e8 un'attivit\u00e0 adatta a tutti.","og_url":"https:\/\/www.swissraft.ch\/it\/prodotto\/ricorda-su-un-dam-amdem-a-partire-da-chf-30-00\/","og_site_name":"Swissraft","article_modified_time":"2024-11-20T09:16:11+00:00","og_image":[{"width":776,"height":776,"url":"https:\/\/www.swissraft.ch\/wp-content\/uploads\/2024\/08\/1-1-Amden-rappel-776x776-1.jpg","type":"image\/jpeg"}],"twitter_card":"summary_large_image","twitter_misc":{"Tempo di lettura stimato":"1 minuto"},"schema":{"@context":"https:\/\/schema.org","@graph":[{"@type":"WebPage","@id":"https:\/\/www.swissraft.ch\/it\/prodotto\/ricorda-su-un-dam-amdem-a-partire-da-chf-30-00\/","url":"https:\/\/www.swissraft.ch\/it\/prodotto\/ricorda-su-un-dam-amdem-a-partire-da-chf-30-00\/","name":"Discesa in corda doppia su una diga ad Amden. Una discesa in corda doppia alta 40 metri","isPartOf":{"@id":"https:\/\/www.swissraft.ch\/it\/#website"},"primaryImageOfPage":{"@id":"https:\/\/www.swissraft.ch\/it\/prodotto\/ricorda-su-un-dam-amdem-a-partire-da-chf-30-00\/#primaryimage"},"image":{"@id":"https:\/\/www.swissraft.ch\/it\/prodotto\/ricorda-su-un-dam-amdem-a-partire-da-chf-30-00\/#primaryimage"},"thumbnailUrl":"https:\/\/www.swissraft.ch\/wp-content\/uploads\/2024\/08\/1-1-Amden-rappel-776x776-1.jpg","datePublished":"2024-08-13T08:18:03+00:00","dateModified":"2024-11-20T09:16:11+00:00","description":"Discesa in corda doppia su una diga ad Amden. Questa discesa in corda doppia a 40 metri di altezza richiede una normale forma fisica. Giovani e anziani, \u00e8 un'attivit\u00e0 adatta a tutti.","breadcrumb":{"@id":"https:\/\/www.swissraft.ch\/it\/prodotto\/ricorda-su-un-dam-amdem-a-partire-da-chf-30-00\/#breadcrumb"},"inLanguage":"it-IT","potentialAction":[{"@type":"ReadAction","target":["https:\/\/www.swissraft.ch\/it\/prodotto\/ricorda-su-un-dam-amdem-a-partire-da-chf-30-00\/"]}]},{"@type":"ImageObject","inLanguage":"it-IT","@id":"https:\/\/www.swissraft.ch\/it\/prodotto\/ricorda-su-un-dam-amdem-a-partire-da-chf-30-00\/#primaryimage","url":"https:\/\/www.swissraft.ch\/wp-content\/uploads\/2024\/08\/1-1-Amden-rappel-776x776-1.jpg","contentUrl":"https:\/\/www.swissraft.ch\/wp-content\/uploads\/2024\/08\/1-1-Amden-rappel-776x776-1.jpg","width":776,"height":776,"caption":"Un ricordo della diga di Amden"},{"@type":"BreadcrumbList","@id":"https:\/\/www.swissraft.ch\/it\/prodotto\/ricorda-su-un-dam-amdem-a-partire-da-chf-30-00\/#breadcrumb","itemListElement":[{"@type":"ListItem","position":1,"name":"Accueil","item":"https:\/\/www.swissraft.ch\/it\/"},{"@type":"ListItem","position":2,"name":"Negozio","item":"https:\/\/www.swissraft.ch\/it\/negozio\/"},{"@type":"ListItem","position":3,"name":"RICORDA SU UN DAM &#8211; AMDEM &#8211; A partire da CHF 30.00"}]},{"@type":"WebSite","@id":"https:\/\/www.swissraft.ch\/it\/#website","url":"https:\/\/www.swissraft.ch\/it\/","name":"Swissraft","description":"To enjoy nature as it is","publisher":{"@id":"https:\/\/www.swissraft.ch\/it\/#organization"},"potentialAction":[{"@type":"SearchAction","target":{"@type":"EntryPoint","urlTemplate":"https:\/\/www.swissraft.ch\/it\/?s={search_term_string}"},"query-input":{"@type":"PropertyValueSpecification","valueRequired":true,"valueName":"search_term_string"}}],"inLanguage":"it-IT"},{"@type":"Organization","@id":"https:\/\/www.swissraft.ch\/it\/#organization","name":"Swissraft","url":"https:\/\/www.swissraft.ch\/it\/","logo":{"@type":"ImageObject","inLanguage":"it-IT","@id":"https:\/\/www.swissraft.ch\/it\/#\/schema\/logo\/image\/","url":"https:\/\/www.swissraft.ch\/wp-content\/uploads\/2025\/09\/Capture.jpg","contentUrl":"https:\/\/www.swissraft.ch\/wp-content\/uploads\/2025\/09\/Capture.jpg","width":293,"height":108,"caption":"Swissraft"},"image":{"@id":"https:\/\/www.swissraft.ch\/it\/#\/schema\/logo\/image\/"}}]}},"_links":{"self":[{"href":"https:\/\/www.swissraft.ch\/it\/wp-json\/wp\/v2\/product\/92083","targetHints":{"allow":["GET"]}}],"collection":[{"href":"https:\/\/www.swissraft.ch\/it\/wp-json\/wp\/v2\/product"}],"about":[{"href":"https:\/\/www.swissraft.ch\/it\/wp-json\/wp\/v2\/types\/product"}],"replies":[{"embeddable":true,"href":"https:\/\/www.swissraft.ch\/it\/wp-json\/wp\/v2\/comments?post=92083"}],"version-history":[{"count":0,"href":"https:\/\/www.swissraft.ch\/it\/wp-json\/wp\/v2\/product\/92083\/revisions"}],"wp:featuredmedia":[{"embeddable":true,"href":"https:\/\/www.swissraft.ch\/it\/wp-json\/wp\/v2\/media\/90689"}],"wp:attachment":[{"href":"https:\/\/www.swissraft.ch\/it\/wp-json\/wp\/v2\/media?parent=92083"}],"wp:term":[{"taxonomy":"product_cat","embeddable":true,"href":"https:\/\/www.swissraft.ch\/it\/wp-json\/wp\/v2\/product_cat?post=92083"},{"taxonomy":"product_tag","embeddable":true,"href":"https:\/\/www.swissraft.ch\/it\/wp-json\/wp\/v2\/product_tag?post=92083"}],"curies":[{"name":"wp","href":"https:\/\/api.w.org\/{rel}","templated":true}]}}