{"id":92078,"date":"2024-09-30T20:04:48","date_gmt":"2024-09-30T18:04:48","guid":{"rendered":"https:\/\/swissraft.xyanzkdne.eu\/product\/gita-scolastica-in-valais-rafting-dranse-de-bagnes-volleges-sembrancher-chf-92-00\/"},"modified":"2025-12-27T21:31:20","modified_gmt":"2025-12-27T20:31:20","slug":"gita-scolastica-vallese-rafting-dranse-de-bagnes-volleges-sembrancher","status":"publish","type":"product","link":"https:\/\/www.swissraft.ch\/it\/prodotto\/gita-scolastica-vallese-rafting-dranse-de-bagnes-volleges-sembrancher\/","title":{"rendered":"Gita scolastica in VALLESE &#8211; RAFTING &#8211; LA DRANSE DE BAGNES &#8211; VOLL\u00c8GES-SEMBRANCHER &#8211; CHF 92.00"},"content":{"rendered":"\t\t<div data-elementor-type=\"wp-post\" data-elementor-id=\"92078\" class=\"elementor elementor-92078 elementor-80545\">\n\t\t\t\t\t\t\t\t\t<section class=\"elementor-section elementor-top-section elementor-element elementor-element-3303a7e3 elementor-section-boxed elementor-section-height-default elementor-section-height-default\" data-id=\"3303a7e3\" data-element_type=\"section\">\n\t\t\t\t\t\t<div class=\"elementor-container elementor-column-gap-default\">\n\t\t\t\t\t<div class=\"elementor-column elementor-col-100 elementor-top-column elementor-element elementor-element-16d72dbf\" data-id=\"16d72dbf\" data-element_type=\"column\">\n\t\t\t<div class=\"elementor-widget-wrap elementor-element-populated\">\n\t\t\t\t\t\t\t\t<div class=\"elementor-element elementor-element-d743c03 elementor-widget elementor-widget-text-editor\" data-id=\"d743c03\" data-element_type=\"widget\" data-widget_type=\"text-editor.default\">\n\t\t\t\t<div class=\"elementor-widget-container\">\n\t\t\t\t\t\t\t<h2>SCEGLI LA TUA ATTIVIT\u00c0 QUI SOTTO PER OFFRIRE BUONI REGALO\/BIGLIETTI O EFFETTUARE UNA PRENOTAZIONE<\/h2><table border=\"0\" width=\"580\" cellspacing=\"10\" cellpadding=\"10\"><tbody><tr><td width=\"50%\"><strong>GITA SCOLASTICA &#8211; RAFTING &#8211; DRANSE DE BAGNES + Spuntino<\/strong><\/td><td><strong>CHF 92.00 per allievo<span class=\"productPrice\"><br \/><\/span><\/strong><\/td><\/tr><tr><td>Informazioni aggiuntive<\/td><td>&#8211;<span class=\"patt\"> Et\u00e0 minima 10 anni<br \/><\/span>&#8211; \u00c8 obbligatorio l&#8217;accompagnamento di un adulto<\/td><\/tr><tr><td>Percorso<\/td><td><strong>Voll\u00e8ges-Sembrancher<\/strong><\/td><\/tr><tr><td>Orari<\/td><td>10h00 \/ 14h00<\/td><\/tr><tr><td>Rafting<\/td><td>circa 1 ora<\/td><\/tr><tr><td>Durata totale<\/td><td>circa 2.15 ora<\/td><\/tr><tr><td>Luego d&#8217;incontro<\/td><td><span style=\"color: #ff6600;\"><a href=\"https:\/\/www.google.com\/maps\/place\/46%C2%B004'41.7%22N+7%C2%B008'38.0%22E\/@46.0783691,7.1393828,783m\/data=!3m1!1e3!4m4!3m3!8m2!3d46.07825!4d7.1438889?entry=ttu\" target=\"_blank\" rel=\"noopener\">Ristorante &#8220;Le Cellier Valaisan<\/a><\/span><\/td><\/tr><tr><td>Difficolt\u00e0<\/td><td>2 \u00e0 3+<\/td><\/tr><tr><td>\u00a0<\/td><td>Per prenotare : <a href=\"https:\/\/www.swissraft.ch\/it\/contattaci\/\">Contattateci<\/a><\/td><\/tr><\/tbody><\/table>\t\t\t\t\t\t<\/div>\n\t\t\t\t<\/div>\n\t\t\t\t\t<\/div>\n\t\t<\/div>\n\t\t\t\t\t\t\t<\/div>\n\t\t<\/section>\n\t\t\t\t\t\t\t<\/div>\n\t\t","protected":false},"excerpt":{"rendered":"<div align=\"justify\">\n<h2 align=\"justify\">Fai in modo che la tua scuola abbia successo offrendo ai tuoi alunni la possibilit\u00e0 di fare rafting nel Vallese con la Danse de Bagnes.<\/h2>\n<h3>Una corsa di 6 km tra Voll\u00e8ges e Sembrancher, una discesa sportiva e intensa.<\/h3>\n<\/div>\n<div align=\"justify\">\n<p>Vuoi vivere un&#8217;esperienza scolastica diversa con tutta la tua classe, una grande avventura? Allora hai deciso di fare rafting sulla Dranse de Bagnes in Vallese. Non appena arrivi a Voll\u00e8ges, l&#8217;eccitazione inizia a crescere. Dopo un briefing sulla sicurezza, vieni equipaggiato con giubbotto di salvataggio, muta in neoprene, scarpette, casco e pagaia. Sei pronto per la discesa e sali a bordo del gommone con la tua guida. Presto sentirai la forza della corrente che ti trascina. Il percorso tra Voll\u00e8ges e Sembrancher offre rapide da brivido. In pochi istanti, l&#8217;adrenalina prende il sopravvento. Ogni salto \u00e8 una sfida da superare, ma tutto alla tua portata grazie agli ordini e ai comandi della tua guida. Il programma prevede molti spruzzi, con tutti che sorridono e gridano di gioia e incoraggiamento. Di tanto in tanto, ci sono momenti pi\u00f9 tranquilli per godersi il paesaggio e riprendersi. Poi, dopo un&#8217;intensa ora di rafting, si arriva a destinazione. Questa avventura sulla Dranse de Bagnes in Vallese ti lascer\u00e0 ricordi indimenticabili da condividere con i tuoi amici.<\/p>\n<h3>Organizza una gita scolastica eccezionale offrendo ai tuoi alunni la possibilit\u00e0 di fare rafting sulla Dranse de Bagnes nel Vallese. Swissraft supporta le scuole dal 1982 e garantisce una gita scolastica di successo.<\/h3>\n<p id=\"textarea\" style=\"display: none;\">\nSempre in Vallese, offriamo il riverrafting sul Rodano tra Souste e Sierre e sul Vi\u00e8ge tra Stalden e Vi\u00e8ge. Allo stesso modo, nei Grigioni offriamo la famosa discesa del Reno nella Gola del Reno: il Grand Canyon svizzero. Nel Pays d&#8217;Enhaut, puoi pagaiare sulla Sarine tra Saanen e Les Moulins, a valle di Ch\u00e2teau d&#8217;Oex. Nell&#8217;Oberland Bernese, puoi pagaiare sulla Simme tra Boltigen e D\u00e4rstetten e sulla Lutschine, che sfocia nel lago di Brienz. Per un&#8217;avventura pi\u00f9 tranquilla, scegli la sorella minore del rafting, l&#8217;Easy rafting, noto anche come Fun rafting. Si tratta di una versione pi\u00f9 tranquilla del rafting. Swissraft ti offre fino a 12 corsi diversi in Svizzera.\n<\/p>\n<p><a id=\"seeMore\" onclick=\"toggleSeeMore()\" href=\"javascript:void(0);\">Leggi tutto<\/a><\/p>\n","protected":false},"featured_media":91043,"comment_status":"open","ping_status":"closed","template":"","meta":{"inline_featured_image":false,"_mi_skip_tracking":false},"product_cat":[404,639,405],"product_tag":[],"class_list":["post-92078","product","type-product","status-publish","has-post-thumbnail","hentry","product_cat-gruppo","product_cat-gita-scolastica-rafting-in-svizzera","product_cat-corsa-scolastica-gita-scolastica"],"yoast_head":"<!-- This site is optimized with the Yoast SEO plugin v23.6 - https:\/\/yoast.com\/wordpress\/plugins\/seo\/ -->\n<title>Gita scolastica rafting Dranse de Bagnes, Voll\u00e8ges-Sembrancher<\/title>\n<meta name=\"description\" content=\"Gita scolastica rafting Dranse de Bagnes : un corso di rafting turbolento. Un&#039;attivit\u00e0 molto apprezzata dagli allievi durante un&#039;uscita scolastica\" \/>\n<meta name=\"robots\" content=\"index, follow, max-snippet:-1, max-image-preview:large, max-video-preview:-1\" \/>\n<link rel=\"canonical\" href=\"https:\/\/www.swissraft.ch\/it\/prodotto\/gita-scolastica-vallese-rafting-dranse-de-bagnes-volleges-sembrancher\/\" \/>\n<meta property=\"og:locale\" content=\"it_IT\" \/>\n<meta property=\"og:type\" content=\"article\" \/>\n<meta property=\"og:title\" content=\"Gita scolastica rafting Dranse de Bagnes, Voll\u00e8ges-Sembrancher\" \/>\n<meta property=\"og:description\" content=\"Gita scolastica rafting Dranse de Bagnes : un corso di rafting turbolento. Un&#039;attivit\u00e0 molto apprezzata dagli allievi durante un&#039;uscita scolastica\" \/>\n<meta property=\"og:url\" content=\"https:\/\/www.swissraft.ch\/it\/prodotto\/gita-scolastica-vallese-rafting-dranse-de-bagnes-volleges-sembrancher\/\" \/>\n<meta property=\"og:site_name\" content=\"Swissraft\" \/>\n<meta property=\"article:modified_time\" content=\"2025-12-27T20:31:20+00:00\" \/>\n<meta property=\"og:image\" content=\"https:\/\/www.swissraft.ch\/wp-content\/uploads\/2024\/09\/1-3-Dranse-de-Bagnes-776x776-1.png\" \/>\n\t<meta property=\"og:image:width\" content=\"776\" \/>\n\t<meta property=\"og:image:height\" content=\"776\" \/>\n\t<meta property=\"og:image:type\" content=\"image\/png\" \/>\n<meta name=\"twitter:card\" content=\"summary_large_image\" \/>\n<meta name=\"twitter:label1\" content=\"Tempo di lettura stimato\" \/>\n\t<meta name=\"twitter:data1\" content=\"1 minuto\" \/>\n<script type=\"application\/ld+json\" class=\"yoast-schema-graph\">{\"@context\":\"https:\/\/schema.org\",\"@graph\":[{\"@type\":\"WebPage\",\"@id\":\"https:\/\/www.swissraft.ch\/it\/prodotto\/gita-scolastica-vallese-rafting-dranse-de-bagnes-volleges-sembrancher\/\",\"url\":\"https:\/\/www.swissraft.ch\/it\/prodotto\/gita-scolastica-vallese-rafting-dranse-de-bagnes-volleges-sembrancher\/\",\"name\":\"Gita scolastica rafting Dranse de Bagnes, Voll\u00e8ges-Sembrancher\",\"isPartOf\":{\"@id\":\"https:\/\/www.swissraft.ch\/it\/#website\"},\"primaryImageOfPage\":{\"@id\":\"https:\/\/www.swissraft.ch\/it\/prodotto\/gita-scolastica-vallese-rafting-dranse-de-bagnes-volleges-sembrancher\/#primaryimage\"},\"image\":{\"@id\":\"https:\/\/www.swissraft.ch\/it\/prodotto\/gita-scolastica-vallese-rafting-dranse-de-bagnes-volleges-sembrancher\/#primaryimage\"},\"thumbnailUrl\":\"https:\/\/www.swissraft.ch\/wp-content\/uploads\/2024\/09\/1-3-Dranse-de-Bagnes-776x776-1.png\",\"datePublished\":\"2024-09-30T18:04:48+00:00\",\"dateModified\":\"2025-12-27T20:31:20+00:00\",\"description\":\"Gita scolastica rafting Dranse de Bagnes : un corso di rafting turbolento. Un'attivit\u00e0 molto apprezzata dagli allievi durante un'uscita scolastica\",\"breadcrumb\":{\"@id\":\"https:\/\/www.swissraft.ch\/it\/prodotto\/gita-scolastica-vallese-rafting-dranse-de-bagnes-volleges-sembrancher\/#breadcrumb\"},\"inLanguage\":\"it-IT\",\"potentialAction\":[{\"@type\":\"ReadAction\",\"target\":[\"https:\/\/www.swissraft.ch\/it\/prodotto\/gita-scolastica-vallese-rafting-dranse-de-bagnes-volleges-sembrancher\/\"]}]},{\"@type\":\"ImageObject\",\"inLanguage\":\"it-IT\",\"@id\":\"https:\/\/www.swissraft.ch\/it\/prodotto\/gita-scolastica-vallese-rafting-dranse-de-bagnes-volleges-sembrancher\/#primaryimage\",\"url\":\"https:\/\/www.swissraft.ch\/wp-content\/uploads\/2024\/09\/1-3-Dranse-de-Bagnes-776x776-1.png\",\"contentUrl\":\"https:\/\/www.swissraft.ch\/wp-content\/uploads\/2024\/09\/1-3-Dranse-de-Bagnes-776x776-1.png\",\"width\":776,\"height\":776,\"caption\":\"Gara scolastica di rafting sulla Dranse de Bagnes\"},{\"@type\":\"BreadcrumbList\",\"@id\":\"https:\/\/www.swissraft.ch\/it\/prodotto\/gita-scolastica-vallese-rafting-dranse-de-bagnes-volleges-sembrancher\/#breadcrumb\",\"itemListElement\":[{\"@type\":\"ListItem\",\"position\":1,\"name\":\"Accueil\",\"item\":\"https:\/\/www.swissraft.ch\/it\/\"},{\"@type\":\"ListItem\",\"position\":2,\"name\":\"Negozio\",\"item\":\"https:\/\/www.swissraft.ch\/it\/negozio\/\"},{\"@type\":\"ListItem\",\"position\":3,\"name\":\"Gita scolastica in VALLESE &#8211; RAFTING &#8211; LA DRANSE DE BAGNES &#8211; VOLL\u00c8GES-SEMBRANCHER &#8211; CHF 92.00\"}]},{\"@type\":\"WebSite\",\"@id\":\"https:\/\/www.swissraft.ch\/it\/#website\",\"url\":\"https:\/\/www.swissraft.ch\/it\/\",\"name\":\"Swissraft\",\"description\":\"To enjoy nature as it is\",\"publisher\":{\"@id\":\"https:\/\/www.swissraft.ch\/it\/#organization\"},\"potentialAction\":[{\"@type\":\"SearchAction\",\"target\":{\"@type\":\"EntryPoint\",\"urlTemplate\":\"https:\/\/www.swissraft.ch\/it\/?s={search_term_string}\"},\"query-input\":{\"@type\":\"PropertyValueSpecification\",\"valueRequired\":true,\"valueName\":\"search_term_string\"}}],\"inLanguage\":\"it-IT\"},{\"@type\":\"Organization\",\"@id\":\"https:\/\/www.swissraft.ch\/it\/#organization\",\"name\":\"Swissraft\",\"url\":\"https:\/\/www.swissraft.ch\/it\/\",\"logo\":{\"@type\":\"ImageObject\",\"inLanguage\":\"it-IT\",\"@id\":\"https:\/\/www.swissraft.ch\/it\/#\/schema\/logo\/image\/\",\"url\":\"https:\/\/www.swissraft.ch\/wp-content\/uploads\/2025\/09\/Capture.jpg\",\"contentUrl\":\"https:\/\/www.swissraft.ch\/wp-content\/uploads\/2025\/09\/Capture.jpg\",\"width\":293,\"height\":108,\"caption\":\"Swissraft\"},\"image\":{\"@id\":\"https:\/\/www.swissraft.ch\/it\/#\/schema\/logo\/image\/\"}}]}<\/script>\n<!-- \/ Yoast SEO plugin. -->","yoast_head_json":{"title":"Gita scolastica rafting Dranse de Bagnes, Voll\u00e8ges-Sembrancher","description":"Gita scolastica rafting Dranse de Bagnes : un corso di rafting turbolento. Un'attivit\u00e0 molto apprezzata dagli allievi durante un'uscita scolastica","robots":{"index":"index","follow":"follow","max-snippet":"max-snippet:-1","max-image-preview":"max-image-preview:large","max-video-preview":"max-video-preview:-1"},"canonical":"https:\/\/www.swissraft.ch\/it\/prodotto\/gita-scolastica-vallese-rafting-dranse-de-bagnes-volleges-sembrancher\/","og_locale":"it_IT","og_type":"article","og_title":"Gita scolastica rafting Dranse de Bagnes, Voll\u00e8ges-Sembrancher","og_description":"Gita scolastica rafting Dranse de Bagnes : un corso di rafting turbolento. Un'attivit\u00e0 molto apprezzata dagli allievi durante un'uscita scolastica","og_url":"https:\/\/www.swissraft.ch\/it\/prodotto\/gita-scolastica-vallese-rafting-dranse-de-bagnes-volleges-sembrancher\/","og_site_name":"Swissraft","article_modified_time":"2025-12-27T20:31:20+00:00","og_image":[{"width":776,"height":776,"url":"https:\/\/www.swissraft.ch\/wp-content\/uploads\/2024\/09\/1-3-Dranse-de-Bagnes-776x776-1.png","type":"image\/png"}],"twitter_card":"summary_large_image","twitter_misc":{"Tempo di lettura stimato":"1 minuto"},"schema":{"@context":"https:\/\/schema.org","@graph":[{"@type":"WebPage","@id":"https:\/\/www.swissraft.ch\/it\/prodotto\/gita-scolastica-vallese-rafting-dranse-de-bagnes-volleges-sembrancher\/","url":"https:\/\/www.swissraft.ch\/it\/prodotto\/gita-scolastica-vallese-rafting-dranse-de-bagnes-volleges-sembrancher\/","name":"Gita scolastica rafting Dranse de Bagnes, Voll\u00e8ges-Sembrancher","isPartOf":{"@id":"https:\/\/www.swissraft.ch\/it\/#website"},"primaryImageOfPage":{"@id":"https:\/\/www.swissraft.ch\/it\/prodotto\/gita-scolastica-vallese-rafting-dranse-de-bagnes-volleges-sembrancher\/#primaryimage"},"image":{"@id":"https:\/\/www.swissraft.ch\/it\/prodotto\/gita-scolastica-vallese-rafting-dranse-de-bagnes-volleges-sembrancher\/#primaryimage"},"thumbnailUrl":"https:\/\/www.swissraft.ch\/wp-content\/uploads\/2024\/09\/1-3-Dranse-de-Bagnes-776x776-1.png","datePublished":"2024-09-30T18:04:48+00:00","dateModified":"2025-12-27T20:31:20+00:00","description":"Gita scolastica rafting Dranse de Bagnes : un corso di rafting turbolento. Un'attivit\u00e0 molto apprezzata dagli allievi durante un'uscita scolastica","breadcrumb":{"@id":"https:\/\/www.swissraft.ch\/it\/prodotto\/gita-scolastica-vallese-rafting-dranse-de-bagnes-volleges-sembrancher\/#breadcrumb"},"inLanguage":"it-IT","potentialAction":[{"@type":"ReadAction","target":["https:\/\/www.swissraft.ch\/it\/prodotto\/gita-scolastica-vallese-rafting-dranse-de-bagnes-volleges-sembrancher\/"]}]},{"@type":"ImageObject","inLanguage":"it-IT","@id":"https:\/\/www.swissraft.ch\/it\/prodotto\/gita-scolastica-vallese-rafting-dranse-de-bagnes-volleges-sembrancher\/#primaryimage","url":"https:\/\/www.swissraft.ch\/wp-content\/uploads\/2024\/09\/1-3-Dranse-de-Bagnes-776x776-1.png","contentUrl":"https:\/\/www.swissraft.ch\/wp-content\/uploads\/2024\/09\/1-3-Dranse-de-Bagnes-776x776-1.png","width":776,"height":776,"caption":"Gara scolastica di rafting sulla Dranse de Bagnes"},{"@type":"BreadcrumbList","@id":"https:\/\/www.swissraft.ch\/it\/prodotto\/gita-scolastica-vallese-rafting-dranse-de-bagnes-volleges-sembrancher\/#breadcrumb","itemListElement":[{"@type":"ListItem","position":1,"name":"Accueil","item":"https:\/\/www.swissraft.ch\/it\/"},{"@type":"ListItem","position":2,"name":"Negozio","item":"https:\/\/www.swissraft.ch\/it\/negozio\/"},{"@type":"ListItem","position":3,"name":"Gita scolastica in VALLESE &#8211; RAFTING &#8211; LA DRANSE DE BAGNES &#8211; VOLL\u00c8GES-SEMBRANCHER &#8211; CHF 92.00"}]},{"@type":"WebSite","@id":"https:\/\/www.swissraft.ch\/it\/#website","url":"https:\/\/www.swissraft.ch\/it\/","name":"Swissraft","description":"To enjoy nature as it is","publisher":{"@id":"https:\/\/www.swissraft.ch\/it\/#organization"},"potentialAction":[{"@type":"SearchAction","target":{"@type":"EntryPoint","urlTemplate":"https:\/\/www.swissraft.ch\/it\/?s={search_term_string}"},"query-input":{"@type":"PropertyValueSpecification","valueRequired":true,"valueName":"search_term_string"}}],"inLanguage":"it-IT"},{"@type":"Organization","@id":"https:\/\/www.swissraft.ch\/it\/#organization","name":"Swissraft","url":"https:\/\/www.swissraft.ch\/it\/","logo":{"@type":"ImageObject","inLanguage":"it-IT","@id":"https:\/\/www.swissraft.ch\/it\/#\/schema\/logo\/image\/","url":"https:\/\/www.swissraft.ch\/wp-content\/uploads\/2025\/09\/Capture.jpg","contentUrl":"https:\/\/www.swissraft.ch\/wp-content\/uploads\/2025\/09\/Capture.jpg","width":293,"height":108,"caption":"Swissraft"},"image":{"@id":"https:\/\/www.swissraft.ch\/it\/#\/schema\/logo\/image\/"}}]}},"_links":{"self":[{"href":"https:\/\/www.swissraft.ch\/it\/wp-json\/wp\/v2\/product\/92078","targetHints":{"allow":["GET"]}}],"collection":[{"href":"https:\/\/www.swissraft.ch\/it\/wp-json\/wp\/v2\/product"}],"about":[{"href":"https:\/\/www.swissraft.ch\/it\/wp-json\/wp\/v2\/types\/product"}],"replies":[{"embeddable":true,"href":"https:\/\/www.swissraft.ch\/it\/wp-json\/wp\/v2\/comments?post=92078"}],"version-history":[{"count":16,"href":"https:\/\/www.swissraft.ch\/it\/wp-json\/wp\/v2\/product\/92078\/revisions"}],"predecessor-version":[{"id":125533,"href":"https:\/\/www.swissraft.ch\/it\/wp-json\/wp\/v2\/product\/92078\/revisions\/125533"}],"wp:featuredmedia":[{"embeddable":true,"href":"https:\/\/www.swissraft.ch\/it\/wp-json\/wp\/v2\/media\/91043"}],"wp:attachment":[{"href":"https:\/\/www.swissraft.ch\/it\/wp-json\/wp\/v2\/media?parent=92078"}],"wp:term":[{"taxonomy":"product_cat","embeddable":true,"href":"https:\/\/www.swissraft.ch\/it\/wp-json\/wp\/v2\/product_cat?post=92078"},{"taxonomy":"product_tag","embeddable":true,"href":"https:\/\/www.swissraft.ch\/it\/wp-json\/wp\/v2\/product_tag?post=92078"}],"curies":[{"name":"wp","href":"https:\/\/api.w.org\/{rel}","templated":true}]}}