{"id":92050,"date":"2024-05-25T19:23:49","date_gmt":"2024-05-25T17:23:49","guid":{"rendered":"https:\/\/swissraft.xyanzkdne.eu\/product\/canoa-funyak-sul-reno-ilanz-reichenau-a-partire-da-chf-185-00\/"},"modified":"2026-03-07T04:18:31","modified_gmt":"2026-03-07T03:18:31","slug":"canoa-funyak-reno-ilanz-reichenau","status":"publish","type":"product","link":"https:\/\/www.swissraft.ch\/it\/prodotto\/canoa-funyak-reno-ilanz-reichenau\/","title":{"rendered":"Canoa Funyak sul Reno &#8211; ILANZ-REICHENAU &#8211; A partire da CHF 185.00"},"content":{"rendered":"\t\t<div data-elementor-type=\"wp-post\" data-elementor-id=\"92050\" class=\"elementor elementor-92050 elementor-67931\">\n\t\t\t\t\t\t\t\t\t<section class=\"elementor-section elementor-top-section elementor-element elementor-element-3303a7e3 elementor-section-boxed elementor-section-height-default elementor-section-height-default\" data-id=\"3303a7e3\" data-element_type=\"section\">\n\t\t\t\t\t\t<div class=\"elementor-container elementor-column-gap-default\">\n\t\t\t\t\t<div class=\"elementor-column elementor-col-100 elementor-top-column elementor-element elementor-element-16d72dbf\" data-id=\"16d72dbf\" data-element_type=\"column\">\n\t\t\t<div class=\"elementor-widget-wrap elementor-element-populated\">\n\t\t\t\t\t\t\t\t<div class=\"elementor-element elementor-element-d743c03 elementor-widget elementor-widget-text-editor\" data-id=\"d743c03\" data-element_type=\"widget\" data-widget_type=\"text-editor.default\">\n\t\t\t\t<div class=\"elementor-widget-container\">\n\t\t\t\t\t\t\t<h2>SCEGLI LA TUA ATTIVIT\u00c0 QUI SOTTO PER OFFRIRE BUONI REGALO\/BIGLIETTI O EFFETTUARE UNA PRENOTAZIONE<\/h2><table border=\"0\" width=\"580\" cellspacing=\"10\" cellpadding=\"10\"><tbody><tr><td width=\"50%\"><strong>CANO\u00cb FUNYAK &#8211; ILANZ-REICHENAU + Aperitivo<\/strong><\/td><td><strong><span class=\"productPrice\">CHF 225.00 a persona<\/span><\/strong><\/td><\/tr><tr><td>Informazioni aggiuntive<\/td><td><span class=\"patt\">&#8211; <span class=\"plbl\"> Prezzo giovani <\/span>: <strong>CHF 185.00<\/strong>\/pers. fino a 17 anni<br \/>&#8211; Et\u00e0 minima : 14 anni<br \/>&#8211; Altezza minima : 155 cm<br \/>&#8211; Prezzo scuola : <span class=\"patt\" style=\"font-family: inherit; font-size: inherit;\"><span class=\"plbl\"><a href=\"https:\/\/www.swissraft.ch\/it\/contattaci\/\">contattaci<\/a><\/span><\/span><\/span><\/td><\/tr><tr><td>Orario<\/td><td>09h35<\/td><\/tr><tr><td>Canoa Funyak<\/td><td>circa 2 ore<\/td><\/tr><tr><td>Durata totale<\/td><td>circa 3,5 ore<\/td><\/tr><tr><td>Appuntamento<\/td><td><a href=\"https:\/\/www.google.com\/maps\/place\/46%C2%B046'28.2%22N+9%C2%B012'08.3%22E\/@46.7746002,9.1999419,386m\/data=!3m1!1e3!4m13!1m8!3m7!1s0x4784de22ee9a53d5:0x62b8f6e951370e3d!2sIlanz!3b1!8m2!3d46.77421!4d9.20474!16zL20vMDV3c2Qy!3m3!8m2!3d46.7745!4d9.2023056?entry=ttu\" target=\"_blank\" rel=\"noopener\">Ilanz<\/a><\/td><\/tr><tr><td>Difficolt\u00e0<\/td><td>Livello 2-3+<\/td><\/tr><tr><td><a href=\"https:\/\/swissraft.outdoorbooking.ch\/fo\/products\/1937?base_id=2&amp;category_id=9&amp;order_type=gift_voucher&amp;lang=it\" target=\"_blank\" rel=\"noopener\"><button class=\"elementor-button\" type=\"button\">ACQUISTO BUONO REGALO \/ BIGLIETTO<\/button><\/a><\/td><td><a href=\"https:\/\/swissraft.outdoorbooking.ch\/fo\/products\/1937?base_id=2&amp;category_id=9&amp;order_type=event&amp;lang=it\" target=\"_blank\" rel=\"noopener\">PRENOTA UNA DATA<\/a> \u00a0<strong><span class=\"productPrice\">CHF 225.00<\/span><\/strong><span class=\"productPrice\">\/ pers.<\/span><\/td><\/tr><tr><td><a href=\"https:\/\/swissraft.outdoorbooking.ch\/fo\/products\/1938?base_id=2&amp;category_id=9&amp;order_type=gift_voucher&amp;lang=it\" target=\"_blank\" rel=\"noopener\"><button class=\"elementor-button\" type=\"button\">ACQUISTO BUONO REGALO \/ BIGLETTO<\/button><\/a><\/td><td><a href=\"https:\/\/swissraft.outdoorbooking.ch\/fo\/products\/1938?base_id=2&amp;category_id=9&amp;order_type=event&amp;lang=it\" target=\"_blank\" rel=\"noopener\">PRENOTA UNA DATA<\/a> \u00a0<strong>CHF 185.00<\/strong>\/pers.<strong> (4-8 pers.)<\/strong><\/td><\/tr><\/tbody><\/table>\t\t\t\t\t\t<\/div>\n\t\t\t\t<\/div>\n\t\t\t\t\t<\/div>\n\t\t<\/div>\n\t\t\t\t\t\t\t<\/div>\n\t\t<\/section>\n\t\t\t\t\t\t\t<\/div>\n\t\t","protected":false},"excerpt":{"rendered":"<div align=\"justify\">\n<h2 align=\"justify\">La canoa o Funyak tra Ilanz e Reichenau sul Reno \u00e8 un&#8217;attivit\u00e0 sportiva e sarai seguito da guide professioniste.<\/h2>\n<h3>Ci fermeremo per un picnic o un barbecue lungo il percorso.<\/h3>\n<\/div>\n<div align=\"justify\">\n<p>Iniziamo il nostro viaggio in canoa a Ilanz, sull&#8217;Alto Reno. Presto ci siamo ritrovati a pagaiare in uno scenario mozzafiato. Le acque limpide brillano alla luce del sole. Di tanto in tanto, ci imbattiamo in rapide emozionanti. Il brivido \u00e8 l\u00ec per essere colto.<br \/>\nLungo il percorso, ammiriamo la bellezza naturale della Gola del Reno &#8211; sei nel Grand Canyon svizzero. Le pareti rocciose si ergono maestose intorno a noi. Poi decidiamo di fare una pausa a Versam. \u00c8 il luogo perfetto per un picnic o un barbecue.<br \/>\nSbarchiamo su una piccola spiaggia di ciottoli. Poi ci siamo accampati per il pranzo. Le griglie scoppiettano sul fuoco. Un profumo delizioso aleggia nell&#8217;aria. Nel frattempo, alcune persone stanno esplorando l&#8217;area circostante. Altri si rilassano semplicemente in riva al mare. Dopo la pausa, riprendiamo la discesa in canoa. Il fiume continua a serpeggiare tra le scogliere. Le correnti ci portano dolcemente verso Reichenau. Lungo il percorso, ci godiamo la tranquillit\u00e0 e la serenit\u00e0 della zona. Infine, raggiungiamo Reichenau. La soddisfazione di aver completato questa discesa ci riempie. Condividiamo le nostre impressioni, entusiasti di questa avventura. I ricordi di quel giorno rimarranno con noi per molto tempo. Questa esperienza sul Reno anteriore \u00e8 imperdibile.<\/p>\n<h3>Ci sono altri quattro percorsi di canoa e funyak sul Reno.<\/h3>\n<p id=\"textarea\" style=\"display: none;\">\nPuoi scendere da Ilanz a Valendas con Funyak sul Reno Anteriore, un&#8217;avventura di mezza giornata. Puoi anche goderti la classica gita in canoa tra Versam e Reichenau. Pi\u00f9 a valle delle cascate del Reno, si possono scegliere due percorsi: Sciaffusa &#8211; Rheinau, una gita di mezza giornata, o Sciaffusa &#8211; R\u00fcdlingen, una gita in canoa di una giornata intera. Sulla Reuss sono molto popolari anche le gite di mezza giornata da Bremgarten a Mellingen, da Mellingen a Gebenstorf e la gita giornaliera Bremgarten &#8211; Gebenstorf. Nel Vallese, sul Rodano, \u00e8 stato completato il tratto da Chippis a San Gallo. L\u00e9onard \u00e8 la discesa perfetta per le famiglie e i loro bambini in cerca di avventura. Un tratto pi\u00f9 sportivo tra Souste e Sierre, da non perdere se ami l&#8217;azione. E sul Ticino, il percorso Funyak da Cresciano a Gorduno ti offre un assaggio del Mediterraneo.\n<\/p>\n<p><a id=\"seeMore\" onclick=\"toggleSeeMore()\" href=\"javascript:void(0);\">Leggi tutto<\/a><\/p>\n","protected":false},"featured_media":90332,"comment_status":"open","ping_status":"closed","template":"","meta":{"inline_featured_image":false,"_mi_skip_tracking":false},"product_cat":[378,377],"product_tag":[],"class_list":["post-92050","product","type-product","status-publish","has-post-thumbnail","hentry","product_cat-canoa-funyak-sul-reno","product_cat-canoa-funyak-o-ducky"],"yoast_head":"<!-- This site is optimized with the Yoast SEO plugin v23.6 - https:\/\/yoast.com\/wordpress\/plugins\/seo\/ -->\n<title>Ilanz-Reichenau in canoa sul Reno e nel Grand Canyon svizzero<\/title>\n<meta name=\"description\" content=\"Vai in canoa funyak a Ilanz-Reichenau, sul Reno nel famoso Grand Canyon svizzero. Si tratta di un tratto del Reno di una giornata all&#039;insegna dello sport\" \/>\n<meta name=\"robots\" content=\"index, follow, max-snippet:-1, max-image-preview:large, max-video-preview:-1\" \/>\n<link rel=\"canonical\" href=\"https:\/\/www.swissraft.ch\/it\/prodotto\/canoa-funyak-reno-ilanz-reichenau\/\" \/>\n<meta property=\"og:locale\" content=\"it_IT\" \/>\n<meta property=\"og:type\" content=\"article\" \/>\n<meta property=\"og:title\" content=\"Ilanz-Reichenau in canoa sul Reno e nel Grand Canyon svizzero\" \/>\n<meta property=\"og:description\" content=\"Vai in canoa funyak a Ilanz-Reichenau, sul Reno nel famoso Grand Canyon svizzero. Si tratta di un tratto del Reno di una giornata all&#039;insegna dello sport\" \/>\n<meta property=\"og:url\" content=\"https:\/\/www.swissraft.ch\/it\/prodotto\/canoa-funyak-reno-ilanz-reichenau\/\" \/>\n<meta property=\"og:site_name\" content=\"Swissraft\" \/>\n<meta property=\"article:modified_time\" content=\"2026-03-07T03:18:31+00:00\" \/>\n<meta property=\"og:image\" content=\"https:\/\/www.swissraft.ch\/wp-content\/uploads\/2023\/02\/1-1-Kanufahrt-Vorderrhein-776x776-1.jpg\" \/>\n\t<meta property=\"og:image:width\" content=\"1536\" \/>\n\t<meta property=\"og:image:height\" content=\"1536\" \/>\n\t<meta property=\"og:image:type\" content=\"image\/jpeg\" \/>\n<meta name=\"twitter:card\" content=\"summary_large_image\" \/>\n<meta name=\"twitter:label1\" content=\"Tempo di lettura stimato\" \/>\n\t<meta name=\"twitter:data1\" content=\"1 minuto\" \/>\n<script type=\"application\/ld+json\" class=\"yoast-schema-graph\">{\"@context\":\"https:\/\/schema.org\",\"@graph\":[{\"@type\":\"WebPage\",\"@id\":\"https:\/\/www.swissraft.ch\/it\/prodotto\/canoa-funyak-reno-ilanz-reichenau\/\",\"url\":\"https:\/\/www.swissraft.ch\/it\/prodotto\/canoa-funyak-reno-ilanz-reichenau\/\",\"name\":\"Ilanz-Reichenau in canoa sul Reno e nel Grand Canyon svizzero\",\"isPartOf\":{\"@id\":\"https:\/\/www.swissraft.ch\/it\/#website\"},\"primaryImageOfPage\":{\"@id\":\"https:\/\/www.swissraft.ch\/it\/prodotto\/canoa-funyak-reno-ilanz-reichenau\/#primaryimage\"},\"image\":{\"@id\":\"https:\/\/www.swissraft.ch\/it\/prodotto\/canoa-funyak-reno-ilanz-reichenau\/#primaryimage\"},\"thumbnailUrl\":\"https:\/\/www.swissraft.ch\/wp-content\/uploads\/2023\/02\/1-1-Kanufahrt-Vorderrhein-776x776-1.jpg\",\"datePublished\":\"2024-05-25T17:23:49+00:00\",\"dateModified\":\"2026-03-07T03:18:31+00:00\",\"description\":\"Vai in canoa funyak a Ilanz-Reichenau, sul Reno nel famoso Grand Canyon svizzero. Si tratta di un tratto del Reno di una giornata all'insegna dello sport\",\"breadcrumb\":{\"@id\":\"https:\/\/www.swissraft.ch\/it\/prodotto\/canoa-funyak-reno-ilanz-reichenau\/#breadcrumb\"},\"inLanguage\":\"it-IT\",\"potentialAction\":[{\"@type\":\"ReadAction\",\"target\":[\"https:\/\/www.swissraft.ch\/it\/prodotto\/canoa-funyak-reno-ilanz-reichenau\/\"]}]},{\"@type\":\"ImageObject\",\"inLanguage\":\"it-IT\",\"@id\":\"https:\/\/www.swissraft.ch\/it\/prodotto\/canoa-funyak-reno-ilanz-reichenau\/#primaryimage\",\"url\":\"https:\/\/www.swissraft.ch\/wp-content\/uploads\/2023\/02\/1-1-Kanufahrt-Vorderrhein-776x776-1.jpg\",\"contentUrl\":\"https:\/\/www.swissraft.ch\/wp-content\/uploads\/2023\/02\/1-1-Kanufahrt-Vorderrhein-776x776-1.jpg\",\"width\":1536,\"height\":1536,\"caption\":\"Canoa sul Reno tra Ilanz e Reichenau\"},{\"@type\":\"BreadcrumbList\",\"@id\":\"https:\/\/www.swissraft.ch\/it\/prodotto\/canoa-funyak-reno-ilanz-reichenau\/#breadcrumb\",\"itemListElement\":[{\"@type\":\"ListItem\",\"position\":1,\"name\":\"Accueil\",\"item\":\"https:\/\/www.swissraft.ch\/it\/\"},{\"@type\":\"ListItem\",\"position\":2,\"name\":\"Negozio\",\"item\":\"https:\/\/www.swissraft.ch\/it\/negozio\/\"},{\"@type\":\"ListItem\",\"position\":3,\"name\":\"Canoa Funyak sul Reno &#8211; ILANZ-REICHENAU &#8211; A partire da CHF 185.00\"}]},{\"@type\":\"WebSite\",\"@id\":\"https:\/\/www.swissraft.ch\/it\/#website\",\"url\":\"https:\/\/www.swissraft.ch\/it\/\",\"name\":\"Swissraft\",\"description\":\"To enjoy nature as it is\",\"publisher\":{\"@id\":\"https:\/\/www.swissraft.ch\/it\/#organization\"},\"potentialAction\":[{\"@type\":\"SearchAction\",\"target\":{\"@type\":\"EntryPoint\",\"urlTemplate\":\"https:\/\/www.swissraft.ch\/it\/?s={search_term_string}\"},\"query-input\":{\"@type\":\"PropertyValueSpecification\",\"valueRequired\":true,\"valueName\":\"search_term_string\"}}],\"inLanguage\":\"it-IT\"},{\"@type\":\"Organization\",\"@id\":\"https:\/\/www.swissraft.ch\/it\/#organization\",\"name\":\"Swissraft\",\"url\":\"https:\/\/www.swissraft.ch\/it\/\",\"logo\":{\"@type\":\"ImageObject\",\"inLanguage\":\"it-IT\",\"@id\":\"https:\/\/www.swissraft.ch\/it\/#\/schema\/logo\/image\/\",\"url\":\"https:\/\/www.swissraft.ch\/wp-content\/uploads\/2025\/09\/Capture.jpg\",\"contentUrl\":\"https:\/\/www.swissraft.ch\/wp-content\/uploads\/2025\/09\/Capture.jpg\",\"width\":293,\"height\":108,\"caption\":\"Swissraft\"},\"image\":{\"@id\":\"https:\/\/www.swissraft.ch\/it\/#\/schema\/logo\/image\/\"}}]}<\/script>\n<!-- \/ Yoast SEO plugin. -->","yoast_head_json":{"title":"Ilanz-Reichenau in canoa sul Reno e nel Grand Canyon svizzero","description":"Vai in canoa funyak a Ilanz-Reichenau, sul Reno nel famoso Grand Canyon svizzero. Si tratta di un tratto del Reno di una giornata all'insegna dello sport","robots":{"index":"index","follow":"follow","max-snippet":"max-snippet:-1","max-image-preview":"max-image-preview:large","max-video-preview":"max-video-preview:-1"},"canonical":"https:\/\/www.swissraft.ch\/it\/prodotto\/canoa-funyak-reno-ilanz-reichenau\/","og_locale":"it_IT","og_type":"article","og_title":"Ilanz-Reichenau in canoa sul Reno e nel Grand Canyon svizzero","og_description":"Vai in canoa funyak a Ilanz-Reichenau, sul Reno nel famoso Grand Canyon svizzero. Si tratta di un tratto del Reno di una giornata all'insegna dello sport","og_url":"https:\/\/www.swissraft.ch\/it\/prodotto\/canoa-funyak-reno-ilanz-reichenau\/","og_site_name":"Swissraft","article_modified_time":"2026-03-07T03:18:31+00:00","og_image":[{"width":1536,"height":1536,"url":"https:\/\/www.swissraft.ch\/wp-content\/uploads\/2023\/02\/1-1-Kanufahrt-Vorderrhein-776x776-1.jpg","type":"image\/jpeg"}],"twitter_card":"summary_large_image","twitter_misc":{"Tempo di lettura stimato":"1 minuto"},"schema":{"@context":"https:\/\/schema.org","@graph":[{"@type":"WebPage","@id":"https:\/\/www.swissraft.ch\/it\/prodotto\/canoa-funyak-reno-ilanz-reichenau\/","url":"https:\/\/www.swissraft.ch\/it\/prodotto\/canoa-funyak-reno-ilanz-reichenau\/","name":"Ilanz-Reichenau in canoa sul Reno e nel Grand Canyon svizzero","isPartOf":{"@id":"https:\/\/www.swissraft.ch\/it\/#website"},"primaryImageOfPage":{"@id":"https:\/\/www.swissraft.ch\/it\/prodotto\/canoa-funyak-reno-ilanz-reichenau\/#primaryimage"},"image":{"@id":"https:\/\/www.swissraft.ch\/it\/prodotto\/canoa-funyak-reno-ilanz-reichenau\/#primaryimage"},"thumbnailUrl":"https:\/\/www.swissraft.ch\/wp-content\/uploads\/2023\/02\/1-1-Kanufahrt-Vorderrhein-776x776-1.jpg","datePublished":"2024-05-25T17:23:49+00:00","dateModified":"2026-03-07T03:18:31+00:00","description":"Vai in canoa funyak a Ilanz-Reichenau, sul Reno nel famoso Grand Canyon svizzero. Si tratta di un tratto del Reno di una giornata all'insegna dello sport","breadcrumb":{"@id":"https:\/\/www.swissraft.ch\/it\/prodotto\/canoa-funyak-reno-ilanz-reichenau\/#breadcrumb"},"inLanguage":"it-IT","potentialAction":[{"@type":"ReadAction","target":["https:\/\/www.swissraft.ch\/it\/prodotto\/canoa-funyak-reno-ilanz-reichenau\/"]}]},{"@type":"ImageObject","inLanguage":"it-IT","@id":"https:\/\/www.swissraft.ch\/it\/prodotto\/canoa-funyak-reno-ilanz-reichenau\/#primaryimage","url":"https:\/\/www.swissraft.ch\/wp-content\/uploads\/2023\/02\/1-1-Kanufahrt-Vorderrhein-776x776-1.jpg","contentUrl":"https:\/\/www.swissraft.ch\/wp-content\/uploads\/2023\/02\/1-1-Kanufahrt-Vorderrhein-776x776-1.jpg","width":1536,"height":1536,"caption":"Canoa sul Reno tra Ilanz e Reichenau"},{"@type":"BreadcrumbList","@id":"https:\/\/www.swissraft.ch\/it\/prodotto\/canoa-funyak-reno-ilanz-reichenau\/#breadcrumb","itemListElement":[{"@type":"ListItem","position":1,"name":"Accueil","item":"https:\/\/www.swissraft.ch\/it\/"},{"@type":"ListItem","position":2,"name":"Negozio","item":"https:\/\/www.swissraft.ch\/it\/negozio\/"},{"@type":"ListItem","position":3,"name":"Canoa Funyak sul Reno &#8211; ILANZ-REICHENAU &#8211; A partire da CHF 185.00"}]},{"@type":"WebSite","@id":"https:\/\/www.swissraft.ch\/it\/#website","url":"https:\/\/www.swissraft.ch\/it\/","name":"Swissraft","description":"To enjoy nature as it is","publisher":{"@id":"https:\/\/www.swissraft.ch\/it\/#organization"},"potentialAction":[{"@type":"SearchAction","target":{"@type":"EntryPoint","urlTemplate":"https:\/\/www.swissraft.ch\/it\/?s={search_term_string}"},"query-input":{"@type":"PropertyValueSpecification","valueRequired":true,"valueName":"search_term_string"}}],"inLanguage":"it-IT"},{"@type":"Organization","@id":"https:\/\/www.swissraft.ch\/it\/#organization","name":"Swissraft","url":"https:\/\/www.swissraft.ch\/it\/","logo":{"@type":"ImageObject","inLanguage":"it-IT","@id":"https:\/\/www.swissraft.ch\/it\/#\/schema\/logo\/image\/","url":"https:\/\/www.swissraft.ch\/wp-content\/uploads\/2025\/09\/Capture.jpg","contentUrl":"https:\/\/www.swissraft.ch\/wp-content\/uploads\/2025\/09\/Capture.jpg","width":293,"height":108,"caption":"Swissraft"},"image":{"@id":"https:\/\/www.swissraft.ch\/it\/#\/schema\/logo\/image\/"}}]}},"_links":{"self":[{"href":"https:\/\/www.swissraft.ch\/it\/wp-json\/wp\/v2\/product\/92050","targetHints":{"allow":["GET"]}}],"collection":[{"href":"https:\/\/www.swissraft.ch\/it\/wp-json\/wp\/v2\/product"}],"about":[{"href":"https:\/\/www.swissraft.ch\/it\/wp-json\/wp\/v2\/types\/product"}],"replies":[{"embeddable":true,"href":"https:\/\/www.swissraft.ch\/it\/wp-json\/wp\/v2\/comments?post=92050"}],"version-history":[{"count":22,"href":"https:\/\/www.swissraft.ch\/it\/wp-json\/wp\/v2\/product\/92050\/revisions"}],"predecessor-version":[{"id":131830,"href":"https:\/\/www.swissraft.ch\/it\/wp-json\/wp\/v2\/product\/92050\/revisions\/131830"}],"wp:featuredmedia":[{"embeddable":true,"href":"https:\/\/www.swissraft.ch\/it\/wp-json\/wp\/v2\/media\/90332"}],"wp:attachment":[{"href":"https:\/\/www.swissraft.ch\/it\/wp-json\/wp\/v2\/media?parent=92050"}],"wp:term":[{"taxonomy":"product_cat","embeddable":true,"href":"https:\/\/www.swissraft.ch\/it\/wp-json\/wp\/v2\/product_cat?post=92050"},{"taxonomy":"product_tag","embeddable":true,"href":"https:\/\/www.swissraft.ch\/it\/wp-json\/wp\/v2\/product_tag?post=92050"}],"curies":[{"name":"wp","href":"https:\/\/api.w.org\/{rel}","templated":true}]}}