{"id":92047,"date":"2024-05-29T22:05:29","date_gmt":"2024-05-29T20:05:29","guid":{"rendered":"https:\/\/swissraft.xyanzkdne.eu\/product\/canoa-funyak-sul-rhone-souste-sierre-a-partire-da-chf-116-00\/"},"modified":"2026-04-12T23:29:32","modified_gmt":"2026-04-12T21:29:32","slug":"canoa-funyak-rhone-souste-sierre","status":"publish","type":"product","link":"https:\/\/www.swissraft.ch\/it\/prodotto\/canoa-funyak-rhone-souste-sierre\/","title":{"rendered":"Canoa o Funyak &#8211; Rodano &#8211; Souste-Sierre &#8211; Da CHF 116.00"},"content":{"rendered":"\t\t<div data-elementor-type=\"wp-post\" data-elementor-id=\"92047\" class=\"elementor elementor-92047 elementor-68345\">\n\t\t\t\t\t\t\t\t\t<section class=\"elementor-section elementor-top-section elementor-element elementor-element-3303a7e3 elementor-section-boxed elementor-section-height-default elementor-section-height-default\" data-id=\"3303a7e3\" data-element_type=\"section\">\n\t\t\t\t\t\t<div class=\"elementor-container elementor-column-gap-default\">\n\t\t\t\t\t<div class=\"elementor-column elementor-col-100 elementor-top-column elementor-element elementor-element-16d72dbf\" data-id=\"16d72dbf\" data-element_type=\"column\">\n\t\t\t<div class=\"elementor-widget-wrap elementor-element-populated\">\n\t\t\t\t\t\t\t\t<div class=\"elementor-element elementor-element-d743c03 elementor-widget elementor-widget-text-editor\" data-id=\"d743c03\" data-element_type=\"widget\" data-widget_type=\"text-editor.default\">\n\t\t\t\t<div class=\"elementor-widget-container\">\n\t\t\t\t\t\t\t<h2>SCEGLI LA TUA ATTIVIT\u00c0 QUI SOTTO PER OFFRIRE BUONI REGALO\/BIGLIETTI O EFFETTUARE UNA PRENOTAZIONE<\/h2><table border=\"0\" width=\"580\" cellspacing=\"10\" cellpadding=\"10\"><tbody><tr><td width=\"50%\"><strong>CANOA O FUNYAK &#8211; RODANO + spontino<\/strong><\/td><td><strong>CHF 145.00 a persona<span class=\"productPrice\"><br \/><\/span><\/strong><\/td><\/tr><tr><td>Informazioni aggiuntive<\/td><td><span class=\"plbl\">&#8211; <\/span><span class=\"patt\">A partire da 10 pers. 10% : <strong>CHF 108.00<\/strong>\/pers.<br \/>&#8211; A partire da 21 pers. 20% : <strong>CHF 96.00<\/strong>\/pers.<br \/>&#8211; Et\u00e0 minima : 14 anni<br \/>&#8211; Prezzo scuola : <span class=\"patt\" style=\"font-family: inherit; font-size: inherit;\"><span class=\"plbl\"><a href=\"https:\/\/www.swissraft.ch\/it\/contattaci\/\">contattaci<\/a><\/span><\/span><\/span><\/td><\/tr><tr><td>Orari<\/td><td>10h00 \/ 14h00<\/td><\/tr><tr><td>Canoa o Funyak<\/td><td>circa 1,5 ora<\/td><\/tr><tr><td>Durata totale<\/td><td>circa 3 ore<\/td><\/tr><tr><td>Appuntamento<\/td><td><a href=\"https:\/\/www.google.com\/maps\/place\/46%C2%B017'36.8%22N+7%C2%B033'29.6%22E\/@46.2937223,7.5537054,780m\/data=!3m1!1e3!4m4!3m3!8m2!3d46.2935556!4d7.5582222?entry=ttu\" target=\"_blank\" rel=\"noopener\">Sierre<\/a><\/td><\/tr><tr><td>Difficolt\u00e0<\/td><td>2 \u00e0 3+<\/td><\/tr><tr><td><button class=\"elementor-button\" type=\"button\"><a href=\"https:\/\/swissraft.outdoorbooking.ch\/fo\/products\/1274?base_id=82&amp;category_id=9&amp;order_type=gift_voucher&amp;lang=it\" target=\"_blank\" rel=\"noopener\">ACQUISTO BUONO REGALO \/ BIGLIETTO<\/a><\/button><\/td><td><span style=\"color: #ff6600;\"><a href=\"https:\/\/swissraft.outdoorbooking.ch\/fo\/products\/1274?base_id=82&amp;category_id=9&amp;order_type=event&amp;lang=it\" target=\"_blank\" rel=\"noopener\">PRENOTA UNA DATA<\/a><\/span><\/td><\/tr><\/tbody><\/table>\t\t\t\t\t\t<\/div>\n\t\t\t\t<\/div>\n\t\t\t\t\t<\/div>\n\t\t<\/div>\n\t\t\t\t\t\t\t<\/div>\n\t\t<\/section>\n\t\t\t\t\t\t\t<\/div>\n\t\t","protected":false},"excerpt":{"rendered":"<div align=\"justify\">\n<h2 align=\"justify\">La canoa o il Funyak sul turbolento Rodano tra Souste e Sierre sono la discesa ideale per gli amanti dello sport.<\/h2>\n<h3>Souste-Sierre in canoa funyak per chi non ha paura di bagnarsi<\/h3>\n<\/div>\n<div align=\"justify\">\n<p>Percorrere il Rodano in canoa tra Souste e Sierre \u00e8 un&#8217;esperienza emozionante. Innanzitutto, le rapide accolgono gli avventurieri con vigore. Dopodich\u00e9, ogni onda offre una scarica di adrenalina. Tuttavia, padroneggiare il funyak o il ducky \u00e8 un grande piacere. Navigare abilmente tra le correnti \u00e8 gratificante. Anche i paesaggi selvaggi aumentano il fascino dell&#8217;esperienza. All&#8217;improvviso, compare una rapida pi\u00f9 intensa che mette alla prova le abilit\u00e0. Poi, la calma relativa ritorna brevemente, permettendoti di riprendere fiato. Inoltre, \u00e8 un brivido dopo l&#8217;altro, che rende la discesa emozionante. Infine, l&#8217;arrivo a Sierre segna la fine di questa avventura sportiva. In breve, questo vivace tratto del Rodano \u00e8 ideale per chi ama le sfide. In conclusione, il funyak o paperella \u00e8 perfetto per questa esperienza unica. \u00c8 una meravigliosa combinazione di adrenalina e natura.<\/p>\n<h3>Pi\u00f9 di 10 itinerari di canoa funyak sono disponibili sul sito web di Swissraft.<\/h3>\n<p id=\"textarea\" style=\"display: none;\">\nSempre sul Rodano, il tratto rilassante tra Chippis e San Gallo \u00e8 un must.<br \/>\nL\u00e9onard per una gita in famiglia.<br \/>\nPuoi anche fare una gita di mezza giornata lungo il Reno tra Ilanz e Valendas nei Grigioni.<br \/>\nPer una giornata fuori porta, scegli l&#8217;itinerario Ilanz &#8211; Reichenau.<br \/>\nPoi c&#8217;\u00e8 la classica gita di mezza giornata in canoa funyak, sempre sul Reno tra Versam e Reichenau.<br \/>\nNella pianura, dopo le famose cascate del Reno, offriamo due sezioni: Sciaffusa &#8211; Rheinau di mezza giornata o Sciaffusa &#8211; R\u00fcdlingen di una giornata in canoa Funyak.<br \/>\nCi sono anche tour di mezza giornata sulla Reuss da Bremgarten a Mellingen e da Mellingen a Gebenstorf.<br \/>\nA Bremgarten &#8211; Gebenstorf, sempre sulla Reuss, puoi goderti una giornata in canoa con un picnic.\n<\/p>\n<p><a id=\"seeMore\" onclick=\"toggleSeeMore()\" href=\"javascript:void(0);\">Leggi tutto<\/a><\/p>\n","protected":false},"featured_media":90488,"comment_status":"open","ping_status":"closed","template":"","meta":{"inline_featured_image":false,"_mi_skip_tracking":false},"product_cat":[390,377],"product_tag":[],"class_list":["post-92047","product","type-product","status-publish","has-post-thumbnail","hentry","product_cat-canoa-funyak-rodano","product_cat-canoa-funyak-o-ducky"],"yoast_head":"<!-- This site is optimized with the Yoast SEO plugin v23.6 - https:\/\/yoast.com\/wordpress\/plugins\/seo\/ -->\n<title>Canoa Souste-Sierre una sezione sportiva di canoa e funyak<\/title>\n<meta name=\"description\" content=\"Canoa Souste-Sierre un viaggio in canoa funyak sul turbolento Rodano. Un&#039;attivit\u00e0 popolare per gli appassionati di sport e per chi ama l&#039;azione.\" \/>\n<meta name=\"robots\" content=\"index, follow, max-snippet:-1, max-image-preview:large, max-video-preview:-1\" \/>\n<link rel=\"canonical\" href=\"https:\/\/www.swissraft.ch\/it\/prodotto\/canoa-funyak-rhone-souste-sierre\/\" \/>\n<meta property=\"og:locale\" content=\"it_IT\" \/>\n<meta property=\"og:type\" content=\"article\" \/>\n<meta property=\"og:title\" content=\"Canoa Souste-Sierre una sezione sportiva di canoa e funyak\" \/>\n<meta property=\"og:description\" content=\"Canoa Souste-Sierre un viaggio in canoa funyak sul turbolento Rodano. Un&#039;attivit\u00e0 popolare per gli appassionati di sport e per chi ama l&#039;azione.\" \/>\n<meta property=\"og:url\" content=\"https:\/\/www.swissraft.ch\/it\/prodotto\/canoa-funyak-rhone-souste-sierre\/\" \/>\n<meta property=\"og:site_name\" content=\"Swissraft\" \/>\n<meta property=\"article:modified_time\" content=\"2026-04-12T21:29:32+00:00\" \/>\n<meta property=\"og:image\" content=\"https:\/\/www.swissraft.ch\/wp-content\/uploads\/2024\/05\/1-3-Kanufahrt-Rhone-Sousten-Siders-776x776-1.jpg\" \/>\n\t<meta property=\"og:image:width\" content=\"776\" \/>\n\t<meta property=\"og:image:height\" content=\"776\" \/>\n\t<meta property=\"og:image:type\" content=\"image\/jpeg\" \/>\n<meta name=\"twitter:card\" content=\"summary_large_image\" \/>\n<meta name=\"twitter:label1\" content=\"Tempo di lettura stimato\" \/>\n\t<meta name=\"twitter:data1\" content=\"1 minuto\" \/>\n<script type=\"application\/ld+json\" class=\"yoast-schema-graph\">{\"@context\":\"https:\/\/schema.org\",\"@graph\":[{\"@type\":\"WebPage\",\"@id\":\"https:\/\/www.swissraft.ch\/it\/prodotto\/canoa-funyak-rhone-souste-sierre\/\",\"url\":\"https:\/\/www.swissraft.ch\/it\/prodotto\/canoa-funyak-rhone-souste-sierre\/\",\"name\":\"Canoa Souste-Sierre una sezione sportiva di canoa e funyak\",\"isPartOf\":{\"@id\":\"https:\/\/www.swissraft.ch\/it\/#website\"},\"primaryImageOfPage\":{\"@id\":\"https:\/\/www.swissraft.ch\/it\/prodotto\/canoa-funyak-rhone-souste-sierre\/#primaryimage\"},\"image\":{\"@id\":\"https:\/\/www.swissraft.ch\/it\/prodotto\/canoa-funyak-rhone-souste-sierre\/#primaryimage\"},\"thumbnailUrl\":\"https:\/\/www.swissraft.ch\/wp-content\/uploads\/2024\/05\/1-3-Kanufahrt-Rhone-Sousten-Siders-776x776-1.jpg\",\"datePublished\":\"2024-05-29T20:05:29+00:00\",\"dateModified\":\"2026-04-12T21:29:32+00:00\",\"description\":\"Canoa Souste-Sierre un viaggio in canoa funyak sul turbolento Rodano. Un'attivit\u00e0 popolare per gli appassionati di sport e per chi ama l'azione.\",\"breadcrumb\":{\"@id\":\"https:\/\/www.swissraft.ch\/it\/prodotto\/canoa-funyak-rhone-souste-sierre\/#breadcrumb\"},\"inLanguage\":\"it-IT\",\"potentialAction\":[{\"@type\":\"ReadAction\",\"target\":[\"https:\/\/www.swissraft.ch\/it\/prodotto\/canoa-funyak-rhone-souste-sierre\/\"]}]},{\"@type\":\"ImageObject\",\"inLanguage\":\"it-IT\",\"@id\":\"https:\/\/www.swissraft.ch\/it\/prodotto\/canoa-funyak-rhone-souste-sierre\/#primaryimage\",\"url\":\"https:\/\/www.swissraft.ch\/wp-content\/uploads\/2024\/05\/1-3-Kanufahrt-Rhone-Sousten-Siders-776x776-1.jpg\",\"contentUrl\":\"https:\/\/www.swissraft.ch\/wp-content\/uploads\/2024\/05\/1-3-Kanufahrt-Rhone-Sousten-Siders-776x776-1.jpg\",\"width\":776,\"height\":776,\"caption\":\"Souste-Sierre sul Rodano in canoa funyak in Vallese\"},{\"@type\":\"BreadcrumbList\",\"@id\":\"https:\/\/www.swissraft.ch\/it\/prodotto\/canoa-funyak-rhone-souste-sierre\/#breadcrumb\",\"itemListElement\":[{\"@type\":\"ListItem\",\"position\":1,\"name\":\"Accueil\",\"item\":\"https:\/\/www.swissraft.ch\/it\/\"},{\"@type\":\"ListItem\",\"position\":2,\"name\":\"Negozio\",\"item\":\"https:\/\/www.swissraft.ch\/it\/negozio\/\"},{\"@type\":\"ListItem\",\"position\":3,\"name\":\"Canoa o Funyak &#8211; Rodano &#8211; Souste-Sierre &#8211; Da CHF 116.00\"}]},{\"@type\":\"WebSite\",\"@id\":\"https:\/\/www.swissraft.ch\/it\/#website\",\"url\":\"https:\/\/www.swissraft.ch\/it\/\",\"name\":\"Swissraft\",\"description\":\"To enjoy nature as it is\",\"publisher\":{\"@id\":\"https:\/\/www.swissraft.ch\/it\/#organization\"},\"potentialAction\":[{\"@type\":\"SearchAction\",\"target\":{\"@type\":\"EntryPoint\",\"urlTemplate\":\"https:\/\/www.swissraft.ch\/it\/?s={search_term_string}\"},\"query-input\":{\"@type\":\"PropertyValueSpecification\",\"valueRequired\":true,\"valueName\":\"search_term_string\"}}],\"inLanguage\":\"it-IT\"},{\"@type\":\"Organization\",\"@id\":\"https:\/\/www.swissraft.ch\/it\/#organization\",\"name\":\"Swissraft\",\"url\":\"https:\/\/www.swissraft.ch\/it\/\",\"logo\":{\"@type\":\"ImageObject\",\"inLanguage\":\"it-IT\",\"@id\":\"https:\/\/www.swissraft.ch\/it\/#\/schema\/logo\/image\/\",\"url\":\"https:\/\/www.swissraft.ch\/wp-content\/uploads\/2025\/09\/Capture.jpg\",\"contentUrl\":\"https:\/\/www.swissraft.ch\/wp-content\/uploads\/2025\/09\/Capture.jpg\",\"width\":293,\"height\":108,\"caption\":\"Swissraft\"},\"image\":{\"@id\":\"https:\/\/www.swissraft.ch\/it\/#\/schema\/logo\/image\/\"}}]}<\/script>\n<!-- \/ Yoast SEO plugin. -->","yoast_head_json":{"title":"Canoa Souste-Sierre una sezione sportiva di canoa e funyak","description":"Canoa Souste-Sierre un viaggio in canoa funyak sul turbolento Rodano. Un'attivit\u00e0 popolare per gli appassionati di sport e per chi ama l'azione.","robots":{"index":"index","follow":"follow","max-snippet":"max-snippet:-1","max-image-preview":"max-image-preview:large","max-video-preview":"max-video-preview:-1"},"canonical":"https:\/\/www.swissraft.ch\/it\/prodotto\/canoa-funyak-rhone-souste-sierre\/","og_locale":"it_IT","og_type":"article","og_title":"Canoa Souste-Sierre una sezione sportiva di canoa e funyak","og_description":"Canoa Souste-Sierre un viaggio in canoa funyak sul turbolento Rodano. Un'attivit\u00e0 popolare per gli appassionati di sport e per chi ama l'azione.","og_url":"https:\/\/www.swissraft.ch\/it\/prodotto\/canoa-funyak-rhone-souste-sierre\/","og_site_name":"Swissraft","article_modified_time":"2026-04-12T21:29:32+00:00","og_image":[{"width":776,"height":776,"url":"https:\/\/www.swissraft.ch\/wp-content\/uploads\/2024\/05\/1-3-Kanufahrt-Rhone-Sousten-Siders-776x776-1.jpg","type":"image\/jpeg"}],"twitter_card":"summary_large_image","twitter_misc":{"Tempo di lettura stimato":"1 minuto"},"schema":{"@context":"https:\/\/schema.org","@graph":[{"@type":"WebPage","@id":"https:\/\/www.swissraft.ch\/it\/prodotto\/canoa-funyak-rhone-souste-sierre\/","url":"https:\/\/www.swissraft.ch\/it\/prodotto\/canoa-funyak-rhone-souste-sierre\/","name":"Canoa Souste-Sierre una sezione sportiva di canoa e funyak","isPartOf":{"@id":"https:\/\/www.swissraft.ch\/it\/#website"},"primaryImageOfPage":{"@id":"https:\/\/www.swissraft.ch\/it\/prodotto\/canoa-funyak-rhone-souste-sierre\/#primaryimage"},"image":{"@id":"https:\/\/www.swissraft.ch\/it\/prodotto\/canoa-funyak-rhone-souste-sierre\/#primaryimage"},"thumbnailUrl":"https:\/\/www.swissraft.ch\/wp-content\/uploads\/2024\/05\/1-3-Kanufahrt-Rhone-Sousten-Siders-776x776-1.jpg","datePublished":"2024-05-29T20:05:29+00:00","dateModified":"2026-04-12T21:29:32+00:00","description":"Canoa Souste-Sierre un viaggio in canoa funyak sul turbolento Rodano. Un'attivit\u00e0 popolare per gli appassionati di sport e per chi ama l'azione.","breadcrumb":{"@id":"https:\/\/www.swissraft.ch\/it\/prodotto\/canoa-funyak-rhone-souste-sierre\/#breadcrumb"},"inLanguage":"it-IT","potentialAction":[{"@type":"ReadAction","target":["https:\/\/www.swissraft.ch\/it\/prodotto\/canoa-funyak-rhone-souste-sierre\/"]}]},{"@type":"ImageObject","inLanguage":"it-IT","@id":"https:\/\/www.swissraft.ch\/it\/prodotto\/canoa-funyak-rhone-souste-sierre\/#primaryimage","url":"https:\/\/www.swissraft.ch\/wp-content\/uploads\/2024\/05\/1-3-Kanufahrt-Rhone-Sousten-Siders-776x776-1.jpg","contentUrl":"https:\/\/www.swissraft.ch\/wp-content\/uploads\/2024\/05\/1-3-Kanufahrt-Rhone-Sousten-Siders-776x776-1.jpg","width":776,"height":776,"caption":"Souste-Sierre sul Rodano in canoa funyak in Vallese"},{"@type":"BreadcrumbList","@id":"https:\/\/www.swissraft.ch\/it\/prodotto\/canoa-funyak-rhone-souste-sierre\/#breadcrumb","itemListElement":[{"@type":"ListItem","position":1,"name":"Accueil","item":"https:\/\/www.swissraft.ch\/it\/"},{"@type":"ListItem","position":2,"name":"Negozio","item":"https:\/\/www.swissraft.ch\/it\/negozio\/"},{"@type":"ListItem","position":3,"name":"Canoa o Funyak &#8211; Rodano &#8211; Souste-Sierre &#8211; Da CHF 116.00"}]},{"@type":"WebSite","@id":"https:\/\/www.swissraft.ch\/it\/#website","url":"https:\/\/www.swissraft.ch\/it\/","name":"Swissraft","description":"To enjoy nature as it is","publisher":{"@id":"https:\/\/www.swissraft.ch\/it\/#organization"},"potentialAction":[{"@type":"SearchAction","target":{"@type":"EntryPoint","urlTemplate":"https:\/\/www.swissraft.ch\/it\/?s={search_term_string}"},"query-input":{"@type":"PropertyValueSpecification","valueRequired":true,"valueName":"search_term_string"}}],"inLanguage":"it-IT"},{"@type":"Organization","@id":"https:\/\/www.swissraft.ch\/it\/#organization","name":"Swissraft","url":"https:\/\/www.swissraft.ch\/it\/","logo":{"@type":"ImageObject","inLanguage":"it-IT","@id":"https:\/\/www.swissraft.ch\/it\/#\/schema\/logo\/image\/","url":"https:\/\/www.swissraft.ch\/wp-content\/uploads\/2025\/09\/Capture.jpg","contentUrl":"https:\/\/www.swissraft.ch\/wp-content\/uploads\/2025\/09\/Capture.jpg","width":293,"height":108,"caption":"Swissraft"},"image":{"@id":"https:\/\/www.swissraft.ch\/it\/#\/schema\/logo\/image\/"}}]}},"_links":{"self":[{"href":"https:\/\/www.swissraft.ch\/it\/wp-json\/wp\/v2\/product\/92047","targetHints":{"allow":["GET"]}}],"collection":[{"href":"https:\/\/www.swissraft.ch\/it\/wp-json\/wp\/v2\/product"}],"about":[{"href":"https:\/\/www.swissraft.ch\/it\/wp-json\/wp\/v2\/types\/product"}],"replies":[{"embeddable":true,"href":"https:\/\/www.swissraft.ch\/it\/wp-json\/wp\/v2\/comments?post=92047"}],"version-history":[{"count":29,"href":"https:\/\/www.swissraft.ch\/it\/wp-json\/wp\/v2\/product\/92047\/revisions"}],"predecessor-version":[{"id":139902,"href":"https:\/\/www.swissraft.ch\/it\/wp-json\/wp\/v2\/product\/92047\/revisions\/139902"}],"wp:featuredmedia":[{"embeddable":true,"href":"https:\/\/www.swissraft.ch\/it\/wp-json\/wp\/v2\/media\/90488"}],"wp:attachment":[{"href":"https:\/\/www.swissraft.ch\/it\/wp-json\/wp\/v2\/media?parent=92047"}],"wp:term":[{"taxonomy":"product_cat","embeddable":true,"href":"https:\/\/www.swissraft.ch\/it\/wp-json\/wp\/v2\/product_cat?post=92047"},{"taxonomy":"product_tag","embeddable":true,"href":"https:\/\/www.swissraft.ch\/it\/wp-json\/wp\/v2\/product_tag?post=92047"}],"curies":[{"name":"wp","href":"https:\/\/api.w.org\/{rel}","templated":true}]}}