{"id":92042,"date":"2024-05-23T19:50:19","date_gmt":"2024-05-23T17:50:19","guid":{"rendered":"https:\/\/swissraft.xyanzkdne.eu\/product\/canoa-funyak-sul-reno-ilanz-valendas-a-partire-da-chf-145-00\/"},"modified":"2026-04-12T22:35:44","modified_gmt":"2026-04-12T20:35:44","slug":"canoa-funyak-reno-ilanz-valendas","status":"publish","type":"product","link":"https:\/\/www.swissraft.ch\/it\/prodotto\/canoa-funyak-reno-ilanz-valendas\/","title":{"rendered":"Canoa o Funyak sul Reno &#8211; Ilanz-Valendas &#8211; Da CHF 145.00"},"content":{"rendered":"\t\t<div data-elementor-type=\"wp-post\" data-elementor-id=\"92042\" class=\"elementor elementor-92042 elementor-67673\">\n\t\t\t\t\t\t\t\t\t<section class=\"elementor-section elementor-top-section elementor-element elementor-element-3303a7e3 elementor-section-boxed elementor-section-height-default elementor-section-height-default\" data-id=\"3303a7e3\" data-element_type=\"section\">\n\t\t\t\t\t\t<div class=\"elementor-container elementor-column-gap-default\">\n\t\t\t\t\t<div class=\"elementor-column elementor-col-100 elementor-top-column elementor-element elementor-element-16d72dbf\" data-id=\"16d72dbf\" data-element_type=\"column\">\n\t\t\t<div class=\"elementor-widget-wrap elementor-element-populated\">\n\t\t\t\t\t\t\t\t<div class=\"elementor-element elementor-element-d743c03 elementor-widget elementor-widget-text-editor\" data-id=\"d743c03\" data-element_type=\"widget\" data-widget_type=\"text-editor.default\">\n\t\t\t\t<div class=\"elementor-widget-container\">\n\t\t\t\t\t\t\t<h2>SCEGLI LA TUA ATTIVIT\u00c0 QUI SOTTO PER OFFRIRE BUONI REGALO\/BIGLIETTI O EFFETTUARE UNA PRENOTAZIONE<\/h2><table border=\"0\" width=\"580\" cellspacing=\"10\" cellpadding=\"10\"><tbody><tr><td width=\"50%\"><strong>CANO\u00cb FUNYAK &#8211; RENO + aperitivo<\/strong><\/td><td><strong><span class=\"productPrice\">CHF 180.00 a persona<\/span><\/strong><\/td><\/tr><tr><td>Informazioni aggiuntive<\/td><td><span class=\"patt\">&#8211; <span class=\"plbl\"> Prezzo giovani <\/span>: <strong>CHF 145.00<\/strong>\/pers. fino a 17 anni<br \/>&#8211; Et\u00e0 minima : 14 anni<br \/>&#8211; Altezza minima : 155 cm<br \/>&#8211; Prezzo scuola : <span class=\"patt\" style=\"font-family: inherit; font-size: inherit;\"><span class=\"plbl\"><a href=\"https:\/\/www.swissraft.ch\/it\/contattaci\/\">contattaci<\/a><\/span><\/span><\/span><\/td><\/tr><tr><td>Orari<\/td><td>9h15 \/ 14h15<\/td><\/tr><tr><td>Canoa o Funyak<\/td><td>circa 2 ore<\/td><\/tr><tr><td>Durata totale<\/td><td>circa 3,5 ore<\/td><\/tr><tr><td>Appuntamento<\/td><td><a href=\"https:\/\/www.google.com\/maps\/place\/46%C2%B046'28.2%22N+9%C2%B012'08.3%22E\/@46.7746002,9.1999419,386m\/data=!3m1!1e3!4m13!1m8!3m7!1s0x4784de22ee9a53d5:0x62b8f6e951370e3d!2sIlanz!3b1!8m2!3d46.77421!4d9.20474!16zL20vMDV3c2Qy!3m3!8m2!3d46.7745!4d9.2023056?entry=ttu\" target=\"_blank\" rel=\"noopener\">Ilanz<\/a><\/td><\/tr><tr><td>Difficolt\u00e0<\/td><td>Livello 2-3+<\/td><\/tr><tr><td><a href=\"https:\/\/swissraft.outdoorbooking.ch\/fo\/products\/1936?base_id=2&amp;category_id=9&amp;order_type=gift_voucher&amp;lang=it\" target=\"_blank\" rel=\"noopener\"><button class=\"elementor-button\" type=\"button\">ACQUISTO BUONO REGALO \/ BIGLIETTO<\/button><\/a><\/td><td><a href=\"https:\/\/swissraft.outdoorbooking.ch\/fo\/products\/1936?base_id=2&amp;category_id=9&amp;order_type=event&amp;lang=it\" target=\"_blank\" rel=\"noopener\">PRENOTA UNA DATA<\/a><\/td><\/tr><\/tbody><\/table>\t\t\t\t\t\t<\/div>\n\t\t\t\t<\/div>\n\t\t\t\t\t<\/div>\n\t\t<\/div>\n\t\t\t\t\t\t\t<\/div>\n\t\t<\/section>\n\t\t\t\t\t\t\t<\/div>\n\t\t","protected":false},"excerpt":{"rendered":"<div align=\"justify\">\n<h2 align=\"justify\">Canoa Funyak da Versam a Reichenau attraverso il Grand Canyon svizzero<\/h2>\n<h3>Questa avventura di Funyak \u00e8 uno dei grandi classici di questa disciplina.<\/h3>\n<\/div>\n<div align=\"justify\">\n<p>Scopri il piacere della canoa, o funyak, tra Ilanz e Valendas. Per prima cosa, salpa sul Reno anteriore. Poi preparati ad affrontare le emozionanti rapide. Queste rapide offrono la giusta dose di adrenalina. Poi ammira lo spettacolare scenario del Grand Canyon svizzero. Le imponenti pareti rocciose ti circondano, creando uno scenario unico. Pagaia attraverso gole impressionanti. Inoltre, la tua sicurezza \u00e8 la nostra massima priorit\u00e0. Ti forniamo un giubbotto di salvataggio, un casco e una pagaia. Le nostre guide esperte ti daranno istruzioni chiare prima di partire. Impara subito a manovrare il tuo funyak. Durante la pagaiata, rimarrai sempre sotto l&#8217;attenta supervisione delle nostre guide. Inoltre, le rapide sono di classe da II a 3+, accessibili a tutti. Infine, questa indimenticabile avventura combina avventura e tranquillit\u00e0. Unisciti a noi per un viaggio eccezionale lungo il Reno. Potrai vivere un&#8217;esperienza unica nel cuore della natura.<\/p>\n<h3>Swissraft offre altri quattro percorsi di canoa e funyak sul Reno.<\/h3>\n<p id=\"textarea\" style=\"display: none;\">Puoi prendere un funyak che scende lungo il Reno da Ilanz a Reichenau per una giornata avventurosa, oppure un funyak classico che scende da Versam a Reichenau. Pi\u00f9 a valle delle cascate del Reno, si possono scegliere due itinerari: Sciaffusa &#8211; Rheinau, una gita di mezza giornata, o Sciaffusa &#8211; R\u00fcdlingen, una gita in canoa di una giornata intera. Sulla Reuss, le gite di mezza giornata da Bremgarten a Mellingen, da Mellingen a Gebenstorf e la gita di un giorno Bremgarten &#8211; Gebenstorf sono eccezionali. Nel Vallese, sul Rodano, \u00e8 stato completato il tratto da Chippis a San Gallo. L\u00e9onard \u00e8 la discesa perfetta per i bambini in cerca di avventura accompagnati dai genitori. Ma c&#8217;\u00e8 un altro tratto del Rodano, pi\u00f9 movimentato, tra Souste e Sierre. Lo stesso vale per il percorso Ticino Funyak da Cresciano a Gorduno, dove potrai respirare i profumi mediterranei del Ticino.\n<\/p>\n<p><a id=\"seeMore\" onclick=\"toggleSeeMore()\" href=\"javascript:void(0);\">Leggi tutto<\/a><\/p>\n","protected":false},"featured_media":90386,"comment_status":"open","ping_status":"closed","template":"","meta":{"inline_featured_image":false,"_mi_skip_tracking":false},"product_cat":[378,377],"product_tag":[],"class_list":["post-92042","product","type-product","status-publish","has-post-thumbnail","hentry","product_cat-canoa-funyak-sul-reno","product_cat-canoa-funyak-o-ducky"],"yoast_head":"<!-- This site is optimized with the Yoast SEO plugin v23.6 - https:\/\/yoast.com\/wordpress\/plugins\/seo\/ -->\n<title>Canoa Funyak Ilanz-Valendas sul Reno<\/title>\n<meta name=\"description\" content=\"Canoa Funyak Ilanz-Valendas, sul Reno nel famoso Grand Canyon svizzero. Si tratta di un tratto sportivo del Reno che piacer\u00e0 agli amanti del brivido\" \/>\n<meta name=\"robots\" content=\"index, follow, max-snippet:-1, max-image-preview:large, max-video-preview:-1\" \/>\n<link rel=\"canonical\" href=\"https:\/\/www.swissraft.ch\/it\/prodotto\/canoa-funyak-reno-ilanz-valendas\/\" \/>\n<meta property=\"og:locale\" content=\"it_IT\" \/>\n<meta property=\"og:type\" content=\"article\" \/>\n<meta property=\"og:title\" content=\"Canoa Funyak Ilanz-Valendas sul Reno\" \/>\n<meta property=\"og:description\" content=\"Canoa Funyak Ilanz-Valendas, sul Reno nel famoso Grand Canyon svizzero. Si tratta di un tratto sportivo del Reno che piacer\u00e0 agli amanti del brivido\" \/>\n<meta property=\"og:url\" content=\"https:\/\/www.swissraft.ch\/it\/prodotto\/canoa-funyak-reno-ilanz-valendas\/\" \/>\n<meta property=\"og:site_name\" content=\"Swissraft\" \/>\n<meta property=\"article:modified_time\" content=\"2026-04-12T20:35:44+00:00\" \/>\n<meta property=\"og:image\" content=\"https:\/\/www.swissraft.ch\/wp-content\/uploads\/2024\/05\/Funyak-776x776-1.jpg\" \/>\n\t<meta property=\"og:image:width\" content=\"776\" \/>\n\t<meta property=\"og:image:height\" content=\"776\" \/>\n\t<meta property=\"og:image:type\" content=\"image\/jpeg\" \/>\n<meta name=\"twitter:card\" content=\"summary_large_image\" \/>\n<meta name=\"twitter:label1\" content=\"Tempo di lettura stimato\" \/>\n\t<meta name=\"twitter:data1\" content=\"1 minuto\" \/>\n<script type=\"application\/ld+json\" class=\"yoast-schema-graph\">{\"@context\":\"https:\/\/schema.org\",\"@graph\":[{\"@type\":\"WebPage\",\"@id\":\"https:\/\/www.swissraft.ch\/it\/prodotto\/canoa-funyak-reno-ilanz-valendas\/\",\"url\":\"https:\/\/www.swissraft.ch\/it\/prodotto\/canoa-funyak-reno-ilanz-valendas\/\",\"name\":\"Canoa Funyak Ilanz-Valendas sul Reno\",\"isPartOf\":{\"@id\":\"https:\/\/www.swissraft.ch\/it\/#website\"},\"primaryImageOfPage\":{\"@id\":\"https:\/\/www.swissraft.ch\/it\/prodotto\/canoa-funyak-reno-ilanz-valendas\/#primaryimage\"},\"image\":{\"@id\":\"https:\/\/www.swissraft.ch\/it\/prodotto\/canoa-funyak-reno-ilanz-valendas\/#primaryimage\"},\"thumbnailUrl\":\"https:\/\/www.swissraft.ch\/wp-content\/uploads\/2024\/05\/Funyak-776x776-1.jpg\",\"datePublished\":\"2024-05-23T17:50:19+00:00\",\"dateModified\":\"2026-04-12T20:35:44+00:00\",\"description\":\"Canoa Funyak Ilanz-Valendas, sul Reno nel famoso Grand Canyon svizzero. Si tratta di un tratto sportivo del Reno che piacer\u00e0 agli amanti del brivido\",\"breadcrumb\":{\"@id\":\"https:\/\/www.swissraft.ch\/it\/prodotto\/canoa-funyak-reno-ilanz-valendas\/#breadcrumb\"},\"inLanguage\":\"it-IT\",\"potentialAction\":[{\"@type\":\"ReadAction\",\"target\":[\"https:\/\/www.swissraft.ch\/it\/prodotto\/canoa-funyak-reno-ilanz-valendas\/\"]}]},{\"@type\":\"ImageObject\",\"inLanguage\":\"it-IT\",\"@id\":\"https:\/\/www.swissraft.ch\/it\/prodotto\/canoa-funyak-reno-ilanz-valendas\/#primaryimage\",\"url\":\"https:\/\/www.swissraft.ch\/wp-content\/uploads\/2024\/05\/Funyak-776x776-1.jpg\",\"contentUrl\":\"https:\/\/www.swissraft.ch\/wp-content\/uploads\/2024\/05\/Funyak-776x776-1.jpg\",\"width\":776,\"height\":776,\"caption\":\"Ilanz- Valendas in canoa o funyak\"},{\"@type\":\"BreadcrumbList\",\"@id\":\"https:\/\/www.swissraft.ch\/it\/prodotto\/canoa-funyak-reno-ilanz-valendas\/#breadcrumb\",\"itemListElement\":[{\"@type\":\"ListItem\",\"position\":1,\"name\":\"Accueil\",\"item\":\"https:\/\/www.swissraft.ch\/it\/\"},{\"@type\":\"ListItem\",\"position\":2,\"name\":\"Negozio\",\"item\":\"https:\/\/www.swissraft.ch\/it\/negozio\/\"},{\"@type\":\"ListItem\",\"position\":3,\"name\":\"Canoa o Funyak sul Reno &#8211; Ilanz-Valendas &#8211; Da CHF 145.00\"}]},{\"@type\":\"WebSite\",\"@id\":\"https:\/\/www.swissraft.ch\/it\/#website\",\"url\":\"https:\/\/www.swissraft.ch\/it\/\",\"name\":\"Swissraft\",\"description\":\"To enjoy nature as it is\",\"publisher\":{\"@id\":\"https:\/\/www.swissraft.ch\/it\/#organization\"},\"potentialAction\":[{\"@type\":\"SearchAction\",\"target\":{\"@type\":\"EntryPoint\",\"urlTemplate\":\"https:\/\/www.swissraft.ch\/it\/?s={search_term_string}\"},\"query-input\":{\"@type\":\"PropertyValueSpecification\",\"valueRequired\":true,\"valueName\":\"search_term_string\"}}],\"inLanguage\":\"it-IT\"},{\"@type\":\"Organization\",\"@id\":\"https:\/\/www.swissraft.ch\/it\/#organization\",\"name\":\"Swissraft\",\"url\":\"https:\/\/www.swissraft.ch\/it\/\",\"logo\":{\"@type\":\"ImageObject\",\"inLanguage\":\"it-IT\",\"@id\":\"https:\/\/www.swissraft.ch\/it\/#\/schema\/logo\/image\/\",\"url\":\"https:\/\/www.swissraft.ch\/wp-content\/uploads\/2025\/09\/Capture.jpg\",\"contentUrl\":\"https:\/\/www.swissraft.ch\/wp-content\/uploads\/2025\/09\/Capture.jpg\",\"width\":293,\"height\":108,\"caption\":\"Swissraft\"},\"image\":{\"@id\":\"https:\/\/www.swissraft.ch\/it\/#\/schema\/logo\/image\/\"}}]}<\/script>\n<!-- \/ Yoast SEO plugin. -->","yoast_head_json":{"title":"Canoa Funyak Ilanz-Valendas sul Reno","description":"Canoa Funyak Ilanz-Valendas, sul Reno nel famoso Grand Canyon svizzero. Si tratta di un tratto sportivo del Reno che piacer\u00e0 agli amanti del brivido","robots":{"index":"index","follow":"follow","max-snippet":"max-snippet:-1","max-image-preview":"max-image-preview:large","max-video-preview":"max-video-preview:-1"},"canonical":"https:\/\/www.swissraft.ch\/it\/prodotto\/canoa-funyak-reno-ilanz-valendas\/","og_locale":"it_IT","og_type":"article","og_title":"Canoa Funyak Ilanz-Valendas sul Reno","og_description":"Canoa Funyak Ilanz-Valendas, sul Reno nel famoso Grand Canyon svizzero. Si tratta di un tratto sportivo del Reno che piacer\u00e0 agli amanti del brivido","og_url":"https:\/\/www.swissraft.ch\/it\/prodotto\/canoa-funyak-reno-ilanz-valendas\/","og_site_name":"Swissraft","article_modified_time":"2026-04-12T20:35:44+00:00","og_image":[{"width":776,"height":776,"url":"https:\/\/www.swissraft.ch\/wp-content\/uploads\/2024\/05\/Funyak-776x776-1.jpg","type":"image\/jpeg"}],"twitter_card":"summary_large_image","twitter_misc":{"Tempo di lettura stimato":"1 minuto"},"schema":{"@context":"https:\/\/schema.org","@graph":[{"@type":"WebPage","@id":"https:\/\/www.swissraft.ch\/it\/prodotto\/canoa-funyak-reno-ilanz-valendas\/","url":"https:\/\/www.swissraft.ch\/it\/prodotto\/canoa-funyak-reno-ilanz-valendas\/","name":"Canoa Funyak Ilanz-Valendas sul Reno","isPartOf":{"@id":"https:\/\/www.swissraft.ch\/it\/#website"},"primaryImageOfPage":{"@id":"https:\/\/www.swissraft.ch\/it\/prodotto\/canoa-funyak-reno-ilanz-valendas\/#primaryimage"},"image":{"@id":"https:\/\/www.swissraft.ch\/it\/prodotto\/canoa-funyak-reno-ilanz-valendas\/#primaryimage"},"thumbnailUrl":"https:\/\/www.swissraft.ch\/wp-content\/uploads\/2024\/05\/Funyak-776x776-1.jpg","datePublished":"2024-05-23T17:50:19+00:00","dateModified":"2026-04-12T20:35:44+00:00","description":"Canoa Funyak Ilanz-Valendas, sul Reno nel famoso Grand Canyon svizzero. Si tratta di un tratto sportivo del Reno che piacer\u00e0 agli amanti del brivido","breadcrumb":{"@id":"https:\/\/www.swissraft.ch\/it\/prodotto\/canoa-funyak-reno-ilanz-valendas\/#breadcrumb"},"inLanguage":"it-IT","potentialAction":[{"@type":"ReadAction","target":["https:\/\/www.swissraft.ch\/it\/prodotto\/canoa-funyak-reno-ilanz-valendas\/"]}]},{"@type":"ImageObject","inLanguage":"it-IT","@id":"https:\/\/www.swissraft.ch\/it\/prodotto\/canoa-funyak-reno-ilanz-valendas\/#primaryimage","url":"https:\/\/www.swissraft.ch\/wp-content\/uploads\/2024\/05\/Funyak-776x776-1.jpg","contentUrl":"https:\/\/www.swissraft.ch\/wp-content\/uploads\/2024\/05\/Funyak-776x776-1.jpg","width":776,"height":776,"caption":"Ilanz- Valendas in canoa o funyak"},{"@type":"BreadcrumbList","@id":"https:\/\/www.swissraft.ch\/it\/prodotto\/canoa-funyak-reno-ilanz-valendas\/#breadcrumb","itemListElement":[{"@type":"ListItem","position":1,"name":"Accueil","item":"https:\/\/www.swissraft.ch\/it\/"},{"@type":"ListItem","position":2,"name":"Negozio","item":"https:\/\/www.swissraft.ch\/it\/negozio\/"},{"@type":"ListItem","position":3,"name":"Canoa o Funyak sul Reno &#8211; Ilanz-Valendas &#8211; Da CHF 145.00"}]},{"@type":"WebSite","@id":"https:\/\/www.swissraft.ch\/it\/#website","url":"https:\/\/www.swissraft.ch\/it\/","name":"Swissraft","description":"To enjoy nature as it is","publisher":{"@id":"https:\/\/www.swissraft.ch\/it\/#organization"},"potentialAction":[{"@type":"SearchAction","target":{"@type":"EntryPoint","urlTemplate":"https:\/\/www.swissraft.ch\/it\/?s={search_term_string}"},"query-input":{"@type":"PropertyValueSpecification","valueRequired":true,"valueName":"search_term_string"}}],"inLanguage":"it-IT"},{"@type":"Organization","@id":"https:\/\/www.swissraft.ch\/it\/#organization","name":"Swissraft","url":"https:\/\/www.swissraft.ch\/it\/","logo":{"@type":"ImageObject","inLanguage":"it-IT","@id":"https:\/\/www.swissraft.ch\/it\/#\/schema\/logo\/image\/","url":"https:\/\/www.swissraft.ch\/wp-content\/uploads\/2025\/09\/Capture.jpg","contentUrl":"https:\/\/www.swissraft.ch\/wp-content\/uploads\/2025\/09\/Capture.jpg","width":293,"height":108,"caption":"Swissraft"},"image":{"@id":"https:\/\/www.swissraft.ch\/it\/#\/schema\/logo\/image\/"}}]}},"_links":{"self":[{"href":"https:\/\/www.swissraft.ch\/it\/wp-json\/wp\/v2\/product\/92042","targetHints":{"allow":["GET"]}}],"collection":[{"href":"https:\/\/www.swissraft.ch\/it\/wp-json\/wp\/v2\/product"}],"about":[{"href":"https:\/\/www.swissraft.ch\/it\/wp-json\/wp\/v2\/types\/product"}],"replies":[{"embeddable":true,"href":"https:\/\/www.swissraft.ch\/it\/wp-json\/wp\/v2\/comments?post=92042"}],"version-history":[{"count":22,"href":"https:\/\/www.swissraft.ch\/it\/wp-json\/wp\/v2\/product\/92042\/revisions"}],"predecessor-version":[{"id":139809,"href":"https:\/\/www.swissraft.ch\/it\/wp-json\/wp\/v2\/product\/92042\/revisions\/139809"}],"wp:featuredmedia":[{"embeddable":true,"href":"https:\/\/www.swissraft.ch\/it\/wp-json\/wp\/v2\/media\/90386"}],"wp:attachment":[{"href":"https:\/\/www.swissraft.ch\/it\/wp-json\/wp\/v2\/media?parent=92042"}],"wp:term":[{"taxonomy":"product_cat","embeddable":true,"href":"https:\/\/www.swissraft.ch\/it\/wp-json\/wp\/v2\/product_cat?post=92042"},{"taxonomy":"product_tag","embeddable":true,"href":"https:\/\/www.swissraft.ch\/it\/wp-json\/wp\/v2\/product_tag?post=92042"}],"curies":[{"name":"wp","href":"https:\/\/api.w.org\/{rel}","templated":true}]}}