{"id":92027,"date":"2024-05-22T18:50:44","date_gmt":"2024-05-22T16:50:44","guid":{"rendered":"https:\/\/swissraft.xyanzkdne.eu\/product\/canoa-funyak-sul-reno-schaffhouse-rheinau-a-partire-da-chf-90-00\/"},"modified":"2026-04-12T17:54:43","modified_gmt":"2026-04-12T15:54:43","slug":"canoa-funyak-reno-sciaffusa-rheinau","status":"publish","type":"product","link":"https:\/\/www.swissraft.ch\/it\/prodotto\/canoa-funyak-reno-sciaffusa-rheinau\/","title":{"rendered":"Canoa o Funyak &#8211; Reno &#8211; Sciaffusa-Rheinau &#8211; Da CHF 79.00"},"content":{"rendered":"\t\t<div data-elementor-type=\"wp-post\" data-elementor-id=\"92027\" class=\"elementor elementor-92027 elementor-67481\">\n\t\t\t\t\t\t\t\t\t<section class=\"elementor-section elementor-top-section elementor-element elementor-element-3303a7e3 elementor-section-boxed elementor-section-height-default elementor-section-height-default\" data-id=\"3303a7e3\" data-element_type=\"section\">\n\t\t\t\t\t\t<div class=\"elementor-container elementor-column-gap-default\">\n\t\t\t\t\t<div class=\"elementor-column elementor-col-100 elementor-top-column elementor-element elementor-element-16d72dbf\" data-id=\"16d72dbf\" data-element_type=\"column\">\n\t\t\t<div class=\"elementor-widget-wrap elementor-element-populated\">\n\t\t\t\t\t\t\t\t<div class=\"elementor-element elementor-element-d743c03 elementor-widget elementor-widget-text-editor\" data-id=\"d743c03\" data-element_type=\"widget\" data-widget_type=\"text-editor.default\">\n\t\t\t\t<div class=\"elementor-widget-container\">\n\t\t\t\t\t\t\t<h2>SCEGLI LA TUA ATTIVIT\u00c0 QUI SOTTO PER OFFRIRE BUONI REGALO\/BIGLIETTI O EFFETTUARE UNA PRENOTAZIONE<\/h2><table border=\"0\" width=\"580\" cellspacing=\"10\" cellpadding=\"10\"><tbody><tr><td width=\"50%\"><strong>CANO\u00cb O FUNYAK &#8211; RENO + aperitivo<\/strong><\/td><td><strong><span class=\"productPrice\">Pacchetto da CHF 1&#8217;290.00<\/span><\/strong><\/td><\/tr><tr><td>Informazioni aggiuntive<\/td><td><span class=\"patt\">&#8211; <span class=\"plbl\"> Prezzo giovanini <\/span>: <strong>CHF 79.00<\/strong>\/pers. fino a 17 anni<br \/>&#8211; Et\u00e0 minima : 7 anni<br \/>&#8211; Prezzo scuola : <span class=\"patt\" style=\"font-family: inherit; font-size: inherit;\"><span class=\"plbl\"><a href=\"https:\/\/www.swissraft.ch\/it\/contattaci\/\">contattaci<\/a><\/span><\/span><\/span><\/td><\/tr><tr><td>Orari<\/td><td>10h00 \/ 13h30<\/td><\/tr><tr><td>Canoa o Funyak<\/td><td>circa 2 ore<\/td><\/tr><tr><td>Durata totale<\/td><td>circa 3,5 ore<\/td><\/tr><tr><td>Appuntamento<\/td><td><a href=\"https:\/\/www.google.com\/maps\/place\/Castle+Worth\/@47.6781025,8.6026797,1520m\/data=!3m1!1e3!4m6!3m5!1s0x47907f4acaeca34b:0x477f00860541e875!8m2!3d47.6779522!4d8.6119279!16s%2Fg%2F11b6ydk_21?entry=ttu\" target=\"_blank\" rel=\"noopener\">Schl\u00f6ssli W\u00f6rth vicino a Neuhausen<\/a><\/td><\/tr><tr><td>Difficolt\u00e0<\/td><td>1<\/td><\/tr><tr><td><a href=\"https:\/\/swissraft.outdoorbooking.ch\/fo\/products\/2074?base_id=78&amp;category_id=9&amp;order_type=gift_voucher&amp;lang=it\" target=\"_blank\" rel=\"noopener\"><button class=\"elementor-button\" type=\"button\">ACQUISTO BUONO REGALO \/ BIGLIETTO<\/button><\/a><\/td><td><a href=\"https:\/\/swissraft.outdoorbooking.ch\/fo\/products\/2074?base_id=78&amp;category_id=9&amp;order_type=event&amp;lang=it\" target=\"_blank\" rel=\"noopener\">PRENOTA UNA DATA<\/a> \u00a0<strong>CHF 1&#8217;290.00 (1-12 pers.)<\/strong><\/td><\/tr><tr><td><a href=\"https:\/\/swissraft.outdoorbooking.ch\/fo\/products\/2071?base_id=78&amp;category_id=9&amp;order_type=gift_voucher&amp;lang=it\" target=\"_blank\" rel=\"noopener\"><button class=\"elementor-button\" type=\"button\">ACQUISTO BUONO REGALO \/ BIGLIETTO<\/button><\/a><\/td><td><a href=\"https:\/\/swissraft.outdoorbooking.ch\/fo\/products\/2071?base_id=78&amp;category_id=9&amp;order_type=event&amp;lang=it\" target=\"_blank\" rel=\"noopener\">PRENOTA UNA DATA<\/a> \u00a0<strong>CHF 109.00<\/strong>\/pers.<strong> (13-20 pers.)<\/strong><\/td><\/tr><tr><td><a href=\"https:\/\/swissraft.outdoorbooking.ch\/fo\/products\/2077?base_id=78&amp;category_id=9&amp;order_type=gift_voucher&amp;lang=it\" target=\"_blank\" rel=\"noopener\"><button class=\"elementor-button\" type=\"button\">ACQUISTO BUONO REGALO \/ BIGLIETTO<\/button><\/a><\/td><td><a href=\"https:\/\/swissraft.outdoorbooking.ch\/fo\/products\/2077?base_id=78&amp;category_id=9&amp;order_type=event&amp;lang=it\" target=\"_blank\" rel=\"noopener\">PRENOTA UNA DATA<\/a> \u00a0<strong>CHF 99.00<\/strong>\/pers.<strong> (21-30 pers.)<\/strong><\/td><\/tr><tr><td><a href=\"https:\/\/swissraft.outdoorbooking.ch\/fo\/products\/1958?base_id=78&amp;category_id=9&amp;order_type=gift_voucher&amp;lang=it\" target=\"_blank\" rel=\"noopener\"><button class=\"elementor-button\" type=\"button\">ACQUISTO BUONO REGALO \/ BIGLIETTO<\/button><\/a><\/td><td><a href=\"https:\/\/swissraft.outdoorbooking.ch\/fo\/products\/1958?base_id=78&amp;category_id=9&amp;order_type=event&amp;lang=it\" target=\"_blank\" rel=\"noopener\">PRENOTA UNA DATA<\/a> \u00a0<strong>CHF 90.00<\/strong>\/pers.\u00a0<strong>(a partire da 31 pers.)<\/strong><\/td><\/tr><\/tbody><\/table>\t\t\t\t\t\t<\/div>\n\t\t\t\t<\/div>\n\t\t\t\t\t<\/div>\n\t\t<\/div>\n\t\t\t\t\t\t\t<\/div>\n\t\t<\/section>\n\t\t\t\t\t\t\t<\/div>\n\t\t","protected":false},"excerpt":{"rendered":"<div align=\"justify\">\n<h2 align=\"justify\">Funyak in canoa da Sciaffusa a Rheinau sul Lago di Costanza<\/h2>\n<h3>Questa avventura in Funyak o Ducky \u00e8 perfetta per un&#8217;uscita di gruppo con gli amici.<\/h3>\n<\/div>\n<div align=\"justify\">\n<p>Dopo le famose cascate di Sciaffusa, il Reno offre un&#8217;esperienza unica in canoa, funyak o paperino. Il funyak, o canoa o paperella, \u00e8 adatto a tutti. Che tu sia un principiante o un esperto, questo viaggio ti piacer\u00e0. Inoltre, l&#8217;attivit\u00e0 costruisce lo spirito di squadra. Pagaiare insieme \u00e8 un&#8217;esperienza unica. Le nostre guide ti daranno istruzioni chiare prima di partire. Impari a gestire la barca in modo corretto. Quindi munisciti di giubbotto di salvataggio, casco e pagaia. Questo equipaggiamento garantisce la tua sicurezza. Poi inizia la discesa. Le rapide di classe I offrono la giusta dose di adrenalina. Nel complesso, questa esperienza sul Reno combina avventura, relax e sicurezza. Con uno scenario meraviglioso e un&#8217;attivit\u00e0 accessibile a tutti, la tua giornata sar\u00e0 indimenticabile. Unisciti a noi per un&#8217;eccezionale avventura in canoa, funyak o paperella.<\/p>\n<h3>Offriamo diversi itinerari in Svizzera per la canoa, il funyak o il ducky.<\/h3>\n<p id=\"textarea\" style=\"display: none;\">\nSempre sotto le cascate del Reno, per una giornata in canoa, il tratto Sciaffusa-R\u00fcdlingen. E sul Reno Anteriore nella Surselva, un tratto pi\u00f9 movimentato di mezza giornata tra Ilanz e Valendas o Ilanz &#8211; Reichenau per una giornata di discesa. Oltre al famoso tratto da Valendas a Reichenau, ci sono anche escursioni di mezza giornata sulla Reuss: Bremgarten-Mellingen, Mellingen-Gebenstorf e un&#8217;escursione di un giorno: Bremgarten-Gebenstorf. In Ticino c&#8217;\u00e8 il corso di Cresciano-Gorduno, molto popolare grazie al caldo clima ticinese. In Vallese, sul Rodano, Swissraft ti offre il tratto tra Chippis e San Gallo. L\u00e9onard, ideale per i bambini e gli amanti delle dolci discese. Cos\u00ec come la sezione funyak di Souste-Sierre.\n<\/p>\n<p><a id=\"seeMore\" onclick=\"toggleSeeMore()\" href=\"javascript:void(0);\">Leggi tutto<\/a><\/p>\n","protected":false},"featured_media":90338,"comment_status":"open","ping_status":"closed","template":"","meta":{"inline_featured_image":false,"_mi_skip_tracking":false},"product_cat":[378,377],"product_tag":[],"class_list":["post-92027","product","type-product","status-publish","has-post-thumbnail","hentry","product_cat-canoa-funyak-sul-reno","product_cat-canoa-funyak-o-ducky"],"yoast_head":"<!-- This site is optimized with the Yoast SEO plugin v23.6 - https:\/\/yoast.com\/wordpress\/plugins\/seo\/ -->\n<title>Canoa Funyak Sciaffusa-Rheinau sul Reno<\/title>\n<meta name=\"description\" content=\"Canoa Funyak Sciaffusa-Rheinau sul Reno. Partiamo sotto le famose cascate del Reno per una piacevole discesa. Una bella avventura\" \/>\n<meta name=\"robots\" content=\"index, follow, max-snippet:-1, max-image-preview:large, max-video-preview:-1\" \/>\n<link rel=\"canonical\" href=\"https:\/\/www.swissraft.ch\/it\/prodotto\/canoa-funyak-reno-sciaffusa-rheinau\/\" \/>\n<meta property=\"og:locale\" content=\"it_IT\" \/>\n<meta property=\"og:type\" content=\"article\" \/>\n<meta property=\"og:title\" content=\"Canoa Funyak Sciaffusa-Rheinau sul Reno\" \/>\n<meta property=\"og:description\" content=\"Canoa Funyak Sciaffusa-Rheinau sul Reno. Partiamo sotto le famose cascate del Reno per una piacevole discesa. Una bella avventura\" \/>\n<meta property=\"og:url\" content=\"https:\/\/www.swissraft.ch\/it\/prodotto\/canoa-funyak-reno-sciaffusa-rheinau\/\" \/>\n<meta property=\"og:site_name\" content=\"Swissraft\" \/>\n<meta property=\"article:modified_time\" content=\"2026-04-12T15:54:43+00:00\" \/>\n<meta property=\"og:image\" content=\"https:\/\/www.swissraft.ch\/wp-content\/uploads\/2024\/05\/Funyak-Rhin-776x776-1.jpg\" \/>\n\t<meta property=\"og:image:width\" content=\"776\" \/>\n\t<meta property=\"og:image:height\" content=\"776\" \/>\n\t<meta property=\"og:image:type\" content=\"image\/jpeg\" \/>\n<meta name=\"twitter:card\" content=\"summary_large_image\" \/>\n<meta name=\"twitter:label1\" content=\"Tempo di lettura stimato\" \/>\n\t<meta name=\"twitter:data1\" content=\"1 minuto\" \/>\n<script type=\"application\/ld+json\" class=\"yoast-schema-graph\">{\"@context\":\"https:\/\/schema.org\",\"@graph\":[{\"@type\":\"WebPage\",\"@id\":\"https:\/\/www.swissraft.ch\/it\/prodotto\/canoa-funyak-reno-sciaffusa-rheinau\/\",\"url\":\"https:\/\/www.swissraft.ch\/it\/prodotto\/canoa-funyak-reno-sciaffusa-rheinau\/\",\"name\":\"Canoa Funyak Sciaffusa-Rheinau sul Reno\",\"isPartOf\":{\"@id\":\"https:\/\/www.swissraft.ch\/it\/#website\"},\"primaryImageOfPage\":{\"@id\":\"https:\/\/www.swissraft.ch\/it\/prodotto\/canoa-funyak-reno-sciaffusa-rheinau\/#primaryimage\"},\"image\":{\"@id\":\"https:\/\/www.swissraft.ch\/it\/prodotto\/canoa-funyak-reno-sciaffusa-rheinau\/#primaryimage\"},\"thumbnailUrl\":\"https:\/\/www.swissraft.ch\/wp-content\/uploads\/2024\/05\/Funyak-Rhin-776x776-1.jpg\",\"datePublished\":\"2024-05-22T16:50:44+00:00\",\"dateModified\":\"2026-04-12T15:54:43+00:00\",\"description\":\"Canoa Funyak Sciaffusa-Rheinau sul Reno. Partiamo sotto le famose cascate del Reno per una piacevole discesa. Una bella avventura\",\"breadcrumb\":{\"@id\":\"https:\/\/www.swissraft.ch\/it\/prodotto\/canoa-funyak-reno-sciaffusa-rheinau\/#breadcrumb\"},\"inLanguage\":\"it-IT\",\"potentialAction\":[{\"@type\":\"ReadAction\",\"target\":[\"https:\/\/www.swissraft.ch\/it\/prodotto\/canoa-funyak-reno-sciaffusa-rheinau\/\"]}]},{\"@type\":\"ImageObject\",\"inLanguage\":\"it-IT\",\"@id\":\"https:\/\/www.swissraft.ch\/it\/prodotto\/canoa-funyak-reno-sciaffusa-rheinau\/#primaryimage\",\"url\":\"https:\/\/www.swissraft.ch\/wp-content\/uploads\/2024\/05\/Funyak-Rhin-776x776-1.jpg\",\"contentUrl\":\"https:\/\/www.swissraft.ch\/wp-content\/uploads\/2024\/05\/Funyak-Rhin-776x776-1.jpg\",\"width\":776,\"height\":776,\"caption\":\"Canoa funyak sul Reno tra Sciaffusa e Rheinau\"},{\"@type\":\"BreadcrumbList\",\"@id\":\"https:\/\/www.swissraft.ch\/it\/prodotto\/canoa-funyak-reno-sciaffusa-rheinau\/#breadcrumb\",\"itemListElement\":[{\"@type\":\"ListItem\",\"position\":1,\"name\":\"Accueil\",\"item\":\"https:\/\/www.swissraft.ch\/it\/\"},{\"@type\":\"ListItem\",\"position\":2,\"name\":\"Negozio\",\"item\":\"https:\/\/www.swissraft.ch\/it\/negozio\/\"},{\"@type\":\"ListItem\",\"position\":3,\"name\":\"Canoa o Funyak &#8211; Reno &#8211; Sciaffusa-Rheinau &#8211; Da CHF 79.00\"}]},{\"@type\":\"WebSite\",\"@id\":\"https:\/\/www.swissraft.ch\/it\/#website\",\"url\":\"https:\/\/www.swissraft.ch\/it\/\",\"name\":\"Swissraft\",\"description\":\"To enjoy nature as it is\",\"publisher\":{\"@id\":\"https:\/\/www.swissraft.ch\/it\/#organization\"},\"potentialAction\":[{\"@type\":\"SearchAction\",\"target\":{\"@type\":\"EntryPoint\",\"urlTemplate\":\"https:\/\/www.swissraft.ch\/it\/?s={search_term_string}\"},\"query-input\":{\"@type\":\"PropertyValueSpecification\",\"valueRequired\":true,\"valueName\":\"search_term_string\"}}],\"inLanguage\":\"it-IT\"},{\"@type\":\"Organization\",\"@id\":\"https:\/\/www.swissraft.ch\/it\/#organization\",\"name\":\"Swissraft\",\"url\":\"https:\/\/www.swissraft.ch\/it\/\",\"logo\":{\"@type\":\"ImageObject\",\"inLanguage\":\"it-IT\",\"@id\":\"https:\/\/www.swissraft.ch\/it\/#\/schema\/logo\/image\/\",\"url\":\"https:\/\/www.swissraft.ch\/wp-content\/uploads\/2025\/09\/Capture.jpg\",\"contentUrl\":\"https:\/\/www.swissraft.ch\/wp-content\/uploads\/2025\/09\/Capture.jpg\",\"width\":293,\"height\":108,\"caption\":\"Swissraft\"},\"image\":{\"@id\":\"https:\/\/www.swissraft.ch\/it\/#\/schema\/logo\/image\/\"}}]}<\/script>\n<!-- \/ Yoast SEO plugin. -->","yoast_head_json":{"title":"Canoa Funyak Sciaffusa-Rheinau sul Reno","description":"Canoa Funyak Sciaffusa-Rheinau sul Reno. Partiamo sotto le famose cascate del Reno per una piacevole discesa. Una bella avventura","robots":{"index":"index","follow":"follow","max-snippet":"max-snippet:-1","max-image-preview":"max-image-preview:large","max-video-preview":"max-video-preview:-1"},"canonical":"https:\/\/www.swissraft.ch\/it\/prodotto\/canoa-funyak-reno-sciaffusa-rheinau\/","og_locale":"it_IT","og_type":"article","og_title":"Canoa Funyak Sciaffusa-Rheinau sul Reno","og_description":"Canoa Funyak Sciaffusa-Rheinau sul Reno. Partiamo sotto le famose cascate del Reno per una piacevole discesa. Una bella avventura","og_url":"https:\/\/www.swissraft.ch\/it\/prodotto\/canoa-funyak-reno-sciaffusa-rheinau\/","og_site_name":"Swissraft","article_modified_time":"2026-04-12T15:54:43+00:00","og_image":[{"width":776,"height":776,"url":"https:\/\/www.swissraft.ch\/wp-content\/uploads\/2024\/05\/Funyak-Rhin-776x776-1.jpg","type":"image\/jpeg"}],"twitter_card":"summary_large_image","twitter_misc":{"Tempo di lettura stimato":"1 minuto"},"schema":{"@context":"https:\/\/schema.org","@graph":[{"@type":"WebPage","@id":"https:\/\/www.swissraft.ch\/it\/prodotto\/canoa-funyak-reno-sciaffusa-rheinau\/","url":"https:\/\/www.swissraft.ch\/it\/prodotto\/canoa-funyak-reno-sciaffusa-rheinau\/","name":"Canoa Funyak Sciaffusa-Rheinau sul Reno","isPartOf":{"@id":"https:\/\/www.swissraft.ch\/it\/#website"},"primaryImageOfPage":{"@id":"https:\/\/www.swissraft.ch\/it\/prodotto\/canoa-funyak-reno-sciaffusa-rheinau\/#primaryimage"},"image":{"@id":"https:\/\/www.swissraft.ch\/it\/prodotto\/canoa-funyak-reno-sciaffusa-rheinau\/#primaryimage"},"thumbnailUrl":"https:\/\/www.swissraft.ch\/wp-content\/uploads\/2024\/05\/Funyak-Rhin-776x776-1.jpg","datePublished":"2024-05-22T16:50:44+00:00","dateModified":"2026-04-12T15:54:43+00:00","description":"Canoa Funyak Sciaffusa-Rheinau sul Reno. Partiamo sotto le famose cascate del Reno per una piacevole discesa. Una bella avventura","breadcrumb":{"@id":"https:\/\/www.swissraft.ch\/it\/prodotto\/canoa-funyak-reno-sciaffusa-rheinau\/#breadcrumb"},"inLanguage":"it-IT","potentialAction":[{"@type":"ReadAction","target":["https:\/\/www.swissraft.ch\/it\/prodotto\/canoa-funyak-reno-sciaffusa-rheinau\/"]}]},{"@type":"ImageObject","inLanguage":"it-IT","@id":"https:\/\/www.swissraft.ch\/it\/prodotto\/canoa-funyak-reno-sciaffusa-rheinau\/#primaryimage","url":"https:\/\/www.swissraft.ch\/wp-content\/uploads\/2024\/05\/Funyak-Rhin-776x776-1.jpg","contentUrl":"https:\/\/www.swissraft.ch\/wp-content\/uploads\/2024\/05\/Funyak-Rhin-776x776-1.jpg","width":776,"height":776,"caption":"Canoa funyak sul Reno tra Sciaffusa e Rheinau"},{"@type":"BreadcrumbList","@id":"https:\/\/www.swissraft.ch\/it\/prodotto\/canoa-funyak-reno-sciaffusa-rheinau\/#breadcrumb","itemListElement":[{"@type":"ListItem","position":1,"name":"Accueil","item":"https:\/\/www.swissraft.ch\/it\/"},{"@type":"ListItem","position":2,"name":"Negozio","item":"https:\/\/www.swissraft.ch\/it\/negozio\/"},{"@type":"ListItem","position":3,"name":"Canoa o Funyak &#8211; Reno &#8211; Sciaffusa-Rheinau &#8211; Da CHF 79.00"}]},{"@type":"WebSite","@id":"https:\/\/www.swissraft.ch\/it\/#website","url":"https:\/\/www.swissraft.ch\/it\/","name":"Swissraft","description":"To enjoy nature as it is","publisher":{"@id":"https:\/\/www.swissraft.ch\/it\/#organization"},"potentialAction":[{"@type":"SearchAction","target":{"@type":"EntryPoint","urlTemplate":"https:\/\/www.swissraft.ch\/it\/?s={search_term_string}"},"query-input":{"@type":"PropertyValueSpecification","valueRequired":true,"valueName":"search_term_string"}}],"inLanguage":"it-IT"},{"@type":"Organization","@id":"https:\/\/www.swissraft.ch\/it\/#organization","name":"Swissraft","url":"https:\/\/www.swissraft.ch\/it\/","logo":{"@type":"ImageObject","inLanguage":"it-IT","@id":"https:\/\/www.swissraft.ch\/it\/#\/schema\/logo\/image\/","url":"https:\/\/www.swissraft.ch\/wp-content\/uploads\/2025\/09\/Capture.jpg","contentUrl":"https:\/\/www.swissraft.ch\/wp-content\/uploads\/2025\/09\/Capture.jpg","width":293,"height":108,"caption":"Swissraft"},"image":{"@id":"https:\/\/www.swissraft.ch\/it\/#\/schema\/logo\/image\/"}}]}},"_links":{"self":[{"href":"https:\/\/www.swissraft.ch\/it\/wp-json\/wp\/v2\/product\/92027","targetHints":{"allow":["GET"]}}],"collection":[{"href":"https:\/\/www.swissraft.ch\/it\/wp-json\/wp\/v2\/product"}],"about":[{"href":"https:\/\/www.swissraft.ch\/it\/wp-json\/wp\/v2\/types\/product"}],"replies":[{"embeddable":true,"href":"https:\/\/www.swissraft.ch\/it\/wp-json\/wp\/v2\/comments?post=92027"}],"version-history":[{"count":34,"href":"https:\/\/www.swissraft.ch\/it\/wp-json\/wp\/v2\/product\/92027\/revisions"}],"predecessor-version":[{"id":139751,"href":"https:\/\/www.swissraft.ch\/it\/wp-json\/wp\/v2\/product\/92027\/revisions\/139751"}],"wp:featuredmedia":[{"embeddable":true,"href":"https:\/\/www.swissraft.ch\/it\/wp-json\/wp\/v2\/media\/90338"}],"wp:attachment":[{"href":"https:\/\/www.swissraft.ch\/it\/wp-json\/wp\/v2\/media?parent=92027"}],"wp:term":[{"taxonomy":"product_cat","embeddable":true,"href":"https:\/\/www.swissraft.ch\/it\/wp-json\/wp\/v2\/product_cat?post=92027"},{"taxonomy":"product_tag","embeddable":true,"href":"https:\/\/www.swissraft.ch\/it\/wp-json\/wp\/v2\/product_tag?post=92027"}],"curies":[{"name":"wp","href":"https:\/\/api.w.org\/{rel}","templated":true}]}}