{"id":92018,"date":"2024-05-21T02:49:04","date_gmt":"2024-05-21T00:49:04","guid":{"rendered":"https:\/\/swissraft.xyanzkdne.eu\/product\/canoa-funyak-sulla-rhine-versam-reichenau-a-partire-da-chf-135-00\/"},"modified":"2026-04-12T22:21:50","modified_gmt":"2026-04-12T20:21:50","slug":"canoa-funyak-rhine-versam-reichenau","status":"publish","type":"product","link":"https:\/\/www.swissraft.ch\/it\/prodotto\/canoa-funyak-rhine-versam-reichenau\/","title":{"rendered":"Canoa o Funyak &#8211; Reno &#8211; Versam-Reichenau &#8211; Da CHF 135.00"},"content":{"rendered":"\t\t<div data-elementor-type=\"wp-post\" data-elementor-id=\"92018\" class=\"elementor elementor-92018 elementor-67466\">\n\t\t\t\t\t\t\t\t\t<section class=\"elementor-section elementor-top-section elementor-element elementor-element-3303a7e3 elementor-section-boxed elementor-section-height-default elementor-section-height-default\" data-id=\"3303a7e3\" data-element_type=\"section\">\n\t\t\t\t\t\t<div class=\"elementor-container elementor-column-gap-default\">\n\t\t\t\t\t<div class=\"elementor-column elementor-col-100 elementor-top-column elementor-element elementor-element-16d72dbf\" data-id=\"16d72dbf\" data-element_type=\"column\">\n\t\t\t<div class=\"elementor-widget-wrap elementor-element-populated\">\n\t\t\t\t\t\t\t\t<div class=\"elementor-element elementor-element-d743c03 elementor-widget elementor-widget-text-editor\" data-id=\"d743c03\" data-element_type=\"widget\" data-widget_type=\"text-editor.default\">\n\t\t\t\t<div class=\"elementor-widget-container\">\n\t\t\t\t\t\t\t<h2>SCEGLI LA TUA ATTIVIT\u00c0 QUI SOTTO PER OFFRIRE BUONI REGALO \/ BIGLIETTI O EFFETTUARE UNA PRENOTAZIONE<\/h2><table border=\"0\" width=\"580\" cellspacing=\"10\" cellpadding=\"10\"><tbody><tr><td width=\"50%\"><strong>CANOA O FUNYAK &#8211; RENO + aperitivo<\/strong><\/td><td><strong><span class=\"productPrice\">CHF 170.00 a persona<\/span><\/strong><\/td><\/tr><tr><td>Informazioni aggiuntive<\/td><td>&#8211; <span class=\"plbl\"> Prezzo giovani <\/span>: <span class=\"patt\"><strong>CHF 135.00<\/strong>\/pers. fino a 17 anni<br \/>&#8211; Et\u00e0 minima : 12 anni<br \/>&#8211; Prezzo scuola : <span class=\"patt\" style=\"font-family: inherit; font-size: inherit;\"><span class=\"plbl\"><a href=\"https:\/\/www.swissraft.ch\/it\/contattaci\/\">contattaci<\/a><\/span><\/span><\/span><\/td><\/tr><tr><td>Orari<\/td><td>09h20 \/ 13h20<\/td><\/tr><tr><td>Canoa o Funyak<\/td><td>circa. 2 ore<\/td><\/tr><tr><td>Durata totale<\/td><td>circa. 3,5 ore<\/td><\/tr><tr><td>Appuntamento<\/td><td><a href=\"https:\/\/www.google.com\/maps\/place\/46%C2%B049'29.1%22N+9%C2%B024'21.6%22E\/@46.8249245,9.3967443,1544m\/data=!3m1!1e3!4m4!3m3!8m2!3d46.82475!4d9.406?entry=ttu\" target=\"_blank\" rel=\"noopener\">Reichenau-Tamins<\/a><\/td><\/tr><tr><td>Difficolt\u00e0<\/td><td>1<\/td><\/tr><tr><td><a href=\"https:\/\/swissraft.outdoorbooking.ch\/fo\/products\/2080?base_id=2&amp;category_id=9&amp;order_type=gift_voucher&amp;lang=it\" target=\"_blank\" rel=\"noopener\"> <button class=\"elementor-button\" type=\"button\">ACQUISTO BUONO REGALO \/ BIGLIETTO<\/button><\/a><\/td><td><a href=\"https:\/\/swissraft.outdoorbooking.ch\/fo\/products\/2080?base_id=2&amp;category_id=9&amp;order_type=event&amp;lang=it\" target=\"_blank\" rel=\"noopener\">PRENOTA UNA DATA<\/a> \u00a0<strong>CHF 170.00<\/strong>\/pers.<\/td><\/tr><tr><td><a href=\"https:\/\/swissraft.outdoorbooking.ch\/fo\/products\/1935?base_id=2&amp;category_id=9&amp;order_type=gift_voucher&amp;lang=it\" target=\"_blank\" rel=\"noopener\"> <button class=\"elementor-button\" type=\"button\">ACQUISTO BUONO REGALO \/ BIGLIETTO<\/button><\/a><\/td><td><a href=\"https:\/\/swissraft.outdoorbooking.ch\/fo\/products\/1935?base_id=2&amp;category_id=9&amp;order_type=event&amp;lang=it\" target=\"_blank\" rel=\"noopener\">PRENOTA UNA DATA<\/a> \u00a0<strong>CHF 135.00<\/strong>\/pers.<strong> (5-12 pers.)<\/strong><\/td><\/tr><tr><td><a href=\"https:\/\/swissraft.outdoorbooking.ch\/fo\/products\/1933?base_id=2&amp;category_id=9&amp;order_type=gift_voucher&amp;lang=it\" target=\"_blank\" rel=\"noopener\"> <button class=\"elementor-button\" type=\"button\">ACQUISTO BUONO REGALO \/ BIGLIETTO<\/button><\/a><\/td><td><a href=\"https:\/\/swissraft.outdoorbooking.ch\/fo\/products\/1933?base_id=2&amp;category_id=9&amp;order_type=event&amp;lang=it\" target=\"_blank\" rel=\"noopener\">PRENOTA UNA DATA<\/a> \u00a0<strong>CHF 390.00 <\/strong><strong>(famiglia di 3 pers.)<\/strong><\/td><\/tr><tr><td><a href=\"https:\/\/swissraft.outdoorbooking.ch\/fo\/products\/1934?base_id=2&amp;category_id=9&amp;order_type=gift_voucher&amp;lang=it\" target=\"_blank\" rel=\"noopener\"> <button class=\"elementor-button\" type=\"button\">ACQUISTO BUONO REGALO \/ BIGLIETTO<\/button><\/a><\/td><td><a href=\"https:\/\/swissraft.outdoorbooking.ch\/fo\/products\/1934?base_id=2&amp;category_id=9&amp;order_type=event&amp;lang=it\" target=\"_blank\" rel=\"noopener\">PRENOTA UNA DATA<\/a> \u00a0<strong>CHF 500.00 <\/strong><strong>(famiglia di 4 pers.)<\/strong><\/td><\/tr><\/tbody><\/table>\t\t\t\t\t\t<\/div>\n\t\t\t\t<\/div>\n\t\t\t\t\t<\/div>\n\t\t<\/div>\n\t\t\t\t\t\t\t<\/div>\n\t\t<\/section>\n\t\t\t\t\t\t\t<\/div>\n\t\t","protected":false},"excerpt":{"rendered":"<div align=\"justify\">\n<h2 align=\"justify\">Canoa o funyak da Versam a Reichenau attraverso il Grand Canyon svizzero<\/h2>\n<h3>Questa avventura di Funyak \u00e8 uno dei grandi classici di questa disciplina<\/h3>\n<\/div>\n<div align=\"justify\">\n<p>Il Grand Canyon svizzero offre un&#8217;esperienza unica in canoa, funyak o ducky. Esplora questo spettacolare canyon con i suoi paesaggi mozzafiato. Per prima cosa, scegli la tua barca preferita. Allora preparati a vivere un&#8217;avventura indimenticabile.<br \/>\nIl funyak, conosciuto anche come canoa o ducky, \u00e8 perfetto per tutti. Che tu sia un principiante o un esperto, questo viaggio ti piacer\u00e0. Inoltre, l&#8217;attivit\u00e0 costruisce lo spirito di squadra. Pagaiate insieme, condividendo momenti memorabili. Poi, ti serviranno un giubbotto di salvataggio, un casco e una pagaia. Questo equipaggiamento garantisce la tua sicurezza. Le nostre guide ti daranno istruzioni chiare prima di partire. Impari a gestire la tua barca in modo corretto. Poi inizia la discesa. Le rapide di classe I e II offrono la giusta dose di adrenalina. Tra due rapide, ammira le impressionanti scogliere. Infine, questa esperienza nel Grand Canyon svizzero combina avventura, relax e sicurezza. Con uno scenario spettacolare e un&#8217;attivit\u00e0 accessibile a tutti, la tua giornata sar\u00e0 memorabile. Unisciti a noi per un&#8217;indimenticabile avventura in canoa, funyak o paperella.<\/p>\n<h3>Offriamo una serie di percorsi sui fiumi della Svizzera per la canoa, il funyak o il ducky.<\/h3>\n<p id=\"textarea\" style=\"display: none;\">\nSempre sul Reno Anteriore, un tratto pi\u00f9 movimentato da Ilanz a Valendas o una gita di un giorno da Ilanz a Reichenau. Oppure fai una gita di mezza giornata sotto le cascate del Reno lungo il percorso Sciaffusa-Rheinau. Ma anche il percorso Sciaffusa-R\u00fcdlingen, una discesa di un giorno. Ti piaceranno anche le escursioni di mezza giornata Bremgarten-Mellingen, Mellingen-Gebenstorf e Bremgarten-Gebenstorf di un giorno sulla Reuss. Nel Vallese, sul Rodano, proponiamo il tratto tra Chippis e San L\u00e9onard, un tratto tranquillo del Rodano, e il percorso Souste-Sierre, che si trova a un livello superiore. Infine, in Ticino, c&#8217;\u00e8 il percorso funyak da Cresciano a Gorduno, ideale per una gita scolastica.\n<\/p>\n<p><a id=\"seeMore\" onclick=\"toggleSeeMore()\" href=\"javascript:void(0);\">Leggi tutto<\/a><\/p>\n","protected":false},"featured_media":90389,"comment_status":"open","ping_status":"closed","template":"","meta":{"inline_featured_image":false,"_mi_skip_tracking":false},"product_cat":[378,377],"product_tag":[],"class_list":["post-92018","product","type-product","status-publish","has-post-thumbnail","hentry","product_cat-canoa-funyak-sul-reno","product_cat-canoa-funyak-o-ducky"],"yoast_head":"<!-- This site is optimized with the Yoast SEO plugin v23.6 - https:\/\/yoast.com\/wordpress\/plugins\/seo\/ -->\n<title>Versam-Reichenau in canoa sul Reno nel Grand Canyon svizzero<\/title>\n<meta name=\"description\" content=\"In canoa a Versam-Reichenau, sul Reno nel famoso Grand Canyon svizzero. Questo \u00e8 uno dei tratti preferiti dagli appassionati di canoa, funyak e ducky.\" \/>\n<meta name=\"robots\" content=\"index, follow, max-snippet:-1, max-image-preview:large, max-video-preview:-1\" \/>\n<link rel=\"canonical\" href=\"https:\/\/www.swissraft.ch\/it\/prodotto\/canoa-funyak-rhine-versam-reichenau\/\" \/>\n<meta property=\"og:locale\" content=\"it_IT\" \/>\n<meta property=\"og:type\" content=\"article\" \/>\n<meta property=\"og:title\" content=\"Versam-Reichenau in canoa sul Reno nel Grand Canyon svizzero\" \/>\n<meta property=\"og:description\" content=\"In canoa a Versam-Reichenau, sul Reno nel famoso Grand Canyon svizzero. Questo \u00e8 uno dei tratti preferiti dagli appassionati di canoa, funyak e ducky.\" \/>\n<meta property=\"og:url\" content=\"https:\/\/www.swissraft.ch\/it\/prodotto\/canoa-funyak-rhine-versam-reichenau\/\" \/>\n<meta property=\"og:site_name\" content=\"Swissraft\" \/>\n<meta property=\"article:modified_time\" content=\"2026-04-12T20:21:50+00:00\" \/>\n<meta property=\"og:image\" content=\"https:\/\/www.swissraft.ch\/wp-content\/uploads\/2024\/05\/Funyak-Vorderrhein-776x776-1.jpg\" \/>\n\t<meta property=\"og:image:width\" content=\"776\" \/>\n\t<meta property=\"og:image:height\" content=\"776\" \/>\n\t<meta property=\"og:image:type\" content=\"image\/jpeg\" \/>\n<meta name=\"twitter:card\" content=\"summary_large_image\" \/>\n<meta name=\"twitter:label1\" content=\"Tempo di lettura stimato\" \/>\n\t<meta name=\"twitter:data1\" content=\"1 minuto\" \/>\n<script type=\"application\/ld+json\" class=\"yoast-schema-graph\">{\"@context\":\"https:\/\/schema.org\",\"@graph\":[{\"@type\":\"WebPage\",\"@id\":\"https:\/\/www.swissraft.ch\/it\/prodotto\/canoa-funyak-rhine-versam-reichenau\/\",\"url\":\"https:\/\/www.swissraft.ch\/it\/prodotto\/canoa-funyak-rhine-versam-reichenau\/\",\"name\":\"Versam-Reichenau in canoa sul Reno nel Grand Canyon svizzero\",\"isPartOf\":{\"@id\":\"https:\/\/www.swissraft.ch\/it\/#website\"},\"primaryImageOfPage\":{\"@id\":\"https:\/\/www.swissraft.ch\/it\/prodotto\/canoa-funyak-rhine-versam-reichenau\/#primaryimage\"},\"image\":{\"@id\":\"https:\/\/www.swissraft.ch\/it\/prodotto\/canoa-funyak-rhine-versam-reichenau\/#primaryimage\"},\"thumbnailUrl\":\"https:\/\/www.swissraft.ch\/wp-content\/uploads\/2024\/05\/Funyak-Vorderrhein-776x776-1.jpg\",\"datePublished\":\"2024-05-21T00:49:04+00:00\",\"dateModified\":\"2026-04-12T20:21:50+00:00\",\"description\":\"In canoa a Versam-Reichenau, sul Reno nel famoso Grand Canyon svizzero. Questo \u00e8 uno dei tratti preferiti dagli appassionati di canoa, funyak e ducky.\",\"breadcrumb\":{\"@id\":\"https:\/\/www.swissraft.ch\/it\/prodotto\/canoa-funyak-rhine-versam-reichenau\/#breadcrumb\"},\"inLanguage\":\"it-IT\",\"potentialAction\":[{\"@type\":\"ReadAction\",\"target\":[\"https:\/\/www.swissraft.ch\/it\/prodotto\/canoa-funyak-rhine-versam-reichenau\/\"]}]},{\"@type\":\"ImageObject\",\"inLanguage\":\"it-IT\",\"@id\":\"https:\/\/www.swissraft.ch\/it\/prodotto\/canoa-funyak-rhine-versam-reichenau\/#primaryimage\",\"url\":\"https:\/\/www.swissraft.ch\/wp-content\/uploads\/2024\/05\/Funyak-Vorderrhein-776x776-1.jpg\",\"contentUrl\":\"https:\/\/www.swissraft.ch\/wp-content\/uploads\/2024\/05\/Funyak-Vorderrhein-776x776-1.jpg\",\"width\":776,\"height\":776,\"caption\":\"Canoa o Funyak Versam Reichenau sul Reno Anteriore\"},{\"@type\":\"BreadcrumbList\",\"@id\":\"https:\/\/www.swissraft.ch\/it\/prodotto\/canoa-funyak-rhine-versam-reichenau\/#breadcrumb\",\"itemListElement\":[{\"@type\":\"ListItem\",\"position\":1,\"name\":\"Accueil\",\"item\":\"https:\/\/www.swissraft.ch\/it\/\"},{\"@type\":\"ListItem\",\"position\":2,\"name\":\"Negozio\",\"item\":\"https:\/\/www.swissraft.ch\/it\/negozio\/\"},{\"@type\":\"ListItem\",\"position\":3,\"name\":\"Canoa o Funyak &#8211; Reno &#8211; Versam-Reichenau &#8211; Da CHF 135.00\"}]},{\"@type\":\"WebSite\",\"@id\":\"https:\/\/www.swissraft.ch\/it\/#website\",\"url\":\"https:\/\/www.swissraft.ch\/it\/\",\"name\":\"Swissraft\",\"description\":\"To enjoy nature as it is\",\"publisher\":{\"@id\":\"https:\/\/www.swissraft.ch\/it\/#organization\"},\"potentialAction\":[{\"@type\":\"SearchAction\",\"target\":{\"@type\":\"EntryPoint\",\"urlTemplate\":\"https:\/\/www.swissraft.ch\/it\/?s={search_term_string}\"},\"query-input\":{\"@type\":\"PropertyValueSpecification\",\"valueRequired\":true,\"valueName\":\"search_term_string\"}}],\"inLanguage\":\"it-IT\"},{\"@type\":\"Organization\",\"@id\":\"https:\/\/www.swissraft.ch\/it\/#organization\",\"name\":\"Swissraft\",\"url\":\"https:\/\/www.swissraft.ch\/it\/\",\"logo\":{\"@type\":\"ImageObject\",\"inLanguage\":\"it-IT\",\"@id\":\"https:\/\/www.swissraft.ch\/it\/#\/schema\/logo\/image\/\",\"url\":\"https:\/\/www.swissraft.ch\/wp-content\/uploads\/2025\/09\/Capture.jpg\",\"contentUrl\":\"https:\/\/www.swissraft.ch\/wp-content\/uploads\/2025\/09\/Capture.jpg\",\"width\":293,\"height\":108,\"caption\":\"Swissraft\"},\"image\":{\"@id\":\"https:\/\/www.swissraft.ch\/it\/#\/schema\/logo\/image\/\"}}]}<\/script>\n<!-- \/ Yoast SEO plugin. -->","yoast_head_json":{"title":"Versam-Reichenau in canoa sul Reno nel Grand Canyon svizzero","description":"In canoa a Versam-Reichenau, sul Reno nel famoso Grand Canyon svizzero. Questo \u00e8 uno dei tratti preferiti dagli appassionati di canoa, funyak e ducky.","robots":{"index":"index","follow":"follow","max-snippet":"max-snippet:-1","max-image-preview":"max-image-preview:large","max-video-preview":"max-video-preview:-1"},"canonical":"https:\/\/www.swissraft.ch\/it\/prodotto\/canoa-funyak-rhine-versam-reichenau\/","og_locale":"it_IT","og_type":"article","og_title":"Versam-Reichenau in canoa sul Reno nel Grand Canyon svizzero","og_description":"In canoa a Versam-Reichenau, sul Reno nel famoso Grand Canyon svizzero. Questo \u00e8 uno dei tratti preferiti dagli appassionati di canoa, funyak e ducky.","og_url":"https:\/\/www.swissraft.ch\/it\/prodotto\/canoa-funyak-rhine-versam-reichenau\/","og_site_name":"Swissraft","article_modified_time":"2026-04-12T20:21:50+00:00","og_image":[{"width":776,"height":776,"url":"https:\/\/www.swissraft.ch\/wp-content\/uploads\/2024\/05\/Funyak-Vorderrhein-776x776-1.jpg","type":"image\/jpeg"}],"twitter_card":"summary_large_image","twitter_misc":{"Tempo di lettura stimato":"1 minuto"},"schema":{"@context":"https:\/\/schema.org","@graph":[{"@type":"WebPage","@id":"https:\/\/www.swissraft.ch\/it\/prodotto\/canoa-funyak-rhine-versam-reichenau\/","url":"https:\/\/www.swissraft.ch\/it\/prodotto\/canoa-funyak-rhine-versam-reichenau\/","name":"Versam-Reichenau in canoa sul Reno nel Grand Canyon svizzero","isPartOf":{"@id":"https:\/\/www.swissraft.ch\/it\/#website"},"primaryImageOfPage":{"@id":"https:\/\/www.swissraft.ch\/it\/prodotto\/canoa-funyak-rhine-versam-reichenau\/#primaryimage"},"image":{"@id":"https:\/\/www.swissraft.ch\/it\/prodotto\/canoa-funyak-rhine-versam-reichenau\/#primaryimage"},"thumbnailUrl":"https:\/\/www.swissraft.ch\/wp-content\/uploads\/2024\/05\/Funyak-Vorderrhein-776x776-1.jpg","datePublished":"2024-05-21T00:49:04+00:00","dateModified":"2026-04-12T20:21:50+00:00","description":"In canoa a Versam-Reichenau, sul Reno nel famoso Grand Canyon svizzero. Questo \u00e8 uno dei tratti preferiti dagli appassionati di canoa, funyak e ducky.","breadcrumb":{"@id":"https:\/\/www.swissraft.ch\/it\/prodotto\/canoa-funyak-rhine-versam-reichenau\/#breadcrumb"},"inLanguage":"it-IT","potentialAction":[{"@type":"ReadAction","target":["https:\/\/www.swissraft.ch\/it\/prodotto\/canoa-funyak-rhine-versam-reichenau\/"]}]},{"@type":"ImageObject","inLanguage":"it-IT","@id":"https:\/\/www.swissraft.ch\/it\/prodotto\/canoa-funyak-rhine-versam-reichenau\/#primaryimage","url":"https:\/\/www.swissraft.ch\/wp-content\/uploads\/2024\/05\/Funyak-Vorderrhein-776x776-1.jpg","contentUrl":"https:\/\/www.swissraft.ch\/wp-content\/uploads\/2024\/05\/Funyak-Vorderrhein-776x776-1.jpg","width":776,"height":776,"caption":"Canoa o Funyak Versam Reichenau sul Reno Anteriore"},{"@type":"BreadcrumbList","@id":"https:\/\/www.swissraft.ch\/it\/prodotto\/canoa-funyak-rhine-versam-reichenau\/#breadcrumb","itemListElement":[{"@type":"ListItem","position":1,"name":"Accueil","item":"https:\/\/www.swissraft.ch\/it\/"},{"@type":"ListItem","position":2,"name":"Negozio","item":"https:\/\/www.swissraft.ch\/it\/negozio\/"},{"@type":"ListItem","position":3,"name":"Canoa o Funyak &#8211; Reno &#8211; Versam-Reichenau &#8211; Da CHF 135.00"}]},{"@type":"WebSite","@id":"https:\/\/www.swissraft.ch\/it\/#website","url":"https:\/\/www.swissraft.ch\/it\/","name":"Swissraft","description":"To enjoy nature as it is","publisher":{"@id":"https:\/\/www.swissraft.ch\/it\/#organization"},"potentialAction":[{"@type":"SearchAction","target":{"@type":"EntryPoint","urlTemplate":"https:\/\/www.swissraft.ch\/it\/?s={search_term_string}"},"query-input":{"@type":"PropertyValueSpecification","valueRequired":true,"valueName":"search_term_string"}}],"inLanguage":"it-IT"},{"@type":"Organization","@id":"https:\/\/www.swissraft.ch\/it\/#organization","name":"Swissraft","url":"https:\/\/www.swissraft.ch\/it\/","logo":{"@type":"ImageObject","inLanguage":"it-IT","@id":"https:\/\/www.swissraft.ch\/it\/#\/schema\/logo\/image\/","url":"https:\/\/www.swissraft.ch\/wp-content\/uploads\/2025\/09\/Capture.jpg","contentUrl":"https:\/\/www.swissraft.ch\/wp-content\/uploads\/2025\/09\/Capture.jpg","width":293,"height":108,"caption":"Swissraft"},"image":{"@id":"https:\/\/www.swissraft.ch\/it\/#\/schema\/logo\/image\/"}}]}},"_links":{"self":[{"href":"https:\/\/www.swissraft.ch\/it\/wp-json\/wp\/v2\/product\/92018","targetHints":{"allow":["GET"]}}],"collection":[{"href":"https:\/\/www.swissraft.ch\/it\/wp-json\/wp\/v2\/product"}],"about":[{"href":"https:\/\/www.swissraft.ch\/it\/wp-json\/wp\/v2\/types\/product"}],"replies":[{"embeddable":true,"href":"https:\/\/www.swissraft.ch\/it\/wp-json\/wp\/v2\/comments?post=92018"}],"version-history":[{"count":48,"href":"https:\/\/www.swissraft.ch\/it\/wp-json\/wp\/v2\/product\/92018\/revisions"}],"predecessor-version":[{"id":139782,"href":"https:\/\/www.swissraft.ch\/it\/wp-json\/wp\/v2\/product\/92018\/revisions\/139782"}],"wp:featuredmedia":[{"embeddable":true,"href":"https:\/\/www.swissraft.ch\/it\/wp-json\/wp\/v2\/media\/90389"}],"wp:attachment":[{"href":"https:\/\/www.swissraft.ch\/it\/wp-json\/wp\/v2\/media?parent=92018"}],"wp:term":[{"taxonomy":"product_cat","embeddable":true,"href":"https:\/\/www.swissraft.ch\/it\/wp-json\/wp\/v2\/product_cat?post=92018"},{"taxonomy":"product_tag","embeddable":true,"href":"https:\/\/www.swissraft.ch\/it\/wp-json\/wp\/v2\/product_tag?post=92018"}],"curies":[{"name":"wp","href":"https:\/\/api.w.org\/{rel}","templated":true}]}}