{"id":143548,"date":"2026-05-09T01:02:01","date_gmt":"2026-05-08T23:02:01","guid":{"rendered":"https:\/\/www.swissraft.ch\/?post_type=product&#038;p=143548"},"modified":"2026-05-09T03:34:02","modified_gmt":"2026-05-09T01:34:02","slug":"volo-aereo-bienne-i-3-laghi","status":"publish","type":"product","link":"https:\/\/www.swissraft.ch\/it\/prodotto\/volo-aereo-bienne-i-3-laghi\/","title":{"rendered":"Volo in aereo &#8211; Bienne &#8211; I 3 laghi &#8211; 30 min. &#8211; Da CHF 200.00"},"content":{"rendered":"\t\t<div data-elementor-type=\"wp-post\" data-elementor-id=\"143548\" class=\"elementor elementor-143548 elementor-143545\">\n\t\t\t\t\t\t\t\t\t<section class=\"elementor-section elementor-top-section elementor-element elementor-element-3303a7e3 elementor-section-boxed elementor-section-height-default elementor-section-height-default\" data-id=\"3303a7e3\" data-element_type=\"section\">\n\t\t\t\t\t\t<div class=\"elementor-container elementor-column-gap-default\">\n\t\t\t\t\t<div class=\"elementor-column elementor-col-100 elementor-top-column elementor-element elementor-element-16d72dbf\" data-id=\"16d72dbf\" data-element_type=\"column\">\n\t\t\t<div class=\"elementor-widget-wrap elementor-element-populated\">\n\t\t\t\t\t\t\t\t<div class=\"elementor-element elementor-element-d743c03 elementor-widget elementor-widget-text-editor\" data-id=\"d743c03\" data-element_type=\"widget\" data-widget_type=\"text-editor.default\">\n\t\t\t\t<div class=\"elementor-widget-container\">\n\t\t\t\t\t\t\t<h2>SCEGLI LA TUA ATTIVIT\u00c0 QUI SOTTO PER OFFRIRE BUONI REGALO\/BIGLIETTI O EFFETTUARE UNA PRENOTAZIONE<\/h2>\n<table border=\"0\" width=\"580\" cellspacing=\"10\" cellpadding=\"10\">\n<tbody>\n<tr>\n<td width=\"50%\"><strong>I 3 LAGHI &#8211; VOLO PRIVATO (1-3 pers.) &#8211; 30 min.<\/strong><\/td>\n<td><strong>A partire da CHF 200.00 per volo privato<span class=\"productPrice\"><br \/><\/span><\/strong><\/td>\n<\/tr>\n<tr>\n<td>Informazioni aggiuntive<\/td>\n<td><span class=\"patt\">&#8211; Puoi utilizzare l&#8217;aereo esclusivamente per te stesso<br \/>&#8211; Imposta la data e l&#8217;ora di partenza<br \/><\/span><span class=\"patt\">&#8211; Massimo 3 pers. di cui 1 bambino di et\u00e0 compresa tra i 2 e i 12 anni <\/span><\/td>\n<\/tr>\n<tr>\n<td>Aerodromo<\/td>\n<td><a href=\"https:\/\/www.google.com\/maps\/place\/47%C2%B005'27.9%22N+7%C2%B017'27.8%22E\/@47.0912114,7.2867544,768m\/data=!3m1!1e3!4m4!3m3!8m2!3d47.0910833!4d7.2910556?entry=ttu\" target=\"_blank\" rel=\"noopener\">Biel<\/a><\/td>\n<\/tr>\n<tr>\n<td>Tempo di volo<\/td>\n<td>30 min.<\/td>\n<\/tr>\n<tr>\n<td>Durata totale<\/td>\n<td>circa 50 min.<\/td>\n<\/tr>\n<tr>\n<td>Appuntamento<\/td>\n<td>Per telefono<\/td>\n<\/tr>\n<tr>\n<td><button class=\"elementor-button\" type=\"button\"><a href=\"https:\/\/swissraft.outdoorbooking.ch\/fo\/products\/168?base_id=26&#038;category_id=22&#038;order_type=gift_voucher&#038;lang=it\" target=\"_blank\" rel=\"noopener\">ACQUISTO BUONO REGALO \/ BIGLIETTO<\/a><\/button><\/td>\n<td><strong>CHF 200.00 &#8211; VOLO PRIVATO &#8211; 30 min (1-2 pers.) <\/strong><\/td>\n<\/tr>\n<tr>\n<td><button class=\"elementor-button\" type=\"button\"><a href=\"https:\/\/swissraft.outdoorbooking.ch\/fo\/products\/1442?base_id=26&#038;category_id=22&#038;order_type=gift_voucher&#038;lang=it\" target=\"_blank\" rel=\"noopener\">ACQUISTO BUONO REGALO \/ BIGLIETTO<\/a><\/button><\/td>\n<td><strong>CHF 250.00 &#8211; VOLO PRIVATO &#8211; 30 min. (2 adulti + 1 bambino) <\/strong><\/td>\n<\/tr>\n<tr>\n<td> <\/td>\n<td><strong><em>IMPORTANTE !<\/em><\/strong><br \/><em>Per prenotare, chiamate il numero che si trova in alto a sinistra sul buono regalo\/biglietto.<\/em><\/td>\n<\/tr>\n<\/tbody>\n<\/table>\n\t\t\t\t\t\t<\/div>\n\t\t\t\t<\/div>\n\t\t\t\t\t<\/div>\n\t\t<\/div>\n\t\t\t\t\t\t\t<\/div>\n\t\t<\/section>\n\t\t\t\t\t\t\t<\/div>\n\t\t","protected":false},"excerpt":{"rendered":"<div align=\"justify\">\n<h2 align=\"justify\">Decolla dall&#8217;aerodromo di Biel per un volo di 30 minuti sulla regione dei Tre Laghi.<\/h2>\n<h3>Comodamente seduto a bordo del nostro Piper Archer, potrai goderti questo volo sui 3 laghi della regione.<\/h3>\n<\/div>\n<div align=\"justify\">\n<p>Partendo da Biel, questo volo ti porter\u00e0 a sorvolare la regione dei 3 laghi. Sorvolerai a turno il lago di Murten, il lago di Neuch\u00e2tel e il lago di Biel. Durante il volo avrai davanti a te un magnifico panorama della regione dei 3 laghi. Dopo un volo di 30 minuti, si ritorna all&#8217;aerodromo di Biel per l&#8217;atterraggio.<\/p>\n<h3>Il nostro sito web Swissraft offre una scelta di oltre 35 voli turistici.<\/h3>\n<p id=\"textarea\" style=\"display: none;\">Abbiamo anche voli turistici da Berna-Belp. Offriamo anche voli per Argovia dall&#8217;aeroporto di Buttwil. Offriamo anche voli dall&#8217;aeroporto di Grenchen verso il cantone di Soletta. Da un lato, abbiamo voli turistici nel cantone di Friburgo dall&#8217;aerodromo di \u00c9pagny in Gruy\u00e8re. Abbiamo anche voli da Sch\u00e4nis, nel cantone di St. Gallo.\n<\/p>\n<p><a id=\"seeMore\" onclick=\"toggleSeeMore()\" href=\"javascript:void(0);\">Leggi tutto<\/a><\/p>\n","protected":false},"featured_media":143552,"comment_status":"open","ping_status":"closed","template":"","meta":{"inline_featured_image":false,"_mi_skip_tracking":false},"product_cat":[550,423],"product_tag":[],"class_list":["post-143548","product","type-product","status-publish","has-post-thumbnail","hentry","product_cat-aereo-bienne","product_cat-voli-aereo"],"yoast_head":"<!-- This site is optimized with the Yoast SEO plugin v23.6 - https:\/\/yoast.com\/wordpress\/plugins\/seo\/ -->\n<title>Volo in aereo sopra i 3 laghi. Volo di 30 minuti<\/title>\n<meta name=\"description\" content=\"Un sorvolo della regione dei Tre Volo di 30 minuti Un sorvolo della regione dei Tre Laghi \u00e8 un circuito aereo molto apprezzato\" \/>\n<meta name=\"robots\" content=\"index, follow, max-snippet:-1, max-image-preview:large, max-video-preview:-1\" \/>\n<link rel=\"canonical\" href=\"https:\/\/www.swissraft.ch\/it\/prodotto\/volo-aereo-bienne-i-3-laghi\/\" \/>\n<meta property=\"og:locale\" content=\"it_IT\" \/>\n<meta property=\"og:type\" content=\"article\" \/>\n<meta property=\"og:title\" content=\"Volo in aereo sopra i 3 laghi. Volo di 30 minuti\" \/>\n<meta property=\"og:description\" content=\"Un sorvolo della regione dei Tre Volo di 30 minuti Un sorvolo della regione dei Tre Laghi \u00e8 un circuito aereo molto apprezzato\" \/>\n<meta property=\"og:url\" content=\"https:\/\/www.swissraft.ch\/it\/prodotto\/volo-aereo-bienne-i-3-laghi\/\" \/>\n<meta property=\"og:site_name\" content=\"Swissraft\" \/>\n<meta property=\"article:modified_time\" content=\"2026-05-09T01:34:02+00:00\" \/>\n<meta property=\"og:image\" content=\"https:\/\/www.swissraft.ch\/wp-content\/uploads\/2026\/05\/04-BIEL-Drei-Seen-776x776-1.jpg\" \/>\n\t<meta property=\"og:image:width\" content=\"776\" \/>\n\t<meta property=\"og:image:height\" content=\"776\" \/>\n\t<meta property=\"og:image:type\" content=\"image\/jpeg\" \/>\n<meta name=\"twitter:card\" content=\"summary_large_image\" \/>\n<meta name=\"twitter:label1\" content=\"Tempo di lettura stimato\" \/>\n\t<meta name=\"twitter:data1\" content=\"1 minuto\" \/>\n<script type=\"application\/ld+json\" class=\"yoast-schema-graph\">{\"@context\":\"https:\/\/schema.org\",\"@graph\":[{\"@type\":\"WebPage\",\"@id\":\"https:\/\/www.swissraft.ch\/it\/prodotto\/volo-aereo-bienne-i-3-laghi\/\",\"url\":\"https:\/\/www.swissraft.ch\/it\/prodotto\/volo-aereo-bienne-i-3-laghi\/\",\"name\":\"Volo in aereo sopra i 3 laghi. Volo di 30 minuti\",\"isPartOf\":{\"@id\":\"https:\/\/www.swissraft.ch\/it\/#website\"},\"primaryImageOfPage\":{\"@id\":\"https:\/\/www.swissraft.ch\/it\/prodotto\/volo-aereo-bienne-i-3-laghi\/#primaryimage\"},\"image\":{\"@id\":\"https:\/\/www.swissraft.ch\/it\/prodotto\/volo-aereo-bienne-i-3-laghi\/#primaryimage\"},\"thumbnailUrl\":\"https:\/\/www.swissraft.ch\/wp-content\/uploads\/2026\/05\/04-BIEL-Drei-Seen-776x776-1.jpg\",\"datePublished\":\"2026-05-08T23:02:01+00:00\",\"dateModified\":\"2026-05-09T01:34:02+00:00\",\"description\":\"Un sorvolo della regione dei Tre Volo di 30 minuti Un sorvolo della regione dei Tre Laghi \u00e8 un circuito aereo molto apprezzato\",\"breadcrumb\":{\"@id\":\"https:\/\/www.swissraft.ch\/it\/prodotto\/volo-aereo-bienne-i-3-laghi\/#breadcrumb\"},\"inLanguage\":\"it-IT\",\"potentialAction\":[{\"@type\":\"ReadAction\",\"target\":[\"https:\/\/www.swissraft.ch\/it\/prodotto\/volo-aereo-bienne-i-3-laghi\/\"]}]},{\"@type\":\"ImageObject\",\"inLanguage\":\"it-IT\",\"@id\":\"https:\/\/www.swissraft.ch\/it\/prodotto\/volo-aereo-bienne-i-3-laghi\/#primaryimage\",\"url\":\"https:\/\/www.swissraft.ch\/wp-content\/uploads\/2026\/05\/04-BIEL-Drei-Seen-776x776-1.jpg\",\"contentUrl\":\"https:\/\/www.swissraft.ch\/wp-content\/uploads\/2026\/05\/04-BIEL-Drei-Seen-776x776-1.jpg\",\"width\":776,\"height\":776,\"caption\":\"Volo in aereo sopra i 3 laghi\"},{\"@type\":\"BreadcrumbList\",\"@id\":\"https:\/\/www.swissraft.ch\/it\/prodotto\/volo-aereo-bienne-i-3-laghi\/#breadcrumb\",\"itemListElement\":[{\"@type\":\"ListItem\",\"position\":1,\"name\":\"Accueil\",\"item\":\"https:\/\/www.swissraft.ch\/it\/\"},{\"@type\":\"ListItem\",\"position\":2,\"name\":\"Negozio\",\"item\":\"https:\/\/www.swissraft.ch\/it\/negozio\/\"},{\"@type\":\"ListItem\",\"position\":3,\"name\":\"Volo in aereo &#8211; Bienne &#8211; I 3 laghi &#8211; 30 min. &#8211; Da CHF 200.00\"}]},{\"@type\":\"WebSite\",\"@id\":\"https:\/\/www.swissraft.ch\/it\/#website\",\"url\":\"https:\/\/www.swissraft.ch\/it\/\",\"name\":\"Swissraft\",\"description\":\"To enjoy nature as it is\",\"publisher\":{\"@id\":\"https:\/\/www.swissraft.ch\/it\/#organization\"},\"potentialAction\":[{\"@type\":\"SearchAction\",\"target\":{\"@type\":\"EntryPoint\",\"urlTemplate\":\"https:\/\/www.swissraft.ch\/it\/?s={search_term_string}\"},\"query-input\":{\"@type\":\"PropertyValueSpecification\",\"valueRequired\":true,\"valueName\":\"search_term_string\"}}],\"inLanguage\":\"it-IT\"},{\"@type\":\"Organization\",\"@id\":\"https:\/\/www.swissraft.ch\/it\/#organization\",\"name\":\"Swissraft\",\"url\":\"https:\/\/www.swissraft.ch\/it\/\",\"logo\":{\"@type\":\"ImageObject\",\"inLanguage\":\"it-IT\",\"@id\":\"https:\/\/www.swissraft.ch\/it\/#\/schema\/logo\/image\/\",\"url\":\"https:\/\/www.swissraft.ch\/wp-content\/uploads\/2025\/09\/Capture.jpg\",\"contentUrl\":\"https:\/\/www.swissraft.ch\/wp-content\/uploads\/2025\/09\/Capture.jpg\",\"width\":293,\"height\":108,\"caption\":\"Swissraft\"},\"image\":{\"@id\":\"https:\/\/www.swissraft.ch\/it\/#\/schema\/logo\/image\/\"}}]}<\/script>\n<!-- \/ Yoast SEO plugin. -->","yoast_head_json":{"title":"Volo in aereo sopra i 3 laghi. Volo di 30 minuti","description":"Un sorvolo della regione dei Tre Volo di 30 minuti Un sorvolo della regione dei Tre Laghi \u00e8 un circuito aereo molto apprezzato","robots":{"index":"index","follow":"follow","max-snippet":"max-snippet:-1","max-image-preview":"max-image-preview:large","max-video-preview":"max-video-preview:-1"},"canonical":"https:\/\/www.swissraft.ch\/it\/prodotto\/volo-aereo-bienne-i-3-laghi\/","og_locale":"it_IT","og_type":"article","og_title":"Volo in aereo sopra i 3 laghi. Volo di 30 minuti","og_description":"Un sorvolo della regione dei Tre Volo di 30 minuti Un sorvolo della regione dei Tre Laghi \u00e8 un circuito aereo molto apprezzato","og_url":"https:\/\/www.swissraft.ch\/it\/prodotto\/volo-aereo-bienne-i-3-laghi\/","og_site_name":"Swissraft","article_modified_time":"2026-05-09T01:34:02+00:00","og_image":[{"width":776,"height":776,"url":"https:\/\/www.swissraft.ch\/wp-content\/uploads\/2026\/05\/04-BIEL-Drei-Seen-776x776-1.jpg","type":"image\/jpeg"}],"twitter_card":"summary_large_image","twitter_misc":{"Tempo di lettura stimato":"1 minuto"},"schema":{"@context":"https:\/\/schema.org","@graph":[{"@type":"WebPage","@id":"https:\/\/www.swissraft.ch\/it\/prodotto\/volo-aereo-bienne-i-3-laghi\/","url":"https:\/\/www.swissraft.ch\/it\/prodotto\/volo-aereo-bienne-i-3-laghi\/","name":"Volo in aereo sopra i 3 laghi. Volo di 30 minuti","isPartOf":{"@id":"https:\/\/www.swissraft.ch\/it\/#website"},"primaryImageOfPage":{"@id":"https:\/\/www.swissraft.ch\/it\/prodotto\/volo-aereo-bienne-i-3-laghi\/#primaryimage"},"image":{"@id":"https:\/\/www.swissraft.ch\/it\/prodotto\/volo-aereo-bienne-i-3-laghi\/#primaryimage"},"thumbnailUrl":"https:\/\/www.swissraft.ch\/wp-content\/uploads\/2026\/05\/04-BIEL-Drei-Seen-776x776-1.jpg","datePublished":"2026-05-08T23:02:01+00:00","dateModified":"2026-05-09T01:34:02+00:00","description":"Un sorvolo della regione dei Tre Volo di 30 minuti Un sorvolo della regione dei Tre Laghi \u00e8 un circuito aereo molto apprezzato","breadcrumb":{"@id":"https:\/\/www.swissraft.ch\/it\/prodotto\/volo-aereo-bienne-i-3-laghi\/#breadcrumb"},"inLanguage":"it-IT","potentialAction":[{"@type":"ReadAction","target":["https:\/\/www.swissraft.ch\/it\/prodotto\/volo-aereo-bienne-i-3-laghi\/"]}]},{"@type":"ImageObject","inLanguage":"it-IT","@id":"https:\/\/www.swissraft.ch\/it\/prodotto\/volo-aereo-bienne-i-3-laghi\/#primaryimage","url":"https:\/\/www.swissraft.ch\/wp-content\/uploads\/2026\/05\/04-BIEL-Drei-Seen-776x776-1.jpg","contentUrl":"https:\/\/www.swissraft.ch\/wp-content\/uploads\/2026\/05\/04-BIEL-Drei-Seen-776x776-1.jpg","width":776,"height":776,"caption":"Volo in aereo sopra i 3 laghi"},{"@type":"BreadcrumbList","@id":"https:\/\/www.swissraft.ch\/it\/prodotto\/volo-aereo-bienne-i-3-laghi\/#breadcrumb","itemListElement":[{"@type":"ListItem","position":1,"name":"Accueil","item":"https:\/\/www.swissraft.ch\/it\/"},{"@type":"ListItem","position":2,"name":"Negozio","item":"https:\/\/www.swissraft.ch\/it\/negozio\/"},{"@type":"ListItem","position":3,"name":"Volo in aereo &#8211; Bienne &#8211; I 3 laghi &#8211; 30 min. &#8211; Da CHF 200.00"}]},{"@type":"WebSite","@id":"https:\/\/www.swissraft.ch\/it\/#website","url":"https:\/\/www.swissraft.ch\/it\/","name":"Swissraft","description":"To enjoy nature as it is","publisher":{"@id":"https:\/\/www.swissraft.ch\/it\/#organization"},"potentialAction":[{"@type":"SearchAction","target":{"@type":"EntryPoint","urlTemplate":"https:\/\/www.swissraft.ch\/it\/?s={search_term_string}"},"query-input":{"@type":"PropertyValueSpecification","valueRequired":true,"valueName":"search_term_string"}}],"inLanguage":"it-IT"},{"@type":"Organization","@id":"https:\/\/www.swissraft.ch\/it\/#organization","name":"Swissraft","url":"https:\/\/www.swissraft.ch\/it\/","logo":{"@type":"ImageObject","inLanguage":"it-IT","@id":"https:\/\/www.swissraft.ch\/it\/#\/schema\/logo\/image\/","url":"https:\/\/www.swissraft.ch\/wp-content\/uploads\/2025\/09\/Capture.jpg","contentUrl":"https:\/\/www.swissraft.ch\/wp-content\/uploads\/2025\/09\/Capture.jpg","width":293,"height":108,"caption":"Swissraft"},"image":{"@id":"https:\/\/www.swissraft.ch\/it\/#\/schema\/logo\/image\/"}}]}},"_links":{"self":[{"href":"https:\/\/www.swissraft.ch\/it\/wp-json\/wp\/v2\/product\/143548","targetHints":{"allow":["GET"]}}],"collection":[{"href":"https:\/\/www.swissraft.ch\/it\/wp-json\/wp\/v2\/product"}],"about":[{"href":"https:\/\/www.swissraft.ch\/it\/wp-json\/wp\/v2\/types\/product"}],"replies":[{"embeddable":true,"href":"https:\/\/www.swissraft.ch\/it\/wp-json\/wp\/v2\/comments?post=143548"}],"version-history":[{"count":12,"href":"https:\/\/www.swissraft.ch\/it\/wp-json\/wp\/v2\/product\/143548\/revisions"}],"predecessor-version":[{"id":143654,"href":"https:\/\/www.swissraft.ch\/it\/wp-json\/wp\/v2\/product\/143548\/revisions\/143654"}],"wp:featuredmedia":[{"embeddable":true,"href":"https:\/\/www.swissraft.ch\/it\/wp-json\/wp\/v2\/media\/143552"}],"wp:attachment":[{"href":"https:\/\/www.swissraft.ch\/it\/wp-json\/wp\/v2\/media?parent=143548"}],"wp:term":[{"taxonomy":"product_cat","embeddable":true,"href":"https:\/\/www.swissraft.ch\/it\/wp-json\/wp\/v2\/product_cat?post=143548"},{"taxonomy":"product_tag","embeddable":true,"href":"https:\/\/www.swissraft.ch\/it\/wp-json\/wp\/v2\/product_tag?post=143548"}],"curies":[{"name":"wp","href":"https:\/\/api.w.org\/{rel}","templated":true}]}}