{"id":115253,"date":"2025-05-25T17:37:43","date_gmt":"2025-05-25T15:37:43","guid":{"rendered":"https:\/\/www.swissraft.ch\/?post_type=product&#038;p=115253"},"modified":"2025-12-27T17:19:03","modified_gmt":"2025-12-27T16:19:03","slug":"gita-scolastica-easy-rafting-interlaken-lutschine-lutschental-bonigen","status":"publish","type":"product","link":"https:\/\/www.swissraft.ch\/it\/prodotto\/gita-scolastica-easy-rafting-interlaken-lutschine-lutschental-bonigen\/","title":{"rendered":"Gita scolastica &#8211; INTERLAKEN &#8211; EASY RAFTING &#8211; LA LUTSCHINE &#8211; WILDERSWIL-B\u00d6NIGEN &#8211; CHF 79.00"},"content":{"rendered":"\t\t<div data-elementor-type=\"wp-post\" data-elementor-id=\"115253\" class=\"elementor elementor-115253 elementor-115250\">\n\t\t\t\t\t\t\t\t\t<section class=\"elementor-section elementor-top-section elementor-element elementor-element-3303a7e3 elementor-section-boxed elementor-section-height-default elementor-section-height-default\" data-id=\"3303a7e3\" data-element_type=\"section\">\n\t\t\t\t\t\t<div class=\"elementor-container elementor-column-gap-default\">\n\t\t\t\t\t<div class=\"elementor-column elementor-col-100 elementor-top-column elementor-element elementor-element-16d72dbf\" data-id=\"16d72dbf\" data-element_type=\"column\">\n\t\t\t<div class=\"elementor-widget-wrap elementor-element-populated\">\n\t\t\t\t\t\t\t\t<div class=\"elementor-element elementor-element-d743c03 elementor-widget elementor-widget-text-editor\" data-id=\"d743c03\" data-element_type=\"widget\" data-widget_type=\"text-editor.default\">\n\t\t\t\t<div class=\"elementor-widget-container\">\n\t\t\t\t\t\t\t<h2>SCEGLI LA TUA ATTIVIT\u00c0 QUI SOTTO PER OFFRIRE BUONI REGALO\/BIGLIETTI O EFFETTUARE UNA PRENOTAZIONE<\/h2><table border=\"0\" width=\"580\" cellspacing=\"10\" cellpadding=\"10\"><tbody><tr><td width=\"50%\"><strong>GITA SCOLASTICA &#8211; LUTSCHINE &#8211; EASY RAFTING + Bevanda<\/strong><\/td><td><strong>CHF 79.00 per allievo<span class=\"productPrice\"><br \/><\/span><\/strong><\/td><\/tr><tr><td>Informazioni aggiuntive<\/td><td><span class=\"patt\">&#8211;<span class=\"plbl\"> Et\u00e0 <\/span>minima: 10 anni<br \/>&#8211; \u00c8 obbligatorio l&#8217;accompagnamento di un adulto<\/span><\/td><\/tr><tr><td>\u00a0<\/td><td><strong>Wilderswil-B\u00f6nigen<\/strong><\/td><\/tr><tr><td>Orari<\/td><td>10h00 \/ 14h00<\/td><\/tr><tr><td>Easy rafting o Fun rafting<\/td><td>circa 1 ora<\/td><\/tr><tr><td>Durata totale<\/td><td>circa 2,5 ore<\/td><\/tr><tr><td>Luego d&#8217;incontro<\/td><td><a href=\"https:\/\/www.google.com\/maps\/place\/46%C2%B041'19.3%22N+7%C2%B053'48.0%22E\/@46.6887175,7.8958869,137m\/data=!3m1!1e3!4m4!3m3!8m2!3d46.6886944!4d7.8966667?entry=ttu&amp;g_ep=EgoyMDI1MDExNS4wIKXMDSoASAFQAw%3D%3D\" target=\"_blank\" rel=\"noopener\">Parcheggio dietro l&#8217;H\u00f4tel du Lac<\/a><\/td><\/tr><tr><td>Difficolt\u00e0<\/td><td>1-2<\/td><\/tr><tr><td>\u00a0<\/td><td>Per prenotare : <a href=\"https:\/\/www.swissraft.ch\/it\/contattaci\/\">Contattateci<\/a><\/td><\/tr><\/tbody><\/table>\t\t\t\t\t\t<\/div>\n\t\t\t\t<\/div>\n\t\t\t\t<div class=\"elementor-element elementor-element-b04b120 elementor-widget elementor-widget-text-editor\" data-id=\"b04b120\" data-element_type=\"widget\" data-widget_type=\"text-editor.default\">\n\t\t\t\t<div class=\"elementor-widget-container\">\n\t\t\t\t\t\t\t\t\t\t\t\t\t<\/div>\n\t\t\t\t<\/div>\n\t\t\t\t\t<\/div>\n\t\t<\/div>\n\t\t\t\t\t\t\t<\/div>\n\t\t<\/section>\n\t\t\t\t\t\t\t<\/div>\n\t\t","protected":false},"excerpt":{"rendered":"<div align=\"justify\">\n<h2 align=\"justify\">Rafting sulla Lutschine vicino a Interlaken nell&#8217;Oberland Bernese<\/h2>\n<h3>Azione pura e adrenalina garantita. Il rafting sul Lutschine \u00e8 relativamente breve ma intenso<\/h3>\n<\/div>\n<div align=\"justify\">\n<p>Rafting sulla L\u00fctschine da L\u00fctschental a B\u00f6nigen. La L\u00fctschine, ai piedi dell&#8217;Eiger, \u00e8 un percorso ideale per il rafting. E chi ama l&#8217;azione avr\u00e0 di che divertirsi.<\/p>\n<h3>Oltre a La Lutschine, offriamo molte altre opzioni di riverrafting in Svizzera e nella vicina Francia.<\/h3>\n<p id=\"textarea\" style=\"display: none;\">Sempre nell&#8217;Oberland Bernese, pagaieremo sulla Simme nella Simmental tra Boltigen e D\u00e4rstetten. C&#8217;\u00e8 anche il <strong>rafting<\/strong> sul selvaggio Rodano tra Souste e Sierre. E il <strong>riverrafting<\/strong> sulla Dranse de Bagnes tra Voll\u00e8ges e Sembrancher. E rafting sul Vi\u00e8ge da Stalden a Vi\u00e8ge, un fiume dell&#8217;alto Vallese. Offriamo anche <strong>rafting<\/strong> sul Sarine tra Saanen e Ch\u00e2teau d&#8217;Oex, nel cantone di Vaud. Offriamo anche <strong>riverrafting<\/strong> vicino a Ginevra sulla Dranse in Alta Savoia a Thonon-les-Bains. Ma anche in Savoia sui due fiumi pi\u00f9 famosi: l&#8217;Is\u00e8re e il Doron de Bozel. E fai rafting nei Grigioni sul famoso <a href=\"\/product\/rafting-sur-le-rhin-grisons-ilanz-reichenau\/\" target=\"_blank\" rel=\"noopener\"><strong>Grand Canyon svizzero<\/strong><\/a> tra Ilanz e Reichenau.\n<\/p>\n<p><a id=\"seeMore\" onclick=\"toggleSeeMore()\" href=\"javascript:void(0);\">Leggi tutto<\/a><\/p>\n","protected":false},"featured_media":84752,"comment_status":"open","ping_status":"closed","template":"","meta":{"inline_featured_image":false,"_mi_skip_tracking":false},"product_cat":[404,636,405],"product_tag":[],"class_list":["post-115253","product","type-product","status-publish","has-post-thumbnail","hentry","product_cat-gruppo","product_cat-gita-scolastica-easy-rafting-in-svizzera","product_cat-corsa-scolastica-gita-scolastica"],"yoast_head":"<!-- This site is optimized with the Yoast SEO plugin v23.6 - https:\/\/yoast.com\/wordpress\/plugins\/seo\/ -->\n<title>Gita scolastica Easy rafting Lutschine a B\u00f6nigen ai piedi dell&#039;Eiger<\/title>\n<meta name=\"description\" content=\"Gita scolastica Easy rafting Lutschine a B\u00f6nigen. Ai piedi dell&#039;Eiger, la L\u00fctschine \u00e8 un fiume ricco di azione per partecipanti motivati.\" \/>\n<meta name=\"robots\" content=\"index, follow, max-snippet:-1, max-image-preview:large, max-video-preview:-1\" \/>\n<link rel=\"canonical\" href=\"https:\/\/www.swissraft.ch\/it\/prodotto\/gita-scolastica-easy-rafting-interlaken-lutschine-lutschental-bonigen\/\" \/>\n<meta property=\"og:locale\" content=\"it_IT\" \/>\n<meta property=\"og:type\" content=\"article\" \/>\n<meta property=\"og:title\" content=\"Gita scolastica Easy rafting Lutschine a B\u00f6nigen ai piedi dell&#039;Eiger\" \/>\n<meta property=\"og:description\" content=\"Gita scolastica Easy rafting Lutschine a B\u00f6nigen. Ai piedi dell&#039;Eiger, la L\u00fctschine \u00e8 un fiume ricco di azione per partecipanti motivati.\" \/>\n<meta property=\"og:url\" content=\"https:\/\/www.swissraft.ch\/it\/prodotto\/gita-scolastica-easy-rafting-interlaken-lutschine-lutschental-bonigen\/\" \/>\n<meta property=\"og:site_name\" content=\"Swissraft\" \/>\n<meta property=\"article:modified_time\" content=\"2025-12-27T16:19:03+00:00\" \/>\n<meta property=\"og:image\" content=\"https:\/\/www.swissraft.ch\/wp-content\/uploads\/2023\/02\/1-Lutschine-776x776-1.png\" \/>\n\t<meta property=\"og:image:width\" content=\"776\" \/>\n\t<meta property=\"og:image:height\" content=\"776\" \/>\n\t<meta property=\"og:image:type\" content=\"image\/png\" \/>\n<meta name=\"twitter:card\" content=\"summary_large_image\" \/>\n<meta name=\"twitter:label1\" content=\"Tempo di lettura stimato\" \/>\n\t<meta name=\"twitter:data1\" content=\"1 minuto\" \/>\n<script type=\"application\/ld+json\" class=\"yoast-schema-graph\">{\"@context\":\"https:\/\/schema.org\",\"@graph\":[{\"@type\":\"WebPage\",\"@id\":\"https:\/\/www.swissraft.ch\/it\/prodotto\/gita-scolastica-easy-rafting-interlaken-lutschine-lutschental-bonigen\/\",\"url\":\"https:\/\/www.swissraft.ch\/it\/prodotto\/gita-scolastica-easy-rafting-interlaken-lutschine-lutschental-bonigen\/\",\"name\":\"Gita scolastica Easy rafting Lutschine a B\u00f6nigen ai piedi dell'Eiger\",\"isPartOf\":{\"@id\":\"https:\/\/www.swissraft.ch\/it\/#website\"},\"primaryImageOfPage\":{\"@id\":\"https:\/\/www.swissraft.ch\/it\/prodotto\/gita-scolastica-easy-rafting-interlaken-lutschine-lutschental-bonigen\/#primaryimage\"},\"image\":{\"@id\":\"https:\/\/www.swissraft.ch\/it\/prodotto\/gita-scolastica-easy-rafting-interlaken-lutschine-lutschental-bonigen\/#primaryimage\"},\"thumbnailUrl\":\"https:\/\/www.swissraft.ch\/wp-content\/uploads\/2023\/02\/1-Lutschine-776x776-1.png\",\"datePublished\":\"2025-05-25T15:37:43+00:00\",\"dateModified\":\"2025-12-27T16:19:03+00:00\",\"description\":\"Gita scolastica Easy rafting Lutschine a B\u00f6nigen. Ai piedi dell'Eiger, la L\u00fctschine \u00e8 un fiume ricco di azione per partecipanti motivati.\",\"breadcrumb\":{\"@id\":\"https:\/\/www.swissraft.ch\/it\/prodotto\/gita-scolastica-easy-rafting-interlaken-lutschine-lutschental-bonigen\/#breadcrumb\"},\"inLanguage\":\"it-IT\",\"potentialAction\":[{\"@type\":\"ReadAction\",\"target\":[\"https:\/\/www.swissraft.ch\/it\/prodotto\/gita-scolastica-easy-rafting-interlaken-lutschine-lutschental-bonigen\/\"]}]},{\"@type\":\"ImageObject\",\"inLanguage\":\"it-IT\",\"@id\":\"https:\/\/www.swissraft.ch\/it\/prodotto\/gita-scolastica-easy-rafting-interlaken-lutschine-lutschental-bonigen\/#primaryimage\",\"url\":\"https:\/\/www.swissraft.ch\/wp-content\/uploads\/2023\/02\/1-Lutschine-776x776-1.png\",\"contentUrl\":\"https:\/\/www.swissraft.ch\/wp-content\/uploads\/2023\/02\/1-Lutschine-776x776-1.png\",\"width\":776,\"height\":776,\"caption\":\"Gara scolastica di rafting sulla L\u00fctschine\"},{\"@type\":\"BreadcrumbList\",\"@id\":\"https:\/\/www.swissraft.ch\/it\/prodotto\/gita-scolastica-easy-rafting-interlaken-lutschine-lutschental-bonigen\/#breadcrumb\",\"itemListElement\":[{\"@type\":\"ListItem\",\"position\":1,\"name\":\"Accueil\",\"item\":\"https:\/\/www.swissraft.ch\/it\/\"},{\"@type\":\"ListItem\",\"position\":2,\"name\":\"Negozio\",\"item\":\"https:\/\/www.swissraft.ch\/it\/negozio\/\"},{\"@type\":\"ListItem\",\"position\":3,\"name\":\"Gita scolastica &#8211; INTERLAKEN &#8211; EASY RAFTING &#8211; LA LUTSCHINE &#8211; WILDERSWIL-B\u00d6NIGEN &#8211; CHF 79.00\"}]},{\"@type\":\"WebSite\",\"@id\":\"https:\/\/www.swissraft.ch\/it\/#website\",\"url\":\"https:\/\/www.swissraft.ch\/it\/\",\"name\":\"Swissraft\",\"description\":\"To enjoy nature as it is\",\"publisher\":{\"@id\":\"https:\/\/www.swissraft.ch\/it\/#organization\"},\"potentialAction\":[{\"@type\":\"SearchAction\",\"target\":{\"@type\":\"EntryPoint\",\"urlTemplate\":\"https:\/\/www.swissraft.ch\/it\/?s={search_term_string}\"},\"query-input\":{\"@type\":\"PropertyValueSpecification\",\"valueRequired\":true,\"valueName\":\"search_term_string\"}}],\"inLanguage\":\"it-IT\"},{\"@type\":\"Organization\",\"@id\":\"https:\/\/www.swissraft.ch\/it\/#organization\",\"name\":\"Swissraft\",\"url\":\"https:\/\/www.swissraft.ch\/it\/\",\"logo\":{\"@type\":\"ImageObject\",\"inLanguage\":\"it-IT\",\"@id\":\"https:\/\/www.swissraft.ch\/it\/#\/schema\/logo\/image\/\",\"url\":\"https:\/\/www.swissraft.ch\/wp-content\/uploads\/2025\/09\/Capture.jpg\",\"contentUrl\":\"https:\/\/www.swissraft.ch\/wp-content\/uploads\/2025\/09\/Capture.jpg\",\"width\":293,\"height\":108,\"caption\":\"Swissraft\"},\"image\":{\"@id\":\"https:\/\/www.swissraft.ch\/it\/#\/schema\/logo\/image\/\"}}]}<\/script>\n<!-- \/ Yoast SEO plugin. -->","yoast_head_json":{"title":"Gita scolastica Easy rafting Lutschine a B\u00f6nigen ai piedi dell'Eiger","description":"Gita scolastica Easy rafting Lutschine a B\u00f6nigen. Ai piedi dell'Eiger, la L\u00fctschine \u00e8 un fiume ricco di azione per partecipanti motivati.","robots":{"index":"index","follow":"follow","max-snippet":"max-snippet:-1","max-image-preview":"max-image-preview:large","max-video-preview":"max-video-preview:-1"},"canonical":"https:\/\/www.swissraft.ch\/it\/prodotto\/gita-scolastica-easy-rafting-interlaken-lutschine-lutschental-bonigen\/","og_locale":"it_IT","og_type":"article","og_title":"Gita scolastica Easy rafting Lutschine a B\u00f6nigen ai piedi dell'Eiger","og_description":"Gita scolastica Easy rafting Lutschine a B\u00f6nigen. Ai piedi dell'Eiger, la L\u00fctschine \u00e8 un fiume ricco di azione per partecipanti motivati.","og_url":"https:\/\/www.swissraft.ch\/it\/prodotto\/gita-scolastica-easy-rafting-interlaken-lutschine-lutschental-bonigen\/","og_site_name":"Swissraft","article_modified_time":"2025-12-27T16:19:03+00:00","og_image":[{"width":776,"height":776,"url":"https:\/\/www.swissraft.ch\/wp-content\/uploads\/2023\/02\/1-Lutschine-776x776-1.png","type":"image\/png"}],"twitter_card":"summary_large_image","twitter_misc":{"Tempo di lettura stimato":"1 minuto"},"schema":{"@context":"https:\/\/schema.org","@graph":[{"@type":"WebPage","@id":"https:\/\/www.swissraft.ch\/it\/prodotto\/gita-scolastica-easy-rafting-interlaken-lutschine-lutschental-bonigen\/","url":"https:\/\/www.swissraft.ch\/it\/prodotto\/gita-scolastica-easy-rafting-interlaken-lutschine-lutschental-bonigen\/","name":"Gita scolastica Easy rafting Lutschine a B\u00f6nigen ai piedi dell'Eiger","isPartOf":{"@id":"https:\/\/www.swissraft.ch\/it\/#website"},"primaryImageOfPage":{"@id":"https:\/\/www.swissraft.ch\/it\/prodotto\/gita-scolastica-easy-rafting-interlaken-lutschine-lutschental-bonigen\/#primaryimage"},"image":{"@id":"https:\/\/www.swissraft.ch\/it\/prodotto\/gita-scolastica-easy-rafting-interlaken-lutschine-lutschental-bonigen\/#primaryimage"},"thumbnailUrl":"https:\/\/www.swissraft.ch\/wp-content\/uploads\/2023\/02\/1-Lutschine-776x776-1.png","datePublished":"2025-05-25T15:37:43+00:00","dateModified":"2025-12-27T16:19:03+00:00","description":"Gita scolastica Easy rafting Lutschine a B\u00f6nigen. Ai piedi dell'Eiger, la L\u00fctschine \u00e8 un fiume ricco di azione per partecipanti motivati.","breadcrumb":{"@id":"https:\/\/www.swissraft.ch\/it\/prodotto\/gita-scolastica-easy-rafting-interlaken-lutschine-lutschental-bonigen\/#breadcrumb"},"inLanguage":"it-IT","potentialAction":[{"@type":"ReadAction","target":["https:\/\/www.swissraft.ch\/it\/prodotto\/gita-scolastica-easy-rafting-interlaken-lutschine-lutschental-bonigen\/"]}]},{"@type":"ImageObject","inLanguage":"it-IT","@id":"https:\/\/www.swissraft.ch\/it\/prodotto\/gita-scolastica-easy-rafting-interlaken-lutschine-lutschental-bonigen\/#primaryimage","url":"https:\/\/www.swissraft.ch\/wp-content\/uploads\/2023\/02\/1-Lutschine-776x776-1.png","contentUrl":"https:\/\/www.swissraft.ch\/wp-content\/uploads\/2023\/02\/1-Lutschine-776x776-1.png","width":776,"height":776,"caption":"Gara scolastica di rafting sulla L\u00fctschine"},{"@type":"BreadcrumbList","@id":"https:\/\/www.swissraft.ch\/it\/prodotto\/gita-scolastica-easy-rafting-interlaken-lutschine-lutschental-bonigen\/#breadcrumb","itemListElement":[{"@type":"ListItem","position":1,"name":"Accueil","item":"https:\/\/www.swissraft.ch\/it\/"},{"@type":"ListItem","position":2,"name":"Negozio","item":"https:\/\/www.swissraft.ch\/it\/negozio\/"},{"@type":"ListItem","position":3,"name":"Gita scolastica &#8211; INTERLAKEN &#8211; EASY RAFTING &#8211; LA LUTSCHINE &#8211; WILDERSWIL-B\u00d6NIGEN &#8211; CHF 79.00"}]},{"@type":"WebSite","@id":"https:\/\/www.swissraft.ch\/it\/#website","url":"https:\/\/www.swissraft.ch\/it\/","name":"Swissraft","description":"To enjoy nature as it is","publisher":{"@id":"https:\/\/www.swissraft.ch\/it\/#organization"},"potentialAction":[{"@type":"SearchAction","target":{"@type":"EntryPoint","urlTemplate":"https:\/\/www.swissraft.ch\/it\/?s={search_term_string}"},"query-input":{"@type":"PropertyValueSpecification","valueRequired":true,"valueName":"search_term_string"}}],"inLanguage":"it-IT"},{"@type":"Organization","@id":"https:\/\/www.swissraft.ch\/it\/#organization","name":"Swissraft","url":"https:\/\/www.swissraft.ch\/it\/","logo":{"@type":"ImageObject","inLanguage":"it-IT","@id":"https:\/\/www.swissraft.ch\/it\/#\/schema\/logo\/image\/","url":"https:\/\/www.swissraft.ch\/wp-content\/uploads\/2025\/09\/Capture.jpg","contentUrl":"https:\/\/www.swissraft.ch\/wp-content\/uploads\/2025\/09\/Capture.jpg","width":293,"height":108,"caption":"Swissraft"},"image":{"@id":"https:\/\/www.swissraft.ch\/it\/#\/schema\/logo\/image\/"}}]}},"_links":{"self":[{"href":"https:\/\/www.swissraft.ch\/it\/wp-json\/wp\/v2\/product\/115253","targetHints":{"allow":["GET"]}}],"collection":[{"href":"https:\/\/www.swissraft.ch\/it\/wp-json\/wp\/v2\/product"}],"about":[{"href":"https:\/\/www.swissraft.ch\/it\/wp-json\/wp\/v2\/types\/product"}],"replies":[{"embeddable":true,"href":"https:\/\/www.swissraft.ch\/it\/wp-json\/wp\/v2\/comments?post=115253"}],"version-history":[{"count":18,"href":"https:\/\/www.swissraft.ch\/it\/wp-json\/wp\/v2\/product\/115253\/revisions"}],"predecessor-version":[{"id":125349,"href":"https:\/\/www.swissraft.ch\/it\/wp-json\/wp\/v2\/product\/115253\/revisions\/125349"}],"wp:featuredmedia":[{"embeddable":true,"href":"https:\/\/www.swissraft.ch\/it\/wp-json\/wp\/v2\/media\/84752"}],"wp:attachment":[{"href":"https:\/\/www.swissraft.ch\/it\/wp-json\/wp\/v2\/media?parent=115253"}],"wp:term":[{"taxonomy":"product_cat","embeddable":true,"href":"https:\/\/www.swissraft.ch\/it\/wp-json\/wp\/v2\/product_cat?post=115253"},{"taxonomy":"product_tag","embeddable":true,"href":"https:\/\/www.swissraft.ch\/it\/wp-json\/wp\/v2\/product_tag?post=115253"}],"curies":[{"name":"wp","href":"https:\/\/api.w.org\/{rel}","templated":true}]}}