{"id":115133,"date":"2025-05-22T01:26:32","date_gmt":"2025-05-21T23:26:32","guid":{"rendered":"https:\/\/www.swissraft.ch\/?post_type=product&#038;p=115133"},"modified":"2026-02-27T05:05:03","modified_gmt":"2026-02-27T04:05:03","slug":"canoa-funyak-gita-scolistica-reno-sciaffusa-rudlingen","status":"publish","type":"product","link":"https:\/\/www.swissraft.ch\/it\/prodotto\/canoa-funyak-gita-scolistica-reno-sciaffusa-rudlingen\/","title":{"rendered":"Gita scolastica &#8211; CANOA FUNYAK &#8211; RENO &#8211; SCIAFFUSA-R\u00dcDLINGEN &#8211; CHF 79.00"},"content":{"rendered":"\t\t<div data-elementor-type=\"wp-post\" data-elementor-id=\"115133\" class=\"elementor elementor-115133 elementor-115130\">\n\t\t\t\t\t\t\t\t\t<section class=\"elementor-section elementor-top-section elementor-element elementor-element-3303a7e3 elementor-section-boxed elementor-section-height-default elementor-section-height-default\" data-id=\"3303a7e3\" data-element_type=\"section\">\n\t\t\t\t\t\t<div class=\"elementor-container elementor-column-gap-default\">\n\t\t\t\t\t<div class=\"elementor-column elementor-col-100 elementor-top-column elementor-element elementor-element-16d72dbf\" data-id=\"16d72dbf\" data-element_type=\"column\">\n\t\t\t<div class=\"elementor-widget-wrap elementor-element-populated\">\n\t\t\t\t\t\t\t\t<div class=\"elementor-element elementor-element-d743c03 elementor-widget elementor-widget-text-editor\" data-id=\"d743c03\" data-element_type=\"widget\" data-widget_type=\"text-editor.default\">\n\t\t\t\t<div class=\"elementor-widget-container\">\n\t\t\t\t\t\t\t<h2>SCEGLI LA TUA ATTIVIT\u00c0 QUI SOTTO PER OFFRIRE BUONI REGALO \/ BIGLIETTI O EFFETTUARE UNA PRENOTAZIONE<\/h2><table border=\"0\" width=\"580\" cellspacing=\"10\" cellpadding=\"10\"><tbody><tr><td width=\"50%\"><strong>GITA SCOLASTICA &#8211; CANOA O FUNYAK &#8211; SCIAFFUSA-R\u00dcDLINGEN + Bevanda (a patire da 15 pers.)<\/strong><\/td><td><strong><span class=\"productPrice\">CHF 79.00 per alunno<\/span><\/strong><\/td><\/tr><tr><td>Informazioni aggiuntive<\/td><td><span class=\"plbl\">&#8211;<span class=\"patt\"> Et\u00e0 minima 10 anni<br \/><\/span>&#8211; Accompagnatore adulto obbligatorio<br \/>&#8211; Minimo 15 allievi<\/span><\/td><\/tr><tr><td>Percorso<\/td><td><strong>Sciaffusa-R\u00fcdlingen<\/strong><\/td><\/tr><tr><td>Orario<\/td><td>10h00<\/td><\/tr><tr><td>Canoa o Funyak<\/td><td>circa 4h30<\/td><\/tr><tr><td>Durata totale<\/td><td>circa 6,5 ore<\/td><\/tr><tr><td>Luego d&#8217;incontro<\/td><td><a href=\"https:\/\/www.google.com\/maps\/place\/Castle+Worth\/@47.6781025,8.6026797,1520m\/data=!3m1!1e3!4m6!3m5!1s0x47907f4acaeca34b:0x477f00860541e875!8m2!3d47.6779522!4d8.6119279!16s%2Fg%2F11b6ydk_21?entry=ttu\" target=\"_blank\" rel=\"noopener\">Schl\u00f6ssli W\u00f6rth vicino a Neuhausen<\/a><\/td><\/tr><tr><td>Difficolt\u00e0<\/td><td>1<\/td><\/tr><tr><td>\u00a0<\/td><td>Per prenotare : <span class=\"patt\" style=\"font-family: inherit; font-size: inherit;\"><span class=\"plbl\"><span class=\"patt\"><a href=\"https:\/\/www.swissraft.ch\/it\/contattaci\/\">Contattateci<\/a><\/span><\/span><\/span><\/td><\/tr><\/tbody><\/table>\t\t\t\t\t\t<\/div>\n\t\t\t\t<\/div>\n\t\t\t\t\t<\/div>\n\t\t<\/div>\n\t\t\t\t\t\t\t<\/div>\n\t\t<\/section>\n\t\t\t\t\t\t\t<\/div>\n\t\t","protected":false},"excerpt":{"rendered":"<div align=\"justify\">\n<h2 align=\"justify\">Canoa o Funyak da Sciaffusa a R\u00fcdlingen, un giorno di Funyak sul Reno<\/h2>\n<h3>Che tu sia con gli amici o in gita di gruppo, ti piacer\u00e0 questo viaggio di 4 ore in canoa gonfiabile lungo il Reno.<\/h3>\n<\/div>\n<div align=\"justify\">\n<p>Swissraft ti offre un&#8217;esperienza unica in canoa, funyak o paperella ai piedi delle cascate del Reno. Tutti possono trarre beneficio, dai principianti agli esperti. Questo viaggio emozionante ti piacer\u00e0 sicuramente. Inoltre, l&#8217;attivit\u00e0 favorisce lo spirito di squadra. Quando si pagaia insieme, si condividono momenti indimenticabili. Prima di partire, le nostre guide ti daranno istruzioni precise. Imparerai a governare la tua barca in modo efficiente. Poi indossa il giubbotto di salvataggio, il casco e la pagaia. Questo equipaggiamento garantisce la tua sicurezza. Poi inizia la discesa. Le rapide di livello I offrono l&#8217;adrenalina necessaria. In breve, questa avventura sul Reno combina avventura, relax e sicurezza. Con uno scenario magnifico e un&#8217;attivit\u00e0 accessibile a tutti, la tua giornata sar\u00e0 memorabile. Unisciti a noi per un&#8217;eccezionale avventura in canoa, funyak o paperella.<\/p>\n<h3>Swissraft offre una serie di corsi di funyak e canoa in Svizzera.<\/h3>\n<p id=\"textarea\" style=\"display: none;\">\nSempre a valle delle cascate del Reno, il percorso di mezza giornata Sciaffusa-Rheinau \u00e8 una scelta popolare per una gita aziendale. Sempre sul Reno, nella Surselva, il Reno Anteriore offre diversi itinerari come quello da Ilanz a Valendas o una gita di un giorno da Ilanz a Reichenau. E un classico di Funyak, Versam- Reichenau. Sulla Reuss, prova le escursioni di mezza giornata tra Bremgarten e Mellingen o da Mellingen a Gebenstorf. Sempre sulla Reuss, il percorso Bremgarten &#8211; Gebenstorf \u00e8 una divertente gita di un giorno. In Vallese, sul Rodano, scendi da Chippis a St. L\u00e9onard, il percorso ideale per chi cerca una discesa rilassante adatta a famiglie e bambini, oltre a un percorso pi\u00f9 attivo tra Souste e Sierre. Ma anche in Ticino, in canoa e funyak sul Ticino tra Cresciano e Gorduno.\n<\/p>\n<p><a id=\"seeMore\" onclick=\"toggleSeeMore()\" href=\"javascript:void(0);\">Leggi tutto<\/a><\/p>\n","protected":false},"featured_media":90353,"comment_status":"open","ping_status":"closed","template":"","meta":{"inline_featured_image":false,"_mi_skip_tracking":false},"product_cat":[404,405,648],"product_tag":[],"class_list":["post-115133","product","type-product","status-publish","has-post-thumbnail","hentry","product_cat-gruppo","product_cat-corsa-scolastica-gita-scolastica","product_cat-gita-scolastica-funyak-canoa-in-svizzera"],"yoast_head":"<!-- This site is optimized with the Yoast SEO plugin v23.6 - https:\/\/yoast.com\/wordpress\/plugins\/seo\/ -->\n<title>Canoa ducky Sciaffusa-R\u00fcdlingen sul Reno, una giornata<\/title>\n<meta name=\"description\" content=\"Canoa ducky Sciaffusa-R\u00fcdlingen, sul Reno, per una discesa di un giorno a valle delle famose cascate del Reno a Sciaffusa. Ideale per gruppi\" \/>\n<meta name=\"robots\" content=\"index, follow, max-snippet:-1, max-image-preview:large, max-video-preview:-1\" \/>\n<link rel=\"canonical\" href=\"https:\/\/www.swissraft.ch\/it\/prodotto\/canoa-funyak-gita-scolistica-reno-sciaffusa-rudlingen\/\" \/>\n<meta property=\"og:locale\" content=\"it_IT\" \/>\n<meta property=\"og:type\" content=\"article\" \/>\n<meta property=\"og:title\" content=\"Canoa ducky Sciaffusa-R\u00fcdlingen sul Reno, una giornata\" \/>\n<meta property=\"og:description\" content=\"Canoa ducky Sciaffusa-R\u00fcdlingen, sul Reno, per una discesa di un giorno a valle delle famose cascate del Reno a Sciaffusa. Ideale per gruppi\" \/>\n<meta property=\"og:url\" content=\"https:\/\/www.swissraft.ch\/it\/prodotto\/canoa-funyak-gita-scolistica-reno-sciaffusa-rudlingen\/\" \/>\n<meta property=\"og:site_name\" content=\"Swissraft\" \/>\n<meta property=\"article:modified_time\" content=\"2026-02-27T04:05:03+00:00\" \/>\n<meta property=\"og:image\" content=\"https:\/\/www.swissraft.ch\/wp-content\/uploads\/2024\/05\/Rhein-ducky-776x776-1.jpg\" \/>\n\t<meta property=\"og:image:width\" content=\"776\" \/>\n\t<meta property=\"og:image:height\" content=\"776\" \/>\n\t<meta property=\"og:image:type\" content=\"image\/jpeg\" \/>\n<meta name=\"twitter:card\" content=\"summary_large_image\" \/>\n<meta name=\"twitter:label1\" content=\"Tempo di lettura stimato\" \/>\n\t<meta name=\"twitter:data1\" content=\"1 minuto\" \/>\n<script type=\"application\/ld+json\" class=\"yoast-schema-graph\">{\"@context\":\"https:\/\/schema.org\",\"@graph\":[{\"@type\":\"WebPage\",\"@id\":\"https:\/\/www.swissraft.ch\/it\/prodotto\/canoa-funyak-gita-scolistica-reno-sciaffusa-rudlingen\/\",\"url\":\"https:\/\/www.swissraft.ch\/it\/prodotto\/canoa-funyak-gita-scolistica-reno-sciaffusa-rudlingen\/\",\"name\":\"Canoa ducky Sciaffusa-R\u00fcdlingen sul Reno, una giornata\",\"isPartOf\":{\"@id\":\"https:\/\/www.swissraft.ch\/it\/#website\"},\"primaryImageOfPage\":{\"@id\":\"https:\/\/www.swissraft.ch\/it\/prodotto\/canoa-funyak-gita-scolistica-reno-sciaffusa-rudlingen\/#primaryimage\"},\"image\":{\"@id\":\"https:\/\/www.swissraft.ch\/it\/prodotto\/canoa-funyak-gita-scolistica-reno-sciaffusa-rudlingen\/#primaryimage\"},\"thumbnailUrl\":\"https:\/\/www.swissraft.ch\/wp-content\/uploads\/2024\/05\/Rhein-ducky-776x776-1.jpg\",\"datePublished\":\"2025-05-21T23:26:32+00:00\",\"dateModified\":\"2026-02-27T04:05:03+00:00\",\"description\":\"Canoa ducky Sciaffusa-R\u00fcdlingen, sul Reno, per una discesa di un giorno a valle delle famose cascate del Reno a Sciaffusa. Ideale per gruppi\",\"breadcrumb\":{\"@id\":\"https:\/\/www.swissraft.ch\/it\/prodotto\/canoa-funyak-gita-scolistica-reno-sciaffusa-rudlingen\/#breadcrumb\"},\"inLanguage\":\"it-IT\",\"potentialAction\":[{\"@type\":\"ReadAction\",\"target\":[\"https:\/\/www.swissraft.ch\/it\/prodotto\/canoa-funyak-gita-scolistica-reno-sciaffusa-rudlingen\/\"]}]},{\"@type\":\"ImageObject\",\"inLanguage\":\"it-IT\",\"@id\":\"https:\/\/www.swissraft.ch\/it\/prodotto\/canoa-funyak-gita-scolistica-reno-sciaffusa-rudlingen\/#primaryimage\",\"url\":\"https:\/\/www.swissraft.ch\/wp-content\/uploads\/2024\/05\/Rhein-ducky-776x776-1.jpg\",\"contentUrl\":\"https:\/\/www.swissraft.ch\/wp-content\/uploads\/2024\/05\/Rhein-ducky-776x776-1.jpg\",\"width\":776,\"height\":776,\"caption\":\"MESSICO\"},{\"@type\":\"BreadcrumbList\",\"@id\":\"https:\/\/www.swissraft.ch\/it\/prodotto\/canoa-funyak-gita-scolistica-reno-sciaffusa-rudlingen\/#breadcrumb\",\"itemListElement\":[{\"@type\":\"ListItem\",\"position\":1,\"name\":\"Accueil\",\"item\":\"https:\/\/www.swissraft.ch\/it\/\"},{\"@type\":\"ListItem\",\"position\":2,\"name\":\"Negozio\",\"item\":\"https:\/\/www.swissraft.ch\/it\/negozio\/\"},{\"@type\":\"ListItem\",\"position\":3,\"name\":\"Gita scolastica &#8211; CANOA FUNYAK &#8211; RENO &#8211; SCIAFFUSA-R\u00dcDLINGEN &#8211; CHF 79.00\"}]},{\"@type\":\"WebSite\",\"@id\":\"https:\/\/www.swissraft.ch\/it\/#website\",\"url\":\"https:\/\/www.swissraft.ch\/it\/\",\"name\":\"Swissraft\",\"description\":\"To enjoy nature as it is\",\"publisher\":{\"@id\":\"https:\/\/www.swissraft.ch\/it\/#organization\"},\"potentialAction\":[{\"@type\":\"SearchAction\",\"target\":{\"@type\":\"EntryPoint\",\"urlTemplate\":\"https:\/\/www.swissraft.ch\/it\/?s={search_term_string}\"},\"query-input\":{\"@type\":\"PropertyValueSpecification\",\"valueRequired\":true,\"valueName\":\"search_term_string\"}}],\"inLanguage\":\"it-IT\"},{\"@type\":\"Organization\",\"@id\":\"https:\/\/www.swissraft.ch\/it\/#organization\",\"name\":\"Swissraft\",\"url\":\"https:\/\/www.swissraft.ch\/it\/\",\"logo\":{\"@type\":\"ImageObject\",\"inLanguage\":\"it-IT\",\"@id\":\"https:\/\/www.swissraft.ch\/it\/#\/schema\/logo\/image\/\",\"url\":\"https:\/\/www.swissraft.ch\/wp-content\/uploads\/2025\/09\/Capture.jpg\",\"contentUrl\":\"https:\/\/www.swissraft.ch\/wp-content\/uploads\/2025\/09\/Capture.jpg\",\"width\":293,\"height\":108,\"caption\":\"Swissraft\"},\"image\":{\"@id\":\"https:\/\/www.swissraft.ch\/it\/#\/schema\/logo\/image\/\"}}]}<\/script>\n<!-- \/ Yoast SEO plugin. -->","yoast_head_json":{"title":"Canoa ducky Sciaffusa-R\u00fcdlingen sul Reno, una giornata","description":"Canoa ducky Sciaffusa-R\u00fcdlingen, sul Reno, per una discesa di un giorno a valle delle famose cascate del Reno a Sciaffusa. Ideale per gruppi","robots":{"index":"index","follow":"follow","max-snippet":"max-snippet:-1","max-image-preview":"max-image-preview:large","max-video-preview":"max-video-preview:-1"},"canonical":"https:\/\/www.swissraft.ch\/it\/prodotto\/canoa-funyak-gita-scolistica-reno-sciaffusa-rudlingen\/","og_locale":"it_IT","og_type":"article","og_title":"Canoa ducky Sciaffusa-R\u00fcdlingen sul Reno, una giornata","og_description":"Canoa ducky Sciaffusa-R\u00fcdlingen, sul Reno, per una discesa di un giorno a valle delle famose cascate del Reno a Sciaffusa. Ideale per gruppi","og_url":"https:\/\/www.swissraft.ch\/it\/prodotto\/canoa-funyak-gita-scolistica-reno-sciaffusa-rudlingen\/","og_site_name":"Swissraft","article_modified_time":"2026-02-27T04:05:03+00:00","og_image":[{"width":776,"height":776,"url":"https:\/\/www.swissraft.ch\/wp-content\/uploads\/2024\/05\/Rhein-ducky-776x776-1.jpg","type":"image\/jpeg"}],"twitter_card":"summary_large_image","twitter_misc":{"Tempo di lettura stimato":"1 minuto"},"schema":{"@context":"https:\/\/schema.org","@graph":[{"@type":"WebPage","@id":"https:\/\/www.swissraft.ch\/it\/prodotto\/canoa-funyak-gita-scolistica-reno-sciaffusa-rudlingen\/","url":"https:\/\/www.swissraft.ch\/it\/prodotto\/canoa-funyak-gita-scolistica-reno-sciaffusa-rudlingen\/","name":"Canoa ducky Sciaffusa-R\u00fcdlingen sul Reno, una giornata","isPartOf":{"@id":"https:\/\/www.swissraft.ch\/it\/#website"},"primaryImageOfPage":{"@id":"https:\/\/www.swissraft.ch\/it\/prodotto\/canoa-funyak-gita-scolistica-reno-sciaffusa-rudlingen\/#primaryimage"},"image":{"@id":"https:\/\/www.swissraft.ch\/it\/prodotto\/canoa-funyak-gita-scolistica-reno-sciaffusa-rudlingen\/#primaryimage"},"thumbnailUrl":"https:\/\/www.swissraft.ch\/wp-content\/uploads\/2024\/05\/Rhein-ducky-776x776-1.jpg","datePublished":"2025-05-21T23:26:32+00:00","dateModified":"2026-02-27T04:05:03+00:00","description":"Canoa ducky Sciaffusa-R\u00fcdlingen, sul Reno, per una discesa di un giorno a valle delle famose cascate del Reno a Sciaffusa. Ideale per gruppi","breadcrumb":{"@id":"https:\/\/www.swissraft.ch\/it\/prodotto\/canoa-funyak-gita-scolistica-reno-sciaffusa-rudlingen\/#breadcrumb"},"inLanguage":"it-IT","potentialAction":[{"@type":"ReadAction","target":["https:\/\/www.swissraft.ch\/it\/prodotto\/canoa-funyak-gita-scolistica-reno-sciaffusa-rudlingen\/"]}]},{"@type":"ImageObject","inLanguage":"it-IT","@id":"https:\/\/www.swissraft.ch\/it\/prodotto\/canoa-funyak-gita-scolistica-reno-sciaffusa-rudlingen\/#primaryimage","url":"https:\/\/www.swissraft.ch\/wp-content\/uploads\/2024\/05\/Rhein-ducky-776x776-1.jpg","contentUrl":"https:\/\/www.swissraft.ch\/wp-content\/uploads\/2024\/05\/Rhein-ducky-776x776-1.jpg","width":776,"height":776,"caption":"MESSICO"},{"@type":"BreadcrumbList","@id":"https:\/\/www.swissraft.ch\/it\/prodotto\/canoa-funyak-gita-scolistica-reno-sciaffusa-rudlingen\/#breadcrumb","itemListElement":[{"@type":"ListItem","position":1,"name":"Accueil","item":"https:\/\/www.swissraft.ch\/it\/"},{"@type":"ListItem","position":2,"name":"Negozio","item":"https:\/\/www.swissraft.ch\/it\/negozio\/"},{"@type":"ListItem","position":3,"name":"Gita scolastica &#8211; CANOA FUNYAK &#8211; RENO &#8211; SCIAFFUSA-R\u00dcDLINGEN &#8211; CHF 79.00"}]},{"@type":"WebSite","@id":"https:\/\/www.swissraft.ch\/it\/#website","url":"https:\/\/www.swissraft.ch\/it\/","name":"Swissraft","description":"To enjoy nature as it is","publisher":{"@id":"https:\/\/www.swissraft.ch\/it\/#organization"},"potentialAction":[{"@type":"SearchAction","target":{"@type":"EntryPoint","urlTemplate":"https:\/\/www.swissraft.ch\/it\/?s={search_term_string}"},"query-input":{"@type":"PropertyValueSpecification","valueRequired":true,"valueName":"search_term_string"}}],"inLanguage":"it-IT"},{"@type":"Organization","@id":"https:\/\/www.swissraft.ch\/it\/#organization","name":"Swissraft","url":"https:\/\/www.swissraft.ch\/it\/","logo":{"@type":"ImageObject","inLanguage":"it-IT","@id":"https:\/\/www.swissraft.ch\/it\/#\/schema\/logo\/image\/","url":"https:\/\/www.swissraft.ch\/wp-content\/uploads\/2025\/09\/Capture.jpg","contentUrl":"https:\/\/www.swissraft.ch\/wp-content\/uploads\/2025\/09\/Capture.jpg","width":293,"height":108,"caption":"Swissraft"},"image":{"@id":"https:\/\/www.swissraft.ch\/it\/#\/schema\/logo\/image\/"}}]}},"_links":{"self":[{"href":"https:\/\/www.swissraft.ch\/it\/wp-json\/wp\/v2\/product\/115133","targetHints":{"allow":["GET"]}}],"collection":[{"href":"https:\/\/www.swissraft.ch\/it\/wp-json\/wp\/v2\/product"}],"about":[{"href":"https:\/\/www.swissraft.ch\/it\/wp-json\/wp\/v2\/types\/product"}],"replies":[{"embeddable":true,"href":"https:\/\/www.swissraft.ch\/it\/wp-json\/wp\/v2\/comments?post=115133"}],"version-history":[{"count":60,"href":"https:\/\/www.swissraft.ch\/it\/wp-json\/wp\/v2\/product\/115133\/revisions"}],"predecessor-version":[{"id":130748,"href":"https:\/\/www.swissraft.ch\/it\/wp-json\/wp\/v2\/product\/115133\/revisions\/130748"}],"wp:featuredmedia":[{"embeddable":true,"href":"https:\/\/www.swissraft.ch\/it\/wp-json\/wp\/v2\/media\/90353"}],"wp:attachment":[{"href":"https:\/\/www.swissraft.ch\/it\/wp-json\/wp\/v2\/media?parent=115133"}],"wp:term":[{"taxonomy":"product_cat","embeddable":true,"href":"https:\/\/www.swissraft.ch\/it\/wp-json\/wp\/v2\/product_cat?post=115133"},{"taxonomy":"product_tag","embeddable":true,"href":"https:\/\/www.swissraft.ch\/it\/wp-json\/wp\/v2\/product_tag?post=115133"}],"curies":[{"name":"wp","href":"https:\/\/api.w.org\/{rel}","templated":true}]}}