{"id":113603,"date":"2025-04-24T22:16:42","date_gmt":"2025-04-24T20:16:42","guid":{"rendered":"https:\/\/www.swissraft.ch\/?post_type=product&#038;p=113603"},"modified":"2026-04-09T00:11:12","modified_gmt":"2026-04-08T22:11:12","slug":"esclusivo-rating-grigioni-reno-ilanz-reichenau","status":"publish","type":"product","link":"https:\/\/www.swissraft.ch\/it\/prodotto\/esclusivo-rating-grigioni-reno-ilanz-reichenau\/","title":{"rendered":"Rafting o River rafting Esclusivo nei Grigioni &#8211; Il Reno &#8211; Surselva &#8211; Ilanz-Reichenau &#8211; Da CHF 1&#8217;190.00"},"content":{"rendered":"\t\t<div data-elementor-type=\"wp-post\" data-elementor-id=\"113603\" class=\"elementor elementor-113603 elementor-113600\">\n\t\t\t\t\t\t\t\t\t<section class=\"elementor-section elementor-top-section elementor-element elementor-element-3303a7e3 elementor-section-boxed elementor-section-height-default elementor-section-height-default\" data-id=\"3303a7e3\" data-element_type=\"section\">\n\t\t\t\t\t\t<div class=\"elementor-container elementor-column-gap-default\">\n\t\t\t\t\t<div class=\"elementor-column elementor-col-100 elementor-top-column elementor-element elementor-element-16d72dbf\" data-id=\"16d72dbf\" data-element_type=\"column\">\n\t\t\t<div class=\"elementor-widget-wrap elementor-element-populated\">\n\t\t\t\t\t\t\t\t<div class=\"elementor-element elementor-element-d743c03 elementor-widget elementor-widget-text-editor\" data-id=\"d743c03\" data-element_type=\"widget\" data-widget_type=\"text-editor.default\">\n\t\t\t\t<div class=\"elementor-widget-container\">\n\t\t\t\t\t\t\t<h2>SCEGLI LA TUA ATTIVIT\u00c0 QUI SOTTO PER OFFRIRE BUONI REGALO\/BIGLIETTI O EFFETTUARE UNA PRENOTAZIONE<\/h2><table border=\"0\" width=\"580\" cellspacing=\"10\" cellpadding=\"10\"><tbody><tr><td width=\"50%\"><strong>1) RAFTING ESCLUSIVO &#8211; RENO + bevanda<\/strong><\/td><td><strong>A partire da 1&#8217;190.00 pacchetto (3-6 pers.)<span class=\"productPrice\"><br \/><\/span><\/strong><\/td><\/tr><tr><td>Informazioni aggiuntive<\/td><td><span class=\"patt\">&#8211; Et\u00e0 minima: 10 anni<br \/><\/span><span class=\"patt\">&#8211; Diverse opzioni di menu &#8220;After rafting&#8221; su richiesta<\/span><\/td><\/tr><tr><td>Percorso<\/td><td><strong>Ilanz-Reichenau<\/strong><\/td><\/tr><tr><td>Orario<\/td><td>A la carte<\/td><\/tr><tr><td>Rafting<\/td><td>circa 2 ore<\/td><\/tr><tr><td>Durata totale<\/td><td>circa 3,5 ore<\/td><\/tr><tr><td>Appuntamento<\/td><td><span style=\"color: #ff6600;\"><a href=\"https:\/\/www.google.com\/maps\/place\/46%C2%B046'31.1%22N+9%C2%B012'26.6%22E\/@46.7754475,9.205092,386m\/data=!3m1!1e3!4m10!1m5!3m4!2zNDbCsDQ2JzMwLjkiTiA5wrAxMicyNi42IkU!8m2!3d46.77525!4d9.2073889!3m3!8m2!3d46.7753056!4d9.2073889?entry=ttu\" target=\"_blank\" rel=\"noopener\">Stazione di Ilanz<\/a><\/span><\/td><\/tr><tr><td>Difficolt\u00e0<\/td><td>2 \u00e0 3+<\/td><\/tr><tr><td><a href=\"https:\/\/swissraft.outdoorbooking.ch\/fo\/products\/gift_vouchers?base_id=2&amp;category_id=1&amp;id=1668&amp;lang=it\" target=\"_blank\" rel=\"noopener\"><button class=\"elementor-button\" type=\"button\">ACQUISTO BUONO REGALO \/ BIGLIETTO<\/button><\/a><\/td><td style=\"text-align: left;\"><strong>CHF 1&#8217;190.00<\/strong> &#8211; RAFTING ESCLUSIVO (3-6 pers.)<\/td><\/tr><tr><td>\u00a0<\/td><td style=\"text-align: left;\">RAFTING ESCLUSIVO (7-9 pers.)<strong> CHF 125.00<\/strong>\/adult. e <strong>CHF 80.00<\/strong>\/bamb. + <span class=\"patt\">somma forfettaria di<\/span><strong> CHF 400.00<\/strong><\/td><\/tr><tr><td>\u00a0<\/td><td style=\"text-align: left;\">RAFTING ESCLUSIVO (10 pers. o pi\u00f9)<strong> CHF 125.00<\/strong>\/adul. e <strong>CHF 80.00<\/strong>\/bamb. + <strong>CHF 200.00<\/strong>\/raft<\/td><\/tr><tr><td>\u00a0<\/td><td><span class=\"patt\">&#8211; Per prenotare : <span class=\"patt\" style=\"font-family: inherit; font-size: inherit;\"><span class=\"plbl\"><a href=\"https:\/\/www.swissraft.ch\/it\/contattaci\/\">Contattaci<\/a><\/span><\/span><strong><br \/><\/strong><\/span><\/td><\/tr><\/tbody><\/table><table border=\"0\" width=\"580\" cellspacing=\"10\" cellpadding=\"10\"><tbody><tr><td width=\"50%\"><strong>2) RAFTING ESCLUSIVO &#8211; RENO &#8211; Giornata + BBQ<\/strong><\/td><td><strong><span class=\"productPrice\">A partire da 1&#8217;290.00 pacchetto (3-6 pers.)<\/span><\/strong><\/td><\/tr><tr><td>Informazioni aggiuntive<\/td><td><span class=\"patt\">&#8211; Et\u00e0 minima : 10 anni<br \/>&#8211; Diverse opzioni di menu &#8220;After rafting&#8221; disponibili su richiesta<br \/><\/span><\/td><\/tr><tr><td>Percorso<\/td><td><strong>Ilanz-Reichenau<\/strong><\/td><\/tr><tr><td>Orario<\/td><td>A la carte<\/td><\/tr><tr><td>Rafting<\/td><td>circa 2 ore<\/td><\/tr><tr><td>Durata totale<\/td><td>circa 5 ore<\/td><\/tr><tr><td>Appuntamento<\/td><td><span style=\"color: #ff6600;\"><a href=\"https:\/\/www.google.com\/maps\/place\/46%C2%B046'31.1%22N+9%C2%B012'26.6%22E\/@46.7754475,9.205092,386m\/data=!3m1!1e3!4m10!1m5!3m4!2zNDbCsDQ2JzMwLjkiTiA5wrAxMicyNi42IkU!8m2!3d46.77525!4d9.2073889!3m3!8m2!3d46.7753056!4d9.2073889?entry=ttu\" target=\"_blank\" rel=\"noopener\">Stazione di Ilanz<\/a><\/span><\/td><\/tr><tr><td>Difficolt\u00e0<\/td><td>2-3+<\/td><\/tr><tr><td><a href=\"https:\/\/swissraft.outdoorbooking.ch\/fo\/products\/gift_vouchers?base_id=2&amp;category_id=1&amp;id=1667&amp;lang=it\" target=\"_blank\" rel=\"noopener\"><button class=\"elementor-button\" type=\"button\">ACQUISTO BUONO REGALO \/ BIGLIETTO<\/button><\/a><\/td><td><strong>CHF 1&#8217;290.00<\/strong> &#8211; RAFTING ESCLUSIVO (3-6 pers.)<span class=\"patt\"><strong> + CHF 35.00<\/strong>\/BBQ<\/span><\/td><\/tr><tr><td>\u00a0<\/td><td>RAFTING ESCLUSIVO (7-9 pers.)<strong> CHF 175.00<\/strong>\/adult. e <strong>CHF 130.00<\/strong>\/bamb. + <span class=\"patt\">somma forfettaria di<\/span><strong> CHF 400.00<\/strong><\/td><\/tr><tr><td>\u00a0<\/td><td>RAFTING ESCLUSIVO (10 pers. o pi\u00f9)<strong> CHF 175.00<\/strong>\/adult. e <strong>CHF 130.00<\/strong>\/bamb. + <strong>CHF 200.00<\/strong>\/raft<\/td><\/tr><tr><td>\u00a0<\/td><td><span class=\"patt\">&#8211; Per prenotare : <span class=\"patt\" style=\"font-family: inherit; font-size: inherit;\"><span class=\"plbl\"><a href=\"https:\/\/www.swissraft.ch\/it\/contattaci\/\">Contattaci<\/a><\/span><\/span><strong><br \/><\/strong><\/span><\/td><\/tr><\/tbody><\/table>\t\t\t\t\t\t<\/div>\n\t\t\t\t<\/div>\n\t\t\t\t\t<\/div>\n\t\t<\/div>\n\t\t\t\t\t\t\t<\/div>\n\t\t<\/section>\n\t\t\t\t\t\t\t<\/div>\n\t\t","protected":false},"excerpt":{"rendered":"<div align=\"justify\">\n<h2 align=\"justify\">Cerchi un&#8217;esperienza de River rafting ancora pi\u00f9 esclusiva? Vorreste anche essere insieme all&#8217;inizio, durante la prova e alla fine?<\/h2>\n<h3>In questo caso, saremo lieti di organizzare per e un&#8217;uscita esclusiva e privata.<\/h3>\n<\/div>\n<div align=\"justify\">\n<p>Gli orari di partenza saranno concordati in base alla disponibilit\u00e0. Se vai con una sola barca (fino a 9 persone), per motivi di sicurezza dobbiamo far pagare un kayaker di sicurezza che ti accompagni. Questo costo \u00e8 gi\u00e0 incluso nei prezzi indicati di seguito. Numero minimo di partecipanti : 3, idealmente 4 persone per barca, di cui almeno 3 adulti. Massimo 9 persone per barca.<\/p>\n<h3>Ci sono molte alternative al rafting sul Reno in Svizzera. Prenditi un momento per sfogliare il nostro sito.<\/h3>\n<p id=\"textarea\" style=\"display: none;\">Sempre nei Grigioni, offriamo il rafting da Scuol sulla &#8220;regina dei fiumi&#8221;, l&#8217;Inn, da Susch a Pradella. Swissraft offre anche il <strong>riverrafting<\/strong> sul selvaggio Rodano tra Souste e Sierre. Rafting sulla Dranse de Bagnes tra Voll\u00e8ges e Sembrancher. Ma c&#8217;\u00e8 anche il rafting sul Visp, un fiume dell&#8217;Alto Vallese tra Stalden e Visp. Facciamo anche <strong>rafting<\/strong> sulla Sarine da Saanen a Ch\u00e2teau d&#8217;Oex nel cantone di Vaud. Sempre nell&#8217;Oberland Bernese, navigheremo sui fiumi L\u00fctschine e Simme tra Boltigen e D\u00e4rstetten. Offriamo anche il riverrafting nei dintorni di Ginevra sulla Dranse, in Alta Savoia a Thonon-les-Bains. Il <strong>rafting<\/strong> \u00e8 disponibile anche nelle Alpi francesi sull&#8217;Is\u00e8re e sul Doron de Bozel.<\/p>\n<p><a id=\"seeMore\"><\/a>Leggi tutto<\/p>\n<\/div>\n","protected":false},"featured_media":113722,"comment_status":"open","ping_status":"closed","template":"","meta":{"inline_featured_image":false,"_mi_skip_tracking":false},"product_cat":[255,532],"product_tag":[],"class_list":["post-113603","product","type-product","status-publish","has-post-thumbnail","hentry","product_cat-rafting-in-svizzera-e-dintorni","product_cat-rafting-nei-grigioni"],"yoast_head":"<!-- This site is optimized with the Yoast SEO plugin v23.6 - https:\/\/yoast.com\/wordpress\/plugins\/seo\/ -->\n<title>Rafting esclusivo Reno tra Ilanz e Reichenau<\/title>\n<meta name=\"description\" content=\"Rafting esclusivo Reno. Il percorso tra Ilanz e Reichenau \u00e8 il pi\u00f9 bello della Svizzera, con la spettacolare discesa del Grand Canyon svizzero.\" \/>\n<meta name=\"robots\" content=\"index, follow, max-snippet:-1, max-image-preview:large, max-video-preview:-1\" \/>\n<link rel=\"canonical\" href=\"https:\/\/www.swissraft.ch\/it\/prodotto\/esclusivo-rating-grigioni-reno-ilanz-reichenau\/\" \/>\n<meta property=\"og:locale\" content=\"it_IT\" \/>\n<meta property=\"og:type\" content=\"article\" \/>\n<meta property=\"og:title\" content=\"Rafting esclusivo Reno tra Ilanz e Reichenau\" \/>\n<meta property=\"og:description\" content=\"Rafting esclusivo Reno. Il percorso tra Ilanz e Reichenau \u00e8 il pi\u00f9 bello della Svizzera, con la spettacolare discesa del Grand Canyon svizzero.\" \/>\n<meta property=\"og:url\" content=\"https:\/\/www.swissraft.ch\/it\/prodotto\/esclusivo-rating-grigioni-reno-ilanz-reichenau\/\" \/>\n<meta property=\"og:site_name\" content=\"Swissraft\" \/>\n<meta property=\"article:modified_time\" content=\"2026-04-08T22:11:12+00:00\" \/>\n<meta property=\"og:image\" content=\"https:\/\/www.swissraft.ch\/wp-content\/uploads\/2025\/04\/RHEIN-EXCLUSIF_1_776x776.jpg\" \/>\n\t<meta property=\"og:image:width\" content=\"776\" \/>\n\t<meta property=\"og:image:height\" content=\"776\" \/>\n\t<meta property=\"og:image:type\" content=\"image\/jpeg\" \/>\n<meta name=\"twitter:card\" content=\"summary_large_image\" \/>\n<meta name=\"twitter:label1\" content=\"Tempo di lettura stimato\" \/>\n\t<meta name=\"twitter:data1\" content=\"2 minuti\" \/>\n<script type=\"application\/ld+json\" class=\"yoast-schema-graph\">{\"@context\":\"https:\/\/schema.org\",\"@graph\":[{\"@type\":\"WebPage\",\"@id\":\"https:\/\/www.swissraft.ch\/it\/prodotto\/esclusivo-rating-grigioni-reno-ilanz-reichenau\/\",\"url\":\"https:\/\/www.swissraft.ch\/it\/prodotto\/esclusivo-rating-grigioni-reno-ilanz-reichenau\/\",\"name\":\"Rafting esclusivo Reno tra Ilanz e Reichenau\",\"isPartOf\":{\"@id\":\"https:\/\/www.swissraft.ch\/it\/#website\"},\"primaryImageOfPage\":{\"@id\":\"https:\/\/www.swissraft.ch\/it\/prodotto\/esclusivo-rating-grigioni-reno-ilanz-reichenau\/#primaryimage\"},\"image\":{\"@id\":\"https:\/\/www.swissraft.ch\/it\/prodotto\/esclusivo-rating-grigioni-reno-ilanz-reichenau\/#primaryimage\"},\"thumbnailUrl\":\"https:\/\/www.swissraft.ch\/wp-content\/uploads\/2025\/04\/RHEIN-EXCLUSIF_1_776x776.jpg\",\"datePublished\":\"2025-04-24T20:16:42+00:00\",\"dateModified\":\"2026-04-08T22:11:12+00:00\",\"description\":\"Rafting esclusivo Reno. Il percorso tra Ilanz e Reichenau \u00e8 il pi\u00f9 bello della Svizzera, con la spettacolare discesa del Grand Canyon svizzero.\",\"breadcrumb\":{\"@id\":\"https:\/\/www.swissraft.ch\/it\/prodotto\/esclusivo-rating-grigioni-reno-ilanz-reichenau\/#breadcrumb\"},\"inLanguage\":\"it-IT\",\"potentialAction\":[{\"@type\":\"ReadAction\",\"target\":[\"https:\/\/www.swissraft.ch\/it\/prodotto\/esclusivo-rating-grigioni-reno-ilanz-reichenau\/\"]}]},{\"@type\":\"ImageObject\",\"inLanguage\":\"it-IT\",\"@id\":\"https:\/\/www.swissraft.ch\/it\/prodotto\/esclusivo-rating-grigioni-reno-ilanz-reichenau\/#primaryimage\",\"url\":\"https:\/\/www.swissraft.ch\/wp-content\/uploads\/2025\/04\/RHEIN-EXCLUSIF_1_776x776.jpg\",\"contentUrl\":\"https:\/\/www.swissraft.ch\/wp-content\/uploads\/2025\/04\/RHEIN-EXCLUSIF_1_776x776.jpg\",\"width\":776,\"height\":776,\"caption\":\"Rafting esclusivo sul Reno nei Grigioni tra Ilanz e Reichenau\"},{\"@type\":\"BreadcrumbList\",\"@id\":\"https:\/\/www.swissraft.ch\/it\/prodotto\/esclusivo-rating-grigioni-reno-ilanz-reichenau\/#breadcrumb\",\"itemListElement\":[{\"@type\":\"ListItem\",\"position\":1,\"name\":\"Accueil\",\"item\":\"https:\/\/www.swissraft.ch\/it\/\"},{\"@type\":\"ListItem\",\"position\":2,\"name\":\"Negozio\",\"item\":\"https:\/\/www.swissraft.ch\/it\/negozio\/\"},{\"@type\":\"ListItem\",\"position\":3,\"name\":\"Rafting o River rafting Esclusivo nei Grigioni &#8211; Il Reno &#8211; Surselva &#8211; Ilanz-Reichenau &#8211; Da CHF 1&rsquo;190.00\"}]},{\"@type\":\"WebSite\",\"@id\":\"https:\/\/www.swissraft.ch\/it\/#website\",\"url\":\"https:\/\/www.swissraft.ch\/it\/\",\"name\":\"Swissraft\",\"description\":\"To enjoy nature as it is\",\"publisher\":{\"@id\":\"https:\/\/www.swissraft.ch\/it\/#organization\"},\"potentialAction\":[{\"@type\":\"SearchAction\",\"target\":{\"@type\":\"EntryPoint\",\"urlTemplate\":\"https:\/\/www.swissraft.ch\/it\/?s={search_term_string}\"},\"query-input\":{\"@type\":\"PropertyValueSpecification\",\"valueRequired\":true,\"valueName\":\"search_term_string\"}}],\"inLanguage\":\"it-IT\"},{\"@type\":\"Organization\",\"@id\":\"https:\/\/www.swissraft.ch\/it\/#organization\",\"name\":\"Swissraft\",\"url\":\"https:\/\/www.swissraft.ch\/it\/\",\"logo\":{\"@type\":\"ImageObject\",\"inLanguage\":\"it-IT\",\"@id\":\"https:\/\/www.swissraft.ch\/it\/#\/schema\/logo\/image\/\",\"url\":\"https:\/\/www.swissraft.ch\/wp-content\/uploads\/2025\/09\/Capture.jpg\",\"contentUrl\":\"https:\/\/www.swissraft.ch\/wp-content\/uploads\/2025\/09\/Capture.jpg\",\"width\":293,\"height\":108,\"caption\":\"Swissraft\"},\"image\":{\"@id\":\"https:\/\/www.swissraft.ch\/it\/#\/schema\/logo\/image\/\"}}]}<\/script>\n<!-- \/ Yoast SEO plugin. -->","yoast_head_json":{"title":"Rafting esclusivo Reno tra Ilanz e Reichenau","description":"Rafting esclusivo Reno. Il percorso tra Ilanz e Reichenau \u00e8 il pi\u00f9 bello della Svizzera, con la spettacolare discesa del Grand Canyon svizzero.","robots":{"index":"index","follow":"follow","max-snippet":"max-snippet:-1","max-image-preview":"max-image-preview:large","max-video-preview":"max-video-preview:-1"},"canonical":"https:\/\/www.swissraft.ch\/it\/prodotto\/esclusivo-rating-grigioni-reno-ilanz-reichenau\/","og_locale":"it_IT","og_type":"article","og_title":"Rafting esclusivo Reno tra Ilanz e Reichenau","og_description":"Rafting esclusivo Reno. Il percorso tra Ilanz e Reichenau \u00e8 il pi\u00f9 bello della Svizzera, con la spettacolare discesa del Grand Canyon svizzero.","og_url":"https:\/\/www.swissraft.ch\/it\/prodotto\/esclusivo-rating-grigioni-reno-ilanz-reichenau\/","og_site_name":"Swissraft","article_modified_time":"2026-04-08T22:11:12+00:00","og_image":[{"width":776,"height":776,"url":"https:\/\/www.swissraft.ch\/wp-content\/uploads\/2025\/04\/RHEIN-EXCLUSIF_1_776x776.jpg","type":"image\/jpeg"}],"twitter_card":"summary_large_image","twitter_misc":{"Tempo di lettura stimato":"2 minuti"},"schema":{"@context":"https:\/\/schema.org","@graph":[{"@type":"WebPage","@id":"https:\/\/www.swissraft.ch\/it\/prodotto\/esclusivo-rating-grigioni-reno-ilanz-reichenau\/","url":"https:\/\/www.swissraft.ch\/it\/prodotto\/esclusivo-rating-grigioni-reno-ilanz-reichenau\/","name":"Rafting esclusivo Reno tra Ilanz e Reichenau","isPartOf":{"@id":"https:\/\/www.swissraft.ch\/it\/#website"},"primaryImageOfPage":{"@id":"https:\/\/www.swissraft.ch\/it\/prodotto\/esclusivo-rating-grigioni-reno-ilanz-reichenau\/#primaryimage"},"image":{"@id":"https:\/\/www.swissraft.ch\/it\/prodotto\/esclusivo-rating-grigioni-reno-ilanz-reichenau\/#primaryimage"},"thumbnailUrl":"https:\/\/www.swissraft.ch\/wp-content\/uploads\/2025\/04\/RHEIN-EXCLUSIF_1_776x776.jpg","datePublished":"2025-04-24T20:16:42+00:00","dateModified":"2026-04-08T22:11:12+00:00","description":"Rafting esclusivo Reno. Il percorso tra Ilanz e Reichenau \u00e8 il pi\u00f9 bello della Svizzera, con la spettacolare discesa del Grand Canyon svizzero.","breadcrumb":{"@id":"https:\/\/www.swissraft.ch\/it\/prodotto\/esclusivo-rating-grigioni-reno-ilanz-reichenau\/#breadcrumb"},"inLanguage":"it-IT","potentialAction":[{"@type":"ReadAction","target":["https:\/\/www.swissraft.ch\/it\/prodotto\/esclusivo-rating-grigioni-reno-ilanz-reichenau\/"]}]},{"@type":"ImageObject","inLanguage":"it-IT","@id":"https:\/\/www.swissraft.ch\/it\/prodotto\/esclusivo-rating-grigioni-reno-ilanz-reichenau\/#primaryimage","url":"https:\/\/www.swissraft.ch\/wp-content\/uploads\/2025\/04\/RHEIN-EXCLUSIF_1_776x776.jpg","contentUrl":"https:\/\/www.swissraft.ch\/wp-content\/uploads\/2025\/04\/RHEIN-EXCLUSIF_1_776x776.jpg","width":776,"height":776,"caption":"Rafting esclusivo sul Reno nei Grigioni tra Ilanz e Reichenau"},{"@type":"BreadcrumbList","@id":"https:\/\/www.swissraft.ch\/it\/prodotto\/esclusivo-rating-grigioni-reno-ilanz-reichenau\/#breadcrumb","itemListElement":[{"@type":"ListItem","position":1,"name":"Accueil","item":"https:\/\/www.swissraft.ch\/it\/"},{"@type":"ListItem","position":2,"name":"Negozio","item":"https:\/\/www.swissraft.ch\/it\/negozio\/"},{"@type":"ListItem","position":3,"name":"Rafting o River rafting Esclusivo nei Grigioni &#8211; Il Reno &#8211; Surselva &#8211; Ilanz-Reichenau &#8211; Da CHF 1&rsquo;190.00"}]},{"@type":"WebSite","@id":"https:\/\/www.swissraft.ch\/it\/#website","url":"https:\/\/www.swissraft.ch\/it\/","name":"Swissraft","description":"To enjoy nature as it is","publisher":{"@id":"https:\/\/www.swissraft.ch\/it\/#organization"},"potentialAction":[{"@type":"SearchAction","target":{"@type":"EntryPoint","urlTemplate":"https:\/\/www.swissraft.ch\/it\/?s={search_term_string}"},"query-input":{"@type":"PropertyValueSpecification","valueRequired":true,"valueName":"search_term_string"}}],"inLanguage":"it-IT"},{"@type":"Organization","@id":"https:\/\/www.swissraft.ch\/it\/#organization","name":"Swissraft","url":"https:\/\/www.swissraft.ch\/it\/","logo":{"@type":"ImageObject","inLanguage":"it-IT","@id":"https:\/\/www.swissraft.ch\/it\/#\/schema\/logo\/image\/","url":"https:\/\/www.swissraft.ch\/wp-content\/uploads\/2025\/09\/Capture.jpg","contentUrl":"https:\/\/www.swissraft.ch\/wp-content\/uploads\/2025\/09\/Capture.jpg","width":293,"height":108,"caption":"Swissraft"},"image":{"@id":"https:\/\/www.swissraft.ch\/it\/#\/schema\/logo\/image\/"}}]}},"_links":{"self":[{"href":"https:\/\/www.swissraft.ch\/it\/wp-json\/wp\/v2\/product\/113603","targetHints":{"allow":["GET"]}}],"collection":[{"href":"https:\/\/www.swissraft.ch\/it\/wp-json\/wp\/v2\/product"}],"about":[{"href":"https:\/\/www.swissraft.ch\/it\/wp-json\/wp\/v2\/types\/product"}],"replies":[{"embeddable":true,"href":"https:\/\/www.swissraft.ch\/it\/wp-json\/wp\/v2\/comments?post=113603"}],"version-history":[{"count":43,"href":"https:\/\/www.swissraft.ch\/it\/wp-json\/wp\/v2\/product\/113603\/revisions"}],"predecessor-version":[{"id":138355,"href":"https:\/\/www.swissraft.ch\/it\/wp-json\/wp\/v2\/product\/113603\/revisions\/138355"}],"wp:featuredmedia":[{"embeddable":true,"href":"https:\/\/www.swissraft.ch\/it\/wp-json\/wp\/v2\/media\/113722"}],"wp:attachment":[{"href":"https:\/\/www.swissraft.ch\/it\/wp-json\/wp\/v2\/media?parent=113603"}],"wp:term":[{"taxonomy":"product_cat","embeddable":true,"href":"https:\/\/www.swissraft.ch\/it\/wp-json\/wp\/v2\/product_cat?post=113603"},{"taxonomy":"product_tag","embeddable":true,"href":"https:\/\/www.swissraft.ch\/it\/wp-json\/wp\/v2\/product_tag?post=113603"}],"curies":[{"name":"wp","href":"https:\/\/api.w.org\/{rel}","templated":true}]}}