{"id":110772,"date":"2025-02-13T15:09:29","date_gmt":"2025-02-13T14:09:29","guid":{"rendered":"https:\/\/www.swissraft.ch\/?post_type=product&#038;p=110772"},"modified":"2026-04-10T06:32:45","modified_gmt":"2026-04-10T04:32:45","slug":"canyoning-vaud-hongrin-it","status":"publish","type":"product","link":"https:\/\/www.swissraft.ch\/it\/prodotto\/canyoning-vaud-hongrin-it\/","title":{"rendered":"Canyoning nel cantone di Vaud &#8211; Le gole dell&#8217;Hongrin &#8211; CHF 110.00"},"content":{"rendered":"\t\t<div data-elementor-type=\"wp-post\" data-elementor-id=\"110772\" class=\"elementor elementor-110772 elementor-110769\">\n\t\t\t\t\t\t\t\t\t<section class=\"elementor-section elementor-top-section elementor-element elementor-element-3303a7e3 elementor-section-boxed elementor-section-height-default elementor-section-height-default\" data-id=\"3303a7e3\" data-element_type=\"section\">\n\t\t\t\t\t\t<div class=\"elementor-container elementor-column-gap-default\">\n\t\t\t\t\t<div class=\"elementor-column elementor-col-100 elementor-top-column elementor-element elementor-element-16d72dbf\" data-id=\"16d72dbf\" data-element_type=\"column\">\n\t\t\t<div class=\"elementor-widget-wrap elementor-element-populated\">\n\t\t\t\t\t\t\t\t<div class=\"elementor-element elementor-element-d743c03 elementor-widget elementor-widget-text-editor\" data-id=\"d743c03\" data-element_type=\"widget\" data-widget_type=\"text-editor.default\">\n\t\t\t\t<div class=\"elementor-widget-container\">\n\t\t\t\t\t\t\t<h2>SCEGLI LA TUA ATTIVIT\u00c0 QUI SOTTO PER OFFRIRE BUONI REGALO\/BIGLIETTI O EFFETTUARE UNA PRENOTAZIONE<\/h2><table border=\"0\" width=\"580\" cellspacing=\"10\" cellpadding=\"10\"><tbody><tr><td width=\"50%\"><strong>CANYONING &#8211; HONGRIN + spuntino<\/strong><\/td><td><strong>CHF 110.00 a persona<span class=\"productPrice\"><br \/><\/span><\/strong><\/td><\/tr><tr><td>Informazioni aggiuntive<\/td><td><span class=\"patt\">&#8211; Et\u00e0 minima : 12 anni<strong><br \/><\/strong><\/span><span class=\"plbl\">&#8211; Canyon soleggiato<\/span><\/td><\/tr><tr><td>Orari<\/td><td>09h30 \/ 13h00<\/td><\/tr><tr><td>Canyoning<\/td><td>circa 1,5 ora<\/td><\/tr><tr><td>Totale durata<\/td><td>circa 2h45<\/td><\/tr><tr><td>Appuntamento<\/td><td><span style=\"color: #ff6600;\"><a href=\"https:\/\/www.google.ch\/maps\/place\/46%C2%B025'14.7%22N+7%C2%B005'21.5%22E\/@46.4208051,7.0839944,651m\/data=!3m1!1e3!4m4!3m3!8m2!3d46.42075!4d7.0893056!5m1!1e1?hl=fr&amp;authuser=0%E2%80%8B&amp;entry=ttu&amp;g_ep=EgoyMDI1MDIxMC4wIKXMDSoASAFQAw%3D%3D\" target=\"_blank\" rel=\"noopener\">Route de l&#8217;Hongrin<\/a><\/span><\/td><\/tr><tr><td>Difficolt\u00e0<\/td><td>1-3<\/td><\/tr><tr><td><button class=\"elementor-button\" type=\"button\"><a href=\"https:\/\/swissraft.outdoorbooking.ch:443\/fo\/products\/2197?base_id=82&amp;category_id=2&amp;order_type=gift_voucher&amp;lang=it\" target=\"_blank\" rel=\"noopener\">ACQUISTO BUONO REGALO \/ BIGLIETTO<\/a><\/button><\/td><td style=\"text-align: left;\"><a href=\"https:\/\/swissraft.outdoorbooking.ch:443\/fo\/products\/2197?base_id=82&amp;category_id=2&amp;order_type=event&amp;lang=it\" target=\"_blank\" rel=\"noopener\">PRENOTA UNA DATA<\/a><\/td><\/tr><\/tbody><\/table>\t\t\t\t\t\t<\/div>\n\t\t\t\t<\/div>\n\t\t\t\t\t<\/div>\n\t\t<\/div>\n\t\t\t\t\t\t\t<\/div>\n\t\t<\/section>\n\t\t\t\t\t\t\t<\/div>\n\t\t","protected":false},"excerpt":{"rendered":"<div align=\"justify\">\n<h2 align=\"justify\">Canyoning nelle Gole dell&#8217;Hongrin in direzione del Col des Mosses. Un canyon adatto a tutti i livelli<\/h2>\n<h3>Il canyon dell&#8217;Hongrin nel Cantone di Vaud \u00e8 una meraviglia della natura<\/h3>\n<\/div>\n<div align=\"justify\">\n<p>Accessibile a chiunque, principiante o esperto. Scoprirete da vicino il magnifico lavoro che l&#8217;acqua ha modellato nel corso dei secoli. Scivoli, salti di ogni altezza ma mai obbligatori e con la possibilit\u00e0 di cimentarsi nella discesa in corda doppia, se lo desiderate.<\/p>\n<h3>Ci sono alternative al canyon de L&#8217;Hongrin<\/h3>\n<p id=\"textarea\" style=\"display: none;\">\nSwissraft propone sempre nel cantone di Vaud La Torneresse, ideale per le gite scolastiche. Ma anche canyoning nella Gruy\u00e8re nella Tine de Montbovon. Cos\u00ec come in Ticino con un gran numero di canyon, uno pi\u00f9 bello dell&#8217;altro. Il Vallese ha anche molti canyon che aspettano di essere esplorati. Offriamo anche il <strong>canyoning<\/strong> nell&#8217;Oberland Bernese intorno a Interlaken. Inoltre, il cantone di San Gallo con il canyon di Amden vi piacer\u00e0 moltissimo. Infine, le Gole di Viamala, con le loro pareti alte 150 metri vicino a Thusis, ti incanteranno sicuramente.\n<\/p>\n<p><a id=\"seeMore\" onclick=\"toggleSeeMore()\" href=\"javascript:void(0);\">Leggi tutto<\/a><\/p>\n","protected":false},"featured_media":110792,"comment_status":"open","ping_status":"closed","template":"","meta":{"inline_featured_image":false,"_mi_skip_tracking":false},"product_cat":[477,526],"product_tag":[],"class_list":["post-110772","product","type-product","status-publish","has-post-thumbnail","hentry","product_cat-canyoning-in-svizzera-e-dintorni","product_cat-canyoning-in-svizzera"],"yoast_head":"<!-- This site is optimized with the Yoast SEO plugin v23.6 - https:\/\/yoast.com\/wordpress\/plugins\/seo\/ -->\n<title>Canyoning alle Gole dell&#039;Hongrin per tutti, senza eccezioni<\/title>\n<meta name=\"description\" content=\"Canyoning alle Gole dell&#039;Hongrin, nel Cantone di Vaud, in direzione del Col des Mosses. Accessibile a tutti, indipendentemente dal livello. Una vera delizia\" \/>\n<meta name=\"robots\" content=\"index, follow, max-snippet:-1, max-image-preview:large, max-video-preview:-1\" \/>\n<link rel=\"canonical\" href=\"https:\/\/www.swissraft.ch\/it\/prodotto\/canyoning-vaud-hongrin-it\/\" \/>\n<meta property=\"og:locale\" content=\"it_IT\" \/>\n<meta property=\"og:type\" content=\"article\" \/>\n<meta property=\"og:title\" content=\"Canyoning alle Gole dell&#039;Hongrin per tutti, senza eccezioni\" \/>\n<meta property=\"og:description\" content=\"Canyoning alle Gole dell&#039;Hongrin, nel Cantone di Vaud, in direzione del Col des Mosses. Accessibile a tutti, indipendentemente dal livello. Una vera delizia\" \/>\n<meta property=\"og:url\" content=\"https:\/\/www.swissraft.ch\/it\/prodotto\/canyoning-vaud-hongrin-it\/\" \/>\n<meta property=\"og:site_name\" content=\"Swissraft\" \/>\n<meta property=\"article:modified_time\" content=\"2026-04-10T04:32:45+00:00\" \/>\n<meta property=\"og:image\" content=\"https:\/\/www.swissraft.ch\/wp-content\/uploads\/2025\/02\/hongrin_760x760_1.jpg\" \/>\n\t<meta property=\"og:image:width\" content=\"760\" \/>\n\t<meta property=\"og:image:height\" content=\"760\" \/>\n\t<meta property=\"og:image:type\" content=\"image\/jpeg\" \/>\n<meta name=\"twitter:card\" content=\"summary_large_image\" \/>\n<meta name=\"twitter:label1\" content=\"Tempo di lettura stimato\" \/>\n\t<meta name=\"twitter:data1\" content=\"1 minuto\" \/>\n<script type=\"application\/ld+json\" class=\"yoast-schema-graph\">{\"@context\":\"https:\/\/schema.org\",\"@graph\":[{\"@type\":\"WebPage\",\"@id\":\"https:\/\/www.swissraft.ch\/it\/prodotto\/canyoning-vaud-hongrin-it\/\",\"url\":\"https:\/\/www.swissraft.ch\/it\/prodotto\/canyoning-vaud-hongrin-it\/\",\"name\":\"Canyoning alle Gole dell'Hongrin per tutti, senza eccezioni\",\"isPartOf\":{\"@id\":\"https:\/\/www.swissraft.ch\/it\/#website\"},\"primaryImageOfPage\":{\"@id\":\"https:\/\/www.swissraft.ch\/it\/prodotto\/canyoning-vaud-hongrin-it\/#primaryimage\"},\"image\":{\"@id\":\"https:\/\/www.swissraft.ch\/it\/prodotto\/canyoning-vaud-hongrin-it\/#primaryimage\"},\"thumbnailUrl\":\"https:\/\/www.swissraft.ch\/wp-content\/uploads\/2025\/02\/hongrin_760x760_1.jpg\",\"datePublished\":\"2025-02-13T14:09:29+00:00\",\"dateModified\":\"2026-04-10T04:32:45+00:00\",\"description\":\"Canyoning alle Gole dell'Hongrin, nel Cantone di Vaud, in direzione del Col des Mosses. Accessibile a tutti, indipendentemente dal livello. Una vera delizia\",\"breadcrumb\":{\"@id\":\"https:\/\/www.swissraft.ch\/it\/prodotto\/canyoning-vaud-hongrin-it\/#breadcrumb\"},\"inLanguage\":\"it-IT\",\"potentialAction\":[{\"@type\":\"ReadAction\",\"target\":[\"https:\/\/www.swissraft.ch\/it\/prodotto\/canyoning-vaud-hongrin-it\/\"]}]},{\"@type\":\"ImageObject\",\"inLanguage\":\"it-IT\",\"@id\":\"https:\/\/www.swissraft.ch\/it\/prodotto\/canyoning-vaud-hongrin-it\/#primaryimage\",\"url\":\"https:\/\/www.swissraft.ch\/wp-content\/uploads\/2025\/02\/hongrin_760x760_1.jpg\",\"contentUrl\":\"https:\/\/www.swissraft.ch\/wp-content\/uploads\/2025\/02\/hongrin_760x760_1.jpg\",\"width\":760,\"height\":760,\"caption\":\"Canyoning nelle gole dell'Hongrin\"},{\"@type\":\"BreadcrumbList\",\"@id\":\"https:\/\/www.swissraft.ch\/it\/prodotto\/canyoning-vaud-hongrin-it\/#breadcrumb\",\"itemListElement\":[{\"@type\":\"ListItem\",\"position\":1,\"name\":\"Accueil\",\"item\":\"https:\/\/www.swissraft.ch\/it\/\"},{\"@type\":\"ListItem\",\"position\":2,\"name\":\"Negozio\",\"item\":\"https:\/\/www.swissraft.ch\/it\/negozio\/\"},{\"@type\":\"ListItem\",\"position\":3,\"name\":\"Canyoning nel cantone di Vaud &#8211; Le gole dell&rsquo;Hongrin &#8211; CHF 110.00\"}]},{\"@type\":\"WebSite\",\"@id\":\"https:\/\/www.swissraft.ch\/it\/#website\",\"url\":\"https:\/\/www.swissraft.ch\/it\/\",\"name\":\"Swissraft\",\"description\":\"To enjoy nature as it is\",\"publisher\":{\"@id\":\"https:\/\/www.swissraft.ch\/it\/#organization\"},\"potentialAction\":[{\"@type\":\"SearchAction\",\"target\":{\"@type\":\"EntryPoint\",\"urlTemplate\":\"https:\/\/www.swissraft.ch\/it\/?s={search_term_string}\"},\"query-input\":{\"@type\":\"PropertyValueSpecification\",\"valueRequired\":true,\"valueName\":\"search_term_string\"}}],\"inLanguage\":\"it-IT\"},{\"@type\":\"Organization\",\"@id\":\"https:\/\/www.swissraft.ch\/it\/#organization\",\"name\":\"Swissraft\",\"url\":\"https:\/\/www.swissraft.ch\/it\/\",\"logo\":{\"@type\":\"ImageObject\",\"inLanguage\":\"it-IT\",\"@id\":\"https:\/\/www.swissraft.ch\/it\/#\/schema\/logo\/image\/\",\"url\":\"https:\/\/www.swissraft.ch\/wp-content\/uploads\/2025\/09\/Capture.jpg\",\"contentUrl\":\"https:\/\/www.swissraft.ch\/wp-content\/uploads\/2025\/09\/Capture.jpg\",\"width\":293,\"height\":108,\"caption\":\"Swissraft\"},\"image\":{\"@id\":\"https:\/\/www.swissraft.ch\/it\/#\/schema\/logo\/image\/\"}}]}<\/script>\n<!-- \/ Yoast SEO plugin. -->","yoast_head_json":{"title":"Canyoning alle Gole dell'Hongrin per tutti, senza eccezioni","description":"Canyoning alle Gole dell'Hongrin, nel Cantone di Vaud, in direzione del Col des Mosses. Accessibile a tutti, indipendentemente dal livello. Una vera delizia","robots":{"index":"index","follow":"follow","max-snippet":"max-snippet:-1","max-image-preview":"max-image-preview:large","max-video-preview":"max-video-preview:-1"},"canonical":"https:\/\/www.swissraft.ch\/it\/prodotto\/canyoning-vaud-hongrin-it\/","og_locale":"it_IT","og_type":"article","og_title":"Canyoning alle Gole dell'Hongrin per tutti, senza eccezioni","og_description":"Canyoning alle Gole dell'Hongrin, nel Cantone di Vaud, in direzione del Col des Mosses. Accessibile a tutti, indipendentemente dal livello. Una vera delizia","og_url":"https:\/\/www.swissraft.ch\/it\/prodotto\/canyoning-vaud-hongrin-it\/","og_site_name":"Swissraft","article_modified_time":"2026-04-10T04:32:45+00:00","og_image":[{"width":760,"height":760,"url":"https:\/\/www.swissraft.ch\/wp-content\/uploads\/2025\/02\/hongrin_760x760_1.jpg","type":"image\/jpeg"}],"twitter_card":"summary_large_image","twitter_misc":{"Tempo di lettura stimato":"1 minuto"},"schema":{"@context":"https:\/\/schema.org","@graph":[{"@type":"WebPage","@id":"https:\/\/www.swissraft.ch\/it\/prodotto\/canyoning-vaud-hongrin-it\/","url":"https:\/\/www.swissraft.ch\/it\/prodotto\/canyoning-vaud-hongrin-it\/","name":"Canyoning alle Gole dell'Hongrin per tutti, senza eccezioni","isPartOf":{"@id":"https:\/\/www.swissraft.ch\/it\/#website"},"primaryImageOfPage":{"@id":"https:\/\/www.swissraft.ch\/it\/prodotto\/canyoning-vaud-hongrin-it\/#primaryimage"},"image":{"@id":"https:\/\/www.swissraft.ch\/it\/prodotto\/canyoning-vaud-hongrin-it\/#primaryimage"},"thumbnailUrl":"https:\/\/www.swissraft.ch\/wp-content\/uploads\/2025\/02\/hongrin_760x760_1.jpg","datePublished":"2025-02-13T14:09:29+00:00","dateModified":"2026-04-10T04:32:45+00:00","description":"Canyoning alle Gole dell'Hongrin, nel Cantone di Vaud, in direzione del Col des Mosses. Accessibile a tutti, indipendentemente dal livello. Una vera delizia","breadcrumb":{"@id":"https:\/\/www.swissraft.ch\/it\/prodotto\/canyoning-vaud-hongrin-it\/#breadcrumb"},"inLanguage":"it-IT","potentialAction":[{"@type":"ReadAction","target":["https:\/\/www.swissraft.ch\/it\/prodotto\/canyoning-vaud-hongrin-it\/"]}]},{"@type":"ImageObject","inLanguage":"it-IT","@id":"https:\/\/www.swissraft.ch\/it\/prodotto\/canyoning-vaud-hongrin-it\/#primaryimage","url":"https:\/\/www.swissraft.ch\/wp-content\/uploads\/2025\/02\/hongrin_760x760_1.jpg","contentUrl":"https:\/\/www.swissraft.ch\/wp-content\/uploads\/2025\/02\/hongrin_760x760_1.jpg","width":760,"height":760,"caption":"Canyoning nelle gole dell'Hongrin"},{"@type":"BreadcrumbList","@id":"https:\/\/www.swissraft.ch\/it\/prodotto\/canyoning-vaud-hongrin-it\/#breadcrumb","itemListElement":[{"@type":"ListItem","position":1,"name":"Accueil","item":"https:\/\/www.swissraft.ch\/it\/"},{"@type":"ListItem","position":2,"name":"Negozio","item":"https:\/\/www.swissraft.ch\/it\/negozio\/"},{"@type":"ListItem","position":3,"name":"Canyoning nel cantone di Vaud &#8211; Le gole dell&rsquo;Hongrin &#8211; CHF 110.00"}]},{"@type":"WebSite","@id":"https:\/\/www.swissraft.ch\/it\/#website","url":"https:\/\/www.swissraft.ch\/it\/","name":"Swissraft","description":"To enjoy nature as it is","publisher":{"@id":"https:\/\/www.swissraft.ch\/it\/#organization"},"potentialAction":[{"@type":"SearchAction","target":{"@type":"EntryPoint","urlTemplate":"https:\/\/www.swissraft.ch\/it\/?s={search_term_string}"},"query-input":{"@type":"PropertyValueSpecification","valueRequired":true,"valueName":"search_term_string"}}],"inLanguage":"it-IT"},{"@type":"Organization","@id":"https:\/\/www.swissraft.ch\/it\/#organization","name":"Swissraft","url":"https:\/\/www.swissraft.ch\/it\/","logo":{"@type":"ImageObject","inLanguage":"it-IT","@id":"https:\/\/www.swissraft.ch\/it\/#\/schema\/logo\/image\/","url":"https:\/\/www.swissraft.ch\/wp-content\/uploads\/2025\/09\/Capture.jpg","contentUrl":"https:\/\/www.swissraft.ch\/wp-content\/uploads\/2025\/09\/Capture.jpg","width":293,"height":108,"caption":"Swissraft"},"image":{"@id":"https:\/\/www.swissraft.ch\/it\/#\/schema\/logo\/image\/"}}]}},"_links":{"self":[{"href":"https:\/\/www.swissraft.ch\/it\/wp-json\/wp\/v2\/product\/110772","targetHints":{"allow":["GET"]}}],"collection":[{"href":"https:\/\/www.swissraft.ch\/it\/wp-json\/wp\/v2\/product"}],"about":[{"href":"https:\/\/www.swissraft.ch\/it\/wp-json\/wp\/v2\/types\/product"}],"replies":[{"embeddable":true,"href":"https:\/\/www.swissraft.ch\/it\/wp-json\/wp\/v2\/comments?post=110772"}],"version-history":[{"count":43,"href":"https:\/\/www.swissraft.ch\/it\/wp-json\/wp\/v2\/product\/110772\/revisions"}],"predecessor-version":[{"id":138968,"href":"https:\/\/www.swissraft.ch\/it\/wp-json\/wp\/v2\/product\/110772\/revisions\/138968"}],"wp:featuredmedia":[{"embeddable":true,"href":"https:\/\/www.swissraft.ch\/it\/wp-json\/wp\/v2\/media\/110792"}],"wp:attachment":[{"href":"https:\/\/www.swissraft.ch\/it\/wp-json\/wp\/v2\/media?parent=110772"}],"wp:term":[{"taxonomy":"product_cat","embeddable":true,"href":"https:\/\/www.swissraft.ch\/it\/wp-json\/wp\/v2\/product_cat?post=110772"},{"taxonomy":"product_tag","embeddable":true,"href":"https:\/\/www.swissraft.ch\/it\/wp-json\/wp\/v2\/product_tag?post=110772"}],"curies":[{"name":"wp","href":"https:\/\/api.w.org\/{rel}","templated":true}]}}