{"id":100794,"date":"2024-12-04T05:16:29","date_gmt":"2024-12-04T04:16:29","guid":{"rendered":"https:\/\/swissraft.xyanzkdne.eu\/?post_type=product&#038;p=100794"},"modified":"2026-02-04T22:53:51","modified_gmt":"2026-02-04T21:53:51","slug":"volo-elicottero-collombey-diablerets-atterraggio","status":"publish","type":"product","link":"https:\/\/www.swissraft.ch\/it\/prodotto\/volo-elicottero-collombey-diablerets-atterraggio\/","title":{"rendered":"Volo in elicottero da COLLOMBEY &#8211; IL GHIACCIAIO DEI DIABLERETS &#8211; 25 min. &#8211; A partire da CHF 1&#8217;220.00"},"content":{"rendered":"\t\t<div data-elementor-type=\"wp-post\" data-elementor-id=\"100794\" class=\"elementor elementor-100794 elementor-100791\">\n\t\t\t\t\t\t\t\t\t<section class=\"elementor-section elementor-top-section elementor-element elementor-element-3303a7e3 elementor-section-boxed elementor-section-height-default elementor-section-height-default\" data-id=\"3303a7e3\" data-element_type=\"section\">\n\t\t\t\t\t\t<div class=\"elementor-container elementor-column-gap-default\">\n\t\t\t\t\t<div class=\"elementor-column elementor-col-100 elementor-top-column elementor-element elementor-element-16d72dbf\" data-id=\"16d72dbf\" data-element_type=\"column\">\n\t\t\t<div class=\"elementor-widget-wrap elementor-element-populated\">\n\t\t\t\t\t\t\t\t<div class=\"elementor-element elementor-element-d743c03 elementor-widget elementor-widget-text-editor\" data-id=\"d743c03\" data-element_type=\"widget\" data-widget_type=\"text-editor.default\">\n\t\t\t\t<div class=\"elementor-widget-container\">\n\t\t\t\t\t\t\t<h2>SCEGLI LA TUA ATTIVIT\u00c0 QUI SOTTO PER OFFRIRE BUONI REGALO\/BIGLIETTI O EFFETTUARE UNA PRENOTAZIONE<\/h2><table border=\"0\" width=\"580\" cellspacing=\"10\" cellpadding=\"10\"><tbody><tr><td width=\"50%\"><strong>ATTERRAGGIO SUL GHIACCIAIO DEI DIABLERETS &#8211; VOLO PRIVATO (1-5 pers.) &#8211; 25 min.<\/strong><\/td><td><strong>A partire da 1&#8217;220.00 per volo privato<span class=\"productPrice\"><br \/><\/span><\/strong><\/td><\/tr><tr><td>Informazioni aggiuntive<\/td><td>&#8211; Utilizzi l&#8217;elicottero esclusivamente per te<br \/>&#8211; Decidi tu la data e l&#8217;ora di partenza<br \/>&#8211; Massimo 5 pers.<\/td><\/tr><tr><td>Eliporto<\/td><td><a href=\"https:\/\/www.google.com\/maps\/place\/46%C2%B016'06.8%22N+6%C2%B057'33.1%22E\/@46.2692802,6.941192,3088m\/data=!3m1!1e3!4m4!3m3!8m2!3d46.2685556!4d6.9591944?entry=ttu\" target=\"_blank\" rel=\"noopener\">Collombey<\/a><\/td><\/tr><tr><td>Tempo di volo<\/td><td>25 min.<\/td><\/tr><tr><td>Durata totale<\/td><td>circa 1h30<\/td><\/tr><tr><td>Appuntamento<\/td><td>Per telefono<\/td><\/tr><tr><td><a href=\"https:\/\/swissraft.outdoorbooking.ch\/fo\/products\/1498?base_id=225&amp;category_id=6&amp;order_type=gift_voucher&amp;lang=it\" target=\"_blank\" rel=\"noopener\"><button class=\"elementor-button\" type=\"button\">ACQUISTO BUONO REGALO \/ BIGLIETTO<\/button><\/a><\/td><td><strong>CHF 1&#8217;220.00 &#8211; Volo privato (1-4 pers.)<\/strong><\/td><\/tr><tr><td><a href=\"https:\/\/swissraft.outdoorbooking.ch\/fo\/products\/1496?base_id=226&amp;category_id=6&amp;order_type=gift_voucher&amp;lang=it\" target=\"_blank\" rel=\"noopener\"><button class=\"elementor-button\" type=\"button\">ACQUISTO BUONO REGALO \/ BIGLIETTO<\/button><\/a><\/td><td><strong>CHF 1&#8217;525.00 &#8211; Volo privato (1-5 pers.)<\/strong><\/td><\/tr><tr><td>\u00a0<\/td><td><strong><em>IMPORTANTE !<\/em><\/strong><br \/><em>Per prenotare, chiamate il numero che si trova in alto a sinistra sul buono regalo\/biglietto.<\/em><\/td><\/tr><\/tbody><\/table>\t\t\t\t\t\t<\/div>\n\t\t\t\t<\/div>\n\t\t\t\t\t<\/div>\n\t\t<\/div>\n\t\t\t\t\t\t\t<\/div>\n\t\t<\/section>\n\t\t\t\t\t\t\t<\/div>\n\t\t","protected":false},"excerpt":{"rendered":"<div align=\"justify\">\n<h2 align=\"justify\">Decolla da Collombey per un volo di andata e ritorno di 25 minuti verso il ghiacciaio Diablerets e atterra sul ghiacciaio.<\/h2>\n<h3>Questo volo combina una vista spettacolare in cima al ghiacciaio con una buona bottiglia di vino e alcuni snack che avrai portato con te.<\/h3>\n<\/div>\n<div align=\"justify\">\n<p>Ti fermerai per circa 20 minuti sul ghiacciaio Diablerets per aprire la tua bottiglia e condividerla con gli amici. Poi decolleremo di nuovo e continueremo il nostro volo fino all&#8217;eliporto di Collombey.<\/p>\n<h3>Swissraft offre altri atterraggi sui ghiacciai e una serie di altri voli in Svizzera.<\/h3>\n<p id=\"textarea\" style=\"display: none;\">\nQuindi voliamo nel cantone di Soletta da Grenchen e anche da Berna-Belp. In Vallese, dall&#8217;aeroporto di Sion, dall&#8217;eliporto di Gampel e nell&#8217;Oberland Bernese a Interlaken-Gsteigwiler. Lo stesso vale per l&#8217;eliporto di Gstaad-Grund e per l&#8217;aerodromo di Saanen nel Saanenland. Decolliamo anche dagli eliporti di Lauterbrunnen, Lenk-Simmental e Schattenhalb-Meiringen. Ma anche Zurigo-Kloten. Operiamo anche voli nel cantone di Lucerna dall&#8217;eliporto di Pfaffnau. Decolliamo anche dall&#8217;eliporto di Erstfeld nel Canton Uri e dall&#8217;eliporto di K\u00fcssnacht nel Canton Svitto. Ma anche nel cantone di Argovia da Buttwil. Nel cantone di Friburgo a \u00c9pagny en Gruy\u00e8re e nel cantone di Ticino a Locarno e Lodrino. Da Flims, Tavanasa, Untervaz e l&#8217;Engadina dall&#8217;eliporto di St. Moritz. Moritz e Samedan. Ci sono anche voli per il Liechtenstein dall&#8217;eliporto di Balzers e per il Canton Turgovia da Sitterdorf.\n<\/p>\n<p><a id=\"seeMore\" onclick=\"toggleSeeMore()\" href=\"javascript:void(0);\">Leggi tutto<\/a><\/p>\n","protected":false},"featured_media":100798,"comment_status":"open","ping_status":"closed","template":"","meta":{"inline_featured_image":false,"_mi_skip_tracking":false},"product_cat":[392,560],"product_tag":[],"class_list":["post-100794","product","type-product","status-publish","has-post-thumbnail","hentry","product_cat-volo-in-elicottero","product_cat-elicottero-collombey"],"yoast_head":"<!-- This site is optimized with the Yoast SEO plugin v23.6 - https:\/\/yoast.com\/wordpress\/plugins\/seo\/ -->\n<title>Atterraggio con elicottero Diablerets da Collombey<\/title>\n<meta name=\"description\" content=\"Atterraggio con elicottero Diablerets da Collombey. Puoi portare con te una buona bottiglia di vino e qualche stuzzichino\" \/>\n<meta name=\"robots\" content=\"index, follow, max-snippet:-1, max-image-preview:large, max-video-preview:-1\" \/>\n<link rel=\"canonical\" href=\"https:\/\/www.swissraft.ch\/it\/prodotto\/volo-elicottero-collombey-diablerets-atterraggio\/\" \/>\n<meta property=\"og:locale\" content=\"it_IT\" \/>\n<meta property=\"og:type\" content=\"article\" \/>\n<meta property=\"og:title\" content=\"Atterraggio con elicottero Diablerets da Collombey\" \/>\n<meta property=\"og:description\" content=\"Atterraggio con elicottero Diablerets da Collombey. Puoi portare con te una buona bottiglia di vino e qualche stuzzichino\" \/>\n<meta property=\"og:url\" content=\"https:\/\/www.swissraft.ch\/it\/prodotto\/volo-elicottero-collombey-diablerets-atterraggio\/\" \/>\n<meta property=\"og:site_name\" content=\"Swissraft\" \/>\n<meta property=\"article:modified_time\" content=\"2026-02-04T21:53:51+00:00\" \/>\n<meta property=\"og:image\" content=\"https:\/\/www.swissraft.ch\/wp-content\/uploads\/2024\/12\/4-COLLOMBEY-glacier-776x776-1.jpg\" \/>\n\t<meta property=\"og:image:width\" content=\"776\" \/>\n\t<meta property=\"og:image:height\" content=\"776\" \/>\n\t<meta property=\"og:image:type\" content=\"image\/jpeg\" \/>\n<meta name=\"twitter:card\" content=\"summary_large_image\" \/>\n<meta name=\"twitter:label1\" content=\"Tempo di lettura stimato\" \/>\n\t<meta name=\"twitter:data1\" content=\"1 minuto\" \/>\n<script type=\"application\/ld+json\" class=\"yoast-schema-graph\">{\"@context\":\"https:\/\/schema.org\",\"@graph\":[{\"@type\":\"WebPage\",\"@id\":\"https:\/\/www.swissraft.ch\/it\/prodotto\/volo-elicottero-collombey-diablerets-atterraggio\/\",\"url\":\"https:\/\/www.swissraft.ch\/it\/prodotto\/volo-elicottero-collombey-diablerets-atterraggio\/\",\"name\":\"Atterraggio con elicottero Diablerets da Collombey\",\"isPartOf\":{\"@id\":\"https:\/\/www.swissraft.ch\/it\/#website\"},\"primaryImageOfPage\":{\"@id\":\"https:\/\/www.swissraft.ch\/it\/prodotto\/volo-elicottero-collombey-diablerets-atterraggio\/#primaryimage\"},\"image\":{\"@id\":\"https:\/\/www.swissraft.ch\/it\/prodotto\/volo-elicottero-collombey-diablerets-atterraggio\/#primaryimage\"},\"thumbnailUrl\":\"https:\/\/www.swissraft.ch\/wp-content\/uploads\/2024\/12\/4-COLLOMBEY-glacier-776x776-1.jpg\",\"datePublished\":\"2024-12-04T04:16:29+00:00\",\"dateModified\":\"2026-02-04T21:53:51+00:00\",\"description\":\"Atterraggio con elicottero Diablerets da Collombey. Puoi portare con te una buona bottiglia di vino e qualche stuzzichino\",\"breadcrumb\":{\"@id\":\"https:\/\/www.swissraft.ch\/it\/prodotto\/volo-elicottero-collombey-diablerets-atterraggio\/#breadcrumb\"},\"inLanguage\":\"it-IT\",\"potentialAction\":[{\"@type\":\"ReadAction\",\"target\":[\"https:\/\/www.swissraft.ch\/it\/prodotto\/volo-elicottero-collombey-diablerets-atterraggio\/\"]}]},{\"@type\":\"ImageObject\",\"inLanguage\":\"it-IT\",\"@id\":\"https:\/\/www.swissraft.ch\/it\/prodotto\/volo-elicottero-collombey-diablerets-atterraggio\/#primaryimage\",\"url\":\"https:\/\/www.swissraft.ch\/wp-content\/uploads\/2024\/12\/4-COLLOMBEY-glacier-776x776-1.jpg\",\"contentUrl\":\"https:\/\/www.swissraft.ch\/wp-content\/uploads\/2024\/12\/4-COLLOMBEY-glacier-776x776-1.jpg\",\"width\":776,\"height\":776,\"caption\":\"Atterraggio con elicottero Diablerets da Collombey\"},{\"@type\":\"BreadcrumbList\",\"@id\":\"https:\/\/www.swissraft.ch\/it\/prodotto\/volo-elicottero-collombey-diablerets-atterraggio\/#breadcrumb\",\"itemListElement\":[{\"@type\":\"ListItem\",\"position\":1,\"name\":\"Accueil\",\"item\":\"https:\/\/www.swissraft.ch\/it\/\"},{\"@type\":\"ListItem\",\"position\":2,\"name\":\"Negozio\",\"item\":\"https:\/\/www.swissraft.ch\/it\/negozio\/\"},{\"@type\":\"ListItem\",\"position\":3,\"name\":\"Volo in elicottero da COLLOMBEY &#8211; IL GHIACCIAIO DEI DIABLERETS &#8211; 25 min. &#8211; A partire da CHF 1&rsquo;220.00\"}]},{\"@type\":\"WebSite\",\"@id\":\"https:\/\/www.swissraft.ch\/it\/#website\",\"url\":\"https:\/\/www.swissraft.ch\/it\/\",\"name\":\"Swissraft\",\"description\":\"To enjoy nature as it is\",\"publisher\":{\"@id\":\"https:\/\/www.swissraft.ch\/it\/#organization\"},\"potentialAction\":[{\"@type\":\"SearchAction\",\"target\":{\"@type\":\"EntryPoint\",\"urlTemplate\":\"https:\/\/www.swissraft.ch\/it\/?s={search_term_string}\"},\"query-input\":{\"@type\":\"PropertyValueSpecification\",\"valueRequired\":true,\"valueName\":\"search_term_string\"}}],\"inLanguage\":\"it-IT\"},{\"@type\":\"Organization\",\"@id\":\"https:\/\/www.swissraft.ch\/it\/#organization\",\"name\":\"Swissraft\",\"url\":\"https:\/\/www.swissraft.ch\/it\/\",\"logo\":{\"@type\":\"ImageObject\",\"inLanguage\":\"it-IT\",\"@id\":\"https:\/\/www.swissraft.ch\/it\/#\/schema\/logo\/image\/\",\"url\":\"https:\/\/www.swissraft.ch\/wp-content\/uploads\/2025\/09\/Capture.jpg\",\"contentUrl\":\"https:\/\/www.swissraft.ch\/wp-content\/uploads\/2025\/09\/Capture.jpg\",\"width\":293,\"height\":108,\"caption\":\"Swissraft\"},\"image\":{\"@id\":\"https:\/\/www.swissraft.ch\/it\/#\/schema\/logo\/image\/\"}}]}<\/script>\n<!-- \/ Yoast SEO plugin. -->","yoast_head_json":{"title":"Atterraggio con elicottero Diablerets da Collombey","description":"Atterraggio con elicottero Diablerets da Collombey. Puoi portare con te una buona bottiglia di vino e qualche stuzzichino","robots":{"index":"index","follow":"follow","max-snippet":"max-snippet:-1","max-image-preview":"max-image-preview:large","max-video-preview":"max-video-preview:-1"},"canonical":"https:\/\/www.swissraft.ch\/it\/prodotto\/volo-elicottero-collombey-diablerets-atterraggio\/","og_locale":"it_IT","og_type":"article","og_title":"Atterraggio con elicottero Diablerets da Collombey","og_description":"Atterraggio con elicottero Diablerets da Collombey. Puoi portare con te una buona bottiglia di vino e qualche stuzzichino","og_url":"https:\/\/www.swissraft.ch\/it\/prodotto\/volo-elicottero-collombey-diablerets-atterraggio\/","og_site_name":"Swissraft","article_modified_time":"2026-02-04T21:53:51+00:00","og_image":[{"width":776,"height":776,"url":"https:\/\/www.swissraft.ch\/wp-content\/uploads\/2024\/12\/4-COLLOMBEY-glacier-776x776-1.jpg","type":"image\/jpeg"}],"twitter_card":"summary_large_image","twitter_misc":{"Tempo di lettura stimato":"1 minuto"},"schema":{"@context":"https:\/\/schema.org","@graph":[{"@type":"WebPage","@id":"https:\/\/www.swissraft.ch\/it\/prodotto\/volo-elicottero-collombey-diablerets-atterraggio\/","url":"https:\/\/www.swissraft.ch\/it\/prodotto\/volo-elicottero-collombey-diablerets-atterraggio\/","name":"Atterraggio con elicottero Diablerets da Collombey","isPartOf":{"@id":"https:\/\/www.swissraft.ch\/it\/#website"},"primaryImageOfPage":{"@id":"https:\/\/www.swissraft.ch\/it\/prodotto\/volo-elicottero-collombey-diablerets-atterraggio\/#primaryimage"},"image":{"@id":"https:\/\/www.swissraft.ch\/it\/prodotto\/volo-elicottero-collombey-diablerets-atterraggio\/#primaryimage"},"thumbnailUrl":"https:\/\/www.swissraft.ch\/wp-content\/uploads\/2024\/12\/4-COLLOMBEY-glacier-776x776-1.jpg","datePublished":"2024-12-04T04:16:29+00:00","dateModified":"2026-02-04T21:53:51+00:00","description":"Atterraggio con elicottero Diablerets da Collombey. Puoi portare con te una buona bottiglia di vino e qualche stuzzichino","breadcrumb":{"@id":"https:\/\/www.swissraft.ch\/it\/prodotto\/volo-elicottero-collombey-diablerets-atterraggio\/#breadcrumb"},"inLanguage":"it-IT","potentialAction":[{"@type":"ReadAction","target":["https:\/\/www.swissraft.ch\/it\/prodotto\/volo-elicottero-collombey-diablerets-atterraggio\/"]}]},{"@type":"ImageObject","inLanguage":"it-IT","@id":"https:\/\/www.swissraft.ch\/it\/prodotto\/volo-elicottero-collombey-diablerets-atterraggio\/#primaryimage","url":"https:\/\/www.swissraft.ch\/wp-content\/uploads\/2024\/12\/4-COLLOMBEY-glacier-776x776-1.jpg","contentUrl":"https:\/\/www.swissraft.ch\/wp-content\/uploads\/2024\/12\/4-COLLOMBEY-glacier-776x776-1.jpg","width":776,"height":776,"caption":"Atterraggio con elicottero Diablerets da Collombey"},{"@type":"BreadcrumbList","@id":"https:\/\/www.swissraft.ch\/it\/prodotto\/volo-elicottero-collombey-diablerets-atterraggio\/#breadcrumb","itemListElement":[{"@type":"ListItem","position":1,"name":"Accueil","item":"https:\/\/www.swissraft.ch\/it\/"},{"@type":"ListItem","position":2,"name":"Negozio","item":"https:\/\/www.swissraft.ch\/it\/negozio\/"},{"@type":"ListItem","position":3,"name":"Volo in elicottero da COLLOMBEY &#8211; IL GHIACCIAIO DEI DIABLERETS &#8211; 25 min. &#8211; A partire da CHF 1&rsquo;220.00"}]},{"@type":"WebSite","@id":"https:\/\/www.swissraft.ch\/it\/#website","url":"https:\/\/www.swissraft.ch\/it\/","name":"Swissraft","description":"To enjoy nature as it is","publisher":{"@id":"https:\/\/www.swissraft.ch\/it\/#organization"},"potentialAction":[{"@type":"SearchAction","target":{"@type":"EntryPoint","urlTemplate":"https:\/\/www.swissraft.ch\/it\/?s={search_term_string}"},"query-input":{"@type":"PropertyValueSpecification","valueRequired":true,"valueName":"search_term_string"}}],"inLanguage":"it-IT"},{"@type":"Organization","@id":"https:\/\/www.swissraft.ch\/it\/#organization","name":"Swissraft","url":"https:\/\/www.swissraft.ch\/it\/","logo":{"@type":"ImageObject","inLanguage":"it-IT","@id":"https:\/\/www.swissraft.ch\/it\/#\/schema\/logo\/image\/","url":"https:\/\/www.swissraft.ch\/wp-content\/uploads\/2025\/09\/Capture.jpg","contentUrl":"https:\/\/www.swissraft.ch\/wp-content\/uploads\/2025\/09\/Capture.jpg","width":293,"height":108,"caption":"Swissraft"},"image":{"@id":"https:\/\/www.swissraft.ch\/it\/#\/schema\/logo\/image\/"}}]}},"_links":{"self":[{"href":"https:\/\/www.swissraft.ch\/it\/wp-json\/wp\/v2\/product\/100794","targetHints":{"allow":["GET"]}}],"collection":[{"href":"https:\/\/www.swissraft.ch\/it\/wp-json\/wp\/v2\/product"}],"about":[{"href":"https:\/\/www.swissraft.ch\/it\/wp-json\/wp\/v2\/types\/product"}],"replies":[{"embeddable":true,"href":"https:\/\/www.swissraft.ch\/it\/wp-json\/wp\/v2\/comments?post=100794"}],"version-history":[{"count":24,"href":"https:\/\/www.swissraft.ch\/it\/wp-json\/wp\/v2\/product\/100794\/revisions"}],"predecessor-version":[{"id":129123,"href":"https:\/\/www.swissraft.ch\/it\/wp-json\/wp\/v2\/product\/100794\/revisions\/129123"}],"wp:featuredmedia":[{"embeddable":true,"href":"https:\/\/www.swissraft.ch\/it\/wp-json\/wp\/v2\/media\/100798"}],"wp:attachment":[{"href":"https:\/\/www.swissraft.ch\/it\/wp-json\/wp\/v2\/media?parent=100794"}],"wp:term":[{"taxonomy":"product_cat","embeddable":true,"href":"https:\/\/www.swissraft.ch\/it\/wp-json\/wp\/v2\/product_cat?post=100794"},{"taxonomy":"product_tag","embeddable":true,"href":"https:\/\/www.swissraft.ch\/it\/wp-json\/wp\/v2\/product_tag?post=100794"}],"curies":[{"name":"wp","href":"https:\/\/api.w.org\/{rel}","templated":true}]}}