{"id":92004,"date":"2023-05-21T15:39:39","date_gmt":"2023-05-21T13:39:39","guid":{"rendered":"https:\/\/swissraft.xyanzkdne.eu\/termini-e-condizioni-generali\/"},"modified":"2025-05-31T16:47:12","modified_gmt":"2025-05-31T14:47:12","slug":"termini-e-condizioni-generali","status":"publish","type":"page","link":"https:\/\/www.swissraft.ch\/it\/termini-e-condizioni-generali\/","title":{"rendered":"Condizioni generali di vendita e prenotazione"},"content":{"rendered":"<div align=\"justify\">\n<p>&#8211; La prenotazione o l&#8217;acquisto di un buono regalo\/biglietto \u00e8 definitiva.<br \/>\n&#8211; Per motivi di sicurezza, un&#8217;attivit\u00e0 pu\u00f2 essere cancellata o posticipata.<br \/>\n&#8211; Se hai problemi di salute, contatta un responsabile di Swissraft.<br \/>\n&#8211; Per alcune attivit\u00e0 \u00e8 consigliabile saper nuotare.<br \/>\n&#8211; Le attivit\u00e0 di acqua bianca e bungee non sono possibili durante la gravidanza.<br \/>\n&#8211; Non ci assumiamo alcuna responsabilit\u00e0 per oggetti di valore, occhiali, macchine fotografiche, ecc.<br \/>\n&#8211; L&#8217;azienda si riserva il diritto di modificare i prezzi e gli orari di apertura.<br \/>\n&#8211; Si prega di rispettare i limiti di et\u00e0 per ogni attivit\u00e0.<br \/>\n<span style=\"font-size: 1rem;\"><em><strong>&#8211; <\/strong><\/em>L&#8217;acquirente o il beneficiario di uno Swissraft Services Int. accetta automaticamente i nostri termini e condizioni generali di vendita.<em><strong><br \/>\n<\/strong><\/em><\/span><strong style=\"font-size: 1rem;\"><span style=\"color: #339966;\"><em>&#8211; I buoni regalo sono validi per 2 anni.<br \/>\n<\/em><\/span><\/strong><strong style=\"font-size: 1rem;\"><span style=\"color: #339966;\"><em>&#8211; Una volta scaduto questo termine, qualsiasi aumento del prezzo del buono sar\u00e0 fatturato.<br \/>\n<\/em><\/span><\/strong><strong style=\"font-size: 1rem;\"><span style=\"color: #339966;\"><em>&#8211; Estensione dei voucher ONLINE (massimo 8 anni): CHF 25.00 (spese amministrative) all&#8217;anno.<br \/>\n<\/em><\/span><\/strong><strong style=\"font-size: 1rem;\"><span style=\"color: #339966;\"><em>&#8211; Un BR \u00e8 intercambiabile gratuitamente.<br \/>\n<\/em><\/span><\/strong><strong style=\"font-size: 1rem;\"><span style=\"color: #339966;\"><em>&#8211; L&#8217;ordine pu\u00f2 essere annullato gratuitamente entro 5 giorni dall&#8217;invio dell&#8217;ordine.<br \/>\n<\/em><\/span><\/strong><strong style=\"font-size: 1rem;\"><span style=\"color: #339966;\"><em>&#8211; Dopo 5 giorni, se l&#8217;ordine \u00e8 valido, verr\u00e0 trattenuto il 20% del valore dell&#8217;ordine.<br \/>\n<\/em><\/span><\/strong><strong style=\"font-size: 1rem;\"><span style=\"color: #339966;\"><em>&#8211; L&#8217;assicurazione contro gli infortuni \u00e8 a carico dei partecipanti.<br \/>\n<\/em><\/span><\/strong><strong style=\"font-size: 1rem;\"><span style=\"color: #339966;\"><em>&#8211; Swissraft ha una polizza assicurativa per la responsabilit\u00e0 civile.<br \/>\n<\/em><\/span><\/strong><strong style=\"font-size: 1rem;\"><span style=\"color: #339966;\"><em>&#8211; In caso di controversia, i tribunali di Bellinzona avranno giurisdizione esclusiva.<\/em><\/span><\/strong><\/p>\n<p>In caso di cancellazione di una prenotazione, applicheremo la seguente scala di detrazioni :<br \/>\n<span style=\"color: #3366ff;\"><em><strong>&#8211; 60 giorni o pi\u00f9 prima della partenza: CHF 150 per prenotazione.<\/strong><\/em><\/span><br \/>\n<span style=\"color: #3366ff;\"><em><strong>&#8211; Da 59 a 30 giorni: 30% dell&#8217;importo della prenotazione.<\/strong><\/em><\/span><br \/>\n<span style=\"color: #3366ff;\"><em><strong>&#8211; Da 29 a 10 giorni: 60% del costo totale della prenotazione.<\/strong><\/em><\/span><br \/>\n<span style=\"color: #3366ff;\"><em><strong>&#8211; Da 9 a 1 giorno: 100% del costo totale della prenotazione.<\/strong><\/em><\/span><br \/>\n<span style=\"color: #3366ff;\"><em><strong>&#8211; L&#8217;intero importo della prenotazione sar\u00e0 trattenuto il giorno stesso.<\/strong><\/em><\/span><br \/>\n<span style=\"color: #3366ff;\"><em><strong>&#8211; Naturalmente, puoi sempre trovare un sostituto.<\/strong><\/em><\/span><\/p>\n<p>&#8211; In caso di eventi importanti, possono essere concordate condizioni speciali di cancellazione\/modifica.<\/p>\n<p style=\"color: red;\"><strong>IMPORTANTE<\/strong><br \/>\n<strong>Le cancellazioni o le modifiche alla prenotazione possono essere effettuate solo telefonicamente nei seguenti orari: dal luned\u00ec al venerd\u00ec, dalle 15.30 alle 17.30. LE CANCELLAZIONI O LE MODIFICHE EFFETTUATE VIA E-MAIL NON SARANNO PRESE IN CONSIDERAZIONE.<\/strong><\/p>\n<\/div>\n","protected":false},"excerpt":{"rendered":"<p>&#8211; La prenotazione o l&#8217;acquisto di un buono regalo\/biglietto \u00e8 definitiva. &#8211; Per motivi di sicurezza, un&#8217;attivit\u00e0 pu\u00f2 essere cancellata o posticipata. &#8211; Se hai problemi di salute, contatta un responsabile di Swissraft. &#8211; Per alcune attivit\u00e0 \u00e8 consigliabile saper nuotare. &#8211; Le attivit\u00e0 di acqua bianca e bungee non sono possibili durante la gravidanza. &hellip; <span class=\"more-link-wrap\"><a href=\"https:\/\/www.swissraft.ch\/it\/termini-e-condizioni-generali\/\" class=\"more-link\"><span>Read More<span class=\"screen-reader-text\"> &#8220;Condizioni generali di vendita e prenotazione&#8221;<\/span><\/span><\/a><\/span><\/p>\n","protected":false},"author":1,"featured_media":0,"parent":0,"menu_order":0,"comment_status":"closed","ping_status":"open","template":"","meta":{"inline_featured_image":false,"_mi_skip_tracking":false,"footnotes":""},"class_list":["post-92004","page","type-page","status-publish","hentry"],"yoast_head":"<!-- This site is optimized with the Yoast SEO plugin v23.6 - https:\/\/yoast.com\/wordpress\/plugins\/seo\/ -->\n<title>Condizioni generali di vendita e prenotazione<\/title>\n<meta name=\"description\" content=\"Termini e condizioni generali per la vendita e la prenotazione di un&#039;attivit\u00e0 con Swissraft Services International. Solo via e-mail\" \/>\n<meta name=\"robots\" content=\"index, follow, max-snippet:-1, max-image-preview:large, max-video-preview:-1\" \/>\n<link rel=\"canonical\" href=\"https:\/\/www.swissraft.ch\/it\/termini-e-condizioni-generali\/\" \/>\n<meta property=\"og:locale\" content=\"it_IT\" \/>\n<meta property=\"og:type\" content=\"article\" \/>\n<meta property=\"og:title\" content=\"Condizioni generali di vendita e prenotazione\" \/>\n<meta property=\"og:description\" content=\"Termini e condizioni generali per la vendita e la prenotazione di un&#039;attivit\u00e0 con Swissraft Services International. Solo via e-mail\" \/>\n<meta property=\"og:url\" content=\"https:\/\/www.swissraft.ch\/it\/termini-e-condizioni-generali\/\" \/>\n<meta property=\"og:site_name\" content=\"Swissraft\" \/>\n<meta property=\"article:modified_time\" content=\"2025-05-31T14:47:12+00:00\" \/>\n<meta name=\"twitter:card\" content=\"summary_large_image\" \/>\n<meta name=\"twitter:label1\" content=\"Tempo di lettura stimato\" \/>\n\t<meta name=\"twitter:data1\" content=\"2 minuti\" \/>\n<script type=\"application\/ld+json\" class=\"yoast-schema-graph\">{\"@context\":\"https:\/\/schema.org\",\"@graph\":[{\"@type\":\"WebPage\",\"@id\":\"https:\/\/www.swissraft.ch\/it\/termini-e-condizioni-generali\/\",\"url\":\"https:\/\/www.swissraft.ch\/it\/termini-e-condizioni-generali\/\",\"name\":\"Condizioni generali di vendita e prenotazione\",\"isPartOf\":{\"@id\":\"https:\/\/www.swissraft.ch\/it\/#website\"},\"datePublished\":\"2023-05-21T13:39:39+00:00\",\"dateModified\":\"2025-05-31T14:47:12+00:00\",\"description\":\"Termini e condizioni generali per la vendita e la prenotazione di un'attivit\u00e0 con Swissraft Services International. Solo via e-mail\",\"breadcrumb\":{\"@id\":\"https:\/\/www.swissraft.ch\/it\/termini-e-condizioni-generali\/#breadcrumb\"},\"inLanguage\":\"it-IT\",\"potentialAction\":[{\"@type\":\"ReadAction\",\"target\":[\"https:\/\/www.swissraft.ch\/it\/termini-e-condizioni-generali\/\"]}]},{\"@type\":\"BreadcrumbList\",\"@id\":\"https:\/\/www.swissraft.ch\/it\/termini-e-condizioni-generali\/#breadcrumb\",\"itemListElement\":[{\"@type\":\"ListItem\",\"position\":1,\"name\":\"Accueil\",\"item\":\"https:\/\/www.swissraft.ch\/it\/\"},{\"@type\":\"ListItem\",\"position\":2,\"name\":\"Condizioni generali di vendita e prenotazione\"}]},{\"@type\":\"WebSite\",\"@id\":\"https:\/\/www.swissraft.ch\/it\/#website\",\"url\":\"https:\/\/www.swissraft.ch\/it\/\",\"name\":\"Swissraft\",\"description\":\"To enjoy nature as it is\",\"publisher\":{\"@id\":\"https:\/\/www.swissraft.ch\/it\/#organization\"},\"potentialAction\":[{\"@type\":\"SearchAction\",\"target\":{\"@type\":\"EntryPoint\",\"urlTemplate\":\"https:\/\/www.swissraft.ch\/it\/?s={search_term_string}\"},\"query-input\":{\"@type\":\"PropertyValueSpecification\",\"valueRequired\":true,\"valueName\":\"search_term_string\"}}],\"inLanguage\":\"it-IT\"},{\"@type\":\"Organization\",\"@id\":\"https:\/\/www.swissraft.ch\/it\/#organization\",\"name\":\"Swissraft\",\"url\":\"https:\/\/www.swissraft.ch\/it\/\",\"logo\":{\"@type\":\"ImageObject\",\"inLanguage\":\"it-IT\",\"@id\":\"https:\/\/www.swissraft.ch\/it\/#\/schema\/logo\/image\/\",\"url\":\"https:\/\/www.swissraft.ch\/wp-content\/uploads\/2025\/09\/Capture.jpg\",\"contentUrl\":\"https:\/\/www.swissraft.ch\/wp-content\/uploads\/2025\/09\/Capture.jpg\",\"width\":293,\"height\":108,\"caption\":\"Swissraft\"},\"image\":{\"@id\":\"https:\/\/www.swissraft.ch\/it\/#\/schema\/logo\/image\/\"}}]}<\/script>\n<!-- \/ Yoast SEO plugin. -->","yoast_head_json":{"title":"Condizioni generali di vendita e prenotazione","description":"Termini e condizioni generali per la vendita e la prenotazione di un'attivit\u00e0 con Swissraft Services International. Solo via e-mail","robots":{"index":"index","follow":"follow","max-snippet":"max-snippet:-1","max-image-preview":"max-image-preview:large","max-video-preview":"max-video-preview:-1"},"canonical":"https:\/\/www.swissraft.ch\/it\/termini-e-condizioni-generali\/","og_locale":"it_IT","og_type":"article","og_title":"Condizioni generali di vendita e prenotazione","og_description":"Termini e condizioni generali per la vendita e la prenotazione di un'attivit\u00e0 con Swissraft Services International. Solo via e-mail","og_url":"https:\/\/www.swissraft.ch\/it\/termini-e-condizioni-generali\/","og_site_name":"Swissraft","article_modified_time":"2025-05-31T14:47:12+00:00","twitter_card":"summary_large_image","twitter_misc":{"Tempo di lettura stimato":"2 minuti"},"schema":{"@context":"https:\/\/schema.org","@graph":[{"@type":"WebPage","@id":"https:\/\/www.swissraft.ch\/it\/termini-e-condizioni-generali\/","url":"https:\/\/www.swissraft.ch\/it\/termini-e-condizioni-generali\/","name":"Condizioni generali di vendita e prenotazione","isPartOf":{"@id":"https:\/\/www.swissraft.ch\/it\/#website"},"datePublished":"2023-05-21T13:39:39+00:00","dateModified":"2025-05-31T14:47:12+00:00","description":"Termini e condizioni generali per la vendita e la prenotazione di un'attivit\u00e0 con Swissraft Services International. Solo via e-mail","breadcrumb":{"@id":"https:\/\/www.swissraft.ch\/it\/termini-e-condizioni-generali\/#breadcrumb"},"inLanguage":"it-IT","potentialAction":[{"@type":"ReadAction","target":["https:\/\/www.swissraft.ch\/it\/termini-e-condizioni-generali\/"]}]},{"@type":"BreadcrumbList","@id":"https:\/\/www.swissraft.ch\/it\/termini-e-condizioni-generali\/#breadcrumb","itemListElement":[{"@type":"ListItem","position":1,"name":"Accueil","item":"https:\/\/www.swissraft.ch\/it\/"},{"@type":"ListItem","position":2,"name":"Condizioni generali di vendita e prenotazione"}]},{"@type":"WebSite","@id":"https:\/\/www.swissraft.ch\/it\/#website","url":"https:\/\/www.swissraft.ch\/it\/","name":"Swissraft","description":"To enjoy nature as it is","publisher":{"@id":"https:\/\/www.swissraft.ch\/it\/#organization"},"potentialAction":[{"@type":"SearchAction","target":{"@type":"EntryPoint","urlTemplate":"https:\/\/www.swissraft.ch\/it\/?s={search_term_string}"},"query-input":{"@type":"PropertyValueSpecification","valueRequired":true,"valueName":"search_term_string"}}],"inLanguage":"it-IT"},{"@type":"Organization","@id":"https:\/\/www.swissraft.ch\/it\/#organization","name":"Swissraft","url":"https:\/\/www.swissraft.ch\/it\/","logo":{"@type":"ImageObject","inLanguage":"it-IT","@id":"https:\/\/www.swissraft.ch\/it\/#\/schema\/logo\/image\/","url":"https:\/\/www.swissraft.ch\/wp-content\/uploads\/2025\/09\/Capture.jpg","contentUrl":"https:\/\/www.swissraft.ch\/wp-content\/uploads\/2025\/09\/Capture.jpg","width":293,"height":108,"caption":"Swissraft"},"image":{"@id":"https:\/\/www.swissraft.ch\/it\/#\/schema\/logo\/image\/"}}]}},"_links":{"self":[{"href":"https:\/\/www.swissraft.ch\/it\/wp-json\/wp\/v2\/pages\/92004","targetHints":{"allow":["GET"]}}],"collection":[{"href":"https:\/\/www.swissraft.ch\/it\/wp-json\/wp\/v2\/pages"}],"about":[{"href":"https:\/\/www.swissraft.ch\/it\/wp-json\/wp\/v2\/types\/page"}],"author":[{"embeddable":true,"href":"https:\/\/www.swissraft.ch\/it\/wp-json\/wp\/v2\/users\/1"}],"replies":[{"embeddable":true,"href":"https:\/\/www.swissraft.ch\/it\/wp-json\/wp\/v2\/comments?post=92004"}],"version-history":[{"count":3,"href":"https:\/\/www.swissraft.ch\/it\/wp-json\/wp\/v2\/pages\/92004\/revisions"}],"predecessor-version":[{"id":116102,"href":"https:\/\/www.swissraft.ch\/it\/wp-json\/wp\/v2\/pages\/92004\/revisions\/116102"}],"wp:attachment":[{"href":"https:\/\/www.swissraft.ch\/it\/wp-json\/wp\/v2\/media?parent=92004"}],"curies":[{"name":"wp","href":"https:\/\/api.w.org\/{rel}","templated":true}]}}