{"id":91978,"date":"2022-10-15T20:23:57","date_gmt":"2022-10-15T18:23:57","guid":{"rendered":"https:\/\/swissraft.xyanzkdne.eu\/chi-siamo\/"},"modified":"2024-10-12T23:57:46","modified_gmt":"2024-10-12T21:57:46","slug":"chi-siamo","status":"publish","type":"page","link":"https:\/\/www.swissraft.ch\/it\/chi-siamo\/","title":{"rendered":"Chi siamo?"},"content":{"rendered":"<div align=\"justify\">\n&#13;\n<h2 class=\"wp-block-heading\">Chi siamo?<\/h2>&#13;\n&#13;\n<p>L&#8217;idea giusta al momento giusto ed \u00e8 nata Swissraft.<\/p>&#13;\n&#13;\n<h2 class=\"wp-block-heading\">1982<\/h2>&#13;\n&#13;\n<p>Ho presentato il mio progetto all&#8217;ufficio turistico di Laax. Il direttore di allora, Franco Palmy, pens\u00f2 che fosse una buona idea. Grazie a lui, questa regione dei Grigioni e del Reno divenne, e rimane tuttora, la mecca del rafting in Svizzera.<br\/>Facevo fino a 4 discese al giorno, con mia moglie Charlotte alla guida. Pi\u00f9 di 1.000 persone nella prima stagione con una sola barca!   <\/p>&#13;\n&#13;\n<h2 class=\"wp-block-heading\">1983<\/h2>&#13;\n&#13;\n<p>Ho proposto l&#8217;idea di navigare lungo il Reno fino al mare. Questa promozione avrebbe coperto il settore di clientela di interesse per i Grigioni.<br\/>Il successo non tard\u00f2 ad arrivare: pi\u00f9 di 3.000 persone!  <\/p>&#13;\n&#13;\n<h2 class=\"wp-block-heading\">1984<\/h2>&#13;\n&#13;\n<p>Stiamo investendo in strutture di accoglienza e attrezzature. L&#8217;ufficio turistico di Obergoms, nell&#8217;Alto Vallese, mi ha contattato per aprire una base sul Rodano tra Oberwald e Glurigen.<br\/>Abbiamo anche aperto una base sull&#8217;Inn a Scuol, nella bassa Engadina. Pi\u00f9 di 8.000 persone!  <\/p>&#13;\n&#13;\n<h2 class=\"wp-block-heading\">1985<\/h2>&#13;\n&#13;\n<p>Questo \u00e8 un anno cruciale per noi, perch\u00e9 dobbiamo strutturarci e pensare a nuovi prodotti.<br\/>Stiamo lanciando delle giornate di rafting con picnic nelle tre basi. Pi\u00f9 di 15.000 persone! <\/p>&#13;\n&#13;\n<h2 class=\"wp-block-heading\">1986<\/h2>&#13;\n&#13;\n<p>Daniel Peyer, responsabile della base di Eurotrek nel 1984 e 1985, si unisce a noi. \u00c8 un uomo molto bravo, come so per averlo osservato nelle stagioni precedenti. All&#8217;orizzonte si profila una battaglia spietata contro questa concorrenza unica.<br\/>Con il mio nuovo luogotenente, decidemmo di creare una base a Saanen, sui fiumi Sarine e Simme, a cavallo tra il Pays d&#8217;Enhaut e l&#8217;Oberland Bernese. Pi\u00f9 di 20.000 persone!   <\/p>&#13;\n&#13;\n<h2 class=\"wp-block-heading\">1987<\/h2>&#13;\n&#13;\n<p>Stiamo cambiando marcia. Nasce Euroraft, con filiali in Francia (Franceraft) e in Austria (Austriaraft).<br\/>Siamo i primi in Svizzera a lanciare escursioni in mountain bike. Pi\u00f9 di 25.000 persone!  <\/p>&#13;\n&#13;\n<h2 class=\"wp-block-heading\">1988<\/h2>&#13;\n&#13;\n<p><br\/>Stiamo organizzando il primo &#8220;Gran Premio di Rafting&#8221; in Svizzera. Swissraft rappresenta una grande infrastruttura che non pu\u00f2 sopravvivere con soli cinque mesi di attivit\u00e0. Quindi dobbiamo produrre tutto l&#8217;anno. Daniel Peyer sta per partire in esplorazione in Costa Rica dopo la sua stagione nel Pays d&#8217;Enhaut.<br\/>Questo \u00e8 anche l&#8217;anno in cui lanciamo il primo &#8220;nuoto in acque bianche&#8221; o Hydrospeed in Svizzera. Oltre 35.000 persone!   <\/p>&#13;\n&#13;\n<h2 class=\"wp-block-heading\">1989<\/h2>&#13;\n&#13;\n<p>Le televisioni europee erano sempre pi\u00f9 interessate a noi senza che fossimo noi a contattarle. Abbiamo girato due o tre reportage all&#8217;anno fino al 1992.<br\/>Quest&#8217;anno abbiamo deciso di fare il grande passo e di investire in Costa Rica creando una societ\u00e0 di rafting, Aventuras Naturales, aprendo un hotel Fleur de Lys a San Jos\u00e9 e costruendo un Pacuare Lodge nella giungla sulle rive del fiume Pacuare.<br\/>Daniel Peyer diventa nostro partner per l&#8217;attivit\u00e0 di rafting e lodge. Pi\u00f9 di 40.000 persone!   <\/p>&#13;\n<h2>1990-1992<\/h2>&#13;\n<p><\/p>&#13;\n<p>La crescita continua ad un ritmo molto pi\u00f9 lento, mentre la concorrenza cresce come funghi. In qualit\u00e0 di consulente tecnico per molti anni presso Zodiac e Aris, entrambi produttori di pneumatici, sto sfruttando la mia esperienza per produrre le nostre zattere, prima in Svizzera e poi in Francia. Abbiamo il vantaggio di avere il controllo completo del processo di produzione, realizzando prodotti personalizzati. Questa esperienza ci aiuter\u00e0 in futuro nella scelta delle attrezzature e nelle richieste che faremo ai produttori.   <\/p>&#13;\n<p>Nel 1990 ho creato il reparto aereo, offrendo voli tandem in parapendio e in elicottero. Nello stesso anno Charlotte apr\u00ec una scuola di equitazione a Trin Mulin. Nel 1991 si \u00e8 aggiunta una nuova attivit\u00e0 al reparto aereo, i voli in mongolfiera. Nel 1992 aprimmo una scuola di sci.   <\/p>&#13;\n<p>In questo periodo siamo oggetto di pressioni da parte di pescatori, cacciatori e altri ambientalisti. Siamo presenti su quasi tutti i fiumi adatti al rafting. Siamo un successo e questo \u00e8 preoccupante.<br\/>Prova dopo prova, conquisteremo il diritto di esercitare la nostra professione. In questi due anni ci siamo stabilizzati a circa 100.000 persone in Europa per tutte le attivit\u00e0 messe insieme.   <\/p>&#13;\n<h2>1993<\/h2>&#13;\n<p><\/p>&#13;\n<p>La crisi economica inizia a farsi sentire in Svizzera. Decidemmo di vendere la base di Goms, che non era abbastanza redditizia. L&#8217;anno fu segnato da un terribile incidente sull&#8217;Inn nella bassa Engadina. Nove turisti tedeschi che stavano organizzando una discesa privata sono annegati quando hanno saltato una diga chiusa alla navigazione. Il dipartimento di navigazione dei Grigioni mi chiese di progettare una segnaletica adeguata per il fiume.<br\/>Ci sarebbero voluti tre anni per far rinascere il rafting in Engadina. Alla ricerca di nuovi siti e nuove attivit\u00e0, ho scoperto per caso le Gole della Viamala. Ho deciso di immergermi nelle viscere della gola per scoprire le cose pi\u00f9 spettacolari che Madre Natura ha da offrire.<br\/>Il canyoning, che ora sta prendendo piede anche in Francia, \u00e8 nato nei Grigioni nella primavera del 1993. 28.000 persone in Svizzera!       <\/p>&#13;\n<h2>1994<\/h2>&#13;\n<p><\/p>&#13;\n<p>Poi \u00e8 stato il nostro turno di essere colpiti da una tragedia. Abbiamo avuto il nostro primo incidente nel canyon del Viamala. Le indagini non hanno mai messo in dubbio la competenza delle nostre guide. La stampa, che \u00e8 sempre stata gentile con noi, non ha cercato di spiegare l&#8217;inspiegabile. Si tratta del tragico destino di Sylvie (25 anni) che \u00e8 scivolata dove non avrebbe dovuto.<br\/>In due anni, pi\u00f9 di 3.000 persone hanno intrapreso lo stesso percorso. Non saremo mai in grado di eliminare totalmente il fattore di rischio. Alcune persone hanno lavorato su se stesse, come ho fatto io.<br\/>Altri, forse perch\u00e9 non hanno mai pensato all&#8217;incidente, hanno abbandonato la loro professione dopo la tragedia. Ci stiamo avvicinando alla soglia critica di 20.000 persone al di sotto della quale non dobbiamo andare!       <\/p>&#13;\n<h2>1995<\/h2>&#13;\n<p><\/p>&#13;\n<p>Ampliamo il nostro reparto di aviazione aprendo una scuola di volo libero.<br\/>Per motivi legati alla difficolt\u00e0 di controllare regolarmente i nostri prodotti all&#8217;estero, decidiamo di separarci dalle societ\u00e0 Franceraft e Austriaraft. Pi\u00f9 di 21.000 persone! <\/p>&#13;\n<h2>1996-1997<\/h2>&#13;\n<p><\/p>&#13;\n<p>Uno dei nostri sponsor ci ha chiesto di creare una base in Ticino. Il bungy \u00e8 stato lanciato in Ticino sul sito della diga della Verzasca grazie all&#8217;uscita del film del 1995 &#8220;James Bond 007Goldeneye&#8221; e in Vallese sul sito di Niouc vicino a Sierre. Apriamo anche una base a K\u00fcblis, sulle rive del Landquart.  <\/p>&#13;\n<h2>1998<\/h2>&#13;\n<p><\/p>&#13;\n<p><br\/>I prodotti sono in fase di studio per l&#8217;inverno. 22.000 persone!<\/p>&#13;\n<h2>1999<\/h2>&#13;\n<p><\/p>&#13;\n<p>Il terribile incidente di canyoning del 27 luglio nell&#8217;Oberland Bernese ha messo a rischio tutte le aziende svizzere di canyoning.<br\/>Il prodotto Sled Dogs \u00e8 stato lanciato con successo in inverno. 23.000 persone! <\/p>&#13;\n<h2>2000<\/h2>&#13;\n<p><\/p>&#13;\n<p><br\/>A seguito di un cambiamento naturale del letto del Landquart, abbiamo deciso di chiudere la base di K\u00fcblis, poich\u00e9 il fiume presentava pericoli incontrollabili. 22.000 persone!<\/p>&#13;\n<h2>2001<\/h2>&#13;\n<p><\/p>&#13;\n<p>Stiamo aprendo una nuova sede a Interlaken per cercare di conquistare alcuni dei clienti stranieri che affollano questa regione.<br\/>Dal 2001 Swissraft \u00e8 la prima azienda in Svizzera ad aver ottenuto il marchio &#8220;Safety in Adventures&#8221;. 23.000 persone! <\/p>&#13;\n<h2>2002-2005<\/h2>&#13;\n<p><\/p>&#13;\n<p>Le vendite crescono costantemente di circa il 4% all&#8217;anno. La scuola di equitazione gestita da Charlotte Ch\u00e9zi\u00e8re (cofondatrice di Swissraft) \u00e8 integrata nell&#8217;azienda. <\/p>&#13;\n<h2>2006<\/h2>&#13;\n<p><\/p>&#13;\n<p>Il 30 aprile alle 11.00 del mattino, durante una passeggiata in carrozza con un cavallo giovane e vivace, si verific\u00f2 un grave incidente che caus\u00f2 l&#8217;impensabile. La diagnosi fu chiara: Charlotte era tetraplegica e sarebbe rimasta paralizzata dalla testa ai piedi per il resto della sua vita. <\/p>&#13;\n<h2>2007<\/h2>&#13;\n<p><\/p>&#13;\n<p>Ma questo senza contare la forza di volont\u00e0 e la pazienza di Charlotte. Un anno dopo il suo incidente, Charlotte cammina di nuovo con le stampelle! Si \u00e8 data due anni di tempo per abbassare la sua sedia a rotelle in cantina.  <\/p>&#13;\n<h2>2008<\/h2>&#13;\n<p><\/p>&#13;\n<p>Il nostro centro prenotazioni \u00e8 stato completamente informatizzato e aggiornato. Ora abbiamo pi\u00f9 di 27.000 clienti. <\/p>&#13;\n<p><br\/>PS: quasi dimenticavo! Charlotte sta tornando in sella! <\/p>&#13;\n<h2>2009<\/h2>&#13;\n<p><\/p>&#13;\n<p>Nonostante tutte le previsioni economiche pessimistiche di cui gli esperti e i media sono il segreto, Swissraft pu\u00f2 essere lieta di chiudere l&#8217;anno con un aumento del fatturato. Grazie di cuore ai nostri fedeli clienti e a tutti coloro che hanno voluto scoprire la nostra azienda e condividere un&#8217;avventura con noi. Vi aspettiamo l&#8217;anno prossimo.  <\/p>&#13;\n<h2>2010-2011<\/h2>&#13;\n<p><\/p>&#13;\n<p>Stiamo assistendo a una stagnazione delle prenotazioni per il canyoning, soprattutto in Ticino; questo \u00e8 in parte dovuto al clima, che non \u00e8 stato eccezionale durante l&#8217;estate 2011.<br\/>Grazie ai nostri clienti svizzeri, che sono ben informati sulle competenze e sull&#8217;affidabilit\u00e0 delle aziende che operano in questo settore, in particolare a Interlaken, siamo lieti di notare un netto aumento del numero di gite di rafting sulla L\u00fctschine nell&#8217;Oberland Bernese e sulla Vispa nel Vallese.<br\/>Ho anche il piacere di condividere con te, da maggio a ottobre, voli in parapendio tandem da Le Cimetta. Voli termici di circa 1 ora, a strapiombo sul &#8220;lac Majeure&#8221;, assolutamente indimenticabili secondo le parole dei passeggeri alcuni mesi dopo la loro esperienza. <\/p>&#13;\n<h2>2012-2013<\/h2>&#13;\n<p><\/p>&#13;\n<p>Dopo molti anni di pressioni sulle autorit\u00e0 vallesane, abbiamo ottenuto le autorizzazioni necessarie per poter percorrere il tratto Souste &#8211; Sierre, un percorso di rafting sportivo e ricco di azione che far\u00e0 la gioia degli appassionati di rafting. La domanda invernale di attivit\u00e0 come lo sleddog, la costruzione di igloo e altri eventi, cos\u00ec come il parapendio in tandem, la mongolfiera e i voli in elicottero, continua a crescere costantemente. <\/p>&#13;\n<\/div>\n","protected":false},"excerpt":{"rendered":"<p>&#13; Chi siamo? &#13; &#13; L&#8217;idea giusta al momento giusto ed \u00e8 nata Swissraft. &#13; &#13; 1982 &#13; &#13; Ho presentato il mio progetto all&#8217;ufficio turistico di Laax. Il direttore di allora, Franco Palmy, pens\u00f2 che fosse una buona idea. Grazie a lui, questa regione dei Grigioni e del Reno divenne, e rimane tuttora, la &hellip; <span class=\"more-link-wrap\"><a href=\"https:\/\/www.swissraft.ch\/it\/chi-siamo\/\" class=\"more-link\"><span>Read More<span class=\"screen-reader-text\"> &#8220;Chi siamo?&#8221;<\/span><\/span><\/a><\/span><\/p>\n","protected":false},"author":1,"featured_media":0,"parent":0,"menu_order":0,"comment_status":"closed","ping_status":"open","template":"","meta":{"inline_featured_image":false,"_mi_skip_tracking":false,"footnotes":""},"class_list":["post-91978","page","type-page","status-publish","hentry"],"yoast_head":"<!-- This site is optimized with the Yoast SEO plugin v23.6 - https:\/\/yoast.com\/wordpress\/plugins\/seo\/ -->\n<title>Chi siamo? - Swissraft<\/title>\n<meta name=\"robots\" content=\"index, follow, max-snippet:-1, max-image-preview:large, max-video-preview:-1\" \/>\n<link rel=\"canonical\" href=\"https:\/\/www.swissraft.ch\/it\/chi-siamo\/\" \/>\n<meta property=\"og:locale\" content=\"it_IT\" \/>\n<meta property=\"og:type\" content=\"article\" \/>\n<meta property=\"og:title\" content=\"Chi siamo? - Swissraft\" \/>\n<meta property=\"og:description\" content=\"&#013; Chi siamo? &#013; &#013; L&#8217;idea giusta al momento giusto ed \u00e8 nata Swissraft. &#013; &#013; 1982 &#013; &#013; Ho presentato il mio progetto all&#8217;ufficio turistico di Laax. Il direttore di allora, Franco Palmy, pens\u00f2 che fosse una buona idea. Grazie a lui, questa regione dei Grigioni e del Reno divenne, e rimane tuttora, la &hellip; Read More &quot;Chi siamo?&quot;\" \/>\n<meta property=\"og:url\" content=\"https:\/\/www.swissraft.ch\/it\/chi-siamo\/\" \/>\n<meta property=\"og:site_name\" content=\"Swissraft\" \/>\n<meta property=\"article:modified_time\" content=\"2024-10-12T21:57:46+00:00\" \/>\n<meta name=\"twitter:card\" content=\"summary_large_image\" \/>\n<meta name=\"twitter:label1\" content=\"Tempo di lettura stimato\" \/>\n\t<meta name=\"twitter:data1\" content=\"7 minuti\" \/>\n<script type=\"application\/ld+json\" class=\"yoast-schema-graph\">{\"@context\":\"https:\/\/schema.org\",\"@graph\":[{\"@type\":\"WebPage\",\"@id\":\"https:\/\/www.swissraft.ch\/it\/chi-siamo\/\",\"url\":\"https:\/\/www.swissraft.ch\/it\/chi-siamo\/\",\"name\":\"Chi siamo? - Swissraft\",\"isPartOf\":{\"@id\":\"https:\/\/www.swissraft.ch\/it\/#website\"},\"datePublished\":\"2022-10-15T18:23:57+00:00\",\"dateModified\":\"2024-10-12T21:57:46+00:00\",\"breadcrumb\":{\"@id\":\"https:\/\/www.swissraft.ch\/it\/chi-siamo\/#breadcrumb\"},\"inLanguage\":\"it-IT\",\"potentialAction\":[{\"@type\":\"ReadAction\",\"target\":[\"https:\/\/www.swissraft.ch\/it\/chi-siamo\/\"]}]},{\"@type\":\"BreadcrumbList\",\"@id\":\"https:\/\/www.swissraft.ch\/it\/chi-siamo\/#breadcrumb\",\"itemListElement\":[{\"@type\":\"ListItem\",\"position\":1,\"name\":\"Accueil\",\"item\":\"https:\/\/www.swissraft.ch\/it\/\"},{\"@type\":\"ListItem\",\"position\":2,\"name\":\"Chi siamo?\"}]},{\"@type\":\"WebSite\",\"@id\":\"https:\/\/www.swissraft.ch\/it\/#website\",\"url\":\"https:\/\/www.swissraft.ch\/it\/\",\"name\":\"Swissraft\",\"description\":\"To enjoy nature as it is\",\"publisher\":{\"@id\":\"https:\/\/www.swissraft.ch\/it\/#organization\"},\"potentialAction\":[{\"@type\":\"SearchAction\",\"target\":{\"@type\":\"EntryPoint\",\"urlTemplate\":\"https:\/\/www.swissraft.ch\/it\/?s={search_term_string}\"},\"query-input\":{\"@type\":\"PropertyValueSpecification\",\"valueRequired\":true,\"valueName\":\"search_term_string\"}}],\"inLanguage\":\"it-IT\"},{\"@type\":\"Organization\",\"@id\":\"https:\/\/www.swissraft.ch\/it\/#organization\",\"name\":\"Swissraft\",\"url\":\"https:\/\/www.swissraft.ch\/it\/\",\"logo\":{\"@type\":\"ImageObject\",\"inLanguage\":\"it-IT\",\"@id\":\"https:\/\/www.swissraft.ch\/it\/#\/schema\/logo\/image\/\",\"url\":\"https:\/\/www.swissraft.ch\/wp-content\/uploads\/2025\/09\/Capture.jpg\",\"contentUrl\":\"https:\/\/www.swissraft.ch\/wp-content\/uploads\/2025\/09\/Capture.jpg\",\"width\":293,\"height\":108,\"caption\":\"Swissraft\"},\"image\":{\"@id\":\"https:\/\/www.swissraft.ch\/it\/#\/schema\/logo\/image\/\"}}]}<\/script>\n<!-- \/ Yoast SEO plugin. -->","yoast_head_json":{"title":"Chi siamo? - Swissraft","robots":{"index":"index","follow":"follow","max-snippet":"max-snippet:-1","max-image-preview":"max-image-preview:large","max-video-preview":"max-video-preview:-1"},"canonical":"https:\/\/www.swissraft.ch\/it\/chi-siamo\/","og_locale":"it_IT","og_type":"article","og_title":"Chi siamo? - Swissraft","og_description":"&#13; Chi siamo? &#13; &#13; L&#8217;idea giusta al momento giusto ed \u00e8 nata Swissraft. &#13; &#13; 1982 &#13; &#13; Ho presentato il mio progetto all&#8217;ufficio turistico di Laax. Il direttore di allora, Franco Palmy, pens\u00f2 che fosse una buona idea. Grazie a lui, questa regione dei Grigioni e del Reno divenne, e rimane tuttora, la &hellip; Read More \"Chi siamo?\"","og_url":"https:\/\/www.swissraft.ch\/it\/chi-siamo\/","og_site_name":"Swissraft","article_modified_time":"2024-10-12T21:57:46+00:00","twitter_card":"summary_large_image","twitter_misc":{"Tempo di lettura stimato":"7 minuti"},"schema":{"@context":"https:\/\/schema.org","@graph":[{"@type":"WebPage","@id":"https:\/\/www.swissraft.ch\/it\/chi-siamo\/","url":"https:\/\/www.swissraft.ch\/it\/chi-siamo\/","name":"Chi siamo? - Swissraft","isPartOf":{"@id":"https:\/\/www.swissraft.ch\/it\/#website"},"datePublished":"2022-10-15T18:23:57+00:00","dateModified":"2024-10-12T21:57:46+00:00","breadcrumb":{"@id":"https:\/\/www.swissraft.ch\/it\/chi-siamo\/#breadcrumb"},"inLanguage":"it-IT","potentialAction":[{"@type":"ReadAction","target":["https:\/\/www.swissraft.ch\/it\/chi-siamo\/"]}]},{"@type":"BreadcrumbList","@id":"https:\/\/www.swissraft.ch\/it\/chi-siamo\/#breadcrumb","itemListElement":[{"@type":"ListItem","position":1,"name":"Accueil","item":"https:\/\/www.swissraft.ch\/it\/"},{"@type":"ListItem","position":2,"name":"Chi siamo?"}]},{"@type":"WebSite","@id":"https:\/\/www.swissraft.ch\/it\/#website","url":"https:\/\/www.swissraft.ch\/it\/","name":"Swissraft","description":"To enjoy nature as it is","publisher":{"@id":"https:\/\/www.swissraft.ch\/it\/#organization"},"potentialAction":[{"@type":"SearchAction","target":{"@type":"EntryPoint","urlTemplate":"https:\/\/www.swissraft.ch\/it\/?s={search_term_string}"},"query-input":{"@type":"PropertyValueSpecification","valueRequired":true,"valueName":"search_term_string"}}],"inLanguage":"it-IT"},{"@type":"Organization","@id":"https:\/\/www.swissraft.ch\/it\/#organization","name":"Swissraft","url":"https:\/\/www.swissraft.ch\/it\/","logo":{"@type":"ImageObject","inLanguage":"it-IT","@id":"https:\/\/www.swissraft.ch\/it\/#\/schema\/logo\/image\/","url":"https:\/\/www.swissraft.ch\/wp-content\/uploads\/2025\/09\/Capture.jpg","contentUrl":"https:\/\/www.swissraft.ch\/wp-content\/uploads\/2025\/09\/Capture.jpg","width":293,"height":108,"caption":"Swissraft"},"image":{"@id":"https:\/\/www.swissraft.ch\/it\/#\/schema\/logo\/image\/"}}]}},"_links":{"self":[{"href":"https:\/\/www.swissraft.ch\/it\/wp-json\/wp\/v2\/pages\/91978","targetHints":{"allow":["GET"]}}],"collection":[{"href":"https:\/\/www.swissraft.ch\/it\/wp-json\/wp\/v2\/pages"}],"about":[{"href":"https:\/\/www.swissraft.ch\/it\/wp-json\/wp\/v2\/types\/page"}],"author":[{"embeddable":true,"href":"https:\/\/www.swissraft.ch\/it\/wp-json\/wp\/v2\/users\/1"}],"replies":[{"embeddable":true,"href":"https:\/\/www.swissraft.ch\/it\/wp-json\/wp\/v2\/comments?post=91978"}],"version-history":[{"count":0,"href":"https:\/\/www.swissraft.ch\/it\/wp-json\/wp\/v2\/pages\/91978\/revisions"}],"wp:attachment":[{"href":"https:\/\/www.swissraft.ch\/it\/wp-json\/wp\/v2\/media?parent=91978"}],"curies":[{"name":"wp","href":"https:\/\/api.w.org\/{rel}","templated":true}]}}