{"id":93552,"date":"2022-11-22T17:19:15","date_gmt":"2022-11-22T16:19:15","guid":{"rendered":"https:\/\/swissraft.xyanzkdne.eu\/product\/helicopter-flight-from-belp-petersgrat-aperitif-45-min-from-chf-455-00\/"},"modified":"2026-02-01T19:28:04","modified_gmt":"2026-02-01T18:28:04","slug":"helicopter-flight-belp-landing-petersgrat-aperitif","status":"publish","type":"product","link":"https:\/\/www.swissraft.ch\/en\/product\/helicopter-flight-belp-landing-petersgrat-aperitif\/","title":{"rendered":"Helicopter flight from BERN-BELP &#8211; PETERSGRAT + AP\u00c9RITIF &#8211; 45 min. &#8211; From CHF 486.00"},"content":{"rendered":"\t\t<div data-elementor-type=\"wp-post\" data-elementor-id=\"93552\" class=\"elementor elementor-93552 elementor-29128\">\n\t\t\t\t\t\t\t\t\t<section class=\"elementor-section elementor-top-section elementor-element elementor-element-3303a7e3 elementor-section-boxed elementor-section-height-default elementor-section-height-default\" data-id=\"3303a7e3\" data-element_type=\"section\">\n\t\t\t\t\t\t<div class=\"elementor-container elementor-column-gap-default\">\n\t\t\t\t\t<div class=\"elementor-column elementor-col-100 elementor-top-column elementor-element elementor-element-16d72dbf\" data-id=\"16d72dbf\" data-element_type=\"column\">\n\t\t\t<div class=\"elementor-widget-wrap elementor-element-populated\">\n\t\t\t\t\t\t\t\t<div class=\"elementor-element elementor-element-d743c03 elementor-widget elementor-widget-text-editor\" data-id=\"d743c03\" data-element_type=\"widget\" data-widget_type=\"text-editor.default\">\n\t\t\t\t<div class=\"elementor-widget-container\">\n\t\t\t\t\t\t\t<h2>CHOOSE YOUR ACTIVITY BELOW TO OFFER GIFT VOUCHERS \/ TICKETS OR MAKE A RESERVATION<\/h2><table style=\"height: 290px;\" border=\"0\" width=\"580\" cellspacing=\"10\" cellpadding=\"10\"><tbody><tr><td width=\"50%\"><strong>LANDING ON THE PETERSGRAT + AP\u00c9RITIF (1-5 pers.) &#8211; 45 min.<\/strong><\/td><td><strong>From CHF 486.00 per person <\/strong><\/td><\/tr><tr><td>Additional information<\/td><td>&#8211; You will be with other passengers<br \/>&#8211; You will fly mainly on Sundays<br \/>&#8211; Every day private flight<br \/>&#8211; Maximum 5 pers.<br \/><em><strong>&#8211; Complimentary aperitif<\/strong><\/em><\/td><\/tr><tr><td>Airport<\/td><td><a href=\"https:\/\/www.google.ch\/maps\/place\/Flugplatzstrasse+9,+3123+Belp\/@46.9110741,7.5014815,384m\/data=!3m1!1e3!4m6!3m5!1s0x478e364abf3cd12d:0x66533198ed658320!8m2!3d46.9109935!4d7.5040993!16s%2Fg%2F11c2cjv1zm?hl=fr&amp;entry=ttu\" target=\"_blank\" rel=\"noopener\">Bern-Belp<\/a><\/td><\/tr><tr><td>Flying time<\/td><td>45 min.<\/td><\/tr><tr><td>Total duration<\/td><td>approx. 2,5 hrs<\/td><\/tr><tr><td>Appointment<\/td><td>By phone<\/td><\/tr><tr><td><a href=\"https:\/\/swissraft.outdoorbooking.ch\/fo\/products\/934?base_id=113&amp;category_id=6&amp;order_type=gift_voucher&amp;lang=en\" target=\"_blank\" rel=\"noopener\"><button class=\"elementor-button\" type=\"button\">PURCHASE GIFT VOUCHER \/ TICKET<\/button><\/a><\/td><td><strong>CHF 486.00<\/strong>\/pers.<\/td><\/tr><tr><td><a href=\"https:\/\/swissraft.outdoorbooking.ch\/fo\/products\/1379?base_id=115&amp;category_id=6&amp;order_type=gift_voucher&amp;lang=en\" target=\"_blank\" rel=\"noopener\"><button class=\"elementor-button\" type=\"button\">PURCHASE GIFT VOUCHER \/ TICKET<\/button><\/a><\/td><td><strong>CHF 1&#8217;800.00 &#8211; Private flight (2-4 pers.)<\/strong><\/td><\/tr><tr><td><a href=\"https:\/\/swissraft.outdoorbooking.ch\/fo\/products\/1287?base_id=116&amp;category_id=6&amp;order_type=gift_voucher&amp;lang=en\" target=\"_blank\" rel=\"noopener\"><button class=\"elementor-button\" type=\"button\">PURCHASE GIFT VOUCHER \/ TICKET<\/button><\/a><\/td><td><strong>CHF 2&#8217;310.00 &#8211; Private flight (5 pers.)<\/strong><\/td><\/tr><tr><td>\u00a0<\/td><td><strong><em>IMPORTANT !<\/em><\/strong><br \/><em>To book, call the number at the top left of the gift voucher \/ ticket.<\/em><\/td><\/tr><\/tbody><\/table>\t\t\t\t\t\t<\/div>\n\t\t\t\t<\/div>\n\t\t\t\t\t<\/div>\n\t\t<\/div>\n\t\t\t\t\t\t\t<\/div>\n\t\t<\/section>\n\t\t\t\t\t\t\t<\/div>\n\t\t","protected":false},"excerpt":{"rendered":"<div align=\"justify\">\n<h2 align=\"justify\">From Bern-Belp for a 45-minute helicopter flight with landing on the Petersgrat at over 3000 m<\/h2>\n<h3>This flight is one of the great classics. On the glacier, we&#8217;ll serve you an aperitif with Prosecco, beer, minerals and appetizers. <\/h3>\n<\/div>\n<div align=\"justify\">\n<p>Departing from Bern-Belp, you fly over the town of Thun and its lake, the Kien Valley. Then land on the Petersgrat glacier for an aperitif. The adventure then continues towards Kandersteg, the Niesen and the Stockhorn. Then you fly over the G\u00fcrbe valley before returning to Berne-Belp airport.<\/p>\n<h3>Swissraft offers a total of 26 heliports and airfields in Switzerland for helicopter flights.<\/h3>\n<p id=\"textarea\" style=\"display: none;\">We take off in Valais from the heliports of Gampel and Collombey, as well as from Sion airport. We also take off from the Interlaken-Gsteigwiler heliport in the Bernese Oberland. But also from Gstaad-Grund heliport and Saanen airfield in Saanenland. We also run tours from the heliports of Lauterbrunnen, Lenk-Simmental and Schattenhalb-Meiringen. We also take off from Zurich-Kloten international airport. On the one hand, we fly into Aargau from Buttwil, and into the canton of Solothurn from Grenchen. We also offer flights from the Pfaffnau heliport in the canton of Lucerne. We also operate flights from Erstfeld in Canton Uri and from K\u00fcssnacht in Canton Schwyz. In fact, we take off from \u00c9pagny en Gruy\u00e8re airfield in the canton of Fribourg. We also offer flights from Locarno and Lodrino airfields in Canton Ticino. What&#8217;s more, in Graub\u00fcnden we have flights from the heliports of Flims, Tavanasa and Untervaz. Then in the Engadine we offer flights from Samedan airfield and from St. Moritz heliport. St. Moritz in winter. We also operate flights from Balzers heliport in Liechtenstein and Sitterdorf in Canton Thurgau.\n<\/p>\n<p><a id=\"seeMore\" onclick=\"toggleSeeMore()\" href=\"javascript:void(0);\">Read more<\/a><\/p>\n","protected":false},"featured_media":85590,"comment_status":"open","ping_status":"closed","template":"","meta":{"inline_featured_image":false,"_mi_skip_tracking":false},"product_cat":[394,461],"product_tag":[],"class_list":["post-93552","product","type-product","status-publish","has-post-thumbnail","hentry","product_cat-helicopter-flight","product_cat-helicopter-flight-bern-belp"],"yoast_head":"<!-- This site is optimized with the Yoast SEO plugin v23.6 - https:\/\/yoast.com\/wordpress\/plugins\/seo\/ -->\n<title>Landing on the Petersgrat with aperitif. A remarkable flight<\/title>\n<meta name=\"description\" content=\"Landing on the Petersgrat for an aperitif offered by us. This flight from Belp is one of the most beautiful flights you can make.\" \/>\n<meta name=\"robots\" content=\"index, follow, max-snippet:-1, max-image-preview:large, max-video-preview:-1\" \/>\n<link rel=\"canonical\" href=\"https:\/\/www.swissraft.ch\/en\/product\/helicopter-flight-belp-landing-petersgrat-aperitif\/\" \/>\n<meta property=\"og:locale\" content=\"en_US\" \/>\n<meta property=\"og:type\" content=\"article\" \/>\n<meta property=\"og:title\" content=\"Landing on the Petersgrat with aperitif. A remarkable flight\" \/>\n<meta property=\"og:description\" content=\"Landing on the Petersgrat for an aperitif offered by us. This flight from Belp is one of the most beautiful flights you can make.\" \/>\n<meta property=\"og:url\" content=\"https:\/\/www.swissraft.ch\/en\/product\/helicopter-flight-belp-landing-petersgrat-aperitif\/\" \/>\n<meta property=\"og:site_name\" content=\"Swissraft\" \/>\n<meta property=\"article:modified_time\" content=\"2026-02-01T18:28:04+00:00\" \/>\n<meta property=\"og:image\" content=\"https:\/\/www.swissraft.ch\/wp-content\/uploads\/2022\/11\/08-BERN-BELP-Petersgrat-mit-Apero-776x776-1.jpg\" \/>\n\t<meta property=\"og:image:width\" content=\"776\" \/>\n\t<meta property=\"og:image:height\" content=\"776\" \/>\n\t<meta property=\"og:image:type\" content=\"image\/jpeg\" \/>\n<meta name=\"twitter:card\" content=\"summary_large_image\" \/>\n<meta name=\"twitter:label1\" content=\"Est. reading time\" \/>\n\t<meta name=\"twitter:data1\" content=\"1 minute\" \/>\n<script type=\"application\/ld+json\" class=\"yoast-schema-graph\">{\"@context\":\"https:\/\/schema.org\",\"@graph\":[{\"@type\":\"WebPage\",\"@id\":\"https:\/\/www.swissraft.ch\/en\/product\/helicopter-flight-belp-landing-petersgrat-aperitif\/\",\"url\":\"https:\/\/www.swissraft.ch\/en\/product\/helicopter-flight-belp-landing-petersgrat-aperitif\/\",\"name\":\"Landing on the Petersgrat with aperitif. A remarkable flight\",\"isPartOf\":{\"@id\":\"https:\/\/www.swissraft.ch\/en\/#website\"},\"primaryImageOfPage\":{\"@id\":\"https:\/\/www.swissraft.ch\/en\/product\/helicopter-flight-belp-landing-petersgrat-aperitif\/#primaryimage\"},\"image\":{\"@id\":\"https:\/\/www.swissraft.ch\/en\/product\/helicopter-flight-belp-landing-petersgrat-aperitif\/#primaryimage\"},\"thumbnailUrl\":\"https:\/\/www.swissraft.ch\/wp-content\/uploads\/2022\/11\/08-BERN-BELP-Petersgrat-mit-Apero-776x776-1.jpg\",\"datePublished\":\"2022-11-22T16:19:15+00:00\",\"dateModified\":\"2026-02-01T18:28:04+00:00\",\"description\":\"Landing on the Petersgrat for an aperitif offered by us. This flight from Belp is one of the most beautiful flights you can make.\",\"breadcrumb\":{\"@id\":\"https:\/\/www.swissraft.ch\/en\/product\/helicopter-flight-belp-landing-petersgrat-aperitif\/#breadcrumb\"},\"inLanguage\":\"en-US\",\"potentialAction\":[{\"@type\":\"ReadAction\",\"target\":[\"https:\/\/www.swissraft.ch\/en\/product\/helicopter-flight-belp-landing-petersgrat-aperitif\/\"]}]},{\"@type\":\"ImageObject\",\"inLanguage\":\"en-US\",\"@id\":\"https:\/\/www.swissraft.ch\/en\/product\/helicopter-flight-belp-landing-petersgrat-aperitif\/#primaryimage\",\"url\":\"https:\/\/www.swissraft.ch\/wp-content\/uploads\/2022\/11\/08-BERN-BELP-Petersgrat-mit-Apero-776x776-1.jpg\",\"contentUrl\":\"https:\/\/www.swissraft.ch\/wp-content\/uploads\/2022\/11\/08-BERN-BELP-Petersgrat-mit-Apero-776x776-1.jpg\",\"width\":776,\"height\":776,\"caption\":\"Petersgrat Glacier with aperitif\"},{\"@type\":\"BreadcrumbList\",\"@id\":\"https:\/\/www.swissraft.ch\/en\/product\/helicopter-flight-belp-landing-petersgrat-aperitif\/#breadcrumb\",\"itemListElement\":[{\"@type\":\"ListItem\",\"position\":1,\"name\":\"Accueil\",\"item\":\"https:\/\/www.swissraft.ch\/en\/\"},{\"@type\":\"ListItem\",\"position\":2,\"name\":\"Store\",\"item\":\"https:\/\/www.swissraft.ch\/en\/store\/\"},{\"@type\":\"ListItem\",\"position\":3,\"name\":\"Helicopter flight from BERN-BELP &#8211; PETERSGRAT + AP\u00c9RITIF &#8211; 45 min. &#8211; From CHF 486.00\"}]},{\"@type\":\"WebSite\",\"@id\":\"https:\/\/www.swissraft.ch\/en\/#website\",\"url\":\"https:\/\/www.swissraft.ch\/en\/\",\"name\":\"Swissraft\",\"description\":\"To enjoy nature as it is\",\"publisher\":{\"@id\":\"https:\/\/www.swissraft.ch\/en\/#organization\"},\"potentialAction\":[{\"@type\":\"SearchAction\",\"target\":{\"@type\":\"EntryPoint\",\"urlTemplate\":\"https:\/\/www.swissraft.ch\/en\/?s={search_term_string}\"},\"query-input\":{\"@type\":\"PropertyValueSpecification\",\"valueRequired\":true,\"valueName\":\"search_term_string\"}}],\"inLanguage\":\"en-US\"},{\"@type\":\"Organization\",\"@id\":\"https:\/\/www.swissraft.ch\/en\/#organization\",\"name\":\"Swissraft\",\"url\":\"https:\/\/www.swissraft.ch\/en\/\",\"logo\":{\"@type\":\"ImageObject\",\"inLanguage\":\"en-US\",\"@id\":\"https:\/\/www.swissraft.ch\/en\/#\/schema\/logo\/image\/\",\"url\":\"https:\/\/www.swissraft.ch\/wp-content\/uploads\/2025\/09\/Capture.jpg\",\"contentUrl\":\"https:\/\/www.swissraft.ch\/wp-content\/uploads\/2025\/09\/Capture.jpg\",\"width\":293,\"height\":108,\"caption\":\"Swissraft\"},\"image\":{\"@id\":\"https:\/\/www.swissraft.ch\/en\/#\/schema\/logo\/image\/\"}}]}<\/script>\n<!-- \/ Yoast SEO plugin. -->","yoast_head_json":{"title":"Landing on the Petersgrat with aperitif. A remarkable flight","description":"Landing on the Petersgrat for an aperitif offered by us. This flight from Belp is one of the most beautiful flights you can make.","robots":{"index":"index","follow":"follow","max-snippet":"max-snippet:-1","max-image-preview":"max-image-preview:large","max-video-preview":"max-video-preview:-1"},"canonical":"https:\/\/www.swissraft.ch\/en\/product\/helicopter-flight-belp-landing-petersgrat-aperitif\/","og_locale":"en_US","og_type":"article","og_title":"Landing on the Petersgrat with aperitif. A remarkable flight","og_description":"Landing on the Petersgrat for an aperitif offered by us. This flight from Belp is one of the most beautiful flights you can make.","og_url":"https:\/\/www.swissraft.ch\/en\/product\/helicopter-flight-belp-landing-petersgrat-aperitif\/","og_site_name":"Swissraft","article_modified_time":"2026-02-01T18:28:04+00:00","og_image":[{"width":776,"height":776,"url":"https:\/\/www.swissraft.ch\/wp-content\/uploads\/2022\/11\/08-BERN-BELP-Petersgrat-mit-Apero-776x776-1.jpg","type":"image\/jpeg"}],"twitter_card":"summary_large_image","twitter_misc":{"Est. reading time":"1 minute"},"schema":{"@context":"https:\/\/schema.org","@graph":[{"@type":"WebPage","@id":"https:\/\/www.swissraft.ch\/en\/product\/helicopter-flight-belp-landing-petersgrat-aperitif\/","url":"https:\/\/www.swissraft.ch\/en\/product\/helicopter-flight-belp-landing-petersgrat-aperitif\/","name":"Landing on the Petersgrat with aperitif. A remarkable flight","isPartOf":{"@id":"https:\/\/www.swissraft.ch\/en\/#website"},"primaryImageOfPage":{"@id":"https:\/\/www.swissraft.ch\/en\/product\/helicopter-flight-belp-landing-petersgrat-aperitif\/#primaryimage"},"image":{"@id":"https:\/\/www.swissraft.ch\/en\/product\/helicopter-flight-belp-landing-petersgrat-aperitif\/#primaryimage"},"thumbnailUrl":"https:\/\/www.swissraft.ch\/wp-content\/uploads\/2022\/11\/08-BERN-BELP-Petersgrat-mit-Apero-776x776-1.jpg","datePublished":"2022-11-22T16:19:15+00:00","dateModified":"2026-02-01T18:28:04+00:00","description":"Landing on the Petersgrat for an aperitif offered by us. This flight from Belp is one of the most beautiful flights you can make.","breadcrumb":{"@id":"https:\/\/www.swissraft.ch\/en\/product\/helicopter-flight-belp-landing-petersgrat-aperitif\/#breadcrumb"},"inLanguage":"en-US","potentialAction":[{"@type":"ReadAction","target":["https:\/\/www.swissraft.ch\/en\/product\/helicopter-flight-belp-landing-petersgrat-aperitif\/"]}]},{"@type":"ImageObject","inLanguage":"en-US","@id":"https:\/\/www.swissraft.ch\/en\/product\/helicopter-flight-belp-landing-petersgrat-aperitif\/#primaryimage","url":"https:\/\/www.swissraft.ch\/wp-content\/uploads\/2022\/11\/08-BERN-BELP-Petersgrat-mit-Apero-776x776-1.jpg","contentUrl":"https:\/\/www.swissraft.ch\/wp-content\/uploads\/2022\/11\/08-BERN-BELP-Petersgrat-mit-Apero-776x776-1.jpg","width":776,"height":776,"caption":"Petersgrat Glacier with aperitif"},{"@type":"BreadcrumbList","@id":"https:\/\/www.swissraft.ch\/en\/product\/helicopter-flight-belp-landing-petersgrat-aperitif\/#breadcrumb","itemListElement":[{"@type":"ListItem","position":1,"name":"Accueil","item":"https:\/\/www.swissraft.ch\/en\/"},{"@type":"ListItem","position":2,"name":"Store","item":"https:\/\/www.swissraft.ch\/en\/store\/"},{"@type":"ListItem","position":3,"name":"Helicopter flight from BERN-BELP &#8211; PETERSGRAT + AP\u00c9RITIF &#8211; 45 min. &#8211; From CHF 486.00"}]},{"@type":"WebSite","@id":"https:\/\/www.swissraft.ch\/en\/#website","url":"https:\/\/www.swissraft.ch\/en\/","name":"Swissraft","description":"To enjoy nature as it is","publisher":{"@id":"https:\/\/www.swissraft.ch\/en\/#organization"},"potentialAction":[{"@type":"SearchAction","target":{"@type":"EntryPoint","urlTemplate":"https:\/\/www.swissraft.ch\/en\/?s={search_term_string}"},"query-input":{"@type":"PropertyValueSpecification","valueRequired":true,"valueName":"search_term_string"}}],"inLanguage":"en-US"},{"@type":"Organization","@id":"https:\/\/www.swissraft.ch\/en\/#organization","name":"Swissraft","url":"https:\/\/www.swissraft.ch\/en\/","logo":{"@type":"ImageObject","inLanguage":"en-US","@id":"https:\/\/www.swissraft.ch\/en\/#\/schema\/logo\/image\/","url":"https:\/\/www.swissraft.ch\/wp-content\/uploads\/2025\/09\/Capture.jpg","contentUrl":"https:\/\/www.swissraft.ch\/wp-content\/uploads\/2025\/09\/Capture.jpg","width":293,"height":108,"caption":"Swissraft"},"image":{"@id":"https:\/\/www.swissraft.ch\/en\/#\/schema\/logo\/image\/"}}]}},"_links":{"self":[{"href":"https:\/\/www.swissraft.ch\/en\/wp-json\/wp\/v2\/product\/93552","targetHints":{"allow":["GET"]}}],"collection":[{"href":"https:\/\/www.swissraft.ch\/en\/wp-json\/wp\/v2\/product"}],"about":[{"href":"https:\/\/www.swissraft.ch\/en\/wp-json\/wp\/v2\/types\/product"}],"replies":[{"embeddable":true,"href":"https:\/\/www.swissraft.ch\/en\/wp-json\/wp\/v2\/comments?post=93552"}],"version-history":[{"count":40,"href":"https:\/\/www.swissraft.ch\/en\/wp-json\/wp\/v2\/product\/93552\/revisions"}],"predecessor-version":[{"id":128337,"href":"https:\/\/www.swissraft.ch\/en\/wp-json\/wp\/v2\/product\/93552\/revisions\/128337"}],"wp:featuredmedia":[{"embeddable":true,"href":"https:\/\/www.swissraft.ch\/en\/wp-json\/wp\/v2\/media\/85590"}],"wp:attachment":[{"href":"https:\/\/www.swissraft.ch\/en\/wp-json\/wp\/v2\/media?parent=93552"}],"wp:term":[{"taxonomy":"product_cat","embeddable":true,"href":"https:\/\/www.swissraft.ch\/en\/wp-json\/wp\/v2\/product_cat?post=93552"},{"taxonomy":"product_tag","embeddable":true,"href":"https:\/\/www.swissraft.ch\/en\/wp-json\/wp\/v2\/product_tag?post=93552"}],"curies":[{"name":"wp","href":"https:\/\/api.w.org\/{rel}","templated":true}]}}