{"id":93547,"date":"2022-11-22T16:46:07","date_gmt":"2022-11-22T15:46:07","guid":{"rendered":"https:\/\/swissraft.xyanzkdne.eu\/product\/helicopter-flight-from-belp-eiger-monch-andjungfraujoch-45-min-from-chf-380-00\/"},"modified":"2026-04-16T05:43:39","modified_gmt":"2026-04-16T03:43:39","slug":"helicopter-flight-belp-eiger-monch-jungfraujoch","status":"publish","type":"product","link":"https:\/\/www.swissraft.ch\/en\/product\/helicopter-flight-belp-eiger-monch-jungfraujoch\/","title":{"rendered":"Helicopter flight &#8211; Berne-Belp &#8211; Eiger, M\u00f6nch Jungfraujoch &#8211; 45 min. &#8211; From CHF 410.00"},"content":{"rendered":"\t\t<div data-elementor-type=\"wp-post\" data-elementor-id=\"93547\" class=\"elementor elementor-93547 elementor-29110\">\n\t\t\t\t\t\t\t\t\t<section class=\"elementor-section elementor-top-section elementor-element elementor-element-3303a7e3 elementor-section-boxed elementor-section-height-default elementor-section-height-default\" data-id=\"3303a7e3\" data-element_type=\"section\">\n\t\t\t\t\t\t<div class=\"elementor-container elementor-column-gap-default\">\n\t\t\t\t\t<div class=\"elementor-column elementor-col-100 elementor-top-column elementor-element elementor-element-16d72dbf\" data-id=\"16d72dbf\" data-element_type=\"column\">\n\t\t\t<div class=\"elementor-widget-wrap elementor-element-populated\">\n\t\t\t\t\t\t\t\t<div class=\"elementor-element elementor-element-d743c03 elementor-widget elementor-widget-text-editor\" data-id=\"d743c03\" data-element_type=\"widget\" data-widget_type=\"text-editor.default\">\n\t\t\t\t<div class=\"elementor-widget-container\">\n\t\t\t\t\t\t\t<h2>CHOOSE YOUR ACTIVITY BELOW TO OFFER GIFT VOUCHERS \/ TICKETS OR MAKE A RESERVATION<\/h2><table style=\"height: 290px;\" border=\"0\" width=\"580\" cellspacing=\"10\" cellpadding=\"10\"><tbody><tr><td width=\"50%\"><strong>1) EIGER M\u00d6NCH AND JUNGFRAUJOCH &#8211; 45 min.<\/strong><\/td><td><strong>From CHF 410.00 per person<\/strong><\/td><\/tr><tr><td>Additional information<\/td><td>&#8211; You will be with other passengers<br \/>&#8211; Flight from 4 pers.<\/td><\/tr><tr><td>Airport<\/td><td><a href=\"https:\/\/www.google.ch\/maps\/place\/Muristrasse+114,+3123+Belp\/@46.9054073,7.4971459,192m\/data=!3m1!1e3!4m6!3m5!1s0x478e37cc7fe34b07:0xd2876f33b4e5b28c!8m2!3d46.905372!4d7.4984699!16s%2Fg%2F11c279q9ks?hl=fr&amp;entry=ttu\" target=\"_blank\" rel=\"noopener\">Bern-Belp<\/a><\/td><\/tr><tr><td>Flight duration<\/td><td>45 min.<\/td><\/tr><tr><td>Total duration<\/td><td>approx. 1.15 hrs<\/td><\/tr><tr><td>Appointment<\/td><td>By phone<\/td><\/tr><tr><td><a href=\"https:\/\/swissraft.outdoorbooking.ch\/fo\/products\/1824?base_id=9&amp;category_id=6&amp;order_type=gift_voucher&amp;lang=en\" target=\"_blank\" rel=\"noopener\"><button class=\"elementor-button\" type=\"button\">PURCHASE GIFT VOUCHER \/ TICKET<\/button><\/a><\/td><td><span style=\"font-weight: bold; background-color: #ffffff;\">CHF <strong>410.00<\/strong><\/span><span style=\"background-color: #ffffff;\">\/pers.<\/span><\/td><\/tr><tr><td><a href=\"https:\/\/swissraft.outdoorbooking.ch\/fo\/products\/933?base_id=116&amp;category_id=6&amp;order_type=gift_voucher&amp;lang=en\" target=\"_blank\" rel=\"noopener\"><button class=\"elementor-button\" type=\"button\">PURCHASE GIFT VOUCHER \/ TICKET<\/button><\/a><\/td><td><span style=\"font-weight: bold; background-color: #ffffff;\">CHF 1&#8217;640.00 &#8211; <\/span><strong><span style=\"background-color: #ffffff;\">Private flight (4 pers.)<\/span><\/strong><\/td><\/tr><tr><td>\u00a0<\/td><td><strong><em>IMPORTANT !<br \/><\/em><\/strong><em>To book, call the number at the top left of the gift voucher \/ ticket.<\/em><\/td><\/tr><\/tbody><\/table><table style=\"height: 290px;\" border=\"0\" width=\"580\" cellspacing=\"10\" cellpadding=\"10\"><tbody><tr><td width=\"50%\"><strong>2) EIGER M\u00d6NCH AND JUNGFRAUJOCH &#8211; PRIVATE FLIGHT (3-5 pers.) &#8211; 45 min.<\/strong><\/td><td><strong>From CHF 1&#8217;210.00 per private flight<\/strong><\/td><\/tr><tr><td>Further information<\/td><td>&#8211; The helicopter is at your disposal exclusively for<br \/>&#8211; You determine the date and time of departure<br \/>&#8211; Maximum 5 pers.<\/td><\/tr><tr><td>Airport<\/td><td><a href=\"https:\/\/www.google.ch\/maps\/place\/Flugplatzstrasse+9,+3123+Belp\/@46.9110741,7.5014815,384m\/data=!3m1!1e3!4m6!3m5!1s0x478e364abf3cd12d:0x66533198ed658320!8m2!3d46.9109935!4d7.5040993!16s%2Fg%2F11c2cjv1zm?hl=fr&amp;entry=ttu\" target=\"_blank\" rel=\"noopener\">Bern-Belp<\/a><\/td><\/tr><tr><td>Flying time<\/td><td>45 min.<\/td><\/tr><tr><td>Total duration<\/td><td>approx. 1.15 hrs<\/td><\/tr><tr><td>Appointment<\/td><td>By phone<\/td><\/tr><tr><td><a href=\"https:\/\/swissraft.outdoorbooking.ch:443\/fo\/products\/1380?base_id=211&amp;category_id=6&amp;order_type=gift_voucher&amp;lang=en\" target=\"_blank\" rel=\"noopener\"><button class=\"elementor-button\" type=\"button\">PURCHASE GIFT VOUCHER \/ TICKET<\/button><\/a><\/td><td><span style=\"font-weight: bold; background-color: #ffffff;\">CHF 1&#8217;210.00<\/span><strong><span style=\"background-color: #ffffff;\"> &#8211; <\/span><span style=\"background-color: #ffffff;\">Private flight (3 pers.)<\/span><\/strong><\/td><\/tr><tr><td><a href=\"https:\/\/swissraft.outdoorbooking.ch\/fo\/products\/933?base_id=116&amp;category_id=6&amp;order_type=gift_voucher&amp;lang=en\" target=\"_blank\" rel=\"noopener\"><button class=\"elementor-button\" type=\"button\">PURCHASE GIFT VOUCHER \/ TICKET<\/button><\/a><\/td><td><span style=\"font-weight: bold; background-color: #ffffff;\">CHF 2&#8217;150.00<\/span><strong><span style=\"background-color: #ffffff;\"> &#8211; <\/span><span style=\"background-color: #ffffff;\">Private flight (5 pers.)<\/span><\/strong><\/td><\/tr><tr><td>\u00a0<\/td><td><strong><em>IMPORTANT !<br \/><\/em><\/strong><em>To book, call the number at the top left of the gift voucher \/ ticket.<\/em><\/td><\/tr><\/tbody><\/table>\t\t\t\t\t\t<\/div>\n\t\t\t\t<\/div>\n\t\t\t\t\t<\/div>\n\t\t<\/div>\n\t\t\t\t\t\t\t<\/div>\n\t\t<\/section>\n\t\t\t\t\t\t\t<\/div>\n\t\t","protected":false},"excerpt":{"rendered":"<div align=\"justify\">\n<h2 align=\"justify\">45-minute helicopter flight to the famous Bernese Alps : Eiger, M\u00f6nch and Jungfraujoch<\/h2>\n<h3>Departing from Bern-Belp, this panoramic flight will leave you with unforgettable memories.<\/h3>\n<\/div>\n<div align=\"justify\">\n<p>From Belp, you&#8217;ll head for Thun, Interlaken, Grindelwald and then the Eiger massif. Up close to the mythical Eiger North Face, then along the Jungfrau with its impressive Sphinx. Then the Schilthorn, the Niesen, the Stockhorn range. And finally the G\u00fcrbe valley before returning to Berne-Belp airport for a rest.<\/p>\n<h3>On this site, Swissraft offers you other tours departing from numerous heliports and airfields in Switzerland; more than 150 helicopter tours.<\/h3>\n<p id=\"textarea\" style=\"display: none;\">We also take off in Valais from Sion airport and from the heliports of Gampel and Collombey. We also offer flights from Interlaken-Gsteigwiler in the Bernese Oberland. On the one hand, we have flights from Gstaad-Grund heliport and from Saanen aerodrome in Saanenland. There are also flights from Lauterbrunnen, Lenk-Simmental and Schattenhalb-Meiringen heliports in the Bernese Oberland. What&#8217;s more, we take off from Zurich-Kloten airport. We also fly into Aargau from Buttwil and from Grenchen airport in the canton of Solothurn. But also from the Pfaffnau heliport near Lucerne. At the same time, we fly into the canton of Uri from Erstfeld heliport, and into the canton of Schwyz from K\u00fcssnacht heliport. But also from \u00c9pagny en Gruy\u00e8re airport in the canton of Fribourg. We also operate flights in the canton of Ticino from Locarno-Magadino and Lodrino airfields. We fly into Graub\u00fcnden from the heliports of Flims, Tavanasa and Untervaz. We also offer flights to the Engadine from Samedan heliport all year round. But also from the Balzers heliport in Liechtenstein and from Sitterdorf airfield in the canton of Thurgau.\n<\/p>\n<p><a id=\"seeMore\" onclick=\"toggleSeeMore()\" href=\"javascript:void(0);\">Read more<\/a><\/p>\n","protected":false},"featured_media":85575,"comment_status":"open","ping_status":"closed","template":"","meta":{"inline_featured_image":false,"_mi_skip_tracking":false},"product_cat":[394,461],"product_tag":[],"class_list":["post-93547","product","type-product","status-publish","has-post-thumbnail","hentry","product_cat-helicopter-flight","product_cat-helicopter-flight-bern-belp"],"yoast_head":"<!-- This site is optimized with the Yoast SEO plugin v23.6 - https:\/\/yoast.com\/wordpress\/plugins\/seo\/ -->\n<title>Eiger M\u00f6nch and Jungfraujoch. This flight is one of the most spectacular<\/title>\n<meta name=\"description\" content=\"Eiger M\u00f6nch and Jungfraujoch. You&#039;ll have a magnificent flight as you approach the famous Eiger North Face. This massif is truly imposing.\" \/>\n<meta name=\"robots\" content=\"index, follow, max-snippet:-1, max-image-preview:large, max-video-preview:-1\" \/>\n<link rel=\"canonical\" href=\"https:\/\/www.swissraft.ch\/en\/product\/helicopter-flight-belp-eiger-monch-jungfraujoch\/\" \/>\n<meta property=\"og:locale\" content=\"en_US\" \/>\n<meta property=\"og:type\" content=\"article\" \/>\n<meta property=\"og:title\" content=\"Eiger M\u00f6nch and Jungfraujoch. This flight is one of the most spectacular\" \/>\n<meta property=\"og:description\" content=\"Eiger M\u00f6nch and Jungfraujoch. You&#039;ll have a magnificent flight as you approach the famous Eiger North Face. This massif is truly imposing.\" \/>\n<meta property=\"og:url\" content=\"https:\/\/www.swissraft.ch\/en\/product\/helicopter-flight-belp-eiger-monch-jungfraujoch\/\" \/>\n<meta property=\"og:site_name\" content=\"Swissraft\" \/>\n<meta property=\"article:modified_time\" content=\"2026-04-16T03:43:39+00:00\" \/>\n<meta property=\"og:image\" content=\"https:\/\/www.swissraft.ch\/wp-content\/uploads\/2022\/11\/07-BERN-BELP-Eiger-Monch-Jungfrau-Rundflug-776x776-2.jpg\" \/>\n\t<meta property=\"og:image:width\" content=\"776\" \/>\n\t<meta property=\"og:image:height\" content=\"776\" \/>\n\t<meta property=\"og:image:type\" content=\"image\/jpeg\" \/>\n<meta name=\"twitter:card\" content=\"summary_large_image\" \/>\n<meta name=\"twitter:label1\" content=\"Est. reading time\" \/>\n\t<meta name=\"twitter:data1\" content=\"1 minute\" \/>\n<script type=\"application\/ld+json\" class=\"yoast-schema-graph\">{\"@context\":\"https:\/\/schema.org\",\"@graph\":[{\"@type\":\"WebPage\",\"@id\":\"https:\/\/www.swissraft.ch\/en\/product\/helicopter-flight-belp-eiger-monch-jungfraujoch\/\",\"url\":\"https:\/\/www.swissraft.ch\/en\/product\/helicopter-flight-belp-eiger-monch-jungfraujoch\/\",\"name\":\"Eiger M\u00f6nch and Jungfraujoch. This flight is one of the most spectacular\",\"isPartOf\":{\"@id\":\"https:\/\/www.swissraft.ch\/en\/#website\"},\"primaryImageOfPage\":{\"@id\":\"https:\/\/www.swissraft.ch\/en\/product\/helicopter-flight-belp-eiger-monch-jungfraujoch\/#primaryimage\"},\"image\":{\"@id\":\"https:\/\/www.swissraft.ch\/en\/product\/helicopter-flight-belp-eiger-monch-jungfraujoch\/#primaryimage\"},\"thumbnailUrl\":\"https:\/\/www.swissraft.ch\/wp-content\/uploads\/2022\/11\/07-BERN-BELP-Eiger-Monch-Jungfrau-Rundflug-776x776-2.jpg\",\"datePublished\":\"2022-11-22T15:46:07+00:00\",\"dateModified\":\"2026-04-16T03:43:39+00:00\",\"description\":\"Eiger M\u00f6nch and Jungfraujoch. You'll have a magnificent flight as you approach the famous Eiger North Face. This massif is truly imposing.\",\"breadcrumb\":{\"@id\":\"https:\/\/www.swissraft.ch\/en\/product\/helicopter-flight-belp-eiger-monch-jungfraujoch\/#breadcrumb\"},\"inLanguage\":\"en-US\",\"potentialAction\":[{\"@type\":\"ReadAction\",\"target\":[\"https:\/\/www.swissraft.ch\/en\/product\/helicopter-flight-belp-eiger-monch-jungfraujoch\/\"]}]},{\"@type\":\"ImageObject\",\"inLanguage\":\"en-US\",\"@id\":\"https:\/\/www.swissraft.ch\/en\/product\/helicopter-flight-belp-eiger-monch-jungfraujoch\/#primaryimage\",\"url\":\"https:\/\/www.swissraft.ch\/wp-content\/uploads\/2022\/11\/07-BERN-BELP-Eiger-Monch-Jungfrau-Rundflug-776x776-2.jpg\",\"contentUrl\":\"https:\/\/www.swissraft.ch\/wp-content\/uploads\/2022\/11\/07-BERN-BELP-Eiger-Monch-Jungfrau-Rundflug-776x776-2.jpg\",\"width\":776,\"height\":776,\"caption\":\"Eiger M\u00f6nch and Jungfraujoch\"},{\"@type\":\"BreadcrumbList\",\"@id\":\"https:\/\/www.swissraft.ch\/en\/product\/helicopter-flight-belp-eiger-monch-jungfraujoch\/#breadcrumb\",\"itemListElement\":[{\"@type\":\"ListItem\",\"position\":1,\"name\":\"Accueil\",\"item\":\"https:\/\/www.swissraft.ch\/en\/\"},{\"@type\":\"ListItem\",\"position\":2,\"name\":\"Store\",\"item\":\"https:\/\/www.swissraft.ch\/en\/store\/\"},{\"@type\":\"ListItem\",\"position\":3,\"name\":\"Helicopter flight &#8211; Berne-Belp &#8211; Eiger, M\u00f6nch Jungfraujoch &#8211; 45 min. &#8211; From CHF 410.00\"}]},{\"@type\":\"WebSite\",\"@id\":\"https:\/\/www.swissraft.ch\/en\/#website\",\"url\":\"https:\/\/www.swissraft.ch\/en\/\",\"name\":\"Swissraft\",\"description\":\"To enjoy nature as it is\",\"publisher\":{\"@id\":\"https:\/\/www.swissraft.ch\/en\/#organization\"},\"potentialAction\":[{\"@type\":\"SearchAction\",\"target\":{\"@type\":\"EntryPoint\",\"urlTemplate\":\"https:\/\/www.swissraft.ch\/en\/?s={search_term_string}\"},\"query-input\":{\"@type\":\"PropertyValueSpecification\",\"valueRequired\":true,\"valueName\":\"search_term_string\"}}],\"inLanguage\":\"en-US\"},{\"@type\":\"Organization\",\"@id\":\"https:\/\/www.swissraft.ch\/en\/#organization\",\"name\":\"Swissraft\",\"url\":\"https:\/\/www.swissraft.ch\/en\/\",\"logo\":{\"@type\":\"ImageObject\",\"inLanguage\":\"en-US\",\"@id\":\"https:\/\/www.swissraft.ch\/en\/#\/schema\/logo\/image\/\",\"url\":\"https:\/\/www.swissraft.ch\/wp-content\/uploads\/2025\/09\/Capture.jpg\",\"contentUrl\":\"https:\/\/www.swissraft.ch\/wp-content\/uploads\/2025\/09\/Capture.jpg\",\"width\":293,\"height\":108,\"caption\":\"Swissraft\"},\"image\":{\"@id\":\"https:\/\/www.swissraft.ch\/en\/#\/schema\/logo\/image\/\"}}]}<\/script>\n<!-- \/ Yoast SEO plugin. -->","yoast_head_json":{"title":"Eiger M\u00f6nch and Jungfraujoch. This flight is one of the most spectacular","description":"Eiger M\u00f6nch and Jungfraujoch. You'll have a magnificent flight as you approach the famous Eiger North Face. This massif is truly imposing.","robots":{"index":"index","follow":"follow","max-snippet":"max-snippet:-1","max-image-preview":"max-image-preview:large","max-video-preview":"max-video-preview:-1"},"canonical":"https:\/\/www.swissraft.ch\/en\/product\/helicopter-flight-belp-eiger-monch-jungfraujoch\/","og_locale":"en_US","og_type":"article","og_title":"Eiger M\u00f6nch and Jungfraujoch. This flight is one of the most spectacular","og_description":"Eiger M\u00f6nch and Jungfraujoch. You'll have a magnificent flight as you approach the famous Eiger North Face. This massif is truly imposing.","og_url":"https:\/\/www.swissraft.ch\/en\/product\/helicopter-flight-belp-eiger-monch-jungfraujoch\/","og_site_name":"Swissraft","article_modified_time":"2026-04-16T03:43:39+00:00","og_image":[{"width":776,"height":776,"url":"https:\/\/www.swissraft.ch\/wp-content\/uploads\/2022\/11\/07-BERN-BELP-Eiger-Monch-Jungfrau-Rundflug-776x776-2.jpg","type":"image\/jpeg"}],"twitter_card":"summary_large_image","twitter_misc":{"Est. reading time":"1 minute"},"schema":{"@context":"https:\/\/schema.org","@graph":[{"@type":"WebPage","@id":"https:\/\/www.swissraft.ch\/en\/product\/helicopter-flight-belp-eiger-monch-jungfraujoch\/","url":"https:\/\/www.swissraft.ch\/en\/product\/helicopter-flight-belp-eiger-monch-jungfraujoch\/","name":"Eiger M\u00f6nch and Jungfraujoch. This flight is one of the most spectacular","isPartOf":{"@id":"https:\/\/www.swissraft.ch\/en\/#website"},"primaryImageOfPage":{"@id":"https:\/\/www.swissraft.ch\/en\/product\/helicopter-flight-belp-eiger-monch-jungfraujoch\/#primaryimage"},"image":{"@id":"https:\/\/www.swissraft.ch\/en\/product\/helicopter-flight-belp-eiger-monch-jungfraujoch\/#primaryimage"},"thumbnailUrl":"https:\/\/www.swissraft.ch\/wp-content\/uploads\/2022\/11\/07-BERN-BELP-Eiger-Monch-Jungfrau-Rundflug-776x776-2.jpg","datePublished":"2022-11-22T15:46:07+00:00","dateModified":"2026-04-16T03:43:39+00:00","description":"Eiger M\u00f6nch and Jungfraujoch. You'll have a magnificent flight as you approach the famous Eiger North Face. This massif is truly imposing.","breadcrumb":{"@id":"https:\/\/www.swissraft.ch\/en\/product\/helicopter-flight-belp-eiger-monch-jungfraujoch\/#breadcrumb"},"inLanguage":"en-US","potentialAction":[{"@type":"ReadAction","target":["https:\/\/www.swissraft.ch\/en\/product\/helicopter-flight-belp-eiger-monch-jungfraujoch\/"]}]},{"@type":"ImageObject","inLanguage":"en-US","@id":"https:\/\/www.swissraft.ch\/en\/product\/helicopter-flight-belp-eiger-monch-jungfraujoch\/#primaryimage","url":"https:\/\/www.swissraft.ch\/wp-content\/uploads\/2022\/11\/07-BERN-BELP-Eiger-Monch-Jungfrau-Rundflug-776x776-2.jpg","contentUrl":"https:\/\/www.swissraft.ch\/wp-content\/uploads\/2022\/11\/07-BERN-BELP-Eiger-Monch-Jungfrau-Rundflug-776x776-2.jpg","width":776,"height":776,"caption":"Eiger M\u00f6nch and Jungfraujoch"},{"@type":"BreadcrumbList","@id":"https:\/\/www.swissraft.ch\/en\/product\/helicopter-flight-belp-eiger-monch-jungfraujoch\/#breadcrumb","itemListElement":[{"@type":"ListItem","position":1,"name":"Accueil","item":"https:\/\/www.swissraft.ch\/en\/"},{"@type":"ListItem","position":2,"name":"Store","item":"https:\/\/www.swissraft.ch\/en\/store\/"},{"@type":"ListItem","position":3,"name":"Helicopter flight &#8211; Berne-Belp &#8211; Eiger, M\u00f6nch Jungfraujoch &#8211; 45 min. &#8211; From CHF 410.00"}]},{"@type":"WebSite","@id":"https:\/\/www.swissraft.ch\/en\/#website","url":"https:\/\/www.swissraft.ch\/en\/","name":"Swissraft","description":"To enjoy nature as it is","publisher":{"@id":"https:\/\/www.swissraft.ch\/en\/#organization"},"potentialAction":[{"@type":"SearchAction","target":{"@type":"EntryPoint","urlTemplate":"https:\/\/www.swissraft.ch\/en\/?s={search_term_string}"},"query-input":{"@type":"PropertyValueSpecification","valueRequired":true,"valueName":"search_term_string"}}],"inLanguage":"en-US"},{"@type":"Organization","@id":"https:\/\/www.swissraft.ch\/en\/#organization","name":"Swissraft","url":"https:\/\/www.swissraft.ch\/en\/","logo":{"@type":"ImageObject","inLanguage":"en-US","@id":"https:\/\/www.swissraft.ch\/en\/#\/schema\/logo\/image\/","url":"https:\/\/www.swissraft.ch\/wp-content\/uploads\/2025\/09\/Capture.jpg","contentUrl":"https:\/\/www.swissraft.ch\/wp-content\/uploads\/2025\/09\/Capture.jpg","width":293,"height":108,"caption":"Swissraft"},"image":{"@id":"https:\/\/www.swissraft.ch\/en\/#\/schema\/logo\/image\/"}}]}},"_links":{"self":[{"href":"https:\/\/www.swissraft.ch\/en\/wp-json\/wp\/v2\/product\/93547","targetHints":{"allow":["GET"]}}],"collection":[{"href":"https:\/\/www.swissraft.ch\/en\/wp-json\/wp\/v2\/product"}],"about":[{"href":"https:\/\/www.swissraft.ch\/en\/wp-json\/wp\/v2\/types\/product"}],"replies":[{"embeddable":true,"href":"https:\/\/www.swissraft.ch\/en\/wp-json\/wp\/v2\/comments?post=93547"}],"version-history":[{"count":80,"href":"https:\/\/www.swissraft.ch\/en\/wp-json\/wp\/v2\/product\/93547\/revisions"}],"predecessor-version":[{"id":140274,"href":"https:\/\/www.swissraft.ch\/en\/wp-json\/wp\/v2\/product\/93547\/revisions\/140274"}],"wp:featuredmedia":[{"embeddable":true,"href":"https:\/\/www.swissraft.ch\/en\/wp-json\/wp\/v2\/media\/85575"}],"wp:attachment":[{"href":"https:\/\/www.swissraft.ch\/en\/wp-json\/wp\/v2\/media?parent=93547"}],"wp:term":[{"taxonomy":"product_cat","embeddable":true,"href":"https:\/\/www.swissraft.ch\/en\/wp-json\/wp\/v2\/product_cat?post=93547"},{"taxonomy":"product_tag","embeddable":true,"href":"https:\/\/www.swissraft.ch\/en\/wp-json\/wp\/v2\/product_tag?post=93547"}],"curies":[{"name":"wp","href":"https:\/\/api.w.org\/{rel}","templated":true}]}}