{"id":93542,"date":"2022-11-06T11:50:24","date_gmt":"2022-11-06T10:50:24","guid":{"rendered":"https:\/\/swissraft.xyanzkdne.eu\/product\/helicopter-flight-from-berne-belp-castles-and-lakes-20-min-chf-210-00\/"},"modified":"2026-04-16T05:42:15","modified_gmt":"2026-04-16T03:42:15","slug":"helicopter-flight-bern-belp-castles-lakes","status":"publish","type":"product","link":"https:\/\/www.swissraft.ch\/en\/product\/helicopter-flight-bern-belp-castles-lakes\/","title":{"rendered":"Helicopter flight &#8211; Bern-Belp &#8211; Castles and lakes &#8211; 20 min. &#8211; CHF 210.00"},"content":{"rendered":"\t\t<div data-elementor-type=\"wp-post\" data-elementor-id=\"93542\" class=\"elementor elementor-93542 elementor-29051\">\n\t\t\t\t\t\t\t\t\t<section class=\"elementor-section elementor-top-section elementor-element elementor-element-3303a7e3 elementor-section-boxed elementor-section-height-default elementor-section-height-default\" data-id=\"3303a7e3\" data-element_type=\"section\">\n\t\t\t\t\t\t<div class=\"elementor-container elementor-column-gap-default\">\n\t\t\t\t\t<div class=\"elementor-column elementor-col-100 elementor-top-column elementor-element elementor-element-16d72dbf\" data-id=\"16d72dbf\" data-element_type=\"column\">\n\t\t\t<div class=\"elementor-widget-wrap elementor-element-populated\">\n\t\t\t\t\t\t\t\t<div class=\"elementor-element elementor-element-d743c03 elementor-widget elementor-widget-text-editor\" data-id=\"d743c03\" data-element_type=\"widget\" data-widget_type=\"text-editor.default\">\n\t\t\t\t<div class=\"elementor-widget-container\">\n\t\t\t\t\t\t\t<h2>CHOOSE YOUR ACTIVITY BELOW TO OFFER GIFT VOUCHERS \/ TICKETS OR MAKE A RESERVATION<\/h2><table style=\"height: 290px;\" border=\"0\" width=\"580\" cellspacing=\"10\" cellpadding=\"10\"><tbody><tr><td width=\"50%\"><strong>CASTLES AND LAKES &#8211; 20 Min.<\/strong><\/td><td><strong>CHF 210.00 per person<\/strong><\/td><\/tr><tr><td>Further information<\/td><td>&#8211; You will be with other passengers<\/td><\/tr><tr><td>Airport<\/td><td><a href=\"https:\/\/www.google.ch\/maps\/place\/Muristrasse+114,+3123+Belp\/@46.9054073,7.4971459,192m\/data=!3m1!1e3!4m6!3m5!1s0x478e37cc7fe34b07:0xd2876f33b4e5b28c!8m2!3d46.905372!4d7.4984699!16s%2Fg%2F11c279q9ks?hl=fr&amp;entry=ttu\" target=\"_blank\" rel=\"noopener\">Bern-Belp<\/a><\/td><\/tr><tr><td>Flight duration<\/td><td>20 min.<\/td><\/tr><tr><td>Total duration<\/td><td>approx. 40 min.<\/td><\/tr><tr><td>Appointment<\/td><td>By phone<\/td><\/tr><tr><td><button class=\"elementor-button\" type=\"button\"><a href=\"https:\/\/swissraft.outdoorbooking.ch\/fo\/products\/468?base_id=113&amp;category_id=6&amp;order_type=gift_voucher&amp;lang=en\" target=\"_blank\" rel=\"noopener\">PURCHASE GIFT VOUCHER \/ TICKET<\/a><\/button><\/td><td><strong><em>IMPORTANT !<\/em> <\/strong> <br \/><em>To book, call the number at the top left of the gift voucher \/ ticket.<\/em><\/td><\/tr><\/tbody><\/table><hr \/>\t\t\t\t\t\t<\/div>\n\t\t\t\t<\/div>\n\t\t\t\t\t<\/div>\n\t\t<\/div>\n\t\t\t\t\t\t\t<\/div>\n\t\t<\/section>\n\t\t\t\t\t\t\t<\/div>\n\t\t","protected":false},"excerpt":{"rendered":"<div align=\"justify\">\n<h2 align=\"justify\">Helicopter flight over castles and lakes<\/h2>\n<h3>Depart from Bern-Belp for a 20-minute panoramic helicopter flight to discover our heritage.<\/h3>\n<\/div>\n<div align=\"justify\">\n<p>Departing from Bern-Belp, you fly aboard one of our helicopters to Belpberg &#8211; Aaretal. Then you&#8217;ll fly over Thun, Oberhofen, Lake Thun, Spiez, Stockhorn, Stockental, Gurnigel and the G\u00fcrbe valley. After a 20-minute flight, you return to Berne-Belp airport.  <\/p>\n<h3>Swissraft also offers other heliports in Switzerland for helicopter flights<\/h3>\n<p id=\"textarea\" style=\"display: none;\">\nWe offer flights into Valais from Sion airport and the heliports of Collombey and Gampel, as well as from Interlaken-Gsteigwiler in the Bernese Oberland. But also from the Gstaad-Grund heliport and from Saanen airfield in Saanenland. We also take off from Lauterbrunnen, Lenk-Simmental and Schattenhalb-Meiringen heliports. We also offer helicopter flights from Zurich-Kloten international airport. We also fly into Aargau from Buttwil and into the canton of Solothurn from Grenchen. We also offer flights from Pfaffnau to the canton of Lucerne.<br \/>\nIn fact, we have flights from Erstfeld heliport and from K\u00fcssnacht heliport. Also in the canton of Fribourg at \u00c9pagny en Gruy\u00e8re. We also offer helicopter flights from Locarno and Lodrino into the canton of Ticino. What&#8217;s more, in Graub\u00fcnden we offer flights from the heliports of Untervaz, Flims and Tavanasa. We also take off from the St. Moritz heliport in the Engadine. From St. Moritz in winter and from Samedan aerodrome all year round. Also in Liechtenstein, we offer tours from Balzers heliport and from Sitterdorf in eastern Switzerland.\n<\/p>\n<p><a id=\"seeMore\" onclick=\"toggleSeeMore()\" href=\"javascript:void(0);\">Read more<\/a><\/p>\n","protected":false},"featured_media":85539,"comment_status":"open","ping_status":"closed","template":"","meta":{"inline_featured_image":false,"_mi_skip_tracking":false},"product_cat":[394,461],"product_tag":[],"class_list":["post-93542","product","type-product","status-publish","has-post-thumbnail","hentry","product_cat-helicopter-flight","product_cat-helicopter-flight-bern-belp"],"yoast_head":"<!-- This site is optimized with the Yoast SEO plugin v23.6 - https:\/\/yoast.com\/wordpress\/plugins\/seo\/ -->\n<title>Castles and lakes. A 20-minutes scenic and cultural flight<\/title>\n<meta name=\"description\" content=\"Castles and lakes in Switzerland. This flight takes you over the region&#039;s castles and lakes. Beautiful panoramic flight\" \/>\n<meta name=\"robots\" content=\"index, follow, max-snippet:-1, max-image-preview:large, max-video-preview:-1\" \/>\n<link rel=\"canonical\" href=\"https:\/\/www.swissraft.ch\/en\/product\/helicopter-flight-bern-belp-castles-lakes\/\" \/>\n<meta property=\"og:locale\" content=\"en_US\" \/>\n<meta property=\"og:type\" content=\"article\" \/>\n<meta property=\"og:title\" content=\"Castles and lakes. A 20-minutes scenic and cultural flight\" \/>\n<meta property=\"og:description\" content=\"Castles and lakes in Switzerland. This flight takes you over the region&#039;s castles and lakes. Beautiful panoramic flight\" \/>\n<meta property=\"og:url\" content=\"https:\/\/www.swissraft.ch\/en\/product\/helicopter-flight-bern-belp-castles-lakes\/\" \/>\n<meta property=\"og:site_name\" content=\"Swissraft\" \/>\n<meta property=\"article:modified_time\" content=\"2026-04-16T03:42:15+00:00\" \/>\n<meta property=\"og:image\" content=\"https:\/\/www.swissraft.ch\/wp-content\/uploads\/2022\/11\/03-BERN-BELP-Schlosser-und-Seen-Rundflug-776x776-2.jpg\" \/>\n\t<meta property=\"og:image:width\" content=\"776\" \/>\n\t<meta property=\"og:image:height\" content=\"776\" \/>\n\t<meta property=\"og:image:type\" content=\"image\/jpeg\" \/>\n<meta name=\"twitter:card\" content=\"summary_large_image\" \/>\n<meta name=\"twitter:label1\" content=\"Est. reading time\" \/>\n\t<meta name=\"twitter:data1\" content=\"1 minute\" \/>\n<script type=\"application\/ld+json\" class=\"yoast-schema-graph\">{\"@context\":\"https:\/\/schema.org\",\"@graph\":[{\"@type\":\"WebPage\",\"@id\":\"https:\/\/www.swissraft.ch\/en\/product\/helicopter-flight-bern-belp-castles-lakes\/\",\"url\":\"https:\/\/www.swissraft.ch\/en\/product\/helicopter-flight-bern-belp-castles-lakes\/\",\"name\":\"Castles and lakes. A 20-minutes scenic and cultural flight\",\"isPartOf\":{\"@id\":\"https:\/\/www.swissraft.ch\/en\/#website\"},\"primaryImageOfPage\":{\"@id\":\"https:\/\/www.swissraft.ch\/en\/product\/helicopter-flight-bern-belp-castles-lakes\/#primaryimage\"},\"image\":{\"@id\":\"https:\/\/www.swissraft.ch\/en\/product\/helicopter-flight-bern-belp-castles-lakes\/#primaryimage\"},\"thumbnailUrl\":\"https:\/\/www.swissraft.ch\/wp-content\/uploads\/2022\/11\/03-BERN-BELP-Schlosser-und-Seen-Rundflug-776x776-2.jpg\",\"datePublished\":\"2022-11-06T10:50:24+00:00\",\"dateModified\":\"2026-04-16T03:42:15+00:00\",\"description\":\"Castles and lakes in Switzerland. This flight takes you over the region's castles and lakes. Beautiful panoramic flight\",\"breadcrumb\":{\"@id\":\"https:\/\/www.swissraft.ch\/en\/product\/helicopter-flight-bern-belp-castles-lakes\/#breadcrumb\"},\"inLanguage\":\"en-US\",\"potentialAction\":[{\"@type\":\"ReadAction\",\"target\":[\"https:\/\/www.swissraft.ch\/en\/product\/helicopter-flight-bern-belp-castles-lakes\/\"]}]},{\"@type\":\"ImageObject\",\"inLanguage\":\"en-US\",\"@id\":\"https:\/\/www.swissraft.ch\/en\/product\/helicopter-flight-bern-belp-castles-lakes\/#primaryimage\",\"url\":\"https:\/\/www.swissraft.ch\/wp-content\/uploads\/2022\/11\/03-BERN-BELP-Schlosser-und-Seen-Rundflug-776x776-2.jpg\",\"contentUrl\":\"https:\/\/www.swissraft.ch\/wp-content\/uploads\/2022\/11\/03-BERN-BELP-Schlosser-und-Seen-Rundflug-776x776-2.jpg\",\"width\":776,\"height\":776,\"caption\":\"Castles and lakes\"},{\"@type\":\"BreadcrumbList\",\"@id\":\"https:\/\/www.swissraft.ch\/en\/product\/helicopter-flight-bern-belp-castles-lakes\/#breadcrumb\",\"itemListElement\":[{\"@type\":\"ListItem\",\"position\":1,\"name\":\"Accueil\",\"item\":\"https:\/\/www.swissraft.ch\/en\/\"},{\"@type\":\"ListItem\",\"position\":2,\"name\":\"Store\",\"item\":\"https:\/\/www.swissraft.ch\/en\/store\/\"},{\"@type\":\"ListItem\",\"position\":3,\"name\":\"Helicopter flight &#8211; Bern-Belp &#8211; Castles and lakes &#8211; 20 min. &#8211; CHF 210.00\"}]},{\"@type\":\"WebSite\",\"@id\":\"https:\/\/www.swissraft.ch\/en\/#website\",\"url\":\"https:\/\/www.swissraft.ch\/en\/\",\"name\":\"Swissraft\",\"description\":\"To enjoy nature as it is\",\"publisher\":{\"@id\":\"https:\/\/www.swissraft.ch\/en\/#organization\"},\"potentialAction\":[{\"@type\":\"SearchAction\",\"target\":{\"@type\":\"EntryPoint\",\"urlTemplate\":\"https:\/\/www.swissraft.ch\/en\/?s={search_term_string}\"},\"query-input\":{\"@type\":\"PropertyValueSpecification\",\"valueRequired\":true,\"valueName\":\"search_term_string\"}}],\"inLanguage\":\"en-US\"},{\"@type\":\"Organization\",\"@id\":\"https:\/\/www.swissraft.ch\/en\/#organization\",\"name\":\"Swissraft\",\"url\":\"https:\/\/www.swissraft.ch\/en\/\",\"logo\":{\"@type\":\"ImageObject\",\"inLanguage\":\"en-US\",\"@id\":\"https:\/\/www.swissraft.ch\/en\/#\/schema\/logo\/image\/\",\"url\":\"https:\/\/www.swissraft.ch\/wp-content\/uploads\/2025\/09\/Capture.jpg\",\"contentUrl\":\"https:\/\/www.swissraft.ch\/wp-content\/uploads\/2025\/09\/Capture.jpg\",\"width\":293,\"height\":108,\"caption\":\"Swissraft\"},\"image\":{\"@id\":\"https:\/\/www.swissraft.ch\/en\/#\/schema\/logo\/image\/\"}}]}<\/script>\n<!-- \/ Yoast SEO plugin. -->","yoast_head_json":{"title":"Castles and lakes. A 20-minutes scenic and cultural flight","description":"Castles and lakes in Switzerland. This flight takes you over the region's castles and lakes. Beautiful panoramic flight","robots":{"index":"index","follow":"follow","max-snippet":"max-snippet:-1","max-image-preview":"max-image-preview:large","max-video-preview":"max-video-preview:-1"},"canonical":"https:\/\/www.swissraft.ch\/en\/product\/helicopter-flight-bern-belp-castles-lakes\/","og_locale":"en_US","og_type":"article","og_title":"Castles and lakes. A 20-minutes scenic and cultural flight","og_description":"Castles and lakes in Switzerland. This flight takes you over the region's castles and lakes. Beautiful panoramic flight","og_url":"https:\/\/www.swissraft.ch\/en\/product\/helicopter-flight-bern-belp-castles-lakes\/","og_site_name":"Swissraft","article_modified_time":"2026-04-16T03:42:15+00:00","og_image":[{"width":776,"height":776,"url":"https:\/\/www.swissraft.ch\/wp-content\/uploads\/2022\/11\/03-BERN-BELP-Schlosser-und-Seen-Rundflug-776x776-2.jpg","type":"image\/jpeg"}],"twitter_card":"summary_large_image","twitter_misc":{"Est. reading time":"1 minute"},"schema":{"@context":"https:\/\/schema.org","@graph":[{"@type":"WebPage","@id":"https:\/\/www.swissraft.ch\/en\/product\/helicopter-flight-bern-belp-castles-lakes\/","url":"https:\/\/www.swissraft.ch\/en\/product\/helicopter-flight-bern-belp-castles-lakes\/","name":"Castles and lakes. A 20-minutes scenic and cultural flight","isPartOf":{"@id":"https:\/\/www.swissraft.ch\/en\/#website"},"primaryImageOfPage":{"@id":"https:\/\/www.swissraft.ch\/en\/product\/helicopter-flight-bern-belp-castles-lakes\/#primaryimage"},"image":{"@id":"https:\/\/www.swissraft.ch\/en\/product\/helicopter-flight-bern-belp-castles-lakes\/#primaryimage"},"thumbnailUrl":"https:\/\/www.swissraft.ch\/wp-content\/uploads\/2022\/11\/03-BERN-BELP-Schlosser-und-Seen-Rundflug-776x776-2.jpg","datePublished":"2022-11-06T10:50:24+00:00","dateModified":"2026-04-16T03:42:15+00:00","description":"Castles and lakes in Switzerland. This flight takes you over the region's castles and lakes. Beautiful panoramic flight","breadcrumb":{"@id":"https:\/\/www.swissraft.ch\/en\/product\/helicopter-flight-bern-belp-castles-lakes\/#breadcrumb"},"inLanguage":"en-US","potentialAction":[{"@type":"ReadAction","target":["https:\/\/www.swissraft.ch\/en\/product\/helicopter-flight-bern-belp-castles-lakes\/"]}]},{"@type":"ImageObject","inLanguage":"en-US","@id":"https:\/\/www.swissraft.ch\/en\/product\/helicopter-flight-bern-belp-castles-lakes\/#primaryimage","url":"https:\/\/www.swissraft.ch\/wp-content\/uploads\/2022\/11\/03-BERN-BELP-Schlosser-und-Seen-Rundflug-776x776-2.jpg","contentUrl":"https:\/\/www.swissraft.ch\/wp-content\/uploads\/2022\/11\/03-BERN-BELP-Schlosser-und-Seen-Rundflug-776x776-2.jpg","width":776,"height":776,"caption":"Castles and lakes"},{"@type":"BreadcrumbList","@id":"https:\/\/www.swissraft.ch\/en\/product\/helicopter-flight-bern-belp-castles-lakes\/#breadcrumb","itemListElement":[{"@type":"ListItem","position":1,"name":"Accueil","item":"https:\/\/www.swissraft.ch\/en\/"},{"@type":"ListItem","position":2,"name":"Store","item":"https:\/\/www.swissraft.ch\/en\/store\/"},{"@type":"ListItem","position":3,"name":"Helicopter flight &#8211; Bern-Belp &#8211; Castles and lakes &#8211; 20 min. &#8211; CHF 210.00"}]},{"@type":"WebSite","@id":"https:\/\/www.swissraft.ch\/en\/#website","url":"https:\/\/www.swissraft.ch\/en\/","name":"Swissraft","description":"To enjoy nature as it is","publisher":{"@id":"https:\/\/www.swissraft.ch\/en\/#organization"},"potentialAction":[{"@type":"SearchAction","target":{"@type":"EntryPoint","urlTemplate":"https:\/\/www.swissraft.ch\/en\/?s={search_term_string}"},"query-input":{"@type":"PropertyValueSpecification","valueRequired":true,"valueName":"search_term_string"}}],"inLanguage":"en-US"},{"@type":"Organization","@id":"https:\/\/www.swissraft.ch\/en\/#organization","name":"Swissraft","url":"https:\/\/www.swissraft.ch\/en\/","logo":{"@type":"ImageObject","inLanguage":"en-US","@id":"https:\/\/www.swissraft.ch\/en\/#\/schema\/logo\/image\/","url":"https:\/\/www.swissraft.ch\/wp-content\/uploads\/2025\/09\/Capture.jpg","contentUrl":"https:\/\/www.swissraft.ch\/wp-content\/uploads\/2025\/09\/Capture.jpg","width":293,"height":108,"caption":"Swissraft"},"image":{"@id":"https:\/\/www.swissraft.ch\/en\/#\/schema\/logo\/image\/"}}]}},"_links":{"self":[{"href":"https:\/\/www.swissraft.ch\/en\/wp-json\/wp\/v2\/product\/93542","targetHints":{"allow":["GET"]}}],"collection":[{"href":"https:\/\/www.swissraft.ch\/en\/wp-json\/wp\/v2\/product"}],"about":[{"href":"https:\/\/www.swissraft.ch\/en\/wp-json\/wp\/v2\/types\/product"}],"replies":[{"embeddable":true,"href":"https:\/\/www.swissraft.ch\/en\/wp-json\/wp\/v2\/comments?post=93542"}],"version-history":[{"count":31,"href":"https:\/\/www.swissraft.ch\/en\/wp-json\/wp\/v2\/product\/93542\/revisions"}],"predecessor-version":[{"id":140268,"href":"https:\/\/www.swissraft.ch\/en\/wp-json\/wp\/v2\/product\/93542\/revisions\/140268"}],"wp:featuredmedia":[{"embeddable":true,"href":"https:\/\/www.swissraft.ch\/en\/wp-json\/wp\/v2\/media\/85539"}],"wp:attachment":[{"href":"https:\/\/www.swissraft.ch\/en\/wp-json\/wp\/v2\/media?parent=93542"}],"wp:term":[{"taxonomy":"product_cat","embeddable":true,"href":"https:\/\/www.swissraft.ch\/en\/wp-json\/wp\/v2\/product_cat?post=93542"},{"taxonomy":"product_tag","embeddable":true,"href":"https:\/\/www.swissraft.ch\/en\/wp-json\/wp\/v2\/product_tag?post=93542"}],"curies":[{"name":"wp","href":"https:\/\/api.w.org\/{rel}","templated":true}]}}