{"id":93530,"date":"2022-11-06T12:06:41","date_gmt":"2022-11-06T11:06:41","guid":{"rendered":"https:\/\/swissraft.xyanzkdne.eu\/product\/helicopter-flight-from-berne-belp-lac-de-thoune-30-min-from-chf-299-00\/"},"modified":"2025-11-24T22:42:15","modified_gmt":"2025-11-24T21:42:15","slug":"helicopter-flight-from-berne-belp-lake-thun","status":"publish","type":"product","link":"https:\/\/www.swissraft.ch\/en\/product\/helicopter-flight-from-berne-belp-lake-thun\/","title":{"rendered":"Helicopter flight from BERN-BELP &#8211; LAKE THUN &#8211; 30 min. &#8211; From CHF 306.00"},"content":{"rendered":"\t\t<div data-elementor-type=\"wp-post\" data-elementor-id=\"93530\" class=\"elementor elementor-93530 elementor-29060\">\n\t\t\t\t\t\t\t\t\t<section class=\"elementor-section elementor-top-section elementor-element elementor-element-3303a7e3 elementor-section-boxed elementor-section-height-default elementor-section-height-default\" data-id=\"3303a7e3\" data-element_type=\"section\">\n\t\t\t\t\t\t<div class=\"elementor-container elementor-column-gap-default\">\n\t\t\t\t\t<div class=\"elementor-column elementor-col-100 elementor-top-column elementor-element elementor-element-16d72dbf\" data-id=\"16d72dbf\" data-element_type=\"column\">\n\t\t\t<div class=\"elementor-widget-wrap elementor-element-populated\">\n\t\t\t\t\t\t\t\t<div class=\"elementor-element elementor-element-d743c03 elementor-widget elementor-widget-text-editor\" data-id=\"d743c03\" data-element_type=\"widget\" data-widget_type=\"text-editor.default\">\n\t\t\t\t<div class=\"elementor-widget-container\">\n\t\t\t\t\t\t\t<h2>CHOOSE YOUR ACTIVITY BELOW TO OFFER GIFT VOUCHERS \/ TICKETS OR MAKE A RESERVATION<\/h2>\n<table style=\"height: 290px;\" border=\"0\" width=\"580\" cellspacing=\"10\" cellpadding=\"10\">\n<tbody>\n<tr>\n<td width=\"50%\"><strong>LAKE THUN (1-5 pers.) &#8211; 30 min.<\/strong><\/td>\n<td><strong>From CHF 306.00 per person<\/strong><\/td>\n<\/tr>\n<tr>\n<td>Further information<\/td>\n<td>&#8211; You will be with other passengers<br \/>&#8211; You will fly mainly on Sundays<br \/>&#8211; Every day private flight<br \/>&#8211; Maximum 5 pers.<\/td>\n<\/tr>\n<tr>\n<td>Airport<\/td>\n<td><a href=\"https:\/\/www.google.ch\/maps\/place\/Flugplatzstrasse+9,+3123+Belp\/@46.9110741,7.5014815,384m\/data=!3m1!1e3!4m6!3m5!1s0x478e364abf3cd12d:0x66533198ed658320!8m2!3d46.9109935!4d7.5040993!16s%2Fg%2F11c2cjv1zm?hl=fr&amp;entry=ttu\" target=\"_blank\" rel=\"noopener\">Bern-Belp<\/a><\/td>\n<\/tr>\n<tr>\n<td>Flying time<\/td>\n<td>30 min.<\/td>\n<\/tr>\n<tr>\n<td>Total duration<\/td>\n<td>approx. 50 min.<\/td>\n<\/tr>\n<tr>\n<td>Appointment<\/td>\n<td>By phone<\/td>\n<\/tr>\n<tr>\n<td> <a href=\"https:\/\/swissraft.outdoorbooking.ch\/fo\/products\/922?base_id=113&amp;category_id=6&amp;order_type=gift_voucher&amp;lang=en\" target=\"_blank\" rel=\"noopener\"> <button class=\"elementor-button\" type=\"button\">APURCHASE GIFT VOUCHER \/ TICKET<\/button><\/a><\/td>\n<td><strong>CHF 306.00<\/strong>\/pers.<\/td>\n<\/tr>\n<tr>\n<td><button class=\"elementor-button\" type=\"button\"><a href=\"https:\/\/swissraft.outdoorbooking.ch\/fo\/products\/928?base_id=211&amp;category_id=6&amp;order_type=gift_voucher&amp;lang=en\" target=\"_blank\" rel=\"noopener\">PURCHASE GIFT VOUCHER \/ TICKET<\/a><\/button><\/td>\n<td style=\"text-align: left;\"><strong>CHF 821.00 &#8211; Private flight<\/strong><strong> (2-3 pers.)<\/strong><\/td>\n<\/tr>\n<tr>\n<td><button class=\"elementor-button\" type=\"button\"><a href=\"https:\/\/swissraft.outdoorbooking.ch\/fo\/products\/925?base_id=115&amp;category_id=6&amp;order_type=gift_voucher&amp;lang=en\" target=\"_blank\" rel=\"noopener\">PURCHASE GIFT VOUCHER \/ TICKET<\/a><\/button><\/td>\n<td style=\"text-align: left;\"><strong>CHF 1&#8217;120.00 &#8211; Private flight <\/strong><strong>(4 pers.)<\/strong><\/td>\n<\/tr>\n<tr>\n<td><button class=\"elementor-button\" type=\"button\"><a href=\"https:\/\/swissraft.outdoorbooking.ch\/fo\/products\/926?base_id=116&amp;category_id=6&amp;order_type=gift_voucher&amp;lang=en\" target=\"_blank\" rel=\"noopener\">PURCHASE GIFT VOUCHER \/ TICKET<\/a><\/button><\/td>\n<td style=\"text-align: left;\"><strong>CHF 1&#8217;460.00 &#8211; Private flight (5 pers.)<\/strong><\/td>\n<\/tr>\n<tr>\n<td> <\/td>\n<td style=\"text-align: left;\"><strong><em>IMPORTANT !<\/em><\/strong><br \/><em>To book, call the number at the top left of the gift voucher \/ ticket.<\/em><\/td>\n<\/tr>\n<\/tbody>\n<\/table>\n\t\t\t\t\t\t<\/div>\n\t\t\t\t<\/div>\n\t\t\t\t\t<\/div>\n\t\t<\/div>\n\t\t\t\t\t\t\t<\/div>\n\t\t<\/section>\n\t\t\t\t\t\t\t<\/div>\n\t\t","protected":false},"excerpt":{"rendered":"<div align=\"justify\">\n<h2 align=\"justify\">Off on a 30-minute helicopter flight over the Lake Thun region<\/h2>\n<h3>From Bern-Belp, you take off with a view of Lake Thun, the Niesen and Lake Brienz. In the background, a spectacular panorama of the Eiger, the M\u00f6nch massif and the Jungfraujoch. <\/h3>\n<\/div>\n<div align=\"justify\">\n<p>From Bern-Belp, you can fly to Zimmerwald, Riggisberg, Spiez, Leissigen and Interlaken. Then on to Beatenberg, Merligen, Sigriswil, Oberhofen, Konolfingen before returning to Berne-Belp airport.<\/p>\n<h3>Swissraft also suggests other Swiss heliports and airfields for helicopter flights<\/h3>\n<p id=\"textarea\" style=\"display: none;\">We operate flights from Sion airport and the heliports of Gampel and Collombey in Valais. We also take off from the Interlaken-Gsteigwiler heliport in the Bernese Oberland. But also from Gstaad-Grund heliport and Saanen aerodrome in Saanenland. We also run tours from the heliports of Lauterbrunnen, Lenk-Simmental and Schattenhalb-Meiringen. What&#8217;s more, we take off from Zurich-Kloten international airport for some beautiful helicopter tours. We also fly into Aargau from Buttwil and into the canton of Solothurn from Grenchen. We offer flights from Pfaffnau heliport in the canton of Lucerne. We also operate flights from the Erstfeld heliport in Canton Uri, and from K\u00fcssnacht in Canton Schwyz. We also take off from \u00c9pagny en Gruy\u00e8re airfield in the canton of Fribourg. We have flights from Locarno and Lodrino airfields in Ticino. Then into Graub\u00fcnden from the heliports of Flims, Tavanasa and Untervaz. We also offer flights from Samedan airfield and St. Moritz heliport to the Engadine. St. Moritz in winter. We also take off in Liechtenstein from Balzers heliport and in Canton Thurgau from Sitterdorf airfield.\n<\/p>\n<p><a id=\"seeMore\" onclick=\"toggleSeeMore()\" href=\"javascript:void(0);\">Read more<\/a><\/p>\n","protected":false},"featured_media":85557,"comment_status":"open","ping_status":"closed","template":"","meta":{"inline_featured_image":false,"_mi_skip_tracking":false},"product_cat":[394,461],"product_tag":[],"class_list":["post-93530","product","type-product","status-publish","has-post-thumbnail","hentry","product_cat-helicopter-flight","product_cat-helicopter-flight-bern-belp"],"yoast_head":"<!-- This site is optimized with the Yoast SEO plugin v23.6 - https:\/\/yoast.com\/wordpress\/plugins\/seo\/ -->\n<title>Lake Thun by helicopter. Including Lake Brienz<\/title>\n<meta name=\"description\" content=\"Lake Thun. This helicopter flight takes you to Lake Thun, the Niesen and Lake Brienz. A magnificent panoramic flight\" \/>\n<meta name=\"robots\" content=\"index, follow, max-snippet:-1, max-image-preview:large, max-video-preview:-1\" \/>\n<link rel=\"canonical\" href=\"https:\/\/www.swissraft.ch\/en\/product\/helicopter-flight-from-berne-belp-lake-thun\/\" \/>\n<meta property=\"og:locale\" content=\"en_US\" \/>\n<meta property=\"og:type\" content=\"article\" \/>\n<meta property=\"og:title\" content=\"Lake Thun by helicopter. Including Lake Brienz\" \/>\n<meta property=\"og:description\" content=\"Lake Thun. This helicopter flight takes you to Lake Thun, the Niesen and Lake Brienz. A magnificent panoramic flight\" \/>\n<meta property=\"og:url\" content=\"https:\/\/www.swissraft.ch\/en\/product\/helicopter-flight-from-berne-belp-lake-thun\/\" \/>\n<meta property=\"og:site_name\" content=\"Swissraft\" \/>\n<meta property=\"article:modified_time\" content=\"2025-11-24T21:42:15+00:00\" \/>\n<meta property=\"og:image\" content=\"https:\/\/www.swissraft.ch\/wp-content\/uploads\/2022\/11\/04-BERN-BELP-Thunersee-Rundflug-776x776-1.jpg\" \/>\n\t<meta property=\"og:image:width\" content=\"776\" \/>\n\t<meta property=\"og:image:height\" content=\"776\" \/>\n\t<meta property=\"og:image:type\" content=\"image\/jpeg\" \/>\n<meta name=\"twitter:card\" content=\"summary_large_image\" \/>\n<meta name=\"twitter:label1\" content=\"Est. reading time\" \/>\n\t<meta name=\"twitter:data1\" content=\"1 minute\" \/>\n<script type=\"application\/ld+json\" class=\"yoast-schema-graph\">{\"@context\":\"https:\/\/schema.org\",\"@graph\":[{\"@type\":\"WebPage\",\"@id\":\"https:\/\/www.swissraft.ch\/en\/product\/helicopter-flight-from-berne-belp-lake-thun\/\",\"url\":\"https:\/\/www.swissraft.ch\/en\/product\/helicopter-flight-from-berne-belp-lake-thun\/\",\"name\":\"Lake Thun by helicopter. Including Lake Brienz\",\"isPartOf\":{\"@id\":\"https:\/\/www.swissraft.ch\/en\/#website\"},\"primaryImageOfPage\":{\"@id\":\"https:\/\/www.swissraft.ch\/en\/product\/helicopter-flight-from-berne-belp-lake-thun\/#primaryimage\"},\"image\":{\"@id\":\"https:\/\/www.swissraft.ch\/en\/product\/helicopter-flight-from-berne-belp-lake-thun\/#primaryimage\"},\"thumbnailUrl\":\"https:\/\/www.swissraft.ch\/wp-content\/uploads\/2022\/11\/04-BERN-BELP-Thunersee-Rundflug-776x776-1.jpg\",\"datePublished\":\"2022-11-06T11:06:41+00:00\",\"dateModified\":\"2025-11-24T21:42:15+00:00\",\"description\":\"Lake Thun. This helicopter flight takes you to Lake Thun, the Niesen and Lake Brienz. A magnificent panoramic flight\",\"breadcrumb\":{\"@id\":\"https:\/\/www.swissraft.ch\/en\/product\/helicopter-flight-from-berne-belp-lake-thun\/#breadcrumb\"},\"inLanguage\":\"en-US\",\"potentialAction\":[{\"@type\":\"ReadAction\",\"target\":[\"https:\/\/www.swissraft.ch\/en\/product\/helicopter-flight-from-berne-belp-lake-thun\/\"]}]},{\"@type\":\"ImageObject\",\"inLanguage\":\"en-US\",\"@id\":\"https:\/\/www.swissraft.ch\/en\/product\/helicopter-flight-from-berne-belp-lake-thun\/#primaryimage\",\"url\":\"https:\/\/www.swissraft.ch\/wp-content\/uploads\/2022\/11\/04-BERN-BELP-Thunersee-Rundflug-776x776-1.jpg\",\"contentUrl\":\"https:\/\/www.swissraft.ch\/wp-content\/uploads\/2022\/11\/04-BERN-BELP-Thunersee-Rundflug-776x776-1.jpg\",\"width\":776,\"height\":776,\"caption\":\"Flight to Lake Thun from Belp\"},{\"@type\":\"BreadcrumbList\",\"@id\":\"https:\/\/www.swissraft.ch\/en\/product\/helicopter-flight-from-berne-belp-lake-thun\/#breadcrumb\",\"itemListElement\":[{\"@type\":\"ListItem\",\"position\":1,\"name\":\"Accueil\",\"item\":\"https:\/\/www.swissraft.ch\/en\/\"},{\"@type\":\"ListItem\",\"position\":2,\"name\":\"Store\",\"item\":\"https:\/\/www.swissraft.ch\/en\/store\/\"},{\"@type\":\"ListItem\",\"position\":3,\"name\":\"Helicopter flight from BERN-BELP &#8211; LAKE THUN &#8211; 30 min. &#8211; From CHF 306.00\"}]},{\"@type\":\"WebSite\",\"@id\":\"https:\/\/www.swissraft.ch\/en\/#website\",\"url\":\"https:\/\/www.swissraft.ch\/en\/\",\"name\":\"Swissraft\",\"description\":\"To enjoy nature as it is\",\"publisher\":{\"@id\":\"https:\/\/www.swissraft.ch\/en\/#organization\"},\"potentialAction\":[{\"@type\":\"SearchAction\",\"target\":{\"@type\":\"EntryPoint\",\"urlTemplate\":\"https:\/\/www.swissraft.ch\/en\/?s={search_term_string}\"},\"query-input\":{\"@type\":\"PropertyValueSpecification\",\"valueRequired\":true,\"valueName\":\"search_term_string\"}}],\"inLanguage\":\"en-US\"},{\"@type\":\"Organization\",\"@id\":\"https:\/\/www.swissraft.ch\/en\/#organization\",\"name\":\"Swissraft\",\"url\":\"https:\/\/www.swissraft.ch\/en\/\",\"logo\":{\"@type\":\"ImageObject\",\"inLanguage\":\"en-US\",\"@id\":\"https:\/\/www.swissraft.ch\/en\/#\/schema\/logo\/image\/\",\"url\":\"https:\/\/www.swissraft.ch\/wp-content\/uploads\/2025\/09\/Capture.jpg\",\"contentUrl\":\"https:\/\/www.swissraft.ch\/wp-content\/uploads\/2025\/09\/Capture.jpg\",\"width\":293,\"height\":108,\"caption\":\"Swissraft\"},\"image\":{\"@id\":\"https:\/\/www.swissraft.ch\/en\/#\/schema\/logo\/image\/\"}}]}<\/script>\n<!-- \/ Yoast SEO plugin. -->","yoast_head_json":{"title":"Lake Thun by helicopter. Including Lake Brienz","description":"Lake Thun. This helicopter flight takes you to Lake Thun, the Niesen and Lake Brienz. A magnificent panoramic flight","robots":{"index":"index","follow":"follow","max-snippet":"max-snippet:-1","max-image-preview":"max-image-preview:large","max-video-preview":"max-video-preview:-1"},"canonical":"https:\/\/www.swissraft.ch\/en\/product\/helicopter-flight-from-berne-belp-lake-thun\/","og_locale":"en_US","og_type":"article","og_title":"Lake Thun by helicopter. Including Lake Brienz","og_description":"Lake Thun. This helicopter flight takes you to Lake Thun, the Niesen and Lake Brienz. A magnificent panoramic flight","og_url":"https:\/\/www.swissraft.ch\/en\/product\/helicopter-flight-from-berne-belp-lake-thun\/","og_site_name":"Swissraft","article_modified_time":"2025-11-24T21:42:15+00:00","og_image":[{"width":776,"height":776,"url":"https:\/\/www.swissraft.ch\/wp-content\/uploads\/2022\/11\/04-BERN-BELP-Thunersee-Rundflug-776x776-1.jpg","type":"image\/jpeg"}],"twitter_card":"summary_large_image","twitter_misc":{"Est. reading time":"1 minute"},"schema":{"@context":"https:\/\/schema.org","@graph":[{"@type":"WebPage","@id":"https:\/\/www.swissraft.ch\/en\/product\/helicopter-flight-from-berne-belp-lake-thun\/","url":"https:\/\/www.swissraft.ch\/en\/product\/helicopter-flight-from-berne-belp-lake-thun\/","name":"Lake Thun by helicopter. Including Lake Brienz","isPartOf":{"@id":"https:\/\/www.swissraft.ch\/en\/#website"},"primaryImageOfPage":{"@id":"https:\/\/www.swissraft.ch\/en\/product\/helicopter-flight-from-berne-belp-lake-thun\/#primaryimage"},"image":{"@id":"https:\/\/www.swissraft.ch\/en\/product\/helicopter-flight-from-berne-belp-lake-thun\/#primaryimage"},"thumbnailUrl":"https:\/\/www.swissraft.ch\/wp-content\/uploads\/2022\/11\/04-BERN-BELP-Thunersee-Rundflug-776x776-1.jpg","datePublished":"2022-11-06T11:06:41+00:00","dateModified":"2025-11-24T21:42:15+00:00","description":"Lake Thun. This helicopter flight takes you to Lake Thun, the Niesen and Lake Brienz. A magnificent panoramic flight","breadcrumb":{"@id":"https:\/\/www.swissraft.ch\/en\/product\/helicopter-flight-from-berne-belp-lake-thun\/#breadcrumb"},"inLanguage":"en-US","potentialAction":[{"@type":"ReadAction","target":["https:\/\/www.swissraft.ch\/en\/product\/helicopter-flight-from-berne-belp-lake-thun\/"]}]},{"@type":"ImageObject","inLanguage":"en-US","@id":"https:\/\/www.swissraft.ch\/en\/product\/helicopter-flight-from-berne-belp-lake-thun\/#primaryimage","url":"https:\/\/www.swissraft.ch\/wp-content\/uploads\/2022\/11\/04-BERN-BELP-Thunersee-Rundflug-776x776-1.jpg","contentUrl":"https:\/\/www.swissraft.ch\/wp-content\/uploads\/2022\/11\/04-BERN-BELP-Thunersee-Rundflug-776x776-1.jpg","width":776,"height":776,"caption":"Flight to Lake Thun from Belp"},{"@type":"BreadcrumbList","@id":"https:\/\/www.swissraft.ch\/en\/product\/helicopter-flight-from-berne-belp-lake-thun\/#breadcrumb","itemListElement":[{"@type":"ListItem","position":1,"name":"Accueil","item":"https:\/\/www.swissraft.ch\/en\/"},{"@type":"ListItem","position":2,"name":"Store","item":"https:\/\/www.swissraft.ch\/en\/store\/"},{"@type":"ListItem","position":3,"name":"Helicopter flight from BERN-BELP &#8211; LAKE THUN &#8211; 30 min. &#8211; From CHF 306.00"}]},{"@type":"WebSite","@id":"https:\/\/www.swissraft.ch\/en\/#website","url":"https:\/\/www.swissraft.ch\/en\/","name":"Swissraft","description":"To enjoy nature as it is","publisher":{"@id":"https:\/\/www.swissraft.ch\/en\/#organization"},"potentialAction":[{"@type":"SearchAction","target":{"@type":"EntryPoint","urlTemplate":"https:\/\/www.swissraft.ch\/en\/?s={search_term_string}"},"query-input":{"@type":"PropertyValueSpecification","valueRequired":true,"valueName":"search_term_string"}}],"inLanguage":"en-US"},{"@type":"Organization","@id":"https:\/\/www.swissraft.ch\/en\/#organization","name":"Swissraft","url":"https:\/\/www.swissraft.ch\/en\/","logo":{"@type":"ImageObject","inLanguage":"en-US","@id":"https:\/\/www.swissraft.ch\/en\/#\/schema\/logo\/image\/","url":"https:\/\/www.swissraft.ch\/wp-content\/uploads\/2025\/09\/Capture.jpg","contentUrl":"https:\/\/www.swissraft.ch\/wp-content\/uploads\/2025\/09\/Capture.jpg","width":293,"height":108,"caption":"Swissraft"},"image":{"@id":"https:\/\/www.swissraft.ch\/en\/#\/schema\/logo\/image\/"}}]}},"_links":{"self":[{"href":"https:\/\/www.swissraft.ch\/en\/wp-json\/wp\/v2\/product\/93530","targetHints":{"allow":["GET"]}}],"collection":[{"href":"https:\/\/www.swissraft.ch\/en\/wp-json\/wp\/v2\/product"}],"about":[{"href":"https:\/\/www.swissraft.ch\/en\/wp-json\/wp\/v2\/types\/product"}],"replies":[{"embeddable":true,"href":"https:\/\/www.swissraft.ch\/en\/wp-json\/wp\/v2\/comments?post=93530"}],"version-history":[{"count":39,"href":"https:\/\/www.swissraft.ch\/en\/wp-json\/wp\/v2\/product\/93530\/revisions"}],"predecessor-version":[{"id":123885,"href":"https:\/\/www.swissraft.ch\/en\/wp-json\/wp\/v2\/product\/93530\/revisions\/123885"}],"wp:featuredmedia":[{"embeddable":true,"href":"https:\/\/www.swissraft.ch\/en\/wp-json\/wp\/v2\/media\/85557"}],"wp:attachment":[{"href":"https:\/\/www.swissraft.ch\/en\/wp-json\/wp\/v2\/media?parent=93530"}],"wp:term":[{"taxonomy":"product_cat","embeddable":true,"href":"https:\/\/www.swissraft.ch\/en\/wp-json\/wp\/v2\/product_cat?post=93530"},{"taxonomy":"product_tag","embeddable":true,"href":"https:\/\/www.swissraft.ch\/en\/wp-json\/wp\/v2\/product_tag?post=93530"}],"curies":[{"name":"wp","href":"https:\/\/api.w.org\/{rel}","templated":true}]}}