{"id":93519,"date":"2022-12-10T12:02:49","date_gmt":"2022-12-10T11:02:49","guid":{"rendered":"https:\/\/swissraft.xyanzkdne.eu\/product\/helicopter-flight-from-interlaken-grand-vol-sur-les-glaciers-22-min-chf-360-00\/"},"modified":"2025-06-14T21:57:32","modified_gmt":"2025-06-14T19:57:32","slug":"big-glaciers-flight-helicopter-interlaken","status":"publish","type":"product","link":"https:\/\/www.swissraft.ch\/en\/product\/big-glaciers-flight-helicopter-interlaken\/","title":{"rendered":"Helicopter flight from INTERLAKEN &#8211; BIG GLACIERS FLIGHT &#8211; 22 min. &#8211; CHF 370.00"},"content":{"rendered":"\t\t<div data-elementor-type=\"wp-post\" data-elementor-id=\"93519\" class=\"elementor elementor-93519 elementor-29399\">\n\t\t\t\t\t\t\t\t\t<section class=\"elementor-section elementor-top-section elementor-element elementor-element-3303a7e3 elementor-section-boxed elementor-section-height-default elementor-section-height-default\" data-id=\"3303a7e3\" data-element_type=\"section\">\n\t\t\t\t\t\t<div class=\"elementor-container elementor-column-gap-default\">\n\t\t\t\t\t<div class=\"elementor-column elementor-col-100 elementor-top-column elementor-element elementor-element-16d72dbf\" data-id=\"16d72dbf\" data-element_type=\"column\">\n\t\t\t<div class=\"elementor-widget-wrap elementor-element-populated\">\n\t\t\t\t\t\t\t\t<div class=\"elementor-element elementor-element-d743c03 elementor-widget elementor-widget-text-editor\" data-id=\"d743c03\" data-element_type=\"widget\" data-widget_type=\"text-editor.default\">\n\t\t\t\t<div class=\"elementor-widget-container\">\n\t\t\t\t\t\t\t<h2>CHOOSE YOUR ACTIVITY BELOW TO OFFER GIFT VOUCHERS \/ TICKETS OR MAKE A RESERVATION<\/h2><table style=\"height: 290px;\" border=\"0\" width=\"580\" cellspacing=\"10\" cellpadding=\"10\"><tbody><tr><td width=\"50%\"><strong>BIG GLACIERS FLIGHT &#8211; INTERLAKEN &#8211; 22 min.<\/strong><\/td><td><strong>CHF 370.00 per person<\/strong><\/td><\/tr><tr><td>Additional information<\/td><td>&#8211; You will be with other passengers<br \/>&#8211; Maximum 5 pers.<\/td><\/tr><tr><td>Heliport<\/td><td><a href=\"https:\/\/www.google.com\/maps\/place\/46%C2%B038'53.4%22N+7%C2%B052'41.1%22E\/@46.6502106,7.8037923,12395m\/data=!3m1!1e3!4m4!3m3!8m2!3d46.6481667!4d7.8780833?entry=ttu\" target=\"_blank\" rel=\"noopener\">Gsteigwiler<\/a><\/td><\/tr><tr><td>Flight time<\/td><td>22 min.<\/td><\/tr><tr><td>Total duration<\/td><td>approx. 50 min.<\/td><\/tr><tr><td>Appointment<\/td><td>By phone<\/td><\/tr><tr><td><button class=\"elementor-button\" type=\"button\"><a href=\"https:\/\/swissraft.outdoorbooking.ch\/fo\/products\/45?base_id=10&amp;category_id=6&amp;order_type=gift_voucher&amp;lang=en\" target=\"_blank\" rel=\"noopener\">PURCHASE GIFT VOUCHER<\/a><\/button><\/td><td>After receiving your ticket\/voucher, please call the phone number located at the top left to make a reservation.<\/td><\/tr><\/tbody><\/table>\t\t\t\t\t\t<\/div>\n\t\t\t\t<\/div>\n\t\t\t\t\t<\/div>\n\t\t<\/div>\n\t\t\t\t\t\t\t<\/div>\n\t\t<\/section>\n\t\t\t\t\t\t\t<\/div>\n\t\t","protected":false},"excerpt":{"rendered":"<div align=\"justify\">\n<h2 align=\"justify\">Take off from the Gsteigwiler heliport for a 20-minute flight over the glaciers of the Bernese Alps<\/h2>\n<h3>During this flight, you will fly over numerous glaciers, each more imposing than the last<\/h3>\n<\/div>\n<div align=\"justify\">\n<p>From Gsteigwiler we fly to Zweil\u00fctschinen in the Grindelwald valley. Then on to the M\u00e4nnlichen ski area, the north face of the Eiger. Then it&#8217;s on to the Mittellegigrat with its sharp summit, the Sea of Ice, the Fiescherwand, the Gr\u00fcnhornl\u00fccke, and the huge Kondordiaplatz. We reach the Aletsch glacier, the L\u00f6tschenl\u00fccke, the Petersgrat glacier and the Gspaltenhorn glacier. Then it&#8217;s on to the Schilthorn, the Soustal and back to the Gsteigwiler heliport.<\/p>\n<h3>With 23 heliports and airfields in Switzerland, the Swissraft aeronautical center offers you a considerable number of air tours<\/h3>\n<p id=\"textarea\" style=\"display: none;\">\nWe take off from the Gstaad-Grund heliport in Gstaad-Saanenland and from Saanen airfield. But also from the heliports of Lauterbrunnen, Lenk-Simmental and Schattenhalb-Meiringen in the Bernese Oberland. Also from Collombey and Gampel heliports and from Sion airport. We offer tours from \u00c9pagny airfield in the canton of Fribourg. As well as tours in the canton of Uri from Erstfeld heliport and in the canton of Lucerne from Pfaffnau. We also offer tours from Buttwil airfield in Aargau. We also offer helicopter tours from Grenchen airfield and from Bern-Belp airport. We also take off from Zurich-Kloten international airport. We also take off from K\u00fcssnacht in Canton Schwyz. In the Engadine, we offer flights from Samedan airport. Also in Graub\u00fcnden, we offer helicopter flights from Flims, Tavanasa and Untervaz. As for Ticino, we offer flights from 2 airfields: Locarno and Lodrino. But also from Liechtenstein, with flights departing from Balzers heliport and Sitterdorf airfield in Thurgau.\n<\/p>\n<p><a id=\"seeMore\" onclick=\"toggleSeeMore()\" href=\"javascript:void(0);\">Read more<\/a><\/p>\n","protected":false},"featured_media":86154,"comment_status":"open","ping_status":"closed","template":"","meta":{"inline_featured_image":false,"_mi_skip_tracking":false},"product_cat":[394,396],"product_tag":[],"class_list":["post-93519","product","type-product","status-publish","has-post-thumbnail","hentry","product_cat-helicopter-flight","product_cat-helicopter-flight-interlaken-gsteigwiler"],"yoast_head":"<!-- This site is optimized with the Yoast SEO plugin v23.6 - https:\/\/yoast.com\/wordpress\/plugins\/seo\/ -->\n<title>big glaciers flight from Interlaken-Gsteigwiler<\/title>\n<meta name=\"description\" content=\"Big glaciers flight from Interlaken-Gsteigwiler for a 22-minute helicopter flight. Among other things, fly over the longest glacier in Aletsch.\" \/>\n<meta name=\"robots\" content=\"index, follow, max-snippet:-1, max-image-preview:large, max-video-preview:-1\" \/>\n<link rel=\"canonical\" href=\"https:\/\/www.swissraft.ch\/en\/product\/big-glaciers-flight-helicopter-interlaken\/\" \/>\n<meta property=\"og:locale\" content=\"en_US\" \/>\n<meta property=\"og:type\" content=\"article\" \/>\n<meta property=\"og:title\" content=\"big glaciers flight from Interlaken-Gsteigwiler\" \/>\n<meta property=\"og:description\" content=\"Big glaciers flight from Interlaken-Gsteigwiler for a 22-minute helicopter flight. Among other things, fly over the longest glacier in Aletsch.\" \/>\n<meta property=\"og:url\" content=\"https:\/\/www.swissraft.ch\/en\/product\/big-glaciers-flight-helicopter-interlaken\/\" \/>\n<meta property=\"og:site_name\" content=\"Swissraft\" \/>\n<meta property=\"article:modified_time\" content=\"2025-06-14T19:57:32+00:00\" \/>\n<meta property=\"og:image\" content=\"https:\/\/www.swissraft.ch\/wp-content\/uploads\/2022\/12\/5-INTERLAKEN-Grosser-Gletscherflug-776x776-2.jpg\" \/>\n\t<meta property=\"og:image:width\" content=\"776\" \/>\n\t<meta property=\"og:image:height\" content=\"776\" \/>\n\t<meta property=\"og:image:type\" content=\"image\/jpeg\" \/>\n<meta name=\"twitter:card\" content=\"summary_large_image\" \/>\n<meta name=\"twitter:label1\" content=\"Est. reading time\" \/>\n\t<meta name=\"twitter:data1\" content=\"1 minute\" \/>\n<script type=\"application\/ld+json\" class=\"yoast-schema-graph\">{\"@context\":\"https:\/\/schema.org\",\"@graph\":[{\"@type\":\"WebPage\",\"@id\":\"https:\/\/www.swissraft.ch\/en\/product\/big-glaciers-flight-helicopter-interlaken\/\",\"url\":\"https:\/\/www.swissraft.ch\/en\/product\/big-glaciers-flight-helicopter-interlaken\/\",\"name\":\"big glaciers flight from Interlaken-Gsteigwiler\",\"isPartOf\":{\"@id\":\"https:\/\/www.swissraft.ch\/en\/#website\"},\"primaryImageOfPage\":{\"@id\":\"https:\/\/www.swissraft.ch\/en\/product\/big-glaciers-flight-helicopter-interlaken\/#primaryimage\"},\"image\":{\"@id\":\"https:\/\/www.swissraft.ch\/en\/product\/big-glaciers-flight-helicopter-interlaken\/#primaryimage\"},\"thumbnailUrl\":\"https:\/\/www.swissraft.ch\/wp-content\/uploads\/2022\/12\/5-INTERLAKEN-Grosser-Gletscherflug-776x776-2.jpg\",\"datePublished\":\"2022-12-10T11:02:49+00:00\",\"dateModified\":\"2025-06-14T19:57:32+00:00\",\"description\":\"Big glaciers flight from Interlaken-Gsteigwiler for a 22-minute helicopter flight. Among other things, fly over the longest glacier in Aletsch.\",\"breadcrumb\":{\"@id\":\"https:\/\/www.swissraft.ch\/en\/product\/big-glaciers-flight-helicopter-interlaken\/#breadcrumb\"},\"inLanguage\":\"en-US\",\"potentialAction\":[{\"@type\":\"ReadAction\",\"target\":[\"https:\/\/www.swissraft.ch\/en\/product\/big-glaciers-flight-helicopter-interlaken\/\"]}]},{\"@type\":\"ImageObject\",\"inLanguage\":\"en-US\",\"@id\":\"https:\/\/www.swissraft.ch\/en\/product\/big-glaciers-flight-helicopter-interlaken\/#primaryimage\",\"url\":\"https:\/\/www.swissraft.ch\/wp-content\/uploads\/2022\/12\/5-INTERLAKEN-Grosser-Gletscherflug-776x776-2.jpg\",\"contentUrl\":\"https:\/\/www.swissraft.ch\/wp-content\/uploads\/2022\/12\/5-INTERLAKEN-Grosser-Gletscherflug-776x776-2.jpg\",\"width\":776,\"height\":776,\"caption\":\"Swiss helicopter rescue in the mountains\"},{\"@type\":\"BreadcrumbList\",\"@id\":\"https:\/\/www.swissraft.ch\/en\/product\/big-glaciers-flight-helicopter-interlaken\/#breadcrumb\",\"itemListElement\":[{\"@type\":\"ListItem\",\"position\":1,\"name\":\"Accueil\",\"item\":\"https:\/\/www.swissraft.ch\/en\/\"},{\"@type\":\"ListItem\",\"position\":2,\"name\":\"Store\",\"item\":\"https:\/\/www.swissraft.ch\/en\/store\/\"},{\"@type\":\"ListItem\",\"position\":3,\"name\":\"Helicopter flight from INTERLAKEN &#8211; BIG GLACIERS FLIGHT &#8211; 22 min. &#8211; CHF 370.00\"}]},{\"@type\":\"WebSite\",\"@id\":\"https:\/\/www.swissraft.ch\/en\/#website\",\"url\":\"https:\/\/www.swissraft.ch\/en\/\",\"name\":\"Swissraft\",\"description\":\"To enjoy nature as it is\",\"publisher\":{\"@id\":\"https:\/\/www.swissraft.ch\/en\/#organization\"},\"potentialAction\":[{\"@type\":\"SearchAction\",\"target\":{\"@type\":\"EntryPoint\",\"urlTemplate\":\"https:\/\/www.swissraft.ch\/en\/?s={search_term_string}\"},\"query-input\":{\"@type\":\"PropertyValueSpecification\",\"valueRequired\":true,\"valueName\":\"search_term_string\"}}],\"inLanguage\":\"en-US\"},{\"@type\":\"Organization\",\"@id\":\"https:\/\/www.swissraft.ch\/en\/#organization\",\"name\":\"Swissraft\",\"url\":\"https:\/\/www.swissraft.ch\/en\/\",\"logo\":{\"@type\":\"ImageObject\",\"inLanguage\":\"en-US\",\"@id\":\"https:\/\/www.swissraft.ch\/en\/#\/schema\/logo\/image\/\",\"url\":\"https:\/\/www.swissraft.ch\/wp-content\/uploads\/2025\/09\/Capture.jpg\",\"contentUrl\":\"https:\/\/www.swissraft.ch\/wp-content\/uploads\/2025\/09\/Capture.jpg\",\"width\":293,\"height\":108,\"caption\":\"Swissraft\"},\"image\":{\"@id\":\"https:\/\/www.swissraft.ch\/en\/#\/schema\/logo\/image\/\"}}]}<\/script>\n<!-- \/ Yoast SEO plugin. -->","yoast_head_json":{"title":"big glaciers flight from Interlaken-Gsteigwiler","description":"Big glaciers flight from Interlaken-Gsteigwiler for a 22-minute helicopter flight. Among other things, fly over the longest glacier in Aletsch.","robots":{"index":"index","follow":"follow","max-snippet":"max-snippet:-1","max-image-preview":"max-image-preview:large","max-video-preview":"max-video-preview:-1"},"canonical":"https:\/\/www.swissraft.ch\/en\/product\/big-glaciers-flight-helicopter-interlaken\/","og_locale":"en_US","og_type":"article","og_title":"big glaciers flight from Interlaken-Gsteigwiler","og_description":"Big glaciers flight from Interlaken-Gsteigwiler for a 22-minute helicopter flight. Among other things, fly over the longest glacier in Aletsch.","og_url":"https:\/\/www.swissraft.ch\/en\/product\/big-glaciers-flight-helicopter-interlaken\/","og_site_name":"Swissraft","article_modified_time":"2025-06-14T19:57:32+00:00","og_image":[{"width":776,"height":776,"url":"https:\/\/www.swissraft.ch\/wp-content\/uploads\/2022\/12\/5-INTERLAKEN-Grosser-Gletscherflug-776x776-2.jpg","type":"image\/jpeg"}],"twitter_card":"summary_large_image","twitter_misc":{"Est. reading time":"1 minute"},"schema":{"@context":"https:\/\/schema.org","@graph":[{"@type":"WebPage","@id":"https:\/\/www.swissraft.ch\/en\/product\/big-glaciers-flight-helicopter-interlaken\/","url":"https:\/\/www.swissraft.ch\/en\/product\/big-glaciers-flight-helicopter-interlaken\/","name":"big glaciers flight from Interlaken-Gsteigwiler","isPartOf":{"@id":"https:\/\/www.swissraft.ch\/en\/#website"},"primaryImageOfPage":{"@id":"https:\/\/www.swissraft.ch\/en\/product\/big-glaciers-flight-helicopter-interlaken\/#primaryimage"},"image":{"@id":"https:\/\/www.swissraft.ch\/en\/product\/big-glaciers-flight-helicopter-interlaken\/#primaryimage"},"thumbnailUrl":"https:\/\/www.swissraft.ch\/wp-content\/uploads\/2022\/12\/5-INTERLAKEN-Grosser-Gletscherflug-776x776-2.jpg","datePublished":"2022-12-10T11:02:49+00:00","dateModified":"2025-06-14T19:57:32+00:00","description":"Big glaciers flight from Interlaken-Gsteigwiler for a 22-minute helicopter flight. Among other things, fly over the longest glacier in Aletsch.","breadcrumb":{"@id":"https:\/\/www.swissraft.ch\/en\/product\/big-glaciers-flight-helicopter-interlaken\/#breadcrumb"},"inLanguage":"en-US","potentialAction":[{"@type":"ReadAction","target":["https:\/\/www.swissraft.ch\/en\/product\/big-glaciers-flight-helicopter-interlaken\/"]}]},{"@type":"ImageObject","inLanguage":"en-US","@id":"https:\/\/www.swissraft.ch\/en\/product\/big-glaciers-flight-helicopter-interlaken\/#primaryimage","url":"https:\/\/www.swissraft.ch\/wp-content\/uploads\/2022\/12\/5-INTERLAKEN-Grosser-Gletscherflug-776x776-2.jpg","contentUrl":"https:\/\/www.swissraft.ch\/wp-content\/uploads\/2022\/12\/5-INTERLAKEN-Grosser-Gletscherflug-776x776-2.jpg","width":776,"height":776,"caption":"Swiss helicopter rescue in the mountains"},{"@type":"BreadcrumbList","@id":"https:\/\/www.swissraft.ch\/en\/product\/big-glaciers-flight-helicopter-interlaken\/#breadcrumb","itemListElement":[{"@type":"ListItem","position":1,"name":"Accueil","item":"https:\/\/www.swissraft.ch\/en\/"},{"@type":"ListItem","position":2,"name":"Store","item":"https:\/\/www.swissraft.ch\/en\/store\/"},{"@type":"ListItem","position":3,"name":"Helicopter flight from INTERLAKEN &#8211; BIG GLACIERS FLIGHT &#8211; 22 min. &#8211; CHF 370.00"}]},{"@type":"WebSite","@id":"https:\/\/www.swissraft.ch\/en\/#website","url":"https:\/\/www.swissraft.ch\/en\/","name":"Swissraft","description":"To enjoy nature as it is","publisher":{"@id":"https:\/\/www.swissraft.ch\/en\/#organization"},"potentialAction":[{"@type":"SearchAction","target":{"@type":"EntryPoint","urlTemplate":"https:\/\/www.swissraft.ch\/en\/?s={search_term_string}"},"query-input":{"@type":"PropertyValueSpecification","valueRequired":true,"valueName":"search_term_string"}}],"inLanguage":"en-US"},{"@type":"Organization","@id":"https:\/\/www.swissraft.ch\/en\/#organization","name":"Swissraft","url":"https:\/\/www.swissraft.ch\/en\/","logo":{"@type":"ImageObject","inLanguage":"en-US","@id":"https:\/\/www.swissraft.ch\/en\/#\/schema\/logo\/image\/","url":"https:\/\/www.swissraft.ch\/wp-content\/uploads\/2025\/09\/Capture.jpg","contentUrl":"https:\/\/www.swissraft.ch\/wp-content\/uploads\/2025\/09\/Capture.jpg","width":293,"height":108,"caption":"Swissraft"},"image":{"@id":"https:\/\/www.swissraft.ch\/en\/#\/schema\/logo\/image\/"}}]}},"_links":{"self":[{"href":"https:\/\/www.swissraft.ch\/en\/wp-json\/wp\/v2\/product\/93519","targetHints":{"allow":["GET"]}}],"collection":[{"href":"https:\/\/www.swissraft.ch\/en\/wp-json\/wp\/v2\/product"}],"about":[{"href":"https:\/\/www.swissraft.ch\/en\/wp-json\/wp\/v2\/types\/product"}],"replies":[{"embeddable":true,"href":"https:\/\/www.swissraft.ch\/en\/wp-json\/wp\/v2\/comments?post=93519"}],"version-history":[{"count":14,"href":"https:\/\/www.swissraft.ch\/en\/wp-json\/wp\/v2\/product\/93519\/revisions"}],"predecessor-version":[{"id":117606,"href":"https:\/\/www.swissraft.ch\/en\/wp-json\/wp\/v2\/product\/93519\/revisions\/117606"}],"wp:featuredmedia":[{"embeddable":true,"href":"https:\/\/www.swissraft.ch\/en\/wp-json\/wp\/v2\/media\/86154"}],"wp:attachment":[{"href":"https:\/\/www.swissraft.ch\/en\/wp-json\/wp\/v2\/media?parent=93519"}],"wp:term":[{"taxonomy":"product_cat","embeddable":true,"href":"https:\/\/www.swissraft.ch\/en\/wp-json\/wp\/v2\/product_cat?post=93519"},{"taxonomy":"product_tag","embeddable":true,"href":"https:\/\/www.swissraft.ch\/en\/wp-json\/wp\/v2\/product_tag?post=93519"}],"curies":[{"name":"wp","href":"https:\/\/api.w.org\/{rel}","templated":true}]}}