{"id":93462,"date":"2022-11-23T10:50:13","date_gmt":"2022-11-23T09:50:13","guid":{"rendered":"https:\/\/swissraft.xyanzkdne.eu\/product\/helicopter-flight-from-belp-meringues-emmental-45-min-from-chf-1350-00\/"},"modified":"2026-02-04T01:45:41","modified_gmt":"2026-02-04T00:45:41","slug":"helicopter-flight-belp-meringues-emmental","status":"publish","type":"product","link":"https:\/\/www.swissraft.ch\/en\/product\/helicopter-flight-belp-meringues-emmental\/","title":{"rendered":"Helicopter flight from BELP &#8211; MERINGUES &#8211; EMMENTAL &#8211; 45 min. &#8211; From CHF 1&#8217;810.00"},"content":{"rendered":"\t\t<div data-elementor-type=\"wp-post\" data-elementor-id=\"93462\" class=\"elementor elementor-93462 elementor-29157\">\n\t\t\t\t\t\t\t\t\t<section class=\"elementor-section elementor-top-section elementor-element elementor-element-3303a7e3 elementor-section-boxed elementor-section-height-default elementor-section-height-default\" data-id=\"3303a7e3\" data-element_type=\"section\">\n\t\t\t\t\t\t<div class=\"elementor-container elementor-column-gap-default\">\n\t\t\t\t\t<div class=\"elementor-column elementor-col-100 elementor-top-column elementor-element elementor-element-16d72dbf\" data-id=\"16d72dbf\" data-element_type=\"column\">\n\t\t\t<div class=\"elementor-widget-wrap elementor-element-populated\">\n\t\t\t\t\t\t\t\t<div class=\"elementor-element elementor-element-d743c03 elementor-widget elementor-widget-text-editor\" data-id=\"d743c03\" data-element_type=\"widget\" data-widget_type=\"text-editor.default\">\n\t\t\t\t<div class=\"elementor-widget-container\">\n\t\t\t\t\t\t\t<h2>CHOOSE YOUR ACTIVITY BELOW TO OFFER GIFT VOUCHERS \/ TICKETS OR MAKE A RESERVATION<\/h2><table style=\"height: 290px;\" border=\"0\" width=\"580\" cellspacing=\"10\" cellpadding=\"10\"><tbody><tr><td width=\"50%\"><strong>MERINGUES IN THE EMMENTAL &#8211; PRIVATE FLIGHT (1-5 pers.) &#8211; 45 min.<\/strong><\/td><td><strong>From CHF 1&#8217;810.00 per private flight <\/strong><\/td><\/tr><tr><td>Further information<\/td><td>&#8211; The helicopter is at your disposal exclusively for you<br \/>&#8211; You determine the date and time of departure<br \/>&#8211; Maximum 5 pers.<br \/><em><strong>&#8211; Catering not included<\/strong><\/em><\/td><\/tr><tr><td>Airport<\/td><td><a href=\"https:\/\/www.google.ch\/maps\/place\/Flugplatzstrasse+9,+3123+Belp\/@46.9110741,7.5014815,384m\/data=!3m1!1e3!4m6!3m5!1s0x478e364abf3cd12d:0x66533198ed658320!8m2!3d46.9109935!4d7.5040993!16s%2Fg%2F11c2cjv1zm?hl=fr&amp;entry=ttu\" target=\"_blank\" rel=\"noopener\">Bern-Belp<\/a><\/td><\/tr><tr><td>Flying time<\/td><td>45 min.<\/td><\/tr><tr><td>Total duration<\/td><td>approx. 2 hrs.<\/td><\/tr><tr><td>Appointment<\/td><td>By phone<\/td><\/tr><tr><td><button class=\"elementor-button\" type=\"button\"><a href=\"https:\/\/swissraft.outdoorbooking.ch\/fo\/products\/472?base_id=115&amp;category_id=6&amp;order_type=gift_voucher&amp;lang=en\" target=\"_blank\" rel=\"noopener\">PURCHASE GIFT VOUCHER \/ TICKET<\/a><\/button><\/td><td><strong>CHF 1&#8217;810.00 &#8211; Private flight (4 pers.)<\/strong><\/td><\/tr><tr><td><button class=\"elementor-button\" type=\"button\"><a href=\"https:\/\/swissraft.outdoorbooking.ch\/fo\/products\/474?base_id=116&amp;category_id=6&amp;order_type=gift_voucher&amp;lang=en\" target=\"_blank\" rel=\"noopener\">PURCHASE GIFT VOUCHER \/ TICKET<\/a><\/button><\/td><td><strong>CHF 2&#8217;310.00 &#8211; Private flight (5 pers.)<\/strong><\/td><\/tr><tr><td>\u00a0<\/td><td><strong><em>IMPORTANT !<\/em><\/strong><br \/><em>After receiving your ticket\/voucher, please call the number at the top left to make a reservation.<\/em><\/td><\/tr><\/tbody><\/table>\t\t\t\t\t\t<\/div>\n\t\t\t\t<\/div>\n\t\t\t\t\t<\/div>\n\t\t<\/div>\n\t\t\t\t\t\t\t<\/div>\n\t\t<\/section>\n\t\t\t\t\t\t\t<\/div>\n\t\t","protected":false},"excerpt":{"rendered":"<div align=\"justify\">\n<h2 align=\"justify\">Take the helicopter for a 45-minute flight to the Emmental to taste a delicious and famous meringue.<\/h2>\n<h3>From Berne-Belp you head for the Kemmeribodenbad restaurant and make an intermediate landing to taste the famous meringue.<\/h3>\n<\/div>\n<div align=\"justify\">\n<p>Departing from Berne-Belp airport, you fly towards Hasle, past Trachselwald castle. Then on to Wasen in the Emmental valley. The flight continues to L\u00fcderenalp, Napf, Tr\u00fcb, Marbach and along Schrattenfluh. You&#8217;ll land near the &#8220;Kemmeribodenbad&#8221; restaurant in Emmental, where you&#8217;ll enjoy the world-famous Kemmeriboden meringue. After this gourmet break, take off again for Sieben Hengste (1955 m), above Sichel, along the Niederhorn. You&#8217;ll then fly over Lake Thun, along the Aare and back to Bern-Belp.<\/p>\n<h3>Swissraft with its 26 heliports and airfields, including two international airports, offers you over 150 destinations.<\/h3>\n<p id=\"textarea\" style=\"display: none;\">We have flights into Valais from Gampel and Collombey heliports, as well as from Sion airport. But also from the Interlaken-Gsteigwiler heliport. Then we have flights from the Gstaad-Grund heliport and the Saanen aerodrome in Saanenland. As well as flights from Lauterbrunnen, Lenk-Simmental and Schattenhalb-Meiringen heliports in the Bernese Oberland. We also offer flights from Zurich-Kloten international airport for splendid helicopter tours. We also have flights to Aargau from Buttwil and to Solothurn from Grenchen. But also from the Pfaffnau heliport in the canton of Lucerne. What&#8217;s more, we have flights from Erstfeld in the canton of Uri. And also in Canton Schwyz, departing from K\u00fcssnacht heliport. We also take off from \u00c9pagny en Gruy\u00e8re airfield in the canton of Fribourg. We also offer helicopter itineraries departing from Locarno and Lodrino airfields in Ticino. We also have flights from the heliports of Flims, Tavanasa and Untervaz in Graub\u00fcnden. But also to the Engadine from Samedan airfield all year round and from St. Moritz heliport. St. Moritz in winter. We also take off from Liechtenstein from Balzers heliport and from Sitterdorf heliport in the canton of Thurgau.<\/p>\n<p><a id=\"seeMore\"><\/a>Read more<\/p>\n<\/div>\n","protected":false},"featured_media":87264,"comment_status":"open","ping_status":"closed","template":"","meta":{"inline_featured_image":false,"_mi_skip_tracking":false},"product_cat":[394,461],"product_tag":[],"class_list":["post-93462","product","type-product","status-publish","has-post-thumbnail","hentry","product_cat-helicopter-flight","product_cat-helicopter-flight-bern-belp"],"yoast_head":"<!-- This site is optimized with the Yoast SEO plugin v23.6 - https:\/\/yoast.com\/wordpress\/plugins\/seo\/ -->\n<title>Meringues - Emmental from Bern-Belp by helicopter<\/title>\n<meta name=\"description\" content=\"Meringues in the Emmental from Bern-Belp by helicopter for a 45-minute flight and intermediate landing to taste the famous meringue.\" \/>\n<meta name=\"robots\" content=\"index, follow, max-snippet:-1, max-image-preview:large, max-video-preview:-1\" \/>\n<link rel=\"canonical\" href=\"https:\/\/www.swissraft.ch\/en\/product\/helicopter-flight-belp-meringues-emmental\/\" \/>\n<meta property=\"og:locale\" content=\"en_US\" \/>\n<meta property=\"og:type\" content=\"article\" \/>\n<meta property=\"og:title\" content=\"Meringues - Emmental from Bern-Belp by helicopter\" \/>\n<meta property=\"og:description\" content=\"Meringues in the Emmental from Bern-Belp by helicopter for a 45-minute flight and intermediate landing to taste the famous meringue.\" \/>\n<meta property=\"og:url\" content=\"https:\/\/www.swissraft.ch\/en\/product\/helicopter-flight-belp-meringues-emmental\/\" \/>\n<meta property=\"og:site_name\" content=\"Swissraft\" \/>\n<meta property=\"article:modified_time\" content=\"2026-02-04T00:45:41+00:00\" \/>\n<meta property=\"og:image\" content=\"https:\/\/www.swissraft.ch\/wp-content\/uploads\/2022\/11\/11-BERN-BELP-Meringues-im-Emmental-776x776-2.jpg\" \/>\n\t<meta property=\"og:image:width\" content=\"776\" \/>\n\t<meta property=\"og:image:height\" content=\"776\" \/>\n\t<meta property=\"og:image:type\" content=\"image\/jpeg\" \/>\n<meta name=\"twitter:card\" content=\"summary_large_image\" \/>\n<meta name=\"twitter:label1\" content=\"Est. reading time\" \/>\n\t<meta name=\"twitter:data1\" content=\"1 minute\" \/>\n<script type=\"application\/ld+json\" class=\"yoast-schema-graph\">{\"@context\":\"https:\/\/schema.org\",\"@graph\":[{\"@type\":\"WebPage\",\"@id\":\"https:\/\/www.swissraft.ch\/en\/product\/helicopter-flight-belp-meringues-emmental\/\",\"url\":\"https:\/\/www.swissraft.ch\/en\/product\/helicopter-flight-belp-meringues-emmental\/\",\"name\":\"Meringues - Emmental from Bern-Belp by helicopter\",\"isPartOf\":{\"@id\":\"https:\/\/www.swissraft.ch\/en\/#website\"},\"primaryImageOfPage\":{\"@id\":\"https:\/\/www.swissraft.ch\/en\/product\/helicopter-flight-belp-meringues-emmental\/#primaryimage\"},\"image\":{\"@id\":\"https:\/\/www.swissraft.ch\/en\/product\/helicopter-flight-belp-meringues-emmental\/#primaryimage\"},\"thumbnailUrl\":\"https:\/\/www.swissraft.ch\/wp-content\/uploads\/2022\/11\/11-BERN-BELP-Meringues-im-Emmental-776x776-2.jpg\",\"datePublished\":\"2022-11-23T09:50:13+00:00\",\"dateModified\":\"2026-02-04T00:45:41+00:00\",\"description\":\"Meringues in the Emmental from Bern-Belp by helicopter for a 45-minute flight and intermediate landing to taste the famous meringue.\",\"breadcrumb\":{\"@id\":\"https:\/\/www.swissraft.ch\/en\/product\/helicopter-flight-belp-meringues-emmental\/#breadcrumb\"},\"inLanguage\":\"en-US\",\"potentialAction\":[{\"@type\":\"ReadAction\",\"target\":[\"https:\/\/www.swissraft.ch\/en\/product\/helicopter-flight-belp-meringues-emmental\/\"]}]},{\"@type\":\"ImageObject\",\"inLanguage\":\"en-US\",\"@id\":\"https:\/\/www.swissraft.ch\/en\/product\/helicopter-flight-belp-meringues-emmental\/#primaryimage\",\"url\":\"https:\/\/www.swissraft.ch\/wp-content\/uploads\/2022\/11\/11-BERN-BELP-Meringues-im-Emmental-776x776-2.jpg\",\"contentUrl\":\"https:\/\/www.swissraft.ch\/wp-content\/uploads\/2022\/11\/11-BERN-BELP-Meringues-im-Emmental-776x776-2.jpg\",\"width\":776,\"height\":776,\"caption\":\"Helicopter flight from Bern to Belp to enjoy a meringue in the Emmental region\"},{\"@type\":\"BreadcrumbList\",\"@id\":\"https:\/\/www.swissraft.ch\/en\/product\/helicopter-flight-belp-meringues-emmental\/#breadcrumb\",\"itemListElement\":[{\"@type\":\"ListItem\",\"position\":1,\"name\":\"Accueil\",\"item\":\"https:\/\/www.swissraft.ch\/en\/\"},{\"@type\":\"ListItem\",\"position\":2,\"name\":\"Store\",\"item\":\"https:\/\/www.swissraft.ch\/en\/store\/\"},{\"@type\":\"ListItem\",\"position\":3,\"name\":\"Helicopter flight from BELP &#8211; MERINGUES &#8211; EMMENTAL &#8211; 45 min. &#8211; From CHF 1&rsquo;810.00\"}]},{\"@type\":\"WebSite\",\"@id\":\"https:\/\/www.swissraft.ch\/en\/#website\",\"url\":\"https:\/\/www.swissraft.ch\/en\/\",\"name\":\"Swissraft\",\"description\":\"To enjoy nature as it is\",\"publisher\":{\"@id\":\"https:\/\/www.swissraft.ch\/en\/#organization\"},\"potentialAction\":[{\"@type\":\"SearchAction\",\"target\":{\"@type\":\"EntryPoint\",\"urlTemplate\":\"https:\/\/www.swissraft.ch\/en\/?s={search_term_string}\"},\"query-input\":{\"@type\":\"PropertyValueSpecification\",\"valueRequired\":true,\"valueName\":\"search_term_string\"}}],\"inLanguage\":\"en-US\"},{\"@type\":\"Organization\",\"@id\":\"https:\/\/www.swissraft.ch\/en\/#organization\",\"name\":\"Swissraft\",\"url\":\"https:\/\/www.swissraft.ch\/en\/\",\"logo\":{\"@type\":\"ImageObject\",\"inLanguage\":\"en-US\",\"@id\":\"https:\/\/www.swissraft.ch\/en\/#\/schema\/logo\/image\/\",\"url\":\"https:\/\/www.swissraft.ch\/wp-content\/uploads\/2025\/09\/Capture.jpg\",\"contentUrl\":\"https:\/\/www.swissraft.ch\/wp-content\/uploads\/2025\/09\/Capture.jpg\",\"width\":293,\"height\":108,\"caption\":\"Swissraft\"},\"image\":{\"@id\":\"https:\/\/www.swissraft.ch\/en\/#\/schema\/logo\/image\/\"}}]}<\/script>\n<!-- \/ Yoast SEO plugin. -->","yoast_head_json":{"title":"Meringues - Emmental from Bern-Belp by helicopter","description":"Meringues in the Emmental from Bern-Belp by helicopter for a 45-minute flight and intermediate landing to taste the famous meringue.","robots":{"index":"index","follow":"follow","max-snippet":"max-snippet:-1","max-image-preview":"max-image-preview:large","max-video-preview":"max-video-preview:-1"},"canonical":"https:\/\/www.swissraft.ch\/en\/product\/helicopter-flight-belp-meringues-emmental\/","og_locale":"en_US","og_type":"article","og_title":"Meringues - Emmental from Bern-Belp by helicopter","og_description":"Meringues in the Emmental from Bern-Belp by helicopter for a 45-minute flight and intermediate landing to taste the famous meringue.","og_url":"https:\/\/www.swissraft.ch\/en\/product\/helicopter-flight-belp-meringues-emmental\/","og_site_name":"Swissraft","article_modified_time":"2026-02-04T00:45:41+00:00","og_image":[{"width":776,"height":776,"url":"https:\/\/www.swissraft.ch\/wp-content\/uploads\/2022\/11\/11-BERN-BELP-Meringues-im-Emmental-776x776-2.jpg","type":"image\/jpeg"}],"twitter_card":"summary_large_image","twitter_misc":{"Est. reading time":"1 minute"},"schema":{"@context":"https:\/\/schema.org","@graph":[{"@type":"WebPage","@id":"https:\/\/www.swissraft.ch\/en\/product\/helicopter-flight-belp-meringues-emmental\/","url":"https:\/\/www.swissraft.ch\/en\/product\/helicopter-flight-belp-meringues-emmental\/","name":"Meringues - Emmental from Bern-Belp by helicopter","isPartOf":{"@id":"https:\/\/www.swissraft.ch\/en\/#website"},"primaryImageOfPage":{"@id":"https:\/\/www.swissraft.ch\/en\/product\/helicopter-flight-belp-meringues-emmental\/#primaryimage"},"image":{"@id":"https:\/\/www.swissraft.ch\/en\/product\/helicopter-flight-belp-meringues-emmental\/#primaryimage"},"thumbnailUrl":"https:\/\/www.swissraft.ch\/wp-content\/uploads\/2022\/11\/11-BERN-BELP-Meringues-im-Emmental-776x776-2.jpg","datePublished":"2022-11-23T09:50:13+00:00","dateModified":"2026-02-04T00:45:41+00:00","description":"Meringues in the Emmental from Bern-Belp by helicopter for a 45-minute flight and intermediate landing to taste the famous meringue.","breadcrumb":{"@id":"https:\/\/www.swissraft.ch\/en\/product\/helicopter-flight-belp-meringues-emmental\/#breadcrumb"},"inLanguage":"en-US","potentialAction":[{"@type":"ReadAction","target":["https:\/\/www.swissraft.ch\/en\/product\/helicopter-flight-belp-meringues-emmental\/"]}]},{"@type":"ImageObject","inLanguage":"en-US","@id":"https:\/\/www.swissraft.ch\/en\/product\/helicopter-flight-belp-meringues-emmental\/#primaryimage","url":"https:\/\/www.swissraft.ch\/wp-content\/uploads\/2022\/11\/11-BERN-BELP-Meringues-im-Emmental-776x776-2.jpg","contentUrl":"https:\/\/www.swissraft.ch\/wp-content\/uploads\/2022\/11\/11-BERN-BELP-Meringues-im-Emmental-776x776-2.jpg","width":776,"height":776,"caption":"Helicopter flight from Bern to Belp to enjoy a meringue in the Emmental region"},{"@type":"BreadcrumbList","@id":"https:\/\/www.swissraft.ch\/en\/product\/helicopter-flight-belp-meringues-emmental\/#breadcrumb","itemListElement":[{"@type":"ListItem","position":1,"name":"Accueil","item":"https:\/\/www.swissraft.ch\/en\/"},{"@type":"ListItem","position":2,"name":"Store","item":"https:\/\/www.swissraft.ch\/en\/store\/"},{"@type":"ListItem","position":3,"name":"Helicopter flight from BELP &#8211; MERINGUES &#8211; EMMENTAL &#8211; 45 min. &#8211; From CHF 1&rsquo;810.00"}]},{"@type":"WebSite","@id":"https:\/\/www.swissraft.ch\/en\/#website","url":"https:\/\/www.swissraft.ch\/en\/","name":"Swissraft","description":"To enjoy nature as it is","publisher":{"@id":"https:\/\/www.swissraft.ch\/en\/#organization"},"potentialAction":[{"@type":"SearchAction","target":{"@type":"EntryPoint","urlTemplate":"https:\/\/www.swissraft.ch\/en\/?s={search_term_string}"},"query-input":{"@type":"PropertyValueSpecification","valueRequired":true,"valueName":"search_term_string"}}],"inLanguage":"en-US"},{"@type":"Organization","@id":"https:\/\/www.swissraft.ch\/en\/#organization","name":"Swissraft","url":"https:\/\/www.swissraft.ch\/en\/","logo":{"@type":"ImageObject","inLanguage":"en-US","@id":"https:\/\/www.swissraft.ch\/en\/#\/schema\/logo\/image\/","url":"https:\/\/www.swissraft.ch\/wp-content\/uploads\/2025\/09\/Capture.jpg","contentUrl":"https:\/\/www.swissraft.ch\/wp-content\/uploads\/2025\/09\/Capture.jpg","width":293,"height":108,"caption":"Swissraft"},"image":{"@id":"https:\/\/www.swissraft.ch\/en\/#\/schema\/logo\/image\/"}}]}},"_links":{"self":[{"href":"https:\/\/www.swissraft.ch\/en\/wp-json\/wp\/v2\/product\/93462","targetHints":{"allow":["GET"]}}],"collection":[{"href":"https:\/\/www.swissraft.ch\/en\/wp-json\/wp\/v2\/product"}],"about":[{"href":"https:\/\/www.swissraft.ch\/en\/wp-json\/wp\/v2\/types\/product"}],"replies":[{"embeddable":true,"href":"https:\/\/www.swissraft.ch\/en\/wp-json\/wp\/v2\/comments?post=93462"}],"version-history":[{"count":19,"href":"https:\/\/www.swissraft.ch\/en\/wp-json\/wp\/v2\/product\/93462\/revisions"}],"predecessor-version":[{"id":128813,"href":"https:\/\/www.swissraft.ch\/en\/wp-json\/wp\/v2\/product\/93462\/revisions\/128813"}],"wp:featuredmedia":[{"embeddable":true,"href":"https:\/\/www.swissraft.ch\/en\/wp-json\/wp\/v2\/media\/87264"}],"wp:attachment":[{"href":"https:\/\/www.swissraft.ch\/en\/wp-json\/wp\/v2\/media?parent=93462"}],"wp:term":[{"taxonomy":"product_cat","embeddable":true,"href":"https:\/\/www.swissraft.ch\/en\/wp-json\/wp\/v2\/product_cat?post=93462"},{"taxonomy":"product_tag","embeddable":true,"href":"https:\/\/www.swissraft.ch\/en\/wp-json\/wp\/v2\/product_tag?post=93462"}],"curies":[{"name":"wp","href":"https:\/\/api.w.org\/{rel}","templated":true}]}}