{"id":93459,"date":"2022-11-23T18:27:04","date_gmt":"2022-11-23T17:27:04","guid":{"rendered":"https:\/\/swissraft.xyanzkdne.eu\/product\/helicopter-flight-from-berne-belp-luxury-aperitif-or-fondue-50-min-from-chf-1930-00\/"},"modified":"2026-02-03T16:52:34","modified_gmt":"2026-02-03T15:52:34","slug":"helicopter-flight-bern-belp-fondue-glacier","status":"publish","type":"product","link":"https:\/\/www.swissraft.ch\/en\/product\/helicopter-flight-bern-belp-fondue-glacier\/","title":{"rendered":"Helicopter flight from BERN-BELP &#8211; FONDUE ON A GLACIER &#8211; 60 Min. &#8211; From CHF 2&#8217;490.00"},"content":{"rendered":"\t\t<div data-elementor-type=\"wp-post\" data-elementor-id=\"93459\" class=\"elementor elementor-93459 elementor-29176\">\n\t\t\t\t\t\t\t\t\t<section class=\"elementor-section elementor-top-section elementor-element elementor-element-3303a7e3 elementor-section-boxed elementor-section-height-default elementor-section-height-default\" data-id=\"3303a7e3\" data-element_type=\"section\">\n\t\t\t\t\t\t<div class=\"elementor-container elementor-column-gap-default\">\n\t\t\t\t\t<div class=\"elementor-column elementor-col-100 elementor-top-column elementor-element elementor-element-16d72dbf\" data-id=\"16d72dbf\" data-element_type=\"column\">\n\t\t\t<div class=\"elementor-widget-wrap elementor-element-populated\">\n\t\t\t\t\t\t\t\t<div class=\"elementor-element elementor-element-d743c03 elementor-widget elementor-widget-text-editor\" data-id=\"d743c03\" data-element_type=\"widget\" data-widget_type=\"text-editor.default\">\n\t\t\t\t<div class=\"elementor-widget-container\">\n\t\t\t\t\t\t\t<h2>CHOOSE YOUR ACTIVITY BELOW TO OFFER GIFT VOUCHERS \/ TICKETS OR MAKE A RESERVATION<\/h2>\n<table style=\"height: 290px;\" border=\"0\" width=\"580\" cellspacing=\"10\" cellpadding=\"10\">\n<tbody>\n<tr>\n<td width=\"50%\"><strong>FONDUE ON A GLACIER &#8211; PRIVATE FLIGHT (1-5 pers.) &#8211; 60 min.<\/strong><\/td>\n<td><strong>Fom CHF 2&#8217;490.00 per private flight<\/strong><\/td>\n<\/tr>\n<tr>\n<td>Further information<\/td>\n<td>&#8211; You have the helicopter exclusively to yourself<br \/>&#8211; You determine the date and time of departure<br \/>&#8211; Maximum 5 pers.<br \/><em><strong>&#8211; Fondue included<\/strong><\/em><\/td>\n<\/tr>\n<tr>\n<td>Airport<\/td>\n<td><a href=\"https:\/\/www.google.ch\/maps\/place\/Flugplatzstrasse+9,+3123+Belp\/@46.9110741,7.5014815,384m\/data=!3m1!1e3!4m6!3m5!1s0x478e364abf3cd12d:0x66533198ed658320!8m2!3d46.9109935!4d7.5040993!16s%2Fg%2F11c2cjv1zm?hl=fr&amp;entry=ttu\" target=\"_blank\" rel=\"noopener\">Bern-Belp<\/a><\/td>\n<\/tr>\n<tr>\n<td>Flying time<\/td>\n<td>60 min.<\/td>\n<\/tr>\n<tr>\n<td>Total duration<\/td>\n<td>approx. 2,5 hrs<\/td>\n<\/tr>\n<tr>\n<td>Appointment<\/td>\n<td>Per phone<\/td>\n<\/tr>\n<tr>\n<td><button class=\"elementor-button\" type=\"button\"><a href=\"https:\/\/swissraft.outdoorbooking.ch:443\/fo\/products\/967?base_id=115&amp;category_id=6&amp;order_type=gift_voucher&amp;lang=en\" target=\"_blank\" rel=\"noopener\">PURCHASE GIFT VOUCHER \/ TICKET<\/a> <\/button><\/td>\n<td><strong>CHF 2&#8217;490.00 &#8211; Private flight (1-4 pers.)<\/strong> <\/td>\n<\/tr>\n<tr>\n<td><button class=\"elementor-button\" type=\"button\"><a href=\"https:\/\/swissraft.outdoorbooking.ch:443\/fo\/products\/968?base_id=116&amp;category_id=6&amp;order_type=gift_voucher&amp;lang=en\" target=\"_blank\" rel=\"noopener\">PURCHASE GIFT VOUCHER \/ TICKET<\/a> <\/button><\/td>\n<td><strong>CHF 3&#8217;190.00 &#8211; Private flight (5 pers.)<\/strong> <\/td>\n<\/tr>\n<tr>\n<td> <\/td>\n<td><strong><em>IMPORTANT !<\/em><\/strong><br \/><em>To book, call the number at the top left of the gift voucher \/ ticket.<\/em><\/td>\n<\/tr>\n<\/tbody>\n<\/table>\n\t\t\t\t\t\t<\/div>\n\t\t\t\t<\/div>\n\t\t\t\t\t<\/div>\n\t\t<\/div>\n\t\t\t\t\t\t\t<\/div>\n\t\t<\/section>\n\t\t\t\t\t\t\t<\/div>\n\t\t","protected":false},"excerpt":{"rendered":"<div align=\"justify\">\n<h2 align=\"justify\">From Bern-Belp for a 60 min. flight with a stopover on the Petersgrat glacier.<\/h2>\n<h3>Magnificent flight over the Bernese Alps with a luxury aperitif or fondue served on the glacier.<\/h3>\n<\/div>\n<div align=\"justify\">\n<p>Departing from Berne-Belp airport, you fly in turn over the Gantrisch, Kandersteg and Lake Oeschinen regions. Then Gamchil\u00fccke before landing on the Petersgrat glacier. During our stop on the eternal ice, we serve you a luxury aperitif. Unless you prefer a fondue with Prosecco, white wine and soft drinks. On the return flight, you&#8217;ll pass the Silberhorn, Jungfrau, M\u00f6nch and Eiger. Then take a dip in Lake Thun before returning to Berne-Belp airport.<\/p>\n<h3>On our Swissraft website you&#8217;ll find 26 heliports and airfields from which you can choose from over 150 helicopter tours.<\/h3>\n<p id=\"textarea\" style=\"display: none;\">We also offer helicopter tours from Gampel and Collombey heliports and from Sion airport in Valais. What&#8217;s more, we take off from the Interlaken-Gsteigwiler heliport in the Bernese Oberland. But we also have flights from the Gstaad-Grund heliport and the Saanen aerodrome in Saanenland. And from the heliports at Lauterbrunnen, Lenk-Simmental and Schattenhalb-Meiringen. At the same time, we take off from Z\u00fcrich-Kloten international airport. We also offer helicopter tours from Buttwil in the canton of Aargau. We also take off from Grenchen airfield in the canton of Solothurn. On the one hand, we offer helicopter tours from the Pfaffnau heliport in the canton of Lucerne. And tours of the canton of Uri from the Erstfeld heliport. We also take off from the K\u00fcssnacht heliport in the canton of Schwyz. Then we have flights in Gruy\u00e8re, departing from \u00c9pagny airfield in the canton of Fribourg. We also offer helicopter flights from Locarno and Lodrino airfields in Canton Ticino. We also operate flights from the heliports of Flims, Tavanasa and Untervaz in Graub\u00fcnden. But also from Samedan airfield all year round and from St. Moritz heliport. St. Moritz in winter. We also take off from Balzers heliport in Liechtenstein and in Eastern Switzerland from Sitterdorf heliport.\n<\/p>\n<p><a id=\"seeMore\" onclick=\"toggleSeeMore()\" href=\"javascript:void(0);\">Read more<\/a><\/p>\n","protected":false},"featured_media":87342,"comment_status":"open","ping_status":"closed","template":"","meta":{"inline_featured_image":false,"_mi_skip_tracking":false},"product_cat":[394,461],"product_tag":[],"class_list":["post-93459","product","type-product","status-publish","has-post-thumbnail","hentry","product_cat-helicopter-flight","product_cat-helicopter-flight-bern-belp"],"yoast_head":"<!-- This site is optimized with the Yoast SEO plugin v23.6 - https:\/\/yoast.com\/wordpress\/plugins\/seo\/ -->\n<title>Fondue on a glacier by helicopter from Belp. 60 min. flight<\/title>\n<meta name=\"description\" content=\"From Bern-Belp to fondue by helicopter. With this 60-minute flight, you will land on a glacier for a delicious fondue. An original way to enjoy fondue\" \/>\n<meta name=\"robots\" content=\"index, follow, max-snippet:-1, max-image-preview:large, max-video-preview:-1\" \/>\n<link rel=\"canonical\" href=\"https:\/\/www.swissraft.ch\/en\/product\/helicopter-flight-bern-belp-fondue-glacier\/\" \/>\n<meta property=\"og:locale\" content=\"en_US\" \/>\n<meta property=\"og:type\" content=\"article\" \/>\n<meta property=\"og:title\" content=\"Fondue on a glacier by helicopter from Belp. 60 min. flight\" \/>\n<meta property=\"og:description\" content=\"From Bern-Belp to fondue by helicopter. With this 60-minute flight, you will land on a glacier for a delicious fondue. An original way to enjoy fondue\" \/>\n<meta property=\"og:url\" content=\"https:\/\/www.swissraft.ch\/en\/product\/helicopter-flight-bern-belp-fondue-glacier\/\" \/>\n<meta property=\"og:site_name\" content=\"Swissraft\" \/>\n<meta property=\"article:modified_time\" content=\"2026-02-03T15:52:34+00:00\" \/>\n<meta property=\"og:image\" content=\"https:\/\/www.swissraft.ch\/wp-content\/uploads\/2022\/11\/14-BERN-BELP-Apero-oder-Fondue-776x776-2.jpg\" \/>\n\t<meta property=\"og:image:width\" content=\"776\" \/>\n\t<meta property=\"og:image:height\" content=\"776\" \/>\n\t<meta property=\"og:image:type\" content=\"image\/jpeg\" \/>\n<meta name=\"twitter:card\" content=\"summary_large_image\" \/>\n<meta name=\"twitter:label1\" content=\"Est. reading time\" \/>\n\t<meta name=\"twitter:data1\" content=\"1 minute\" \/>\n<script type=\"application\/ld+json\" class=\"yoast-schema-graph\">{\"@context\":\"https:\/\/schema.org\",\"@graph\":[{\"@type\":\"WebPage\",\"@id\":\"https:\/\/www.swissraft.ch\/en\/product\/helicopter-flight-bern-belp-fondue-glacier\/\",\"url\":\"https:\/\/www.swissraft.ch\/en\/product\/helicopter-flight-bern-belp-fondue-glacier\/\",\"name\":\"Fondue on a glacier by helicopter from Belp. 60 min. flight\",\"isPartOf\":{\"@id\":\"https:\/\/www.swissraft.ch\/en\/#website\"},\"primaryImageOfPage\":{\"@id\":\"https:\/\/www.swissraft.ch\/en\/product\/helicopter-flight-bern-belp-fondue-glacier\/#primaryimage\"},\"image\":{\"@id\":\"https:\/\/www.swissraft.ch\/en\/product\/helicopter-flight-bern-belp-fondue-glacier\/#primaryimage\"},\"thumbnailUrl\":\"https:\/\/www.swissraft.ch\/wp-content\/uploads\/2022\/11\/14-BERN-BELP-Apero-oder-Fondue-776x776-2.jpg\",\"datePublished\":\"2022-11-23T17:27:04+00:00\",\"dateModified\":\"2026-02-03T15:52:34+00:00\",\"description\":\"From Bern-Belp to fondue by helicopter. With this 60-minute flight, you will land on a glacier for a delicious fondue. An original way to enjoy fondue\",\"breadcrumb\":{\"@id\":\"https:\/\/www.swissraft.ch\/en\/product\/helicopter-flight-bern-belp-fondue-glacier\/#breadcrumb\"},\"inLanguage\":\"en-US\",\"potentialAction\":[{\"@type\":\"ReadAction\",\"target\":[\"https:\/\/www.swissraft.ch\/en\/product\/helicopter-flight-bern-belp-fondue-glacier\/\"]}]},{\"@type\":\"ImageObject\",\"inLanguage\":\"en-US\",\"@id\":\"https:\/\/www.swissraft.ch\/en\/product\/helicopter-flight-bern-belp-fondue-glacier\/#primaryimage\",\"url\":\"https:\/\/www.swissraft.ch\/wp-content\/uploads\/2022\/11\/14-BERN-BELP-Apero-oder-Fondue-776x776-2.jpg\",\"contentUrl\":\"https:\/\/www.swissraft.ch\/wp-content\/uploads\/2022\/11\/14-BERN-BELP-Apero-oder-Fondue-776x776-2.jpg\",\"width\":776,\"height\":776,\"caption\":\"Fondue on a glacier, the Petersgrat, departing from Bern-Belp by helicopter\"},{\"@type\":\"BreadcrumbList\",\"@id\":\"https:\/\/www.swissraft.ch\/en\/product\/helicopter-flight-bern-belp-fondue-glacier\/#breadcrumb\",\"itemListElement\":[{\"@type\":\"ListItem\",\"position\":1,\"name\":\"Accueil\",\"item\":\"https:\/\/www.swissraft.ch\/en\/\"},{\"@type\":\"ListItem\",\"position\":2,\"name\":\"Store\",\"item\":\"https:\/\/www.swissraft.ch\/en\/store\/\"},{\"@type\":\"ListItem\",\"position\":3,\"name\":\"Helicopter flight from BERN-BELP &#8211; FONDUE ON A GLACIER &#8211; 60 Min. &#8211; From CHF 2&rsquo;490.00\"}]},{\"@type\":\"WebSite\",\"@id\":\"https:\/\/www.swissraft.ch\/en\/#website\",\"url\":\"https:\/\/www.swissraft.ch\/en\/\",\"name\":\"Swissraft\",\"description\":\"To enjoy nature as it is\",\"publisher\":{\"@id\":\"https:\/\/www.swissraft.ch\/en\/#organization\"},\"potentialAction\":[{\"@type\":\"SearchAction\",\"target\":{\"@type\":\"EntryPoint\",\"urlTemplate\":\"https:\/\/www.swissraft.ch\/en\/?s={search_term_string}\"},\"query-input\":{\"@type\":\"PropertyValueSpecification\",\"valueRequired\":true,\"valueName\":\"search_term_string\"}}],\"inLanguage\":\"en-US\"},{\"@type\":\"Organization\",\"@id\":\"https:\/\/www.swissraft.ch\/en\/#organization\",\"name\":\"Swissraft\",\"url\":\"https:\/\/www.swissraft.ch\/en\/\",\"logo\":{\"@type\":\"ImageObject\",\"inLanguage\":\"en-US\",\"@id\":\"https:\/\/www.swissraft.ch\/en\/#\/schema\/logo\/image\/\",\"url\":\"https:\/\/www.swissraft.ch\/wp-content\/uploads\/2025\/09\/Capture.jpg\",\"contentUrl\":\"https:\/\/www.swissraft.ch\/wp-content\/uploads\/2025\/09\/Capture.jpg\",\"width\":293,\"height\":108,\"caption\":\"Swissraft\"},\"image\":{\"@id\":\"https:\/\/www.swissraft.ch\/en\/#\/schema\/logo\/image\/\"}}]}<\/script>\n<!-- \/ Yoast SEO plugin. -->","yoast_head_json":{"title":"Fondue on a glacier by helicopter from Belp. 60 min. flight","description":"From Bern-Belp to fondue by helicopter. With this 60-minute flight, you will land on a glacier for a delicious fondue. An original way to enjoy fondue","robots":{"index":"index","follow":"follow","max-snippet":"max-snippet:-1","max-image-preview":"max-image-preview:large","max-video-preview":"max-video-preview:-1"},"canonical":"https:\/\/www.swissraft.ch\/en\/product\/helicopter-flight-bern-belp-fondue-glacier\/","og_locale":"en_US","og_type":"article","og_title":"Fondue on a glacier by helicopter from Belp. 60 min. flight","og_description":"From Bern-Belp to fondue by helicopter. With this 60-minute flight, you will land on a glacier for a delicious fondue. An original way to enjoy fondue","og_url":"https:\/\/www.swissraft.ch\/en\/product\/helicopter-flight-bern-belp-fondue-glacier\/","og_site_name":"Swissraft","article_modified_time":"2026-02-03T15:52:34+00:00","og_image":[{"width":776,"height":776,"url":"https:\/\/www.swissraft.ch\/wp-content\/uploads\/2022\/11\/14-BERN-BELP-Apero-oder-Fondue-776x776-2.jpg","type":"image\/jpeg"}],"twitter_card":"summary_large_image","twitter_misc":{"Est. reading time":"1 minute"},"schema":{"@context":"https:\/\/schema.org","@graph":[{"@type":"WebPage","@id":"https:\/\/www.swissraft.ch\/en\/product\/helicopter-flight-bern-belp-fondue-glacier\/","url":"https:\/\/www.swissraft.ch\/en\/product\/helicopter-flight-bern-belp-fondue-glacier\/","name":"Fondue on a glacier by helicopter from Belp. 60 min. flight","isPartOf":{"@id":"https:\/\/www.swissraft.ch\/en\/#website"},"primaryImageOfPage":{"@id":"https:\/\/www.swissraft.ch\/en\/product\/helicopter-flight-bern-belp-fondue-glacier\/#primaryimage"},"image":{"@id":"https:\/\/www.swissraft.ch\/en\/product\/helicopter-flight-bern-belp-fondue-glacier\/#primaryimage"},"thumbnailUrl":"https:\/\/www.swissraft.ch\/wp-content\/uploads\/2022\/11\/14-BERN-BELP-Apero-oder-Fondue-776x776-2.jpg","datePublished":"2022-11-23T17:27:04+00:00","dateModified":"2026-02-03T15:52:34+00:00","description":"From Bern-Belp to fondue by helicopter. With this 60-minute flight, you will land on a glacier for a delicious fondue. An original way to enjoy fondue","breadcrumb":{"@id":"https:\/\/www.swissraft.ch\/en\/product\/helicopter-flight-bern-belp-fondue-glacier\/#breadcrumb"},"inLanguage":"en-US","potentialAction":[{"@type":"ReadAction","target":["https:\/\/www.swissraft.ch\/en\/product\/helicopter-flight-bern-belp-fondue-glacier\/"]}]},{"@type":"ImageObject","inLanguage":"en-US","@id":"https:\/\/www.swissraft.ch\/en\/product\/helicopter-flight-bern-belp-fondue-glacier\/#primaryimage","url":"https:\/\/www.swissraft.ch\/wp-content\/uploads\/2022\/11\/14-BERN-BELP-Apero-oder-Fondue-776x776-2.jpg","contentUrl":"https:\/\/www.swissraft.ch\/wp-content\/uploads\/2022\/11\/14-BERN-BELP-Apero-oder-Fondue-776x776-2.jpg","width":776,"height":776,"caption":"Fondue on a glacier, the Petersgrat, departing from Bern-Belp by helicopter"},{"@type":"BreadcrumbList","@id":"https:\/\/www.swissraft.ch\/en\/product\/helicopter-flight-bern-belp-fondue-glacier\/#breadcrumb","itemListElement":[{"@type":"ListItem","position":1,"name":"Accueil","item":"https:\/\/www.swissraft.ch\/en\/"},{"@type":"ListItem","position":2,"name":"Store","item":"https:\/\/www.swissraft.ch\/en\/store\/"},{"@type":"ListItem","position":3,"name":"Helicopter flight from BERN-BELP &#8211; FONDUE ON A GLACIER &#8211; 60 Min. &#8211; From CHF 2&rsquo;490.00"}]},{"@type":"WebSite","@id":"https:\/\/www.swissraft.ch\/en\/#website","url":"https:\/\/www.swissraft.ch\/en\/","name":"Swissraft","description":"To enjoy nature as it is","publisher":{"@id":"https:\/\/www.swissraft.ch\/en\/#organization"},"potentialAction":[{"@type":"SearchAction","target":{"@type":"EntryPoint","urlTemplate":"https:\/\/www.swissraft.ch\/en\/?s={search_term_string}"},"query-input":{"@type":"PropertyValueSpecification","valueRequired":true,"valueName":"search_term_string"}}],"inLanguage":"en-US"},{"@type":"Organization","@id":"https:\/\/www.swissraft.ch\/en\/#organization","name":"Swissraft","url":"https:\/\/www.swissraft.ch\/en\/","logo":{"@type":"ImageObject","inLanguage":"en-US","@id":"https:\/\/www.swissraft.ch\/en\/#\/schema\/logo\/image\/","url":"https:\/\/www.swissraft.ch\/wp-content\/uploads\/2025\/09\/Capture.jpg","contentUrl":"https:\/\/www.swissraft.ch\/wp-content\/uploads\/2025\/09\/Capture.jpg","width":293,"height":108,"caption":"Swissraft"},"image":{"@id":"https:\/\/www.swissraft.ch\/en\/#\/schema\/logo\/image\/"}}]}},"_links":{"self":[{"href":"https:\/\/www.swissraft.ch\/en\/wp-json\/wp\/v2\/product\/93459","targetHints":{"allow":["GET"]}}],"collection":[{"href":"https:\/\/www.swissraft.ch\/en\/wp-json\/wp\/v2\/product"}],"about":[{"href":"https:\/\/www.swissraft.ch\/en\/wp-json\/wp\/v2\/types\/product"}],"replies":[{"embeddable":true,"href":"https:\/\/www.swissraft.ch\/en\/wp-json\/wp\/v2\/comments?post=93459"}],"version-history":[{"count":20,"href":"https:\/\/www.swissraft.ch\/en\/wp-json\/wp\/v2\/product\/93459\/revisions"}],"predecessor-version":[{"id":128652,"href":"https:\/\/www.swissraft.ch\/en\/wp-json\/wp\/v2\/product\/93459\/revisions\/128652"}],"wp:featuredmedia":[{"embeddable":true,"href":"https:\/\/www.swissraft.ch\/en\/wp-json\/wp\/v2\/media\/87342"}],"wp:attachment":[{"href":"https:\/\/www.swissraft.ch\/en\/wp-json\/wp\/v2\/media?parent=93459"}],"wp:term":[{"taxonomy":"product_cat","embeddable":true,"href":"https:\/\/www.swissraft.ch\/en\/wp-json\/wp\/v2\/product_cat?post=93459"},{"taxonomy":"product_tag","embeddable":true,"href":"https:\/\/www.swissraft.ch\/en\/wp-json\/wp\/v2\/product_tag?post=93459"}],"curies":[{"name":"wp","href":"https:\/\/api.w.org\/{rel}","templated":true}]}}