{"id":93451,"date":"2022-11-23T18:13:34","date_gmt":"2022-11-23T17:13:34","guid":{"rendered":"https:\/\/swissraft.xyanzkdne.eu\/product\/helicopter-flight-from-berne-belp-jungfrau-landing-45-min-from-chf-1850-00\/"},"modified":"2026-02-04T02:16:55","modified_gmt":"2026-02-04T01:16:55","slug":"helicopter-flight-from-bern-belp-jungfrau-landing","status":"publish","type":"product","link":"https:\/\/www.swissraft.ch\/en\/product\/helicopter-flight-from-bern-belp-jungfrau-landing\/","title":{"rendered":"Helicopter flight from BERN-BELP &#8211; JUNGFRAU LANDING &#8211; 45 min. &#8211; From CHF 2&#8217;060.00"},"content":{"rendered":"\t\t<div data-elementor-type=\"wp-post\" data-elementor-id=\"93451\" class=\"elementor elementor-93451 elementor-29165\">\n\t\t\t\t\t\t\t\t\t<section class=\"elementor-section elementor-top-section elementor-element elementor-element-3303a7e3 elementor-section-boxed elementor-section-height-default elementor-section-height-default\" data-id=\"3303a7e3\" data-element_type=\"section\">\n\t\t\t\t\t\t<div class=\"elementor-container elementor-column-gap-default\">\n\t\t\t\t\t<div class=\"elementor-column elementor-col-100 elementor-top-column elementor-element elementor-element-16d72dbf\" data-id=\"16d72dbf\" data-element_type=\"column\">\n\t\t\t<div class=\"elementor-widget-wrap elementor-element-populated\">\n\t\t\t\t\t\t\t\t<div class=\"elementor-element elementor-element-d743c03 elementor-widget elementor-widget-text-editor\" data-id=\"d743c03\" data-element_type=\"widget\" data-widget_type=\"text-editor.default\">\n\t\t\t\t<div class=\"elementor-widget-container\">\n\t\t\t\t\t\t\t<h2>CHOOSE YOUR ACTIVITY BELOW TO OFFER GIFT VOUCHERS \/ TICKETS OR MAKE A RESERVATION<\/h2><table style=\"height: 290px;\" border=\"0\" width=\"580\" cellspacing=\"10\" cellpadding=\"10\"><tbody><tr><td width=\"50%\"><strong>JUNGFRAU LANDING &#8211; PRIVATE FLIGHT (1-5 pers.) &#8211; 45 min.<\/strong><\/td><td><strong>From CHF 2&#8217;050.00 per private flight<\/strong><\/td><\/tr><tr><td>Further information<\/td><td>&#8211; The helicopter is at your disposal exclusively for<br \/>&#8211; You determine the date and time of departure<br \/>&#8211; Maximum 5 pers.<br \/><em><strong>&#8211; Catering not included<\/strong><\/em><\/td><\/tr><tr><td>Airport<\/td><td><a href=\"https:\/\/www.google.ch\/maps\/place\/Flugplatzstrasse+9,+3123+Belp\/@46.9110741,7.5014815,384m\/data=!3m1!1e3!4m6!3m5!1s0x478e364abf3cd12d:0x66533198ed658320!8m2!3d46.9109935!4d7.5040993!16s%2Fg%2F11c2cjv1zm?hl=fr&amp;entry=ttu\" target=\"_blank\" rel=\"noopener\">Bern-Belp<\/a><\/td><\/tr><tr><td>Flying time<\/td><td>45 min.<\/td><\/tr><tr><td>Total duration<\/td><td>approx. 3 hrs<\/td><\/tr><tr><td>Appointment<\/td><td>By phone<\/td><\/tr><tr><td><button class=\"elementor-button\" type=\"button\"><a href=\"https:\/\/swissraft.outdoorbooking.ch\/fo\/products\/936?base_id=211&amp;category_id=6&amp;order_type=gift_voucher&amp;lang=en\" target=\"_blank\" rel=\"noopener\">PURCHASE GIFT VOUCHER \/ TICKET<\/a><\/button><\/td><td><strong>CHF 2&#8217;050.00 &#8211; Private flight (1-3 pers.)<\/strong><\/td><\/tr><tr><td><button class=\"elementor-button\" type=\"button\"><a href=\"https:\/\/swissraft.outdoorbooking.ch\/fo\/products\/972?base_id=116&amp;category_id=6&amp;order_type=gift_voucher&amp;lang=en\" target=\"_blank\" rel=\"noopener\">PURCHASE GIFT VOUCHER \/ TICKET<\/a><\/button><\/td><td><strong>CHF 2&#8217;550.00 &#8211; Private flight (4-5 pers.)<\/strong><\/td><\/tr><tr><td>\u00a0<\/td><td><strong><em>IMPORTANT !<\/em><\/strong><br \/><em>To book, call the number at the top left of the gift voucher \/ ticket.<\/em><\/td><\/tr><\/tbody><\/table>\t\t\t\t\t\t<\/div>\n\t\t\t\t<\/div>\n\t\t\t\t\t<\/div>\n\t\t<\/div>\n\t\t\t\t\t\t\t<\/div>\n\t\t<\/section>\n\t\t\t\t\t\t\t<\/div>\n\t\t","protected":false},"excerpt":{"rendered":"<div align=\"justify\">\n<h2 align=\"justify\">45-minute helicopter flight to land on the Jungfrau<\/h2>\n<h3>Discover the Bernese Alps with this flight from Bern-Belp airport. Enjoy the immense panorama from the summit of the Jungfrau.<\/h3>\n<\/div>\n<div align=\"justify\">\n<p>You take off from Bern-Belp and head for Thun, Interlaken, Grindelwald and the Eiger, M\u00f6nch and Jungfrau, where you land. From the summit of Europe, admire a unique panorama all around you. Have a drink or a bite to eat, as you wish. Then take off again and head for the Schilthorn, Niesen and Stockhorn ranges. Then you fly over the G\u00fcrbe valley before resting at Belp airport.<\/p>\n<h3>26 heliports, airfields and international airports are suggested on the Swissraft website for over 150 helicopter itineraries.<\/h3>\n<p id=\"textarea\" style=\"display: none;\">From the Valais we have helicopter routes from Sion airport and the heliports of Gampel and Collombey. What&#8217;s more, we have flights into the Bernese Oberland from the Interlaken-Gsteigwiler heliport. We also offer tours from Gstaad-Grund heliport and Saanen airfield in Saanenland. And again in the Bernese Oberland, from the heliports at Lauterbrunnen, Lenk-Simmental and Schattenhalb-Meiringen. On the one hand, we offer helicopter tours from Z\u00fcrich-Kloten international airport. We also have flights from Buttwil in Aargau and from Grenchen in the canton of Solothurn. We also fly into the canton of Lucerne from Pfaffnau heliport. We also offer helicopter tours in the canton of Uri, departing from Erstfeld. We also take off from the K\u00fcssnacht heliport in Canton Schwyz. We also take off in Gruy\u00e8re from \u00c9pagny airfield in the canton of Fribourg. We also offer flights to Ticino from Locarno-Magadino and Lodrino airfields. In fact, we have tours departing from the heliports of Flims, Tavanasa and Untervaz in Graub\u00fcnden. There are also year-round tours from Samedan airfield and St. Moritz heliport. St. Moritz in winter. What&#8217;s more, we take off in Liechtenstein from Balzers heliport and in Thurgau from Sitterdorf heliport.\n<\/p>\n<p><a id=\"seeMore\" onclick=\"toggleSeeMore()\" href=\"javascript:void(0);\">Read more<\/a><\/p>\n","protected":false},"featured_media":87309,"comment_status":"open","ping_status":"closed","template":"","meta":{"inline_featured_image":false,"_mi_skip_tracking":false},"product_cat":[394,461],"product_tag":[],"class_list":["post-93451","product","type-product","status-publish","has-post-thumbnail","hentry","product_cat-helicopter-flight","product_cat-helicopter-flight-bern-belp"],"yoast_head":"<!-- This site is optimized with the Yoast SEO plugin v23.6 - https:\/\/yoast.com\/wordpress\/plugins\/seo\/ -->\n<title>Helicopter flight Jungfrau landing from Belp. 45-minute flight.<\/title>\n<meta name=\"description\" content=\"Helicopter flight Jungfrau landing from Belp. This 45-minute flight takes you to one of the roofs of Europe: the Jungfrau in the Bernese Alps.\" \/>\n<meta name=\"robots\" content=\"index, follow, max-snippet:-1, max-image-preview:large, max-video-preview:-1\" \/>\n<link rel=\"canonical\" href=\"https:\/\/www.swissraft.ch\/en\/product\/helicopter-flight-from-bern-belp-jungfrau-landing\/\" \/>\n<meta property=\"og:locale\" content=\"en_US\" \/>\n<meta property=\"og:type\" content=\"article\" \/>\n<meta property=\"og:title\" content=\"Helicopter flight Jungfrau landing from Belp. 45-minute flight.\" \/>\n<meta property=\"og:description\" content=\"Helicopter flight Jungfrau landing from Belp. This 45-minute flight takes you to one of the roofs of Europe: the Jungfrau in the Bernese Alps.\" \/>\n<meta property=\"og:url\" content=\"https:\/\/www.swissraft.ch\/en\/product\/helicopter-flight-from-bern-belp-jungfrau-landing\/\" \/>\n<meta property=\"og:site_name\" content=\"Swissraft\" \/>\n<meta property=\"article:modified_time\" content=\"2026-02-04T01:16:55+00:00\" \/>\n<meta property=\"og:image\" content=\"https:\/\/www.swissraft.ch\/wp-content\/uploads\/2022\/11\/12-BERN-BELP-Landung-auf-der-Jungfrau-776x776-2.jpg\" \/>\n\t<meta property=\"og:image:width\" content=\"776\" \/>\n\t<meta property=\"og:image:height\" content=\"776\" \/>\n\t<meta property=\"og:image:type\" content=\"image\/jpeg\" \/>\n<meta name=\"twitter:card\" content=\"summary_large_image\" \/>\n<meta name=\"twitter:label1\" content=\"Est. reading time\" \/>\n\t<meta name=\"twitter:data1\" content=\"1 minute\" \/>\n<script type=\"application\/ld+json\" class=\"yoast-schema-graph\">{\"@context\":\"https:\/\/schema.org\",\"@graph\":[{\"@type\":\"WebPage\",\"@id\":\"https:\/\/www.swissraft.ch\/en\/product\/helicopter-flight-from-bern-belp-jungfrau-landing\/\",\"url\":\"https:\/\/www.swissraft.ch\/en\/product\/helicopter-flight-from-bern-belp-jungfrau-landing\/\",\"name\":\"Helicopter flight Jungfrau landing from Belp. 45-minute flight.\",\"isPartOf\":{\"@id\":\"https:\/\/www.swissraft.ch\/en\/#website\"},\"primaryImageOfPage\":{\"@id\":\"https:\/\/www.swissraft.ch\/en\/product\/helicopter-flight-from-bern-belp-jungfrau-landing\/#primaryimage\"},\"image\":{\"@id\":\"https:\/\/www.swissraft.ch\/en\/product\/helicopter-flight-from-bern-belp-jungfrau-landing\/#primaryimage\"},\"thumbnailUrl\":\"https:\/\/www.swissraft.ch\/wp-content\/uploads\/2022\/11\/12-BERN-BELP-Landung-auf-der-Jungfrau-776x776-2.jpg\",\"datePublished\":\"2022-11-23T17:13:34+00:00\",\"dateModified\":\"2026-02-04T01:16:55+00:00\",\"description\":\"Helicopter flight Jungfrau landing from Belp. This 45-minute flight takes you to one of the roofs of Europe: the Jungfrau in the Bernese Alps.\",\"breadcrumb\":{\"@id\":\"https:\/\/www.swissraft.ch\/en\/product\/helicopter-flight-from-bern-belp-jungfrau-landing\/#breadcrumb\"},\"inLanguage\":\"en-US\",\"potentialAction\":[{\"@type\":\"ReadAction\",\"target\":[\"https:\/\/www.swissraft.ch\/en\/product\/helicopter-flight-from-bern-belp-jungfrau-landing\/\"]}]},{\"@type\":\"ImageObject\",\"inLanguage\":\"en-US\",\"@id\":\"https:\/\/www.swissraft.ch\/en\/product\/helicopter-flight-from-bern-belp-jungfrau-landing\/#primaryimage\",\"url\":\"https:\/\/www.swissraft.ch\/wp-content\/uploads\/2022\/11\/12-BERN-BELP-Landung-auf-der-Jungfrau-776x776-2.jpg\",\"contentUrl\":\"https:\/\/www.swissraft.ch\/wp-content\/uploads\/2022\/11\/12-BERN-BELP-Landung-auf-der-Jungfrau-776x776-2.jpg\",\"width\":776,\"height\":776,\"caption\":\"From Bern-Belp for a helicopter landing on the Jungfrau\"},{\"@type\":\"BreadcrumbList\",\"@id\":\"https:\/\/www.swissraft.ch\/en\/product\/helicopter-flight-from-bern-belp-jungfrau-landing\/#breadcrumb\",\"itemListElement\":[{\"@type\":\"ListItem\",\"position\":1,\"name\":\"Accueil\",\"item\":\"https:\/\/www.swissraft.ch\/en\/\"},{\"@type\":\"ListItem\",\"position\":2,\"name\":\"Store\",\"item\":\"https:\/\/www.swissraft.ch\/en\/store\/\"},{\"@type\":\"ListItem\",\"position\":3,\"name\":\"Helicopter flight from BERN-BELP &#8211; JUNGFRAU LANDING &#8211; 45 min. &#8211; From CHF 2&rsquo;060.00\"}]},{\"@type\":\"WebSite\",\"@id\":\"https:\/\/www.swissraft.ch\/en\/#website\",\"url\":\"https:\/\/www.swissraft.ch\/en\/\",\"name\":\"Swissraft\",\"description\":\"To enjoy nature as it is\",\"publisher\":{\"@id\":\"https:\/\/www.swissraft.ch\/en\/#organization\"},\"potentialAction\":[{\"@type\":\"SearchAction\",\"target\":{\"@type\":\"EntryPoint\",\"urlTemplate\":\"https:\/\/www.swissraft.ch\/en\/?s={search_term_string}\"},\"query-input\":{\"@type\":\"PropertyValueSpecification\",\"valueRequired\":true,\"valueName\":\"search_term_string\"}}],\"inLanguage\":\"en-US\"},{\"@type\":\"Organization\",\"@id\":\"https:\/\/www.swissraft.ch\/en\/#organization\",\"name\":\"Swissraft\",\"url\":\"https:\/\/www.swissraft.ch\/en\/\",\"logo\":{\"@type\":\"ImageObject\",\"inLanguage\":\"en-US\",\"@id\":\"https:\/\/www.swissraft.ch\/en\/#\/schema\/logo\/image\/\",\"url\":\"https:\/\/www.swissraft.ch\/wp-content\/uploads\/2025\/09\/Capture.jpg\",\"contentUrl\":\"https:\/\/www.swissraft.ch\/wp-content\/uploads\/2025\/09\/Capture.jpg\",\"width\":293,\"height\":108,\"caption\":\"Swissraft\"},\"image\":{\"@id\":\"https:\/\/www.swissraft.ch\/en\/#\/schema\/logo\/image\/\"}}]}<\/script>\n<!-- \/ Yoast SEO plugin. -->","yoast_head_json":{"title":"Helicopter flight Jungfrau landing from Belp. 45-minute flight.","description":"Helicopter flight Jungfrau landing from Belp. This 45-minute flight takes you to one of the roofs of Europe: the Jungfrau in the Bernese Alps.","robots":{"index":"index","follow":"follow","max-snippet":"max-snippet:-1","max-image-preview":"max-image-preview:large","max-video-preview":"max-video-preview:-1"},"canonical":"https:\/\/www.swissraft.ch\/en\/product\/helicopter-flight-from-bern-belp-jungfrau-landing\/","og_locale":"en_US","og_type":"article","og_title":"Helicopter flight Jungfrau landing from Belp. 45-minute flight.","og_description":"Helicopter flight Jungfrau landing from Belp. This 45-minute flight takes you to one of the roofs of Europe: the Jungfrau in the Bernese Alps.","og_url":"https:\/\/www.swissraft.ch\/en\/product\/helicopter-flight-from-bern-belp-jungfrau-landing\/","og_site_name":"Swissraft","article_modified_time":"2026-02-04T01:16:55+00:00","og_image":[{"width":776,"height":776,"url":"https:\/\/www.swissraft.ch\/wp-content\/uploads\/2022\/11\/12-BERN-BELP-Landung-auf-der-Jungfrau-776x776-2.jpg","type":"image\/jpeg"}],"twitter_card":"summary_large_image","twitter_misc":{"Est. reading time":"1 minute"},"schema":{"@context":"https:\/\/schema.org","@graph":[{"@type":"WebPage","@id":"https:\/\/www.swissraft.ch\/en\/product\/helicopter-flight-from-bern-belp-jungfrau-landing\/","url":"https:\/\/www.swissraft.ch\/en\/product\/helicopter-flight-from-bern-belp-jungfrau-landing\/","name":"Helicopter flight Jungfrau landing from Belp. 45-minute flight.","isPartOf":{"@id":"https:\/\/www.swissraft.ch\/en\/#website"},"primaryImageOfPage":{"@id":"https:\/\/www.swissraft.ch\/en\/product\/helicopter-flight-from-bern-belp-jungfrau-landing\/#primaryimage"},"image":{"@id":"https:\/\/www.swissraft.ch\/en\/product\/helicopter-flight-from-bern-belp-jungfrau-landing\/#primaryimage"},"thumbnailUrl":"https:\/\/www.swissraft.ch\/wp-content\/uploads\/2022\/11\/12-BERN-BELP-Landung-auf-der-Jungfrau-776x776-2.jpg","datePublished":"2022-11-23T17:13:34+00:00","dateModified":"2026-02-04T01:16:55+00:00","description":"Helicopter flight Jungfrau landing from Belp. This 45-minute flight takes you to one of the roofs of Europe: the Jungfrau in the Bernese Alps.","breadcrumb":{"@id":"https:\/\/www.swissraft.ch\/en\/product\/helicopter-flight-from-bern-belp-jungfrau-landing\/#breadcrumb"},"inLanguage":"en-US","potentialAction":[{"@type":"ReadAction","target":["https:\/\/www.swissraft.ch\/en\/product\/helicopter-flight-from-bern-belp-jungfrau-landing\/"]}]},{"@type":"ImageObject","inLanguage":"en-US","@id":"https:\/\/www.swissraft.ch\/en\/product\/helicopter-flight-from-bern-belp-jungfrau-landing\/#primaryimage","url":"https:\/\/www.swissraft.ch\/wp-content\/uploads\/2022\/11\/12-BERN-BELP-Landung-auf-der-Jungfrau-776x776-2.jpg","contentUrl":"https:\/\/www.swissraft.ch\/wp-content\/uploads\/2022\/11\/12-BERN-BELP-Landung-auf-der-Jungfrau-776x776-2.jpg","width":776,"height":776,"caption":"From Bern-Belp for a helicopter landing on the Jungfrau"},{"@type":"BreadcrumbList","@id":"https:\/\/www.swissraft.ch\/en\/product\/helicopter-flight-from-bern-belp-jungfrau-landing\/#breadcrumb","itemListElement":[{"@type":"ListItem","position":1,"name":"Accueil","item":"https:\/\/www.swissraft.ch\/en\/"},{"@type":"ListItem","position":2,"name":"Store","item":"https:\/\/www.swissraft.ch\/en\/store\/"},{"@type":"ListItem","position":3,"name":"Helicopter flight from BERN-BELP &#8211; JUNGFRAU LANDING &#8211; 45 min. &#8211; From CHF 2&rsquo;060.00"}]},{"@type":"WebSite","@id":"https:\/\/www.swissraft.ch\/en\/#website","url":"https:\/\/www.swissraft.ch\/en\/","name":"Swissraft","description":"To enjoy nature as it is","publisher":{"@id":"https:\/\/www.swissraft.ch\/en\/#organization"},"potentialAction":[{"@type":"SearchAction","target":{"@type":"EntryPoint","urlTemplate":"https:\/\/www.swissraft.ch\/en\/?s={search_term_string}"},"query-input":{"@type":"PropertyValueSpecification","valueRequired":true,"valueName":"search_term_string"}}],"inLanguage":"en-US"},{"@type":"Organization","@id":"https:\/\/www.swissraft.ch\/en\/#organization","name":"Swissraft","url":"https:\/\/www.swissraft.ch\/en\/","logo":{"@type":"ImageObject","inLanguage":"en-US","@id":"https:\/\/www.swissraft.ch\/en\/#\/schema\/logo\/image\/","url":"https:\/\/www.swissraft.ch\/wp-content\/uploads\/2025\/09\/Capture.jpg","contentUrl":"https:\/\/www.swissraft.ch\/wp-content\/uploads\/2025\/09\/Capture.jpg","width":293,"height":108,"caption":"Swissraft"},"image":{"@id":"https:\/\/www.swissraft.ch\/en\/#\/schema\/logo\/image\/"}}]}},"_links":{"self":[{"href":"https:\/\/www.swissraft.ch\/en\/wp-json\/wp\/v2\/product\/93451","targetHints":{"allow":["GET"]}}],"collection":[{"href":"https:\/\/www.swissraft.ch\/en\/wp-json\/wp\/v2\/product"}],"about":[{"href":"https:\/\/www.swissraft.ch\/en\/wp-json\/wp\/v2\/types\/product"}],"replies":[{"embeddable":true,"href":"https:\/\/www.swissraft.ch\/en\/wp-json\/wp\/v2\/comments?post=93451"}],"version-history":[{"count":16,"href":"https:\/\/www.swissraft.ch\/en\/wp-json\/wp\/v2\/product\/93451\/revisions"}],"predecessor-version":[{"id":128884,"href":"https:\/\/www.swissraft.ch\/en\/wp-json\/wp\/v2\/product\/93451\/revisions\/128884"}],"wp:featuredmedia":[{"embeddable":true,"href":"https:\/\/www.swissraft.ch\/en\/wp-json\/wp\/v2\/media\/87309"}],"wp:attachment":[{"href":"https:\/\/www.swissraft.ch\/en\/wp-json\/wp\/v2\/media?parent=93451"}],"wp:term":[{"taxonomy":"product_cat","embeddable":true,"href":"https:\/\/www.swissraft.ch\/en\/wp-json\/wp\/v2\/product_cat?post=93451"},{"taxonomy":"product_tag","embeddable":true,"href":"https:\/\/www.swissraft.ch\/en\/wp-json\/wp\/v2\/product_tag?post=93451"}],"curies":[{"name":"wp","href":"https:\/\/api.w.org\/{rel}","templated":true}]}}