{"id":93439,"date":"2022-12-11T11:27:41","date_gmt":"2022-12-11T10:27:41","guid":{"rendered":"https:\/\/swissraft.xyanzkdne.eu\/product\/helicopter-flight-from-epagny-glacier-des-diablerets-35-min-chf-1175-00\/"},"modified":"2026-02-05T04:12:56","modified_gmt":"2026-02-05T03:12:56","slug":"helicopter-flight-epagny-diablerets-glacier","status":"publish","type":"product","link":"https:\/\/www.swissraft.ch\/en\/product\/helicopter-flight-epagny-diablerets-glacier\/","title":{"rendered":"Helicopter flight from \u00c9PAGNY &#8211; THE DIABLERETS GLACIER &#8211; 35 min. &#8211; CHF 1&#8217;245.00"},"content":{"rendered":"\t\t<div data-elementor-type=\"wp-post\" data-elementor-id=\"93439\" class=\"elementor elementor-93439 elementor-29576\">\n\t\t\t\t\t\t\t\t\t<section class=\"elementor-section elementor-top-section elementor-element elementor-element-3303a7e3 elementor-section-boxed elementor-section-height-default elementor-section-height-default\" data-id=\"3303a7e3\" data-element_type=\"section\">\n\t\t\t\t\t\t<div class=\"elementor-container elementor-column-gap-default\">\n\t\t\t\t\t<div class=\"elementor-column elementor-col-100 elementor-top-column elementor-element elementor-element-16d72dbf\" data-id=\"16d72dbf\" data-element_type=\"column\">\n\t\t\t<div class=\"elementor-widget-wrap elementor-element-populated\">\n\t\t\t\t\t\t\t\t<div class=\"elementor-element elementor-element-d743c03 elementor-widget elementor-widget-text-editor\" data-id=\"d743c03\" data-element_type=\"widget\" data-widget_type=\"text-editor.default\">\n\t\t\t\t<div class=\"elementor-widget-container\">\n\t\t\t\t\t\t\t<h2>CHOOSE YOUR ACTIVITY BELOW TO OFFER GIFT VOUCHERS \/ TICKETS OR MAKE A RESERVATION<\/h2><table border=\"0\" width=\"580\" cellspacing=\"10\" cellpadding=\"10\"><tbody><tr><td width=\"50%\"><strong>THE DIABLERETS GLACIER &#8211; PRIVATE FLIGHT (1-4 pers.) &#8211; 35 min.<\/strong><\/td><td><strong>CHF 1&#8217;245<span class=\"productPrice\">.00 per private flight<\/span><\/strong><\/td><\/tr><tr><td>Futher information<\/td><td>&#8211; The helicopter is at your disposal exclusively for<br \/>&#8211; You determine the date and time of departure<br \/>&#8211; Maximum 4 pers.<\/td><\/tr><tr><td>Airfield<\/td><td><a href=\"https:\/\/www.google.com\/maps\/place\/A%C3%A9rodrome+de+la+Gruy%C3%A8re\/@46.5952055,7.0843047,1551m\/data=!3m1!1e3!4m6!3m5!1s0x478e89f722c3d039:0xd4423e0e6ea8594d!8m2!3d46.5948613!4d7.0933586!16s%2Fg%2F120t9782?entry=ttu\" target=\"_blank\" rel=\"noopener\">\u00c9pagny<\/a><\/td><\/tr><tr><td>Flying time<\/td><td>35 min.<\/td><\/tr><tr><td>Total duration<\/td><td>approx. 1 hr<\/td><\/tr><tr><td>Appointment<\/td><td>By phone<\/td><\/tr><tr><td><button class=\"elementor-button\" type=\"button\"><a href=\"https:\/\/swissraft.outdoorbooking.ch\/fo\/products\/62?base_id=125&amp;category_id=6&amp;order_type=gift_voucher&amp;lang=en\" target=\"_blank\" rel=\"noopener\">PURCHASE GIFT VOUCHER \/ TICKET<\/a><\/button><\/td><td><strong><em>IMPORTANT !<\/em><\/strong><br \/><em>To book, call the number at the top left of the gift voucher \/ ticket.<\/em><\/td><\/tr><\/tbody><\/table>\t\t\t\t\t\t<\/div>\n\t\t\t\t<\/div>\n\t\t\t\t\t<\/div>\n\t\t<\/div>\n\t\t\t\t\t\t\t<\/div>\n\t\t<\/section>\n\t\t\t\t\t\t\t<\/div>\n\t\t","protected":false},"excerpt":{"rendered":"<div align=\"justify\">\n<h2 align=\"justify\">This 35-minute flight takes you to the Diablerets glacier<\/h2>\n<h3>Departing from \u00c9pagny, this helicopter tour includes an intermediate landing on the Diablerets glacier.<\/h3>\n<\/div>\n<div align=\"justify\">\n<p>You take off by helicopter from \u00c9pagny en Gruy\u00e8re airport and head for the Cha\u00eene des Vanils. From above, you can see Lac de l&#8217;Hongrin and the Diablerets Glacier. Stop for a few minutes on this magnificent glacier before taking off again for the Sanestch Pass. Then continue your flight to Gstaad, the Gastlosen, Charmey before resting in \u00c9pagny.<\/p>\n<h3>Our extensive network of 12 heliports, 9 airfields and 2 airports enables us to offer you a wide range of helicopter tours.<\/h3>\n<p id=\"textarea\" style=\"display: none;\">\nWe also have flights from Gampel and Collombey, and from Sion in Valais. We also offer flights from the Interlaken-Gsteigwiler heliport. But also from Gstaad-Grund heliport and Saanen airfield in Saanenland. We also take off from heliports in Lauterbrunnen, Lenk-Simmental and Schattenhalb-Meiringen in the Bernese Oberland. In fact, we operate flights from Grenchen airport as well as from Berne-Belp international airport. We also operate flights from Zurich-Kloten international airport. What&#8217;s more, we take off from the Pfaffnau heliport in the canton of Lucerne. We also take off from Erstfeld in Canton Uri and from K\u00fcssnacht in Canton Schwyz. We also take off from Buttwil in Canton Aargau. We also have tours departing from Locarno and Lodrino airfields in Ticino. What&#8217;s more, we have tours in Graub\u00fcnden departing from Flims, Tavanasa and Untervaz heliports. As well as from Samedan airfield all year round in the Engadine. We also offer helicopter tours from Balzers and Sitterdorf airfield in eastern Switzerland.\n<\/p>\n<p><a id=\"seeMore\" onclick=\"toggleSeeMore()\" href=\"javascript:void(0);\">Read more<\/a><\/p>\n","protected":false},"featured_media":87423,"comment_status":"open","ping_status":"closed","template":"","meta":{"inline_featured_image":false,"_mi_skip_tracking":false},"product_cat":[394,479],"product_tag":[],"class_list":["post-93439","product","type-product","status-publish","has-post-thumbnail","hentry","product_cat-helicopter-flight","product_cat-helicopter-flight-epagny"],"yoast_head":"<!-- This site is optimized with the Yoast SEO plugin v23.6 - https:\/\/yoast.com\/wordpress\/plugins\/seo\/ -->\n<title>The Diablerets glacier by helicopter. 35-minute flight<\/title>\n<meta name=\"description\" content=\"The Diablerets Glacier from \u00c9pagny by helicopter for a 35-minute flight, with an intermediate landing on the glacier for photos.\" \/>\n<meta name=\"robots\" content=\"index, follow, max-snippet:-1, max-image-preview:large, max-video-preview:-1\" \/>\n<link rel=\"canonical\" href=\"https:\/\/www.swissraft.ch\/en\/product\/helicopter-flight-epagny-diablerets-glacier\/\" \/>\n<meta property=\"og:locale\" content=\"en_US\" \/>\n<meta property=\"og:type\" content=\"article\" \/>\n<meta property=\"og:title\" content=\"The Diablerets glacier by helicopter. 35-minute flight\" \/>\n<meta property=\"og:description\" content=\"The Diablerets Glacier from \u00c9pagny by helicopter for a 35-minute flight, with an intermediate landing on the glacier for photos.\" \/>\n<meta property=\"og:url\" content=\"https:\/\/www.swissraft.ch\/en\/product\/helicopter-flight-epagny-diablerets-glacier\/\" \/>\n<meta property=\"og:site_name\" content=\"Swissraft\" \/>\n<meta property=\"article:modified_time\" content=\"2026-02-05T03:12:56+00:00\" \/>\n<meta property=\"og:image\" content=\"https:\/\/www.swissraft.ch\/wp-content\/uploads\/2022\/12\/05-EPAGNY-Gletscher-der-Diablerets-776x776-2.jpg\" \/>\n\t<meta property=\"og:image:width\" content=\"776\" \/>\n\t<meta property=\"og:image:height\" content=\"776\" \/>\n\t<meta property=\"og:image:type\" content=\"image\/jpeg\" \/>\n<meta name=\"twitter:card\" content=\"summary_large_image\" \/>\n<meta name=\"twitter:label1\" content=\"Est. reading time\" \/>\n\t<meta name=\"twitter:data1\" content=\"1 minute\" \/>\n<script type=\"application\/ld+json\" class=\"yoast-schema-graph\">{\"@context\":\"https:\/\/schema.org\",\"@graph\":[{\"@type\":\"WebPage\",\"@id\":\"https:\/\/www.swissraft.ch\/en\/product\/helicopter-flight-epagny-diablerets-glacier\/\",\"url\":\"https:\/\/www.swissraft.ch\/en\/product\/helicopter-flight-epagny-diablerets-glacier\/\",\"name\":\"The Diablerets glacier by helicopter. 35-minute flight\",\"isPartOf\":{\"@id\":\"https:\/\/www.swissraft.ch\/en\/#website\"},\"primaryImageOfPage\":{\"@id\":\"https:\/\/www.swissraft.ch\/en\/product\/helicopter-flight-epagny-diablerets-glacier\/#primaryimage\"},\"image\":{\"@id\":\"https:\/\/www.swissraft.ch\/en\/product\/helicopter-flight-epagny-diablerets-glacier\/#primaryimage\"},\"thumbnailUrl\":\"https:\/\/www.swissraft.ch\/wp-content\/uploads\/2022\/12\/05-EPAGNY-Gletscher-der-Diablerets-776x776-2.jpg\",\"datePublished\":\"2022-12-11T10:27:41+00:00\",\"dateModified\":\"2026-02-05T03:12:56+00:00\",\"description\":\"The Diablerets Glacier from \u00c9pagny by helicopter for a 35-minute flight, with an intermediate landing on the glacier for photos.\",\"breadcrumb\":{\"@id\":\"https:\/\/www.swissraft.ch\/en\/product\/helicopter-flight-epagny-diablerets-glacier\/#breadcrumb\"},\"inLanguage\":\"en-US\",\"potentialAction\":[{\"@type\":\"ReadAction\",\"target\":[\"https:\/\/www.swissraft.ch\/en\/product\/helicopter-flight-epagny-diablerets-glacier\/\"]}]},{\"@type\":\"ImageObject\",\"inLanguage\":\"en-US\",\"@id\":\"https:\/\/www.swissraft.ch\/en\/product\/helicopter-flight-epagny-diablerets-glacier\/#primaryimage\",\"url\":\"https:\/\/www.swissraft.ch\/wp-content\/uploads\/2022\/12\/05-EPAGNY-Gletscher-der-Diablerets-776x776-2.jpg\",\"contentUrl\":\"https:\/\/www.swissraft.ch\/wp-content\/uploads\/2022\/12\/05-EPAGNY-Gletscher-der-Diablerets-776x776-2.jpg\",\"width\":776,\"height\":776,\"caption\":\"Helicopter flight from \u00c9pagny to the Diablerets glacier\"},{\"@type\":\"BreadcrumbList\",\"@id\":\"https:\/\/www.swissraft.ch\/en\/product\/helicopter-flight-epagny-diablerets-glacier\/#breadcrumb\",\"itemListElement\":[{\"@type\":\"ListItem\",\"position\":1,\"name\":\"Accueil\",\"item\":\"https:\/\/www.swissraft.ch\/en\/\"},{\"@type\":\"ListItem\",\"position\":2,\"name\":\"Store\",\"item\":\"https:\/\/www.swissraft.ch\/en\/store\/\"},{\"@type\":\"ListItem\",\"position\":3,\"name\":\"Helicopter flight from \u00c9PAGNY &#8211; THE DIABLERETS GLACIER &#8211; 35 min. &#8211; CHF 1&rsquo;245.00\"}]},{\"@type\":\"WebSite\",\"@id\":\"https:\/\/www.swissraft.ch\/en\/#website\",\"url\":\"https:\/\/www.swissraft.ch\/en\/\",\"name\":\"Swissraft\",\"description\":\"To enjoy nature as it is\",\"publisher\":{\"@id\":\"https:\/\/www.swissraft.ch\/en\/#organization\"},\"potentialAction\":[{\"@type\":\"SearchAction\",\"target\":{\"@type\":\"EntryPoint\",\"urlTemplate\":\"https:\/\/www.swissraft.ch\/en\/?s={search_term_string}\"},\"query-input\":{\"@type\":\"PropertyValueSpecification\",\"valueRequired\":true,\"valueName\":\"search_term_string\"}}],\"inLanguage\":\"en-US\"},{\"@type\":\"Organization\",\"@id\":\"https:\/\/www.swissraft.ch\/en\/#organization\",\"name\":\"Swissraft\",\"url\":\"https:\/\/www.swissraft.ch\/en\/\",\"logo\":{\"@type\":\"ImageObject\",\"inLanguage\":\"en-US\",\"@id\":\"https:\/\/www.swissraft.ch\/en\/#\/schema\/logo\/image\/\",\"url\":\"https:\/\/www.swissraft.ch\/wp-content\/uploads\/2025\/09\/Capture.jpg\",\"contentUrl\":\"https:\/\/www.swissraft.ch\/wp-content\/uploads\/2025\/09\/Capture.jpg\",\"width\":293,\"height\":108,\"caption\":\"Swissraft\"},\"image\":{\"@id\":\"https:\/\/www.swissraft.ch\/en\/#\/schema\/logo\/image\/\"}}]}<\/script>\n<!-- \/ Yoast SEO plugin. -->","yoast_head_json":{"title":"The Diablerets glacier by helicopter. 35-minute flight","description":"The Diablerets Glacier from \u00c9pagny by helicopter for a 35-minute flight, with an intermediate landing on the glacier for photos.","robots":{"index":"index","follow":"follow","max-snippet":"max-snippet:-1","max-image-preview":"max-image-preview:large","max-video-preview":"max-video-preview:-1"},"canonical":"https:\/\/www.swissraft.ch\/en\/product\/helicopter-flight-epagny-diablerets-glacier\/","og_locale":"en_US","og_type":"article","og_title":"The Diablerets glacier by helicopter. 35-minute flight","og_description":"The Diablerets Glacier from \u00c9pagny by helicopter for a 35-minute flight, with an intermediate landing on the glacier for photos.","og_url":"https:\/\/www.swissraft.ch\/en\/product\/helicopter-flight-epagny-diablerets-glacier\/","og_site_name":"Swissraft","article_modified_time":"2026-02-05T03:12:56+00:00","og_image":[{"width":776,"height":776,"url":"https:\/\/www.swissraft.ch\/wp-content\/uploads\/2022\/12\/05-EPAGNY-Gletscher-der-Diablerets-776x776-2.jpg","type":"image\/jpeg"}],"twitter_card":"summary_large_image","twitter_misc":{"Est. reading time":"1 minute"},"schema":{"@context":"https:\/\/schema.org","@graph":[{"@type":"WebPage","@id":"https:\/\/www.swissraft.ch\/en\/product\/helicopter-flight-epagny-diablerets-glacier\/","url":"https:\/\/www.swissraft.ch\/en\/product\/helicopter-flight-epagny-diablerets-glacier\/","name":"The Diablerets glacier by helicopter. 35-minute flight","isPartOf":{"@id":"https:\/\/www.swissraft.ch\/en\/#website"},"primaryImageOfPage":{"@id":"https:\/\/www.swissraft.ch\/en\/product\/helicopter-flight-epagny-diablerets-glacier\/#primaryimage"},"image":{"@id":"https:\/\/www.swissraft.ch\/en\/product\/helicopter-flight-epagny-diablerets-glacier\/#primaryimage"},"thumbnailUrl":"https:\/\/www.swissraft.ch\/wp-content\/uploads\/2022\/12\/05-EPAGNY-Gletscher-der-Diablerets-776x776-2.jpg","datePublished":"2022-12-11T10:27:41+00:00","dateModified":"2026-02-05T03:12:56+00:00","description":"The Diablerets Glacier from \u00c9pagny by helicopter for a 35-minute flight, with an intermediate landing on the glacier for photos.","breadcrumb":{"@id":"https:\/\/www.swissraft.ch\/en\/product\/helicopter-flight-epagny-diablerets-glacier\/#breadcrumb"},"inLanguage":"en-US","potentialAction":[{"@type":"ReadAction","target":["https:\/\/www.swissraft.ch\/en\/product\/helicopter-flight-epagny-diablerets-glacier\/"]}]},{"@type":"ImageObject","inLanguage":"en-US","@id":"https:\/\/www.swissraft.ch\/en\/product\/helicopter-flight-epagny-diablerets-glacier\/#primaryimage","url":"https:\/\/www.swissraft.ch\/wp-content\/uploads\/2022\/12\/05-EPAGNY-Gletscher-der-Diablerets-776x776-2.jpg","contentUrl":"https:\/\/www.swissraft.ch\/wp-content\/uploads\/2022\/12\/05-EPAGNY-Gletscher-der-Diablerets-776x776-2.jpg","width":776,"height":776,"caption":"Helicopter flight from \u00c9pagny to the Diablerets glacier"},{"@type":"BreadcrumbList","@id":"https:\/\/www.swissraft.ch\/en\/product\/helicopter-flight-epagny-diablerets-glacier\/#breadcrumb","itemListElement":[{"@type":"ListItem","position":1,"name":"Accueil","item":"https:\/\/www.swissraft.ch\/en\/"},{"@type":"ListItem","position":2,"name":"Store","item":"https:\/\/www.swissraft.ch\/en\/store\/"},{"@type":"ListItem","position":3,"name":"Helicopter flight from \u00c9PAGNY &#8211; THE DIABLERETS GLACIER &#8211; 35 min. &#8211; CHF 1&rsquo;245.00"}]},{"@type":"WebSite","@id":"https:\/\/www.swissraft.ch\/en\/#website","url":"https:\/\/www.swissraft.ch\/en\/","name":"Swissraft","description":"To enjoy nature as it is","publisher":{"@id":"https:\/\/www.swissraft.ch\/en\/#organization"},"potentialAction":[{"@type":"SearchAction","target":{"@type":"EntryPoint","urlTemplate":"https:\/\/www.swissraft.ch\/en\/?s={search_term_string}"},"query-input":{"@type":"PropertyValueSpecification","valueRequired":true,"valueName":"search_term_string"}}],"inLanguage":"en-US"},{"@type":"Organization","@id":"https:\/\/www.swissraft.ch\/en\/#organization","name":"Swissraft","url":"https:\/\/www.swissraft.ch\/en\/","logo":{"@type":"ImageObject","inLanguage":"en-US","@id":"https:\/\/www.swissraft.ch\/en\/#\/schema\/logo\/image\/","url":"https:\/\/www.swissraft.ch\/wp-content\/uploads\/2025\/09\/Capture.jpg","contentUrl":"https:\/\/www.swissraft.ch\/wp-content\/uploads\/2025\/09\/Capture.jpg","width":293,"height":108,"caption":"Swissraft"},"image":{"@id":"https:\/\/www.swissraft.ch\/en\/#\/schema\/logo\/image\/"}}]}},"_links":{"self":[{"href":"https:\/\/www.swissraft.ch\/en\/wp-json\/wp\/v2\/product\/93439","targetHints":{"allow":["GET"]}}],"collection":[{"href":"https:\/\/www.swissraft.ch\/en\/wp-json\/wp\/v2\/product"}],"about":[{"href":"https:\/\/www.swissraft.ch\/en\/wp-json\/wp\/v2\/types\/product"}],"replies":[{"embeddable":true,"href":"https:\/\/www.swissraft.ch\/en\/wp-json\/wp\/v2\/comments?post=93439"}],"version-history":[{"count":19,"href":"https:\/\/www.swissraft.ch\/en\/wp-json\/wp\/v2\/product\/93439\/revisions"}],"predecessor-version":[{"id":129202,"href":"https:\/\/www.swissraft.ch\/en\/wp-json\/wp\/v2\/product\/93439\/revisions\/129202"}],"wp:featuredmedia":[{"embeddable":true,"href":"https:\/\/www.swissraft.ch\/en\/wp-json\/wp\/v2\/media\/87423"}],"wp:attachment":[{"href":"https:\/\/www.swissraft.ch\/en\/wp-json\/wp\/v2\/media?parent=93439"}],"wp:term":[{"taxonomy":"product_cat","embeddable":true,"href":"https:\/\/www.swissraft.ch\/en\/wp-json\/wp\/v2\/product_cat?post=93439"},{"taxonomy":"product_tag","embeddable":true,"href":"https:\/\/www.swissraft.ch\/en\/wp-json\/wp\/v2\/product_tag?post=93439"}],"curies":[{"name":"wp","href":"https:\/\/api.w.org\/{rel}","templated":true}]}}