{"id":93430,"date":"2022-12-11T10:54:19","date_gmt":"2022-12-11T09:54:19","guid":{"rendered":"https:\/\/swissraft.xyanzkdne.eu\/product\/helicopter-flight-from-epagny-chateaux-et-lac-de-la-gruyere-15-min-chf-515-00\/"},"modified":"2026-02-05T03:50:22","modified_gmt":"2026-02-05T02:50:22","slug":"helicopter-flight-epagny-castles-lake-gruyere","status":"publish","type":"product","link":"https:\/\/www.swissraft.ch\/en\/product\/helicopter-flight-epagny-castles-lake-gruyere\/","title":{"rendered":"Helicopter flight from \u00c9PAGNY &#8211; CASTLES AND LAKE OF GRUY\u00c8RE &#8211; 15 min. &#8211; CHF 545.00"},"content":{"rendered":"\t\t<div data-elementor-type=\"wp-post\" data-elementor-id=\"93430\" class=\"elementor elementor-93430 elementor-29560\">\n\t\t\t\t\t\t\t\t\t<section class=\"elementor-section elementor-top-section elementor-element elementor-element-3303a7e3 elementor-section-boxed elementor-section-height-default elementor-section-height-default\" data-id=\"3303a7e3\" data-element_type=\"section\">\n\t\t\t\t\t\t<div class=\"elementor-container elementor-column-gap-default\">\n\t\t\t\t\t<div class=\"elementor-column elementor-col-100 elementor-top-column elementor-element elementor-element-16d72dbf\" data-id=\"16d72dbf\" data-element_type=\"column\">\n\t\t\t<div class=\"elementor-widget-wrap elementor-element-populated\">\n\t\t\t\t\t\t\t\t<div class=\"elementor-element elementor-element-d743c03 elementor-widget elementor-widget-text-editor\" data-id=\"d743c03\" data-element_type=\"widget\" data-widget_type=\"text-editor.default\">\n\t\t\t\t<div class=\"elementor-widget-container\">\n\t\t\t\t\t\t\t<h2>CHOOSE YOUR ACTIVITY BELOW TO OFFER GIFT VOUCHERS \/ TICKETS OR MAKE A RESERVATION<\/h2><table style=\"height: 290px;\" border=\"0\" width=\"580\" cellspacing=\"10\" cellpadding=\"10\"><tbody><tr><td width=\"50%\"><strong>CASTLES AND LAKE OF GRUY\u00c8RE &#8211; PRIVATE FLIGHT (1-4 pers) &#8211; 15 min.<\/strong><\/td><td><strong><span style=\"background-color: #ffffff;\">CHF 545.00 per private flight<\/span><\/strong><span style=\"font-weight: bold; background-color: #ffffff;\"><br \/><\/span><\/td><\/tr><tr><td>Further information<\/td><td>&#8211; The helicopter is at your disposal exclusively for<br \/>&#8211; You determine the date and time of departure<br \/>&#8211; Maximum 4 pers.<\/td><\/tr><tr><td>Airfield<\/td><td><a href=\"https:\/\/www.google.com\/maps\/place\/A%C3%A9rodrome+de+la+Gruy%C3%A8re\/@46.5952055,7.0843047,1551m\/data=!3m1!1e3!4m6!3m5!1s0x478e89f722c3d039:0xd4423e0e6ea8594d!8m2!3d46.5948613!4d7.0933586!16s%2Fg%2F120t9782?entry=ttu\" target=\"_blank\" rel=\"noopener\">\u00c9pagny<\/a><\/td><\/tr><tr><td>Flying time<\/td><td>15 min.<\/td><\/tr><tr><td>Total duration<\/td><td>approx. 45 min.<\/td><\/tr><tr><td>Appointment<\/td><td>By phone<\/td><\/tr><tr><td><button class=\"elementor-button\" type=\"button\"><a href=\"https:\/\/swissraft.outdoorbooking.ch\/fo\/products\/1837?base_id=125&amp;category_id=6&amp;order_type=gift_voucher&amp;lang=en\" target=\"_blank\" rel=\"noopener\">PURCHASE GIFT VOUCHER \/ TICKET<\/a><\/button><\/td><td><strong><em>IMPORTANT !<\/em><\/strong><br \/><em>To book, call the number at the top left of the gift voucher \/ ticket.<\/em><\/td><\/tr><\/tbody><\/table>\t\t\t\t\t\t<\/div>\n\t\t\t\t<\/div>\n\t\t\t\t\t<\/div>\n\t\t<\/div>\n\t\t\t\t\t\t\t<\/div>\n\t\t<\/section>\n\t\t\t\t\t\t\t<\/div>\n\t\t","protected":false},"excerpt":{"rendered":"<div align=\"justify\">\n<h2 align=\"justify\">Helicopter flight from \u00c9pagny over Gruy\u00e8re and its castles<\/h2>\n<h3>Depart from \u00c9pagny for a 15-minute helicopter flight, including a magnificent panorama of Lac de la Gruy\u00e8re and its famous castle.<\/h3>\n<\/div>\n<div align=\"justify\">\n<p>Departing from \u00c9pagny en Gruy\u00e8re, you fly to Bulle, Corbi\u00e8res, Botterens, Broc and its famous chocolate factory. Then you fly over the ruins on the island of Ogoz, then over the famous Gruy\u00e8re castle. The flight ends with a 15-minute landing at \u00c9pagny airport.<\/p>\n<h3>From \u00c9pagny we offer ten flights in the region and more than 150 panoramic flights in Switzerland from 23 heliports and airfields.<\/h3>\n<p id=\"textarea\" style=\"display: none;\">We also take off in Valais from Sion airport, Gampel heliport and Collombey. But also in the Bernese Oberland from Interlaken-Gsteigwiler. And from the Gstaad-Grund heliport, departing from Saanen airfield in Saanenland. We also take off in the canton of Solothurn from Grenchen and from Bern-Belp. We also take off from the heliports at Lauterbrunnen, Lenk-Simmental and Schattenhalb-Meiringen. We also have flights from Zurich-Kloten international airport. We also have flights from Pfaffnau in the canton of Lucerne. On the one hand, we take off from Erstfeld in Canton Uri, and from K\u00fcssnacht heliport in Canton Schwyz. On the other hand, we take off from Buttwil airfield in the canton of Aargau. And in the canton of Ticino, in Locarno-Magadino and Lodrino. We also operate flights from the heliports of Flims, Tavanasa and Untervaz. In fact, we take off from Samedan airfield in the Engadine all year round. What&#8217;s more, we also take off from Balzers in Liechtenstein and Sitterdorf in Canton Thurgau.\n<\/p>\n<p><a id=\"seeMore\" onclick=\"toggleSeeMore()\" href=\"javascript:void(0);\">Read more<\/a><\/p>\n","protected":false},"featured_media":85779,"comment_status":"open","ping_status":"closed","template":"","meta":{"inline_featured_image":false,"_mi_skip_tracking":false},"product_cat":[394,479],"product_tag":[],"class_list":["post-93430","product","type-product","status-publish","has-post-thumbnail","hentry","product_cat-helicopter-flight","product_cat-helicopter-flight-epagny"],"yoast_head":"<!-- This site is optimized with the Yoast SEO plugin v23.6 - https:\/\/yoast.com\/wordpress\/plugins\/seo\/ -->\n<title>Castles and lake Gruy\u00e8re helicopter flight from \u00c9pagny<\/title>\n<meta name=\"description\" content=\"Castles and lake Gruy\u00e8re helicopter flight from \u00c9pagny. A 15-minute flight over Bulle, Corbi\u00e8res, Botterens and Broc. A superb flight\" \/>\n<meta name=\"robots\" content=\"index, follow, max-snippet:-1, max-image-preview:large, max-video-preview:-1\" \/>\n<link rel=\"canonical\" href=\"https:\/\/www.swissraft.ch\/en\/product\/helicopter-flight-epagny-castles-lake-gruyere\/\" \/>\n<meta property=\"og:locale\" content=\"en_US\" \/>\n<meta property=\"og:type\" content=\"article\" \/>\n<meta property=\"og:title\" content=\"Castles and lake Gruy\u00e8re helicopter flight from \u00c9pagny\" \/>\n<meta property=\"og:description\" content=\"Castles and lake Gruy\u00e8re helicopter flight from \u00c9pagny. A 15-minute flight over Bulle, Corbi\u00e8res, Botterens and Broc. A superb flight\" \/>\n<meta property=\"og:url\" content=\"https:\/\/www.swissraft.ch\/en\/product\/helicopter-flight-epagny-castles-lake-gruyere\/\" \/>\n<meta property=\"og:site_name\" content=\"Swissraft\" \/>\n<meta property=\"article:modified_time\" content=\"2026-02-05T02:50:22+00:00\" \/>\n<meta property=\"og:image\" content=\"https:\/\/www.swissraft.ch\/wp-content\/uploads\/2022\/12\/01-EPAGNY-Schloss-und-Greyerzersee-776x776-3.jpg\" \/>\n\t<meta property=\"og:image:width\" content=\"776\" \/>\n\t<meta property=\"og:image:height\" content=\"776\" \/>\n\t<meta property=\"og:image:type\" content=\"image\/jpeg\" \/>\n<meta name=\"twitter:card\" content=\"summary_large_image\" \/>\n<meta name=\"twitter:label1\" content=\"Est. reading time\" \/>\n\t<meta name=\"twitter:data1\" content=\"1 minute\" \/>\n<script type=\"application\/ld+json\" class=\"yoast-schema-graph\">{\"@context\":\"https:\/\/schema.org\",\"@graph\":[{\"@type\":\"WebPage\",\"@id\":\"https:\/\/www.swissraft.ch\/en\/product\/helicopter-flight-epagny-castles-lake-gruyere\/\",\"url\":\"https:\/\/www.swissraft.ch\/en\/product\/helicopter-flight-epagny-castles-lake-gruyere\/\",\"name\":\"Castles and lake Gruy\u00e8re helicopter flight from \u00c9pagny\",\"isPartOf\":{\"@id\":\"https:\/\/www.swissraft.ch\/en\/#website\"},\"primaryImageOfPage\":{\"@id\":\"https:\/\/www.swissraft.ch\/en\/product\/helicopter-flight-epagny-castles-lake-gruyere\/#primaryimage\"},\"image\":{\"@id\":\"https:\/\/www.swissraft.ch\/en\/product\/helicopter-flight-epagny-castles-lake-gruyere\/#primaryimage\"},\"thumbnailUrl\":\"https:\/\/www.swissraft.ch\/wp-content\/uploads\/2022\/12\/01-EPAGNY-Schloss-und-Greyerzersee-776x776-3.jpg\",\"datePublished\":\"2022-12-11T09:54:19+00:00\",\"dateModified\":\"2026-02-05T02:50:22+00:00\",\"description\":\"Castles and lake Gruy\u00e8re helicopter flight from \u00c9pagny. A 15-minute flight over Bulle, Corbi\u00e8res, Botterens and Broc. A superb flight\",\"breadcrumb\":{\"@id\":\"https:\/\/www.swissraft.ch\/en\/product\/helicopter-flight-epagny-castles-lake-gruyere\/#breadcrumb\"},\"inLanguage\":\"en-US\",\"potentialAction\":[{\"@type\":\"ReadAction\",\"target\":[\"https:\/\/www.swissraft.ch\/en\/product\/helicopter-flight-epagny-castles-lake-gruyere\/\"]}]},{\"@type\":\"ImageObject\",\"inLanguage\":\"en-US\",\"@id\":\"https:\/\/www.swissraft.ch\/en\/product\/helicopter-flight-epagny-castles-lake-gruyere\/#primaryimage\",\"url\":\"https:\/\/www.swissraft.ch\/wp-content\/uploads\/2022\/12\/01-EPAGNY-Schloss-und-Greyerzersee-776x776-3.jpg\",\"contentUrl\":\"https:\/\/www.swissraft.ch\/wp-content\/uploads\/2022\/12\/01-EPAGNY-Schloss-und-Greyerzersee-776x776-3.jpg\",\"width\":776,\"height\":776,\"caption\":\"Ch\u00e2teaux and Lac de la Gruy\u00e8re helicopter flight from \u00c9pagny\"},{\"@type\":\"BreadcrumbList\",\"@id\":\"https:\/\/www.swissraft.ch\/en\/product\/helicopter-flight-epagny-castles-lake-gruyere\/#breadcrumb\",\"itemListElement\":[{\"@type\":\"ListItem\",\"position\":1,\"name\":\"Accueil\",\"item\":\"https:\/\/www.swissraft.ch\/en\/\"},{\"@type\":\"ListItem\",\"position\":2,\"name\":\"Store\",\"item\":\"https:\/\/www.swissraft.ch\/en\/store\/\"},{\"@type\":\"ListItem\",\"position\":3,\"name\":\"Helicopter flight from \u00c9PAGNY &#8211; CASTLES AND LAKE OF GRUY\u00c8RE &#8211; 15 min. &#8211; CHF 545.00\"}]},{\"@type\":\"WebSite\",\"@id\":\"https:\/\/www.swissraft.ch\/en\/#website\",\"url\":\"https:\/\/www.swissraft.ch\/en\/\",\"name\":\"Swissraft\",\"description\":\"To enjoy nature as it is\",\"publisher\":{\"@id\":\"https:\/\/www.swissraft.ch\/en\/#organization\"},\"potentialAction\":[{\"@type\":\"SearchAction\",\"target\":{\"@type\":\"EntryPoint\",\"urlTemplate\":\"https:\/\/www.swissraft.ch\/en\/?s={search_term_string}\"},\"query-input\":{\"@type\":\"PropertyValueSpecification\",\"valueRequired\":true,\"valueName\":\"search_term_string\"}}],\"inLanguage\":\"en-US\"},{\"@type\":\"Organization\",\"@id\":\"https:\/\/www.swissraft.ch\/en\/#organization\",\"name\":\"Swissraft\",\"url\":\"https:\/\/www.swissraft.ch\/en\/\",\"logo\":{\"@type\":\"ImageObject\",\"inLanguage\":\"en-US\",\"@id\":\"https:\/\/www.swissraft.ch\/en\/#\/schema\/logo\/image\/\",\"url\":\"https:\/\/www.swissraft.ch\/wp-content\/uploads\/2025\/09\/Capture.jpg\",\"contentUrl\":\"https:\/\/www.swissraft.ch\/wp-content\/uploads\/2025\/09\/Capture.jpg\",\"width\":293,\"height\":108,\"caption\":\"Swissraft\"},\"image\":{\"@id\":\"https:\/\/www.swissraft.ch\/en\/#\/schema\/logo\/image\/\"}}]}<\/script>\n<!-- \/ Yoast SEO plugin. -->","yoast_head_json":{"title":"Castles and lake Gruy\u00e8re helicopter flight from \u00c9pagny","description":"Castles and lake Gruy\u00e8re helicopter flight from \u00c9pagny. A 15-minute flight over Bulle, Corbi\u00e8res, Botterens and Broc. A superb flight","robots":{"index":"index","follow":"follow","max-snippet":"max-snippet:-1","max-image-preview":"max-image-preview:large","max-video-preview":"max-video-preview:-1"},"canonical":"https:\/\/www.swissraft.ch\/en\/product\/helicopter-flight-epagny-castles-lake-gruyere\/","og_locale":"en_US","og_type":"article","og_title":"Castles and lake Gruy\u00e8re helicopter flight from \u00c9pagny","og_description":"Castles and lake Gruy\u00e8re helicopter flight from \u00c9pagny. A 15-minute flight over Bulle, Corbi\u00e8res, Botterens and Broc. A superb flight","og_url":"https:\/\/www.swissraft.ch\/en\/product\/helicopter-flight-epagny-castles-lake-gruyere\/","og_site_name":"Swissraft","article_modified_time":"2026-02-05T02:50:22+00:00","og_image":[{"width":776,"height":776,"url":"https:\/\/www.swissraft.ch\/wp-content\/uploads\/2022\/12\/01-EPAGNY-Schloss-und-Greyerzersee-776x776-3.jpg","type":"image\/jpeg"}],"twitter_card":"summary_large_image","twitter_misc":{"Est. reading time":"1 minute"},"schema":{"@context":"https:\/\/schema.org","@graph":[{"@type":"WebPage","@id":"https:\/\/www.swissraft.ch\/en\/product\/helicopter-flight-epagny-castles-lake-gruyere\/","url":"https:\/\/www.swissraft.ch\/en\/product\/helicopter-flight-epagny-castles-lake-gruyere\/","name":"Castles and lake Gruy\u00e8re helicopter flight from \u00c9pagny","isPartOf":{"@id":"https:\/\/www.swissraft.ch\/en\/#website"},"primaryImageOfPage":{"@id":"https:\/\/www.swissraft.ch\/en\/product\/helicopter-flight-epagny-castles-lake-gruyere\/#primaryimage"},"image":{"@id":"https:\/\/www.swissraft.ch\/en\/product\/helicopter-flight-epagny-castles-lake-gruyere\/#primaryimage"},"thumbnailUrl":"https:\/\/www.swissraft.ch\/wp-content\/uploads\/2022\/12\/01-EPAGNY-Schloss-und-Greyerzersee-776x776-3.jpg","datePublished":"2022-12-11T09:54:19+00:00","dateModified":"2026-02-05T02:50:22+00:00","description":"Castles and lake Gruy\u00e8re helicopter flight from \u00c9pagny. A 15-minute flight over Bulle, Corbi\u00e8res, Botterens and Broc. A superb flight","breadcrumb":{"@id":"https:\/\/www.swissraft.ch\/en\/product\/helicopter-flight-epagny-castles-lake-gruyere\/#breadcrumb"},"inLanguage":"en-US","potentialAction":[{"@type":"ReadAction","target":["https:\/\/www.swissraft.ch\/en\/product\/helicopter-flight-epagny-castles-lake-gruyere\/"]}]},{"@type":"ImageObject","inLanguage":"en-US","@id":"https:\/\/www.swissraft.ch\/en\/product\/helicopter-flight-epagny-castles-lake-gruyere\/#primaryimage","url":"https:\/\/www.swissraft.ch\/wp-content\/uploads\/2022\/12\/01-EPAGNY-Schloss-und-Greyerzersee-776x776-3.jpg","contentUrl":"https:\/\/www.swissraft.ch\/wp-content\/uploads\/2022\/12\/01-EPAGNY-Schloss-und-Greyerzersee-776x776-3.jpg","width":776,"height":776,"caption":"Ch\u00e2teaux and Lac de la Gruy\u00e8re helicopter flight from \u00c9pagny"},{"@type":"BreadcrumbList","@id":"https:\/\/www.swissraft.ch\/en\/product\/helicopter-flight-epagny-castles-lake-gruyere\/#breadcrumb","itemListElement":[{"@type":"ListItem","position":1,"name":"Accueil","item":"https:\/\/www.swissraft.ch\/en\/"},{"@type":"ListItem","position":2,"name":"Store","item":"https:\/\/www.swissraft.ch\/en\/store\/"},{"@type":"ListItem","position":3,"name":"Helicopter flight from \u00c9PAGNY &#8211; CASTLES AND LAKE OF GRUY\u00c8RE &#8211; 15 min. &#8211; CHF 545.00"}]},{"@type":"WebSite","@id":"https:\/\/www.swissraft.ch\/en\/#website","url":"https:\/\/www.swissraft.ch\/en\/","name":"Swissraft","description":"To enjoy nature as it is","publisher":{"@id":"https:\/\/www.swissraft.ch\/en\/#organization"},"potentialAction":[{"@type":"SearchAction","target":{"@type":"EntryPoint","urlTemplate":"https:\/\/www.swissraft.ch\/en\/?s={search_term_string}"},"query-input":{"@type":"PropertyValueSpecification","valueRequired":true,"valueName":"search_term_string"}}],"inLanguage":"en-US"},{"@type":"Organization","@id":"https:\/\/www.swissraft.ch\/en\/#organization","name":"Swissraft","url":"https:\/\/www.swissraft.ch\/en\/","logo":{"@type":"ImageObject","inLanguage":"en-US","@id":"https:\/\/www.swissraft.ch\/en\/#\/schema\/logo\/image\/","url":"https:\/\/www.swissraft.ch\/wp-content\/uploads\/2025\/09\/Capture.jpg","contentUrl":"https:\/\/www.swissraft.ch\/wp-content\/uploads\/2025\/09\/Capture.jpg","width":293,"height":108,"caption":"Swissraft"},"image":{"@id":"https:\/\/www.swissraft.ch\/en\/#\/schema\/logo\/image\/"}}]}},"_links":{"self":[{"href":"https:\/\/www.swissraft.ch\/en\/wp-json\/wp\/v2\/product\/93430","targetHints":{"allow":["GET"]}}],"collection":[{"href":"https:\/\/www.swissraft.ch\/en\/wp-json\/wp\/v2\/product"}],"about":[{"href":"https:\/\/www.swissraft.ch\/en\/wp-json\/wp\/v2\/types\/product"}],"replies":[{"embeddable":true,"href":"https:\/\/www.swissraft.ch\/en\/wp-json\/wp\/v2\/comments?post=93430"}],"version-history":[{"count":12,"href":"https:\/\/www.swissraft.ch\/en\/wp-json\/wp\/v2\/product\/93430\/revisions"}],"predecessor-version":[{"id":129166,"href":"https:\/\/www.swissraft.ch\/en\/wp-json\/wp\/v2\/product\/93430\/revisions\/129166"}],"wp:featuredmedia":[{"embeddable":true,"href":"https:\/\/www.swissraft.ch\/en\/wp-json\/wp\/v2\/media\/85779"}],"wp:attachment":[{"href":"https:\/\/www.swissraft.ch\/en\/wp-json\/wp\/v2\/media?parent=93430"}],"wp:term":[{"taxonomy":"product_cat","embeddable":true,"href":"https:\/\/www.swissraft.ch\/en\/wp-json\/wp\/v2\/product_cat?post=93430"},{"taxonomy":"product_tag","embeddable":true,"href":"https:\/\/www.swissraft.ch\/en\/wp-json\/wp\/v2\/product_tag?post=93430"}],"curies":[{"name":"wp","href":"https:\/\/api.w.org\/{rel}","templated":true}]}}