{"id":93390,"date":"2022-12-10T15:04:45","date_gmt":"2022-12-10T14:04:45","guid":{"rendered":"https:\/\/swissraft.xyanzkdne.eu\/product\/helicopter-flight-from-gstaad-grund-eiger-monch-jungfrau-40-min-chf-1950-00\/"},"modified":"2024-11-19T21:58:37","modified_gmt":"2024-11-19T20:58:37","slug":"helicopter-flight-from-gstaad-grund-eiger-monch-jungfrau-40-min-chf-1950-00","status":"publish","type":"product","link":"https:\/\/www.swissraft.ch\/en\/product\/helicopter-flight-from-gstaad-grund-eiger-monch-jungfrau-40-min-chf-1950-00\/","title":{"rendered":"Helicopter flight from GSTAAD-GRUND &#8211; EIGER-M\u00d6NCH-JUNGFRAU &#8211; 40 min. &#8211; CHF 1&#8217;950.00"},"content":{"rendered":"\t\t<div data-elementor-type=\"wp-post\" data-elementor-id=\"93390\" class=\"elementor elementor-93390 elementor-29469\">\n\t\t\t\t\t\t\t\t\t<section class=\"elementor-section elementor-top-section elementor-element elementor-element-3303a7e3 elementor-section-boxed elementor-section-height-default elementor-section-height-default\" data-id=\"3303a7e3\" data-element_type=\"section\">\n\t\t\t\t\t\t<div class=\"elementor-container elementor-column-gap-default\">\n\t\t\t\t\t<div class=\"elementor-column elementor-col-100 elementor-top-column elementor-element elementor-element-16d72dbf\" data-id=\"16d72dbf\" data-element_type=\"column\">\n\t\t\t<div class=\"elementor-widget-wrap elementor-element-populated\">\n\t\t\t\t\t\t\t\t<div class=\"elementor-element elementor-element-d743c03 elementor-widget elementor-widget-text-editor\" data-id=\"d743c03\" data-element_type=\"widget\" data-widget_type=\"text-editor.default\">\n\t\t\t\t<div class=\"elementor-widget-container\">\n\t\t\t\t\t\t\t<h2>CHOOSE YOUR ACTIVITY BELOW TO OFFER GIFT VOUCHERS \/ TICKETS OR MAKE A RESERVATION<\/h2>\n<table style=\"height: 290px;\" border=\"0\" width=\"580\" cellspacing=\"10\" cellpadding=\"10\">\n<tbody>\n<tr>\n<td width=\"50%\"><strong>EIGER-M\u00d6NCH-JUNGFRAU &#8211; PRIVATE FLIGHT (1-5 pers.) &#8211; 40 min.<\/strong><\/td>\n<td><span style=\"font-weight: bold; background-color: #ffffff;\">CHF 1&#8217;950.00 per private flight<br \/><\/span><\/td>\n<\/tr>\n<tr>\n<td>Additional information<\/td>\n<td>&#8211; The helicopter is at your disposal exclusively for<br \/>&#8211; You determine the date and time of departure<br \/>&#8211; Maximum 5 people.<\/td>\n<\/tr>\n<tr>\n<td>Heliport<\/td>\n<td><a href=\"https:\/\/www.google.com\/maps\/place\/46%C2%B025'43.8%22N+7%C2%B016'14.8%22E\/@46.4289323,7.2660634,778m\/data=!3m1!1e3!4m4!3m3!8m2!3d46.4288333!4d7.2707778?entry=ttu\" target=\"_blank\" rel=\"noopener\">Gstaad-Grund<\/a><\/td>\n<\/tr>\n<tr>\n<td>Flying time<\/td>\n<td>40 min.<\/td>\n<\/tr>\n<tr>\n<td>Total duration<\/td>\n<td>approx. 1h15<\/td>\n<\/tr>\n<tr>\n<td>Rendez-vous<\/td>\n<td>Par t\u00e9l\u00e9phone<\/td>\n<\/tr>\n<tr>\n<td><button class=\"elementor-button\" type=\"button\"><a href=\"https:\/\/swissraft.outdoorbooking.ch\/fo\/products\/67?base_id=12&amp;category_id=6&amp;order_type=gift_voucher&amp;lang=en\" target=\"_blank\" rel=\"noopener\">GIFT VOUCHER<\/a><\/button><\/td>\n<td>To make a reservation <span class=\"patt\" style=\"font-family: inherit; font-size: inherit;\"><span class=\"plbl\"><span class=\"patt\"><a href=\"https:\/\/www.swissraft.ch\/en\/contact\/\">contact us<\/a><\/span><\/span><\/span><\/td>\n<\/tr>\n<\/tbody>\n<\/table>\n\t\t\t\t\t\t<\/div>\n\t\t\t\t<\/div>\n\t\t\t\t\t<\/div>\n\t\t<\/div>\n\t\t\t\t\t\t\t<\/div>\n\t\t<\/section>\n\t\t\t\t\t\t\t<\/div>\n\t\t","protected":false},"excerpt":{"rendered":"<div align=\"justify\">\n<h2 align=\"justify\">A 40-minute flight over the Jungfraujoch and Eiger massif from Gstaad-Grund<\/h2>\n<h3>A helicopter flight over the Jungfraujoch and the Eiger from Gstaad-Grund is an experience you won&#8217;t regret.<\/h3>\n<\/div>\n<div align=\"justify\">\n<p>Depart from the Gstaad-Grund heliport for an impressive helicopter flight over the 4158m-high Jungfraujoch massif and the Eiger! Flight schedule: Lenk &#8211; Adelboden &#8211; Kandersteg &#8211; Bl\u00fcemlisalp &#8211; Schilthorn &#8211; Kleine Scheidegg &#8211; Eiger North Face &#8211; Mittellegih\u00fctte &#8211; M\u00f6nchsjoch &#8211; Jungfraujoch &#8211; Rottal &#8211; Gasteretal &#8211; Engstligenalp &#8211; Wildstrubel &#8211; Lauenen and return to Gstaad Grund heliport.<\/p>\n<h3>Our helicopters depart from numerous heliports and airfields and are available for tours of your choice or \u00e0 la carte.<\/h3>\n<p id=\"textarea\" style=\"display: none;\">\nWe also take off from Interlaken-Gsteigwiler and Saanen in Saanenland. And from the heliports at Lauterbrunnen, Lenk-Simmental and Schattenhalb-Meiringen. We also take off from Collombey, Gampel and Sion in Valais. We also take off from \u00c9pagny en Gruy\u00e8re in the canton of Fribourg. But also in the canton of Uri from the Erstfeld heliport and from Pfaffnau near Lucerne. We also offer flights from Buttwil airfield in Aargau. But also Grenchen airfield in the canton of Solothurn, and Bern-Belp airport. Helicopter sightseeing flights from Zurich-Kloten international airport. The same applies to K\u00fcssnacht in Canton Schwyz. But also in Graub\u00fcnden from St. Gallen. St. Moritz in winter and Samedan airport in the Engadine. We also offer helicopter flights from Flims, Tavanasa and Untervaz in Graub\u00fcnden. In addition, tourist flights to Ticino from Locarno and Lodrino airfields. We also take off from Balzers in Liechtenstein and from Sitterdorf airfield in Thurgau.\n<\/p>\n<p><a id=\"seeMore\" onclick=\"toggleSeeMore()\" href=\"javascript:void(0);\">Read more<\/a><\/p>\n","protected":false},"featured_media":86082,"comment_status":"open","ping_status":"closed","template":"","meta":{"inline_featured_image":false,"_mi_skip_tracking":false},"product_cat":[394,576],"product_tag":[],"class_list":["post-93390","product","type-product","status-publish","has-post-thumbnail","hentry","product_cat-helicopter-flight","product_cat-gstaad-grund-helicopter-flight"],"yoast_head":"<!-- This site is optimized with the Yoast SEO plugin v23.6 - https:\/\/yoast.com\/wordpress\/plugins\/seo\/ -->\n<title>Eiger-M\u00f6nch-Jungfrau helicopter flight from Gstaad-Grund<\/title>\n<meta name=\"description\" content=\"Eiger-M\u00f6nch-Jungfrau flight from Gstaad-grund by helicopter for a magnificent 40-minute flight around the Eiger massif.\" \/>\n<meta name=\"robots\" content=\"index, follow, max-snippet:-1, max-image-preview:large, max-video-preview:-1\" \/>\n<link rel=\"canonical\" href=\"https:\/\/www.swissraft.ch\/en\/product\/helicopter-flight-from-gstaad-grund-eiger-monch-jungfrau-40-min-chf-1950-00\/\" \/>\n<meta property=\"og:locale\" content=\"en_US\" \/>\n<meta property=\"og:type\" content=\"article\" \/>\n<meta property=\"og:title\" content=\"Eiger-M\u00f6nch-Jungfrau helicopter flight from Gstaad-Grund\" \/>\n<meta property=\"og:description\" content=\"Eiger-M\u00f6nch-Jungfrau flight from Gstaad-grund by helicopter for a magnificent 40-minute flight around the Eiger massif.\" \/>\n<meta property=\"og:url\" content=\"https:\/\/www.swissraft.ch\/en\/product\/helicopter-flight-from-gstaad-grund-eiger-monch-jungfrau-40-min-chf-1950-00\/\" \/>\n<meta property=\"og:site_name\" content=\"Swissraft\" \/>\n<meta property=\"article:modified_time\" content=\"2024-11-19T20:58:37+00:00\" \/>\n<meta property=\"og:image\" content=\"https:\/\/www.swissraft.ch\/wp-content\/uploads\/2022\/12\/3-GSTAAD-GRUND-Eiger-Monch-Jungfrau-776x776-2.jpg\" \/>\n\t<meta property=\"og:image:width\" content=\"776\" \/>\n\t<meta property=\"og:image:height\" content=\"776\" \/>\n\t<meta property=\"og:image:type\" content=\"image\/jpeg\" \/>\n<meta name=\"twitter:card\" content=\"summary_large_image\" \/>\n<script type=\"application\/ld+json\" class=\"yoast-schema-graph\">{\"@context\":\"https:\/\/schema.org\",\"@graph\":[{\"@type\":\"WebPage\",\"@id\":\"https:\/\/www.swissraft.ch\/en\/product\/helicopter-flight-from-gstaad-grund-eiger-monch-jungfrau-40-min-chf-1950-00\/\",\"url\":\"https:\/\/www.swissraft.ch\/en\/product\/helicopter-flight-from-gstaad-grund-eiger-monch-jungfrau-40-min-chf-1950-00\/\",\"name\":\"Eiger-M\u00f6nch-Jungfrau helicopter flight from Gstaad-Grund\",\"isPartOf\":{\"@id\":\"https:\/\/www.swissraft.ch\/en\/#website\"},\"primaryImageOfPage\":{\"@id\":\"https:\/\/www.swissraft.ch\/en\/product\/helicopter-flight-from-gstaad-grund-eiger-monch-jungfrau-40-min-chf-1950-00\/#primaryimage\"},\"image\":{\"@id\":\"https:\/\/www.swissraft.ch\/en\/product\/helicopter-flight-from-gstaad-grund-eiger-monch-jungfrau-40-min-chf-1950-00\/#primaryimage\"},\"thumbnailUrl\":\"https:\/\/www.swissraft.ch\/wp-content\/uploads\/2022\/12\/3-GSTAAD-GRUND-Eiger-Monch-Jungfrau-776x776-2.jpg\",\"datePublished\":\"2022-12-10T14:04:45+00:00\",\"dateModified\":\"2024-11-19T20:58:37+00:00\",\"description\":\"Eiger-M\u00f6nch-Jungfrau flight from Gstaad-grund by helicopter for a magnificent 40-minute flight around the Eiger massif.\",\"breadcrumb\":{\"@id\":\"https:\/\/www.swissraft.ch\/en\/product\/helicopter-flight-from-gstaad-grund-eiger-monch-jungfrau-40-min-chf-1950-00\/#breadcrumb\"},\"inLanguage\":\"en-US\",\"potentialAction\":[{\"@type\":\"ReadAction\",\"target\":[\"https:\/\/www.swissraft.ch\/en\/product\/helicopter-flight-from-gstaad-grund-eiger-monch-jungfrau-40-min-chf-1950-00\/\"]}]},{\"@type\":\"ImageObject\",\"inLanguage\":\"en-US\",\"@id\":\"https:\/\/www.swissraft.ch\/en\/product\/helicopter-flight-from-gstaad-grund-eiger-monch-jungfrau-40-min-chf-1950-00\/#primaryimage\",\"url\":\"https:\/\/www.swissraft.ch\/wp-content\/uploads\/2022\/12\/3-GSTAAD-GRUND-Eiger-Monch-Jungfrau-776x776-2.jpg\",\"contentUrl\":\"https:\/\/www.swissraft.ch\/wp-content\/uploads\/2022\/12\/3-GSTAAD-GRUND-Eiger-Monch-Jungfrau-776x776-2.jpg\",\"width\":776,\"height\":776,\"caption\":\"Eiger-M\u00f6nch-Jungfrau helicopter flight from Gstaad-Grund\"},{\"@type\":\"BreadcrumbList\",\"@id\":\"https:\/\/www.swissraft.ch\/en\/product\/helicopter-flight-from-gstaad-grund-eiger-monch-jungfrau-40-min-chf-1950-00\/#breadcrumb\",\"itemListElement\":[{\"@type\":\"ListItem\",\"position\":1,\"name\":\"Accueil\",\"item\":\"https:\/\/www.swissraft.ch\/en\/\"},{\"@type\":\"ListItem\",\"position\":2,\"name\":\"Store\",\"item\":\"https:\/\/www.swissraft.ch\/en\/store\/\"},{\"@type\":\"ListItem\",\"position\":3,\"name\":\"Helicopter flight from GSTAAD-GRUND &#8211; EIGER-M\u00d6NCH-JUNGFRAU &#8211; 40 min. &#8211; CHF 1&rsquo;950.00\"}]},{\"@type\":\"WebSite\",\"@id\":\"https:\/\/www.swissraft.ch\/en\/#website\",\"url\":\"https:\/\/www.swissraft.ch\/en\/\",\"name\":\"Swissraft\",\"description\":\"To enjoy nature as it is\",\"publisher\":{\"@id\":\"https:\/\/www.swissraft.ch\/en\/#organization\"},\"potentialAction\":[{\"@type\":\"SearchAction\",\"target\":{\"@type\":\"EntryPoint\",\"urlTemplate\":\"https:\/\/www.swissraft.ch\/en\/?s={search_term_string}\"},\"query-input\":{\"@type\":\"PropertyValueSpecification\",\"valueRequired\":true,\"valueName\":\"search_term_string\"}}],\"inLanguage\":\"en-US\"},{\"@type\":\"Organization\",\"@id\":\"https:\/\/www.swissraft.ch\/en\/#organization\",\"name\":\"Swissraft\",\"url\":\"https:\/\/www.swissraft.ch\/en\/\",\"logo\":{\"@type\":\"ImageObject\",\"inLanguage\":\"en-US\",\"@id\":\"https:\/\/www.swissraft.ch\/en\/#\/schema\/logo\/image\/\",\"url\":\"https:\/\/www.swissraft.ch\/wp-content\/uploads\/2025\/09\/Capture.jpg\",\"contentUrl\":\"https:\/\/www.swissraft.ch\/wp-content\/uploads\/2025\/09\/Capture.jpg\",\"width\":293,\"height\":108,\"caption\":\"Swissraft\"},\"image\":{\"@id\":\"https:\/\/www.swissraft.ch\/en\/#\/schema\/logo\/image\/\"}}]}<\/script>\n<!-- \/ Yoast SEO plugin. -->","yoast_head_json":{"title":"Eiger-M\u00f6nch-Jungfrau helicopter flight from Gstaad-Grund","description":"Eiger-M\u00f6nch-Jungfrau flight from Gstaad-grund by helicopter for a magnificent 40-minute flight around the Eiger massif.","robots":{"index":"index","follow":"follow","max-snippet":"max-snippet:-1","max-image-preview":"max-image-preview:large","max-video-preview":"max-video-preview:-1"},"canonical":"https:\/\/www.swissraft.ch\/en\/product\/helicopter-flight-from-gstaad-grund-eiger-monch-jungfrau-40-min-chf-1950-00\/","og_locale":"en_US","og_type":"article","og_title":"Eiger-M\u00f6nch-Jungfrau helicopter flight from Gstaad-Grund","og_description":"Eiger-M\u00f6nch-Jungfrau flight from Gstaad-grund by helicopter for a magnificent 40-minute flight around the Eiger massif.","og_url":"https:\/\/www.swissraft.ch\/en\/product\/helicopter-flight-from-gstaad-grund-eiger-monch-jungfrau-40-min-chf-1950-00\/","og_site_name":"Swissraft","article_modified_time":"2024-11-19T20:58:37+00:00","og_image":[{"width":776,"height":776,"url":"https:\/\/www.swissraft.ch\/wp-content\/uploads\/2022\/12\/3-GSTAAD-GRUND-Eiger-Monch-Jungfrau-776x776-2.jpg","type":"image\/jpeg"}],"twitter_card":"summary_large_image","schema":{"@context":"https:\/\/schema.org","@graph":[{"@type":"WebPage","@id":"https:\/\/www.swissraft.ch\/en\/product\/helicopter-flight-from-gstaad-grund-eiger-monch-jungfrau-40-min-chf-1950-00\/","url":"https:\/\/www.swissraft.ch\/en\/product\/helicopter-flight-from-gstaad-grund-eiger-monch-jungfrau-40-min-chf-1950-00\/","name":"Eiger-M\u00f6nch-Jungfrau helicopter flight from Gstaad-Grund","isPartOf":{"@id":"https:\/\/www.swissraft.ch\/en\/#website"},"primaryImageOfPage":{"@id":"https:\/\/www.swissraft.ch\/en\/product\/helicopter-flight-from-gstaad-grund-eiger-monch-jungfrau-40-min-chf-1950-00\/#primaryimage"},"image":{"@id":"https:\/\/www.swissraft.ch\/en\/product\/helicopter-flight-from-gstaad-grund-eiger-monch-jungfrau-40-min-chf-1950-00\/#primaryimage"},"thumbnailUrl":"https:\/\/www.swissraft.ch\/wp-content\/uploads\/2022\/12\/3-GSTAAD-GRUND-Eiger-Monch-Jungfrau-776x776-2.jpg","datePublished":"2022-12-10T14:04:45+00:00","dateModified":"2024-11-19T20:58:37+00:00","description":"Eiger-M\u00f6nch-Jungfrau flight from Gstaad-grund by helicopter for a magnificent 40-minute flight around the Eiger massif.","breadcrumb":{"@id":"https:\/\/www.swissraft.ch\/en\/product\/helicopter-flight-from-gstaad-grund-eiger-monch-jungfrau-40-min-chf-1950-00\/#breadcrumb"},"inLanguage":"en-US","potentialAction":[{"@type":"ReadAction","target":["https:\/\/www.swissraft.ch\/en\/product\/helicopter-flight-from-gstaad-grund-eiger-monch-jungfrau-40-min-chf-1950-00\/"]}]},{"@type":"ImageObject","inLanguage":"en-US","@id":"https:\/\/www.swissraft.ch\/en\/product\/helicopter-flight-from-gstaad-grund-eiger-monch-jungfrau-40-min-chf-1950-00\/#primaryimage","url":"https:\/\/www.swissraft.ch\/wp-content\/uploads\/2022\/12\/3-GSTAAD-GRUND-Eiger-Monch-Jungfrau-776x776-2.jpg","contentUrl":"https:\/\/www.swissraft.ch\/wp-content\/uploads\/2022\/12\/3-GSTAAD-GRUND-Eiger-Monch-Jungfrau-776x776-2.jpg","width":776,"height":776,"caption":"Eiger-M\u00f6nch-Jungfrau helicopter flight from Gstaad-Grund"},{"@type":"BreadcrumbList","@id":"https:\/\/www.swissraft.ch\/en\/product\/helicopter-flight-from-gstaad-grund-eiger-monch-jungfrau-40-min-chf-1950-00\/#breadcrumb","itemListElement":[{"@type":"ListItem","position":1,"name":"Accueil","item":"https:\/\/www.swissraft.ch\/en\/"},{"@type":"ListItem","position":2,"name":"Store","item":"https:\/\/www.swissraft.ch\/en\/store\/"},{"@type":"ListItem","position":3,"name":"Helicopter flight from GSTAAD-GRUND &#8211; EIGER-M\u00d6NCH-JUNGFRAU &#8211; 40 min. &#8211; CHF 1&rsquo;950.00"}]},{"@type":"WebSite","@id":"https:\/\/www.swissraft.ch\/en\/#website","url":"https:\/\/www.swissraft.ch\/en\/","name":"Swissraft","description":"To enjoy nature as it is","publisher":{"@id":"https:\/\/www.swissraft.ch\/en\/#organization"},"potentialAction":[{"@type":"SearchAction","target":{"@type":"EntryPoint","urlTemplate":"https:\/\/www.swissraft.ch\/en\/?s={search_term_string}"},"query-input":{"@type":"PropertyValueSpecification","valueRequired":true,"valueName":"search_term_string"}}],"inLanguage":"en-US"},{"@type":"Organization","@id":"https:\/\/www.swissraft.ch\/en\/#organization","name":"Swissraft","url":"https:\/\/www.swissraft.ch\/en\/","logo":{"@type":"ImageObject","inLanguage":"en-US","@id":"https:\/\/www.swissraft.ch\/en\/#\/schema\/logo\/image\/","url":"https:\/\/www.swissraft.ch\/wp-content\/uploads\/2025\/09\/Capture.jpg","contentUrl":"https:\/\/www.swissraft.ch\/wp-content\/uploads\/2025\/09\/Capture.jpg","width":293,"height":108,"caption":"Swissraft"},"image":{"@id":"https:\/\/www.swissraft.ch\/en\/#\/schema\/logo\/image\/"}}]}},"_links":{"self":[{"href":"https:\/\/www.swissraft.ch\/en\/wp-json\/wp\/v2\/product\/93390","targetHints":{"allow":["GET"]}}],"collection":[{"href":"https:\/\/www.swissraft.ch\/en\/wp-json\/wp\/v2\/product"}],"about":[{"href":"https:\/\/www.swissraft.ch\/en\/wp-json\/wp\/v2\/types\/product"}],"replies":[{"embeddable":true,"href":"https:\/\/www.swissraft.ch\/en\/wp-json\/wp\/v2\/comments?post=93390"}],"version-history":[{"count":0,"href":"https:\/\/www.swissraft.ch\/en\/wp-json\/wp\/v2\/product\/93390\/revisions"}],"wp:featuredmedia":[{"embeddable":true,"href":"https:\/\/www.swissraft.ch\/en\/wp-json\/wp\/v2\/media\/86082"}],"wp:attachment":[{"href":"https:\/\/www.swissraft.ch\/en\/wp-json\/wp\/v2\/media?parent=93390"}],"wp:term":[{"taxonomy":"product_cat","embeddable":true,"href":"https:\/\/www.swissraft.ch\/en\/wp-json\/wp\/v2\/product_cat?post=93390"},{"taxonomy":"product_tag","embeddable":true,"href":"https:\/\/www.swissraft.ch\/en\/wp-json\/wp\/v2\/product_tag?post=93390"}],"curies":[{"name":"wp","href":"https:\/\/api.w.org\/{rel}","templated":true}]}}