{"id":93363,"date":"2022-12-21T17:40:32","date_gmt":"2022-12-21T16:40:32","guid":{"rendered":"https:\/\/swissraft.xyanzkdne.eu\/product\/helicopter-flight-from-balzers-alps-and-glacier-pose-50-min-from-chf-359-00\/"},"modified":"2024-11-19T21:51:55","modified_gmt":"2024-11-19T20:51:55","slug":"helicopter-flight-from-balzers-alps-and-glacier-pose-50-min-from-chf-359-00","status":"publish","type":"product","link":"https:\/\/www.swissraft.ch\/en\/product\/helicopter-flight-from-balzers-alps-and-glacier-pose-50-min-from-chf-359-00\/","title":{"rendered":"Helicopter flight from BALZERS &#8211; ALPS AND GLACIER POSE &#8211; 50 min. &#8211; From CHF 359.00"},"content":{"rendered":"\t\t<div data-elementor-type=\"wp-post\" data-elementor-id=\"93363\" class=\"elementor elementor-93363 elementor-29830\">\n\t\t\t\t\t\t\t\t\t<section class=\"elementor-section elementor-top-section elementor-element elementor-element-3303a7e3 elementor-section-boxed elementor-section-height-default elementor-section-height-default\" data-id=\"3303a7e3\" data-element_type=\"section\">\n\t\t\t\t\t\t<div class=\"elementor-container elementor-column-gap-default\">\n\t\t\t\t\t<div class=\"elementor-column elementor-col-100 elementor-top-column elementor-element elementor-element-16d72dbf\" data-id=\"16d72dbf\" data-element_type=\"column\">\n\t\t\t<div class=\"elementor-widget-wrap elementor-element-populated\">\n\t\t\t\t\t\t\t\t<div class=\"elementor-element elementor-element-d743c03 elementor-widget elementor-widget-text-editor\" data-id=\"d743c03\" data-element_type=\"widget\" data-widget_type=\"text-editor.default\">\n\t\t\t\t<div class=\"elementor-widget-container\">\n\t\t\t\t\t\t\t<h2>CHOOSE YOUR ACTIVITY BELOW TO OFFER GIFT VOUCHERS \/ TICKETS OR MAKE A RESERVATION<\/h2>\n<table border=\"0\" width=\"580\" cellspacing=\"10\" cellpadding=\"10\">\n<tbody>\n<tr>\n<td width=\"50%\"><strong>ALPES AND GLACIER POSE (1-4 pers.) &#8211; 50 min.<\/strong><\/td>\n<td><strong>From CHF 359.00 per person<span class=\"productPrice\"><br \/><\/span><\/strong><\/td>\n<\/tr>\n<tr>\n<td>Additional information<\/td>\n<td>&#8211; You will be with other passengers<br \/>&#8211; Private flight for groups of 3 or more.<\/td>\n<\/tr>\n<tr>\n<td>Heliport<\/td>\n<td><a href=\"https:\/\/www.google.com\/maps\/place\/47%C2%B004'05.9%22N+9%C2%B028'54.3%22E\/@47.0684676,9.4773295,769m\/data=!3m1!1e3!4m4!3m3!8m2!3d47.0683056!4d9.48175?entry=ttu\" target=\"_blank\" rel=\"noopener\">Balzers<\/a><\/td>\n<\/tr>\n<tr>\n<td>Flying time<\/td>\n<td>50 min.<\/td>\n<\/tr>\n<tr>\n<td>Dur\u00e9e totale<\/td>\n<td>env. 1h45<\/td>\n<\/tr>\n<tr>\n<td>Rendez-vous<\/td>\n<td>Par t\u00e9l\u00e9phone<\/td>\n<\/tr>\n<tr>\n<td><button class=\"elementor-button\" type=\"button\"><a href=\"https:\/\/swissraft.outdoorbooking.ch\/fo\/products\/1048?base_id=180&amp;category_id=6&amp;order_type=gift_voucher&amp;lang=en\" target=\"_blank\" rel=\"noopener\">GIFT VOUCHER<\/a><\/button><\/td>\n<td><strong>CHF 359.00 per person<\/strong><\/td>\n<\/tr>\n<tr>\n<td><button class=\"elementor-button\" type=\"button\"><a href=\"https:\/\/swissraft.outdoorbooking.ch\/fo\/products\/1049?base_id=182&amp;category_id=6&amp;order_type=gift_voucher&amp;lang=en\" target=\"_blank\" rel=\"noopener\">GIFT VOUCHER<\/a><\/button><\/td>\n<td><strong>CHF 1&#8217;059.00 &#8211; private flight (1-3 pers.)<\/strong><\/td>\n<\/tr>\n<tr>\n<td><button class=\"elementor-button\" type=\"button\"><a href=\"https:\/\/swissraft.outdoorbooking.ch\/fo\/products\/1051?base_id=184&amp;category_id=6&amp;order_type=gift_voucher&amp;lang=en\" target=\"_blank\" rel=\"noopener\">GIFT VOUCHER<\/a><\/button><\/td>\n<td><strong>CHF 1&#8217;436.00 &#8211; private flight (4 pers.)<\/strong><\/td>\n<\/tr>\n<tr>\n<td> <\/td>\n<td>Pour r\u00e9server <span class=\"patt\" style=\"font-family: inherit; font-size: inherit;\"><span class=\"plbl\"><span class=\"patt\"><a href=\"https:\/\/www.swissraft.ch\/en\/contact\/\">contactez-nous<\/a><\/span><\/span><\/span><\/td>\n<\/tr>\n<\/tbody>\n<\/table>\n\t\t\t\t\t\t<\/div>\n\t\t\t\t<\/div>\n\t\t\t\t\t<\/div>\n\t\t<\/div>\n\t\t\t\t\t\t\t<\/div>\n\t\t<\/section>\n\t\t\t\t\t\t\t<\/div>\n\t\t","protected":false},"excerpt":{"rendered":"<div align=\"justify\">\n<h2 align=\"justify\">This 50-minute helicopter flight takes you to the heart of the Swiss Alps.<\/h2>\n<h3>This tour includes a landing on a glacier at an altitude of almost 3,000 m; don&#8217;t forget your camera!<\/h3>\n<\/div>\n<div align=\"justify\">\n<p>Departing from Balzers, we fly towards the Glarus Alps and land on a glacier. You&#8217;ll have all the time you need to take splendid photos. On the way back, we pass over the dam at Lake Limmer, then the Sardona Geopark. We also see the Martinsloch at approx. 2600 m and the Tschingelhorn&#8230; Emotion guaranteed!<\/p>\n<h3>Swissraft wants everyone to be able to enjoy a helicopter flight, and offers rates to suit your budget. More than 150 flight proposals on our website <\/h3>\n<p id=\"textarea\" style=\"display: none;\">\nWe fly out of St. Moritz heliport. St. Moritz in winter and Samedan airfield all year round. Then we fly from the heliports of Untervaz, Flims and Tavanasa in Graub\u00fcnden. We also fly into Thurgau from Sitterdorf airfield. As well as flights from Zurich-Kloten International Airport and Bern-Belp International Airport. We also take off from Gstaad-Grund heliport and Saanen airfield in Gstaad-Saanenland. But also from the heliports at Lenk-Simmental, Schattenhalb-Meiringen, Interlaken-Gsteigwiler and Lauterbrunnen. We also operate flights from Pfaffnau in Canton Lucerne and from Erstfeld in Canton Uri. We also offer flights from Buttwil in the canton of Aargau. We also operate flights from K\u00fcssnacht in Canton Schwyz and Grenchen in Canton Solothurn. We also offer sightseeing tours of the Gruy\u00e8re region from \u00c9pagny airfield in the canton of Fribourg. But also in Valais, from Collombey and Gampel heliports and Sion airport. In addition, we take off from Locarno and Lodrino airfields in Ticino for beautiful aerial tours.\n<\/p>\n<p><a id=\"seeMore\" onclick=\"toggleSeeMore()\" href=\"javascript:void(0);\">Read more<\/a><\/p>\n","protected":false},"featured_media":86619,"comment_status":"open","ping_status":"closed","template":"","meta":{"inline_featured_image":false,"_mi_skip_tracking":false},"product_cat":[394,411],"product_tag":[],"class_list":["post-93363","product","type-product","status-publish","has-post-thumbnail","hentry","product_cat-helicopter-flight","product_cat-helicopter-balzers"],"yoast_head":"<!-- This site is optimized with the Yoast SEO plugin v23.6 - https:\/\/yoast.com\/wordpress\/plugins\/seo\/ -->\n<title>Alps and glacier landing by helicopter from Balzers<\/title>\n<meta name=\"description\" content=\"Alps and glacier landing by helicopter from Balzers. This 50-minute flight takes you through the Glarus Alps. Emotion guaranteed during the flight\" \/>\n<meta name=\"robots\" content=\"index, follow, max-snippet:-1, max-image-preview:large, max-video-preview:-1\" \/>\n<link rel=\"canonical\" href=\"https:\/\/www.swissraft.ch\/en\/product\/helicopter-flight-from-balzers-alps-and-glacier-pose-50-min-from-chf-359-00\/\" \/>\n<meta property=\"og:locale\" content=\"en_US\" \/>\n<meta property=\"og:type\" content=\"article\" \/>\n<meta property=\"og:title\" content=\"Alps and glacier landing by helicopter from Balzers\" \/>\n<meta property=\"og:description\" content=\"Alps and glacier landing by helicopter from Balzers. This 50-minute flight takes you through the Glarus Alps. Emotion guaranteed during the flight\" \/>\n<meta property=\"og:url\" content=\"https:\/\/www.swissraft.ch\/en\/product\/helicopter-flight-from-balzers-alps-and-glacier-pose-50-min-from-chf-359-00\/\" \/>\n<meta property=\"og:site_name\" content=\"Swissraft\" \/>\n<meta property=\"article:modified_time\" content=\"2024-11-19T20:51:55+00:00\" \/>\n<meta property=\"og:image\" content=\"https:\/\/www.swissraft.ch\/wp-content\/uploads\/2022\/12\/06-SARGANS-BALZERS-Alpenrundflug-mit-Gletscherlandung-776x776-2.jpg\" \/>\n\t<meta property=\"og:image:width\" content=\"776\" \/>\n\t<meta property=\"og:image:height\" content=\"776\" \/>\n\t<meta property=\"og:image:type\" content=\"image\/jpeg\" \/>\n<meta name=\"twitter:card\" content=\"summary_large_image\" \/>\n<script type=\"application\/ld+json\" class=\"yoast-schema-graph\">{\"@context\":\"https:\/\/schema.org\",\"@graph\":[{\"@type\":\"WebPage\",\"@id\":\"https:\/\/www.swissraft.ch\/en\/product\/helicopter-flight-from-balzers-alps-and-glacier-pose-50-min-from-chf-359-00\/\",\"url\":\"https:\/\/www.swissraft.ch\/en\/product\/helicopter-flight-from-balzers-alps-and-glacier-pose-50-min-from-chf-359-00\/\",\"name\":\"Alps and glacier landing by helicopter from Balzers\",\"isPartOf\":{\"@id\":\"https:\/\/www.swissraft.ch\/en\/#website\"},\"primaryImageOfPage\":{\"@id\":\"https:\/\/www.swissraft.ch\/en\/product\/helicopter-flight-from-balzers-alps-and-glacier-pose-50-min-from-chf-359-00\/#primaryimage\"},\"image\":{\"@id\":\"https:\/\/www.swissraft.ch\/en\/product\/helicopter-flight-from-balzers-alps-and-glacier-pose-50-min-from-chf-359-00\/#primaryimage\"},\"thumbnailUrl\":\"https:\/\/www.swissraft.ch\/wp-content\/uploads\/2022\/12\/06-SARGANS-BALZERS-Alpenrundflug-mit-Gletscherlandung-776x776-2.jpg\",\"datePublished\":\"2022-12-21T16:40:32+00:00\",\"dateModified\":\"2024-11-19T20:51:55+00:00\",\"description\":\"Alps and glacier landing by helicopter from Balzers. This 50-minute flight takes you through the Glarus Alps. Emotion guaranteed during the flight\",\"breadcrumb\":{\"@id\":\"https:\/\/www.swissraft.ch\/en\/product\/helicopter-flight-from-balzers-alps-and-glacier-pose-50-min-from-chf-359-00\/#breadcrumb\"},\"inLanguage\":\"en-US\",\"potentialAction\":[{\"@type\":\"ReadAction\",\"target\":[\"https:\/\/www.swissraft.ch\/en\/product\/helicopter-flight-from-balzers-alps-and-glacier-pose-50-min-from-chf-359-00\/\"]}]},{\"@type\":\"ImageObject\",\"inLanguage\":\"en-US\",\"@id\":\"https:\/\/www.swissraft.ch\/en\/product\/helicopter-flight-from-balzers-alps-and-glacier-pose-50-min-from-chf-359-00\/#primaryimage\",\"url\":\"https:\/\/www.swissraft.ch\/wp-content\/uploads\/2022\/12\/06-SARGANS-BALZERS-Alpenrundflug-mit-Gletscherlandung-776x776-2.jpg\",\"contentUrl\":\"https:\/\/www.swissraft.ch\/wp-content\/uploads\/2022\/12\/06-SARGANS-BALZERS-Alpenrundflug-mit-Gletscherlandung-776x776-2.jpg\",\"width\":776,\"height\":776,\"caption\":\"Alps and glacier landing from Balzers by helicopter\"},{\"@type\":\"BreadcrumbList\",\"@id\":\"https:\/\/www.swissraft.ch\/en\/product\/helicopter-flight-from-balzers-alps-and-glacier-pose-50-min-from-chf-359-00\/#breadcrumb\",\"itemListElement\":[{\"@type\":\"ListItem\",\"position\":1,\"name\":\"Accueil\",\"item\":\"https:\/\/www.swissraft.ch\/en\/\"},{\"@type\":\"ListItem\",\"position\":2,\"name\":\"Store\",\"item\":\"https:\/\/www.swissraft.ch\/en\/store\/\"},{\"@type\":\"ListItem\",\"position\":3,\"name\":\"Helicopter flight from BALZERS &#8211; ALPS AND GLACIER POSE &#8211; 50 min. &#8211; From CHF 359.00\"}]},{\"@type\":\"WebSite\",\"@id\":\"https:\/\/www.swissraft.ch\/en\/#website\",\"url\":\"https:\/\/www.swissraft.ch\/en\/\",\"name\":\"Swissraft\",\"description\":\"To enjoy nature as it is\",\"publisher\":{\"@id\":\"https:\/\/www.swissraft.ch\/en\/#organization\"},\"potentialAction\":[{\"@type\":\"SearchAction\",\"target\":{\"@type\":\"EntryPoint\",\"urlTemplate\":\"https:\/\/www.swissraft.ch\/en\/?s={search_term_string}\"},\"query-input\":{\"@type\":\"PropertyValueSpecification\",\"valueRequired\":true,\"valueName\":\"search_term_string\"}}],\"inLanguage\":\"en-US\"},{\"@type\":\"Organization\",\"@id\":\"https:\/\/www.swissraft.ch\/en\/#organization\",\"name\":\"Swissraft\",\"url\":\"https:\/\/www.swissraft.ch\/en\/\",\"logo\":{\"@type\":\"ImageObject\",\"inLanguage\":\"en-US\",\"@id\":\"https:\/\/www.swissraft.ch\/en\/#\/schema\/logo\/image\/\",\"url\":\"https:\/\/www.swissraft.ch\/wp-content\/uploads\/2025\/09\/Capture.jpg\",\"contentUrl\":\"https:\/\/www.swissraft.ch\/wp-content\/uploads\/2025\/09\/Capture.jpg\",\"width\":293,\"height\":108,\"caption\":\"Swissraft\"},\"image\":{\"@id\":\"https:\/\/www.swissraft.ch\/en\/#\/schema\/logo\/image\/\"}}]}<\/script>\n<!-- \/ Yoast SEO plugin. -->","yoast_head_json":{"title":"Alps and glacier landing by helicopter from Balzers","description":"Alps and glacier landing by helicopter from Balzers. This 50-minute flight takes you through the Glarus Alps. Emotion guaranteed during the flight","robots":{"index":"index","follow":"follow","max-snippet":"max-snippet:-1","max-image-preview":"max-image-preview:large","max-video-preview":"max-video-preview:-1"},"canonical":"https:\/\/www.swissraft.ch\/en\/product\/helicopter-flight-from-balzers-alps-and-glacier-pose-50-min-from-chf-359-00\/","og_locale":"en_US","og_type":"article","og_title":"Alps and glacier landing by helicopter from Balzers","og_description":"Alps and glacier landing by helicopter from Balzers. This 50-minute flight takes you through the Glarus Alps. Emotion guaranteed during the flight","og_url":"https:\/\/www.swissraft.ch\/en\/product\/helicopter-flight-from-balzers-alps-and-glacier-pose-50-min-from-chf-359-00\/","og_site_name":"Swissraft","article_modified_time":"2024-11-19T20:51:55+00:00","og_image":[{"width":776,"height":776,"url":"https:\/\/www.swissraft.ch\/wp-content\/uploads\/2022\/12\/06-SARGANS-BALZERS-Alpenrundflug-mit-Gletscherlandung-776x776-2.jpg","type":"image\/jpeg"}],"twitter_card":"summary_large_image","schema":{"@context":"https:\/\/schema.org","@graph":[{"@type":"WebPage","@id":"https:\/\/www.swissraft.ch\/en\/product\/helicopter-flight-from-balzers-alps-and-glacier-pose-50-min-from-chf-359-00\/","url":"https:\/\/www.swissraft.ch\/en\/product\/helicopter-flight-from-balzers-alps-and-glacier-pose-50-min-from-chf-359-00\/","name":"Alps and glacier landing by helicopter from Balzers","isPartOf":{"@id":"https:\/\/www.swissraft.ch\/en\/#website"},"primaryImageOfPage":{"@id":"https:\/\/www.swissraft.ch\/en\/product\/helicopter-flight-from-balzers-alps-and-glacier-pose-50-min-from-chf-359-00\/#primaryimage"},"image":{"@id":"https:\/\/www.swissraft.ch\/en\/product\/helicopter-flight-from-balzers-alps-and-glacier-pose-50-min-from-chf-359-00\/#primaryimage"},"thumbnailUrl":"https:\/\/www.swissraft.ch\/wp-content\/uploads\/2022\/12\/06-SARGANS-BALZERS-Alpenrundflug-mit-Gletscherlandung-776x776-2.jpg","datePublished":"2022-12-21T16:40:32+00:00","dateModified":"2024-11-19T20:51:55+00:00","description":"Alps and glacier landing by helicopter from Balzers. This 50-minute flight takes you through the Glarus Alps. Emotion guaranteed during the flight","breadcrumb":{"@id":"https:\/\/www.swissraft.ch\/en\/product\/helicopter-flight-from-balzers-alps-and-glacier-pose-50-min-from-chf-359-00\/#breadcrumb"},"inLanguage":"en-US","potentialAction":[{"@type":"ReadAction","target":["https:\/\/www.swissraft.ch\/en\/product\/helicopter-flight-from-balzers-alps-and-glacier-pose-50-min-from-chf-359-00\/"]}]},{"@type":"ImageObject","inLanguage":"en-US","@id":"https:\/\/www.swissraft.ch\/en\/product\/helicopter-flight-from-balzers-alps-and-glacier-pose-50-min-from-chf-359-00\/#primaryimage","url":"https:\/\/www.swissraft.ch\/wp-content\/uploads\/2022\/12\/06-SARGANS-BALZERS-Alpenrundflug-mit-Gletscherlandung-776x776-2.jpg","contentUrl":"https:\/\/www.swissraft.ch\/wp-content\/uploads\/2022\/12\/06-SARGANS-BALZERS-Alpenrundflug-mit-Gletscherlandung-776x776-2.jpg","width":776,"height":776,"caption":"Alps and glacier landing from Balzers by helicopter"},{"@type":"BreadcrumbList","@id":"https:\/\/www.swissraft.ch\/en\/product\/helicopter-flight-from-balzers-alps-and-glacier-pose-50-min-from-chf-359-00\/#breadcrumb","itemListElement":[{"@type":"ListItem","position":1,"name":"Accueil","item":"https:\/\/www.swissraft.ch\/en\/"},{"@type":"ListItem","position":2,"name":"Store","item":"https:\/\/www.swissraft.ch\/en\/store\/"},{"@type":"ListItem","position":3,"name":"Helicopter flight from BALZERS &#8211; ALPS AND GLACIER POSE &#8211; 50 min. &#8211; From CHF 359.00"}]},{"@type":"WebSite","@id":"https:\/\/www.swissraft.ch\/en\/#website","url":"https:\/\/www.swissraft.ch\/en\/","name":"Swissraft","description":"To enjoy nature as it is","publisher":{"@id":"https:\/\/www.swissraft.ch\/en\/#organization"},"potentialAction":[{"@type":"SearchAction","target":{"@type":"EntryPoint","urlTemplate":"https:\/\/www.swissraft.ch\/en\/?s={search_term_string}"},"query-input":{"@type":"PropertyValueSpecification","valueRequired":true,"valueName":"search_term_string"}}],"inLanguage":"en-US"},{"@type":"Organization","@id":"https:\/\/www.swissraft.ch\/en\/#organization","name":"Swissraft","url":"https:\/\/www.swissraft.ch\/en\/","logo":{"@type":"ImageObject","inLanguage":"en-US","@id":"https:\/\/www.swissraft.ch\/en\/#\/schema\/logo\/image\/","url":"https:\/\/www.swissraft.ch\/wp-content\/uploads\/2025\/09\/Capture.jpg","contentUrl":"https:\/\/www.swissraft.ch\/wp-content\/uploads\/2025\/09\/Capture.jpg","width":293,"height":108,"caption":"Swissraft"},"image":{"@id":"https:\/\/www.swissraft.ch\/en\/#\/schema\/logo\/image\/"}}]}},"_links":{"self":[{"href":"https:\/\/www.swissraft.ch\/en\/wp-json\/wp\/v2\/product\/93363","targetHints":{"allow":["GET"]}}],"collection":[{"href":"https:\/\/www.swissraft.ch\/en\/wp-json\/wp\/v2\/product"}],"about":[{"href":"https:\/\/www.swissraft.ch\/en\/wp-json\/wp\/v2\/types\/product"}],"replies":[{"embeddable":true,"href":"https:\/\/www.swissraft.ch\/en\/wp-json\/wp\/v2\/comments?post=93363"}],"version-history":[{"count":0,"href":"https:\/\/www.swissraft.ch\/en\/wp-json\/wp\/v2\/product\/93363\/revisions"}],"wp:featuredmedia":[{"embeddable":true,"href":"https:\/\/www.swissraft.ch\/en\/wp-json\/wp\/v2\/media\/86619"}],"wp:attachment":[{"href":"https:\/\/www.swissraft.ch\/en\/wp-json\/wp\/v2\/media?parent=93363"}],"wp:term":[{"taxonomy":"product_cat","embeddable":true,"href":"https:\/\/www.swissraft.ch\/en\/wp-json\/wp\/v2\/product_cat?post=93363"},{"taxonomy":"product_tag","embeddable":true,"href":"https:\/\/www.swissraft.ch\/en\/wp-json\/wp\/v2\/product_tag?post=93363"}],"curies":[{"name":"wp","href":"https:\/\/api.w.org\/{rel}","templated":true}]}}