{"id":93350,"date":"2022-12-21T17:47:14","date_gmt":"2022-12-21T16:47:14","guid":{"rendered":"https:\/\/swissraft.xyanzkdne.eu\/product\/helicopter-flight-from-balzers-landing-on-the-burgenstock-70-min-from-chf-1425-00\/"},"modified":"2024-11-19T21:52:08","modified_gmt":"2024-11-19T20:52:08","slug":"helicopter-flight-from-balzers-landing-on-the-burgenstock-70-min-from-chf-1425-00","status":"publish","type":"product","link":"https:\/\/www.swissraft.ch\/en\/product\/helicopter-flight-from-balzers-landing-on-the-burgenstock-70-min-from-chf-1425-00\/","title":{"rendered":"Helicopter flight from BALZERS &#8211; LANDING ON THE B\u00dcRGENSTOCK &#8211; 70 min. &#8211; From CHF 1&#8217;425.00"},"content":{"rendered":"\t\t<div data-elementor-type=\"wp-post\" data-elementor-id=\"93350\" class=\"elementor elementor-93350 elementor-29837\">\n\t\t\t\t\t\t\t\t\t<section class=\"elementor-section elementor-top-section elementor-element elementor-element-3303a7e3 elementor-section-boxed elementor-section-height-default elementor-section-height-default\" data-id=\"3303a7e3\" data-element_type=\"section\">\n\t\t\t\t\t\t<div class=\"elementor-container elementor-column-gap-default\">\n\t\t\t\t\t<div class=\"elementor-column elementor-col-100 elementor-top-column elementor-element elementor-element-16d72dbf\" data-id=\"16d72dbf\" data-element_type=\"column\">\n\t\t\t<div class=\"elementor-widget-wrap elementor-element-populated\">\n\t\t\t\t\t\t\t\t<div class=\"elementor-element elementor-element-d743c03 elementor-widget elementor-widget-text-editor\" data-id=\"d743c03\" data-element_type=\"widget\" data-widget_type=\"text-editor.default\">\n\t\t\t\t<div class=\"elementor-widget-container\">\n\t\t\t\t\t\t\t<h2>CHOOSE YOUR ACTIVITY BELOW TO OFFER GIFT VOUCHERS \/ TICKETS OR MAKE A RESERVATION<\/h2>\n<table border=\"0\" width=\"580\" cellspacing=\"10\" cellpadding=\"10\">\n<tbody>\n<tr>\n<td width=\"50%\"><strong>LANDING ON THE B\u00dcRGENSTOCK &#8211; <\/strong><strong>PRIVATE FLIGHT (1-4 pers.) &#8211; 70 min.<\/strong><\/td>\n<td><strong>From CHF 1&#8217;425.00 per private flight<span class=\"productPrice\"><br \/><\/span><\/strong><\/td>\n<\/tr>\n<tr>\n<td>Additional information<\/td>\n<td>&#8211; The helicopter is at your disposal exclusively for<br \/>&#8211; You determine the date and time of departure<br \/>&#8211; Maximum 4 people.<br \/>&#8211; Meals and drinks not included.<\/td>\n<\/tr>\n<tr>\n<td>Heliport<\/td>\n<td><a href=\"https:\/\/www.google.com\/maps\/place\/47%C2%B004'05.9%22N+9%C2%B028'54.3%22E\/@47.0684676,9.4773295,769m\/data=!3m1!1e3!4m4!3m3!8m2!3d47.0683056!4d9.48175?entry=ttu\" target=\"_blank\" rel=\"noopener\">Balzers<\/a><\/td>\n<\/tr>\n<tr>\n<td>Flying time<\/td>\n<td>70 min.<\/td>\n<\/tr>\n<tr>\n<td>Total duration<\/td>\n<td>approx. 3h<\/td>\n<\/tr>\n<tr>\n<td>Rendez-vous<\/td>\n<td>Par t\u00e9l\u00e9phone<\/td>\n<\/tr>\n<tr>\n<td><button class=\"elementor-button\" type=\"button\"><a href=\"https:\/\/swissraft.outdoorbooking.ch\/fo\/products\/1058?base_id=183&amp;category_id=6&amp;order_type=gift_voucher&amp;lang=en\" target=\"_blank\" rel=\"noopener\">GIFT VOUCHER<\/a><\/button><\/td>\n<td><strong>CHF 1&#8217;425.00 &#8211; private flight (1-3 pers.)<\/strong><\/td>\n<\/tr>\n<tr>\n<td><button class=\"elementor-button\" type=\"button\"><a href=\"https:\/\/swissraft.outdoorbooking.ch\/fo\/products\/1057?base_id=184&amp;category_id=6&amp;order_type=gift_voucher&amp;lang=en\" target=\"_blank\" rel=\"noopener\">GIFT VOUCHER<\/a><\/button><\/td>\n<td><strong>CHF 1&#8217;900.00 &#8211; private flight (4 pers.)<\/strong><\/td>\n<\/tr>\n<tr>\n<td> <\/td>\n<td>Pour r\u00e9server <span class=\"patt\" style=\"font-family: inherit; font-size: inherit;\"><span class=\"plbl\"><span class=\"patt\"><a href=\"https:\/\/www.swissraft.ch\/en\/contact\/\">contactez-nous<\/a><\/span><\/span><\/span><\/td>\n<\/tr>\n<\/tbody>\n<\/table>\n\t\t\t\t\t\t<\/div>\n\t\t\t\t<\/div>\n\t\t\t\t\t<\/div>\n\t\t<\/div>\n\t\t\t\t\t\t\t<\/div>\n\t\t<\/section>\n\t\t\t\t\t\t\t<\/div>\n\t\t","protected":false},"excerpt":{"rendered":"<div align=\"justify\">\n<h2 align=\"justify\">Head for Central Switzerland on a 70-minute helicopter flight<\/h2>\n<h3>Departing from Balzers, the flight includes a landing on the famous B\u00fcrgenstock.<\/h3>\n<\/div>\n<p>From Balzers we fly over the Walensee and then along the Rautispitz towards Lake W\u00e4gital. Then on to the Euthal valley and Lake Sihl near Einsiedeln. You then head for the Rigi and the city of Lucerne. Along the Pilatus and then the B\u00fcrgenstock, where you make an intermediate landing. You can take a culinary break if you like. Then the return flight continues to the R\u00fctliwiese via the Fronalpstock, with a magnificent view of the Brunnen and Mythen mountains. You then head for the Muota Valley, the land of lakes and caves. Finally, you fly over Kl\u00f6ntal lake, Flumserberg, Sargans and back to the Balzers heliport.<\/p>\n<h3>Swissraft offers over 150 flights. Give us a call and we&#8217;ll be happy to advise you. <\/h3>\n<p id=\"textarea\" style=\"display: none;\">\nWe take off from Samedan airfield all year round, and from St. Moritz heliport all year round. St. Moritz only in winter. As well as the heliports of Tavanasa, Flims and Untervaz all year round. We also take off from Sitterdorf airfield in Thurgau. We also operate flights from Zurich-Kloten and Bern-Belp international airports. But also flights from Saanen aerodrome and from Gstaad-Grund heliport in Gstaad-Saanenland. We also offer flights from the heliports of Lenk-Simmental, Schattenhalb-Meiringen, Interlaken-Gsteigwiler and Lauterbrunnen. Also in Canton Lucerne from Pfaffnau and from Erstfeld in Canton Uri.<br \/>\nWe also offer tours departing from Buttwil in Canton Aargau. As well as tours departing from K\u00fcssnacht in Canton Schwyz and Grenchen in Canton Solothurn. Then we have tours from \u00c9pagny en Gruy\u00e8re. And in Valais, from Sion airport and Collombey and Gampel heliports.<br \/>\nWe are also present in Ticino, offering flights from Locarno and Lodrino airfields.\n<\/p>\n<p><a id=\"seeMore\" onclick=\"toggleSeeMore()\" href=\"javascript:void(0);\">Read more<\/a><\/p>\n","protected":false},"featured_media":86715,"comment_status":"open","ping_status":"closed","template":"","meta":{"inline_featured_image":false,"_mi_skip_tracking":false},"product_cat":[394,411],"product_tag":[],"class_list":["post-93350","product","type-product","status-publish","has-post-thumbnail","hentry","product_cat-helicopter-flight","product_cat-helicopter-balzers"],"yoast_head":"<!-- This site is optimized with the Yoast SEO plugin v23.6 - https:\/\/yoast.com\/wordpress\/plugins\/seo\/ -->\n<title>Helicopter landing on B\u00fcrgenstock from Balzers<\/title>\n<meta name=\"description\" content=\"Helicopter landing on the B\u00fcrgenstock from Balzers. This 70-minute helicopter flight will take your breath away.\" \/>\n<meta name=\"robots\" content=\"index, follow, max-snippet:-1, max-image-preview:large, max-video-preview:-1\" \/>\n<link rel=\"canonical\" href=\"https:\/\/www.swissraft.ch\/en\/product\/helicopter-flight-from-balzers-landing-on-the-burgenstock-70-min-from-chf-1425-00\/\" \/>\n<meta property=\"og:locale\" content=\"en_US\" \/>\n<meta property=\"og:type\" content=\"article\" \/>\n<meta property=\"og:title\" content=\"Helicopter landing on B\u00fcrgenstock from Balzers\" \/>\n<meta property=\"og:description\" content=\"Helicopter landing on the B\u00fcrgenstock from Balzers. This 70-minute helicopter flight will take your breath away.\" \/>\n<meta property=\"og:url\" content=\"https:\/\/www.swissraft.ch\/en\/product\/helicopter-flight-from-balzers-landing-on-the-burgenstock-70-min-from-chf-1425-00\/\" \/>\n<meta property=\"og:site_name\" content=\"Swissraft\" \/>\n<meta property=\"article:modified_time\" content=\"2024-11-19T20:52:08+00:00\" \/>\n<meta property=\"og:image\" content=\"https:\/\/www.swissraft.ch\/wp-content\/uploads\/2022\/12\/08-SARGANS-BALZERS-Innerschweiz-Zwischenlandung-776x776-4.jpg\" \/>\n\t<meta property=\"og:image:width\" content=\"776\" \/>\n\t<meta property=\"og:image:height\" content=\"776\" \/>\n\t<meta property=\"og:image:type\" content=\"image\/jpeg\" \/>\n<meta name=\"twitter:card\" content=\"summary_large_image\" \/>\n<script type=\"application\/ld+json\" class=\"yoast-schema-graph\">{\"@context\":\"https:\/\/schema.org\",\"@graph\":[{\"@type\":\"WebPage\",\"@id\":\"https:\/\/www.swissraft.ch\/en\/product\/helicopter-flight-from-balzers-landing-on-the-burgenstock-70-min-from-chf-1425-00\/\",\"url\":\"https:\/\/www.swissraft.ch\/en\/product\/helicopter-flight-from-balzers-landing-on-the-burgenstock-70-min-from-chf-1425-00\/\",\"name\":\"Helicopter landing on B\u00fcrgenstock from Balzers\",\"isPartOf\":{\"@id\":\"https:\/\/www.swissraft.ch\/en\/#website\"},\"primaryImageOfPage\":{\"@id\":\"https:\/\/www.swissraft.ch\/en\/product\/helicopter-flight-from-balzers-landing-on-the-burgenstock-70-min-from-chf-1425-00\/#primaryimage\"},\"image\":{\"@id\":\"https:\/\/www.swissraft.ch\/en\/product\/helicopter-flight-from-balzers-landing-on-the-burgenstock-70-min-from-chf-1425-00\/#primaryimage\"},\"thumbnailUrl\":\"https:\/\/www.swissraft.ch\/wp-content\/uploads\/2022\/12\/08-SARGANS-BALZERS-Innerschweiz-Zwischenlandung-776x776-4.jpg\",\"datePublished\":\"2022-12-21T16:47:14+00:00\",\"dateModified\":\"2024-11-19T20:52:08+00:00\",\"description\":\"Helicopter landing on the B\u00fcrgenstock from Balzers. This 70-minute helicopter flight will take your breath away.\",\"breadcrumb\":{\"@id\":\"https:\/\/www.swissraft.ch\/en\/product\/helicopter-flight-from-balzers-landing-on-the-burgenstock-70-min-from-chf-1425-00\/#breadcrumb\"},\"inLanguage\":\"en-US\",\"potentialAction\":[{\"@type\":\"ReadAction\",\"target\":[\"https:\/\/www.swissraft.ch\/en\/product\/helicopter-flight-from-balzers-landing-on-the-burgenstock-70-min-from-chf-1425-00\/\"]}]},{\"@type\":\"ImageObject\",\"inLanguage\":\"en-US\",\"@id\":\"https:\/\/www.swissraft.ch\/en\/product\/helicopter-flight-from-balzers-landing-on-the-burgenstock-70-min-from-chf-1425-00\/#primaryimage\",\"url\":\"https:\/\/www.swissraft.ch\/wp-content\/uploads\/2022\/12\/08-SARGANS-BALZERS-Innerschweiz-Zwischenlandung-776x776-4.jpg\",\"contentUrl\":\"https:\/\/www.swissraft.ch\/wp-content\/uploads\/2022\/12\/08-SARGANS-BALZERS-Innerschweiz-Zwischenlandung-776x776-4.jpg\",\"width\":776,\"height\":776,\"caption\":\"From Balzers to Central Switzerland and a helicopter landing on B\u00fcrgenstock\"},{\"@type\":\"BreadcrumbList\",\"@id\":\"https:\/\/www.swissraft.ch\/en\/product\/helicopter-flight-from-balzers-landing-on-the-burgenstock-70-min-from-chf-1425-00\/#breadcrumb\",\"itemListElement\":[{\"@type\":\"ListItem\",\"position\":1,\"name\":\"Accueil\",\"item\":\"https:\/\/www.swissraft.ch\/en\/\"},{\"@type\":\"ListItem\",\"position\":2,\"name\":\"Store\",\"item\":\"https:\/\/www.swissraft.ch\/en\/store\/\"},{\"@type\":\"ListItem\",\"position\":3,\"name\":\"Helicopter flight from BALZERS &#8211; LANDING ON THE B\u00dcRGENSTOCK &#8211; 70 min. &#8211; From CHF 1&#8217;425.00\"}]},{\"@type\":\"WebSite\",\"@id\":\"https:\/\/www.swissraft.ch\/en\/#website\",\"url\":\"https:\/\/www.swissraft.ch\/en\/\",\"name\":\"Swissraft\",\"description\":\"To enjoy nature as it is\",\"publisher\":{\"@id\":\"https:\/\/www.swissraft.ch\/en\/#organization\"},\"potentialAction\":[{\"@type\":\"SearchAction\",\"target\":{\"@type\":\"EntryPoint\",\"urlTemplate\":\"https:\/\/www.swissraft.ch\/en\/?s={search_term_string}\"},\"query-input\":{\"@type\":\"PropertyValueSpecification\",\"valueRequired\":true,\"valueName\":\"search_term_string\"}}],\"inLanguage\":\"en-US\"},{\"@type\":\"Organization\",\"@id\":\"https:\/\/www.swissraft.ch\/en\/#organization\",\"name\":\"Swissraft\",\"url\":\"https:\/\/www.swissraft.ch\/en\/\",\"logo\":{\"@type\":\"ImageObject\",\"inLanguage\":\"en-US\",\"@id\":\"https:\/\/www.swissraft.ch\/en\/#\/schema\/logo\/image\/\",\"url\":\"https:\/\/www.swissraft.ch\/wp-content\/uploads\/2025\/09\/Capture.jpg\",\"contentUrl\":\"https:\/\/www.swissraft.ch\/wp-content\/uploads\/2025\/09\/Capture.jpg\",\"width\":293,\"height\":108,\"caption\":\"Swissraft\"},\"image\":{\"@id\":\"https:\/\/www.swissraft.ch\/en\/#\/schema\/logo\/image\/\"}}]}<\/script>\n<!-- \/ Yoast SEO plugin. -->","yoast_head_json":{"title":"Helicopter landing on B\u00fcrgenstock from Balzers","description":"Helicopter landing on the B\u00fcrgenstock from Balzers. This 70-minute helicopter flight will take your breath away.","robots":{"index":"index","follow":"follow","max-snippet":"max-snippet:-1","max-image-preview":"max-image-preview:large","max-video-preview":"max-video-preview:-1"},"canonical":"https:\/\/www.swissraft.ch\/en\/product\/helicopter-flight-from-balzers-landing-on-the-burgenstock-70-min-from-chf-1425-00\/","og_locale":"en_US","og_type":"article","og_title":"Helicopter landing on B\u00fcrgenstock from Balzers","og_description":"Helicopter landing on the B\u00fcrgenstock from Balzers. This 70-minute helicopter flight will take your breath away.","og_url":"https:\/\/www.swissraft.ch\/en\/product\/helicopter-flight-from-balzers-landing-on-the-burgenstock-70-min-from-chf-1425-00\/","og_site_name":"Swissraft","article_modified_time":"2024-11-19T20:52:08+00:00","og_image":[{"width":776,"height":776,"url":"https:\/\/www.swissraft.ch\/wp-content\/uploads\/2022\/12\/08-SARGANS-BALZERS-Innerschweiz-Zwischenlandung-776x776-4.jpg","type":"image\/jpeg"}],"twitter_card":"summary_large_image","schema":{"@context":"https:\/\/schema.org","@graph":[{"@type":"WebPage","@id":"https:\/\/www.swissraft.ch\/en\/product\/helicopter-flight-from-balzers-landing-on-the-burgenstock-70-min-from-chf-1425-00\/","url":"https:\/\/www.swissraft.ch\/en\/product\/helicopter-flight-from-balzers-landing-on-the-burgenstock-70-min-from-chf-1425-00\/","name":"Helicopter landing on B\u00fcrgenstock from Balzers","isPartOf":{"@id":"https:\/\/www.swissraft.ch\/en\/#website"},"primaryImageOfPage":{"@id":"https:\/\/www.swissraft.ch\/en\/product\/helicopter-flight-from-balzers-landing-on-the-burgenstock-70-min-from-chf-1425-00\/#primaryimage"},"image":{"@id":"https:\/\/www.swissraft.ch\/en\/product\/helicopter-flight-from-balzers-landing-on-the-burgenstock-70-min-from-chf-1425-00\/#primaryimage"},"thumbnailUrl":"https:\/\/www.swissraft.ch\/wp-content\/uploads\/2022\/12\/08-SARGANS-BALZERS-Innerschweiz-Zwischenlandung-776x776-4.jpg","datePublished":"2022-12-21T16:47:14+00:00","dateModified":"2024-11-19T20:52:08+00:00","description":"Helicopter landing on the B\u00fcrgenstock from Balzers. This 70-minute helicopter flight will take your breath away.","breadcrumb":{"@id":"https:\/\/www.swissraft.ch\/en\/product\/helicopter-flight-from-balzers-landing-on-the-burgenstock-70-min-from-chf-1425-00\/#breadcrumb"},"inLanguage":"en-US","potentialAction":[{"@type":"ReadAction","target":["https:\/\/www.swissraft.ch\/en\/product\/helicopter-flight-from-balzers-landing-on-the-burgenstock-70-min-from-chf-1425-00\/"]}]},{"@type":"ImageObject","inLanguage":"en-US","@id":"https:\/\/www.swissraft.ch\/en\/product\/helicopter-flight-from-balzers-landing-on-the-burgenstock-70-min-from-chf-1425-00\/#primaryimage","url":"https:\/\/www.swissraft.ch\/wp-content\/uploads\/2022\/12\/08-SARGANS-BALZERS-Innerschweiz-Zwischenlandung-776x776-4.jpg","contentUrl":"https:\/\/www.swissraft.ch\/wp-content\/uploads\/2022\/12\/08-SARGANS-BALZERS-Innerschweiz-Zwischenlandung-776x776-4.jpg","width":776,"height":776,"caption":"From Balzers to Central Switzerland and a helicopter landing on B\u00fcrgenstock"},{"@type":"BreadcrumbList","@id":"https:\/\/www.swissraft.ch\/en\/product\/helicopter-flight-from-balzers-landing-on-the-burgenstock-70-min-from-chf-1425-00\/#breadcrumb","itemListElement":[{"@type":"ListItem","position":1,"name":"Accueil","item":"https:\/\/www.swissraft.ch\/en\/"},{"@type":"ListItem","position":2,"name":"Store","item":"https:\/\/www.swissraft.ch\/en\/store\/"},{"@type":"ListItem","position":3,"name":"Helicopter flight from BALZERS &#8211; LANDING ON THE B\u00dcRGENSTOCK &#8211; 70 min. &#8211; From CHF 1&#8217;425.00"}]},{"@type":"WebSite","@id":"https:\/\/www.swissraft.ch\/en\/#website","url":"https:\/\/www.swissraft.ch\/en\/","name":"Swissraft","description":"To enjoy nature as it is","publisher":{"@id":"https:\/\/www.swissraft.ch\/en\/#organization"},"potentialAction":[{"@type":"SearchAction","target":{"@type":"EntryPoint","urlTemplate":"https:\/\/www.swissraft.ch\/en\/?s={search_term_string}"},"query-input":{"@type":"PropertyValueSpecification","valueRequired":true,"valueName":"search_term_string"}}],"inLanguage":"en-US"},{"@type":"Organization","@id":"https:\/\/www.swissraft.ch\/en\/#organization","name":"Swissraft","url":"https:\/\/www.swissraft.ch\/en\/","logo":{"@type":"ImageObject","inLanguage":"en-US","@id":"https:\/\/www.swissraft.ch\/en\/#\/schema\/logo\/image\/","url":"https:\/\/www.swissraft.ch\/wp-content\/uploads\/2025\/09\/Capture.jpg","contentUrl":"https:\/\/www.swissraft.ch\/wp-content\/uploads\/2025\/09\/Capture.jpg","width":293,"height":108,"caption":"Swissraft"},"image":{"@id":"https:\/\/www.swissraft.ch\/en\/#\/schema\/logo\/image\/"}}]}},"_links":{"self":[{"href":"https:\/\/www.swissraft.ch\/en\/wp-json\/wp\/v2\/product\/93350","targetHints":{"allow":["GET"]}}],"collection":[{"href":"https:\/\/www.swissraft.ch\/en\/wp-json\/wp\/v2\/product"}],"about":[{"href":"https:\/\/www.swissraft.ch\/en\/wp-json\/wp\/v2\/types\/product"}],"replies":[{"embeddable":true,"href":"https:\/\/www.swissraft.ch\/en\/wp-json\/wp\/v2\/comments?post=93350"}],"version-history":[{"count":0,"href":"https:\/\/www.swissraft.ch\/en\/wp-json\/wp\/v2\/product\/93350\/revisions"}],"wp:featuredmedia":[{"embeddable":true,"href":"https:\/\/www.swissraft.ch\/en\/wp-json\/wp\/v2\/media\/86715"}],"wp:attachment":[{"href":"https:\/\/www.swissraft.ch\/en\/wp-json\/wp\/v2\/media?parent=93350"}],"wp:term":[{"taxonomy":"product_cat","embeddable":true,"href":"https:\/\/www.swissraft.ch\/en\/wp-json\/wp\/v2\/product_cat?post=93350"},{"taxonomy":"product_tag","embeddable":true,"href":"https:\/\/www.swissraft.ch\/en\/wp-json\/wp\/v2\/product_tag?post=93350"}],"curies":[{"name":"wp","href":"https:\/\/api.w.org\/{rel}","templated":true}]}}