{"id":93322,"date":"2022-12-11T21:19:05","date_gmt":"2022-12-11T20:19:05","guid":{"rendered":"https:\/\/swissraft.xyanzkdne.eu\/product\/helicopter-flight-from-samedan-st-moritz-bernina-bergell-30-min-chf-350-00\/"},"modified":"2025-06-16T02:41:27","modified_gmt":"2025-06-16T00:41:27","slug":"helicopter-flight-from-samedan-st-moritz-bernina-bergell-30-min-chf-350-00","status":"publish","type":"product","link":"https:\/\/www.swissraft.ch\/en\/product\/helicopter-flight-from-samedan-st-moritz-bernina-bergell-30-min-chf-350-00\/","title":{"rendered":"Helicopter flight from SAMEDAN &#8211; BERNINA-BERGELL &#8211; 30 min. &#8211; CHF 370.00"},"content":{"rendered":"\t\t<div data-elementor-type=\"wp-post\" data-elementor-id=\"93322\" class=\"elementor elementor-93322 elementor-29635\">\n\t\t\t\t\t\t\t\t\t<section class=\"elementor-section elementor-top-section elementor-element elementor-element-3303a7e3 elementor-section-boxed elementor-section-height-default elementor-section-height-default\" data-id=\"3303a7e3\" data-element_type=\"section\">\n\t\t\t\t\t\t<div class=\"elementor-container elementor-column-gap-default\">\n\t\t\t\t\t<div class=\"elementor-column elementor-col-100 elementor-top-column elementor-element elementor-element-16d72dbf\" data-id=\"16d72dbf\" data-element_type=\"column\">\n\t\t\t<div class=\"elementor-widget-wrap elementor-element-populated\">\n\t\t\t\t\t\t\t\t<div class=\"elementor-element elementor-element-d743c03 elementor-widget elementor-widget-text-editor\" data-id=\"d743c03\" data-element_type=\"widget\" data-widget_type=\"text-editor.default\">\n\t\t\t\t<div class=\"elementor-widget-container\">\n\t\t\t\t\t\t\t<h2>CHOOSE YOUR ACTIVITY BELOW TO OFFER GIFT VOUCHERS \/ TICKETS OR MAKE A RESERVATION<\/h2><table border=\"0\" width=\"580\" cellspacing=\"10\" cellpadding=\"10\"><tbody><tr><td width=\"50%\"><strong>BERNINA &#8211; BERGELL &#8211; ENGADINE (1-5 pers.) &#8211; 30 min.<\/strong><\/td><td><strong>CHF 370.00 per person<span class=\"productPrice\"><br \/><\/span><\/strong><\/td><\/tr><tr><td>Additional information<\/td><td>&#8211; You will be with other passengers<br \/>&#8211; Maximum 5 pers.<br \/>&#8211; Private flight with 5 pers.<\/td><\/tr><tr><td>Aerodrome<\/td><td><a href=\"https:\/\/www.google.com\/maps\/place\/46%C2%B031'49.3%22N+9%C2%B052'43.3%22E\/@46.5309513,9.8600862,3106m\/data=!3m1!1e3!4m4!3m3!8m2!3d46.5303611!4d9.8786944?entry=ttu\" target=\"_blank\" rel=\"noopener\">Samedan<\/a><\/td><\/tr><tr><td>Flying time<\/td><td>30 min.<\/td><\/tr><tr><td>Total duration<\/td><td>approx. 1 h<\/td><\/tr><tr><td>Appointment<\/td><td>By phone<\/td><\/tr><tr><td><button class=\"elementor-button\" type=\"button\"><a href=\"https:\/\/swissraft.outdoorbooking.ch\/fo\/products\/714?base_id=127&amp;category_id=6&amp;order_type=gift_voucher&amp;lang=en\" target=\"_blank\" rel=\"noopener\">PURCHASE GIFT VOUCHER<\/a><\/button><\/td><td>After receiving your ticket\/voucher, please call the phone number located at the top left to make a reservation.<\/td><\/tr><\/tbody><\/table>\t\t\t\t\t\t<\/div>\n\t\t\t\t<\/div>\n\t\t\t\t\t<\/div>\n\t\t<\/div>\n\t\t\t\t\t\t\t<\/div>\n\t\t<\/section>\n\t\t\t\t\t\t\t<\/div>\n\t\t","protected":false},"excerpt":{"rendered":"<div align=\"justify\">\n<h2 align=\"justify\">30-minute flight from Samedan aerodrome to the Bernina and Bergell mountains<\/h2>\n<h3>Enjoy a memorable helicopter flight over the Bernina and Bergell regions, departing from Samedan in Graub\u00fcnden.<\/h3>\n<\/div>\n<div align=\"justify\">\n<p>From Samedan aerodrome, you fly in our Ecureuil B3 helicopter towards the Moteratsch glacier. Then you&#8217;ll head for Piz Pal\u00fc, Piz Bernina, Biancograt, Val Fex and Forno Badile. You continue on to the upper Engadine lakes and St. Moritz before resting in Samedan.   <\/p>\n<h3>We have many tour suggestions on our website. Take your time to discover them, and don&#8217;t hesitate to give us a call. <\/h3>\n<p id=\"textarea\" style=\"display: none;\">\nWe also take off from the heliports of Untervaz, Flims and Tavanasa in Graub\u00fcnden. We also operate flights from Liechtenstein, departing from Balzers and Sitterdorf aerodrome in Thurgau. As well as sightseeing flights from Zurich-Kloten International Airport and Bern-Belp International Airport. As well as the Gstaad-Grund heliport and Saanen airfield in the Saanenland region. But also in the Bernese Oberland, from the heliports of Lenk-Simmental, Schattenhalb-Meiringen, Interlaken-Gsteigwiler and Lauterbrunnen. On the one hand, we offer flights to the canton of Lucerne from Pfaffnau, and to the canton of Uri from Erstfeld. And flights from Buttwil in the canton of Aargau. We also take off from K\u00fcssnacht in Canton Schwyz and Grenchen in Canton Solothurn. We also fly into Gruy\u00e8re in the canton of Fribourg from the \u00c9pagny airfield. In Valais, we also take off from Collombey and Gampel heliports and from Sion airport. But also to Ticino from Locarno and Lodrino airfields.\n<\/p>\n<p><a id=\"seeMore\" onclick=\"toggleSeeMore()\" href=\"javascript:void(0);\">Read more<\/a><\/p>\n","protected":false},"featured_media":86565,"comment_status":"open","ping_status":"closed","template":"","meta":{"inline_featured_image":false,"_mi_skip_tracking":false},"product_cat":[394,569],"product_tag":[],"class_list":["post-93322","product","type-product","status-publish","has-post-thumbnail","hentry","product_cat-helicopter-flight","product_cat-helicopter-flight-samedan"],"yoast_head":"<!-- This site is optimized with the Yoast SEO plugin v23.6 - https:\/\/yoast.com\/wordpress\/plugins\/seo\/ -->\n<title>Bernina - Bergell - Engadin from Samedan by helicopter<\/title>\n<meta name=\"description\" content=\"Bernina - Bergell - Engadine from Samedan by helicopter for a 30-minute flight. Flying over two spectacular Engadin regions\" \/>\n<meta name=\"robots\" content=\"index, follow, max-snippet:-1, max-image-preview:large, max-video-preview:-1\" \/>\n<link rel=\"canonical\" href=\"https:\/\/www.swissraft.ch\/en\/product\/helicopter-flight-from-samedan-st-moritz-bernina-bergell-30-min-chf-350-00\/\" \/>\n<meta property=\"og:locale\" content=\"en_US\" \/>\n<meta property=\"og:type\" content=\"article\" \/>\n<meta property=\"og:title\" content=\"Bernina - Bergell - Engadin from Samedan by helicopter\" \/>\n<meta property=\"og:description\" content=\"Bernina - Bergell - Engadine from Samedan by helicopter for a 30-minute flight. Flying over two spectacular Engadin regions\" \/>\n<meta property=\"og:url\" content=\"https:\/\/www.swissraft.ch\/en\/product\/helicopter-flight-from-samedan-st-moritz-bernina-bergell-30-min-chf-350-00\/\" \/>\n<meta property=\"og:site_name\" content=\"Swissraft\" \/>\n<meta property=\"article:modified_time\" content=\"2025-06-16T00:41:27+00:00\" \/>\n<meta property=\"og:image\" content=\"https:\/\/www.swissraft.ch\/wp-content\/uploads\/2022\/12\/3-SAMEDAN-_-ST.-MORITZ-Bernina-Bergell-776x776-3.jpg\" \/>\n\t<meta property=\"og:image:width\" content=\"776\" \/>\n\t<meta property=\"og:image:height\" content=\"776\" \/>\n\t<meta property=\"og:image:type\" content=\"image\/jpeg\" \/>\n<meta name=\"twitter:card\" content=\"summary_large_image\" \/>\n<meta name=\"twitter:label1\" content=\"Est. reading time\" \/>\n\t<meta name=\"twitter:data1\" content=\"1 minute\" \/>\n<script type=\"application\/ld+json\" class=\"yoast-schema-graph\">{\"@context\":\"https:\/\/schema.org\",\"@graph\":[{\"@type\":\"WebPage\",\"@id\":\"https:\/\/www.swissraft.ch\/en\/product\/helicopter-flight-from-samedan-st-moritz-bernina-bergell-30-min-chf-350-00\/\",\"url\":\"https:\/\/www.swissraft.ch\/en\/product\/helicopter-flight-from-samedan-st-moritz-bernina-bergell-30-min-chf-350-00\/\",\"name\":\"Bernina - Bergell - Engadin from Samedan by helicopter\",\"isPartOf\":{\"@id\":\"https:\/\/www.swissraft.ch\/en\/#website\"},\"primaryImageOfPage\":{\"@id\":\"https:\/\/www.swissraft.ch\/en\/product\/helicopter-flight-from-samedan-st-moritz-bernina-bergell-30-min-chf-350-00\/#primaryimage\"},\"image\":{\"@id\":\"https:\/\/www.swissraft.ch\/en\/product\/helicopter-flight-from-samedan-st-moritz-bernina-bergell-30-min-chf-350-00\/#primaryimage\"},\"thumbnailUrl\":\"https:\/\/www.swissraft.ch\/wp-content\/uploads\/2022\/12\/3-SAMEDAN-_-ST.-MORITZ-Bernina-Bergell-776x776-3.jpg\",\"datePublished\":\"2022-12-11T20:19:05+00:00\",\"dateModified\":\"2025-06-16T00:41:27+00:00\",\"description\":\"Bernina - Bergell - Engadine from Samedan by helicopter for a 30-minute flight. Flying over two spectacular Engadin regions\",\"breadcrumb\":{\"@id\":\"https:\/\/www.swissraft.ch\/en\/product\/helicopter-flight-from-samedan-st-moritz-bernina-bergell-30-min-chf-350-00\/#breadcrumb\"},\"inLanguage\":\"en-US\",\"potentialAction\":[{\"@type\":\"ReadAction\",\"target\":[\"https:\/\/www.swissraft.ch\/en\/product\/helicopter-flight-from-samedan-st-moritz-bernina-bergell-30-min-chf-350-00\/\"]}]},{\"@type\":\"ImageObject\",\"inLanguage\":\"en-US\",\"@id\":\"https:\/\/www.swissraft.ch\/en\/product\/helicopter-flight-from-samedan-st-moritz-bernina-bergell-30-min-chf-350-00\/#primaryimage\",\"url\":\"https:\/\/www.swissraft.ch\/wp-content\/uploads\/2022\/12\/3-SAMEDAN-_-ST.-MORITZ-Bernina-Bergell-776x776-3.jpg\",\"contentUrl\":\"https:\/\/www.swissraft.ch\/wp-content\/uploads\/2022\/12\/3-SAMEDAN-_-ST.-MORITZ-Bernina-Bergell-776x776-3.jpg\",\"width\":776,\"height\":776,\"caption\":\"From Samedan Bernina and Bergell by helicopter\"},{\"@type\":\"BreadcrumbList\",\"@id\":\"https:\/\/www.swissraft.ch\/en\/product\/helicopter-flight-from-samedan-st-moritz-bernina-bergell-30-min-chf-350-00\/#breadcrumb\",\"itemListElement\":[{\"@type\":\"ListItem\",\"position\":1,\"name\":\"Accueil\",\"item\":\"https:\/\/www.swissraft.ch\/en\/\"},{\"@type\":\"ListItem\",\"position\":2,\"name\":\"Store\",\"item\":\"https:\/\/www.swissraft.ch\/en\/store\/\"},{\"@type\":\"ListItem\",\"position\":3,\"name\":\"Helicopter flight from SAMEDAN &#8211; BERNINA-BERGELL &#8211; 30 min. &#8211; CHF 370.00\"}]},{\"@type\":\"WebSite\",\"@id\":\"https:\/\/www.swissraft.ch\/en\/#website\",\"url\":\"https:\/\/www.swissraft.ch\/en\/\",\"name\":\"Swissraft\",\"description\":\"To enjoy nature as it is\",\"publisher\":{\"@id\":\"https:\/\/www.swissraft.ch\/en\/#organization\"},\"potentialAction\":[{\"@type\":\"SearchAction\",\"target\":{\"@type\":\"EntryPoint\",\"urlTemplate\":\"https:\/\/www.swissraft.ch\/en\/?s={search_term_string}\"},\"query-input\":{\"@type\":\"PropertyValueSpecification\",\"valueRequired\":true,\"valueName\":\"search_term_string\"}}],\"inLanguage\":\"en-US\"},{\"@type\":\"Organization\",\"@id\":\"https:\/\/www.swissraft.ch\/en\/#organization\",\"name\":\"Swissraft\",\"url\":\"https:\/\/www.swissraft.ch\/en\/\",\"logo\":{\"@type\":\"ImageObject\",\"inLanguage\":\"en-US\",\"@id\":\"https:\/\/www.swissraft.ch\/en\/#\/schema\/logo\/image\/\",\"url\":\"https:\/\/www.swissraft.ch\/wp-content\/uploads\/2025\/09\/Capture.jpg\",\"contentUrl\":\"https:\/\/www.swissraft.ch\/wp-content\/uploads\/2025\/09\/Capture.jpg\",\"width\":293,\"height\":108,\"caption\":\"Swissraft\"},\"image\":{\"@id\":\"https:\/\/www.swissraft.ch\/en\/#\/schema\/logo\/image\/\"}}]}<\/script>\n<!-- \/ Yoast SEO plugin. -->","yoast_head_json":{"title":"Bernina - Bergell - Engadin from Samedan by helicopter","description":"Bernina - Bergell - Engadine from Samedan by helicopter for a 30-minute flight. Flying over two spectacular Engadin regions","robots":{"index":"index","follow":"follow","max-snippet":"max-snippet:-1","max-image-preview":"max-image-preview:large","max-video-preview":"max-video-preview:-1"},"canonical":"https:\/\/www.swissraft.ch\/en\/product\/helicopter-flight-from-samedan-st-moritz-bernina-bergell-30-min-chf-350-00\/","og_locale":"en_US","og_type":"article","og_title":"Bernina - Bergell - Engadin from Samedan by helicopter","og_description":"Bernina - Bergell - Engadine from Samedan by helicopter for a 30-minute flight. Flying over two spectacular Engadin regions","og_url":"https:\/\/www.swissraft.ch\/en\/product\/helicopter-flight-from-samedan-st-moritz-bernina-bergell-30-min-chf-350-00\/","og_site_name":"Swissraft","article_modified_time":"2025-06-16T00:41:27+00:00","og_image":[{"width":776,"height":776,"url":"https:\/\/www.swissraft.ch\/wp-content\/uploads\/2022\/12\/3-SAMEDAN-_-ST.-MORITZ-Bernina-Bergell-776x776-3.jpg","type":"image\/jpeg"}],"twitter_card":"summary_large_image","twitter_misc":{"Est. reading time":"1 minute"},"schema":{"@context":"https:\/\/schema.org","@graph":[{"@type":"WebPage","@id":"https:\/\/www.swissraft.ch\/en\/product\/helicopter-flight-from-samedan-st-moritz-bernina-bergell-30-min-chf-350-00\/","url":"https:\/\/www.swissraft.ch\/en\/product\/helicopter-flight-from-samedan-st-moritz-bernina-bergell-30-min-chf-350-00\/","name":"Bernina - Bergell - Engadin from Samedan by helicopter","isPartOf":{"@id":"https:\/\/www.swissraft.ch\/en\/#website"},"primaryImageOfPage":{"@id":"https:\/\/www.swissraft.ch\/en\/product\/helicopter-flight-from-samedan-st-moritz-bernina-bergell-30-min-chf-350-00\/#primaryimage"},"image":{"@id":"https:\/\/www.swissraft.ch\/en\/product\/helicopter-flight-from-samedan-st-moritz-bernina-bergell-30-min-chf-350-00\/#primaryimage"},"thumbnailUrl":"https:\/\/www.swissraft.ch\/wp-content\/uploads\/2022\/12\/3-SAMEDAN-_-ST.-MORITZ-Bernina-Bergell-776x776-3.jpg","datePublished":"2022-12-11T20:19:05+00:00","dateModified":"2025-06-16T00:41:27+00:00","description":"Bernina - Bergell - Engadine from Samedan by helicopter for a 30-minute flight. Flying over two spectacular Engadin regions","breadcrumb":{"@id":"https:\/\/www.swissraft.ch\/en\/product\/helicopter-flight-from-samedan-st-moritz-bernina-bergell-30-min-chf-350-00\/#breadcrumb"},"inLanguage":"en-US","potentialAction":[{"@type":"ReadAction","target":["https:\/\/www.swissraft.ch\/en\/product\/helicopter-flight-from-samedan-st-moritz-bernina-bergell-30-min-chf-350-00\/"]}]},{"@type":"ImageObject","inLanguage":"en-US","@id":"https:\/\/www.swissraft.ch\/en\/product\/helicopter-flight-from-samedan-st-moritz-bernina-bergell-30-min-chf-350-00\/#primaryimage","url":"https:\/\/www.swissraft.ch\/wp-content\/uploads\/2022\/12\/3-SAMEDAN-_-ST.-MORITZ-Bernina-Bergell-776x776-3.jpg","contentUrl":"https:\/\/www.swissraft.ch\/wp-content\/uploads\/2022\/12\/3-SAMEDAN-_-ST.-MORITZ-Bernina-Bergell-776x776-3.jpg","width":776,"height":776,"caption":"From Samedan Bernina and Bergell by helicopter"},{"@type":"BreadcrumbList","@id":"https:\/\/www.swissraft.ch\/en\/product\/helicopter-flight-from-samedan-st-moritz-bernina-bergell-30-min-chf-350-00\/#breadcrumb","itemListElement":[{"@type":"ListItem","position":1,"name":"Accueil","item":"https:\/\/www.swissraft.ch\/en\/"},{"@type":"ListItem","position":2,"name":"Store","item":"https:\/\/www.swissraft.ch\/en\/store\/"},{"@type":"ListItem","position":3,"name":"Helicopter flight from SAMEDAN &#8211; BERNINA-BERGELL &#8211; 30 min. &#8211; CHF 370.00"}]},{"@type":"WebSite","@id":"https:\/\/www.swissraft.ch\/en\/#website","url":"https:\/\/www.swissraft.ch\/en\/","name":"Swissraft","description":"To enjoy nature as it is","publisher":{"@id":"https:\/\/www.swissraft.ch\/en\/#organization"},"potentialAction":[{"@type":"SearchAction","target":{"@type":"EntryPoint","urlTemplate":"https:\/\/www.swissraft.ch\/en\/?s={search_term_string}"},"query-input":{"@type":"PropertyValueSpecification","valueRequired":true,"valueName":"search_term_string"}}],"inLanguage":"en-US"},{"@type":"Organization","@id":"https:\/\/www.swissraft.ch\/en\/#organization","name":"Swissraft","url":"https:\/\/www.swissraft.ch\/en\/","logo":{"@type":"ImageObject","inLanguage":"en-US","@id":"https:\/\/www.swissraft.ch\/en\/#\/schema\/logo\/image\/","url":"https:\/\/www.swissraft.ch\/wp-content\/uploads\/2025\/09\/Capture.jpg","contentUrl":"https:\/\/www.swissraft.ch\/wp-content\/uploads\/2025\/09\/Capture.jpg","width":293,"height":108,"caption":"Swissraft"},"image":{"@id":"https:\/\/www.swissraft.ch\/en\/#\/schema\/logo\/image\/"}}]}},"_links":{"self":[{"href":"https:\/\/www.swissraft.ch\/en\/wp-json\/wp\/v2\/product\/93322","targetHints":{"allow":["GET"]}}],"collection":[{"href":"https:\/\/www.swissraft.ch\/en\/wp-json\/wp\/v2\/product"}],"about":[{"href":"https:\/\/www.swissraft.ch\/en\/wp-json\/wp\/v2\/types\/product"}],"replies":[{"embeddable":true,"href":"https:\/\/www.swissraft.ch\/en\/wp-json\/wp\/v2\/comments?post=93322"}],"version-history":[{"count":5,"href":"https:\/\/www.swissraft.ch\/en\/wp-json\/wp\/v2\/product\/93322\/revisions"}],"predecessor-version":[{"id":117866,"href":"https:\/\/www.swissraft.ch\/en\/wp-json\/wp\/v2\/product\/93322\/revisions\/117866"}],"wp:featuredmedia":[{"embeddable":true,"href":"https:\/\/www.swissraft.ch\/en\/wp-json\/wp\/v2\/media\/86565"}],"wp:attachment":[{"href":"https:\/\/www.swissraft.ch\/en\/wp-json\/wp\/v2\/media?parent=93322"}],"wp:term":[{"taxonomy":"product_cat","embeddable":true,"href":"https:\/\/www.swissraft.ch\/en\/wp-json\/wp\/v2\/product_cat?post=93322"},{"taxonomy":"product_tag","embeddable":true,"href":"https:\/\/www.swissraft.ch\/en\/wp-json\/wp\/v2\/product_tag?post=93322"}],"curies":[{"name":"wp","href":"https:\/\/api.w.org\/{rel}","templated":true}]}}