{"id":93314,"date":"2022-12-11T21:14:18","date_gmt":"2022-12-11T20:14:18","guid":{"rendered":"https:\/\/swissraft.xyanzkdne.eu\/product\/helicopter-flight-from-samedan-st-moritz-bernina-20-min-chf-230-00\/"},"modified":"2025-06-16T01:57:53","modified_gmt":"2025-06-15T23:57:53","slug":"the-bernina-helicopter-flight-samedan","status":"publish","type":"product","link":"https:\/\/www.swissraft.ch\/en\/product\/the-bernina-helicopter-flight-samedan\/","title":{"rendered":"Helicopter flight from SAMEDAN &#8211; BERNINA &#8211; 20 min. &#8211; CHF 240.00"},"content":{"rendered":"\t\t<div data-elementor-type=\"wp-post\" data-elementor-id=\"93314\" class=\"elementor elementor-93314 elementor-29630\">\n\t\t\t\t\t\t\t\t\t<section class=\"elementor-section elementor-top-section elementor-element elementor-element-3303a7e3 elementor-section-boxed elementor-section-height-default elementor-section-height-default\" data-id=\"3303a7e3\" data-element_type=\"section\">\n\t\t\t\t\t\t<div class=\"elementor-container elementor-column-gap-default\">\n\t\t\t\t\t<div class=\"elementor-column elementor-col-100 elementor-top-column elementor-element elementor-element-16d72dbf\" data-id=\"16d72dbf\" data-element_type=\"column\">\n\t\t\t<div class=\"elementor-widget-wrap elementor-element-populated\">\n\t\t\t\t\t\t\t\t<div class=\"elementor-element elementor-element-d743c03 elementor-widget elementor-widget-text-editor\" data-id=\"d743c03\" data-element_type=\"widget\" data-widget_type=\"text-editor.default\">\n\t\t\t\t<div class=\"elementor-widget-container\">\n\t\t\t\t\t\t\t<h2>CHOOSE YOUR ACTIVITY BELOW TO OFFER GIFT VOUCHERS \/ TICKETS OR MAKE A RESERVATION<\/h2>\n<table border=\"0\" width=\"580\" cellspacing=\"10\" cellpadding=\"10\">\n<tbody>\n<tr>\n<td width=\"50%\"><strong>BERNINA (1-5 pers.) &#8211; 20 min.<\/strong><\/td>\n<td><strong>CHF 240.00 per person<span class=\"productPrice\"><br \/><\/span><\/strong><\/td>\n<\/tr>\n<tr>\n<td>Additional information<\/td>\n<td>&#8211; You will be with other passengers<br \/>&#8211; Maximum 5 pers.<br \/>&#8211; Private flight with 5 pers.<\/td>\n<\/tr>\n<tr>\n<td>Aerodrome<\/td>\n<td><a href=\"https:\/\/www.google.com\/maps\/place\/46%C2%B031'49.3%22N+9%C2%B052'43.3%22E\/@46.5309513,9.8600862,3106m\/data=!3m1!1e3!4m4!3m3!8m2!3d46.5303611!4d9.8786944?entry=ttu\" target=\"_blank\" rel=\"noopener\">Samedan<\/a><\/td>\n<\/tr>\n<tr>\n<td>Flying time<\/td>\n<td>20 min.<\/td>\n<\/tr>\n<tr>\n<td>Total duration<\/td>\n<td>approx. 50 min.<\/td>\n<\/tr>\n<tr>\n<td>Appointment<\/td>\n<td>By phone<\/td>\n<\/tr>\n<tr>\n<td><button class=\"elementor-button\" type=\"button\"><a href=\"https:\/\/swissraft.outdoorbooking.ch\/fo\/products\/517?base_id=127&amp;category_id=6&amp;order_type=gift_voucher&amp;lang=en\" target=\"_blank\" rel=\"noopener\">PURCHASE GIFT VOUCHER<\/a><\/button><\/td>\n<td>After receiving your ticket\/voucher, please call the phone number located at the top left to make a reservation.<\/td>\n<\/tr>\n<\/tbody>\n<\/table>\n\t\t\t\t\t\t<\/div>\n\t\t\t\t<\/div>\n\t\t\t\t\t<\/div>\n\t\t<\/div>\n\t\t\t\t\t\t\t<\/div>\n\t\t<\/section>\n\t\t\t\t\t\t\t<\/div>\n\t\t","protected":false},"excerpt":{"rendered":"<div align=\"justify\">\n<h2 align=\"justify\">From Samedan aerodrome, take a 20-minute flight in the Bernina in the High Engadine<\/h2>\n<h3>In the Bernina region, you will fly over all the glaciers around the famous village of St. Moritz in Graub\u00fcnden <\/h3>\n<\/div>\n<div align=\"justify\">\n<p>Departing from Samedan in the Engadine region of Graub\u00fcnden, we fly towards the Moteratsch glaciers. Then we fly over Piz Pal\u00fc, Biancograt and Piz Roseg. Then we fly over St.Moritz before returning to land at Samedan airfield.<\/p>\n<h3>Swissraft, with its network of 12 heliports, 9 airfields and 2 airports, offers you a wide range of flights in Switzerland<\/h3>\n<p id=\"textarea\" style=\"display: none;\">We also take off from the heliports of Untervaz, Flims and Tavanasa in Graub\u00fcnden. We also operate flights from Liechtenstein, departing from Balzers and Sitterdorf aerodrome in Thurgau. At the same time, we take off from Zurich-Kloten and Bern-Belp international airports. As well as from Gstaad-Grund heliport and Saanen aerodrome in Saanenland. But also in the Bernese Oberland, from the heliports of Lenk-Simmental, Schattenhalb-Meiringen, Interlaken-Gsteigwiler and Lauterbrunnen. We also offer flights to the canton of Lucerne from Pfaffnau and to the canton of Uri from Erstfeld. We also have flights from Buttwil in the canton of Aargau. But also from the K\u00fcssnacht heliport in Canton Schwyz. And from Grenchen airfield in the canton of Solothurn. On the one hand, we fly from \u00c9pagny en Gruy\u00e8re airfield in the canton of Fribourg. From the heliports of Gampel and Collombey, and from Sion airport in Valais. We also offer flights to Ticino from Locarno and Lodrino airfields.\n<\/p>\n<p><a id=\"seeMore\" onclick=\"toggleSeeMore()\" href=\"javascript:void(0);\">Read more<\/a><\/p>\n","protected":false},"featured_media":86553,"comment_status":"open","ping_status":"closed","template":"","meta":{"inline_featured_image":false,"_mi_skip_tracking":false},"product_cat":[394,569],"product_tag":[],"class_list":["post-93314","product","type-product","status-publish","has-post-thumbnail","hentry","product_cat-helicopter-flight","product_cat-helicopter-flight-samedan"],"yoast_head":"<!-- This site is optimized with the Yoast SEO plugin v23.6 - https:\/\/yoast.com\/wordpress\/plugins\/seo\/ -->\n<title>The Bernina in the Engadine by helicopter from Samedan<\/title>\n<meta name=\"description\" content=\"The Bernina in the Engadine by helicopter from Samedan for a 20-minute flight over the glaciers around St. Moritz. Moritz\" \/>\n<meta name=\"robots\" content=\"index, follow, max-snippet:-1, max-image-preview:large, max-video-preview:-1\" \/>\n<link rel=\"canonical\" href=\"https:\/\/www.swissraft.ch\/en\/product\/the-bernina-helicopter-flight-samedan\/\" \/>\n<meta property=\"og:locale\" content=\"en_US\" \/>\n<meta property=\"og:type\" content=\"article\" \/>\n<meta property=\"og:title\" content=\"The Bernina in the Engadine by helicopter from Samedan\" \/>\n<meta property=\"og:description\" content=\"The Bernina in the Engadine by helicopter from Samedan for a 20-minute flight over the glaciers around St. Moritz. Moritz\" \/>\n<meta property=\"og:url\" content=\"https:\/\/www.swissraft.ch\/en\/product\/the-bernina-helicopter-flight-samedan\/\" \/>\n<meta property=\"og:site_name\" content=\"Swissraft\" \/>\n<meta property=\"article:modified_time\" content=\"2025-06-15T23:57:53+00:00\" \/>\n<meta property=\"og:image\" content=\"https:\/\/www.swissraft.ch\/wp-content\/uploads\/2022\/12\/2-SAMEDAN-ST.-MORITZ-Bernina-776x776-3.jpg\" \/>\n\t<meta property=\"og:image:width\" content=\"776\" \/>\n\t<meta property=\"og:image:height\" content=\"776\" \/>\n\t<meta property=\"og:image:type\" content=\"image\/jpeg\" \/>\n<meta name=\"twitter:card\" content=\"summary_large_image\" \/>\n<meta name=\"twitter:label1\" content=\"Est. reading time\" \/>\n\t<meta name=\"twitter:data1\" content=\"1 minute\" \/>\n<script type=\"application\/ld+json\" class=\"yoast-schema-graph\">{\"@context\":\"https:\/\/schema.org\",\"@graph\":[{\"@type\":\"WebPage\",\"@id\":\"https:\/\/www.swissraft.ch\/en\/product\/the-bernina-helicopter-flight-samedan\/\",\"url\":\"https:\/\/www.swissraft.ch\/en\/product\/the-bernina-helicopter-flight-samedan\/\",\"name\":\"The Bernina in the Engadine by helicopter from Samedan\",\"isPartOf\":{\"@id\":\"https:\/\/www.swissraft.ch\/en\/#website\"},\"primaryImageOfPage\":{\"@id\":\"https:\/\/www.swissraft.ch\/en\/product\/the-bernina-helicopter-flight-samedan\/#primaryimage\"},\"image\":{\"@id\":\"https:\/\/www.swissraft.ch\/en\/product\/the-bernina-helicopter-flight-samedan\/#primaryimage\"},\"thumbnailUrl\":\"https:\/\/www.swissraft.ch\/wp-content\/uploads\/2022\/12\/2-SAMEDAN-ST.-MORITZ-Bernina-776x776-3.jpg\",\"datePublished\":\"2022-12-11T20:14:18+00:00\",\"dateModified\":\"2025-06-15T23:57:53+00:00\",\"description\":\"The Bernina in the Engadine by helicopter from Samedan for a 20-minute flight over the glaciers around St. Moritz. Moritz\",\"breadcrumb\":{\"@id\":\"https:\/\/www.swissraft.ch\/en\/product\/the-bernina-helicopter-flight-samedan\/#breadcrumb\"},\"inLanguage\":\"en-US\",\"potentialAction\":[{\"@type\":\"ReadAction\",\"target\":[\"https:\/\/www.swissraft.ch\/en\/product\/the-bernina-helicopter-flight-samedan\/\"]}]},{\"@type\":\"ImageObject\",\"inLanguage\":\"en-US\",\"@id\":\"https:\/\/www.swissraft.ch\/en\/product\/the-bernina-helicopter-flight-samedan\/#primaryimage\",\"url\":\"https:\/\/www.swissraft.ch\/wp-content\/uploads\/2022\/12\/2-SAMEDAN-ST.-MORITZ-Bernina-776x776-3.jpg\",\"contentUrl\":\"https:\/\/www.swissraft.ch\/wp-content\/uploads\/2022\/12\/2-SAMEDAN-ST.-MORITZ-Bernina-776x776-3.jpg\",\"width\":776,\"height\":776,\"caption\":\"Helicopter flight from Samedan over the Bernina\"},{\"@type\":\"BreadcrumbList\",\"@id\":\"https:\/\/www.swissraft.ch\/en\/product\/the-bernina-helicopter-flight-samedan\/#breadcrumb\",\"itemListElement\":[{\"@type\":\"ListItem\",\"position\":1,\"name\":\"Accueil\",\"item\":\"https:\/\/www.swissraft.ch\/en\/\"},{\"@type\":\"ListItem\",\"position\":2,\"name\":\"Store\",\"item\":\"https:\/\/www.swissraft.ch\/en\/store\/\"},{\"@type\":\"ListItem\",\"position\":3,\"name\":\"Helicopter flight from SAMEDAN &#8211; BERNINA &#8211; 20 min. &#8211; CHF 240.00\"}]},{\"@type\":\"WebSite\",\"@id\":\"https:\/\/www.swissraft.ch\/en\/#website\",\"url\":\"https:\/\/www.swissraft.ch\/en\/\",\"name\":\"Swissraft\",\"description\":\"To enjoy nature as it is\",\"publisher\":{\"@id\":\"https:\/\/www.swissraft.ch\/en\/#organization\"},\"potentialAction\":[{\"@type\":\"SearchAction\",\"target\":{\"@type\":\"EntryPoint\",\"urlTemplate\":\"https:\/\/www.swissraft.ch\/en\/?s={search_term_string}\"},\"query-input\":{\"@type\":\"PropertyValueSpecification\",\"valueRequired\":true,\"valueName\":\"search_term_string\"}}],\"inLanguage\":\"en-US\"},{\"@type\":\"Organization\",\"@id\":\"https:\/\/www.swissraft.ch\/en\/#organization\",\"name\":\"Swissraft\",\"url\":\"https:\/\/www.swissraft.ch\/en\/\",\"logo\":{\"@type\":\"ImageObject\",\"inLanguage\":\"en-US\",\"@id\":\"https:\/\/www.swissraft.ch\/en\/#\/schema\/logo\/image\/\",\"url\":\"https:\/\/www.swissraft.ch\/wp-content\/uploads\/2025\/09\/Capture.jpg\",\"contentUrl\":\"https:\/\/www.swissraft.ch\/wp-content\/uploads\/2025\/09\/Capture.jpg\",\"width\":293,\"height\":108,\"caption\":\"Swissraft\"},\"image\":{\"@id\":\"https:\/\/www.swissraft.ch\/en\/#\/schema\/logo\/image\/\"}}]}<\/script>\n<!-- \/ Yoast SEO plugin. -->","yoast_head_json":{"title":"The Bernina in the Engadine by helicopter from Samedan","description":"The Bernina in the Engadine by helicopter from Samedan for a 20-minute flight over the glaciers around St. Moritz. Moritz","robots":{"index":"index","follow":"follow","max-snippet":"max-snippet:-1","max-image-preview":"max-image-preview:large","max-video-preview":"max-video-preview:-1"},"canonical":"https:\/\/www.swissraft.ch\/en\/product\/the-bernina-helicopter-flight-samedan\/","og_locale":"en_US","og_type":"article","og_title":"The Bernina in the Engadine by helicopter from Samedan","og_description":"The Bernina in the Engadine by helicopter from Samedan for a 20-minute flight over the glaciers around St. Moritz. Moritz","og_url":"https:\/\/www.swissraft.ch\/en\/product\/the-bernina-helicopter-flight-samedan\/","og_site_name":"Swissraft","article_modified_time":"2025-06-15T23:57:53+00:00","og_image":[{"width":776,"height":776,"url":"https:\/\/www.swissraft.ch\/wp-content\/uploads\/2022\/12\/2-SAMEDAN-ST.-MORITZ-Bernina-776x776-3.jpg","type":"image\/jpeg"}],"twitter_card":"summary_large_image","twitter_misc":{"Est. reading time":"1 minute"},"schema":{"@context":"https:\/\/schema.org","@graph":[{"@type":"WebPage","@id":"https:\/\/www.swissraft.ch\/en\/product\/the-bernina-helicopter-flight-samedan\/","url":"https:\/\/www.swissraft.ch\/en\/product\/the-bernina-helicopter-flight-samedan\/","name":"The Bernina in the Engadine by helicopter from Samedan","isPartOf":{"@id":"https:\/\/www.swissraft.ch\/en\/#website"},"primaryImageOfPage":{"@id":"https:\/\/www.swissraft.ch\/en\/product\/the-bernina-helicopter-flight-samedan\/#primaryimage"},"image":{"@id":"https:\/\/www.swissraft.ch\/en\/product\/the-bernina-helicopter-flight-samedan\/#primaryimage"},"thumbnailUrl":"https:\/\/www.swissraft.ch\/wp-content\/uploads\/2022\/12\/2-SAMEDAN-ST.-MORITZ-Bernina-776x776-3.jpg","datePublished":"2022-12-11T20:14:18+00:00","dateModified":"2025-06-15T23:57:53+00:00","description":"The Bernina in the Engadine by helicopter from Samedan for a 20-minute flight over the glaciers around St. Moritz. Moritz","breadcrumb":{"@id":"https:\/\/www.swissraft.ch\/en\/product\/the-bernina-helicopter-flight-samedan\/#breadcrumb"},"inLanguage":"en-US","potentialAction":[{"@type":"ReadAction","target":["https:\/\/www.swissraft.ch\/en\/product\/the-bernina-helicopter-flight-samedan\/"]}]},{"@type":"ImageObject","inLanguage":"en-US","@id":"https:\/\/www.swissraft.ch\/en\/product\/the-bernina-helicopter-flight-samedan\/#primaryimage","url":"https:\/\/www.swissraft.ch\/wp-content\/uploads\/2022\/12\/2-SAMEDAN-ST.-MORITZ-Bernina-776x776-3.jpg","contentUrl":"https:\/\/www.swissraft.ch\/wp-content\/uploads\/2022\/12\/2-SAMEDAN-ST.-MORITZ-Bernina-776x776-3.jpg","width":776,"height":776,"caption":"Helicopter flight from Samedan over the Bernina"},{"@type":"BreadcrumbList","@id":"https:\/\/www.swissraft.ch\/en\/product\/the-bernina-helicopter-flight-samedan\/#breadcrumb","itemListElement":[{"@type":"ListItem","position":1,"name":"Accueil","item":"https:\/\/www.swissraft.ch\/en\/"},{"@type":"ListItem","position":2,"name":"Store","item":"https:\/\/www.swissraft.ch\/en\/store\/"},{"@type":"ListItem","position":3,"name":"Helicopter flight from SAMEDAN &#8211; BERNINA &#8211; 20 min. &#8211; CHF 240.00"}]},{"@type":"WebSite","@id":"https:\/\/www.swissraft.ch\/en\/#website","url":"https:\/\/www.swissraft.ch\/en\/","name":"Swissraft","description":"To enjoy nature as it is","publisher":{"@id":"https:\/\/www.swissraft.ch\/en\/#organization"},"potentialAction":[{"@type":"SearchAction","target":{"@type":"EntryPoint","urlTemplate":"https:\/\/www.swissraft.ch\/en\/?s={search_term_string}"},"query-input":{"@type":"PropertyValueSpecification","valueRequired":true,"valueName":"search_term_string"}}],"inLanguage":"en-US"},{"@type":"Organization","@id":"https:\/\/www.swissraft.ch\/en\/#organization","name":"Swissraft","url":"https:\/\/www.swissraft.ch\/en\/","logo":{"@type":"ImageObject","inLanguage":"en-US","@id":"https:\/\/www.swissraft.ch\/en\/#\/schema\/logo\/image\/","url":"https:\/\/www.swissraft.ch\/wp-content\/uploads\/2025\/09\/Capture.jpg","contentUrl":"https:\/\/www.swissraft.ch\/wp-content\/uploads\/2025\/09\/Capture.jpg","width":293,"height":108,"caption":"Swissraft"},"image":{"@id":"https:\/\/www.swissraft.ch\/en\/#\/schema\/logo\/image\/"}}]}},"_links":{"self":[{"href":"https:\/\/www.swissraft.ch\/en\/wp-json\/wp\/v2\/product\/93314","targetHints":{"allow":["GET"]}}],"collection":[{"href":"https:\/\/www.swissraft.ch\/en\/wp-json\/wp\/v2\/product"}],"about":[{"href":"https:\/\/www.swissraft.ch\/en\/wp-json\/wp\/v2\/types\/product"}],"replies":[{"embeddable":true,"href":"https:\/\/www.swissraft.ch\/en\/wp-json\/wp\/v2\/comments?post=93314"}],"version-history":[{"count":8,"href":"https:\/\/www.swissraft.ch\/en\/wp-json\/wp\/v2\/product\/93314\/revisions"}],"predecessor-version":[{"id":117802,"href":"https:\/\/www.swissraft.ch\/en\/wp-json\/wp\/v2\/product\/93314\/revisions\/117802"}],"wp:featuredmedia":[{"embeddable":true,"href":"https:\/\/www.swissraft.ch\/en\/wp-json\/wp\/v2\/media\/86553"}],"wp:attachment":[{"href":"https:\/\/www.swissraft.ch\/en\/wp-json\/wp\/v2\/media?parent=93314"}],"wp:term":[{"taxonomy":"product_cat","embeddable":true,"href":"https:\/\/www.swissraft.ch\/en\/wp-json\/wp\/v2\/product_cat?post=93314"},{"taxonomy":"product_tag","embeddable":true,"href":"https:\/\/www.swissraft.ch\/en\/wp-json\/wp\/v2\/product_tag?post=93314"}],"curies":[{"name":"wp","href":"https:\/\/api.w.org\/{rel}","templated":true}]}}