{"id":93311,"date":"2022-12-13T22:33:13","date_gmt":"2022-12-13T21:33:13","guid":{"rendered":"https:\/\/swissraft.xyanzkdne.eu\/product\/helicopter-flight-from-tavanasa-surselva-tower-30-min-chf-1380-00\/"},"modified":"2025-06-18T21:33:28","modified_gmt":"2025-06-18T19:33:28","slug":"helicopter-flight-tavanasa-surselva","status":"publish","type":"product","link":"https:\/\/www.swissraft.ch\/en\/product\/helicopter-flight-tavanasa-surselva\/","title":{"rendered":"Helicopter flight from TAVANASA &#8211; SURSELVA FLIGHT &#8211; 30 min. &#8211; CHF 1&#8217;440.00"},"content":{"rendered":"\t\t<div data-elementor-type=\"wp-post\" data-elementor-id=\"93311\" class=\"elementor elementor-93311 elementor-29732\">\n\t\t\t\t\t\t\t\t\t<section class=\"elementor-section elementor-top-section elementor-element elementor-element-3303a7e3 elementor-section-boxed elementor-section-height-default elementor-section-height-default\" data-id=\"3303a7e3\" data-element_type=\"section\">\n\t\t\t\t\t\t<div class=\"elementor-container elementor-column-gap-default\">\n\t\t\t\t\t<div class=\"elementor-column elementor-col-100 elementor-top-column elementor-element elementor-element-16d72dbf\" data-id=\"16d72dbf\" data-element_type=\"column\">\n\t\t\t<div class=\"elementor-widget-wrap elementor-element-populated\">\n\t\t\t\t\t\t\t\t<div class=\"elementor-element elementor-element-d743c03 elementor-widget elementor-widget-text-editor\" data-id=\"d743c03\" data-element_type=\"widget\" data-widget_type=\"text-editor.default\">\n\t\t\t\t<div class=\"elementor-widget-container\">\n\t\t\t\t\t\t\t<h2>CHOOSE YOUR ACTIVITY BELOW TO OFFER GIFT VOUCHERS \/ TICKETS OR MAKE A RESERVATION<\/h2>\n<table border=\"0\" width=\"580\" cellspacing=\"10\" cellpadding=\"10\">\n<tbody>\n<tr>\n<td width=\"50%\"><strong>SURSELVA TOUR &#8211; PRIVATE FLIGHT (1-5 pers.) &#8211; 30 min.<\/strong><\/td>\n<td><strong>CHF 1&#8217;440.00 per private flight<span class=\"productPrice\"><br \/><\/span><\/strong><\/td>\n<\/tr>\n<tr>\n<td>Additional information<\/td>\n<td> &#8211; The helicopter is at your disposal exclusively for<br \/>&#8211; You determine the date and time of departure<br \/>&#8211; Maximum 5 pers.<\/td>\n<\/tr>\n<tr>\n<td>Heliport<\/td>\n<td><a href=\"https:\/\/www.google.com\/maps\/place\/46%C2%B045'38.6%22N+9%C2%B005'33.8%22E\/@46.7608205,9.0904287,387m\/data=!3m1!1e3!4m4!3m3!8m2!3d46.7607222!4d9.0927222?entry=ttu\" target=\"_blank\" rel=\"noopener\">Tavanasa<\/a><\/td>\n<\/tr>\n<tr>\n<td>Flying time<\/td>\n<td>30 min.<\/td>\n<\/tr>\n<tr>\n<td>Total duration<\/td>\n<td>approx. 1hr<\/td>\n<\/tr>\n<tr>\n<td>Appointment<\/td>\n<td>By phone<\/td>\n<\/tr>\n<tr>\n<td><button class=\"elementor-button\" type=\"button\"><a href=\"https:\/\/swissraft.outdoorbooking.ch\/fo\/products\/1808?base_id=16&amp;category_id=6&amp;order_type=gift_voucher&amp;lang=en\" target=\"_blank\" rel=\"noopener\">PURCHASE GIFT VOUCHER<\/a><\/button><\/td>\n<td>After receiving your ticket\/voucher, please call the phone number located at the top left to make a reservation.<\/td>\n<\/tr>\n<\/tbody>\n<\/table>\n\t\t\t\t\t\t<\/div>\n\t\t\t\t<\/div>\n\t\t\t\t\t<\/div>\n\t\t<\/div>\n\t\t\t\t\t\t\t<\/div>\n\t\t<\/section>\n\t\t\t\t\t\t\t<\/div>\n\t\t","protected":false},"excerpt":{"rendered":"<div align=\"justify\">\n<h2 align=\"justify\">Discover the whole of the Surselva on this 30-minute flight<\/h2>\n<h3>From the Tavanasa heliport you can fly over the Surselva and numerous peaks topping out at over 3,000 m.<\/h3>\n<\/div>\n<div align=\"justify\">\n<p>Departing from Tavanasa in the Surselva, we fly to Obersaxen, the village of Vals. Then you fly over Piz Terri, the Medels hut and the town of Disentis. Then there&#8217;s Sedrun, famous for its cross-country ski trails along the Rhine. Then the Oberalpstock, the T\u00f6di peak straddling the cantons of Glarus and Graub\u00fcnden. The Biferten hut at 2482 m, the da Pigniu lake before resting at the Tavanasa heliport.<\/p>\n<h3>Our Swissraft website features over 150 tour flights in Switzerland.<\/h3>\n<p id=\"textarea\" style=\"display: none;\">We run tours from Untervaz and Flims heliports in Graub\u00fcnden. We also have tours departing from Samedan airfield in the Engadine. We also operate sightseeing flights from Balzers heliport and Sitterdorf airfield in Thurgau. We also operate sightseeing flights from Zurich-Kloten and Bern-Belp international airports. On the one hand, we take off from Gstaad-Grund heliport and Saanen airfield in Saanenland. Also in the Bernese Oberland, we take off from the heliports of Lenk-Simmental, Schattenhalb-Meiringen, Interlaken-Gsteigwiler and Lauterbrunnen. We also offer flights to the canton of Lucerne from Pfaffnau and to the canton of Uri from Erstfeld. We also offer flights from Buttwil airfield in Canton Aargau. The same applies to flights from Grenchen in Canton Solothurn and from K\u00fcssnacht in Canton Schwyz. What&#8217;s more, from \u00c9pagny en Gruy\u00e8re in the canton of Fribourg we have some very fine helicopter flights. As well as in Valais from Sion airport and the Collombey and Gampel heliports. We also operate helicopter flights from Locarno-Magadino and Lodrino airfields.\n<\/p>\n<p><a id=\"seeMore\" onclick=\"toggleSeeMore()\" href=\"javascript:void(0);\">Read more<\/a><\/p>\n","protected":false},"featured_media":87171,"comment_status":"open","ping_status":"closed","template":"","meta":{"inline_featured_image":false,"_mi_skip_tracking":false},"product_cat":[394,570],"product_tag":[],"class_list":["post-93311","product","type-product","status-publish","has-post-thumbnail","hentry","product_cat-helicopter-flight","product_cat-tavanasa-helicopter-flight"],"yoast_head":"<!-- This site is optimized with the Yoast SEO plugin v23.6 - https:\/\/yoast.com\/wordpress\/plugins\/seo\/ -->\n<title>Surselva flight from Tavanasa by helicopter. A 30-minute flight.<\/title>\n<meta name=\"description\" content=\"Surselva flight from Tavanasa by helicopter for a 30-minute flight over the entire Surselva and Grisons mountains. A wunderfull flight\" \/>\n<meta name=\"robots\" content=\"index, follow, max-snippet:-1, max-image-preview:large, max-video-preview:-1\" \/>\n<link rel=\"canonical\" href=\"https:\/\/www.swissraft.ch\/en\/product\/helicopter-flight-tavanasa-surselva\/\" \/>\n<meta property=\"og:locale\" content=\"en_US\" \/>\n<meta property=\"og:type\" content=\"article\" \/>\n<meta property=\"og:title\" content=\"Surselva flight from Tavanasa by helicopter. A 30-minute flight.\" \/>\n<meta property=\"og:description\" content=\"Surselva flight from Tavanasa by helicopter for a 30-minute flight over the entire Surselva and Grisons mountains. A wunderfull flight\" \/>\n<meta property=\"og:url\" content=\"https:\/\/www.swissraft.ch\/en\/product\/helicopter-flight-tavanasa-surselva\/\" \/>\n<meta property=\"og:site_name\" content=\"Swissraft\" \/>\n<meta property=\"article:modified_time\" content=\"2025-06-18T19:33:28+00:00\" \/>\n<meta property=\"og:image\" content=\"https:\/\/www.swissraft.ch\/wp-content\/uploads\/2022\/12\/4-TAVANASA-Surselva-Tour-776x776-2.jpg\" \/>\n\t<meta property=\"og:image:width\" content=\"776\" \/>\n\t<meta property=\"og:image:height\" content=\"776\" \/>\n\t<meta property=\"og:image:type\" content=\"image\/jpeg\" \/>\n<meta name=\"twitter:card\" content=\"summary_large_image\" \/>\n<meta name=\"twitter:label1\" content=\"Est. reading time\" \/>\n\t<meta name=\"twitter:data1\" content=\"1 minute\" \/>\n<script type=\"application\/ld+json\" class=\"yoast-schema-graph\">{\"@context\":\"https:\/\/schema.org\",\"@graph\":[{\"@type\":\"WebPage\",\"@id\":\"https:\/\/www.swissraft.ch\/en\/product\/helicopter-flight-tavanasa-surselva\/\",\"url\":\"https:\/\/www.swissraft.ch\/en\/product\/helicopter-flight-tavanasa-surselva\/\",\"name\":\"Surselva flight from Tavanasa by helicopter. A 30-minute flight.\",\"isPartOf\":{\"@id\":\"https:\/\/www.swissraft.ch\/en\/#website\"},\"primaryImageOfPage\":{\"@id\":\"https:\/\/www.swissraft.ch\/en\/product\/helicopter-flight-tavanasa-surselva\/#primaryimage\"},\"image\":{\"@id\":\"https:\/\/www.swissraft.ch\/en\/product\/helicopter-flight-tavanasa-surselva\/#primaryimage\"},\"thumbnailUrl\":\"https:\/\/www.swissraft.ch\/wp-content\/uploads\/2022\/12\/4-TAVANASA-Surselva-Tour-776x776-2.jpg\",\"datePublished\":\"2022-12-13T21:33:13+00:00\",\"dateModified\":\"2025-06-18T19:33:28+00:00\",\"description\":\"Surselva flight from Tavanasa by helicopter for a 30-minute flight over the entire Surselva and Grisons mountains. A wunderfull flight\",\"breadcrumb\":{\"@id\":\"https:\/\/www.swissraft.ch\/en\/product\/helicopter-flight-tavanasa-surselva\/#breadcrumb\"},\"inLanguage\":\"en-US\",\"potentialAction\":[{\"@type\":\"ReadAction\",\"target\":[\"https:\/\/www.swissraft.ch\/en\/product\/helicopter-flight-tavanasa-surselva\/\"]}]},{\"@type\":\"ImageObject\",\"inLanguage\":\"en-US\",\"@id\":\"https:\/\/www.swissraft.ch\/en\/product\/helicopter-flight-tavanasa-surselva\/#primaryimage\",\"url\":\"https:\/\/www.swissraft.ch\/wp-content\/uploads\/2022\/12\/4-TAVANASA-Surselva-Tour-776x776-2.jpg\",\"contentUrl\":\"https:\/\/www.swissraft.ch\/wp-content\/uploads\/2022\/12\/4-TAVANASA-Surselva-Tour-776x776-2.jpg\",\"width\":776,\"height\":776,\"caption\":\"OLYMPUS DIGITAL CAMERA\"},{\"@type\":\"BreadcrumbList\",\"@id\":\"https:\/\/www.swissraft.ch\/en\/product\/helicopter-flight-tavanasa-surselva\/#breadcrumb\",\"itemListElement\":[{\"@type\":\"ListItem\",\"position\":1,\"name\":\"Accueil\",\"item\":\"https:\/\/www.swissraft.ch\/en\/\"},{\"@type\":\"ListItem\",\"position\":2,\"name\":\"Store\",\"item\":\"https:\/\/www.swissraft.ch\/en\/store\/\"},{\"@type\":\"ListItem\",\"position\":3,\"name\":\"Helicopter flight from TAVANASA &#8211; SURSELVA FLIGHT &#8211; 30 min. &#8211; CHF 1&#8217;440.00\"}]},{\"@type\":\"WebSite\",\"@id\":\"https:\/\/www.swissraft.ch\/en\/#website\",\"url\":\"https:\/\/www.swissraft.ch\/en\/\",\"name\":\"Swissraft\",\"description\":\"To enjoy nature as it is\",\"publisher\":{\"@id\":\"https:\/\/www.swissraft.ch\/en\/#organization\"},\"potentialAction\":[{\"@type\":\"SearchAction\",\"target\":{\"@type\":\"EntryPoint\",\"urlTemplate\":\"https:\/\/www.swissraft.ch\/en\/?s={search_term_string}\"},\"query-input\":{\"@type\":\"PropertyValueSpecification\",\"valueRequired\":true,\"valueName\":\"search_term_string\"}}],\"inLanguage\":\"en-US\"},{\"@type\":\"Organization\",\"@id\":\"https:\/\/www.swissraft.ch\/en\/#organization\",\"name\":\"Swissraft\",\"url\":\"https:\/\/www.swissraft.ch\/en\/\",\"logo\":{\"@type\":\"ImageObject\",\"inLanguage\":\"en-US\",\"@id\":\"https:\/\/www.swissraft.ch\/en\/#\/schema\/logo\/image\/\",\"url\":\"https:\/\/www.swissraft.ch\/wp-content\/uploads\/2025\/09\/Capture.jpg\",\"contentUrl\":\"https:\/\/www.swissraft.ch\/wp-content\/uploads\/2025\/09\/Capture.jpg\",\"width\":293,\"height\":108,\"caption\":\"Swissraft\"},\"image\":{\"@id\":\"https:\/\/www.swissraft.ch\/en\/#\/schema\/logo\/image\/\"}}]}<\/script>\n<!-- \/ Yoast SEO plugin. -->","yoast_head_json":{"title":"Surselva flight from Tavanasa by helicopter. A 30-minute flight.","description":"Surselva flight from Tavanasa by helicopter for a 30-minute flight over the entire Surselva and Grisons mountains. A wunderfull flight","robots":{"index":"index","follow":"follow","max-snippet":"max-snippet:-1","max-image-preview":"max-image-preview:large","max-video-preview":"max-video-preview:-1"},"canonical":"https:\/\/www.swissraft.ch\/en\/product\/helicopter-flight-tavanasa-surselva\/","og_locale":"en_US","og_type":"article","og_title":"Surselva flight from Tavanasa by helicopter. A 30-minute flight.","og_description":"Surselva flight from Tavanasa by helicopter for a 30-minute flight over the entire Surselva and Grisons mountains. A wunderfull flight","og_url":"https:\/\/www.swissraft.ch\/en\/product\/helicopter-flight-tavanasa-surselva\/","og_site_name":"Swissraft","article_modified_time":"2025-06-18T19:33:28+00:00","og_image":[{"width":776,"height":776,"url":"https:\/\/www.swissraft.ch\/wp-content\/uploads\/2022\/12\/4-TAVANASA-Surselva-Tour-776x776-2.jpg","type":"image\/jpeg"}],"twitter_card":"summary_large_image","twitter_misc":{"Est. reading time":"1 minute"},"schema":{"@context":"https:\/\/schema.org","@graph":[{"@type":"WebPage","@id":"https:\/\/www.swissraft.ch\/en\/product\/helicopter-flight-tavanasa-surselva\/","url":"https:\/\/www.swissraft.ch\/en\/product\/helicopter-flight-tavanasa-surselva\/","name":"Surselva flight from Tavanasa by helicopter. A 30-minute flight.","isPartOf":{"@id":"https:\/\/www.swissraft.ch\/en\/#website"},"primaryImageOfPage":{"@id":"https:\/\/www.swissraft.ch\/en\/product\/helicopter-flight-tavanasa-surselva\/#primaryimage"},"image":{"@id":"https:\/\/www.swissraft.ch\/en\/product\/helicopter-flight-tavanasa-surselva\/#primaryimage"},"thumbnailUrl":"https:\/\/www.swissraft.ch\/wp-content\/uploads\/2022\/12\/4-TAVANASA-Surselva-Tour-776x776-2.jpg","datePublished":"2022-12-13T21:33:13+00:00","dateModified":"2025-06-18T19:33:28+00:00","description":"Surselva flight from Tavanasa by helicopter for a 30-minute flight over the entire Surselva and Grisons mountains. A wunderfull flight","breadcrumb":{"@id":"https:\/\/www.swissraft.ch\/en\/product\/helicopter-flight-tavanasa-surselva\/#breadcrumb"},"inLanguage":"en-US","potentialAction":[{"@type":"ReadAction","target":["https:\/\/www.swissraft.ch\/en\/product\/helicopter-flight-tavanasa-surselva\/"]}]},{"@type":"ImageObject","inLanguage":"en-US","@id":"https:\/\/www.swissraft.ch\/en\/product\/helicopter-flight-tavanasa-surselva\/#primaryimage","url":"https:\/\/www.swissraft.ch\/wp-content\/uploads\/2022\/12\/4-TAVANASA-Surselva-Tour-776x776-2.jpg","contentUrl":"https:\/\/www.swissraft.ch\/wp-content\/uploads\/2022\/12\/4-TAVANASA-Surselva-Tour-776x776-2.jpg","width":776,"height":776,"caption":"OLYMPUS DIGITAL CAMERA"},{"@type":"BreadcrumbList","@id":"https:\/\/www.swissraft.ch\/en\/product\/helicopter-flight-tavanasa-surselva\/#breadcrumb","itemListElement":[{"@type":"ListItem","position":1,"name":"Accueil","item":"https:\/\/www.swissraft.ch\/en\/"},{"@type":"ListItem","position":2,"name":"Store","item":"https:\/\/www.swissraft.ch\/en\/store\/"},{"@type":"ListItem","position":3,"name":"Helicopter flight from TAVANASA &#8211; SURSELVA FLIGHT &#8211; 30 min. &#8211; CHF 1&#8217;440.00"}]},{"@type":"WebSite","@id":"https:\/\/www.swissraft.ch\/en\/#website","url":"https:\/\/www.swissraft.ch\/en\/","name":"Swissraft","description":"To enjoy nature as it is","publisher":{"@id":"https:\/\/www.swissraft.ch\/en\/#organization"},"potentialAction":[{"@type":"SearchAction","target":{"@type":"EntryPoint","urlTemplate":"https:\/\/www.swissraft.ch\/en\/?s={search_term_string}"},"query-input":{"@type":"PropertyValueSpecification","valueRequired":true,"valueName":"search_term_string"}}],"inLanguage":"en-US"},{"@type":"Organization","@id":"https:\/\/www.swissraft.ch\/en\/#organization","name":"Swissraft","url":"https:\/\/www.swissraft.ch\/en\/","logo":{"@type":"ImageObject","inLanguage":"en-US","@id":"https:\/\/www.swissraft.ch\/en\/#\/schema\/logo\/image\/","url":"https:\/\/www.swissraft.ch\/wp-content\/uploads\/2025\/09\/Capture.jpg","contentUrl":"https:\/\/www.swissraft.ch\/wp-content\/uploads\/2025\/09\/Capture.jpg","width":293,"height":108,"caption":"Swissraft"},"image":{"@id":"https:\/\/www.swissraft.ch\/en\/#\/schema\/logo\/image\/"}}]}},"_links":{"self":[{"href":"https:\/\/www.swissraft.ch\/en\/wp-json\/wp\/v2\/product\/93311","targetHints":{"allow":["GET"]}}],"collection":[{"href":"https:\/\/www.swissraft.ch\/en\/wp-json\/wp\/v2\/product"}],"about":[{"href":"https:\/\/www.swissraft.ch\/en\/wp-json\/wp\/v2\/types\/product"}],"replies":[{"embeddable":true,"href":"https:\/\/www.swissraft.ch\/en\/wp-json\/wp\/v2\/comments?post=93311"}],"version-history":[{"count":6,"href":"https:\/\/www.swissraft.ch\/en\/wp-json\/wp\/v2\/product\/93311\/revisions"}],"predecessor-version":[{"id":117895,"href":"https:\/\/www.swissraft.ch\/en\/wp-json\/wp\/v2\/product\/93311\/revisions\/117895"}],"wp:featuredmedia":[{"embeddable":true,"href":"https:\/\/www.swissraft.ch\/en\/wp-json\/wp\/v2\/media\/87171"}],"wp:attachment":[{"href":"https:\/\/www.swissraft.ch\/en\/wp-json\/wp\/v2\/media?parent=93311"}],"wp:term":[{"taxonomy":"product_cat","embeddable":true,"href":"https:\/\/www.swissraft.ch\/en\/wp-json\/wp\/v2\/product_cat?post=93311"},{"taxonomy":"product_tag","embeddable":true,"href":"https:\/\/www.swissraft.ch\/en\/wp-json\/wp\/v2\/product_tag?post=93311"}],"curies":[{"name":"wp","href":"https:\/\/api.w.org\/{rel}","templated":true}]}}