{"id":93306,"date":"2022-12-11T21:08:30","date_gmt":"2022-12-11T20:08:30","guid":{"rendered":"https:\/\/swissraft.xyanzkdne.eu\/product\/helicopter-flight-from-samedan-high-engadine-15-min-chf-180-00\/"},"modified":"2025-06-15T02:04:07","modified_gmt":"2025-06-15T00:04:07","slug":"helicopter-flight-samedan-high-engadin","status":"publish","type":"product","link":"https:\/\/www.swissraft.ch\/en\/product\/helicopter-flight-samedan-high-engadin\/","title":{"rendered":"Helicopter flight from SAMEDAN &#8211; HIGH ENGADIN &#8211; 15 min. &#8211; CHF 190.00"},"content":{"rendered":"\t\t<div data-elementor-type=\"wp-post\" data-elementor-id=\"93306\" class=\"elementor elementor-93306 elementor-29625\">\n\t\t\t\t\t\t\t\t\t<section class=\"elementor-section elementor-top-section elementor-element elementor-element-3303a7e3 elementor-section-boxed elementor-section-height-default elementor-section-height-default\" data-id=\"3303a7e3\" data-element_type=\"section\">\n\t\t\t\t\t\t<div class=\"elementor-container elementor-column-gap-default\">\n\t\t\t\t\t<div class=\"elementor-column elementor-col-100 elementor-top-column elementor-element elementor-element-16d72dbf\" data-id=\"16d72dbf\" data-element_type=\"column\">\n\t\t\t<div class=\"elementor-widget-wrap elementor-element-populated\">\n\t\t\t\t\t\t\t\t<div class=\"elementor-element elementor-element-d743c03 elementor-widget elementor-widget-text-editor\" data-id=\"d743c03\" data-element_type=\"widget\" data-widget_type=\"text-editor.default\">\n\t\t\t\t<div class=\"elementor-widget-container\">\n\t\t\t\t\t\t\t<h2>CHOOSE YOUR ACTIVITY BELOW TO OFFER GIFT VOUCHERS \/ TICKETS OR MAKE A RESERVATION<\/h2>\n<table border=\"0\" width=\"580\" cellspacing=\"10\" cellpadding=\"10\">\n<tbody>\n<tr>\n<td width=\"50%\"><strong>HIGH ENGADIN (1-5 pers.) &#8211; 15 min.<\/strong><\/td>\n<td><strong>CHF 190.00 per person<\/strong><\/td>\n<\/tr>\n<tr>\n<td>Additional information<\/td>\n<td>&#8211; You will be with other passengers<br \/>&#8211; Maximum 5 pers.<br \/>&#8211; Private flight with 5 pers.<\/td>\n<\/tr>\n<tr>\n<td>Aerodrome<\/td>\n<td><a href=\"https:\/\/www.google.com\/maps\/place\/46%C2%B031'49.3%22N+9%C2%B052'43.3%22E\/@46.5309513,9.8600862,3106m\/data=!3m1!1e3!4m4!3m3!8m2!3d46.5303611!4d9.8786944?entry=ttu\" target=\"_blank\" rel=\"noopener\">Samedan<\/a><\/td>\n<\/tr>\n<tr>\n<td>Flying time<\/td>\n<td>15 min.<\/td>\n<\/tr>\n<tr>\n<td>Total duration<\/td>\n<td>approx. 45 min.<\/td>\n<\/tr>\n<tr>\n<td>Appointment<\/td>\n<td>By phone<\/td>\n<\/tr>\n<tr>\n<td><button class=\"elementor-button\" type=\"button\"><a href=\"https:\/\/swissraft.outdoorbooking.ch\/fo\/products\/515?base_id=127&amp;category_id=6&amp;order_type=gift_voucher&amp;lang=en\" target=\"_blank\" rel=\"noopener\">PURCHASE GIFT VOUCHER<\/a><\/button><\/td>\n<td>After receiving your ticket\/voucher, please call the phone number located at the top left to make a reservation.<\/td>\n<\/tr>\n<\/tbody>\n<\/table>\n\t\t\t\t\t\t<\/div>\n\t\t\t\t<\/div>\n\t\t\t\t\t<\/div>\n\t\t<\/div>\n\t\t\t\t\t\t\t<\/div>\n\t\t<\/section>\n\t\t\t\t\t\t\t<\/div>\n\t\t","protected":false},"excerpt":{"rendered":"<div align=\"justify\">\n<h2 align=\"justify\">Departure from Samedan, flight over the glaciers of the Upper Engadine<\/h2>\n<h3>This 15-minute flight takes you over several imposing glaciers overlooking St Moritz<\/h3>\n<\/div>\n<div align=\"justify\">\n<p>From Samedan in the Upper Engadine, climb aboard one of our helicopters. You&#8217;ll soon be flying over the glaciers of the Upper Engadine, including the famous Bianco Grat and the Morteratsch glacier. Then Piz Pal\u00fc and Corvatsch, with a magnificent view of St. Moritz.<\/p>\n<h3>Swissraft offers you 3 magnificent helicopter flights from Samedan<\/h3>\n<p id=\"textarea\" style=\"display: none;\">\nWe also take off from the heliports of Untervaz, Flims and Tavanasa in Graub\u00fcnden. We also operate sightseeing flights from Liechtenstein to Balzers and Sitterdorf in Thurgau. We also take off from Zurich-Kloten international airport and Berne-Belp international airport. We also offer flights from Gstaad-Grund heliport and Saanen airfield in the Saanenland region. The same applies to the heliports at Lenk-Simmental, Schattenhalb-Meiringen, Interlaken-Gsteigwiler and Lauterbrunnen. We also offer flights from Pfaffnau in Canton Lucerne and from Erstfeld in Canton Uri. Then we have flights from Buttwil in the canton of Aargau. But also from the K\u00fcssnacht heliport in Canton Schwyz. And from Grenchen airfield in the canton of Solothurn. We also fly from \u00c9pagny en Gruy\u00e8re airfield in the canton of Fribourg. But also from the heliports of Gampel and Collombey, and from Sion airport in Valais. Departing from Locarno and Lodrino airfields in Ticino, we offer some very attractive helicopter tours.<\/p>\n<p><a id=\"seeMore\" onclick=\"toggleSeeMore()\" href=\"javascript:void(0);\">Read more<\/a><\/p>\n","protected":false},"featured_media":86541,"comment_status":"open","ping_status":"closed","template":"","meta":{"inline_featured_image":false,"_mi_skip_tracking":false},"product_cat":[394,569],"product_tag":[],"class_list":["post-93306","product","type-product","status-publish","has-post-thumbnail","hentry","product_cat-helicopter-flight","product_cat-helicopter-flight-samedan"],"yoast_head":"<!-- This site is optimized with the Yoast SEO plugin v23.6 - https:\/\/yoast.com\/wordpress\/plugins\/seo\/ -->\n<title>High Engadin from Samedan by helicopter. A 15-minute flight<\/title>\n<meta name=\"description\" content=\"High Engadin from Samedan by helicopter for a 15-minute flight. during which you fly over the region&#039;s glaciers overlooking St. Moritz. Moritz\" \/>\n<meta name=\"robots\" content=\"index, follow, max-snippet:-1, max-image-preview:large, max-video-preview:-1\" \/>\n<link rel=\"canonical\" href=\"https:\/\/www.swissraft.ch\/en\/product\/helicopter-flight-samedan-high-engadin\/\" \/>\n<meta property=\"og:locale\" content=\"en_US\" \/>\n<meta property=\"og:type\" content=\"article\" \/>\n<meta property=\"og:title\" content=\"High Engadin from Samedan by helicopter. A 15-minute flight\" \/>\n<meta property=\"og:description\" content=\"High Engadin from Samedan by helicopter for a 15-minute flight. during which you fly over the region&#039;s glaciers overlooking St. Moritz. Moritz\" \/>\n<meta property=\"og:url\" content=\"https:\/\/www.swissraft.ch\/en\/product\/helicopter-flight-samedan-high-engadin\/\" \/>\n<meta property=\"og:site_name\" content=\"Swissraft\" \/>\n<meta property=\"article:modified_time\" content=\"2025-06-15T00:04:07+00:00\" \/>\n<meta property=\"og:image\" content=\"https:\/\/www.swissraft.ch\/wp-content\/uploads\/2022\/12\/1-SAMEDAN-ST.-MORITZ-Oberengadiner-Gletscher-776x776-3.jpg\" \/>\n\t<meta property=\"og:image:width\" content=\"776\" \/>\n\t<meta property=\"og:image:height\" content=\"776\" \/>\n\t<meta property=\"og:image:type\" content=\"image\/jpeg\" \/>\n<meta name=\"twitter:card\" content=\"summary_large_image\" \/>\n<meta name=\"twitter:label1\" content=\"Est. reading time\" \/>\n\t<meta name=\"twitter:data1\" content=\"1 minute\" \/>\n<script type=\"application\/ld+json\" class=\"yoast-schema-graph\">{\"@context\":\"https:\/\/schema.org\",\"@graph\":[{\"@type\":\"WebPage\",\"@id\":\"https:\/\/www.swissraft.ch\/en\/product\/helicopter-flight-samedan-high-engadin\/\",\"url\":\"https:\/\/www.swissraft.ch\/en\/product\/helicopter-flight-samedan-high-engadin\/\",\"name\":\"High Engadin from Samedan by helicopter. A 15-minute flight\",\"isPartOf\":{\"@id\":\"https:\/\/www.swissraft.ch\/en\/#website\"},\"primaryImageOfPage\":{\"@id\":\"https:\/\/www.swissraft.ch\/en\/product\/helicopter-flight-samedan-high-engadin\/#primaryimage\"},\"image\":{\"@id\":\"https:\/\/www.swissraft.ch\/en\/product\/helicopter-flight-samedan-high-engadin\/#primaryimage\"},\"thumbnailUrl\":\"https:\/\/www.swissraft.ch\/wp-content\/uploads\/2022\/12\/1-SAMEDAN-ST.-MORITZ-Oberengadiner-Gletscher-776x776-3.jpg\",\"datePublished\":\"2022-12-11T20:08:30+00:00\",\"dateModified\":\"2025-06-15T00:04:07+00:00\",\"description\":\"High Engadin from Samedan by helicopter for a 15-minute flight. during which you fly over the region's glaciers overlooking St. Moritz. Moritz\",\"breadcrumb\":{\"@id\":\"https:\/\/www.swissraft.ch\/en\/product\/helicopter-flight-samedan-high-engadin\/#breadcrumb\"},\"inLanguage\":\"en-US\",\"potentialAction\":[{\"@type\":\"ReadAction\",\"target\":[\"https:\/\/www.swissraft.ch\/en\/product\/helicopter-flight-samedan-high-engadin\/\"]}]},{\"@type\":\"ImageObject\",\"inLanguage\":\"en-US\",\"@id\":\"https:\/\/www.swissraft.ch\/en\/product\/helicopter-flight-samedan-high-engadin\/#primaryimage\",\"url\":\"https:\/\/www.swissraft.ch\/wp-content\/uploads\/2022\/12\/1-SAMEDAN-ST.-MORITZ-Oberengadiner-Gletscher-776x776-3.jpg\",\"contentUrl\":\"https:\/\/www.swissraft.ch\/wp-content\/uploads\/2022\/12\/1-SAMEDAN-ST.-MORITZ-Oberengadiner-Gletscher-776x776-3.jpg\",\"width\":776,\"height\":776,\"caption\":\"High Engadin Helicopter flight from Samedan\"},{\"@type\":\"BreadcrumbList\",\"@id\":\"https:\/\/www.swissraft.ch\/en\/product\/helicopter-flight-samedan-high-engadin\/#breadcrumb\",\"itemListElement\":[{\"@type\":\"ListItem\",\"position\":1,\"name\":\"Accueil\",\"item\":\"https:\/\/www.swissraft.ch\/en\/\"},{\"@type\":\"ListItem\",\"position\":2,\"name\":\"Store\",\"item\":\"https:\/\/www.swissraft.ch\/en\/store\/\"},{\"@type\":\"ListItem\",\"position\":3,\"name\":\"Helicopter flight from SAMEDAN &#8211; HIGH ENGADIN &#8211; 15 min. &#8211; CHF 190.00\"}]},{\"@type\":\"WebSite\",\"@id\":\"https:\/\/www.swissraft.ch\/en\/#website\",\"url\":\"https:\/\/www.swissraft.ch\/en\/\",\"name\":\"Swissraft\",\"description\":\"To enjoy nature as it is\",\"publisher\":{\"@id\":\"https:\/\/www.swissraft.ch\/en\/#organization\"},\"potentialAction\":[{\"@type\":\"SearchAction\",\"target\":{\"@type\":\"EntryPoint\",\"urlTemplate\":\"https:\/\/www.swissraft.ch\/en\/?s={search_term_string}\"},\"query-input\":{\"@type\":\"PropertyValueSpecification\",\"valueRequired\":true,\"valueName\":\"search_term_string\"}}],\"inLanguage\":\"en-US\"},{\"@type\":\"Organization\",\"@id\":\"https:\/\/www.swissraft.ch\/en\/#organization\",\"name\":\"Swissraft\",\"url\":\"https:\/\/www.swissraft.ch\/en\/\",\"logo\":{\"@type\":\"ImageObject\",\"inLanguage\":\"en-US\",\"@id\":\"https:\/\/www.swissraft.ch\/en\/#\/schema\/logo\/image\/\",\"url\":\"https:\/\/www.swissraft.ch\/wp-content\/uploads\/2025\/09\/Capture.jpg\",\"contentUrl\":\"https:\/\/www.swissraft.ch\/wp-content\/uploads\/2025\/09\/Capture.jpg\",\"width\":293,\"height\":108,\"caption\":\"Swissraft\"},\"image\":{\"@id\":\"https:\/\/www.swissraft.ch\/en\/#\/schema\/logo\/image\/\"}}]}<\/script>\n<!-- \/ Yoast SEO plugin. -->","yoast_head_json":{"title":"High Engadin from Samedan by helicopter. A 15-minute flight","description":"High Engadin from Samedan by helicopter for a 15-minute flight. during which you fly over the region's glaciers overlooking St. Moritz. Moritz","robots":{"index":"index","follow":"follow","max-snippet":"max-snippet:-1","max-image-preview":"max-image-preview:large","max-video-preview":"max-video-preview:-1"},"canonical":"https:\/\/www.swissraft.ch\/en\/product\/helicopter-flight-samedan-high-engadin\/","og_locale":"en_US","og_type":"article","og_title":"High Engadin from Samedan by helicopter. A 15-minute flight","og_description":"High Engadin from Samedan by helicopter for a 15-minute flight. during which you fly over the region's glaciers overlooking St. Moritz. Moritz","og_url":"https:\/\/www.swissraft.ch\/en\/product\/helicopter-flight-samedan-high-engadin\/","og_site_name":"Swissraft","article_modified_time":"2025-06-15T00:04:07+00:00","og_image":[{"width":776,"height":776,"url":"https:\/\/www.swissraft.ch\/wp-content\/uploads\/2022\/12\/1-SAMEDAN-ST.-MORITZ-Oberengadiner-Gletscher-776x776-3.jpg","type":"image\/jpeg"}],"twitter_card":"summary_large_image","twitter_misc":{"Est. reading time":"1 minute"},"schema":{"@context":"https:\/\/schema.org","@graph":[{"@type":"WebPage","@id":"https:\/\/www.swissraft.ch\/en\/product\/helicopter-flight-samedan-high-engadin\/","url":"https:\/\/www.swissraft.ch\/en\/product\/helicopter-flight-samedan-high-engadin\/","name":"High Engadin from Samedan by helicopter. A 15-minute flight","isPartOf":{"@id":"https:\/\/www.swissraft.ch\/en\/#website"},"primaryImageOfPage":{"@id":"https:\/\/www.swissraft.ch\/en\/product\/helicopter-flight-samedan-high-engadin\/#primaryimage"},"image":{"@id":"https:\/\/www.swissraft.ch\/en\/product\/helicopter-flight-samedan-high-engadin\/#primaryimage"},"thumbnailUrl":"https:\/\/www.swissraft.ch\/wp-content\/uploads\/2022\/12\/1-SAMEDAN-ST.-MORITZ-Oberengadiner-Gletscher-776x776-3.jpg","datePublished":"2022-12-11T20:08:30+00:00","dateModified":"2025-06-15T00:04:07+00:00","description":"High Engadin from Samedan by helicopter for a 15-minute flight. during which you fly over the region's glaciers overlooking St. Moritz. Moritz","breadcrumb":{"@id":"https:\/\/www.swissraft.ch\/en\/product\/helicopter-flight-samedan-high-engadin\/#breadcrumb"},"inLanguage":"en-US","potentialAction":[{"@type":"ReadAction","target":["https:\/\/www.swissraft.ch\/en\/product\/helicopter-flight-samedan-high-engadin\/"]}]},{"@type":"ImageObject","inLanguage":"en-US","@id":"https:\/\/www.swissraft.ch\/en\/product\/helicopter-flight-samedan-high-engadin\/#primaryimage","url":"https:\/\/www.swissraft.ch\/wp-content\/uploads\/2022\/12\/1-SAMEDAN-ST.-MORITZ-Oberengadiner-Gletscher-776x776-3.jpg","contentUrl":"https:\/\/www.swissraft.ch\/wp-content\/uploads\/2022\/12\/1-SAMEDAN-ST.-MORITZ-Oberengadiner-Gletscher-776x776-3.jpg","width":776,"height":776,"caption":"High Engadin Helicopter flight from Samedan"},{"@type":"BreadcrumbList","@id":"https:\/\/www.swissraft.ch\/en\/product\/helicopter-flight-samedan-high-engadin\/#breadcrumb","itemListElement":[{"@type":"ListItem","position":1,"name":"Accueil","item":"https:\/\/www.swissraft.ch\/en\/"},{"@type":"ListItem","position":2,"name":"Store","item":"https:\/\/www.swissraft.ch\/en\/store\/"},{"@type":"ListItem","position":3,"name":"Helicopter flight from SAMEDAN &#8211; HIGH ENGADIN &#8211; 15 min. &#8211; CHF 190.00"}]},{"@type":"WebSite","@id":"https:\/\/www.swissraft.ch\/en\/#website","url":"https:\/\/www.swissraft.ch\/en\/","name":"Swissraft","description":"To enjoy nature as it is","publisher":{"@id":"https:\/\/www.swissraft.ch\/en\/#organization"},"potentialAction":[{"@type":"SearchAction","target":{"@type":"EntryPoint","urlTemplate":"https:\/\/www.swissraft.ch\/en\/?s={search_term_string}"},"query-input":{"@type":"PropertyValueSpecification","valueRequired":true,"valueName":"search_term_string"}}],"inLanguage":"en-US"},{"@type":"Organization","@id":"https:\/\/www.swissraft.ch\/en\/#organization","name":"Swissraft","url":"https:\/\/www.swissraft.ch\/en\/","logo":{"@type":"ImageObject","inLanguage":"en-US","@id":"https:\/\/www.swissraft.ch\/en\/#\/schema\/logo\/image\/","url":"https:\/\/www.swissraft.ch\/wp-content\/uploads\/2025\/09\/Capture.jpg","contentUrl":"https:\/\/www.swissraft.ch\/wp-content\/uploads\/2025\/09\/Capture.jpg","width":293,"height":108,"caption":"Swissraft"},"image":{"@id":"https:\/\/www.swissraft.ch\/en\/#\/schema\/logo\/image\/"}}]}},"_links":{"self":[{"href":"https:\/\/www.swissraft.ch\/en\/wp-json\/wp\/v2\/product\/93306","targetHints":{"allow":["GET"]}}],"collection":[{"href":"https:\/\/www.swissraft.ch\/en\/wp-json\/wp\/v2\/product"}],"about":[{"href":"https:\/\/www.swissraft.ch\/en\/wp-json\/wp\/v2\/types\/product"}],"replies":[{"embeddable":true,"href":"https:\/\/www.swissraft.ch\/en\/wp-json\/wp\/v2\/comments?post=93306"}],"version-history":[{"count":8,"href":"https:\/\/www.swissraft.ch\/en\/wp-json\/wp\/v2\/product\/93306\/revisions"}],"predecessor-version":[{"id":117742,"href":"https:\/\/www.swissraft.ch\/en\/wp-json\/wp\/v2\/product\/93306\/revisions\/117742"}],"wp:featuredmedia":[{"embeddable":true,"href":"https:\/\/www.swissraft.ch\/en\/wp-json\/wp\/v2\/media\/86541"}],"wp:attachment":[{"href":"https:\/\/www.swissraft.ch\/en\/wp-json\/wp\/v2\/media?parent=93306"}],"wp:term":[{"taxonomy":"product_cat","embeddable":true,"href":"https:\/\/www.swissraft.ch\/en\/wp-json\/wp\/v2\/product_cat?post=93306"},{"taxonomy":"product_tag","embeddable":true,"href":"https:\/\/www.swissraft.ch\/en\/wp-json\/wp\/v2\/product_tag?post=93306"}],"curies":[{"name":"wp","href":"https:\/\/api.w.org\/{rel}","templated":true}]}}