{"id":93295,"date":"2022-12-11T14:35:15","date_gmt":"2022-12-11T13:35:15","guid":{"rendered":"https:\/\/swissraft.xyanzkdne.eu\/product\/helicopter-flight-from-epagny-la-jungfraujoch-75-min-chf-2495-00\/"},"modified":"2026-02-05T04:38:31","modified_gmt":"2026-02-05T03:38:31","slug":"helicopter-flight-epagny-private-flight","status":"publish","type":"product","link":"https:\/\/www.swissraft.ch\/en\/product\/helicopter-flight-epagny-private-flight\/","title":{"rendered":"Helicopter flight from \u00c9PAGNY &#8211; THE JUNGFRAU &#8211; 75 min. &#8211; CHF 2&#8217;645.00"},"content":{"rendered":"\t\t<div data-elementor-type=\"wp-post\" data-elementor-id=\"93295\" class=\"elementor elementor-93295 elementor-29588\">\n\t\t\t\t\t\t\t\t\t<section class=\"elementor-section elementor-top-section elementor-element elementor-element-3303a7e3 elementor-section-boxed elementor-section-height-default elementor-section-height-default\" data-id=\"3303a7e3\" data-element_type=\"section\">\n\t\t\t\t\t\t<div class=\"elementor-container elementor-column-gap-default\">\n\t\t\t\t\t<div class=\"elementor-column elementor-col-100 elementor-top-column elementor-element elementor-element-16d72dbf\" data-id=\"16d72dbf\" data-element_type=\"column\">\n\t\t\t<div class=\"elementor-widget-wrap elementor-element-populated\">\n\t\t\t\t\t\t\t\t<div class=\"elementor-element elementor-element-d743c03 elementor-widget elementor-widget-text-editor\" data-id=\"d743c03\" data-element_type=\"widget\" data-widget_type=\"text-editor.default\">\n\t\t\t\t<div class=\"elementor-widget-container\">\n\t\t\t\t\t\t\t<h2>CHOOSE YOUR ACTIVITY BELOW TO OFFER GIFT VOUCHERS \/ TICKETS OR MAKE A RESERVATION<\/h2><table border=\"0\" width=\"580\" cellspacing=\"10\" cellpadding=\"10\"><tbody><tr><td width=\"50%\"><strong>JUNGFRAU &#8211; PRIVATE FLIGHT (1-4 pers.) &#8211; 75 min.<\/strong><\/td><td><strong>CHF <span class=\"productPrice\">2&#8217;645.00 per private flight<br \/><\/span><\/strong><\/td><\/tr><tr><td>Further information<\/td><td>&#8211; The helicopter is exclusively at your disposal<br \/>&#8211; You determine the date and time of departure<br \/>&#8211; Maximum 4 pers.<br \/>&#8211; 5 passengers on request<\/td><\/tr><tr><td>Airfield<\/td><td><a href=\"https:\/\/www.google.com\/maps\/place\/A%C3%A9rodrome+de+la+Gruy%C3%A8re\/@46.5952055,7.0843047,1551m\/data=!3m1!1e3!4m6!3m5!1s0x478e89f722c3d039:0xd4423e0e6ea8594d!8m2!3d46.5948613!4d7.0933586!16s%2Fg%2F120t9782?entry=ttu\" target=\"_blank\" rel=\"noopener\">\u00c9pagny<\/a><\/td><\/tr><tr><td>Flying time<\/td><td>75 min.<\/td><\/tr><tr><td>Total duration<\/td><td>approx. 1.45 hr<\/td><\/tr><tr><td>Appointment<\/td><td>By phone<\/td><\/tr><tr><td><button class=\"elementor-button\" type=\"button\"><a href=\"https:\/\/swissraft.outdoorbooking.ch\/fo\/products\/1832?base_id=125&amp;category_id=6&amp;order_type=gift_voucher&amp;lang=en\" target=\"_blank\" rel=\"noopener\">PURCHASE GIFT VOUCHER \/ TICKET<\/a><\/button><\/td><td><strong><em>IMPORTANT !<\/em><\/strong><br \/><em>To book, call the number at the top left of the gift voucher \/ ticket.<\/em><\/td><\/tr><\/tbody><\/table>\t\t\t\t\t\t<\/div>\n\t\t\t\t<\/div>\n\t\t\t\t\t<\/div>\n\t\t<\/div>\n\t\t\t\t\t\t\t<\/div>\n\t\t<\/section>\n\t\t\t\t<section class=\"elementor-section elementor-top-section elementor-element elementor-element-84e178d elementor-section-boxed elementor-section-height-default elementor-section-height-default\" data-id=\"84e178d\" data-element_type=\"section\">\n\t\t\t\t\t\t<div class=\"elementor-container elementor-column-gap-default\">\n\t\t\t\t\t<div class=\"elementor-column elementor-col-100 elementor-top-column elementor-element elementor-element-b7a6df5\" data-id=\"b7a6df5\" data-element_type=\"column\">\n\t\t\t<div class=\"elementor-widget-wrap elementor-element-populated\">\n\t\t\t\t\t\t\t\t<div class=\"elementor-element elementor-element-5ce7f71 elementor-widget elementor-widget-text-editor\" data-id=\"5ce7f71\" data-element_type=\"widget\" data-widget_type=\"text-editor.default\">\n\t\t\t\t<div class=\"elementor-widget-container\">\n\t\t\t\t\t\t\t<h2>CHOOSE YOUR ACTIVITY BELOW TO OFFER GIFT VOUCHERS \/ TICKETS OR MAKE A RESERVATION<\/h2>\n\t\t\t\t\t\t<\/div>\n\t\t\t\t<\/div>\n\t\t\t\t\t<\/div>\n\t\t<\/div>\n\t\t\t\t\t\t\t<\/div>\n\t\t<\/section>\n\t\t\t\t\t\t\t<\/div>\n\t\t","protected":false},"excerpt":{"rendered":"<div align=\"justify\">\n<h2 align=\"justify\">With this 75-minute flight you can conquer the Jungfrau.<\/h2>\n<h3>Depart from \u00c9pagny en Gruy\u00e8re aerodrome and take a helicopter flight over numerous glaciers and peaks in the region and in the Bernese Oberland.<\/h3>\n<\/div>\n<div align=\"justify\">\n<p>You take off from \u00c9pagny en Gruy\u00e8re in our helicopter to Charmey, the Gastlosen, Adelboden and Lake Oeschinen. Then on to the Bl\u00fcemlisalp, the Jungfrau, the Aletsch glacier, the Lang glacier and the L\u00f6tschental valley. The flight continues to the Balmhorn, the Plaine Morte glacier and Sch\u00f6nried, before resting in \u00c9pagny. On request, our 5-passenger Ecureuil helicopter can land on the Jungfraujoch. The program includes a visit to the Ice Palace and catering.<\/p>\n<h3>More than 150 helicopter itineraries are available on the Swissraft website. Don&#8217;t hesitate to contact us by e-mail or telephone.<\/h3>\n<p id=\"textarea\" style=\"display: none;\">\nWe also operate flights from the heliports of Gampel and Collombey, as well as from Sion airport in Valais. But also from the Interlaken-Gsteigwiler heliport. As well as from Gstaad-Grund heliport and Saanen aerodrome in Saanenland. On the one hand, we take off from the heliports of Lauterbrunnen, Lenk-Simmental and Schattenhalb-Meiringen. We also take off from Berne-Belp international airport. In fact, we operate flights from Grenchen airport in the canton of Solothurn. We also have sightseeing flights from Zurich-Kloten international airport. What&#8217;s more, we take off from the Pfaffnau heliport in the canton of Lucerne. Then we offer helicopter tours from Erstfeld in the canton of Uri. The same applies in Canton Schwyz, departing from K\u00fcssnacht heliport. What&#8217;s more, we take off from Buttwil in Canton Aargau. But we also have tours departing from Locarno and Lodrino airfields in Ticino. We also offer helicopter tours from Samedan airfield. In addition, we have flights from the heliports of Flims, Tavanasa and Untervaz in Graub\u00fcnden. We also offer helicopter flights from Balzers and from Sitterdorf airfield in Thurgau.\n<\/p>\n<p><a id=\"seeMore\" onclick=\"toggleSeeMore()\" href=\"javascript:void(0);\">Read more<\/a><\/p>\n","protected":false},"featured_media":87459,"comment_status":"open","ping_status":"closed","template":"","meta":{"inline_featured_image":false,"_mi_skip_tracking":false},"product_cat":[394,479],"product_tag":[],"class_list":["post-93295","product","type-product","status-publish","has-post-thumbnail","hentry","product_cat-helicopter-flight","product_cat-helicopter-flight-epagny"],"yoast_head":"<!-- This site is optimized with the Yoast SEO plugin v23.6 - https:\/\/yoast.com\/wordpress\/plugins\/seo\/ -->\n<title>Jungfrau private flight from \u00c9pagny. A 75-minute flight<\/title>\n<meta name=\"description\" content=\"Jungfrau private flight with helicopter from \u00c9pagny. Fly over the peaks and glaciers of the region and the Bernese Oberland\" \/>\n<meta name=\"robots\" content=\"index, follow, max-snippet:-1, max-image-preview:large, max-video-preview:-1\" \/>\n<link rel=\"canonical\" href=\"https:\/\/www.swissraft.ch\/en\/product\/helicopter-flight-epagny-private-flight\/\" \/>\n<meta property=\"og:locale\" content=\"en_US\" \/>\n<meta property=\"og:type\" content=\"article\" \/>\n<meta property=\"og:title\" content=\"Jungfrau private flight from \u00c9pagny. A 75-minute flight\" \/>\n<meta property=\"og:description\" content=\"Jungfrau private flight with helicopter from \u00c9pagny. Fly over the peaks and glaciers of the region and the Bernese Oberland\" \/>\n<meta property=\"og:url\" content=\"https:\/\/www.swissraft.ch\/en\/product\/helicopter-flight-epagny-private-flight\/\" \/>\n<meta property=\"og:site_name\" content=\"Swissraft\" \/>\n<meta property=\"article:modified_time\" content=\"2026-02-05T03:38:31+00:00\" \/>\n<meta property=\"og:image\" content=\"https:\/\/www.swissraft.ch\/wp-content\/uploads\/2022\/12\/07-EPAGNY-Die-Jungfrau-776x776-2.jpg\" \/>\n\t<meta property=\"og:image:width\" content=\"776\" \/>\n\t<meta property=\"og:image:height\" content=\"776\" \/>\n\t<meta property=\"og:image:type\" content=\"image\/jpeg\" \/>\n<meta name=\"twitter:card\" content=\"summary_large_image\" \/>\n<meta name=\"twitter:label1\" content=\"Est. reading time\" \/>\n\t<meta name=\"twitter:data1\" content=\"1 minute\" \/>\n<script type=\"application\/ld+json\" class=\"yoast-schema-graph\">{\"@context\":\"https:\/\/schema.org\",\"@graph\":[{\"@type\":\"WebPage\",\"@id\":\"https:\/\/www.swissraft.ch\/en\/product\/helicopter-flight-epagny-private-flight\/\",\"url\":\"https:\/\/www.swissraft.ch\/en\/product\/helicopter-flight-epagny-private-flight\/\",\"name\":\"Jungfrau private flight from \u00c9pagny. A 75-minute flight\",\"isPartOf\":{\"@id\":\"https:\/\/www.swissraft.ch\/en\/#website\"},\"primaryImageOfPage\":{\"@id\":\"https:\/\/www.swissraft.ch\/en\/product\/helicopter-flight-epagny-private-flight\/#primaryimage\"},\"image\":{\"@id\":\"https:\/\/www.swissraft.ch\/en\/product\/helicopter-flight-epagny-private-flight\/#primaryimage\"},\"thumbnailUrl\":\"https:\/\/www.swissraft.ch\/wp-content\/uploads\/2022\/12\/07-EPAGNY-Die-Jungfrau-776x776-2.jpg\",\"datePublished\":\"2022-12-11T13:35:15+00:00\",\"dateModified\":\"2026-02-05T03:38:31+00:00\",\"description\":\"Jungfrau private flight with helicopter from \u00c9pagny. Fly over the peaks and glaciers of the region and the Bernese Oberland\",\"breadcrumb\":{\"@id\":\"https:\/\/www.swissraft.ch\/en\/product\/helicopter-flight-epagny-private-flight\/#breadcrumb\"},\"inLanguage\":\"en-US\",\"potentialAction\":[{\"@type\":\"ReadAction\",\"target\":[\"https:\/\/www.swissraft.ch\/en\/product\/helicopter-flight-epagny-private-flight\/\"]}]},{\"@type\":\"ImageObject\",\"inLanguage\":\"en-US\",\"@id\":\"https:\/\/www.swissraft.ch\/en\/product\/helicopter-flight-epagny-private-flight\/#primaryimage\",\"url\":\"https:\/\/www.swissraft.ch\/wp-content\/uploads\/2022\/12\/07-EPAGNY-Die-Jungfrau-776x776-2.jpg\",\"contentUrl\":\"https:\/\/www.swissraft.ch\/wp-content\/uploads\/2022\/12\/07-EPAGNY-Die-Jungfrau-776x776-2.jpg\",\"width\":776,\"height\":776,\"caption\":\"Jungfrau private flight from \u00c9pagny by helicopter\"},{\"@type\":\"BreadcrumbList\",\"@id\":\"https:\/\/www.swissraft.ch\/en\/product\/helicopter-flight-epagny-private-flight\/#breadcrumb\",\"itemListElement\":[{\"@type\":\"ListItem\",\"position\":1,\"name\":\"Accueil\",\"item\":\"https:\/\/www.swissraft.ch\/en\/\"},{\"@type\":\"ListItem\",\"position\":2,\"name\":\"Store\",\"item\":\"https:\/\/www.swissraft.ch\/en\/store\/\"},{\"@type\":\"ListItem\",\"position\":3,\"name\":\"Helicopter flight from \u00c9PAGNY &#8211; THE JUNGFRAU &#8211; 75 min. &#8211; CHF 2&rsquo;645.00\"}]},{\"@type\":\"WebSite\",\"@id\":\"https:\/\/www.swissraft.ch\/en\/#website\",\"url\":\"https:\/\/www.swissraft.ch\/en\/\",\"name\":\"Swissraft\",\"description\":\"To enjoy nature as it is\",\"publisher\":{\"@id\":\"https:\/\/www.swissraft.ch\/en\/#organization\"},\"potentialAction\":[{\"@type\":\"SearchAction\",\"target\":{\"@type\":\"EntryPoint\",\"urlTemplate\":\"https:\/\/www.swissraft.ch\/en\/?s={search_term_string}\"},\"query-input\":{\"@type\":\"PropertyValueSpecification\",\"valueRequired\":true,\"valueName\":\"search_term_string\"}}],\"inLanguage\":\"en-US\"},{\"@type\":\"Organization\",\"@id\":\"https:\/\/www.swissraft.ch\/en\/#organization\",\"name\":\"Swissraft\",\"url\":\"https:\/\/www.swissraft.ch\/en\/\",\"logo\":{\"@type\":\"ImageObject\",\"inLanguage\":\"en-US\",\"@id\":\"https:\/\/www.swissraft.ch\/en\/#\/schema\/logo\/image\/\",\"url\":\"https:\/\/www.swissraft.ch\/wp-content\/uploads\/2025\/09\/Capture.jpg\",\"contentUrl\":\"https:\/\/www.swissraft.ch\/wp-content\/uploads\/2025\/09\/Capture.jpg\",\"width\":293,\"height\":108,\"caption\":\"Swissraft\"},\"image\":{\"@id\":\"https:\/\/www.swissraft.ch\/en\/#\/schema\/logo\/image\/\"}}]}<\/script>\n<!-- \/ Yoast SEO plugin. -->","yoast_head_json":{"title":"Jungfrau private flight from \u00c9pagny. A 75-minute flight","description":"Jungfrau private flight with helicopter from \u00c9pagny. Fly over the peaks and glaciers of the region and the Bernese Oberland","robots":{"index":"index","follow":"follow","max-snippet":"max-snippet:-1","max-image-preview":"max-image-preview:large","max-video-preview":"max-video-preview:-1"},"canonical":"https:\/\/www.swissraft.ch\/en\/product\/helicopter-flight-epagny-private-flight\/","og_locale":"en_US","og_type":"article","og_title":"Jungfrau private flight from \u00c9pagny. A 75-minute flight","og_description":"Jungfrau private flight with helicopter from \u00c9pagny. Fly over the peaks and glaciers of the region and the Bernese Oberland","og_url":"https:\/\/www.swissraft.ch\/en\/product\/helicopter-flight-epagny-private-flight\/","og_site_name":"Swissraft","article_modified_time":"2026-02-05T03:38:31+00:00","og_image":[{"width":776,"height":776,"url":"https:\/\/www.swissraft.ch\/wp-content\/uploads\/2022\/12\/07-EPAGNY-Die-Jungfrau-776x776-2.jpg","type":"image\/jpeg"}],"twitter_card":"summary_large_image","twitter_misc":{"Est. reading time":"1 minute"},"schema":{"@context":"https:\/\/schema.org","@graph":[{"@type":"WebPage","@id":"https:\/\/www.swissraft.ch\/en\/product\/helicopter-flight-epagny-private-flight\/","url":"https:\/\/www.swissraft.ch\/en\/product\/helicopter-flight-epagny-private-flight\/","name":"Jungfrau private flight from \u00c9pagny. A 75-minute flight","isPartOf":{"@id":"https:\/\/www.swissraft.ch\/en\/#website"},"primaryImageOfPage":{"@id":"https:\/\/www.swissraft.ch\/en\/product\/helicopter-flight-epagny-private-flight\/#primaryimage"},"image":{"@id":"https:\/\/www.swissraft.ch\/en\/product\/helicopter-flight-epagny-private-flight\/#primaryimage"},"thumbnailUrl":"https:\/\/www.swissraft.ch\/wp-content\/uploads\/2022\/12\/07-EPAGNY-Die-Jungfrau-776x776-2.jpg","datePublished":"2022-12-11T13:35:15+00:00","dateModified":"2026-02-05T03:38:31+00:00","description":"Jungfrau private flight with helicopter from \u00c9pagny. Fly over the peaks and glaciers of the region and the Bernese Oberland","breadcrumb":{"@id":"https:\/\/www.swissraft.ch\/en\/product\/helicopter-flight-epagny-private-flight\/#breadcrumb"},"inLanguage":"en-US","potentialAction":[{"@type":"ReadAction","target":["https:\/\/www.swissraft.ch\/en\/product\/helicopter-flight-epagny-private-flight\/"]}]},{"@type":"ImageObject","inLanguage":"en-US","@id":"https:\/\/www.swissraft.ch\/en\/product\/helicopter-flight-epagny-private-flight\/#primaryimage","url":"https:\/\/www.swissraft.ch\/wp-content\/uploads\/2022\/12\/07-EPAGNY-Die-Jungfrau-776x776-2.jpg","contentUrl":"https:\/\/www.swissraft.ch\/wp-content\/uploads\/2022\/12\/07-EPAGNY-Die-Jungfrau-776x776-2.jpg","width":776,"height":776,"caption":"Jungfrau private flight from \u00c9pagny by helicopter"},{"@type":"BreadcrumbList","@id":"https:\/\/www.swissraft.ch\/en\/product\/helicopter-flight-epagny-private-flight\/#breadcrumb","itemListElement":[{"@type":"ListItem","position":1,"name":"Accueil","item":"https:\/\/www.swissraft.ch\/en\/"},{"@type":"ListItem","position":2,"name":"Store","item":"https:\/\/www.swissraft.ch\/en\/store\/"},{"@type":"ListItem","position":3,"name":"Helicopter flight from \u00c9PAGNY &#8211; THE JUNGFRAU &#8211; 75 min. &#8211; CHF 2&rsquo;645.00"}]},{"@type":"WebSite","@id":"https:\/\/www.swissraft.ch\/en\/#website","url":"https:\/\/www.swissraft.ch\/en\/","name":"Swissraft","description":"To enjoy nature as it is","publisher":{"@id":"https:\/\/www.swissraft.ch\/en\/#organization"},"potentialAction":[{"@type":"SearchAction","target":{"@type":"EntryPoint","urlTemplate":"https:\/\/www.swissraft.ch\/en\/?s={search_term_string}"},"query-input":{"@type":"PropertyValueSpecification","valueRequired":true,"valueName":"search_term_string"}}],"inLanguage":"en-US"},{"@type":"Organization","@id":"https:\/\/www.swissraft.ch\/en\/#organization","name":"Swissraft","url":"https:\/\/www.swissraft.ch\/en\/","logo":{"@type":"ImageObject","inLanguage":"en-US","@id":"https:\/\/www.swissraft.ch\/en\/#\/schema\/logo\/image\/","url":"https:\/\/www.swissraft.ch\/wp-content\/uploads\/2025\/09\/Capture.jpg","contentUrl":"https:\/\/www.swissraft.ch\/wp-content\/uploads\/2025\/09\/Capture.jpg","width":293,"height":108,"caption":"Swissraft"},"image":{"@id":"https:\/\/www.swissraft.ch\/en\/#\/schema\/logo\/image\/"}}]}},"_links":{"self":[{"href":"https:\/\/www.swissraft.ch\/en\/wp-json\/wp\/v2\/product\/93295","targetHints":{"allow":["GET"]}}],"collection":[{"href":"https:\/\/www.swissraft.ch\/en\/wp-json\/wp\/v2\/product"}],"about":[{"href":"https:\/\/www.swissraft.ch\/en\/wp-json\/wp\/v2\/types\/product"}],"replies":[{"embeddable":true,"href":"https:\/\/www.swissraft.ch\/en\/wp-json\/wp\/v2\/comments?post=93295"}],"version-history":[{"count":18,"href":"https:\/\/www.swissraft.ch\/en\/wp-json\/wp\/v2\/product\/93295\/revisions"}],"predecessor-version":[{"id":129269,"href":"https:\/\/www.swissraft.ch\/en\/wp-json\/wp\/v2\/product\/93295\/revisions\/129269"}],"wp:featuredmedia":[{"embeddable":true,"href":"https:\/\/www.swissraft.ch\/en\/wp-json\/wp\/v2\/media\/87459"}],"wp:attachment":[{"href":"https:\/\/www.swissraft.ch\/en\/wp-json\/wp\/v2\/media?parent=93295"}],"wp:term":[{"taxonomy":"product_cat","embeddable":true,"href":"https:\/\/www.swissraft.ch\/en\/wp-json\/wp\/v2\/product_cat?post=93295"},{"taxonomy":"product_tag","embeddable":true,"href":"https:\/\/www.swissraft.ch\/en\/wp-json\/wp\/v2\/product_tag?post=93295"}],"curies":[{"name":"wp","href":"https:\/\/api.w.org\/{rel}","templated":true}]}}