{"id":93290,"date":"2022-12-11T14:44:46","date_gmt":"2022-12-11T13:44:46","guid":{"rendered":"https:\/\/swissraft.xyanzkdne.eu\/product\/helicopter-flight-from-epagny-le-mont-blanc-90-min-chf-2990-00\/"},"modified":"2026-02-05T04:56:36","modified_gmt":"2026-02-05T03:56:36","slug":"helicopter-flight-epagny-mont-blanc","status":"publish","type":"product","link":"https:\/\/www.swissraft.ch\/en\/product\/helicopter-flight-epagny-mont-blanc\/","title":{"rendered":"Helicopter flight from \u00c9PAGNY &#8211; THE MONT BLANC &#8211; 90 min. &#8211; CHF 3&#8217;170.00"},"content":{"rendered":"\t\t<div data-elementor-type=\"wp-post\" data-elementor-id=\"93290\" class=\"elementor elementor-93290 elementor-29599\">\n\t\t\t\t\t\t\t\t\t<section class=\"elementor-section elementor-top-section elementor-element elementor-element-3303a7e3 elementor-section-boxed elementor-section-height-default elementor-section-height-default\" data-id=\"3303a7e3\" data-element_type=\"section\">\n\t\t\t\t\t\t<div class=\"elementor-container elementor-column-gap-default\">\n\t\t\t\t\t<div class=\"elementor-column elementor-col-100 elementor-top-column elementor-element elementor-element-16d72dbf\" data-id=\"16d72dbf\" data-element_type=\"column\">\n\t\t\t<div class=\"elementor-widget-wrap elementor-element-populated\">\n\t\t\t\t\t\t\t\t<div class=\"elementor-element elementor-element-d743c03 elementor-widget elementor-widget-text-editor\" data-id=\"d743c03\" data-element_type=\"widget\" data-widget_type=\"text-editor.default\">\n\t\t\t\t<div class=\"elementor-widget-container\">\n\t\t\t\t\t\t\t<h2>CHOOSE YOUR ACTIVITY BELOW TO OFFER GIFT VOUCHERS \/ TICKETS OR MAKE A RESERVATION<\/h2><table border=\"0\" width=\"580\" cellspacing=\"10\" cellpadding=\"10\"><tbody><tr><td width=\"50%\"><strong>THE MONT BLANC &#8211; PRIVATE FLIGHT (1-4 pers.) &#8211; 90 min.<\/strong><\/td><td><strong>CHF 3<span class=\"productPrice\">&#8216;170.00 per private flight<br \/><\/span><\/strong><\/td><\/tr><tr><td>Further information<\/td><td>&#8211; The helicopter is exclusively at your disposal<br \/>&#8211; You determine the date and time of departure<br \/>&#8211; Maximum 4 pers.<br \/>&#8211; 5 passengers on request<\/td><\/tr><tr><td>Airfield<\/td><td><a href=\"https:\/\/www.google.com\/maps\/place\/A%C3%A9rodrome+de+la+Gruy%C3%A8re\/@46.5952055,7.0843047,1551m\/data=!3m1!1e3!4m6!3m5!1s0x478e89f722c3d039:0xd4423e0e6ea8594d!8m2!3d46.5948613!4d7.0933586!16s%2Fg%2F120t9782?entry=ttu\" target=\"_blank\" rel=\"noopener\">\u00c9pagny<\/a><\/td><\/tr><tr><td>Flight time<\/td><td>90 min.<\/td><\/tr><tr><td>Total duration<\/td><td>approx. 2 hrs<\/td><\/tr><tr><td>Appointment<\/td><td>By phone<\/td><\/tr><tr><td><button class=\"elementor-button\" type=\"button\"><a href=\"https:\/\/swissraft.outdoorbooking.ch\/fo\/products\/64?base_id=125&amp;category_id=6&amp;order_type=gift_voucher&amp;lang=en\" target=\"_blank\" rel=\"noopener\">PURCHASE GIFT VOUCHER \/ TICKET<\/a><\/button><\/td><td><strong><em>IMPORTANT !<\/em><\/strong><br \/><em>To book, call the number at the top left of the gift voucher \/ ticket.<\/em><\/td><\/tr><\/tbody><\/table>\t\t\t\t\t\t<\/div>\n\t\t\t\t<\/div>\n\t\t\t\t\t<\/div>\n\t\t<\/div>\n\t\t\t\t\t\t\t<\/div>\n\t\t<\/section>\n\t\t\t\t\t\t\t<\/div>\n\t\t","protected":false},"excerpt":{"rendered":"<div align=\"justify\">\n<h2 align=\"justify\">Depart from \u00c9pagny for a dazzling 90-minute flight. You&#8217;ll fly to Mont Blanc, the roof of Europe.<\/h2>\n<h3>The Swiss and French Alps are yours to explore in all their splendour on this helicopter tour.<\/h3>\n<\/div>\n<div align=\"justify\">\n<p>You take off from \u00c9pagny en Gruy\u00e8re aboard one of our helicopters for the Mol\u00e9son and Rochers de Naye. Then it&#8217;s on to Lake Geneva and the Dents du Midi. Lac d&#8217;Emosson- and Chamonix. Before you lies the imposing Mont Blanc massif, then the famous Grandes Jorasses. Then there&#8217;s the Trient glacier, Petit-Combin, Verbier resort in Valais and the Rh\u00f4ne valley. The flight continues towards the Grand-Muveran (3051 m), the Col des Mosses before returning to land at \u00c9pagny.<\/p>\n<h3>The Swissraft website offers a wide range of spectacular helicopter tours.<\/h3>\n<p id=\"textarea\" style=\"display: none;\">\nWe take off from Sion airport in Valais and the heliports of Gampel and Collombey. We also offer helicopter tours departing from the Interlaken-Gsteigwiler heliport. On the one hand, we take off from Gstaad-Grund heliport and Saanen airfield in Saanenland. We also take off from the heliports of Lauterbrunnen, Lenk-Simmental and Schattenhalb-Meiringen in the Bernese Oberland. We also offer flights from Berne-Belp international airport. We also offer flights from Grenchen airport to the canton of Solothurn. But also from Zurich-Kloten international airport. Then we&#8217;re off to the Pfaffnau heliport in the canton of Lucerne. We also run helicopter tours in the canton of Uri, departing from Erstfeld heliport. We also fly into the canton of Schwyz from the K\u00fcssnacht heliport. We also take off from Buttwil in Canton Aargau. We also operate sightseeing flights in Ticino from Locarno-Magadino and Lodrino airfields. In fact, we take off by helicopter from Samedan airfield all year round. We also continue to offer tours from the heliports of Flims, Tavanasa and Untervaz in Graub\u00fcnden. Finally, in Liechtenstein we offer helicopter flights from Balzers and from Sitterdorf airfield in Thurgau.\n<\/p>\n<p><a id=\"seeMore\" onclick=\"toggleSeeMore()\" href=\"javascript:void(0);\">Read more<\/a><\/p>\n","protected":false},"featured_media":87495,"comment_status":"open","ping_status":"closed","template":"","meta":{"inline_featured_image":false,"_mi_skip_tracking":false},"product_cat":[394,479],"product_tag":[],"class_list":["post-93290","product","type-product","status-publish","has-post-thumbnail","hentry","product_cat-helicopter-flight","product_cat-helicopter-flight-epagny"],"yoast_head":"<!-- This site is optimized with the Yoast SEO plugin v23.6 - https:\/\/yoast.com\/wordpress\/plugins\/seo\/ -->\n<title>The Mont Blanc a 90-minute helicopter flight from \u00c9pagny<\/title>\n<meta name=\"description\" content=\"The Mont Blanc a 90-minute helicopter flight over Mont Blanc from \u00c9pagny. You&#039;ll fly over all the Swiss and French Alps with their prestigious peaks.\" \/>\n<meta name=\"robots\" content=\"index, follow, max-snippet:-1, max-image-preview:large, max-video-preview:-1\" \/>\n<link rel=\"canonical\" href=\"https:\/\/www.swissraft.ch\/en\/product\/helicopter-flight-epagny-mont-blanc\/\" \/>\n<meta property=\"og:locale\" content=\"en_US\" \/>\n<meta property=\"og:type\" content=\"article\" \/>\n<meta property=\"og:title\" content=\"The Mont Blanc a 90-minute helicopter flight from \u00c9pagny\" \/>\n<meta property=\"og:description\" content=\"The Mont Blanc a 90-minute helicopter flight over Mont Blanc from \u00c9pagny. You&#039;ll fly over all the Swiss and French Alps with their prestigious peaks.\" \/>\n<meta property=\"og:url\" content=\"https:\/\/www.swissraft.ch\/en\/product\/helicopter-flight-epagny-mont-blanc\/\" \/>\n<meta property=\"og:site_name\" content=\"Swissraft\" \/>\n<meta property=\"article:modified_time\" content=\"2026-02-05T03:56:36+00:00\" \/>\n<meta property=\"og:image\" content=\"https:\/\/www.swissraft.ch\/wp-content\/uploads\/2022\/12\/09-EPAGNY-Montblancgebiet-776x776-2.jpg\" \/>\n\t<meta property=\"og:image:width\" content=\"776\" \/>\n\t<meta property=\"og:image:height\" content=\"776\" \/>\n\t<meta property=\"og:image:type\" content=\"image\/jpeg\" \/>\n<meta name=\"twitter:card\" content=\"summary_large_image\" \/>\n<meta name=\"twitter:label1\" content=\"Est. reading time\" \/>\n\t<meta name=\"twitter:data1\" content=\"1 minute\" \/>\n<script type=\"application\/ld+json\" class=\"yoast-schema-graph\">{\"@context\":\"https:\/\/schema.org\",\"@graph\":[{\"@type\":\"WebPage\",\"@id\":\"https:\/\/www.swissraft.ch\/en\/product\/helicopter-flight-epagny-mont-blanc\/\",\"url\":\"https:\/\/www.swissraft.ch\/en\/product\/helicopter-flight-epagny-mont-blanc\/\",\"name\":\"The Mont Blanc a 90-minute helicopter flight from \u00c9pagny\",\"isPartOf\":{\"@id\":\"https:\/\/www.swissraft.ch\/en\/#website\"},\"primaryImageOfPage\":{\"@id\":\"https:\/\/www.swissraft.ch\/en\/product\/helicopter-flight-epagny-mont-blanc\/#primaryimage\"},\"image\":{\"@id\":\"https:\/\/www.swissraft.ch\/en\/product\/helicopter-flight-epagny-mont-blanc\/#primaryimage\"},\"thumbnailUrl\":\"https:\/\/www.swissraft.ch\/wp-content\/uploads\/2022\/12\/09-EPAGNY-Montblancgebiet-776x776-2.jpg\",\"datePublished\":\"2022-12-11T13:44:46+00:00\",\"dateModified\":\"2026-02-05T03:56:36+00:00\",\"description\":\"The Mont Blanc a 90-minute helicopter flight over Mont Blanc from \u00c9pagny. You'll fly over all the Swiss and French Alps with their prestigious peaks.\",\"breadcrumb\":{\"@id\":\"https:\/\/www.swissraft.ch\/en\/product\/helicopter-flight-epagny-mont-blanc\/#breadcrumb\"},\"inLanguage\":\"en-US\",\"potentialAction\":[{\"@type\":\"ReadAction\",\"target\":[\"https:\/\/www.swissraft.ch\/en\/product\/helicopter-flight-epagny-mont-blanc\/\"]}]},{\"@type\":\"ImageObject\",\"inLanguage\":\"en-US\",\"@id\":\"https:\/\/www.swissraft.ch\/en\/product\/helicopter-flight-epagny-mont-blanc\/#primaryimage\",\"url\":\"https:\/\/www.swissraft.ch\/wp-content\/uploads\/2022\/12\/09-EPAGNY-Montblancgebiet-776x776-2.jpg\",\"contentUrl\":\"https:\/\/www.swissraft.ch\/wp-content\/uploads\/2022\/12\/09-EPAGNY-Montblancgebiet-776x776-2.jpg\",\"width\":776,\"height\":776,\"caption\":\"Helicopter flight over Mont Blanc from \u00c9pagny\"},{\"@type\":\"BreadcrumbList\",\"@id\":\"https:\/\/www.swissraft.ch\/en\/product\/helicopter-flight-epagny-mont-blanc\/#breadcrumb\",\"itemListElement\":[{\"@type\":\"ListItem\",\"position\":1,\"name\":\"Accueil\",\"item\":\"https:\/\/www.swissraft.ch\/en\/\"},{\"@type\":\"ListItem\",\"position\":2,\"name\":\"Store\",\"item\":\"https:\/\/www.swissraft.ch\/en\/store\/\"},{\"@type\":\"ListItem\",\"position\":3,\"name\":\"Helicopter flight from \u00c9PAGNY &#8211; THE MONT BLANC &#8211; 90 min. &#8211; CHF 3&rsquo;170.00\"}]},{\"@type\":\"WebSite\",\"@id\":\"https:\/\/www.swissraft.ch\/en\/#website\",\"url\":\"https:\/\/www.swissraft.ch\/en\/\",\"name\":\"Swissraft\",\"description\":\"To enjoy nature as it is\",\"publisher\":{\"@id\":\"https:\/\/www.swissraft.ch\/en\/#organization\"},\"potentialAction\":[{\"@type\":\"SearchAction\",\"target\":{\"@type\":\"EntryPoint\",\"urlTemplate\":\"https:\/\/www.swissraft.ch\/en\/?s={search_term_string}\"},\"query-input\":{\"@type\":\"PropertyValueSpecification\",\"valueRequired\":true,\"valueName\":\"search_term_string\"}}],\"inLanguage\":\"en-US\"},{\"@type\":\"Organization\",\"@id\":\"https:\/\/www.swissraft.ch\/en\/#organization\",\"name\":\"Swissraft\",\"url\":\"https:\/\/www.swissraft.ch\/en\/\",\"logo\":{\"@type\":\"ImageObject\",\"inLanguage\":\"en-US\",\"@id\":\"https:\/\/www.swissraft.ch\/en\/#\/schema\/logo\/image\/\",\"url\":\"https:\/\/www.swissraft.ch\/wp-content\/uploads\/2025\/09\/Capture.jpg\",\"contentUrl\":\"https:\/\/www.swissraft.ch\/wp-content\/uploads\/2025\/09\/Capture.jpg\",\"width\":293,\"height\":108,\"caption\":\"Swissraft\"},\"image\":{\"@id\":\"https:\/\/www.swissraft.ch\/en\/#\/schema\/logo\/image\/\"}}]}<\/script>\n<!-- \/ Yoast SEO plugin. -->","yoast_head_json":{"title":"The Mont Blanc a 90-minute helicopter flight from \u00c9pagny","description":"The Mont Blanc a 90-minute helicopter flight over Mont Blanc from \u00c9pagny. You'll fly over all the Swiss and French Alps with their prestigious peaks.","robots":{"index":"index","follow":"follow","max-snippet":"max-snippet:-1","max-image-preview":"max-image-preview:large","max-video-preview":"max-video-preview:-1"},"canonical":"https:\/\/www.swissraft.ch\/en\/product\/helicopter-flight-epagny-mont-blanc\/","og_locale":"en_US","og_type":"article","og_title":"The Mont Blanc a 90-minute helicopter flight from \u00c9pagny","og_description":"The Mont Blanc a 90-minute helicopter flight over Mont Blanc from \u00c9pagny. You'll fly over all the Swiss and French Alps with their prestigious peaks.","og_url":"https:\/\/www.swissraft.ch\/en\/product\/helicopter-flight-epagny-mont-blanc\/","og_site_name":"Swissraft","article_modified_time":"2026-02-05T03:56:36+00:00","og_image":[{"width":776,"height":776,"url":"https:\/\/www.swissraft.ch\/wp-content\/uploads\/2022\/12\/09-EPAGNY-Montblancgebiet-776x776-2.jpg","type":"image\/jpeg"}],"twitter_card":"summary_large_image","twitter_misc":{"Est. reading time":"1 minute"},"schema":{"@context":"https:\/\/schema.org","@graph":[{"@type":"WebPage","@id":"https:\/\/www.swissraft.ch\/en\/product\/helicopter-flight-epagny-mont-blanc\/","url":"https:\/\/www.swissraft.ch\/en\/product\/helicopter-flight-epagny-mont-blanc\/","name":"The Mont Blanc a 90-minute helicopter flight from \u00c9pagny","isPartOf":{"@id":"https:\/\/www.swissraft.ch\/en\/#website"},"primaryImageOfPage":{"@id":"https:\/\/www.swissraft.ch\/en\/product\/helicopter-flight-epagny-mont-blanc\/#primaryimage"},"image":{"@id":"https:\/\/www.swissraft.ch\/en\/product\/helicopter-flight-epagny-mont-blanc\/#primaryimage"},"thumbnailUrl":"https:\/\/www.swissraft.ch\/wp-content\/uploads\/2022\/12\/09-EPAGNY-Montblancgebiet-776x776-2.jpg","datePublished":"2022-12-11T13:44:46+00:00","dateModified":"2026-02-05T03:56:36+00:00","description":"The Mont Blanc a 90-minute helicopter flight over Mont Blanc from \u00c9pagny. You'll fly over all the Swiss and French Alps with their prestigious peaks.","breadcrumb":{"@id":"https:\/\/www.swissraft.ch\/en\/product\/helicopter-flight-epagny-mont-blanc\/#breadcrumb"},"inLanguage":"en-US","potentialAction":[{"@type":"ReadAction","target":["https:\/\/www.swissraft.ch\/en\/product\/helicopter-flight-epagny-mont-blanc\/"]}]},{"@type":"ImageObject","inLanguage":"en-US","@id":"https:\/\/www.swissraft.ch\/en\/product\/helicopter-flight-epagny-mont-blanc\/#primaryimage","url":"https:\/\/www.swissraft.ch\/wp-content\/uploads\/2022\/12\/09-EPAGNY-Montblancgebiet-776x776-2.jpg","contentUrl":"https:\/\/www.swissraft.ch\/wp-content\/uploads\/2022\/12\/09-EPAGNY-Montblancgebiet-776x776-2.jpg","width":776,"height":776,"caption":"Helicopter flight over Mont Blanc from \u00c9pagny"},{"@type":"BreadcrumbList","@id":"https:\/\/www.swissraft.ch\/en\/product\/helicopter-flight-epagny-mont-blanc\/#breadcrumb","itemListElement":[{"@type":"ListItem","position":1,"name":"Accueil","item":"https:\/\/www.swissraft.ch\/en\/"},{"@type":"ListItem","position":2,"name":"Store","item":"https:\/\/www.swissraft.ch\/en\/store\/"},{"@type":"ListItem","position":3,"name":"Helicopter flight from \u00c9PAGNY &#8211; THE MONT BLANC &#8211; 90 min. &#8211; CHF 3&rsquo;170.00"}]},{"@type":"WebSite","@id":"https:\/\/www.swissraft.ch\/en\/#website","url":"https:\/\/www.swissraft.ch\/en\/","name":"Swissraft","description":"To enjoy nature as it is","publisher":{"@id":"https:\/\/www.swissraft.ch\/en\/#organization"},"potentialAction":[{"@type":"SearchAction","target":{"@type":"EntryPoint","urlTemplate":"https:\/\/www.swissraft.ch\/en\/?s={search_term_string}"},"query-input":{"@type":"PropertyValueSpecification","valueRequired":true,"valueName":"search_term_string"}}],"inLanguage":"en-US"},{"@type":"Organization","@id":"https:\/\/www.swissraft.ch\/en\/#organization","name":"Swissraft","url":"https:\/\/www.swissraft.ch\/en\/","logo":{"@type":"ImageObject","inLanguage":"en-US","@id":"https:\/\/www.swissraft.ch\/en\/#\/schema\/logo\/image\/","url":"https:\/\/www.swissraft.ch\/wp-content\/uploads\/2025\/09\/Capture.jpg","contentUrl":"https:\/\/www.swissraft.ch\/wp-content\/uploads\/2025\/09\/Capture.jpg","width":293,"height":108,"caption":"Swissraft"},"image":{"@id":"https:\/\/www.swissraft.ch\/en\/#\/schema\/logo\/image\/"}}]}},"_links":{"self":[{"href":"https:\/\/www.swissraft.ch\/en\/wp-json\/wp\/v2\/product\/93290","targetHints":{"allow":["GET"]}}],"collection":[{"href":"https:\/\/www.swissraft.ch\/en\/wp-json\/wp\/v2\/product"}],"about":[{"href":"https:\/\/www.swissraft.ch\/en\/wp-json\/wp\/v2\/types\/product"}],"replies":[{"embeddable":true,"href":"https:\/\/www.swissraft.ch\/en\/wp-json\/wp\/v2\/comments?post=93290"}],"version-history":[{"count":22,"href":"https:\/\/www.swissraft.ch\/en\/wp-json\/wp\/v2\/product\/93290\/revisions"}],"predecessor-version":[{"id":129312,"href":"https:\/\/www.swissraft.ch\/en\/wp-json\/wp\/v2\/product\/93290\/revisions\/129312"}],"wp:featuredmedia":[{"embeddable":true,"href":"https:\/\/www.swissraft.ch\/en\/wp-json\/wp\/v2\/media\/87495"}],"wp:attachment":[{"href":"https:\/\/www.swissraft.ch\/en\/wp-json\/wp\/v2\/media?parent=93290"}],"wp:term":[{"taxonomy":"product_cat","embeddable":true,"href":"https:\/\/www.swissraft.ch\/en\/wp-json\/wp\/v2\/product_cat?post=93290"},{"taxonomy":"product_tag","embeddable":true,"href":"https:\/\/www.swissraft.ch\/en\/wp-json\/wp\/v2\/product_tag?post=93290"}],"curies":[{"name":"wp","href":"https:\/\/api.w.org\/{rel}","templated":true}]}}