{"id":93275,"date":"2022-12-27T16:10:18","date_gmt":"2022-12-27T15:10:18","guid":{"rendered":"https:\/\/swissraft.xyanzkdne.eu\/product\/helicopter-flight-from-collombey-le-chamossaire-20-min-from-chf-915-00\/"},"modified":"2026-02-04T21:59:22","modified_gmt":"2026-02-04T20:59:22","slug":"helicopter-flight-collombey-chamossaire","status":"publish","type":"product","link":"https:\/\/www.swissraft.ch\/en\/product\/helicopter-flight-collombey-chamossaire\/","title":{"rendered":"Helicopter flight from COLLOMBEY &#8211; THE CHAMOSSAIRE &#8211; 20 min. &#8211; From CHF 1&#8217;000.00"},"content":{"rendered":"\t\t<div data-elementor-type=\"wp-post\" data-elementor-id=\"93275\" class=\"elementor elementor-93275 elementor-30058\">\n\t\t\t\t\t\t\t\t\t<section class=\"elementor-section elementor-top-section elementor-element elementor-element-3303a7e3 elementor-section-boxed elementor-section-height-default elementor-section-height-default\" data-id=\"3303a7e3\" data-element_type=\"section\">\n\t\t\t\t\t\t<div class=\"elementor-container elementor-column-gap-default\">\n\t\t\t\t\t<div class=\"elementor-column elementor-col-100 elementor-top-column elementor-element elementor-element-16d72dbf\" data-id=\"16d72dbf\" data-element_type=\"column\">\n\t\t\t<div class=\"elementor-widget-wrap elementor-element-populated\">\n\t\t\t\t\t\t\t\t<div class=\"elementor-element elementor-element-d743c03 elementor-widget elementor-widget-text-editor\" data-id=\"d743c03\" data-element_type=\"widget\" data-widget_type=\"text-editor.default\">\n\t\t\t\t<div class=\"elementor-widget-container\">\n\t\t\t\t\t\t\t<h2>CHOOSE YOUR ACTIVITY BELOW TO OFFER GIFT VOUCHERS \/ TICKETS OR MAKE A RESERVATION<\/h2><table border=\"0\" width=\"580\" cellspacing=\"10\" cellpadding=\"10\"><tbody><tr><td width=\"50%\"><strong>THE CHAMOSSAIRE &#8211; PRIVATE FLIGHT (1-5 pers.) &#8211; 20 min.<\/strong><\/td><td><strong>From CHF 1&#8217;000.00 per private flight<span class=\"productPrice\"><br \/><\/span><\/strong><\/td><\/tr><tr><td>Further information<\/td><td><span class=\"patt\">&#8211; The helicopter is at your disposal exclusively for<br \/>&#8211; You determine the date and time of departure<br \/>&#8211; Maximum 5 pers.<br \/><\/span><\/td><\/tr><tr><td>Heliport<\/td><td><a href=\"https:\/\/www.google.com\/maps\/place\/46%C2%B016'06.8%22N+6%C2%B057'33.1%22E\/@46.2692802,6.941192,3088m\/data=!3m1!1e3!4m4!3m3!8m2!3d46.2685556!4d6.9591944?entry=ttu\" target=\"_blank\" rel=\"noopener\">Collombey<\/a><\/td><\/tr><tr><td>Flying time<\/td><td>20 min.<\/td><\/tr><tr><td>Total duration<\/td><td>approx. 50 min.<\/td><\/tr><tr><td>Appointment<\/td><td>By phone<\/td><\/tr><tr><td><button class=\"elementor-button\" type=\"button\"><a href=\"https:\/\/swissraft.outdoorbooking.ch\/fo\/products\/1763?base_id=225&amp;category_id=6&amp;order_type=gift_voucher&amp;lang=en\" target=\"_blank\" rel=\"noopener\">PURCHASE GIFT VOUCHER \/ TICKET<\/a><\/button><\/td><td><strong>CHF 1&#8217;000.00 &#8211; Private flight (1-4 pers.)<\/strong><\/td><\/tr><tr><td><button class=\"elementor-button\" type=\"button\"><a href=\"https:\/\/swissraft.outdoorbooking.ch\/fo\/products\/1764?base_id=226&amp;category_id=6&amp;order_type=gift_voucher&amp;lang=en\" target=\"_blank\" rel=\"noopener\">PURCHASE GIFT VOUCHER \/ TICKET<\/a><\/button><\/td><td><strong>CHF 1&#8217;250.00 &#8211; Private flight (5 pers.)<\/strong><\/td><\/tr><tr><td>\u00a0<\/td><td><strong><em>IMPORTANT !<\/em><\/strong><br \/><em>To book, call the number at the top left of the gift voucher \/ ticket.<\/em><\/td><\/tr><\/tbody><\/table>\t\t\t\t\t\t<\/div>\n\t\t\t\t<\/div>\n\t\t\t\t\t<\/div>\n\t\t<\/div>\n\t\t\t\t\t\t\t<\/div>\n\t\t<\/section>\n\t\t\t\t\t\t\t<\/div>\n\t\t","protected":false},"excerpt":{"rendered":"<div align=\"justify\">\n<h2 align=\"justify\">Helicopter flight from Collombey heliport to Chamossaire<\/h2>\n<h3>Chamossaire is a mountain in the Vaud Pre-Alps overlooking Villars-sur-Ollon.<\/h3>\n<\/div>\n<div align=\"justify\">\n<p>Helicopter flight from Collombey to Chamossaire! Take off on a tour of the Chablais region of Vaud. You&#8217;ll fly over the resorts of Villars, Bretaye, Les Diablerets, Solalex and the Alpes des Chaux. A breathtaking panorama.<\/p>\n<h3>Swissraft offers you more than 26 heliports in Switzerland for helicopter tours.<\/h3>\n<p id=\"textarea\" style=\"display: none;\">\nWe fly into the canton of Solothurn from Grenchen and also from Bern-Belp. And in Valais, from Sion airport, from Gampel heliport and in the Bernese Oberland at Interlaken-Gsteigwiler. The same applies from the Gstaad-Grund heliport and from Saanen aerodrome in Saanenland. We also take off from the heliports at Lauterbrunnen, Lenk-Simmental and Schattenhalb-Meiringen. But also Zurich-Kloten. We also operate flights from the Pfaffnau heliport in the canton of Lucerne. We also take off from Erstfeld heliport in Canton Uri, and from K\u00fcssnacht heliport in Canton Schwyz. But also in the canton of Aargau from Buttwil. In the canton of Fribourg at \u00c9pagny en Gruy\u00e8re, and in the canton of Ticino at Locarno and Lodrino. In addition, from Flims, Tavanasa, Untervaz and the Engadine heliport in St. Moritz. St. Moritz and Samedan. Also in Liechtenstein from Balzers heliport and in the canton of Thurgau from Sitterdorf.\n<\/p>\n<p><a id=\"seeMore\" onclick=\"toggleSeeMore()\" href=\"javascript:void(0);\">Read more<\/a><\/p>\n","protected":false},"featured_media":85725,"comment_status":"open","ping_status":"closed","template":"","meta":{"inline_featured_image":false,"_mi_skip_tracking":false},"product_cat":[394,563],"product_tag":[],"class_list":["post-93275","product","type-product","status-publish","has-post-thumbnail","hentry","product_cat-helicopter-flight","product_cat-helicopter-collombey"],"yoast_head":"<!-- This site is optimized with the Yoast SEO plugin v23.6 - https:\/\/yoast.com\/wordpress\/plugins\/seo\/ -->\n<title>Helicopter Chamossaire from Collombey<\/title>\n<meta name=\"description\" content=\"Helicopter Chamossaire from Collombey. A beautiful mountain in the Vaud Pre-Alps. A flight that won&#039;t leave you indifferent\" \/>\n<meta name=\"robots\" content=\"index, follow, max-snippet:-1, max-image-preview:large, max-video-preview:-1\" \/>\n<link rel=\"canonical\" href=\"https:\/\/www.swissraft.ch\/en\/product\/helicopter-flight-collombey-chamossaire\/\" \/>\n<meta property=\"og:locale\" content=\"en_US\" \/>\n<meta property=\"og:type\" content=\"article\" \/>\n<meta property=\"og:title\" content=\"Helicopter Chamossaire from Collombey\" \/>\n<meta property=\"og:description\" content=\"Helicopter Chamossaire from Collombey. A beautiful mountain in the Vaud Pre-Alps. A flight that won&#039;t leave you indifferent\" \/>\n<meta property=\"og:url\" content=\"https:\/\/www.swissraft.ch\/en\/product\/helicopter-flight-collombey-chamossaire\/\" \/>\n<meta property=\"og:site_name\" content=\"Swissraft\" \/>\n<meta property=\"article:modified_time\" content=\"2026-02-04T20:59:22+00:00\" \/>\n<meta property=\"og:image\" content=\"https:\/\/www.swissraft.ch\/wp-content\/uploads\/2022\/12\/2-COLLOMBEY-Chamossaire-776x776-3.jpg\" \/>\n\t<meta property=\"og:image:width\" content=\"776\" \/>\n\t<meta property=\"og:image:height\" content=\"776\" \/>\n\t<meta property=\"og:image:type\" content=\"image\/jpeg\" \/>\n<meta name=\"twitter:card\" content=\"summary_large_image\" \/>\n<meta name=\"twitter:label1\" content=\"Est. reading time\" \/>\n\t<meta name=\"twitter:data1\" content=\"1 minute\" \/>\n<script type=\"application\/ld+json\" class=\"yoast-schema-graph\">{\"@context\":\"https:\/\/schema.org\",\"@graph\":[{\"@type\":\"WebPage\",\"@id\":\"https:\/\/www.swissraft.ch\/en\/product\/helicopter-flight-collombey-chamossaire\/\",\"url\":\"https:\/\/www.swissraft.ch\/en\/product\/helicopter-flight-collombey-chamossaire\/\",\"name\":\"Helicopter Chamossaire from Collombey\",\"isPartOf\":{\"@id\":\"https:\/\/www.swissraft.ch\/en\/#website\"},\"primaryImageOfPage\":{\"@id\":\"https:\/\/www.swissraft.ch\/en\/product\/helicopter-flight-collombey-chamossaire\/#primaryimage\"},\"image\":{\"@id\":\"https:\/\/www.swissraft.ch\/en\/product\/helicopter-flight-collombey-chamossaire\/#primaryimage\"},\"thumbnailUrl\":\"https:\/\/www.swissraft.ch\/wp-content\/uploads\/2022\/12\/2-COLLOMBEY-Chamossaire-776x776-3.jpg\",\"datePublished\":\"2022-12-27T15:10:18+00:00\",\"dateModified\":\"2026-02-04T20:59:22+00:00\",\"description\":\"Helicopter Chamossaire from Collombey. A beautiful mountain in the Vaud Pre-Alps. A flight that won't leave you indifferent\",\"breadcrumb\":{\"@id\":\"https:\/\/www.swissraft.ch\/en\/product\/helicopter-flight-collombey-chamossaire\/#breadcrumb\"},\"inLanguage\":\"en-US\",\"potentialAction\":[{\"@type\":\"ReadAction\",\"target\":[\"https:\/\/www.swissraft.ch\/en\/product\/helicopter-flight-collombey-chamossaire\/\"]}]},{\"@type\":\"ImageObject\",\"inLanguage\":\"en-US\",\"@id\":\"https:\/\/www.swissraft.ch\/en\/product\/helicopter-flight-collombey-chamossaire\/#primaryimage\",\"url\":\"https:\/\/www.swissraft.ch\/wp-content\/uploads\/2022\/12\/2-COLLOMBEY-Chamossaire-776x776-3.jpg\",\"contentUrl\":\"https:\/\/www.swissraft.ch\/wp-content\/uploads\/2022\/12\/2-COLLOMBEY-Chamossaire-776x776-3.jpg\",\"width\":776,\"height\":776,\"caption\":\"From Collombey to Chamossaire\"},{\"@type\":\"BreadcrumbList\",\"@id\":\"https:\/\/www.swissraft.ch\/en\/product\/helicopter-flight-collombey-chamossaire\/#breadcrumb\",\"itemListElement\":[{\"@type\":\"ListItem\",\"position\":1,\"name\":\"Accueil\",\"item\":\"https:\/\/www.swissraft.ch\/en\/\"},{\"@type\":\"ListItem\",\"position\":2,\"name\":\"Store\",\"item\":\"https:\/\/www.swissraft.ch\/en\/store\/\"},{\"@type\":\"ListItem\",\"position\":3,\"name\":\"Helicopter flight from COLLOMBEY &#8211; THE CHAMOSSAIRE &#8211; 20 min. &#8211; From CHF 1&rsquo;000.00\"}]},{\"@type\":\"WebSite\",\"@id\":\"https:\/\/www.swissraft.ch\/en\/#website\",\"url\":\"https:\/\/www.swissraft.ch\/en\/\",\"name\":\"Swissraft\",\"description\":\"To enjoy nature as it is\",\"publisher\":{\"@id\":\"https:\/\/www.swissraft.ch\/en\/#organization\"},\"potentialAction\":[{\"@type\":\"SearchAction\",\"target\":{\"@type\":\"EntryPoint\",\"urlTemplate\":\"https:\/\/www.swissraft.ch\/en\/?s={search_term_string}\"},\"query-input\":{\"@type\":\"PropertyValueSpecification\",\"valueRequired\":true,\"valueName\":\"search_term_string\"}}],\"inLanguage\":\"en-US\"},{\"@type\":\"Organization\",\"@id\":\"https:\/\/www.swissraft.ch\/en\/#organization\",\"name\":\"Swissraft\",\"url\":\"https:\/\/www.swissraft.ch\/en\/\",\"logo\":{\"@type\":\"ImageObject\",\"inLanguage\":\"en-US\",\"@id\":\"https:\/\/www.swissraft.ch\/en\/#\/schema\/logo\/image\/\",\"url\":\"https:\/\/www.swissraft.ch\/wp-content\/uploads\/2025\/09\/Capture.jpg\",\"contentUrl\":\"https:\/\/www.swissraft.ch\/wp-content\/uploads\/2025\/09\/Capture.jpg\",\"width\":293,\"height\":108,\"caption\":\"Swissraft\"},\"image\":{\"@id\":\"https:\/\/www.swissraft.ch\/en\/#\/schema\/logo\/image\/\"}}]}<\/script>\n<!-- \/ Yoast SEO plugin. -->","yoast_head_json":{"title":"Helicopter Chamossaire from Collombey","description":"Helicopter Chamossaire from Collombey. A beautiful mountain in the Vaud Pre-Alps. A flight that won't leave you indifferent","robots":{"index":"index","follow":"follow","max-snippet":"max-snippet:-1","max-image-preview":"max-image-preview:large","max-video-preview":"max-video-preview:-1"},"canonical":"https:\/\/www.swissraft.ch\/en\/product\/helicopter-flight-collombey-chamossaire\/","og_locale":"en_US","og_type":"article","og_title":"Helicopter Chamossaire from Collombey","og_description":"Helicopter Chamossaire from Collombey. A beautiful mountain in the Vaud Pre-Alps. A flight that won't leave you indifferent","og_url":"https:\/\/www.swissraft.ch\/en\/product\/helicopter-flight-collombey-chamossaire\/","og_site_name":"Swissraft","article_modified_time":"2026-02-04T20:59:22+00:00","og_image":[{"width":776,"height":776,"url":"https:\/\/www.swissraft.ch\/wp-content\/uploads\/2022\/12\/2-COLLOMBEY-Chamossaire-776x776-3.jpg","type":"image\/jpeg"}],"twitter_card":"summary_large_image","twitter_misc":{"Est. reading time":"1 minute"},"schema":{"@context":"https:\/\/schema.org","@graph":[{"@type":"WebPage","@id":"https:\/\/www.swissraft.ch\/en\/product\/helicopter-flight-collombey-chamossaire\/","url":"https:\/\/www.swissraft.ch\/en\/product\/helicopter-flight-collombey-chamossaire\/","name":"Helicopter Chamossaire from Collombey","isPartOf":{"@id":"https:\/\/www.swissraft.ch\/en\/#website"},"primaryImageOfPage":{"@id":"https:\/\/www.swissraft.ch\/en\/product\/helicopter-flight-collombey-chamossaire\/#primaryimage"},"image":{"@id":"https:\/\/www.swissraft.ch\/en\/product\/helicopter-flight-collombey-chamossaire\/#primaryimage"},"thumbnailUrl":"https:\/\/www.swissraft.ch\/wp-content\/uploads\/2022\/12\/2-COLLOMBEY-Chamossaire-776x776-3.jpg","datePublished":"2022-12-27T15:10:18+00:00","dateModified":"2026-02-04T20:59:22+00:00","description":"Helicopter Chamossaire from Collombey. A beautiful mountain in the Vaud Pre-Alps. A flight that won't leave you indifferent","breadcrumb":{"@id":"https:\/\/www.swissraft.ch\/en\/product\/helicopter-flight-collombey-chamossaire\/#breadcrumb"},"inLanguage":"en-US","potentialAction":[{"@type":"ReadAction","target":["https:\/\/www.swissraft.ch\/en\/product\/helicopter-flight-collombey-chamossaire\/"]}]},{"@type":"ImageObject","inLanguage":"en-US","@id":"https:\/\/www.swissraft.ch\/en\/product\/helicopter-flight-collombey-chamossaire\/#primaryimage","url":"https:\/\/www.swissraft.ch\/wp-content\/uploads\/2022\/12\/2-COLLOMBEY-Chamossaire-776x776-3.jpg","contentUrl":"https:\/\/www.swissraft.ch\/wp-content\/uploads\/2022\/12\/2-COLLOMBEY-Chamossaire-776x776-3.jpg","width":776,"height":776,"caption":"From Collombey to Chamossaire"},{"@type":"BreadcrumbList","@id":"https:\/\/www.swissraft.ch\/en\/product\/helicopter-flight-collombey-chamossaire\/#breadcrumb","itemListElement":[{"@type":"ListItem","position":1,"name":"Accueil","item":"https:\/\/www.swissraft.ch\/en\/"},{"@type":"ListItem","position":2,"name":"Store","item":"https:\/\/www.swissraft.ch\/en\/store\/"},{"@type":"ListItem","position":3,"name":"Helicopter flight from COLLOMBEY &#8211; THE CHAMOSSAIRE &#8211; 20 min. &#8211; From CHF 1&rsquo;000.00"}]},{"@type":"WebSite","@id":"https:\/\/www.swissraft.ch\/en\/#website","url":"https:\/\/www.swissraft.ch\/en\/","name":"Swissraft","description":"To enjoy nature as it is","publisher":{"@id":"https:\/\/www.swissraft.ch\/en\/#organization"},"potentialAction":[{"@type":"SearchAction","target":{"@type":"EntryPoint","urlTemplate":"https:\/\/www.swissraft.ch\/en\/?s={search_term_string}"},"query-input":{"@type":"PropertyValueSpecification","valueRequired":true,"valueName":"search_term_string"}}],"inLanguage":"en-US"},{"@type":"Organization","@id":"https:\/\/www.swissraft.ch\/en\/#organization","name":"Swissraft","url":"https:\/\/www.swissraft.ch\/en\/","logo":{"@type":"ImageObject","inLanguage":"en-US","@id":"https:\/\/www.swissraft.ch\/en\/#\/schema\/logo\/image\/","url":"https:\/\/www.swissraft.ch\/wp-content\/uploads\/2025\/09\/Capture.jpg","contentUrl":"https:\/\/www.swissraft.ch\/wp-content\/uploads\/2025\/09\/Capture.jpg","width":293,"height":108,"caption":"Swissraft"},"image":{"@id":"https:\/\/www.swissraft.ch\/en\/#\/schema\/logo\/image\/"}}]}},"_links":{"self":[{"href":"https:\/\/www.swissraft.ch\/en\/wp-json\/wp\/v2\/product\/93275","targetHints":{"allow":["GET"]}}],"collection":[{"href":"https:\/\/www.swissraft.ch\/en\/wp-json\/wp\/v2\/product"}],"about":[{"href":"https:\/\/www.swissraft.ch\/en\/wp-json\/wp\/v2\/types\/product"}],"replies":[{"embeddable":true,"href":"https:\/\/www.swissraft.ch\/en\/wp-json\/wp\/v2\/comments?post=93275"}],"version-history":[{"count":18,"href":"https:\/\/www.swissraft.ch\/en\/wp-json\/wp\/v2\/product\/93275\/revisions"}],"predecessor-version":[{"id":129049,"href":"https:\/\/www.swissraft.ch\/en\/wp-json\/wp\/v2\/product\/93275\/revisions\/129049"}],"wp:featuredmedia":[{"embeddable":true,"href":"https:\/\/www.swissraft.ch\/en\/wp-json\/wp\/v2\/media\/85725"}],"wp:attachment":[{"href":"https:\/\/www.swissraft.ch\/en\/wp-json\/wp\/v2\/media?parent=93275"}],"wp:term":[{"taxonomy":"product_cat","embeddable":true,"href":"https:\/\/www.swissraft.ch\/en\/wp-json\/wp\/v2\/product_cat?post=93275"},{"taxonomy":"product_tag","embeddable":true,"href":"https:\/\/www.swissraft.ch\/en\/wp-json\/wp\/v2\/product_tag?post=93275"}],"curies":[{"name":"wp","href":"https:\/\/api.w.org\/{rel}","templated":true}]}}