{"id":93118,"date":"2023-01-11T16:57:51","date_gmt":"2023-01-11T15:57:51","guid":{"rendered":"https:\/\/swissraft.xyanzkdne.eu\/product\/plane-flight-from-bienne-les-horlogers-30-min-from-chf-200-00\/"},"modified":"2024-11-20T09:32:39","modified_gmt":"2024-11-20T08:32:39","slug":"plane-flight-from-bienne-les-horlogers-30-min-from-chf-200-00","status":"publish","type":"product","link":"https:\/\/www.swissraft.ch\/en\/product\/plane-flight-from-bienne-les-horlogers-30-min-from-chf-200-00\/","title":{"rendered":"Plane flight from BIENNE &#8211; LES HORLOGERS &#8211; 30 min. &#8211; From CHF 200.00"},"content":{"rendered":"\t\t<div data-elementor-type=\"wp-post\" data-elementor-id=\"93118\" class=\"elementor elementor-93118 elementor-30353\">\n\t\t\t\t\t\t\t\t\t<section class=\"elementor-section elementor-top-section elementor-element elementor-element-3303a7e3 elementor-section-boxed elementor-section-height-default elementor-section-height-default\" data-id=\"3303a7e3\" data-element_type=\"section\">\n\t\t\t\t\t\t<div class=\"elementor-container elementor-column-gap-default\">\n\t\t\t\t\t<div class=\"elementor-column elementor-col-100 elementor-top-column elementor-element elementor-element-16d72dbf\" data-id=\"16d72dbf\" data-element_type=\"column\">\n\t\t\t<div class=\"elementor-widget-wrap elementor-element-populated\">\n\t\t\t\t\t\t\t\t<div class=\"elementor-element elementor-element-d743c03 elementor-widget elementor-widget-text-editor\" data-id=\"d743c03\" data-element_type=\"widget\" data-widget_type=\"text-editor.default\">\n\t\t\t\t<div class=\"elementor-widget-container\">\n\t\t\t\t\t\t\t<h2>CHOOSE YOUR ACTIVITY BELOW TO OFFER GIFT VOUCHERS \/ TICKETS OR MAKE A RESERVATION<\/h2>\n<table border=\"0\" width=\"580\" cellspacing=\"10\" cellpadding=\"10\">\n<tbody>\n<tr>\n<td width=\"50%\"><strong>LES HORLOGERS &#8211; PRIVATE FLIGHT (1-2 pers.) &#8211; 30 min.<\/strong><\/td>\n<td><strong>From CHF 200.00 per private flight<span class=\"productPrice\"><br \/><\/span><\/strong><\/td>\n<\/tr>\n<tr>\n<td>Further information<\/td>\n<td><span class=\"patt\">&#8211; You can use the aircraft exclusively for yourself<br \/>&#8211; You set the departure date and time<br \/><\/span><span class=\"patt\">&#8211; Maximum 3 pers. including 1 child from 2 to 12 years old <\/span><\/td>\n<\/tr>\n<tr>\n<td>Aerodrome<\/td>\n<td><a href=\"https:\/\/www.google.com\/maps\/place\/47%C2%B005'27.9%22N+7%C2%B017'27.8%22E\/@47.0912114,7.2867544,768m\/data=!3m1!1e3!4m4!3m3!8m2!3d47.0910833!4d7.2910556?entry=ttu\" target=\"_blank\" rel=\"noopener\">Biel<\/a><\/td>\n<\/tr>\n<tr>\n<td>Flying time<\/td>\n<td>30 min.<\/td>\n<\/tr>\n<tr>\n<td>Total duration<\/td>\n<td>approx. 50 min.<\/td>\n<\/tr>\n<tr>\n<td>Rendez-vous<\/td>\n<td>Par t\u00e9l\u00e9phone<\/td>\n<\/tr>\n<tr>\n<td><button class=\"elementor-button\" type=\"button\"><a href=\"https:\/\/swissraft.outdoorbooking.ch\/fo\/products\/169?base_id=26&amp;category_id=22&amp;order_type=gift_voucher&amp;lang=en\" target=\"_blank\" rel=\"noopener\">GIFT VOUCHER<\/a><\/button><\/td>\n<td><strong>CHF 200.00 &#8211; PRIVATE FLIGHT &#8211; 30 min. (1-2 pers.) <\/strong><\/td>\n<\/tr>\n<tr>\n<td><button class=\"elementor-button\" type=\"button\"><a href=\"https:\/\/swissraft.outdoorbooking.ch\/fo\/products\/1443?base_id=26&amp;category_id=22&amp;order_type=gift_voucher&amp;lang=en\" target=\"_blank\" rel=\"noopener\">GIFT VOUCHER<\/a><\/button><\/td>\n<td><strong>CHF 250.00 &#8211; PRIVATE FLIGHT &#8211; 30 min. (2 adults + 1 child) <\/strong><\/td>\n<\/tr>\n<tr>\n<td> <\/td>\n<td>Pour r\u00e9server <span class=\"patt\" style=\"font-family: inherit; font-size: inherit;\"><span class=\"plbl\"><span class=\"patt\"><a href=\"https:\/\/www.swissraft.ch\/en\/contact\/\">contactez-nous<\/a><\/span><\/span><\/span><\/td>\n<\/tr>\n<\/tbody>\n<\/table>\n\t\t\t\t\t\t<\/div>\n\t\t\t\t<\/div>\n\t\t\t\t\t<\/div>\n\t\t<\/div>\n\t\t\t\t\t\t\t<\/div>\n\t\t<\/section>\n\t\t\t\t\t\t\t<\/div>\n\t\t","protected":false},"excerpt":{"rendered":"<div align=\"justify\">\n<h2 align=\"justify\">From Biel you can step back in time and fly over the watchmaking towns that have made the reputation of Swiss watchmaking.<\/h2>\n<h3>This 30-minute flight takes you from Biel to the Jura mountains, flying over some of Switzerland&#8217;s most famous watchmakers.<\/h3>\n<\/div>\n<div align=\"justify\">\n<p>This flight from Biel takes you through the Jura mountains over the towns that have left their mark on Swiss watchmaking. First of all, you fly over the town of Biel immediately after takeoff. Then you fly over Del\u00e9mont, St. Moritz and St. Moritz. St. Ursanne, the Mont Soleil solar power plant. The flight continues to St. Moritz. Imier and Orvin before returning to Biel airfield.<\/p>\n<h3>Thanks to its network of airfields and airports, Swissraft can offer you over 35 air tours on its website.<\/h3>\n<p id=\"textarea\" style=\"display: none;\">\nWe also offer sightseeing flights from Berne-Belp international airport. But also flights from Buttwil airfield in Canton Aargau. What&#8217;s more, we offer airplane tours from Grenchen aerodrome. We also offer pleasure flights from \u00c9pagny en Gruy\u00e8re. On the other hand, we take off from Sch\u00e4nis in the canton of St. Moritz. Gall for \u00e0 la carte flights.\n<\/p>\n<p><a id=\"seeMore\" onclick=\"toggleSeeMore()\" href=\"javascript:void(0);\">Read more<\/a><\/p>\n","protected":false},"featured_media":88104,"comment_status":"open","ping_status":"closed","template":"","meta":{"inline_featured_image":false,"_mi_skip_tracking":false},"product_cat":[551,426],"product_tag":[],"class_list":["post-93118","product","type-product","status-publish","has-post-thumbnail","hentry","product_cat-plane-bienne","product_cat-flying"],"yoast_head":"<!-- This site is optimized with the Yoast SEO plugin v23.6 - https:\/\/yoast.com\/wordpress\/plugins\/seo\/ -->\n<title>Flight to the watchmakers from Biel. A 30-minute flight.<\/title>\n<meta name=\"description\" content=\"Flight to the watchmakers from Biel. A 30-minute flight that takes you over the towns of the famous watchmakers in the Jura mountains.\" \/>\n<meta name=\"robots\" content=\"index, follow, max-snippet:-1, max-image-preview:large, max-video-preview:-1\" \/>\n<link rel=\"canonical\" href=\"https:\/\/www.swissraft.ch\/en\/product\/plane-flight-from-bienne-les-horlogers-30-min-from-chf-200-00\/\" \/>\n<meta property=\"og:locale\" content=\"en_US\" \/>\n<meta property=\"og:type\" content=\"article\" \/>\n<meta property=\"og:title\" content=\"Flight to the watchmakers from Biel. A 30-minute flight.\" \/>\n<meta property=\"og:description\" content=\"Flight to the watchmakers from Biel. A 30-minute flight that takes you over the towns of the famous watchmakers in the Jura mountains.\" \/>\n<meta property=\"og:url\" content=\"https:\/\/www.swissraft.ch\/en\/product\/plane-flight-from-bienne-les-horlogers-30-min-from-chf-200-00\/\" \/>\n<meta property=\"og:site_name\" content=\"Swissraft\" \/>\n<meta property=\"article:modified_time\" content=\"2024-11-20T08:32:39+00:00\" \/>\n<meta property=\"og:image\" content=\"https:\/\/www.swissraft.ch\/wp-content\/uploads\/2023\/01\/05-BIEL-Uhrenmacher-Rundflug-776x776-1.jpg\" \/>\n\t<meta property=\"og:image:width\" content=\"776\" \/>\n\t<meta property=\"og:image:height\" content=\"776\" \/>\n\t<meta property=\"og:image:type\" content=\"image\/jpeg\" \/>\n<meta name=\"twitter:card\" content=\"summary_large_image\" \/>\n<script type=\"application\/ld+json\" class=\"yoast-schema-graph\">{\"@context\":\"https:\/\/schema.org\",\"@graph\":[{\"@type\":\"WebPage\",\"@id\":\"https:\/\/www.swissraft.ch\/en\/product\/plane-flight-from-bienne-les-horlogers-30-min-from-chf-200-00\/\",\"url\":\"https:\/\/www.swissraft.ch\/en\/product\/plane-flight-from-bienne-les-horlogers-30-min-from-chf-200-00\/\",\"name\":\"Flight to the watchmakers from Biel. A 30-minute flight.\",\"isPartOf\":{\"@id\":\"https:\/\/www.swissraft.ch\/en\/#website\"},\"primaryImageOfPage\":{\"@id\":\"https:\/\/www.swissraft.ch\/en\/product\/plane-flight-from-bienne-les-horlogers-30-min-from-chf-200-00\/#primaryimage\"},\"image\":{\"@id\":\"https:\/\/www.swissraft.ch\/en\/product\/plane-flight-from-bienne-les-horlogers-30-min-from-chf-200-00\/#primaryimage\"},\"thumbnailUrl\":\"https:\/\/www.swissraft.ch\/wp-content\/uploads\/2023\/01\/05-BIEL-Uhrenmacher-Rundflug-776x776-1.jpg\",\"datePublished\":\"2023-01-11T15:57:51+00:00\",\"dateModified\":\"2024-11-20T08:32:39+00:00\",\"description\":\"Flight to the watchmakers from Biel. A 30-minute flight that takes you over the towns of the famous watchmakers in the Jura mountains.\",\"breadcrumb\":{\"@id\":\"https:\/\/www.swissraft.ch\/en\/product\/plane-flight-from-bienne-les-horlogers-30-min-from-chf-200-00\/#breadcrumb\"},\"inLanguage\":\"en-US\",\"potentialAction\":[{\"@type\":\"ReadAction\",\"target\":[\"https:\/\/www.swissraft.ch\/en\/product\/plane-flight-from-bienne-les-horlogers-30-min-from-chf-200-00\/\"]}]},{\"@type\":\"ImageObject\",\"inLanguage\":\"en-US\",\"@id\":\"https:\/\/www.swissraft.ch\/en\/product\/plane-flight-from-bienne-les-horlogers-30-min-from-chf-200-00\/#primaryimage\",\"url\":\"https:\/\/www.swissraft.ch\/wp-content\/uploads\/2023\/01\/05-BIEL-Uhrenmacher-Rundflug-776x776-1.jpg\",\"contentUrl\":\"https:\/\/www.swissraft.ch\/wp-content\/uploads\/2023\/01\/05-BIEL-Uhrenmacher-Rundflug-776x776-1.jpg\",\"width\":776,\"height\":776,\"caption\":\"Fly from Biel to the watchmakers\"},{\"@type\":\"BreadcrumbList\",\"@id\":\"https:\/\/www.swissraft.ch\/en\/product\/plane-flight-from-bienne-les-horlogers-30-min-from-chf-200-00\/#breadcrumb\",\"itemListElement\":[{\"@type\":\"ListItem\",\"position\":1,\"name\":\"Accueil\",\"item\":\"https:\/\/www.swissraft.ch\/en\/\"},{\"@type\":\"ListItem\",\"position\":2,\"name\":\"Store\",\"item\":\"https:\/\/www.swissraft.ch\/en\/store\/\"},{\"@type\":\"ListItem\",\"position\":3,\"name\":\"Plane flight from BIENNE &#8211; LES HORLOGERS &#8211; 30 min. &#8211; From CHF 200.00\"}]},{\"@type\":\"WebSite\",\"@id\":\"https:\/\/www.swissraft.ch\/en\/#website\",\"url\":\"https:\/\/www.swissraft.ch\/en\/\",\"name\":\"Swissraft\",\"description\":\"To enjoy nature as it is\",\"publisher\":{\"@id\":\"https:\/\/www.swissraft.ch\/en\/#organization\"},\"potentialAction\":[{\"@type\":\"SearchAction\",\"target\":{\"@type\":\"EntryPoint\",\"urlTemplate\":\"https:\/\/www.swissraft.ch\/en\/?s={search_term_string}\"},\"query-input\":{\"@type\":\"PropertyValueSpecification\",\"valueRequired\":true,\"valueName\":\"search_term_string\"}}],\"inLanguage\":\"en-US\"},{\"@type\":\"Organization\",\"@id\":\"https:\/\/www.swissraft.ch\/en\/#organization\",\"name\":\"Swissraft\",\"url\":\"https:\/\/www.swissraft.ch\/en\/\",\"logo\":{\"@type\":\"ImageObject\",\"inLanguage\":\"en-US\",\"@id\":\"https:\/\/www.swissraft.ch\/en\/#\/schema\/logo\/image\/\",\"url\":\"https:\/\/www.swissraft.ch\/wp-content\/uploads\/2025\/09\/Capture.jpg\",\"contentUrl\":\"https:\/\/www.swissraft.ch\/wp-content\/uploads\/2025\/09\/Capture.jpg\",\"width\":293,\"height\":108,\"caption\":\"Swissraft\"},\"image\":{\"@id\":\"https:\/\/www.swissraft.ch\/en\/#\/schema\/logo\/image\/\"}}]}<\/script>\n<!-- \/ Yoast SEO plugin. -->","yoast_head_json":{"title":"Flight to the watchmakers from Biel. A 30-minute flight.","description":"Flight to the watchmakers from Biel. A 30-minute flight that takes you over the towns of the famous watchmakers in the Jura mountains.","robots":{"index":"index","follow":"follow","max-snippet":"max-snippet:-1","max-image-preview":"max-image-preview:large","max-video-preview":"max-video-preview:-1"},"canonical":"https:\/\/www.swissraft.ch\/en\/product\/plane-flight-from-bienne-les-horlogers-30-min-from-chf-200-00\/","og_locale":"en_US","og_type":"article","og_title":"Flight to the watchmakers from Biel. A 30-minute flight.","og_description":"Flight to the watchmakers from Biel. A 30-minute flight that takes you over the towns of the famous watchmakers in the Jura mountains.","og_url":"https:\/\/www.swissraft.ch\/en\/product\/plane-flight-from-bienne-les-horlogers-30-min-from-chf-200-00\/","og_site_name":"Swissraft","article_modified_time":"2024-11-20T08:32:39+00:00","og_image":[{"width":776,"height":776,"url":"https:\/\/www.swissraft.ch\/wp-content\/uploads\/2023\/01\/05-BIEL-Uhrenmacher-Rundflug-776x776-1.jpg","type":"image\/jpeg"}],"twitter_card":"summary_large_image","schema":{"@context":"https:\/\/schema.org","@graph":[{"@type":"WebPage","@id":"https:\/\/www.swissraft.ch\/en\/product\/plane-flight-from-bienne-les-horlogers-30-min-from-chf-200-00\/","url":"https:\/\/www.swissraft.ch\/en\/product\/plane-flight-from-bienne-les-horlogers-30-min-from-chf-200-00\/","name":"Flight to the watchmakers from Biel. A 30-minute flight.","isPartOf":{"@id":"https:\/\/www.swissraft.ch\/en\/#website"},"primaryImageOfPage":{"@id":"https:\/\/www.swissraft.ch\/en\/product\/plane-flight-from-bienne-les-horlogers-30-min-from-chf-200-00\/#primaryimage"},"image":{"@id":"https:\/\/www.swissraft.ch\/en\/product\/plane-flight-from-bienne-les-horlogers-30-min-from-chf-200-00\/#primaryimage"},"thumbnailUrl":"https:\/\/www.swissraft.ch\/wp-content\/uploads\/2023\/01\/05-BIEL-Uhrenmacher-Rundflug-776x776-1.jpg","datePublished":"2023-01-11T15:57:51+00:00","dateModified":"2024-11-20T08:32:39+00:00","description":"Flight to the watchmakers from Biel. A 30-minute flight that takes you over the towns of the famous watchmakers in the Jura mountains.","breadcrumb":{"@id":"https:\/\/www.swissraft.ch\/en\/product\/plane-flight-from-bienne-les-horlogers-30-min-from-chf-200-00\/#breadcrumb"},"inLanguage":"en-US","potentialAction":[{"@type":"ReadAction","target":["https:\/\/www.swissraft.ch\/en\/product\/plane-flight-from-bienne-les-horlogers-30-min-from-chf-200-00\/"]}]},{"@type":"ImageObject","inLanguage":"en-US","@id":"https:\/\/www.swissraft.ch\/en\/product\/plane-flight-from-bienne-les-horlogers-30-min-from-chf-200-00\/#primaryimage","url":"https:\/\/www.swissraft.ch\/wp-content\/uploads\/2023\/01\/05-BIEL-Uhrenmacher-Rundflug-776x776-1.jpg","contentUrl":"https:\/\/www.swissraft.ch\/wp-content\/uploads\/2023\/01\/05-BIEL-Uhrenmacher-Rundflug-776x776-1.jpg","width":776,"height":776,"caption":"Fly from Biel to the watchmakers"},{"@type":"BreadcrumbList","@id":"https:\/\/www.swissraft.ch\/en\/product\/plane-flight-from-bienne-les-horlogers-30-min-from-chf-200-00\/#breadcrumb","itemListElement":[{"@type":"ListItem","position":1,"name":"Accueil","item":"https:\/\/www.swissraft.ch\/en\/"},{"@type":"ListItem","position":2,"name":"Store","item":"https:\/\/www.swissraft.ch\/en\/store\/"},{"@type":"ListItem","position":3,"name":"Plane flight from BIENNE &#8211; LES HORLOGERS &#8211; 30 min. &#8211; From CHF 200.00"}]},{"@type":"WebSite","@id":"https:\/\/www.swissraft.ch\/en\/#website","url":"https:\/\/www.swissraft.ch\/en\/","name":"Swissraft","description":"To enjoy nature as it is","publisher":{"@id":"https:\/\/www.swissraft.ch\/en\/#organization"},"potentialAction":[{"@type":"SearchAction","target":{"@type":"EntryPoint","urlTemplate":"https:\/\/www.swissraft.ch\/en\/?s={search_term_string}"},"query-input":{"@type":"PropertyValueSpecification","valueRequired":true,"valueName":"search_term_string"}}],"inLanguage":"en-US"},{"@type":"Organization","@id":"https:\/\/www.swissraft.ch\/en\/#organization","name":"Swissraft","url":"https:\/\/www.swissraft.ch\/en\/","logo":{"@type":"ImageObject","inLanguage":"en-US","@id":"https:\/\/www.swissraft.ch\/en\/#\/schema\/logo\/image\/","url":"https:\/\/www.swissraft.ch\/wp-content\/uploads\/2025\/09\/Capture.jpg","contentUrl":"https:\/\/www.swissraft.ch\/wp-content\/uploads\/2025\/09\/Capture.jpg","width":293,"height":108,"caption":"Swissraft"},"image":{"@id":"https:\/\/www.swissraft.ch\/en\/#\/schema\/logo\/image\/"}}]}},"_links":{"self":[{"href":"https:\/\/www.swissraft.ch\/en\/wp-json\/wp\/v2\/product\/93118","targetHints":{"allow":["GET"]}}],"collection":[{"href":"https:\/\/www.swissraft.ch\/en\/wp-json\/wp\/v2\/product"}],"about":[{"href":"https:\/\/www.swissraft.ch\/en\/wp-json\/wp\/v2\/types\/product"}],"replies":[{"embeddable":true,"href":"https:\/\/www.swissraft.ch\/en\/wp-json\/wp\/v2\/comments?post=93118"}],"version-history":[{"count":0,"href":"https:\/\/www.swissraft.ch\/en\/wp-json\/wp\/v2\/product\/93118\/revisions"}],"wp:featuredmedia":[{"embeddable":true,"href":"https:\/\/www.swissraft.ch\/en\/wp-json\/wp\/v2\/media\/88104"}],"wp:attachment":[{"href":"https:\/\/www.swissraft.ch\/en\/wp-json\/wp\/v2\/media?parent=93118"}],"wp:term":[{"taxonomy":"product_cat","embeddable":true,"href":"https:\/\/www.swissraft.ch\/en\/wp-json\/wp\/v2\/product_cat?post=93118"},{"taxonomy":"product_tag","embeddable":true,"href":"https:\/\/www.swissraft.ch\/en\/wp-json\/wp\/v2\/product_tag?post=93118"}],"curies":[{"name":"wp","href":"https:\/\/api.w.org\/{rel}","templated":true}]}}