{"id":93115,"date":"2023-01-11T16:38:31","date_gmt":"2023-01-11T15:38:31","guid":{"rendered":"https:\/\/swissraft.xyanzkdne.eu\/product\/flight-from-bienne-over-berne-30-min-from-chf-200-00\/"},"modified":"2024-11-20T09:32:26","modified_gmt":"2024-11-20T08:32:26","slug":"flight-from-bienne-over-berne-30-min-from-chf-200-00","status":"publish","type":"product","link":"https:\/\/www.swissraft.ch\/en\/product\/flight-from-bienne-over-berne-30-min-from-chf-200-00\/","title":{"rendered":"FLIGHT FROM BIENNE &#8211; OVER BERNE &#8211; 30 min. &#8211; From CHF 200.00"},"content":{"rendered":"\t\t<div data-elementor-type=\"wp-post\" data-elementor-id=\"93115\" class=\"elementor elementor-93115 elementor-30337\">\n\t\t\t\t\t\t\t\t\t<section class=\"elementor-section elementor-top-section elementor-element elementor-element-3303a7e3 elementor-section-boxed elementor-section-height-default elementor-section-height-default\" data-id=\"3303a7e3\" data-element_type=\"section\">\n\t\t\t\t\t\t<div class=\"elementor-container elementor-column-gap-default\">\n\t\t\t\t\t<div class=\"elementor-column elementor-col-100 elementor-top-column elementor-element elementor-element-16d72dbf\" data-id=\"16d72dbf\" data-element_type=\"column\">\n\t\t\t<div class=\"elementor-widget-wrap elementor-element-populated\">\n\t\t\t\t\t\t\t\t<div class=\"elementor-element elementor-element-d743c03 elementor-widget elementor-widget-text-editor\" data-id=\"d743c03\" data-element_type=\"widget\" data-widget_type=\"text-editor.default\">\n\t\t\t\t<div class=\"elementor-widget-container\">\n\t\t\t\t\t\t\t<h2>CHOOSE YOUR ACTIVITY BELOW TO OFFER GIFT VOUCHERS \/ TICKETS OR MAKE A RESERVATION<\/h2>\n<table border=\"0\" width=\"580\" cellspacing=\"10\" cellpadding=\"10\">\n<tbody>\n<tr>\n<td width=\"50%\"><strong>OVER BERNE &#8211; PRIVATE FLIGHT (1-3 pers.) &#8211; 30 min.<\/strong><\/td>\n<td><strong>From CHF 200.00 per private flight<span class=\"productPrice\"><br \/><\/span><\/strong><\/td>\n<\/tr>\n<tr>\n<td>Further information<\/td>\n<td><span class=\"patt\">&#8211; You can use the aircraft exclusively for yourself<br \/>&#8211; You set the departure date and time<br \/><\/span><span class=\"patt\">&#8211; Maximum 3 pers. including 1 child from 2 to 12 years old <\/span><\/td>\n<\/tr>\n<tr>\n<td>Aerodrome<\/td>\n<td><a href=\"https:\/\/www.google.com\/maps\/place\/47%C2%B005'27.9%22N+7%C2%B017'27.8%22E\/@47.0912114,7.2867544,768m\/data=!3m1!1e3!4m4!3m3!8m2!3d47.0910833!4d7.2910556?entry=ttu\" target=\"_blank\" rel=\"noopener\">Biel<\/a><\/td>\n<\/tr>\n<tr>\n<td>Flying time<\/td>\n<td>30 min.<\/td>\n<\/tr>\n<tr>\n<td>Total duration<\/td>\n<td>approx. 50 min.<\/td>\n<\/tr>\n<tr>\n<td>Rendez-vous<\/td>\n<td>Par t\u00e9l\u00e9phone<\/td>\n<\/tr>\n<tr>\n<td><button class=\"elementor-button\" type=\"button\"><a href=\"https:\/\/swissraft.outdoorbooking.ch\/fo\/products\/1459?base_id=26&amp;category_id=22&amp;order_type=gift_voucher&amp;lang=en\" target=\"_blank\" rel=\"noopener\">GIFT VOUCHER<\/a><\/button><\/td>\n<td><strong>CHF 200.00 &#8211; PRIVATE FLIGHT &#8211; 30 min. (1-2 pers.) <\/strong><\/td>\n<\/tr>\n<tr>\n<td><button class=\"elementor-button\" type=\"button\"><a href=\"https:\/\/swissraft.outdoorbooking.ch\/fo\/products\/1460?base_id=26&amp;category_id=22&amp;order_type=gift_voucher&amp;lang=en\" target=\"_blank\" rel=\"noopener\">GIFT VOUCHER<\/a><\/button><\/td>\n<td><strong>CHF 250.00 &#8211; PRIVATE FLIGHT &#8211; 30 min. (2 adults + 1 child) <\/strong><\/td>\n<\/tr>\n<tr>\n<td> <\/td>\n<td>Pour r\u00e9server <span class=\"patt\" style=\"font-family: inherit; font-size: inherit;\"><span class=\"plbl\"><span class=\"patt\"><a href=\"https:\/\/www.swissraft.ch\/en\/contact\/\">contactez-nous<\/a><\/span><\/span><\/span><\/td>\n<\/tr>\n<\/tbody>\n<\/table>\n\t\t\t\t\t\t<\/div>\n\t\t\t\t<\/div>\n\t\t\t\t\t<\/div>\n\t\t<\/div>\n\t\t\t\t\t\t\t<\/div>\n\t\t<\/section>\n\t\t\t\t\t\t\t<\/div>\n\t\t","protected":false},"excerpt":{"rendered":"<div align=\"justify\">\n<h2 align=\"justify\">Take off from Biel for a 30-minute flight over Bern, the political capital of Switzerland.<\/h2>\n<h3>Comfortably seated aboard our Piper Archer, discover the city of Bern from the air.<\/h3>\n<\/div>\n<div align=\"justify\">\n<p>Departing from Biel airfield, you fly over the towns of Kerzers and Laupen. Then you fly over Bern, admiring the old city and the Federal Palace from the air. Then you&#8217;ll head for Burgdorf before returning to Biel for a gentle landing.<\/p>\n<h3>On our website you&#8217;ll find a wide choice of air tours throughout Switzerland.<\/h3>\n<p id=\"textarea\" style=\"display: none;\">\nOf course, we have flights from Bern-Belp international airport. At the same time, we take off from Buttwil airfield in Aargau and Grenchen airfield in the canton of Solothurn. We also fly from \u00c9pagny en Gruy\u00e8re airfield in the canton of Fribourg. We also take off from Sch\u00e4nis airfield for pleasure flights by plane.\n<\/p>\n<p><a id=\"seeMore\" onclick=\"toggleSeeMore()\" href=\"javascript:void(0);\">Read more<\/a><\/p>\n","protected":false},"featured_media":88065,"comment_status":"open","ping_status":"closed","template":"","meta":{"inline_featured_image":false,"_mi_skip_tracking":false},"product_cat":[551,426],"product_tag":[],"class_list":["post-93115","product","type-product","status-publish","has-post-thumbnail","hentry","product_cat-plane-bienne","product_cat-flying"],"yoast_head":"<!-- This site is optimized with the Yoast SEO plugin v23.6 - https:\/\/yoast.com\/wordpress\/plugins\/seo\/ -->\n<title>Flight to Berne from Biel. A touristic and cultural flight<\/title>\n<meta name=\"description\" content=\"A 30-minute flight from Biel to Bern. You&#039;ll enjoy a sightseeing and cultural flight over Berne and the surrounding area.\" \/>\n<meta name=\"robots\" content=\"index, follow, max-snippet:-1, max-image-preview:large, max-video-preview:-1\" \/>\n<link rel=\"canonical\" href=\"https:\/\/www.swissraft.ch\/en\/product\/flight-from-bienne-over-berne-30-min-from-chf-200-00\/\" \/>\n<meta property=\"og:locale\" content=\"en_US\" \/>\n<meta property=\"og:type\" content=\"article\" \/>\n<meta property=\"og:title\" content=\"Flight to Berne from Biel. A touristic and cultural flight\" \/>\n<meta property=\"og:description\" content=\"A 30-minute flight from Biel to Bern. You&#039;ll enjoy a sightseeing and cultural flight over Berne and the surrounding area.\" \/>\n<meta property=\"og:url\" content=\"https:\/\/www.swissraft.ch\/en\/product\/flight-from-bienne-over-berne-30-min-from-chf-200-00\/\" \/>\n<meta property=\"og:site_name\" content=\"Swissraft\" \/>\n<meta property=\"article:modified_time\" content=\"2024-11-20T08:32:26+00:00\" \/>\n<meta property=\"og:image\" content=\"https:\/\/www.swissraft.ch\/wp-content\/uploads\/2023\/01\/02-BIEL-City-Bern-Rundflug-776x776-1.jpg\" \/>\n\t<meta property=\"og:image:width\" content=\"776\" \/>\n\t<meta property=\"og:image:height\" content=\"776\" \/>\n\t<meta property=\"og:image:type\" content=\"image\/jpeg\" \/>\n<meta name=\"twitter:card\" content=\"summary_large_image\" \/>\n<script type=\"application\/ld+json\" class=\"yoast-schema-graph\">{\"@context\":\"https:\/\/schema.org\",\"@graph\":[{\"@type\":\"WebPage\",\"@id\":\"https:\/\/www.swissraft.ch\/en\/product\/flight-from-bienne-over-berne-30-min-from-chf-200-00\/\",\"url\":\"https:\/\/www.swissraft.ch\/en\/product\/flight-from-bienne-over-berne-30-min-from-chf-200-00\/\",\"name\":\"Flight to Berne from Biel. A touristic and cultural flight\",\"isPartOf\":{\"@id\":\"https:\/\/www.swissraft.ch\/en\/#website\"},\"primaryImageOfPage\":{\"@id\":\"https:\/\/www.swissraft.ch\/en\/product\/flight-from-bienne-over-berne-30-min-from-chf-200-00\/#primaryimage\"},\"image\":{\"@id\":\"https:\/\/www.swissraft.ch\/en\/product\/flight-from-bienne-over-berne-30-min-from-chf-200-00\/#primaryimage\"},\"thumbnailUrl\":\"https:\/\/www.swissraft.ch\/wp-content\/uploads\/2023\/01\/02-BIEL-City-Bern-Rundflug-776x776-1.jpg\",\"datePublished\":\"2023-01-11T15:38:31+00:00\",\"dateModified\":\"2024-11-20T08:32:26+00:00\",\"description\":\"A 30-minute flight from Biel to Bern. You'll enjoy a sightseeing and cultural flight over Berne and the surrounding area.\",\"breadcrumb\":{\"@id\":\"https:\/\/www.swissraft.ch\/en\/product\/flight-from-bienne-over-berne-30-min-from-chf-200-00\/#breadcrumb\"},\"inLanguage\":\"en-US\",\"potentialAction\":[{\"@type\":\"ReadAction\",\"target\":[\"https:\/\/www.swissraft.ch\/en\/product\/flight-from-bienne-over-berne-30-min-from-chf-200-00\/\"]}]},{\"@type\":\"ImageObject\",\"inLanguage\":\"en-US\",\"@id\":\"https:\/\/www.swissraft.ch\/en\/product\/flight-from-bienne-over-berne-30-min-from-chf-200-00\/#primaryimage\",\"url\":\"https:\/\/www.swissraft.ch\/wp-content\/uploads\/2023\/01\/02-BIEL-City-Bern-Rundflug-776x776-1.jpg\",\"contentUrl\":\"https:\/\/www.swissraft.ch\/wp-content\/uploads\/2023\/01\/02-BIEL-City-Bern-Rundflug-776x776-1.jpg\",\"width\":776,\"height\":776,\"caption\":\"Fly over Bern from Biel\/Bienne\"},{\"@type\":\"BreadcrumbList\",\"@id\":\"https:\/\/www.swissraft.ch\/en\/product\/flight-from-bienne-over-berne-30-min-from-chf-200-00\/#breadcrumb\",\"itemListElement\":[{\"@type\":\"ListItem\",\"position\":1,\"name\":\"Accueil\",\"item\":\"https:\/\/www.swissraft.ch\/en\/\"},{\"@type\":\"ListItem\",\"position\":2,\"name\":\"Store\",\"item\":\"https:\/\/www.swissraft.ch\/en\/store\/\"},{\"@type\":\"ListItem\",\"position\":3,\"name\":\"FLIGHT FROM BIENNE &#8211; OVER BERNE &#8211; 30 min. &#8211; From CHF 200.00\"}]},{\"@type\":\"WebSite\",\"@id\":\"https:\/\/www.swissraft.ch\/en\/#website\",\"url\":\"https:\/\/www.swissraft.ch\/en\/\",\"name\":\"Swissraft\",\"description\":\"To enjoy nature as it is\",\"publisher\":{\"@id\":\"https:\/\/www.swissraft.ch\/en\/#organization\"},\"potentialAction\":[{\"@type\":\"SearchAction\",\"target\":{\"@type\":\"EntryPoint\",\"urlTemplate\":\"https:\/\/www.swissraft.ch\/en\/?s={search_term_string}\"},\"query-input\":{\"@type\":\"PropertyValueSpecification\",\"valueRequired\":true,\"valueName\":\"search_term_string\"}}],\"inLanguage\":\"en-US\"},{\"@type\":\"Organization\",\"@id\":\"https:\/\/www.swissraft.ch\/en\/#organization\",\"name\":\"Swissraft\",\"url\":\"https:\/\/www.swissraft.ch\/en\/\",\"logo\":{\"@type\":\"ImageObject\",\"inLanguage\":\"en-US\",\"@id\":\"https:\/\/www.swissraft.ch\/en\/#\/schema\/logo\/image\/\",\"url\":\"https:\/\/www.swissraft.ch\/wp-content\/uploads\/2025\/09\/Capture.jpg\",\"contentUrl\":\"https:\/\/www.swissraft.ch\/wp-content\/uploads\/2025\/09\/Capture.jpg\",\"width\":293,\"height\":108,\"caption\":\"Swissraft\"},\"image\":{\"@id\":\"https:\/\/www.swissraft.ch\/en\/#\/schema\/logo\/image\/\"}}]}<\/script>\n<!-- \/ Yoast SEO plugin. -->","yoast_head_json":{"title":"Flight to Berne from Biel. A touristic and cultural flight","description":"A 30-minute flight from Biel to Bern. You'll enjoy a sightseeing and cultural flight over Berne and the surrounding area.","robots":{"index":"index","follow":"follow","max-snippet":"max-snippet:-1","max-image-preview":"max-image-preview:large","max-video-preview":"max-video-preview:-1"},"canonical":"https:\/\/www.swissraft.ch\/en\/product\/flight-from-bienne-over-berne-30-min-from-chf-200-00\/","og_locale":"en_US","og_type":"article","og_title":"Flight to Berne from Biel. A touristic and cultural flight","og_description":"A 30-minute flight from Biel to Bern. You'll enjoy a sightseeing and cultural flight over Berne and the surrounding area.","og_url":"https:\/\/www.swissraft.ch\/en\/product\/flight-from-bienne-over-berne-30-min-from-chf-200-00\/","og_site_name":"Swissraft","article_modified_time":"2024-11-20T08:32:26+00:00","og_image":[{"width":776,"height":776,"url":"https:\/\/www.swissraft.ch\/wp-content\/uploads\/2023\/01\/02-BIEL-City-Bern-Rundflug-776x776-1.jpg","type":"image\/jpeg"}],"twitter_card":"summary_large_image","schema":{"@context":"https:\/\/schema.org","@graph":[{"@type":"WebPage","@id":"https:\/\/www.swissraft.ch\/en\/product\/flight-from-bienne-over-berne-30-min-from-chf-200-00\/","url":"https:\/\/www.swissraft.ch\/en\/product\/flight-from-bienne-over-berne-30-min-from-chf-200-00\/","name":"Flight to Berne from Biel. A touristic and cultural flight","isPartOf":{"@id":"https:\/\/www.swissraft.ch\/en\/#website"},"primaryImageOfPage":{"@id":"https:\/\/www.swissraft.ch\/en\/product\/flight-from-bienne-over-berne-30-min-from-chf-200-00\/#primaryimage"},"image":{"@id":"https:\/\/www.swissraft.ch\/en\/product\/flight-from-bienne-over-berne-30-min-from-chf-200-00\/#primaryimage"},"thumbnailUrl":"https:\/\/www.swissraft.ch\/wp-content\/uploads\/2023\/01\/02-BIEL-City-Bern-Rundflug-776x776-1.jpg","datePublished":"2023-01-11T15:38:31+00:00","dateModified":"2024-11-20T08:32:26+00:00","description":"A 30-minute flight from Biel to Bern. You'll enjoy a sightseeing and cultural flight over Berne and the surrounding area.","breadcrumb":{"@id":"https:\/\/www.swissraft.ch\/en\/product\/flight-from-bienne-over-berne-30-min-from-chf-200-00\/#breadcrumb"},"inLanguage":"en-US","potentialAction":[{"@type":"ReadAction","target":["https:\/\/www.swissraft.ch\/en\/product\/flight-from-bienne-over-berne-30-min-from-chf-200-00\/"]}]},{"@type":"ImageObject","inLanguage":"en-US","@id":"https:\/\/www.swissraft.ch\/en\/product\/flight-from-bienne-over-berne-30-min-from-chf-200-00\/#primaryimage","url":"https:\/\/www.swissraft.ch\/wp-content\/uploads\/2023\/01\/02-BIEL-City-Bern-Rundflug-776x776-1.jpg","contentUrl":"https:\/\/www.swissraft.ch\/wp-content\/uploads\/2023\/01\/02-BIEL-City-Bern-Rundflug-776x776-1.jpg","width":776,"height":776,"caption":"Fly over Bern from Biel\/Bienne"},{"@type":"BreadcrumbList","@id":"https:\/\/www.swissraft.ch\/en\/product\/flight-from-bienne-over-berne-30-min-from-chf-200-00\/#breadcrumb","itemListElement":[{"@type":"ListItem","position":1,"name":"Accueil","item":"https:\/\/www.swissraft.ch\/en\/"},{"@type":"ListItem","position":2,"name":"Store","item":"https:\/\/www.swissraft.ch\/en\/store\/"},{"@type":"ListItem","position":3,"name":"FLIGHT FROM BIENNE &#8211; OVER BERNE &#8211; 30 min. &#8211; From CHF 200.00"}]},{"@type":"WebSite","@id":"https:\/\/www.swissraft.ch\/en\/#website","url":"https:\/\/www.swissraft.ch\/en\/","name":"Swissraft","description":"To enjoy nature as it is","publisher":{"@id":"https:\/\/www.swissraft.ch\/en\/#organization"},"potentialAction":[{"@type":"SearchAction","target":{"@type":"EntryPoint","urlTemplate":"https:\/\/www.swissraft.ch\/en\/?s={search_term_string}"},"query-input":{"@type":"PropertyValueSpecification","valueRequired":true,"valueName":"search_term_string"}}],"inLanguage":"en-US"},{"@type":"Organization","@id":"https:\/\/www.swissraft.ch\/en\/#organization","name":"Swissraft","url":"https:\/\/www.swissraft.ch\/en\/","logo":{"@type":"ImageObject","inLanguage":"en-US","@id":"https:\/\/www.swissraft.ch\/en\/#\/schema\/logo\/image\/","url":"https:\/\/www.swissraft.ch\/wp-content\/uploads\/2025\/09\/Capture.jpg","contentUrl":"https:\/\/www.swissraft.ch\/wp-content\/uploads\/2025\/09\/Capture.jpg","width":293,"height":108,"caption":"Swissraft"},"image":{"@id":"https:\/\/www.swissraft.ch\/en\/#\/schema\/logo\/image\/"}}]}},"_links":{"self":[{"href":"https:\/\/www.swissraft.ch\/en\/wp-json\/wp\/v2\/product\/93115","targetHints":{"allow":["GET"]}}],"collection":[{"href":"https:\/\/www.swissraft.ch\/en\/wp-json\/wp\/v2\/product"}],"about":[{"href":"https:\/\/www.swissraft.ch\/en\/wp-json\/wp\/v2\/types\/product"}],"replies":[{"embeddable":true,"href":"https:\/\/www.swissraft.ch\/en\/wp-json\/wp\/v2\/comments?post=93115"}],"version-history":[{"count":0,"href":"https:\/\/www.swissraft.ch\/en\/wp-json\/wp\/v2\/product\/93115\/revisions"}],"wp:featuredmedia":[{"embeddable":true,"href":"https:\/\/www.swissraft.ch\/en\/wp-json\/wp\/v2\/media\/88065"}],"wp:attachment":[{"href":"https:\/\/www.swissraft.ch\/en\/wp-json\/wp\/v2\/media?parent=93115"}],"wp:term":[{"taxonomy":"product_cat","embeddable":true,"href":"https:\/\/www.swissraft.ch\/en\/wp-json\/wp\/v2\/product_cat?post=93115"},{"taxonomy":"product_tag","embeddable":true,"href":"https:\/\/www.swissraft.ch\/en\/wp-json\/wp\/v2\/product_tag?post=93115"}],"curies":[{"name":"wp","href":"https:\/\/api.w.org\/{rel}","templated":true}]}}