{"id":93095,"date":"2023-01-11T14:41:11","date_gmt":"2023-01-11T13:41:11","guid":{"rendered":"https:\/\/swissraft.xyanzkdne.eu\/product\/plane-flight-from-berne-belp-above-berne-20-min-chf-99-00\/"},"modified":"2024-11-20T09:32:15","modified_gmt":"2024-11-20T08:32:15","slug":"plane-flight-from-berne-belp-above-berne-20-min-chf-99-00","status":"publish","type":"product","link":"https:\/\/www.swissraft.ch\/en\/product\/plane-flight-from-berne-belp-above-berne-20-min-chf-99-00\/","title":{"rendered":"Plane flight from BERNE-BELP &#8211; ABOVE BERNE &#8211; 20 min. &#8211; CHF 99.00"},"content":{"rendered":"\t\t<div data-elementor-type=\"wp-post\" data-elementor-id=\"93095\" class=\"elementor elementor-93095 elementor-30299\">\n\t\t\t\t\t\t\t\t\t<section class=\"elementor-section elementor-top-section elementor-element elementor-element-3303a7e3 elementor-section-boxed elementor-section-height-default elementor-section-height-default\" data-id=\"3303a7e3\" data-element_type=\"section\">\n\t\t\t\t\t\t<div class=\"elementor-container elementor-column-gap-default\">\n\t\t\t\t\t<div class=\"elementor-column elementor-col-100 elementor-top-column elementor-element elementor-element-16d72dbf\" data-id=\"16d72dbf\" data-element_type=\"column\">\n\t\t\t<div class=\"elementor-widget-wrap elementor-element-populated\">\n\t\t\t\t\t\t\t\t<div class=\"elementor-element elementor-element-d743c03 elementor-widget elementor-widget-text-editor\" data-id=\"d743c03\" data-element_type=\"widget\" data-widget_type=\"text-editor.default\">\n\t\t\t\t<div class=\"elementor-widget-container\">\n\t\t\t\t\t\t\t<h2>CHOOSE YOUR ACTIVITY BELOW TO OFFER GIFT VOUCHERS \/ TICKETS OR MAKE A RESERVATION<\/h2>\n<table border=\"0\" width=\"580\" cellspacing=\"10\" cellpadding=\"10\">\n<tbody>\n<tr>\n<td width=\"50%\"><strong>PLANE FLIGHT OVER BERNE &#8211; 20 min.<\/strong><\/td>\n<td><strong>CHF 99.00 per person<span class=\"productPrice\"><br \/><\/span><\/strong><\/td>\n<\/tr>\n<tr>\n<td>Additional information<\/td>\n<td><span class=\"patt\">&#8211; You will be with other passengers<br \/>&#8211; Maximum 3 people.<\/span><\/td>\n<\/tr>\n<tr>\n<td>Airport<\/td>\n<td><a href=\"https:\/\/www.google.com\/maps\/place\/46%C2%B054'42.7%22N+7%C2%B030'12.1%22E\/@46.9123669,7.4941803,1542m\/data=!3m1!1e3!4m4!3m3!8m2!3d46.9118611!4d7.5033611?entry=ttu\" target=\"_blank\" rel=\"noopener\">Bern-Belp<\/a><\/td>\n<\/tr>\n<tr>\n<td>Flying time<\/td>\n<td>20 min.<\/td>\n<\/tr>\n<tr>\n<td>Total duration<\/td>\n<td>approx. 40 min.<\/td>\n<\/tr>\n<tr>\n<td>Rendez-vous<\/td>\n<td>Par t\u00e9l\u00e9phone<\/td>\n<\/tr>\n<tr>\n<td><button class=\"elementor-button\" type=\"button\"><a href=\"https:\/\/swissraft.outdoorbooking.ch\/fo\/products\/160?base_id=108&amp;category_id=22&amp;order_type=gift_voucher&amp;lang=en\" target=\"_blank\" rel=\"noopener\">GIFT VOUCHER<\/a><\/button><\/td>\n<td>To make a reservation <span class=\"patt\" style=\"font-family: inherit; font-size: inherit;\"><span class=\"plbl\"><span class=\"patt\"><a href=\"https:\/\/www.swissraft.ch\/en\/contact\/\">contact us<\/a><\/span><\/span><\/span><\/td>\n<\/tr>\n<\/tbody>\n<\/table>\n\t\t\t\t\t\t<\/div>\n\t\t\t\t<\/div>\n\t\t\t\t\t<\/div>\n\t\t<\/div>\n\t\t\t\t\t\t\t<\/div>\n\t\t<\/section>\n\t\t\t\t\t\t\t<\/div>\n\t\t","protected":false},"excerpt":{"rendered":"<div align=\"justify\">\n<h2 align=\"justify\">Plane flight over Bern, Switzerland&#8217;s political capital<\/h2>\n<h3>From Berne-Belp, a cultural and sightseeing flight by plane<\/h3>\n<\/div>\n<div align=\"justify\">\n<p>Fly over the political capital with a view of the historic old town. Then the federal palace, the monastery and off to Rubigen. Worb, Bantiger, Stade de Suisse, Old Town and Bundeshaus come next. Then Lake Wohlen, Gurten, the Belp mountain. Then on to the Aare Valley before resting at Berne-Belp international airport.<\/p>\n<h3>On its website, Swissraft offers 5 airplane cruises from Bern-Belp.<\/h3>\n<p id=\"textarea\" style=\"display: none;\">\nIn fact, we have pleasure flights at Biel aerodrome in the 3 lakes region. We also fly into Aargau from Buttwil and into the canton of Solothurn from Grenchen. We also offer airplane tours in the canton of Fribourg from \u00c9pagny en Gruy\u00e8re airfield. We also offer flights in the canton of St. Moritz. Gall to Sch\u00e4nis.\n<\/p>\n<p><a id=\"seeMore\" onclick=\"toggleSeeMore()\" href=\"javascript:void(0);\">Read more<\/a><\/p>\n","protected":false},"featured_media":87963,"comment_status":"open","ping_status":"closed","template":"","meta":{"inline_featured_image":false,"_mi_skip_tracking":false},"product_cat":[465,426],"product_tag":[],"class_list":["post-93095","product","type-product","status-publish","has-post-thumbnail","hentry","product_cat-plane-berne-belp","product_cat-flying"],"yoast_head":"<!-- This site is optimized with the Yoast SEO plugin v23.6 - https:\/\/yoast.com\/wordpress\/plugins\/seo\/ -->\n<title>Flight over Bern. Cultural and sightseeing flight<\/title>\n<meta name=\"description\" content=\"Flight over Bern. This is a 30-minute cultural and sightseeing flight. Take a bird&#039;s eye view of this beautiful Swiss city: Berne.\" \/>\n<meta name=\"robots\" content=\"index, follow, max-snippet:-1, max-image-preview:large, max-video-preview:-1\" \/>\n<link rel=\"canonical\" href=\"https:\/\/www.swissraft.ch\/en\/product\/plane-flight-from-berne-belp-above-berne-20-min-chf-99-00\/\" \/>\n<meta property=\"og:locale\" content=\"en_US\" \/>\n<meta property=\"og:type\" content=\"article\" \/>\n<meta property=\"og:title\" content=\"Flight over Bern. Cultural and sightseeing flight\" \/>\n<meta property=\"og:description\" content=\"Flight over Bern. This is a 30-minute cultural and sightseeing flight. Take a bird&#039;s eye view of this beautiful Swiss city: Berne.\" \/>\n<meta property=\"og:url\" content=\"https:\/\/www.swissraft.ch\/en\/product\/plane-flight-from-berne-belp-above-berne-20-min-chf-99-00\/\" \/>\n<meta property=\"og:site_name\" content=\"Swissraft\" \/>\n<meta property=\"article:modified_time\" content=\"2024-11-20T08:32:15+00:00\" \/>\n<meta property=\"og:image\" content=\"https:\/\/www.swissraft.ch\/wp-content\/uploads\/2023\/01\/1-BERN-BELP-Bern-City-776x776-2.jpg\" \/>\n\t<meta property=\"og:image:width\" content=\"776\" \/>\n\t<meta property=\"og:image:height\" content=\"776\" \/>\n\t<meta property=\"og:image:type\" content=\"image\/jpeg\" \/>\n<meta name=\"twitter:card\" content=\"summary_large_image\" \/>\n<script type=\"application\/ld+json\" class=\"yoast-schema-graph\">{\"@context\":\"https:\/\/schema.org\",\"@graph\":[{\"@type\":\"WebPage\",\"@id\":\"https:\/\/www.swissraft.ch\/en\/product\/plane-flight-from-berne-belp-above-berne-20-min-chf-99-00\/\",\"url\":\"https:\/\/www.swissraft.ch\/en\/product\/plane-flight-from-berne-belp-above-berne-20-min-chf-99-00\/\",\"name\":\"Flight over Bern. Cultural and sightseeing flight\",\"isPartOf\":{\"@id\":\"https:\/\/www.swissraft.ch\/en\/#website\"},\"primaryImageOfPage\":{\"@id\":\"https:\/\/www.swissraft.ch\/en\/product\/plane-flight-from-berne-belp-above-berne-20-min-chf-99-00\/#primaryimage\"},\"image\":{\"@id\":\"https:\/\/www.swissraft.ch\/en\/product\/plane-flight-from-berne-belp-above-berne-20-min-chf-99-00\/#primaryimage\"},\"thumbnailUrl\":\"https:\/\/www.swissraft.ch\/wp-content\/uploads\/2023\/01\/1-BERN-BELP-Bern-City-776x776-2.jpg\",\"datePublished\":\"2023-01-11T13:41:11+00:00\",\"dateModified\":\"2024-11-20T08:32:15+00:00\",\"description\":\"Flight over Bern. This is a 30-minute cultural and sightseeing flight. Take a bird's eye view of this beautiful Swiss city: Berne.\",\"breadcrumb\":{\"@id\":\"https:\/\/www.swissraft.ch\/en\/product\/plane-flight-from-berne-belp-above-berne-20-min-chf-99-00\/#breadcrumb\"},\"inLanguage\":\"en-US\",\"potentialAction\":[{\"@type\":\"ReadAction\",\"target\":[\"https:\/\/www.swissraft.ch\/en\/product\/plane-flight-from-berne-belp-above-berne-20-min-chf-99-00\/\"]}]},{\"@type\":\"ImageObject\",\"inLanguage\":\"en-US\",\"@id\":\"https:\/\/www.swissraft.ch\/en\/product\/plane-flight-from-berne-belp-above-berne-20-min-chf-99-00\/#primaryimage\",\"url\":\"https:\/\/www.swissraft.ch\/wp-content\/uploads\/2023\/01\/1-BERN-BELP-Bern-City-776x776-2.jpg\",\"contentUrl\":\"https:\/\/www.swissraft.ch\/wp-content\/uploads\/2023\/01\/1-BERN-BELP-Bern-City-776x776-2.jpg\",\"width\":776,\"height\":776,\"caption\":\"Berne by plane from Berne-Belp\"},{\"@type\":\"BreadcrumbList\",\"@id\":\"https:\/\/www.swissraft.ch\/en\/product\/plane-flight-from-berne-belp-above-berne-20-min-chf-99-00\/#breadcrumb\",\"itemListElement\":[{\"@type\":\"ListItem\",\"position\":1,\"name\":\"Accueil\",\"item\":\"https:\/\/www.swissraft.ch\/en\/\"},{\"@type\":\"ListItem\",\"position\":2,\"name\":\"Store\",\"item\":\"https:\/\/www.swissraft.ch\/en\/store\/\"},{\"@type\":\"ListItem\",\"position\":3,\"name\":\"Plane flight from BERNE-BELP &#8211; ABOVE BERNE &#8211; 20 min. &#8211; CHF 99.00\"}]},{\"@type\":\"WebSite\",\"@id\":\"https:\/\/www.swissraft.ch\/en\/#website\",\"url\":\"https:\/\/www.swissraft.ch\/en\/\",\"name\":\"Swissraft\",\"description\":\"To enjoy nature as it is\",\"publisher\":{\"@id\":\"https:\/\/www.swissraft.ch\/en\/#organization\"},\"potentialAction\":[{\"@type\":\"SearchAction\",\"target\":{\"@type\":\"EntryPoint\",\"urlTemplate\":\"https:\/\/www.swissraft.ch\/en\/?s={search_term_string}\"},\"query-input\":{\"@type\":\"PropertyValueSpecification\",\"valueRequired\":true,\"valueName\":\"search_term_string\"}}],\"inLanguage\":\"en-US\"},{\"@type\":\"Organization\",\"@id\":\"https:\/\/www.swissraft.ch\/en\/#organization\",\"name\":\"Swissraft\",\"url\":\"https:\/\/www.swissraft.ch\/en\/\",\"logo\":{\"@type\":\"ImageObject\",\"inLanguage\":\"en-US\",\"@id\":\"https:\/\/www.swissraft.ch\/en\/#\/schema\/logo\/image\/\",\"url\":\"https:\/\/www.swissraft.ch\/wp-content\/uploads\/2025\/09\/Capture.jpg\",\"contentUrl\":\"https:\/\/www.swissraft.ch\/wp-content\/uploads\/2025\/09\/Capture.jpg\",\"width\":293,\"height\":108,\"caption\":\"Swissraft\"},\"image\":{\"@id\":\"https:\/\/www.swissraft.ch\/en\/#\/schema\/logo\/image\/\"}}]}<\/script>\n<!-- \/ Yoast SEO plugin. -->","yoast_head_json":{"title":"Flight over Bern. Cultural and sightseeing flight","description":"Flight over Bern. This is a 30-minute cultural and sightseeing flight. Take a bird's eye view of this beautiful Swiss city: Berne.","robots":{"index":"index","follow":"follow","max-snippet":"max-snippet:-1","max-image-preview":"max-image-preview:large","max-video-preview":"max-video-preview:-1"},"canonical":"https:\/\/www.swissraft.ch\/en\/product\/plane-flight-from-berne-belp-above-berne-20-min-chf-99-00\/","og_locale":"en_US","og_type":"article","og_title":"Flight over Bern. Cultural and sightseeing flight","og_description":"Flight over Bern. This is a 30-minute cultural and sightseeing flight. Take a bird's eye view of this beautiful Swiss city: Berne.","og_url":"https:\/\/www.swissraft.ch\/en\/product\/plane-flight-from-berne-belp-above-berne-20-min-chf-99-00\/","og_site_name":"Swissraft","article_modified_time":"2024-11-20T08:32:15+00:00","og_image":[{"width":776,"height":776,"url":"https:\/\/www.swissraft.ch\/wp-content\/uploads\/2023\/01\/1-BERN-BELP-Bern-City-776x776-2.jpg","type":"image\/jpeg"}],"twitter_card":"summary_large_image","schema":{"@context":"https:\/\/schema.org","@graph":[{"@type":"WebPage","@id":"https:\/\/www.swissraft.ch\/en\/product\/plane-flight-from-berne-belp-above-berne-20-min-chf-99-00\/","url":"https:\/\/www.swissraft.ch\/en\/product\/plane-flight-from-berne-belp-above-berne-20-min-chf-99-00\/","name":"Flight over Bern. Cultural and sightseeing flight","isPartOf":{"@id":"https:\/\/www.swissraft.ch\/en\/#website"},"primaryImageOfPage":{"@id":"https:\/\/www.swissraft.ch\/en\/product\/plane-flight-from-berne-belp-above-berne-20-min-chf-99-00\/#primaryimage"},"image":{"@id":"https:\/\/www.swissraft.ch\/en\/product\/plane-flight-from-berne-belp-above-berne-20-min-chf-99-00\/#primaryimage"},"thumbnailUrl":"https:\/\/www.swissraft.ch\/wp-content\/uploads\/2023\/01\/1-BERN-BELP-Bern-City-776x776-2.jpg","datePublished":"2023-01-11T13:41:11+00:00","dateModified":"2024-11-20T08:32:15+00:00","description":"Flight over Bern. This is a 30-minute cultural and sightseeing flight. Take a bird's eye view of this beautiful Swiss city: Berne.","breadcrumb":{"@id":"https:\/\/www.swissraft.ch\/en\/product\/plane-flight-from-berne-belp-above-berne-20-min-chf-99-00\/#breadcrumb"},"inLanguage":"en-US","potentialAction":[{"@type":"ReadAction","target":["https:\/\/www.swissraft.ch\/en\/product\/plane-flight-from-berne-belp-above-berne-20-min-chf-99-00\/"]}]},{"@type":"ImageObject","inLanguage":"en-US","@id":"https:\/\/www.swissraft.ch\/en\/product\/plane-flight-from-berne-belp-above-berne-20-min-chf-99-00\/#primaryimage","url":"https:\/\/www.swissraft.ch\/wp-content\/uploads\/2023\/01\/1-BERN-BELP-Bern-City-776x776-2.jpg","contentUrl":"https:\/\/www.swissraft.ch\/wp-content\/uploads\/2023\/01\/1-BERN-BELP-Bern-City-776x776-2.jpg","width":776,"height":776,"caption":"Berne by plane from Berne-Belp"},{"@type":"BreadcrumbList","@id":"https:\/\/www.swissraft.ch\/en\/product\/plane-flight-from-berne-belp-above-berne-20-min-chf-99-00\/#breadcrumb","itemListElement":[{"@type":"ListItem","position":1,"name":"Accueil","item":"https:\/\/www.swissraft.ch\/en\/"},{"@type":"ListItem","position":2,"name":"Store","item":"https:\/\/www.swissraft.ch\/en\/store\/"},{"@type":"ListItem","position":3,"name":"Plane flight from BERNE-BELP &#8211; ABOVE BERNE &#8211; 20 min. &#8211; CHF 99.00"}]},{"@type":"WebSite","@id":"https:\/\/www.swissraft.ch\/en\/#website","url":"https:\/\/www.swissraft.ch\/en\/","name":"Swissraft","description":"To enjoy nature as it is","publisher":{"@id":"https:\/\/www.swissraft.ch\/en\/#organization"},"potentialAction":[{"@type":"SearchAction","target":{"@type":"EntryPoint","urlTemplate":"https:\/\/www.swissraft.ch\/en\/?s={search_term_string}"},"query-input":{"@type":"PropertyValueSpecification","valueRequired":true,"valueName":"search_term_string"}}],"inLanguage":"en-US"},{"@type":"Organization","@id":"https:\/\/www.swissraft.ch\/en\/#organization","name":"Swissraft","url":"https:\/\/www.swissraft.ch\/en\/","logo":{"@type":"ImageObject","inLanguage":"en-US","@id":"https:\/\/www.swissraft.ch\/en\/#\/schema\/logo\/image\/","url":"https:\/\/www.swissraft.ch\/wp-content\/uploads\/2025\/09\/Capture.jpg","contentUrl":"https:\/\/www.swissraft.ch\/wp-content\/uploads\/2025\/09\/Capture.jpg","width":293,"height":108,"caption":"Swissraft"},"image":{"@id":"https:\/\/www.swissraft.ch\/en\/#\/schema\/logo\/image\/"}}]}},"_links":{"self":[{"href":"https:\/\/www.swissraft.ch\/en\/wp-json\/wp\/v2\/product\/93095","targetHints":{"allow":["GET"]}}],"collection":[{"href":"https:\/\/www.swissraft.ch\/en\/wp-json\/wp\/v2\/product"}],"about":[{"href":"https:\/\/www.swissraft.ch\/en\/wp-json\/wp\/v2\/types\/product"}],"replies":[{"embeddable":true,"href":"https:\/\/www.swissraft.ch\/en\/wp-json\/wp\/v2\/comments?post=93095"}],"version-history":[{"count":0,"href":"https:\/\/www.swissraft.ch\/en\/wp-json\/wp\/v2\/product\/93095\/revisions"}],"wp:featuredmedia":[{"embeddable":true,"href":"https:\/\/www.swissraft.ch\/en\/wp-json\/wp\/v2\/media\/87963"}],"wp:attachment":[{"href":"https:\/\/www.swissraft.ch\/en\/wp-json\/wp\/v2\/media?parent=93095"}],"wp:term":[{"taxonomy":"product_cat","embeddable":true,"href":"https:\/\/www.swissraft.ch\/en\/wp-json\/wp\/v2\/product_cat?post=93095"},{"taxonomy":"product_tag","embeddable":true,"href":"https:\/\/www.swissraft.ch\/en\/wp-json\/wp\/v2\/product_tag?post=93095"}],"curies":[{"name":"wp","href":"https:\/\/api.w.org\/{rel}","templated":true}]}}