{"id":93090,"date":"2023-01-11T15:11:39","date_gmt":"2023-01-11T14:11:39","guid":{"rendered":"https:\/\/swissraft.xyanzkdne.eu\/product\/plane-flight-from-berne-belp-hautes-alpes-or-lac-leman-et-gruyere-70-min-chf-319-00\/"},"modified":"2024-11-20T09:32:14","modified_gmt":"2024-11-20T08:32:14","slug":"plane-flight-from-berne-belp-hautes-alpes-or-lac-leman-et-gruyere-70-min-chf-319-00","status":"publish","type":"product","link":"https:\/\/www.swissraft.ch\/en\/product\/plane-flight-from-berne-belp-hautes-alpes-or-lac-leman-et-gruyere-70-min-chf-319-00\/","title":{"rendered":"Plane flight from BERNE-BELP &#8211; HAUTES ALPES OR LAC L\u00c9MAN ET GRUY\u00c8RE &#8211; 70 min. &#8211; CHF 319.00"},"content":{"rendered":"\t\t<div data-elementor-type=\"wp-post\" data-elementor-id=\"93090\" class=\"elementor elementor-93090 elementor-30320\">\n\t\t\t\t\t\t\t\t\t<section class=\"elementor-section elementor-top-section elementor-element elementor-element-3303a7e3 elementor-section-boxed elementor-section-height-default elementor-section-height-default\" data-id=\"3303a7e3\" data-element_type=\"section\">\n\t\t\t\t\t\t<div class=\"elementor-container elementor-column-gap-default\">\n\t\t\t\t\t<div class=\"elementor-column elementor-col-100 elementor-top-column elementor-element elementor-element-16d72dbf\" data-id=\"16d72dbf\" data-element_type=\"column\">\n\t\t\t<div class=\"elementor-widget-wrap elementor-element-populated\">\n\t\t\t\t\t\t\t\t<div class=\"elementor-element elementor-element-d743c03 elementor-widget elementor-widget-text-editor\" data-id=\"d743c03\" data-element_type=\"widget\" data-widget_type=\"text-editor.default\">\n\t\t\t\t<div class=\"elementor-widget-container\">\n\t\t\t\t\t\t\t<h2>CHOOSE YOUR ACTIVITY BELOW TO OFFER GIFT VOUCHERS \/ TICKETS OR MAKE A RESERVATION<\/h2>\n<table border=\"0\" width=\"580\" cellspacing=\"10\" cellpadding=\"10\">\n<tbody>\n<tr>\n<td width=\"50%\"><strong>HIGH ALPS OR LAKE L\u00c9MAN AND GRUY\u00c8RE &#8211; 70 min.<\/strong><\/td>\n<td><strong>CHF 319.00 per person<span class=\"productPrice\"><br \/><\/span><\/strong><\/td>\n<\/tr>\n<tr>\n<td>Additional information<\/td>\n<td><span class=\"patt\">&#8211; You will be with other passengers<br \/>&#8211; Maximum 3 people.<\/span><\/td>\n<\/tr>\n<tr>\n<td>Airport<\/td>\n<td><a href=\"https:\/\/www.google.com\/maps\/place\/46%C2%B054'42.7%22N+7%C2%B030'12.1%22E\/@46.9123669,7.4941803,1542m\/data=!3m1!1e3!4m4!3m3!8m2!3d46.9118611!4d7.5033611?entry=ttu\" target=\"_blank\" rel=\"noopener\">Bern-Belp<\/a><\/td>\n<\/tr>\n<tr>\n<td>Flying time<\/td>\n<td>70 min.<\/td>\n<\/tr>\n<tr>\n<td>Total duration<\/td>\n<td>approx. 1h30<\/td>\n<\/tr>\n<tr>\n<td>Rendez-vous<\/td>\n<td>Par t\u00e9l\u00e9phone<\/td>\n<\/tr>\n<tr>\n<td><button class=\"elementor-button\" type=\"button\"><a href=\"https:\/\/swissraft.outdoorbooking.ch\/fo\/products\/419?base_id=108&amp;category_id=22&amp;order_type=gift_voucher&amp;lang=en\" target=\"_blank\" rel=\"noopener\">GIFT VOUCHER<\/a><\/button><\/td>\n<td><strong>CHF 319.00 &#8211; Hautes Alpes ( 1 pers.)<\/strong><\/td>\n<\/tr>\n<tr>\n<td><button class=\"elementor-button\" type=\"button\"><a href=\"https:\/\/swissraft.outdoorbooking.ch\/fo\/products\/420?base_id=108&amp;category_id=22&amp;order_type=gift_voucher&amp;lang=en\" target=\"_blank\" rel=\"noopener\">GIFT VOUCHER<\/a><\/button><\/td>\n<td><strong>CHF 319.00 &#8211; Lake Geneva and Gruy\u00e8re ( 1 pers.)<\/strong><\/td>\n<\/tr>\n<tr>\n<td> <\/td>\n<td>Pour r\u00e9server <span class=\"patt\" style=\"font-family: inherit; font-size: inherit;\"><span class=\"plbl\"><span class=\"patt\"><a href=\"https:\/\/www.swissraft.ch\/en\/contact\/\">contactez-nous<\/a><\/span><\/span><\/span><\/td>\n<\/tr>\n<\/tbody>\n<\/table>\n\t\t\t\t\t\t<\/div>\n\t\t\t\t<\/div>\n\t\t\t\t\t<\/div>\n\t\t<\/div>\n\t\t\t\t\t\t\t<\/div>\n\t\t<\/section>\n\t\t\t\t<section class=\"elementor-section elementor-top-section elementor-element elementor-element-e145124 elementor-section-boxed elementor-section-height-default elementor-section-height-default\" data-id=\"e145124\" data-element_type=\"section\">\n\t\t\t\t\t\t<div class=\"elementor-container elementor-column-gap-default\">\n\t\t\t\t\t<div class=\"elementor-column elementor-col-100 elementor-top-column elementor-element elementor-element-bda7833\" data-id=\"bda7833\" data-element_type=\"column\">\n\t\t\t<div class=\"elementor-widget-wrap elementor-element-populated\">\n\t\t\t\t\t\t\t\t<div class=\"elementor-element elementor-element-684f175 elementor-widget elementor-widget-text-editor\" data-id=\"684f175\" data-element_type=\"widget\" data-widget_type=\"text-editor.default\">\n\t\t\t\t<div class=\"elementor-widget-container\">\n\t\t\t\t\t\t\t\t\t\t\t\t\t<\/div>\n\t\t\t\t<\/div>\n\t\t\t\t\t<\/div>\n\t\t<\/div>\n\t\t\t\t\t\t\t<\/div>\n\t\t<\/section>\n\t\t\t\t\t\t\t<\/div>\n\t\t","protected":false},"excerpt":{"rendered":"<div align=\"justify\">\n<h2 align=\"justify\">You&#8217;ll take off on a 70-minute flight either to the high Bernese Alps or to Lake Geneva and the Gruy\u00e8re region.<\/h2>\n<h3>You fly at an altitude of either 4000 m or 1500 m, depending on which tour you decide to take. In fact, each of these two tours will leave you with a superb impression. <\/h3>\n<\/div>\n<div align=\"justify\">\n<p>From Berne-Belp airport you take off for a 70-minute flight at an altitude of 4,000 m. The flight over the Alps offers an excellent overview of the Bernese Alps. You fly over the Alps from the south, passing the Grimsel region, the Finsteraarhorn and the Gr\u00fcnhornl\u00fccke. Then Konkordiaplatz, L\u00f6tschenl\u00fccke, L\u00f6tschental, Wildstrubel and Simmen Valley before returning to Bern-Belp. What&#8217;s more, it&#8217;s an impressive experience with a unique view of the world of glaciers in the high Alps.<br \/>\nChoosing the Lake Geneva and Gruy\u00e8re circuit? You also take a 70-minute flight at an altitude of 1,500 metres. It takes you over the Gruy\u00e8re to Lake Geneva. It also offers beautiful views of the Pre-Alps and the Lake Geneva region with its vineyards. Even on cloudy days, this flight can be made without any problems.<\/p>\n<h3>Don&#8217;t hesitate to call us if you have any questions about our flights in Switzerland.<\/h3>\n<p id=\"textarea\" style=\"display: none;\">\nWe also take off from Biel airfield in the canton of Berne. We also offer airplane tours departing from Buttwil airfield in Canton Aargau. We also offer flights from Grenchen airfield in the canton of Solothurn. But we also take off from \u00c9pagny en Gruy\u00e8re airfield in the canton of Fribourg. We also take off from Sch\u00e4nis for pleasure flights in the canton of St. Moritz. Gall.\n<\/p>\n<p><a id=\"seeMore\" onclick=\"toggleSeeMore()\" href=\"javascript:void(0);\">Read more<\/a><\/p>\n","protected":false},"featured_media":88005,"comment_status":"open","ping_status":"closed","template":"","meta":{"inline_featured_image":false,"_mi_skip_tracking":false},"product_cat":[465,426],"product_tag":[],"class_list":["post-93090","product","type-product","status-publish","has-post-thumbnail","hentry","product_cat-plane-berne-belp","product_cat-flying-plane"],"yoast_head":"<!-- This site is optimized with the Yoast SEO plugin v23.6 - https:\/\/yoast.com\/wordpress\/plugins\/seo\/ -->\n<title>High Alps or Lake Geneva and Gruy\u00e8re two splendid circuits<\/title>\n<meta name=\"description\" content=\"High Alps or Lake Geneva and Gruy\u00e8re two pleasure tours to choose from. These are 70-minute flights with magnificent views along the way.\" \/>\n<meta name=\"robots\" content=\"index, follow, max-snippet:-1, max-image-preview:large, max-video-preview:-1\" \/>\n<link rel=\"canonical\" href=\"https:\/\/www.swissraft.ch\/en\/product\/plane-flight-from-berne-belp-hautes-alpes-or-lac-leman-et-gruyere-70-min-chf-319-00\/\" \/>\n<meta property=\"og:locale\" content=\"en_US\" \/>\n<meta property=\"og:type\" content=\"article\" \/>\n<meta property=\"og:title\" content=\"High Alps or Lake Geneva and Gruy\u00e8re two splendid circuits\" \/>\n<meta property=\"og:description\" content=\"High Alps or Lake Geneva and Gruy\u00e8re two pleasure tours to choose from. These are 70-minute flights with magnificent views along the way.\" \/>\n<meta property=\"og:url\" content=\"https:\/\/www.swissraft.ch\/en\/product\/plane-flight-from-berne-belp-hautes-alpes-or-lac-leman-et-gruyere-70-min-chf-319-00\/\" \/>\n<meta property=\"og:site_name\" content=\"Swissraft\" \/>\n<meta property=\"article:modified_time\" content=\"2024-11-20T08:32:14+00:00\" \/>\n<meta property=\"og:image\" content=\"https:\/\/www.swissraft.ch\/wp-content\/uploads\/2023\/01\/4-Hochalpen-Rundflug-776x776-1.jpg\" \/>\n\t<meta property=\"og:image:width\" content=\"776\" \/>\n\t<meta property=\"og:image:height\" content=\"776\" \/>\n\t<meta property=\"og:image:type\" content=\"image\/jpeg\" \/>\n<meta name=\"twitter:card\" content=\"summary_large_image\" \/>\n<script type=\"application\/ld+json\" class=\"yoast-schema-graph\">{\"@context\":\"https:\/\/schema.org\",\"@graph\":[{\"@type\":\"WebPage\",\"@id\":\"https:\/\/www.swissraft.ch\/en\/product\/plane-flight-from-berne-belp-hautes-alpes-or-lac-leman-et-gruyere-70-min-chf-319-00\/\",\"url\":\"https:\/\/www.swissraft.ch\/en\/product\/plane-flight-from-berne-belp-hautes-alpes-or-lac-leman-et-gruyere-70-min-chf-319-00\/\",\"name\":\"High Alps or Lake Geneva and Gruy\u00e8re two splendid circuits\",\"isPartOf\":{\"@id\":\"https:\/\/www.swissraft.ch\/en\/#website\"},\"primaryImageOfPage\":{\"@id\":\"https:\/\/www.swissraft.ch\/en\/product\/plane-flight-from-berne-belp-hautes-alpes-or-lac-leman-et-gruyere-70-min-chf-319-00\/#primaryimage\"},\"image\":{\"@id\":\"https:\/\/www.swissraft.ch\/en\/product\/plane-flight-from-berne-belp-hautes-alpes-or-lac-leman-et-gruyere-70-min-chf-319-00\/#primaryimage\"},\"thumbnailUrl\":\"https:\/\/www.swissraft.ch\/wp-content\/uploads\/2023\/01\/4-Hochalpen-Rundflug-776x776-1.jpg\",\"datePublished\":\"2023-01-11T14:11:39+00:00\",\"dateModified\":\"2024-11-20T08:32:14+00:00\",\"description\":\"High Alps or Lake Geneva and Gruy\u00e8re two pleasure tours to choose from. These are 70-minute flights with magnificent views along the way.\",\"breadcrumb\":{\"@id\":\"https:\/\/www.swissraft.ch\/en\/product\/plane-flight-from-berne-belp-hautes-alpes-or-lac-leman-et-gruyere-70-min-chf-319-00\/#breadcrumb\"},\"inLanguage\":\"en-US\",\"potentialAction\":[{\"@type\":\"ReadAction\",\"target\":[\"https:\/\/www.swissraft.ch\/en\/product\/plane-flight-from-berne-belp-hautes-alpes-or-lac-leman-et-gruyere-70-min-chf-319-00\/\"]}]},{\"@type\":\"ImageObject\",\"inLanguage\":\"en-US\",\"@id\":\"https:\/\/www.swissraft.ch\/en\/product\/plane-flight-from-berne-belp-hautes-alpes-or-lac-leman-et-gruyere-70-min-chf-319-00\/#primaryimage\",\"url\":\"https:\/\/www.swissraft.ch\/wp-content\/uploads\/2023\/01\/4-Hochalpen-Rundflug-776x776-1.jpg\",\"contentUrl\":\"https:\/\/www.swissraft.ch\/wp-content\/uploads\/2023\/01\/4-Hochalpen-Rundflug-776x776-1.jpg\",\"width\":776,\"height\":776,\"caption\":\"From Berne-Belp for a flight to the high Alps or Lake Geneva and Gruy\u00e8re\"},{\"@type\":\"BreadcrumbList\",\"@id\":\"https:\/\/www.swissraft.ch\/en\/product\/plane-flight-from-berne-belp-hautes-alpes-or-lac-leman-et-gruyere-70-min-chf-319-00\/#breadcrumb\",\"itemListElement\":[{\"@type\":\"ListItem\",\"position\":1,\"name\":\"Accueil\",\"item\":\"https:\/\/www.swissraft.ch\/en\/\"},{\"@type\":\"ListItem\",\"position\":2,\"name\":\"Store\",\"item\":\"https:\/\/www.swissraft.ch\/en\/store\/\"},{\"@type\":\"ListItem\",\"position\":3,\"name\":\"Plane flight from BERNE-BELP &#8211; HAUTES ALPES OR LAC L\u00c9MAN ET GRUY\u00c8RE &#8211; 70 min. &#8211; CHF 319.00\"}]},{\"@type\":\"WebSite\",\"@id\":\"https:\/\/www.swissraft.ch\/en\/#website\",\"url\":\"https:\/\/www.swissraft.ch\/en\/\",\"name\":\"Swissraft\",\"description\":\"To enjoy nature as it is\",\"publisher\":{\"@id\":\"https:\/\/www.swissraft.ch\/en\/#organization\"},\"potentialAction\":[{\"@type\":\"SearchAction\",\"target\":{\"@type\":\"EntryPoint\",\"urlTemplate\":\"https:\/\/www.swissraft.ch\/en\/?s={search_term_string}\"},\"query-input\":{\"@type\":\"PropertyValueSpecification\",\"valueRequired\":true,\"valueName\":\"search_term_string\"}}],\"inLanguage\":\"en-US\"},{\"@type\":\"Organization\",\"@id\":\"https:\/\/www.swissraft.ch\/en\/#organization\",\"name\":\"Swissraft\",\"url\":\"https:\/\/www.swissraft.ch\/en\/\",\"logo\":{\"@type\":\"ImageObject\",\"inLanguage\":\"en-US\",\"@id\":\"https:\/\/www.swissraft.ch\/en\/#\/schema\/logo\/image\/\",\"url\":\"https:\/\/www.swissraft.ch\/wp-content\/uploads\/2025\/09\/Capture.jpg\",\"contentUrl\":\"https:\/\/www.swissraft.ch\/wp-content\/uploads\/2025\/09\/Capture.jpg\",\"width\":293,\"height\":108,\"caption\":\"Swissraft\"},\"image\":{\"@id\":\"https:\/\/www.swissraft.ch\/en\/#\/schema\/logo\/image\/\"}}]}<\/script>\n<!-- \/ Yoast SEO plugin. -->","yoast_head_json":{"title":"High Alps or Lake Geneva and Gruy\u00e8re two splendid circuits","description":"High Alps or Lake Geneva and Gruy\u00e8re two pleasure tours to choose from. These are 70-minute flights with magnificent views along the way.","robots":{"index":"index","follow":"follow","max-snippet":"max-snippet:-1","max-image-preview":"max-image-preview:large","max-video-preview":"max-video-preview:-1"},"canonical":"https:\/\/www.swissraft.ch\/en\/product\/plane-flight-from-berne-belp-hautes-alpes-or-lac-leman-et-gruyere-70-min-chf-319-00\/","og_locale":"en_US","og_type":"article","og_title":"High Alps or Lake Geneva and Gruy\u00e8re two splendid circuits","og_description":"High Alps or Lake Geneva and Gruy\u00e8re two pleasure tours to choose from. These are 70-minute flights with magnificent views along the way.","og_url":"https:\/\/www.swissraft.ch\/en\/product\/plane-flight-from-berne-belp-hautes-alpes-or-lac-leman-et-gruyere-70-min-chf-319-00\/","og_site_name":"Swissraft","article_modified_time":"2024-11-20T08:32:14+00:00","og_image":[{"width":776,"height":776,"url":"https:\/\/www.swissraft.ch\/wp-content\/uploads\/2023\/01\/4-Hochalpen-Rundflug-776x776-1.jpg","type":"image\/jpeg"}],"twitter_card":"summary_large_image","schema":{"@context":"https:\/\/schema.org","@graph":[{"@type":"WebPage","@id":"https:\/\/www.swissraft.ch\/en\/product\/plane-flight-from-berne-belp-hautes-alpes-or-lac-leman-et-gruyere-70-min-chf-319-00\/","url":"https:\/\/www.swissraft.ch\/en\/product\/plane-flight-from-berne-belp-hautes-alpes-or-lac-leman-et-gruyere-70-min-chf-319-00\/","name":"High Alps or Lake Geneva and Gruy\u00e8re two splendid circuits","isPartOf":{"@id":"https:\/\/www.swissraft.ch\/en\/#website"},"primaryImageOfPage":{"@id":"https:\/\/www.swissraft.ch\/en\/product\/plane-flight-from-berne-belp-hautes-alpes-or-lac-leman-et-gruyere-70-min-chf-319-00\/#primaryimage"},"image":{"@id":"https:\/\/www.swissraft.ch\/en\/product\/plane-flight-from-berne-belp-hautes-alpes-or-lac-leman-et-gruyere-70-min-chf-319-00\/#primaryimage"},"thumbnailUrl":"https:\/\/www.swissraft.ch\/wp-content\/uploads\/2023\/01\/4-Hochalpen-Rundflug-776x776-1.jpg","datePublished":"2023-01-11T14:11:39+00:00","dateModified":"2024-11-20T08:32:14+00:00","description":"High Alps or Lake Geneva and Gruy\u00e8re two pleasure tours to choose from. These are 70-minute flights with magnificent views along the way.","breadcrumb":{"@id":"https:\/\/www.swissraft.ch\/en\/product\/plane-flight-from-berne-belp-hautes-alpes-or-lac-leman-et-gruyere-70-min-chf-319-00\/#breadcrumb"},"inLanguage":"en-US","potentialAction":[{"@type":"ReadAction","target":["https:\/\/www.swissraft.ch\/en\/product\/plane-flight-from-berne-belp-hautes-alpes-or-lac-leman-et-gruyere-70-min-chf-319-00\/"]}]},{"@type":"ImageObject","inLanguage":"en-US","@id":"https:\/\/www.swissraft.ch\/en\/product\/plane-flight-from-berne-belp-hautes-alpes-or-lac-leman-et-gruyere-70-min-chf-319-00\/#primaryimage","url":"https:\/\/www.swissraft.ch\/wp-content\/uploads\/2023\/01\/4-Hochalpen-Rundflug-776x776-1.jpg","contentUrl":"https:\/\/www.swissraft.ch\/wp-content\/uploads\/2023\/01\/4-Hochalpen-Rundflug-776x776-1.jpg","width":776,"height":776,"caption":"From Berne-Belp for a flight to the high Alps or Lake Geneva and Gruy\u00e8re"},{"@type":"BreadcrumbList","@id":"https:\/\/www.swissraft.ch\/en\/product\/plane-flight-from-berne-belp-hautes-alpes-or-lac-leman-et-gruyere-70-min-chf-319-00\/#breadcrumb","itemListElement":[{"@type":"ListItem","position":1,"name":"Accueil","item":"https:\/\/www.swissraft.ch\/en\/"},{"@type":"ListItem","position":2,"name":"Store","item":"https:\/\/www.swissraft.ch\/en\/store\/"},{"@type":"ListItem","position":3,"name":"Plane flight from BERNE-BELP &#8211; HAUTES ALPES OR LAC L\u00c9MAN ET GRUY\u00c8RE &#8211; 70 min. &#8211; CHF 319.00"}]},{"@type":"WebSite","@id":"https:\/\/www.swissraft.ch\/en\/#website","url":"https:\/\/www.swissraft.ch\/en\/","name":"Swissraft","description":"To enjoy nature as it is","publisher":{"@id":"https:\/\/www.swissraft.ch\/en\/#organization"},"potentialAction":[{"@type":"SearchAction","target":{"@type":"EntryPoint","urlTemplate":"https:\/\/www.swissraft.ch\/en\/?s={search_term_string}"},"query-input":{"@type":"PropertyValueSpecification","valueRequired":true,"valueName":"search_term_string"}}],"inLanguage":"en-US"},{"@type":"Organization","@id":"https:\/\/www.swissraft.ch\/en\/#organization","name":"Swissraft","url":"https:\/\/www.swissraft.ch\/en\/","logo":{"@type":"ImageObject","inLanguage":"en-US","@id":"https:\/\/www.swissraft.ch\/en\/#\/schema\/logo\/image\/","url":"https:\/\/www.swissraft.ch\/wp-content\/uploads\/2025\/09\/Capture.jpg","contentUrl":"https:\/\/www.swissraft.ch\/wp-content\/uploads\/2025\/09\/Capture.jpg","width":293,"height":108,"caption":"Swissraft"},"image":{"@id":"https:\/\/www.swissraft.ch\/en\/#\/schema\/logo\/image\/"}}]}},"_links":{"self":[{"href":"https:\/\/www.swissraft.ch\/en\/wp-json\/wp\/v2\/product\/93090","targetHints":{"allow":["GET"]}}],"collection":[{"href":"https:\/\/www.swissraft.ch\/en\/wp-json\/wp\/v2\/product"}],"about":[{"href":"https:\/\/www.swissraft.ch\/en\/wp-json\/wp\/v2\/types\/product"}],"replies":[{"embeddable":true,"href":"https:\/\/www.swissraft.ch\/en\/wp-json\/wp\/v2\/comments?post=93090"}],"version-history":[{"count":0,"href":"https:\/\/www.swissraft.ch\/en\/wp-json\/wp\/v2\/product\/93090\/revisions"}],"wp:featuredmedia":[{"embeddable":true,"href":"https:\/\/www.swissraft.ch\/en\/wp-json\/wp\/v2\/media\/88005"}],"wp:attachment":[{"href":"https:\/\/www.swissraft.ch\/en\/wp-json\/wp\/v2\/media?parent=93090"}],"wp:term":[{"taxonomy":"product_cat","embeddable":true,"href":"https:\/\/www.swissraft.ch\/en\/wp-json\/wp\/v2\/product_cat?post=93090"},{"taxonomy":"product_tag","embeddable":true,"href":"https:\/\/www.swissraft.ch\/en\/wp-json\/wp\/v2\/product_tag?post=93090"}],"curies":[{"name":"wp","href":"https:\/\/api.w.org\/{rel}","templated":true}]}}