{"id":93083,"date":"2023-01-11T13:49:15","date_gmt":"2023-01-11T12:49:15","guid":{"rendered":"https:\/\/swissraft.xyanzkdne.eu\/product\/plane-flight-from-buttwil-le-glarnich-60-min-from-chf-190-00\/"},"modified":"2024-11-20T09:32:03","modified_gmt":"2024-11-20T08:32:03","slug":"plane-flight-from-buttwil-le-glarnich-60-min-from-chf-190-00","status":"publish","type":"product","link":"https:\/\/www.swissraft.ch\/en\/product\/plane-flight-from-buttwil-le-glarnich-60-min-from-chf-190-00\/","title":{"rendered":"Plane flight from BUTTWIL &#8211; LE GL\u00c4RNICH &#8211; 60 min. &#8211; From CHF 190.00"},"content":{"rendered":"\t\t<div data-elementor-type=\"wp-post\" data-elementor-id=\"93083\" class=\"elementor elementor-93083 elementor-30274\">\n\t\t\t\t\t\t\t\t\t<section class=\"elementor-section elementor-top-section elementor-element elementor-element-3303a7e3 elementor-section-boxed elementor-section-height-default elementor-section-height-default\" data-id=\"3303a7e3\" data-element_type=\"section\">\n\t\t\t\t\t\t<div class=\"elementor-container elementor-column-gap-default\">\n\t\t\t\t\t<div class=\"elementor-column elementor-col-100 elementor-top-column elementor-element elementor-element-16d72dbf\" data-id=\"16d72dbf\" data-element_type=\"column\">\n\t\t\t<div class=\"elementor-widget-wrap elementor-element-populated\">\n\t\t\t\t\t\t\t\t<div class=\"elementor-element elementor-element-d743c03 elementor-widget elementor-widget-text-editor\" data-id=\"d743c03\" data-element_type=\"widget\" data-widget_type=\"text-editor.default\">\n\t\t\t\t<div class=\"elementor-widget-container\">\n\t\t\t\t\t\t\t<h2>CHOOSE YOUR ACTIVITY BELOW TO OFFER GIFT VOUCHERS \/ TICKETS OR MAKE A RESERVATION<\/h2>\n<table border=\"0\" width=\"580\" cellspacing=\"10\" cellpadding=\"10\">\n<tbody>\n<tr>\n<td width=\"50%\"><strong>LE GL\u00c4RNISCH &#8211; (1-3 pers.) &#8211; 60 min.<\/strong><\/td>\n<td><strong>From CHF 190.00 per person<span class=\"productPrice\"><br \/><\/span><\/strong><\/td>\n<\/tr>\n<tr>\n<td>Additional information<\/td>\n<td><span class=\"patt\">&#8211; You will be with other passengers<br \/><\/span><span class=\"patt\">&#8211; Children aged 5 to 12<br \/><\/span><span class=\"patt\">&#8211; Maximum 3 persons<\/span><\/td>\n<\/tr>\n<tr>\n<td>Airfield<\/td>\n<td><a href=\"https:\/\/www.google.com\/maps\/place\/47%C2%B015'51.5%22N+8%C2%B018'05.7%22E\/@47.2643994,8.29713,766m\/data=!3m1!1e3!4m4!3m3!8m2!3d47.2643056!4d8.3015833?entry=ttu\" target=\"_blank\" rel=\"noopener\">Buttwil<\/a><\/td>\n<\/tr>\n<tr>\n<td>Flying time<\/td>\n<td>60 min.<\/td>\n<\/tr>\n<tr>\n<td>Total duration<\/td>\n<td>approx. 1h30<\/td>\n<\/tr>\n<tr>\n<td>Rendez-vous<\/td>\n<td>Par t\u00e9l\u00e9phone<\/td>\n<\/tr>\n<tr>\n<td><button class=\"elementor-button\" type=\"button\"><a href=\"https:\/\/swissraft.outdoorbooking.ch\/fo\/products\/206?base_id=25&amp;category_id=22&amp;order_type=gift_voucher&amp;lang=en\" target=\"_blank\" rel=\"noopener\">GIFT VOUCHER<\/a><\/button><\/td>\n<td><strong>CHF 190.00 &#8211; 60 min. (1 pers.) <\/strong><\/td>\n<\/tr>\n<tr>\n<td><button class=\"elementor-button\" type=\"button\"><a href=\"https:\/\/swissraft.outdoorbooking.ch\/fo\/products\/407?base_id=106&amp;category_id=22&amp;order_type=gift_voucher&amp;lang=en\" target=\"_blank\" rel=\"noopener\">GIFT VOUCHER<\/a><\/button><\/td>\n<td><strong>CHF 380.00 &#8211; 60 min. (2 pers.) <\/strong><\/td>\n<\/tr>\n<tr>\n<td><button class=\"elementor-button\" type=\"button\"><a href=\"https:\/\/swissraft.outdoorbooking.ch\/fo\/products\/401?base_id=101&amp;category_id=22&amp;order_type=gift_voucher&amp;lang=en\" target=\"_blank\" rel=\"noopener\">GIFT VOUCHER<\/a><\/button><\/td>\n<td><strong>CHF 475.00 &#8211; PRIVATE FLIGHT &#8211; 60 min. (2 adults + 1 child) <\/strong><\/td>\n<\/tr>\n<tr>\n<td><button class=\"elementor-button\" type=\"button\"><a href=\"https:\/\/swissraft.outdoorbooking.ch\/fo\/products\/414?base_id=107&amp;category_id=22&amp;order_type=gift_voucher&amp;lang=en\" target=\"_blank\" rel=\"noopener\">GIFT VOUCHER<\/a><\/button><\/td>\n<td><strong>CHF 570.00 &#8211; PRIVATE FLIGHT &#8211; 60 min. (3 pers.) <\/strong><\/td>\n<\/tr>\n<tr>\n<td> <\/td>\n<td>Pour r\u00e9server <span class=\"patt\" style=\"font-family: inherit; font-size: inherit;\"><span class=\"plbl\"><span class=\"patt\"><a href=\"https:\/\/www.swissraft.ch\/en\/contact\/\">contactez-nous<\/a><\/span><\/span><\/span><\/td>\n<\/tr>\n<\/tbody>\n<\/table>\n\t\t\t\t\t\t<\/div>\n\t\t\t\t<\/div>\n\t\t\t\t\t<\/div>\n\t\t<\/div>\n\t\t\t\t\t\t\t<\/div>\n\t\t<\/section>\n\t\t\t\t\t\t\t<\/div>\n\t\t","protected":false},"excerpt":{"rendered":"<div align=\"justify\">\n<h2 align=\"justify\">From Buttwil you fly to Gl\u00e4rnisch, a mountain range in the Schwyz Alps.<\/h2>\n<h3>On this 60-minute flight in a tourist plane, you&#8217;ll discover the canton of Schwyz and its peaks. The B\u00e4chistock is the highest, reaching an altitude of 2915 m. <\/h3>\n<\/div>\n<div align=\"justify\">\n<p>As soon as you take off from Buttwil, you&#8217;ll be treated to a splendid panorama of Lake Zurich. Then it&#8217;s on to the world of glaciers in the canton of Glarus. You continue your flight to the Oberalp Pass, which rises to 2044 m between the Glarus and Lepont Alps. Then it&#8217;s on to the T\u00f6di at 3613 m, the highest peak in the Glarus Alps. It straddles the cantons of Glarus and Graub\u00fcnden. Then, before returning to Buttwil airfield, you fly over the majestic Lake Lucerne.<\/p>\n<h3>On our Swissraft website you&#8217;ll find over 35 flight itineraries to choose from, departing from 7 Swiss airports and aerodromes.<\/h3>\n<p id=\"textarea\" style=\"display: none;\">\nWhat&#8217;s more, we offer air tours from Berne-Belp international airport. We also take off from Biel airfield. We also offer sightseeing flights from Grenchen to the canton of Solothurn. We also take off from the \u00c9pagny en Gruy\u00e8re aerodrome for some magnificent tours. Then in the canton of St. Gallen Gall we have flights departing from Sch\u00e4nis airfield.\n<\/p>\n<p><a id=\"seeMore\" onclick=\"toggleSeeMore()\" href=\"javascript:void(0);\">Read more<\/a><\/p>\n","protected":false},"featured_media":88257,"comment_status":"open","ping_status":"closed","template":"","meta":{"inline_featured_image":false,"_mi_skip_tracking":false},"product_cat":[559,426],"product_tag":[],"class_list":["post-93083","product","type-product","status-publish","has-post-thumbnail","hentry","product_cat-plane-buttwil","product_cat-flying"],"yoast_head":"<!-- This site is optimized with the Yoast SEO plugin v23.6 - https:\/\/yoast.com\/wordpress\/plugins\/seo\/ -->\n<title>Gl\u00e4rnisch by plane from Buttwil. 60-minute flight.<\/title>\n<meta name=\"description\" content=\"The Gl\u00e4rnisch by plane from Buttwil for a 60-minute flight in a passenger plane. Flying over the peaks of the Glarus Alps\" \/>\n<meta name=\"robots\" content=\"index, follow, max-snippet:-1, max-image-preview:large, max-video-preview:-1\" \/>\n<link rel=\"canonical\" href=\"https:\/\/www.swissraft.ch\/en\/product\/plane-flight-from-buttwil-le-glarnich-60-min-from-chf-190-00\/\" \/>\n<meta property=\"og:locale\" content=\"en_US\" \/>\n<meta property=\"og:type\" content=\"article\" \/>\n<meta property=\"og:title\" content=\"Gl\u00e4rnisch by plane from Buttwil. 60-minute flight.\" \/>\n<meta property=\"og:description\" content=\"The Gl\u00e4rnisch by plane from Buttwil for a 60-minute flight in a passenger plane. Flying over the peaks of the Glarus Alps\" \/>\n<meta property=\"og:url\" content=\"https:\/\/www.swissraft.ch\/en\/product\/plane-flight-from-buttwil-le-glarnich-60-min-from-chf-190-00\/\" \/>\n<meta property=\"og:site_name\" content=\"Swissraft\" \/>\n<meta property=\"article:modified_time\" content=\"2024-11-20T08:32:03+00:00\" \/>\n<meta property=\"og:image\" content=\"https:\/\/www.swissraft.ch\/wp-content\/uploads\/2023\/01\/4-BUTTWIL-Glarnisch-776x776-1.jpg\" \/>\n\t<meta property=\"og:image:width\" content=\"776\" \/>\n\t<meta property=\"og:image:height\" content=\"776\" \/>\n\t<meta property=\"og:image:type\" content=\"image\/jpeg\" \/>\n<meta name=\"twitter:card\" content=\"summary_large_image\" \/>\n<script type=\"application\/ld+json\" class=\"yoast-schema-graph\">{\"@context\":\"https:\/\/schema.org\",\"@graph\":[{\"@type\":\"WebPage\",\"@id\":\"https:\/\/www.swissraft.ch\/en\/product\/plane-flight-from-buttwil-le-glarnich-60-min-from-chf-190-00\/\",\"url\":\"https:\/\/www.swissraft.ch\/en\/product\/plane-flight-from-buttwil-le-glarnich-60-min-from-chf-190-00\/\",\"name\":\"Gl\u00e4rnisch by plane from Buttwil. 60-minute flight.\",\"isPartOf\":{\"@id\":\"https:\/\/www.swissraft.ch\/en\/#website\"},\"primaryImageOfPage\":{\"@id\":\"https:\/\/www.swissraft.ch\/en\/product\/plane-flight-from-buttwil-le-glarnich-60-min-from-chf-190-00\/#primaryimage\"},\"image\":{\"@id\":\"https:\/\/www.swissraft.ch\/en\/product\/plane-flight-from-buttwil-le-glarnich-60-min-from-chf-190-00\/#primaryimage\"},\"thumbnailUrl\":\"https:\/\/www.swissraft.ch\/wp-content\/uploads\/2023\/01\/4-BUTTWIL-Glarnisch-776x776-1.jpg\",\"datePublished\":\"2023-01-11T12:49:15+00:00\",\"dateModified\":\"2024-11-20T08:32:03+00:00\",\"description\":\"The Gl\u00e4rnisch by plane from Buttwil for a 60-minute flight in a passenger plane. Flying over the peaks of the Glarus Alps\",\"breadcrumb\":{\"@id\":\"https:\/\/www.swissraft.ch\/en\/product\/plane-flight-from-buttwil-le-glarnich-60-min-from-chf-190-00\/#breadcrumb\"},\"inLanguage\":\"en-US\",\"potentialAction\":[{\"@type\":\"ReadAction\",\"target\":[\"https:\/\/www.swissraft.ch\/en\/product\/plane-flight-from-buttwil-le-glarnich-60-min-from-chf-190-00\/\"]}]},{\"@type\":\"ImageObject\",\"inLanguage\":\"en-US\",\"@id\":\"https:\/\/www.swissraft.ch\/en\/product\/plane-flight-from-buttwil-le-glarnich-60-min-from-chf-190-00\/#primaryimage\",\"url\":\"https:\/\/www.swissraft.ch\/wp-content\/uploads\/2023\/01\/4-BUTTWIL-Glarnisch-776x776-1.jpg\",\"contentUrl\":\"https:\/\/www.swissraft.ch\/wp-content\/uploads\/2023\/01\/4-BUTTWIL-Glarnisch-776x776-1.jpg\",\"width\":776,\"height\":776,\"caption\":\"Flight to Gl\u00e4rnisch from Buttwil\"},{\"@type\":\"BreadcrumbList\",\"@id\":\"https:\/\/www.swissraft.ch\/en\/product\/plane-flight-from-buttwil-le-glarnich-60-min-from-chf-190-00\/#breadcrumb\",\"itemListElement\":[{\"@type\":\"ListItem\",\"position\":1,\"name\":\"Accueil\",\"item\":\"https:\/\/www.swissraft.ch\/en\/\"},{\"@type\":\"ListItem\",\"position\":2,\"name\":\"Store\",\"item\":\"https:\/\/www.swissraft.ch\/en\/store\/\"},{\"@type\":\"ListItem\",\"position\":3,\"name\":\"Plane flight from BUTTWIL &#8211; LE GL\u00c4RNICH &#8211; 60 min. &#8211; From CHF 190.00\"}]},{\"@type\":\"WebSite\",\"@id\":\"https:\/\/www.swissraft.ch\/en\/#website\",\"url\":\"https:\/\/www.swissraft.ch\/en\/\",\"name\":\"Swissraft\",\"description\":\"To enjoy nature as it is\",\"publisher\":{\"@id\":\"https:\/\/www.swissraft.ch\/en\/#organization\"},\"potentialAction\":[{\"@type\":\"SearchAction\",\"target\":{\"@type\":\"EntryPoint\",\"urlTemplate\":\"https:\/\/www.swissraft.ch\/en\/?s={search_term_string}\"},\"query-input\":{\"@type\":\"PropertyValueSpecification\",\"valueRequired\":true,\"valueName\":\"search_term_string\"}}],\"inLanguage\":\"en-US\"},{\"@type\":\"Organization\",\"@id\":\"https:\/\/www.swissraft.ch\/en\/#organization\",\"name\":\"Swissraft\",\"url\":\"https:\/\/www.swissraft.ch\/en\/\",\"logo\":{\"@type\":\"ImageObject\",\"inLanguage\":\"en-US\",\"@id\":\"https:\/\/www.swissraft.ch\/en\/#\/schema\/logo\/image\/\",\"url\":\"https:\/\/www.swissraft.ch\/wp-content\/uploads\/2025\/09\/Capture.jpg\",\"contentUrl\":\"https:\/\/www.swissraft.ch\/wp-content\/uploads\/2025\/09\/Capture.jpg\",\"width\":293,\"height\":108,\"caption\":\"Swissraft\"},\"image\":{\"@id\":\"https:\/\/www.swissraft.ch\/en\/#\/schema\/logo\/image\/\"}}]}<\/script>\n<!-- \/ Yoast SEO plugin. -->","yoast_head_json":{"title":"Gl\u00e4rnisch by plane from Buttwil. 60-minute flight.","description":"The Gl\u00e4rnisch by plane from Buttwil for a 60-minute flight in a passenger plane. Flying over the peaks of the Glarus Alps","robots":{"index":"index","follow":"follow","max-snippet":"max-snippet:-1","max-image-preview":"max-image-preview:large","max-video-preview":"max-video-preview:-1"},"canonical":"https:\/\/www.swissraft.ch\/en\/product\/plane-flight-from-buttwil-le-glarnich-60-min-from-chf-190-00\/","og_locale":"en_US","og_type":"article","og_title":"Gl\u00e4rnisch by plane from Buttwil. 60-minute flight.","og_description":"The Gl\u00e4rnisch by plane from Buttwil for a 60-minute flight in a passenger plane. Flying over the peaks of the Glarus Alps","og_url":"https:\/\/www.swissraft.ch\/en\/product\/plane-flight-from-buttwil-le-glarnich-60-min-from-chf-190-00\/","og_site_name":"Swissraft","article_modified_time":"2024-11-20T08:32:03+00:00","og_image":[{"width":776,"height":776,"url":"https:\/\/www.swissraft.ch\/wp-content\/uploads\/2023\/01\/4-BUTTWIL-Glarnisch-776x776-1.jpg","type":"image\/jpeg"}],"twitter_card":"summary_large_image","schema":{"@context":"https:\/\/schema.org","@graph":[{"@type":"WebPage","@id":"https:\/\/www.swissraft.ch\/en\/product\/plane-flight-from-buttwil-le-glarnich-60-min-from-chf-190-00\/","url":"https:\/\/www.swissraft.ch\/en\/product\/plane-flight-from-buttwil-le-glarnich-60-min-from-chf-190-00\/","name":"Gl\u00e4rnisch by plane from Buttwil. 60-minute flight.","isPartOf":{"@id":"https:\/\/www.swissraft.ch\/en\/#website"},"primaryImageOfPage":{"@id":"https:\/\/www.swissraft.ch\/en\/product\/plane-flight-from-buttwil-le-glarnich-60-min-from-chf-190-00\/#primaryimage"},"image":{"@id":"https:\/\/www.swissraft.ch\/en\/product\/plane-flight-from-buttwil-le-glarnich-60-min-from-chf-190-00\/#primaryimage"},"thumbnailUrl":"https:\/\/www.swissraft.ch\/wp-content\/uploads\/2023\/01\/4-BUTTWIL-Glarnisch-776x776-1.jpg","datePublished":"2023-01-11T12:49:15+00:00","dateModified":"2024-11-20T08:32:03+00:00","description":"The Gl\u00e4rnisch by plane from Buttwil for a 60-minute flight in a passenger plane. Flying over the peaks of the Glarus Alps","breadcrumb":{"@id":"https:\/\/www.swissraft.ch\/en\/product\/plane-flight-from-buttwil-le-glarnich-60-min-from-chf-190-00\/#breadcrumb"},"inLanguage":"en-US","potentialAction":[{"@type":"ReadAction","target":["https:\/\/www.swissraft.ch\/en\/product\/plane-flight-from-buttwil-le-glarnich-60-min-from-chf-190-00\/"]}]},{"@type":"ImageObject","inLanguage":"en-US","@id":"https:\/\/www.swissraft.ch\/en\/product\/plane-flight-from-buttwil-le-glarnich-60-min-from-chf-190-00\/#primaryimage","url":"https:\/\/www.swissraft.ch\/wp-content\/uploads\/2023\/01\/4-BUTTWIL-Glarnisch-776x776-1.jpg","contentUrl":"https:\/\/www.swissraft.ch\/wp-content\/uploads\/2023\/01\/4-BUTTWIL-Glarnisch-776x776-1.jpg","width":776,"height":776,"caption":"Flight to Gl\u00e4rnisch from Buttwil"},{"@type":"BreadcrumbList","@id":"https:\/\/www.swissraft.ch\/en\/product\/plane-flight-from-buttwil-le-glarnich-60-min-from-chf-190-00\/#breadcrumb","itemListElement":[{"@type":"ListItem","position":1,"name":"Accueil","item":"https:\/\/www.swissraft.ch\/en\/"},{"@type":"ListItem","position":2,"name":"Store","item":"https:\/\/www.swissraft.ch\/en\/store\/"},{"@type":"ListItem","position":3,"name":"Plane flight from BUTTWIL &#8211; LE GL\u00c4RNICH &#8211; 60 min. &#8211; From CHF 190.00"}]},{"@type":"WebSite","@id":"https:\/\/www.swissraft.ch\/en\/#website","url":"https:\/\/www.swissraft.ch\/en\/","name":"Swissraft","description":"To enjoy nature as it is","publisher":{"@id":"https:\/\/www.swissraft.ch\/en\/#organization"},"potentialAction":[{"@type":"SearchAction","target":{"@type":"EntryPoint","urlTemplate":"https:\/\/www.swissraft.ch\/en\/?s={search_term_string}"},"query-input":{"@type":"PropertyValueSpecification","valueRequired":true,"valueName":"search_term_string"}}],"inLanguage":"en-US"},{"@type":"Organization","@id":"https:\/\/www.swissraft.ch\/en\/#organization","name":"Swissraft","url":"https:\/\/www.swissraft.ch\/en\/","logo":{"@type":"ImageObject","inLanguage":"en-US","@id":"https:\/\/www.swissraft.ch\/en\/#\/schema\/logo\/image\/","url":"https:\/\/www.swissraft.ch\/wp-content\/uploads\/2025\/09\/Capture.jpg","contentUrl":"https:\/\/www.swissraft.ch\/wp-content\/uploads\/2025\/09\/Capture.jpg","width":293,"height":108,"caption":"Swissraft"},"image":{"@id":"https:\/\/www.swissraft.ch\/en\/#\/schema\/logo\/image\/"}}]}},"_links":{"self":[{"href":"https:\/\/www.swissraft.ch\/en\/wp-json\/wp\/v2\/product\/93083","targetHints":{"allow":["GET"]}}],"collection":[{"href":"https:\/\/www.swissraft.ch\/en\/wp-json\/wp\/v2\/product"}],"about":[{"href":"https:\/\/www.swissraft.ch\/en\/wp-json\/wp\/v2\/types\/product"}],"replies":[{"embeddable":true,"href":"https:\/\/www.swissraft.ch\/en\/wp-json\/wp\/v2\/comments?post=93083"}],"version-history":[{"count":0,"href":"https:\/\/www.swissraft.ch\/en\/wp-json\/wp\/v2\/product\/93083\/revisions"}],"wp:featuredmedia":[{"embeddable":true,"href":"https:\/\/www.swissraft.ch\/en\/wp-json\/wp\/v2\/media\/88257"}],"wp:attachment":[{"href":"https:\/\/www.swissraft.ch\/en\/wp-json\/wp\/v2\/media?parent=93083"}],"wp:term":[{"taxonomy":"product_cat","embeddable":true,"href":"https:\/\/www.swissraft.ch\/en\/wp-json\/wp\/v2\/product_cat?post=93083"},{"taxonomy":"product_tag","embeddable":true,"href":"https:\/\/www.swissraft.ch\/en\/wp-json\/wp\/v2\/product_tag?post=93083"}],"curies":[{"name":"wp","href":"https:\/\/api.w.org\/{rel}","templated":true}]}}