{"id":93075,"date":"2023-01-11T09:56:24","date_gmt":"2023-01-11T08:56:24","guid":{"rendered":"https:\/\/swissraft.xyanzkdne.eu\/product\/plane-flight-from-buttwil-les-mythen-30-min-from-chf-120-00\/"},"modified":"2024-11-20T09:31:50","modified_gmt":"2024-11-20T08:31:50","slug":"plane-flight-from-buttwil-les-mythen-30-min-from-chf-120-00","status":"publish","type":"product","link":"https:\/\/www.swissraft.ch\/en\/product\/plane-flight-from-buttwil-les-mythen-30-min-from-chf-120-00\/","title":{"rendered":"Plane flight from BUTTWIL &#8211; LES MYTHEN &#8211; 30 min. &#8211; From CHF 120.00"},"content":{"rendered":"\t\t<div data-elementor-type=\"wp-post\" data-elementor-id=\"93075\" class=\"elementor elementor-93075 elementor-30268\">\n\t\t\t\t\t\t\t\t\t<section class=\"elementor-section elementor-top-section elementor-element elementor-element-3303a7e3 elementor-section-boxed elementor-section-height-default elementor-section-height-default\" data-id=\"3303a7e3\" data-element_type=\"section\">\n\t\t\t\t\t\t<div class=\"elementor-container elementor-column-gap-default\">\n\t\t\t\t\t<div class=\"elementor-column elementor-col-100 elementor-top-column elementor-element elementor-element-16d72dbf\" data-id=\"16d72dbf\" data-element_type=\"column\">\n\t\t\t<div class=\"elementor-widget-wrap elementor-element-populated\">\n\t\t\t\t\t\t\t\t<div class=\"elementor-element elementor-element-d743c03 elementor-widget elementor-widget-text-editor\" data-id=\"d743c03\" data-element_type=\"widget\" data-widget_type=\"text-editor.default\">\n\t\t\t\t<div class=\"elementor-widget-container\">\n\t\t\t\t\t\t\t<h2>CHOOSE YOUR ACTIVITY BELOW TO OFFER GIFT VOUCHERS \/ TICKETS OR MAKE A RESERVATION<\/h2>\n<table border=\"0\" width=\"580\" cellspacing=\"10\" cellpadding=\"10\">\n<tbody>\n<tr>\n<td width=\"50%\"><strong>LES MYTHEN &#8211; (1-3 pers.) &#8211; 30 min.<\/strong><\/td>\n<td><strong>From CHF 120.00 per person<span class=\"productPrice\"><br \/><\/span><\/strong><\/td>\n<\/tr>\n<tr>\n<td>Additional information<\/td>\n<td><span class=\"patt\">&#8211; You will be with other passengers<br \/><\/span><span class=\"patt\">&#8211; Children aged 5 to 12<br \/><\/span><span class=\"patt\">&#8211; Maximum 3 persons<\/span><\/td>\n<\/tr>\n<tr>\n<td>Airfield<\/td>\n<td><a href=\"https:\/\/www.google.com\/maps\/place\/47%C2%B015'51.5%22N+8%C2%B018'05.7%22E\/@47.2643994,8.29713,766m\/data=!3m1!1e3!4m4!3m3!8m2!3d47.2643056!4d8.3015833?entry=ttu\" target=\"_blank\" rel=\"noopener\">Buttwil<\/a><\/td>\n<\/tr>\n<tr>\n<td>Flying time<\/td>\n<td>30 min.<\/td>\n<\/tr>\n<tr>\n<td>Total duration<\/td>\n<td>approx. 1h<\/td>\n<\/tr>\n<tr>\n<td>Rendez-vous<\/td>\n<td>Par t\u00e9l\u00e9phone<\/td>\n<\/tr>\n<tr>\n<td><button class=\"elementor-button\" type=\"button\"><a href=\"https:\/\/swissraft.outdoorbooking.ch\/fo\/products\/205?base_id=25&amp;category_id=22&amp;order_type=gift_voucher&amp;lang=en\" target=\"_blank\" rel=\"noopener\">GIFT VOUCHER<\/a><\/button><\/td>\n<td><strong>CHF 120.00 &#8211; 30 min. (1 pers.) <\/strong><\/td>\n<\/tr>\n<tr>\n<td><button class=\"elementor-button\" type=\"button\"><a href=\"https:\/\/swissraft.outdoorbooking.ch\/fo\/products\/406?base_id=106&amp;category_id=22&amp;order_type=gift_voucher&amp;lang=en\" target=\"_blank\" rel=\"noopener\">GIFT VOUCHER<\/a><\/button><\/td>\n<td><strong>CHF 240.00 &#8211; 30 min. (2 pers.) <\/strong><\/td>\n<\/tr>\n<tr>\n<td><button class=\"elementor-button\" type=\"button\"><a href=\"https:\/\/swissraft.outdoorbooking.ch\/fo\/products\/400?base_id=101&amp;category_id=22&amp;order_type=gift_voucher&amp;lang=en\" target=\"_blank\" rel=\"noopener\">GIFT VOUCHER<\/a><\/button><\/td>\n<td><strong>CHF 300.00 &#8211; PRIVATE FLIGHT &#8211; 30 min. (2 adults + 1 child) <\/strong><\/td>\n<\/tr>\n<tr>\n<td><button class=\"elementor-button\" type=\"button\"><a href=\"https:\/\/swissraft.outdoorbooking.ch\/fo\/products\/413?base_id=107&amp;category_id=22&amp;order_type=gift_voucher&amp;lang=en\" target=\"_blank\" rel=\"noopener\">GIFT VOUCHER<\/a><\/button><\/td>\n<td><strong>CHF 360.00 &#8211; PRIVATE FLIGHT &#8211; 30 min. (3 pers.) <\/strong><\/td>\n<\/tr>\n<tr>\n<td> <\/td>\n<td>Pour r\u00e9server <span class=\"patt\" style=\"font-family: inherit; font-size: inherit;\"><span class=\"plbl\"><span class=\"patt\"><a href=\"https:\/\/www.swissraft.ch\/en\/contact\/\">contactez-nous<\/a><\/span><\/span><\/span><\/td>\n<\/tr>\n<\/tbody>\n<\/table>\n\t\t\t\t\t\t<\/div>\n\t\t\t\t<\/div>\n\t\t\t\t\t<\/div>\n\t\t<\/div>\n\t\t\t\t\t\t\t<\/div>\n\t\t<\/section>\n\t\t\t\t\t\t\t<\/div>\n\t\t","protected":false},"excerpt":{"rendered":"<div align=\"justify\">\n<h2 align=\"justify\">A 30-minute flight from Buttwil. You&#8217;re heading for the Mythen massif <\/h2>\n<h3>Take a scenic flight over Central Switzerland and its symbols. You&#8217;ll also have a fine view of Lakes Lauerz and Lucerne. <\/h3>\n<\/div>\n<div align=\"justify\">\n<p>Fly from Buttwil to the Mythen. First you fly over the Pre-Alps via the Rossberg, a mountain located in the cantons of Schwyz and Zug. Then you arrive at Mythen, which lies in the heart of Switzerland, between the towns of Schwyz and Einsiedeln. Together with the Petit Mythen and Haggenspitz, it forms the Mythen massif. The Grand Mythen peaks at 1898 m and the Petit Mythen at 1811 m. The Mythen massif is the absolute symbol of Canton Schwyz. Then continue your flight over the Rigi before returning to land at Buttwil airfield.<\/p>\n<h3>Don&#8217;t hesitate to call us if you have any questions about our sightseeing tours by air from different parts of Switzerland.<\/h3>\n<p id=\"textarea\" style=\"display: none;\">\nIn addition to Buttwil, we also offer tours by airplane from Berne-Belp international airport. We also take off from Biel in the 3 lakes region for some splendid pleasure flights. On the one hand, we offer sightseeing flights from Grenchen in the canton of Solothurn. We also operate pleasure flights from the \u00c9pagny en Gruy\u00e8re aerodrome. As well as in the canton of St. Gallen. Gall, where we take off from Sch\u00e4nis for flights in passenger aircraft.\n<\/p>\n<p><a id=\"seeMore\" onclick=\"toggleSeeMore()\" href=\"javascript:void(0);\">Read more<\/a><\/p>\n","protected":false},"featured_media":88239,"comment_status":"open","ping_status":"closed","template":"","meta":{"inline_featured_image":false,"_mi_skip_tracking":false},"product_cat":[559,426],"product_tag":[],"class_list":["post-93075","product","type-product","status-publish","has-post-thumbnail","hentry","product_cat-plane-buttwil","product_cat-flying-plane"],"yoast_head":"<!-- This site is optimized with the Yoast SEO plugin v23.6 - https:\/\/yoast.com\/wordpress\/plugins\/seo\/ -->\n<title>Mythen departing from Butwil. 30-minute flight<\/title>\n<meta name=\"description\" content=\"The Mythen from Butwil. The 30-minute flight takes you over the Mythen, the symbol of Central Switzerland.\" \/>\n<meta name=\"robots\" content=\"index, follow, max-snippet:-1, max-image-preview:large, max-video-preview:-1\" \/>\n<link rel=\"canonical\" href=\"https:\/\/www.swissraft.ch\/en\/product\/plane-flight-from-buttwil-les-mythen-30-min-from-chf-120-00\/\" \/>\n<meta property=\"og:locale\" content=\"en_US\" \/>\n<meta property=\"og:type\" content=\"article\" \/>\n<meta property=\"og:title\" content=\"Mythen departing from Butwil. 30-minute flight\" \/>\n<meta property=\"og:description\" content=\"The Mythen from Butwil. The 30-minute flight takes you over the Mythen, the symbol of Central Switzerland.\" \/>\n<meta property=\"og:url\" content=\"https:\/\/www.swissraft.ch\/en\/product\/plane-flight-from-buttwil-les-mythen-30-min-from-chf-120-00\/\" \/>\n<meta property=\"og:site_name\" content=\"Swissraft\" \/>\n<meta property=\"article:modified_time\" content=\"2024-11-20T08:31:50+00:00\" \/>\n<meta property=\"og:image\" content=\"https:\/\/www.swissraft.ch\/wp-content\/uploads\/2023\/01\/3-BUTTWIL-Mythen-776x776-1.jpg\" \/>\n\t<meta property=\"og:image:width\" content=\"776\" \/>\n\t<meta property=\"og:image:height\" content=\"776\" \/>\n\t<meta property=\"og:image:type\" content=\"image\/jpeg\" \/>\n<meta name=\"twitter:card\" content=\"summary_large_image\" \/>\n<script type=\"application\/ld+json\" class=\"yoast-schema-graph\">{\"@context\":\"https:\/\/schema.org\",\"@graph\":[{\"@type\":\"WebPage\",\"@id\":\"https:\/\/www.swissraft.ch\/en\/product\/plane-flight-from-buttwil-les-mythen-30-min-from-chf-120-00\/\",\"url\":\"https:\/\/www.swissraft.ch\/en\/product\/plane-flight-from-buttwil-les-mythen-30-min-from-chf-120-00\/\",\"name\":\"Mythen departing from Butwil. 30-minute flight\",\"isPartOf\":{\"@id\":\"https:\/\/www.swissraft.ch\/en\/#website\"},\"primaryImageOfPage\":{\"@id\":\"https:\/\/www.swissraft.ch\/en\/product\/plane-flight-from-buttwil-les-mythen-30-min-from-chf-120-00\/#primaryimage\"},\"image\":{\"@id\":\"https:\/\/www.swissraft.ch\/en\/product\/plane-flight-from-buttwil-les-mythen-30-min-from-chf-120-00\/#primaryimage\"},\"thumbnailUrl\":\"https:\/\/www.swissraft.ch\/wp-content\/uploads\/2023\/01\/3-BUTTWIL-Mythen-776x776-1.jpg\",\"datePublished\":\"2023-01-11T08:56:24+00:00\",\"dateModified\":\"2024-11-20T08:31:50+00:00\",\"description\":\"The Mythen from Butwil. The 30-minute flight takes you over the Mythen, the symbol of Central Switzerland.\",\"breadcrumb\":{\"@id\":\"https:\/\/www.swissraft.ch\/en\/product\/plane-flight-from-buttwil-les-mythen-30-min-from-chf-120-00\/#breadcrumb\"},\"inLanguage\":\"en-US\",\"potentialAction\":[{\"@type\":\"ReadAction\",\"target\":[\"https:\/\/www.swissraft.ch\/en\/product\/plane-flight-from-buttwil-les-mythen-30-min-from-chf-120-00\/\"]}]},{\"@type\":\"ImageObject\",\"inLanguage\":\"en-US\",\"@id\":\"https:\/\/www.swissraft.ch\/en\/product\/plane-flight-from-buttwil-les-mythen-30-min-from-chf-120-00\/#primaryimage\",\"url\":\"https:\/\/www.swissraft.ch\/wp-content\/uploads\/2023\/01\/3-BUTTWIL-Mythen-776x776-1.jpg\",\"contentUrl\":\"https:\/\/www.swissraft.ch\/wp-content\/uploads\/2023\/01\/3-BUTTWIL-Mythen-776x776-1.jpg\",\"width\":776,\"height\":776,\"caption\":\"Fly to the mythen from Buttwil\"},{\"@type\":\"BreadcrumbList\",\"@id\":\"https:\/\/www.swissraft.ch\/en\/product\/plane-flight-from-buttwil-les-mythen-30-min-from-chf-120-00\/#breadcrumb\",\"itemListElement\":[{\"@type\":\"ListItem\",\"position\":1,\"name\":\"Accueil\",\"item\":\"https:\/\/www.swissraft.ch\/en\/\"},{\"@type\":\"ListItem\",\"position\":2,\"name\":\"Store\",\"item\":\"https:\/\/www.swissraft.ch\/en\/store\/\"},{\"@type\":\"ListItem\",\"position\":3,\"name\":\"Plane flight from BUTTWIL &#8211; LES MYTHEN &#8211; 30 min. &#8211; From CHF 120.00\"}]},{\"@type\":\"WebSite\",\"@id\":\"https:\/\/www.swissraft.ch\/en\/#website\",\"url\":\"https:\/\/www.swissraft.ch\/en\/\",\"name\":\"Swissraft\",\"description\":\"To enjoy nature as it is\",\"publisher\":{\"@id\":\"https:\/\/www.swissraft.ch\/en\/#organization\"},\"potentialAction\":[{\"@type\":\"SearchAction\",\"target\":{\"@type\":\"EntryPoint\",\"urlTemplate\":\"https:\/\/www.swissraft.ch\/en\/?s={search_term_string}\"},\"query-input\":{\"@type\":\"PropertyValueSpecification\",\"valueRequired\":true,\"valueName\":\"search_term_string\"}}],\"inLanguage\":\"en-US\"},{\"@type\":\"Organization\",\"@id\":\"https:\/\/www.swissraft.ch\/en\/#organization\",\"name\":\"Swissraft\",\"url\":\"https:\/\/www.swissraft.ch\/en\/\",\"logo\":{\"@type\":\"ImageObject\",\"inLanguage\":\"en-US\",\"@id\":\"https:\/\/www.swissraft.ch\/en\/#\/schema\/logo\/image\/\",\"url\":\"https:\/\/www.swissraft.ch\/wp-content\/uploads\/2025\/09\/Capture.jpg\",\"contentUrl\":\"https:\/\/www.swissraft.ch\/wp-content\/uploads\/2025\/09\/Capture.jpg\",\"width\":293,\"height\":108,\"caption\":\"Swissraft\"},\"image\":{\"@id\":\"https:\/\/www.swissraft.ch\/en\/#\/schema\/logo\/image\/\"}}]}<\/script>\n<!-- \/ Yoast SEO plugin. -->","yoast_head_json":{"title":"Mythen departing from Butwil. 30-minute flight","description":"The Mythen from Butwil. The 30-minute flight takes you over the Mythen, the symbol of Central Switzerland.","robots":{"index":"index","follow":"follow","max-snippet":"max-snippet:-1","max-image-preview":"max-image-preview:large","max-video-preview":"max-video-preview:-1"},"canonical":"https:\/\/www.swissraft.ch\/en\/product\/plane-flight-from-buttwil-les-mythen-30-min-from-chf-120-00\/","og_locale":"en_US","og_type":"article","og_title":"Mythen departing from Butwil. 30-minute flight","og_description":"The Mythen from Butwil. The 30-minute flight takes you over the Mythen, the symbol of Central Switzerland.","og_url":"https:\/\/www.swissraft.ch\/en\/product\/plane-flight-from-buttwil-les-mythen-30-min-from-chf-120-00\/","og_site_name":"Swissraft","article_modified_time":"2024-11-20T08:31:50+00:00","og_image":[{"width":776,"height":776,"url":"https:\/\/www.swissraft.ch\/wp-content\/uploads\/2023\/01\/3-BUTTWIL-Mythen-776x776-1.jpg","type":"image\/jpeg"}],"twitter_card":"summary_large_image","schema":{"@context":"https:\/\/schema.org","@graph":[{"@type":"WebPage","@id":"https:\/\/www.swissraft.ch\/en\/product\/plane-flight-from-buttwil-les-mythen-30-min-from-chf-120-00\/","url":"https:\/\/www.swissraft.ch\/en\/product\/plane-flight-from-buttwil-les-mythen-30-min-from-chf-120-00\/","name":"Mythen departing from Butwil. 30-minute flight","isPartOf":{"@id":"https:\/\/www.swissraft.ch\/en\/#website"},"primaryImageOfPage":{"@id":"https:\/\/www.swissraft.ch\/en\/product\/plane-flight-from-buttwil-les-mythen-30-min-from-chf-120-00\/#primaryimage"},"image":{"@id":"https:\/\/www.swissraft.ch\/en\/product\/plane-flight-from-buttwil-les-mythen-30-min-from-chf-120-00\/#primaryimage"},"thumbnailUrl":"https:\/\/www.swissraft.ch\/wp-content\/uploads\/2023\/01\/3-BUTTWIL-Mythen-776x776-1.jpg","datePublished":"2023-01-11T08:56:24+00:00","dateModified":"2024-11-20T08:31:50+00:00","description":"The Mythen from Butwil. The 30-minute flight takes you over the Mythen, the symbol of Central Switzerland.","breadcrumb":{"@id":"https:\/\/www.swissraft.ch\/en\/product\/plane-flight-from-buttwil-les-mythen-30-min-from-chf-120-00\/#breadcrumb"},"inLanguage":"en-US","potentialAction":[{"@type":"ReadAction","target":["https:\/\/www.swissraft.ch\/en\/product\/plane-flight-from-buttwil-les-mythen-30-min-from-chf-120-00\/"]}]},{"@type":"ImageObject","inLanguage":"en-US","@id":"https:\/\/www.swissraft.ch\/en\/product\/plane-flight-from-buttwil-les-mythen-30-min-from-chf-120-00\/#primaryimage","url":"https:\/\/www.swissraft.ch\/wp-content\/uploads\/2023\/01\/3-BUTTWIL-Mythen-776x776-1.jpg","contentUrl":"https:\/\/www.swissraft.ch\/wp-content\/uploads\/2023\/01\/3-BUTTWIL-Mythen-776x776-1.jpg","width":776,"height":776,"caption":"Fly to the mythen from Buttwil"},{"@type":"BreadcrumbList","@id":"https:\/\/www.swissraft.ch\/en\/product\/plane-flight-from-buttwil-les-mythen-30-min-from-chf-120-00\/#breadcrumb","itemListElement":[{"@type":"ListItem","position":1,"name":"Accueil","item":"https:\/\/www.swissraft.ch\/en\/"},{"@type":"ListItem","position":2,"name":"Store","item":"https:\/\/www.swissraft.ch\/en\/store\/"},{"@type":"ListItem","position":3,"name":"Plane flight from BUTTWIL &#8211; LES MYTHEN &#8211; 30 min. &#8211; From CHF 120.00"}]},{"@type":"WebSite","@id":"https:\/\/www.swissraft.ch\/en\/#website","url":"https:\/\/www.swissraft.ch\/en\/","name":"Swissraft","description":"To enjoy nature as it is","publisher":{"@id":"https:\/\/www.swissraft.ch\/en\/#organization"},"potentialAction":[{"@type":"SearchAction","target":{"@type":"EntryPoint","urlTemplate":"https:\/\/www.swissraft.ch\/en\/?s={search_term_string}"},"query-input":{"@type":"PropertyValueSpecification","valueRequired":true,"valueName":"search_term_string"}}],"inLanguage":"en-US"},{"@type":"Organization","@id":"https:\/\/www.swissraft.ch\/en\/#organization","name":"Swissraft","url":"https:\/\/www.swissraft.ch\/en\/","logo":{"@type":"ImageObject","inLanguage":"en-US","@id":"https:\/\/www.swissraft.ch\/en\/#\/schema\/logo\/image\/","url":"https:\/\/www.swissraft.ch\/wp-content\/uploads\/2025\/09\/Capture.jpg","contentUrl":"https:\/\/www.swissraft.ch\/wp-content\/uploads\/2025\/09\/Capture.jpg","width":293,"height":108,"caption":"Swissraft"},"image":{"@id":"https:\/\/www.swissraft.ch\/en\/#\/schema\/logo\/image\/"}}]}},"_links":{"self":[{"href":"https:\/\/www.swissraft.ch\/en\/wp-json\/wp\/v2\/product\/93075","targetHints":{"allow":["GET"]}}],"collection":[{"href":"https:\/\/www.swissraft.ch\/en\/wp-json\/wp\/v2\/product"}],"about":[{"href":"https:\/\/www.swissraft.ch\/en\/wp-json\/wp\/v2\/types\/product"}],"replies":[{"embeddable":true,"href":"https:\/\/www.swissraft.ch\/en\/wp-json\/wp\/v2\/comments?post=93075"}],"version-history":[{"count":0,"href":"https:\/\/www.swissraft.ch\/en\/wp-json\/wp\/v2\/product\/93075\/revisions"}],"wp:featuredmedia":[{"embeddable":true,"href":"https:\/\/www.swissraft.ch\/en\/wp-json\/wp\/v2\/media\/88239"}],"wp:attachment":[{"href":"https:\/\/www.swissraft.ch\/en\/wp-json\/wp\/v2\/media?parent=93075"}],"wp:term":[{"taxonomy":"product_cat","embeddable":true,"href":"https:\/\/www.swissraft.ch\/en\/wp-json\/wp\/v2\/product_cat?post=93075"},{"taxonomy":"product_tag","embeddable":true,"href":"https:\/\/www.swissraft.ch\/en\/wp-json\/wp\/v2\/product_tag?post=93075"}],"curies":[{"name":"wp","href":"https:\/\/api.w.org\/{rel}","templated":true}]}}